{"id":21723,"date":"2025-05-20T18:21:32","date_gmt":"2025-05-20T18:21:32","guid":{"rendered":"https:\/\/electricstore.eu\/p\/uncategorized\/oukitel-pv400-400w-foldable-portable-solar-panel-with-kickstand-23-energy-conversion-rate-ip65-waterproof\/"},"modified":"2025-05-20T18:21:33","modified_gmt":"2025-05-20T18:21:33","slug":"oukitel-pv400-400w-foldable-portable-solar-panel-with-kickstand-23-energy-conversion-rate-ip65-waterproof","status":"publish","type":"product","link":"https:\/\/www.electricstore.eu\/pl\/p\/batteries\/foldable-solar-panels\/oukitel-pv400-400w-foldable-portable-solar-panel-with-kickstand-23-energy-conversion-rate-ip65-waterproof\/","title":{"rendered":"OUKITEL PV400 400W sk\u0142adany przeno\u015bny panel s\u0142oneczny z podstawk\u0105, wsp\u00f3\u0142czynnik konwersji energii 23%, wodoodporno\u015b\u0107 IP65"},"content":{"rendered":"<div class=\"product-specs-list-container\">\n<ul class=\"product-specs-list util-clearfix\">\n<li class=\"product-prop line-limit-length\"><span\n                                        class=\"property-title\">Marka:&nbsp;<\/span><span\n                                        class=\"property-desc line-limit-length\">OUKITEL<\/span>\n                            <\/li>\n<li class=\"product-prop line-limit-length\"><span\n                                        class=\"property-title\">Model:&nbsp;<\/span><span\n                                        class=\"property-desc line-limit-length\">PV400<\/span>\n                            <\/li>\n<li class=\"product-prop line-limit-length\"><span\n                                        class=\"property-title\">Typ:&nbsp;<\/span><span\n                                        class=\"property-desc line-limit-length\">Panel s\u0142oneczny<\/span>\n                            <\/li>\n<li class=\"product-prop line-limit-length\"><span\n                                        class=\"property-title\">Moc znamionowa:&nbsp;<\/span><span\n                                        class=\"property-desc line-limit-length\">400 W<\/span>\n                            <\/li>\n<li class=\"product-prop line-limit-length\"><span\n                                        class=\"property-title\">Efektywno\u015b\u0107:&nbsp;<\/span><span\n                                        class=\"property-desc line-limit-length\">23%<\/span>\n                            <\/li>\n<li class=\"product-prop line-limit-length\"><span\n                                        class=\"property-title\">Typ kom\u00f3rki:&nbsp;<\/span><span\n                                        class=\"property-desc line-limit-length\">Krzem monokrystaliczny<\/span>\n                            <\/li>\n<li class=\"product-prop line-limit-length\"><span\n                                        class=\"property-title\">Napi\u0119cie w obwodzie otwartym:&nbsp;<\/span><span\n                                        class=\"property-desc line-limit-length\">48V<\/span>\n                            <\/li>\n<li class=\"product-prop line-limit-length\"><span\n                                        class=\"property-title\">Pr\u0105d zwarciowy:&nbsp;<\/span><span\n                                        class=\"property-desc line-limit-length\">12A<\/span>\n                            <\/li>\n<\/ul><\/div>\n<p style=\"font-family:&quot;Microsoft YaHei&quot;;font-size:medium;font-weight:400;letter-spacing:normal;text-align:start;white-space:normal;color:rgb(0, 0, 0)\" align=\"start\"><span style=\"font-size:x-large\">Przegl\u0105d najwa\u017cniejszych wydarze\u0144<\/span><\/p>\n<p><\/p>\n<p style=\"font-family:&quot;Microsoft YaHei&quot;;font-size:medium;font-weight:400;letter-spacing:normal;text-align:start;white-space:normal;color:rgb(0, 0, 0)\" align=\"start\"><strong>23% Wysoka wydajno\u015b\u0107 konwersji<\/strong><br \/>Zbudowany z wysoce wydajnych monokrystalicznych ogniw s\u0142onecznych, OUKITEL PV400 mo\u017ce osi\u0105gn\u0105\u0107 sprawno\u015b\u0107 do 23%, co oznacza, \u017ce mo\u017ce przekszta\u0142ci\u0107 wi\u0119cej energii s\u0142onecznej w energi\u0119 u\u017cyteczn\u0105.<\/p>\n<p><\/p>\n<p style=\"font-family:&quot;Microsoft YaHei&quot;;font-size:medium;font-weight:400;letter-spacing:normal;text-align:start;white-space:normal;color:rgb(0, 0, 0)\" align=\"start\"><strong>Trwa\u0142e i odporne na zachlapanie<\/strong><br \/>Posiada trwa\u0142\u0105 pow\u0142ok\u0119 ETFE, kt\u00f3ra mo\u017ce wyd\u0142u\u017cy\u0107 \u017cywotno\u015b\u0107 panelu s\u0142onecznego. Wodoodporna konstrukcja IP65 ochroni go przed zachlapaniem wod\u0105 (nie umieszczaj go w deszczu).<\/p>\n<p><\/p>\n<p style=\"font-family:&quot;Microsoft YaHei&quot;;font-size:medium;font-weight:400;letter-spacing:normal;text-align:start;white-space:normal;color:rgb(0, 0, 0)\" align=\"start\"><strong>\u0141atwy do przenoszenia i ze stopk\u0105 w zestawie<\/strong><br \/>Panel s\u0142oneczny OUKITEL PV400 jest sk\u0142adany, wi\u0119c mo\u017cesz zabra\u0107 go wsz\u0119dzie. Podp\u00f3rka opiera si\u0119 pod k\u0105tem, kt\u00f3ry sprawia, \u017ce panel s\u0142oneczny \u0142atwo wch\u0142ania energi\u0119 ze \u015bwiat\u0142a s\u0142onecznego.<\/p>\n<p><\/p>\n<p style=\"font-family:&quot;Microsoft YaHei&quot;;font-size:medium;font-weight:400;letter-spacing:normal;text-align:start;white-space:normal;color:rgb(0, 0, 0)\" align=\"start\"><strong>Szeroka kompatybilno\u015b\u0107<\/strong><br \/>Dzi\u0119ki z\u0142\u0105czu MC4 ten panel s\u0142oneczny jest kompatybilny z wieloma elektrowniami i innymi generatorami dost\u0119pnymi na rynku, co czyni go idealnym rozwi\u0105zaniem podczas biwakowania poza sieci\u0105 i w przypadku nieoczekiwanych przerw w dostawie pr\u0105du.<\/p>\n<p><\/p>\n<h2 style=\"font-family:&quot;Microsoft YaHei&quot;;font-size:14px;letter-spacing:normal;text-align:start;white-space:normal;color:rgb(0, 0, 0);margin:10px 0px;margin-bottom:10px;margin-top:10px;margin-left:0px;margin-right:0px;padding:0px;padding-bottom:0px;padding-top:0px;padding-left:0px;padding-right:0px\" align=\"start\"><span style=\"font-size:28px\"><strong>Specyfikacja<\/strong><\/span><\/h2>\n<p><\/p>\n<table style=\"border-collapse:collapse;font-family:&quot;Microsoft YaHei&quot;;width:1000px\" class=\"jbEidtTable\" border=\"1\" cellpadding=\"5\" cellspacing=\"0\">\n<tbody>\n<tr>\n<td style=\"text-align:left\" align=\"left\">\n<p><strong>Og\u00f3lny<\/strong><\/p>\n<\/td>\n<td style=\"text-align:left\" align=\"left\">\n<p>Marka: OUKITEL<br \/>Typ: Panel s\u0142oneczny<br \/>Model: PV400<br \/>Kolor: czarny<\/p>\n<\/td>\n<\/tr>\n<tr>\n<td style=\"text-align:left\" align=\"left\">\n<p><strong>Specyfikacja<\/strong><\/p>\n<\/td>\n<td style=\"text-align:left\" align=\"left\">\n<p>Moc znamionowa: 400 W<br \/>Typ ogniwa: monokrystaliczny krzem<br \/>Wydajno\u015b\u0107: 23%<br \/>Napi\u0119cie w obwodzie otwartym: 48 V<br \/>Pr\u0105d zwarciowy: 12A<\/p>\n<\/td>\n<\/tr>\n<tr>\n<td style=\"text-align:left\" align=\"left\">\n<p><strong>Waga i rozmiar<\/strong><\/p>\n<\/td>\n<td style=\"text-align:left\" align=\"left\">\n<p>Waga produktu: 15 kg<br \/>Waga paczki: 15,5 kg<br \/>Rozmiar po roz\u0142o\u017ceniu: 1048*2333*25mm<br \/>Rozmiar opakowania (d\u0142. x szer. x wys.): 1100*88*700 mm<\/p>\n<\/td>\n<\/tr>\n<tr>\n<td style=\"text-align:left\" align=\"left\">\n<p><strong>Zawarto\u015b\u0107 opakowania<\/strong><\/p>\n<\/td>\n<td style=\"text-align:left\" align=\"left\">\n<p>1 x Panel s\u0142oneczny<br \/>1 x kabel do \u0142adowania s\u0142onecznego MC4<br \/>1 x Instrukcja obs\u0142ugi<\/p>\n<\/td>\n<\/tr>\n<\/tbody>\n<\/table>\n<h2 style=\"font-family:&quot;Microsoft YaHei&quot;;font-size:14px;letter-spacing:normal;text-align:start;white-space:normal;color:rgb(0, 0, 0);margin:10px 0px;margin-bottom:10px;margin-top:10px;margin-left:0px;margin-right:0px;padding:0px;padding-bottom:0px;padding-top:0px;padding-left:0px;padding-right:0px\" align=\"start\"><img decoding=\"async\" src=\"https:\/\/ae01.alicdn.com\/kf\/S00927ec687f04ba3a0681c059a3799ec0.jpg\" slate-data-type=\"image\"\/><img decoding=\"async\" src=\"https:\/\/ae01.alicdn.com\/kf\/Sd056d3aeabba405280479a901a28fbd82.jpg\" slate-data-type=\"image\"\/><img decoding=\"async\" src=\"https:\/\/ae01.alicdn.com\/kf\/S8da4e07d9b76432a847f5fa4224ded9f8.jpg\" slate-data-type=\"image\"\/><img decoding=\"async\" src=\"https:\/\/ae01.alicdn.com\/kf\/Sb2e4b6038b87439da696edc8c0fe7f81u.jpg\" slate-data-type=\"image\"\/><img decoding=\"async\" src=\"https:\/\/ae01.alicdn.com\/kf\/S0462a0564c1f4ec5899c3e99bbb2a7b39.jpg\" slate-data-type=\"image\"\/><img decoding=\"async\" src=\"https:\/\/ae01.alicdn.com\/kf\/Sec5c9d14e4f54934950d5986b760362e9.jpg\" slate-data-type=\"image\"\/><img decoding=\"async\" src=\"https:\/\/ae01.alicdn.com\/kf\/Sdfb7d4187bab41c9bd2c24c4552a43bdw.jpg\" slate-data-type=\"image\"\/><img decoding=\"async\" src=\"https:\/\/ae01.alicdn.com\/kf\/Sd97f77eecaaf42f5a2e98eba052b1d0fH.jpg\" slate-data-type=\"image\"\/><img decoding=\"async\" src=\"https:\/\/ae01.alicdn.com\/kf\/Sba0b157dbaab49b0a03aca789cb6cab5z.jpg\" slate-data-type=\"image\"\/><\/h2>\n<p style=\"font-family:&quot;Microsoft YaHei&quot;;font-size:medium;font-weight:400;letter-spacing:normal;text-align:start;white-space:normal;color:rgb(0, 0, 0)\" align=\"start\"><\/p>","protected":false},"excerpt":{"rendered":"<p>Brand:&nbsp;OUKITEL Model:&nbsp;PV400 Type:&nbsp;Solar Panel Rated Power:&nbsp;400W Efficiency:&nbsp;23% Cell Type:&nbsp;Monocrystalline Silicon Open Circuit Voltage:&nbsp;48V Short Circuit Current:&nbsp;12A Highlights 23% High Conversion EfficiencyConstructed from high-efficiency monocrystalline solar cells, OUKITEL PV400 can offer<\/p>","protected":false},"featured_media":21724,"comment_status":"open","ping_status":"closed","template":"","meta":{"_acf_changed":false},"product_brand":[],"product_cat":[531],"product_tag":[],"class_list":{"0":"post-21723","1":"product","2":"type-product","3":"status-publish","4":"has-post-thumbnail","6":"product_cat-foldable-solar-panels","8":"first","9":"instock","10":"shipping-taxable","11":"purchasable","12":"product-type-simple"},"acf":[],"_links":{"self":[{"href":"https:\/\/www.electricstore.eu\/pl\/wp-json\/wp\/v2\/product\/21723","targetHints":{"allow":["GET"]}}],"collection":[{"href":"https:\/\/www.electricstore.eu\/pl\/wp-json\/wp\/v2\/product"}],"about":[{"href":"https:\/\/www.electricstore.eu\/pl\/wp-json\/wp\/v2\/types\/product"}],"replies":[{"embeddable":true,"href":"https:\/\/www.electricstore.eu\/pl\/wp-json\/wp\/v2\/comments?post=21723"}],"wp:featuredmedia":[{"embeddable":true,"href":"https:\/\/www.electricstore.eu\/pl\/wp-json\/wp\/v2\/media\/21724"}],"wp:attachment":[{"href":"https:\/\/www.electricstore.eu\/pl\/wp-json\/wp\/v2\/media?parent=21723"}],"wp:term":[{"taxonomy":"product_brand","embeddable":true,"href":"https:\/\/www.electricstore.eu\/pl\/wp-json\/wp\/v2\/product_brand?post=21723"},{"taxonomy":"product_cat","embeddable":true,"href":"https:\/\/www.electricstore.eu\/pl\/wp-json\/wp\/v2\/product_cat?post=21723"},{"taxonomy":"product_tag","embeddable":true,"href":"https:\/\/www.electricstore.eu\/pl\/wp-json\/wp\/v2\/product_tag?post=21723"}],"curies":[{"name":"wp","href":"https:\/\/api.w.org\/{rel}","templated":true}]}}