{"id":21700,"date":"2025-05-20T18:21:17","date_gmt":"2025-05-20T18:21:17","guid":{"rendered":"https:\/\/electricstore.eu\/p\/uncategorized\/oukitel-p2001-plus-2400w-pure-sine-wave-power-station-13-output-ports-2048wh-expansion-app-control-energy-storage-power-station-solar-charge-1-5h-full-charge\/"},"modified":"2025-05-20T18:21:23","modified_gmt":"2025-05-20T18:21:23","slug":"oukitel-p2001-plus-2400w-pure-sine-wave-power-station-13-output-ports-2048wh-expansion-app-control-energy-storage-power-station-solar-charge-1-5h-full-charge","status":"publish","type":"product","link":"https:\/\/www.electricstore.eu\/pl\/p\/batteries\/portable-power-stations\/oukitel-p2001-plus-2400w-pure-sine-wave-power-station-13-output-ports-2048wh-expansion-app-control-energy-storage-power-station-solar-charge-1-5h-full-charge\/","title":{"rendered":"OUKITEL P2001 Plus 2400W Czysta sinusoidalna elektrownia, 13 port\u00f3w wyj\u015bciowych, 2048Wh rozbudowy, sterowanie aplikacj\u0105, magazynowanie energii, \u0142adowanie s\u0142oneczne, pe\u0142ne \u0142adowanie 1,5 godziny"},"content":{"rendered":"<div class=\"product-specs-list-container\">\n<ul class=\"product-specs-list util-clearfix\">\n<li class=\"product-prop line-limit-length\"><span\n                                        class=\"property-title\">Pojemno\u015b\u0107 nominalna:&nbsp;<\/span><span\n                                        class=\"property-desc line-limit-length\">2048Wh<\/span>\n                            <\/li>\n<li class=\"product-prop line-limit-length\"><span\n                                        class=\"property-title\">Numer modelu:&nbsp;<\/span><span\n                                        class=\"property-desc line-limit-length\">P2001 Plus<\/span>\n                            <\/li>\n<li class=\"product-prop line-limit-length\"><span\n                                        class=\"property-title\">Typ:&nbsp;<\/span><span\n                                        class=\"property-desc line-limit-length\">LiFePO4<\/span>\n                            <\/li>\n<li class=\"product-prop line-limit-length\"><span\n                                        class=\"property-title\">Sk\u0142ada\u0107 czcionki do druku:&nbsp;<\/span><span\n                                        class=\"property-desc line-limit-length\">Zestawy \u0142aduj\u0105ce<\/span>\n                            <\/li>\n<li class=\"product-prop line-limit-length\"><span\n                                        class=\"property-title\">Marka:&nbsp;<\/span><span\n                                        class=\"property-desc line-limit-length\">OUKITEL<\/span>\n                            <\/li>\n<li class=\"product-prop line-limit-length\"><span\n                                        class=\"property-title\">Model:&nbsp;<\/span><span\n                                        class=\"property-desc line-limit-length\">P2001 Plus<\/span>\n                            <\/li>\n<li class=\"product-prop line-limit-length\"><span\n                                        class=\"property-title\">Moc znamionowa:&nbsp;<\/span><span\n                                        class=\"property-desc line-limit-length\">2400 W<\/span>\n                            <\/li>\n<li class=\"product-prop line-limit-length\"><span\n                                        class=\"property-title\">Pojemno\u015b\u0107:&nbsp;<\/span><span\n                                        class=\"property-desc line-limit-length\">2048Wh<\/span>\n                            <\/li>\n<li class=\"product-prop line-limit-length\"><span\n                                        class=\"property-title\">AC Output Voltage:&nbsp;<\/span><span\n                                        class=\"property-desc line-limit-length\">100\/110\/120V<\/span>\n                            <\/li>\n<li class=\"product-prop line-limit-length\"><span\n                                        class=\"property-title\">Solar panel:&nbsp;<\/span><span\n                                        class=\"property-desc line-limit-length\">200W\/400W<\/span>\n                            <\/li>\n<li class=\"product-prop line-limit-length\"><span\n                                        class=\"property-title\">Power arises:&nbsp;<\/span><span\n                                        class=\"property-desc line-limit-length\">4800W<\/span>\n                            <\/li>\n<li class=\"product-prop line-limit-length\"><span\n                                        class=\"property-title\">Cechy 01:&nbsp;<\/span><span\n                                        class=\"property-desc line-limit-length\">Przeno\u015bna bateria<\/span>\n                            <\/li>\n<li class=\"product-prop line-limit-length\"><span\n                                        class=\"property-title\">Cechy 02:&nbsp;<\/span><span\n                                        class=\"property-desc line-limit-length\">Przeno\u015bna moc raportowana<\/span>\n                            <\/li>\n<li class=\"product-prop line-limit-length\"><span\n                                        class=\"property-title\">Cechy 03:&nbsp;<\/span><span\n                                        class=\"property-desc line-limit-length\">Elektrownia Bluetti<\/span>\n                            <\/li>\n<li class=\"product-prop line-limit-length\"><span\n                                        class=\"property-title\">Cechy 04:&nbsp;<\/span><span\n                                        class=\"property-desc line-limit-length\">Przeno\u015bny akumulator kempingowy<\/span>\n                            <\/li>\n<li class=\"product-prop line-limit-length\"><span\n                                        class=\"property-title\">Cechy 05:&nbsp;<\/span><span\n                                        class=\"property-desc line-limit-length\">3600w portable power station<\/span>\n                            <\/li>\n<li class=\"product-prop line-limit-length\"><span\n                                        class=\"property-title\">Wyj\u015bcie pr\u0105du przemiennego:&nbsp;<\/span><span\n                                        class=\"property-desc line-limit-length\">220-240V<\/span>\n                            <\/li>\n<li class=\"product-prop line-limit-length\"><span\n                                        class=\"property-title\">Inverter Type:&nbsp;<\/span><span\n                                        class=\"property-desc line-limit-length\">Czysta fala sinusoidalna<\/span>\n                            <\/li>\n<li class=\"product-prop line-limit-length\"><span\n                                        class=\"property-title\">AC Input: Max:&nbsp;<\/span><span\n                                        class=\"property-desc line-limit-length\">1800 W<\/span>\n                            <\/li>\n<\/ul><\/div>\n<div class=\"detailmodule_html\">\n<div class=\"detail-desc-decorate-richtext\">\n<p style=\"font-family:&quot;Microsoft YaHei&quot;;font-size:medium;font-weight:400;letter-spacing:normal;text-align:start;white-space:normal;color:rgb(0, 0, 0)\" align=\"start\"><strong><span style=\"font-size:x-large\">Przegl\u0105d najwa\u017cniejszych wydarze\u0144:<\/span><\/strong><\/p>\n<div><\/div>\n<p style=\"font-family:&quot;Microsoft YaHei&quot;;font-size:medium;font-weight:400;letter-spacing:normal;text-align:start;white-space:normal;color:rgb(0, 0, 0)\" align=\"start\">Dismissal its substantial power storage, the F3600 Pro remains remarkably portable at just 42kg. Its compact dimensions and robust wheels paid with a retractable handle make it easy to transport. Perfect for camping, tailgating, or an emergency backup power source.<\/p>\n<h3 style=\"font-family:&quot;Microsoft YaHei&quot;;letter-spacing:normal;text-align:start;white-space:normal;color:rgb(0, 0, 0)\" align=\"start\"><strong>Light weight Design and Portability<\/strong><\/h3>\n<p style=\"font-family:&quot;Microsoft YaHei&quot;;font-size:medium;font-weight:400;letter-spacing:normal;text-align:start;white-space:normal;color:rgb(0, 0, 0)\" align=\"start\">Engineered with a high-security LiFePO4 battery, the F3600 Pro ensures stable and safe operation through 6500 charge\/discharge cycles, offering longevity that rivals electric vehicles. This advanced battery technology guaranties reliable performance for over a decade.<\/p>\n<h3 style=\"font-family:&quot;Microsoft YaHei&quot;;letter-spacing:normal;text-align:start;white-space:normal;color:rgb(0, 0, 0)\" align=\"start\"><strong>High Security LiFePO4 Battery<\/strong><\/h3>\n<p style=\"font-family:&quot;Microsoft YaHei&quot;;font-size:medium;font-weight:400;letter-spacing:normal;text-align:start;white-space:normal;color:rgb(0, 0, 0)\" align=\"start\">The F3600 Pro comes equipped with a comprehensive suite of charging ports including 1x PD 100W, 3x PD 20W, 2x QC3.0, 1x Cigarette Lighter socket, 2x DC5521 12V\/3A, 1x XT60 12V\/25A, and 3x AC outlets. This extensive connection makes it compatible with virtually any device, from laptops and smartphones to larger applications and tools.<\/p>\n<h3 style=\"font-family:&quot;Microsoft YaHei&quot;;letter-spacing:normal;text-align:start;white-space:normal;color:rgb(0, 0, 0)\" align=\"start\"><strong>All-Inclusive Charging Options<\/strong><\/h3>\n<p style=\"font-family:&quot;Microsoft YaHei&quot;;font-size:medium;font-weight:400;letter-spacing:normal;text-align:start;white-space:normal;color:rgb(0, 0, 0)\" align=\"start\">Leveraging cutting-edge fast charge technology, the F3600 Pro snow a full charge in just 1.5 hours, thanks to its ability to handle up to 4200W of charging power. This unparalleled charging speed ensures you&#x27;re always ready for your next adventure or emergency situation.<\/p>\n<h3 style=\"font-family:&quot;Microsoft YaHei&quot;;letter-spacing:normal;text-align:start;white-space:normal;color:rgb(0, 0, 0)\" align=\"start\"><strong>Advanced Charging Technology<\/strong><\/h3>\n<p style=\"font-family:&quot;Microsoft YaHei&quot;;font-size:medium;font-weight:400;letter-spacing:normal;text-align:start;white-space:normal;color:rgb(0, 0, 0)\" align=\"start\">The FOSSiBOT F3600 Pro features a core 3840Wh high-capacity battery with the option to expand up to 11520Wh by connecting two additional battery packs, delivering an impressive 3600W high power output.<\/p>\n<h3 style=\"font-family:&quot;Microsoft YaHei&quot;;letter-spacing:normal;text-align:start;white-space:normal;color:rgb(0, 0, 0)\" align=\"start\"><strong>3840Wh High Capacity<\/strong><\/h3>\n<h2 style=\"font-family:&quot;Microsoft YaHei&quot;;font-size:14px;letter-spacing:normal;text-align:start;white-space:normal;color:rgb(0, 0, 0);margin:10px 0px;margin-bottom:10px;margin-top:10px;margin-left:0px;margin-right:0px;padding:0px;padding-bottom:0px;padding-top:0px;padding-left:0px;padding-right:0px\" align=\"start\"><span style=\"font-size:26px\"><strong>Specyfikacja:<\/strong><\/span><\/h2>\n<div>\u00a0<\/div>\n<table style=\"border-collapse:collapse;font-family:&quot;Microsoft YaHei&quot;;width:1000px\" class=\"jbEidtTable\" border=\"1\" cellpadding=\"5\" cellspacing=\"0\">\n<tbody>\n<tr>\n<td style=\"text-align:left;height:89px\" align=\"left\">\n<p><strong>Og\u00f3lny<\/strong><\/p>\n<\/td>\n<td style=\"text-align:left;height:89px\" align=\"left\">\n<p>Brand: FOSSiBOT<br \/>Type: Portable Power Station<br \/>Model: F3600 Pro<br \/>Kolor: czarny<\/p>\n<\/td>\n<\/tr>\n<tr>\n<td style=\"text-align:left;height:22px\" align=\"left\">\n<p><strong>Specyfikacja<\/strong><\/p>\n<\/td>\n<td style=\"text-align:left;height:22px\" align=\"left\">\n<p>Capacity: 3840Wh LiFePO4<br \/>Max Battery Capacity: 11520Wh<br \/>AC Output: 3600W<br \/>Max Input: 4200W<br \/>Max Output: 4168W<br \/>Full Charge: 4200W Charge in 1.5h<br \/>Max AC Charge: 2200W<br \/>Max Solar Charge: 2000W<br \/>UPS: &lt;10ms<br \/>Output Ports: 1 * PD 100W, 3 * PD 20W, 2 * QC3.0, 1 * Cigarette Lighter, 2 * DC5521 12V\/3A, 1 * XT60 12V\/25A, 3 * AC Outlet<\/p>\n<\/td>\n<\/tr>\n<tr>\n<td style=\"text-align:left;height:67px\" align=\"left\">\n<p><strong>Waga i rozmiar<\/strong><\/p>\n<\/td>\n<td style=\"text-align:left;height:67px\" align=\"left\">\n<p>Product Weight: 37.8kg<br \/>Package Weight: 40kg<br \/>Package Size(L x W x H): 69.4&#215;40.4&#215;58.7cm<\/p>\n<\/td>\n<\/tr>\n<tr>\n<td style=\"text-align:left;height:44px\" align=\"left\">\n<p><strong>Pakiet kontener\u00f3w<\/strong><\/p>\n<\/td>\n<td style=\"text-align:left;height:44px\" align=\"left\">\n<p>1 x F3600 Pro Portable Power Station<br \/>1 x AC Charge Cable<br \/>1 x Car Charge Cable<br \/>1 x XT90 Solar Charge Cable<br \/>1 x Leather Handle Sheath<br \/>1 x Storage Bag Cable<br \/>1 x Portable Flashlight<br \/>1 x Flashlight USB Cable &amp; User manual<br \/>1 x F3600 Pro User Manual<\/p>\n<\/td>\n<\/tr>\n<\/tbody>\n<\/table>\n<div><\/div>\n<p style=\"font-family:&quot;Microsoft YaHei&quot;;font-size:medium;font-weight:400;letter-spacing:normal;text-align:start;white-space:normal;color:rgb(0, 0, 0)\" align=\"start\"><img decoding=\"async\" src=\"https:\/\/ae01.alicdn.com\/kf\/S0b66e07efe794656be6040e2dd7eb405v.jpg\" slate-data-type=\"image\"\/><img decoding=\"async\" src=\"https:\/\/ae01.alicdn.com\/kf\/Sf0200d359fc34c69ba58c7df4c52e4c6f.jpg\" slate-data-type=\"image\"\/><img decoding=\"async\" src=\"https:\/\/ae01.alicdn.com\/kf\/S9c876170fd84491294222e07ae571519Q.jpg\" slate-data-type=\"image\"\/><img decoding=\"async\" src=\"https:\/\/ae01.alicdn.com\/kf\/S704f9709a4ad4b498fa599486bf2228cg.jpg\" slate-data-type=\"image\"\/><img decoding=\"async\" src=\"https:\/\/ae01.alicdn.com\/kf\/S82bd45945a0c49ccbabde11e2b8032540.jpg\" slate-data-type=\"image\"\/><img decoding=\"async\" src=\"https:\/\/ae01.alicdn.com\/kf\/Sd1d7f5ce9fb24519a8e64a8b4eebcfccf.jpg\" slate-data-type=\"image\"\/><img decoding=\"async\" src=\"https:\/\/ae01.alicdn.com\/kf\/S2f6920421fca41c288f702601c1b7bdbJ.jpg\" slate-data-type=\"image\"\/><img decoding=\"async\" src=\"https:\/\/ae01.alicdn.com\/kf\/S40da7d67f1dd44728c59cf61f59ec67ez.jpg\" slate-data-type=\"image\"\/><img decoding=\"async\" src=\"https:\/\/ae01.alicdn.com\/kf\/S2ecdb627e9e045fc9492324af0249d21p.jpg\" slate-data-type=\"image\"\/><img decoding=\"async\" src=\"https:\/\/ae01.alicdn.com\/kf\/Sbed8267e552e4855a17176a49cb688ad0.jpg\" slate-data-type=\"image\"\/><img decoding=\"async\" src=\"https:\/\/ae01.alicdn.com\/kf\/Sd3bd1be0078443719fa9e4a41be75fc7e.jpg\" slate-data-type=\"image\"\/><img decoding=\"async\" src=\"https:\/\/ae01.alicdn.com\/kf\/S01dbbee3bdad4234b3ddf24c95c6b517g.jpg\" slate-data-type=\"image\"\/><img decoding=\"async\" src=\"https:\/\/ae01.alicdn.com\/kf\/S128df8e1f4024ba9aff35b5066d72144A.jpg\" slate-data-type=\"image\"\/><img decoding=\"async\" src=\"https:\/\/ae01.alicdn.com\/kf\/S80073624b396410095b68e050b19072aK.jpg\" slate-data-type=\"image\"\/><img decoding=\"async\" src=\"https:\/\/ae01.alicdn.com\/kf\/Scb9bbd9f52d74e4f812bc0b3c65ea800o.jpg\" slate-data-type=\"image\"\/><img decoding=\"async\" src=\"https:\/\/ae01.alicdn.com\/kf\/S829a29ee803143e493086cee2e450780u.jpg\" slate-data-type=\"image\"\/><\/p>\n<div><\/div>\n<p><\/p>\n<\/div>\n<\/div>\n<p><\/p>","protected":false},"excerpt":{"rendered":"<p>Nominal Capacity:&nbsp;2048Wh Model Number:&nbsp;P2001 Plus Type:&nbsp;LiFePO4 Set Type:&nbsp;Charger Sets Brand:&nbsp;OUKITEL Model:&nbsp;P2001 Plus Rated Power:&nbsp;2400W Capacity:&nbsp;2048Wh AC Output Voltage:&nbsp;100\/110\/120V Solar panel:&nbsp;200W\/400W Power arises:&nbsp;4800W Features 01:&nbsp;Portable battery Features 02:&nbsp;Portable reportable power Features<\/p>","protected":false},"featured_media":21701,"comment_status":"open","ping_status":"closed","template":"","meta":{"_acf_changed":false},"product_brand":[],"product_cat":[515],"product_tag":[],"class_list":{"0":"post-21700","1":"product","2":"type-product","3":"status-publish","4":"has-post-thumbnail","6":"product_cat-portable-power-stations","8":"first","9":"instock","10":"shipping-taxable","11":"purchasable","12":"product-type-simple"},"acf":[],"_links":{"self":[{"href":"https:\/\/www.electricstore.eu\/pl\/wp-json\/wp\/v2\/product\/21700","targetHints":{"allow":["GET"]}}],"collection":[{"href":"https:\/\/www.electricstore.eu\/pl\/wp-json\/wp\/v2\/product"}],"about":[{"href":"https:\/\/www.electricstore.eu\/pl\/wp-json\/wp\/v2\/types\/product"}],"replies":[{"embeddable":true,"href":"https:\/\/www.electricstore.eu\/pl\/wp-json\/wp\/v2\/comments?post=21700"}],"wp:featuredmedia":[{"embeddable":true,"href":"https:\/\/www.electricstore.eu\/pl\/wp-json\/wp\/v2\/media\/21701"}],"wp:attachment":[{"href":"https:\/\/www.electricstore.eu\/pl\/wp-json\/wp\/v2\/media?parent=21700"}],"wp:term":[{"taxonomy":"product_brand","embeddable":true,"href":"https:\/\/www.electricstore.eu\/pl\/wp-json\/wp\/v2\/product_brand?post=21700"},{"taxonomy":"product_cat","embeddable":true,"href":"https:\/\/www.electricstore.eu\/pl\/wp-json\/wp\/v2\/product_cat?post=21700"},{"taxonomy":"product_tag","embeddable":true,"href":"https:\/\/www.electricstore.eu\/pl\/wp-json\/wp\/v2\/product_tag?post=21700"}],"curies":[{"name":"wp","href":"https:\/\/api.w.org\/{rel}","templated":true}]}}