{"id":21668,"date":"2025-05-20T18:20:58","date_gmt":"2025-05-20T18:20:58","guid":{"rendered":"https:\/\/electricstore.eu\/p\/uncategorized\/haniwinner-hd009-10-portable-power-station-1280wh-12-8v-100ah-lifepo4-battery-charging-stations-2000-cycles-power-generator\/"},"modified":"2025-05-20T18:20:59","modified_gmt":"2025-05-20T18:20:59","slug":"haniwinner-hd009-10-portable-power-station-1280wh-12-8v-100ah-lifepo4-battery-charging-stations-2000-cycles-power-generator","status":"publish","type":"product","link":"https:\/\/www.electricstore.eu\/pl\/p\/batteries\/portable-power-stations\/haniwinner-hd009-10-portable-power-station-1280wh-12-8v-100ah-lifepo4-battery-charging-stations-2000-cycles-power-generator\/","title":{"rendered":"HANIWINNER HD009-10 Przeno\u015bna stacja zasilania 1280 Wh 12,8 V 100 Ah LiFePO4 Stacje \u0142adowania akumulator\u00f3w Generator pr\u0105du o mocy ponad 2000 cykli"},"content":{"rendered":"<div class=\"product-specs-list-container\">\n<ul class=\"product-specs-list util-clearfix\">\n<li class=\"product-prop line-limit-length\"><span\n                                        class=\"property-title\">Pojemno\u015b\u0107 nominalna:&nbsp;<\/span><span\n                                        class=\"property-desc line-limit-length\">1280Wh<\/span>\n                            <\/li>\n<li class=\"product-prop line-limit-length\"><span\n                                        class=\"property-title\">Numer modelu:&nbsp;<\/span><span\n                                        class=\"property-desc line-limit-length\">HANIWINNER HD009-10<\/span>\n                            <\/li>\n<li class=\"product-prop line-limit-length\"><span\n                                        class=\"property-title\">Typ:&nbsp;<\/span><span\n                                        class=\"property-desc line-limit-length\">LiFePO4<\/span>\n                            <\/li>\n<li class=\"product-prop line-limit-length\"><span\n                                        class=\"property-title\">Sk\u0142ada\u0107 czcionki do druku:&nbsp;<\/span><span\n                                        class=\"property-desc line-limit-length\">Zestawy \u0142aduj\u0105ce<\/span>\n                            <\/li>\n<li class=\"product-prop line-limit-length\"><span\n                                        class=\"property-title\">Marka:&nbsp;<\/span><span\n                                        class=\"property-desc line-limit-length\">HANIWINNER<\/span>\n                            <\/li>\n<li class=\"product-prop line-limit-length\"><span\n                                        class=\"property-title\">Model:&nbsp;<\/span><span\n                                        class=\"property-desc line-limit-length\">HD009-10<\/span>\n                            <\/li>\n<li class=\"product-prop line-limit-length\"><span\n                                        class=\"property-title\">Nominal Voltage:&nbsp;<\/span><span\n                                        class=\"property-desc line-limit-length\">12,8 V<\/span>\n                            <\/li>\n<li class=\"product-prop line-limit-length\"><span\n                                        class=\"property-title\">Moc:&nbsp;<\/span><span\n                                        class=\"property-desc line-limit-length\">1280Wh,1280Wh<\/span>\n                            <\/li>\n<li class=\"product-prop line-limit-length\"><span\n                                        class=\"property-title\">Charging Current:&nbsp;<\/span><span\n                                        class=\"property-desc line-limit-length\">20A<\/span>\n                            <\/li>\n<li class=\"product-prop line-limit-length\"><span\n                                        class=\"property-title\">Cechy 02:&nbsp;<\/span><span\n                                        class=\"property-desc line-limit-length\">power station<\/span>\n                            <\/li>\n<li class=\"product-prop line-limit-length\"><span\n                                        class=\"property-title\">Cechy 03:&nbsp;<\/span><span\n                                        class=\"property-desc line-limit-length\">portable solar power station<\/span>\n                            <\/li>\n<li class=\"product-prop line-limit-length\"><span\n                                        class=\"property-title\">Cechy 04:&nbsp;<\/span><span\n                                        class=\"property-desc line-limit-length\">charging stations<\/span>\n                            <\/li>\n<li class=\"product-prop line-limit-length\"><span\n                                        class=\"property-title\">Cechy 05:&nbsp;<\/span><span\n                                        class=\"property-desc line-limit-length\">solar generator<\/span>\n                            <\/li>\n<li class=\"product-prop line-limit-length\"><span\n                                        class=\"property-title\">Max.Charging Current:&nbsp;<\/span><span\n                                        class=\"property-desc line-limit-length\">50A<\/span>\n                            <\/li>\n<li class=\"product-prop line-limit-length\"><span\n                                        class=\"property-title\">Casing:&nbsp;<\/span><span\n                                        class=\"property-desc line-limit-length\">ABS<\/span>\n                            <\/li>\n<li class=\"product-prop line-limit-length\"><span\n                                        class=\"property-title\">Termina:&nbsp;<\/span><span\n                                        class=\"property-desc line-limit-length\">M8<\/span>\n                            <\/li>\n<li class=\"product-prop line-limit-length\"><span\n                                        class=\"property-title\">Internal Combination Mode:&nbsp;<\/span><span\n                                        class=\"property-desc line-limit-length\">IFR32700\/6000mAh, 4S17P<\/span>\n                            <\/li>\n<li class=\"product-prop line-limit-length\"><span\n                                        class=\"property-title\">Water Dust Resistance:&nbsp;<\/span><span\n                                        class=\"property-desc line-limit-length\">IP55<\/span>\n                            <\/li>\n<\/ul><\/div>\n<p><span style=\"font-size:24px\"><strong>Przegl\u0105d najwa\u017cniejszych wydarze\u0144:<\/strong><\/span><\/p>\n<ul style=\"font-family:&quot;Microsoft YaHei&quot;;font-size:medium;font-weight:400;letter-spacing:normal;text-align:start;white-space:normal;color:rgb(0, 0, 0);margin-bottom:10px;padding-left:0px\" class=\"clearfix\" align=\"start\">\n<li style=\"font-size:14px;margin-right:10px;padding-left:18px;list-style:none;position:relative;float:left\">\n<p><strong>Safe LiFePO4 Battery, 2000+ Cycles<\/strong><br \/>Using lithium iron phosphate battery and mature technology, this battery pack has high safety and can offer 100% DOD charge and discharge under normal conditions, more than 2000 cycles.\u00a0<\/p>\n<div><\/div>\n<p><strong>10 Years Lifetime &amp; Lightweight Design<\/strong><br \/>HANIWINNER 12.8V 100Ah LiFePO4 lithium battery pack has almost 10 years of lifetime. Weighing only 28.9 lbs, this battery pack is a perfect replacement for lead-acid batteries and is maintenance-free.\u00a0<\/p>\n<div><\/div>\n<p><strong>Built-in BMS<\/strong><br \/>HANIWINNER LiFePO4 battery pack has a built-in BMS intelligent module for overcharge protection, over-discharge protection, over current protection, over temperature protection and short circuit protection, etc.<\/p>\n<div><\/div>\n<p><strong>Wsparcie w szeregu\/r\u00f3wnolegle<\/strong><br \/>It supports a wide temperature working of -20 to 60 Celsius and can be connected in parallel and in series for larger capacity and voltage. (supports 4S17P, needs to operate under technical guidance), perfectly applied in solar street lamps and lighting systems, electric vehicles, UPS backup power supplies, photovoltaic, wind power, hydropower, home, and other energy storage systems.<\/p>\n<\/li>\n<li style=\"font-size:14px;font-weight:bold;margin-right:10px;padding-left:18px;list-style:none;float:left\">\n<p><span style=\"font-size:24px\"><strong>Specyfikacja:<\/strong><\/span><\/p>\n<\/li>\n<li style=\"font-size:14px;margin-right:10px;padding-left:18px;list-style:none;position:relative;float:left\">\n<table style=\"border-collapse:collapse;width:1000px\" class=\"jbEidtTable\" border=\"1\" cellpadding=\"5\" cellspacing=\"0\">\n<tbody>\n<tr>\n<td style=\"font-size:14px;text-align:left\" align=\"left\">\n<p><strong>Og\u00f3lny<\/strong><\/p>\n<\/td>\n<td style=\"font-size:14px;text-align:left\" align=\"left\">\n<p>Brand: HANIWINNER<br \/>Type: Battery Pack<br \/>Model: HD009-10<br \/>Kolor: czarny<\/p>\n<\/td>\n<\/tr>\n<tr>\n<td style=\"font-size:14px;text-align:left\" align=\"left\">\n<p><strong>Specyfikacja<\/strong><\/p>\n<\/td>\n<td style=\"font-size:14px;text-align:left\" align=\"left\">\n<p>Napi\u0119cie znamionowe: 12,8 V<br \/>Rated Capacity: 100Ah @0.2C<br \/>Power: 1280Wh<br \/>Internal Resistance: \u226455m\u2126<br \/>Cycle Life: \u22652000 Cycle (0.2C 100% DOD Charge\/discharge cycle until the capacity decays to 70%)<br \/>Self Discharge: \u22643.5% Per month (25\u00b15 Celsius)<br \/>Max.Charging Voltage: 14.6\u00b10.2V<br \/>Charging Mode: At 0 &#8211; 45 Celsius, constant current 0.2C5A charging to 14.6V, then constant voltage 14.6V charging until the current is reduced to 0.02C5A and then stop<br \/>Charging Current: 20A<br \/>Max.Charging Current: 50A<br \/>Discharging Cut-off Voltage: 10.0V<br \/>Discharging Current: 20A<br \/>Max. Continuous Discharge Current: 100A<br \/>Charge Temperature: 0 &#8211; 45 Celsius (40-75% Humidity)<br \/>Discharge Temperature: -20 &#8211; 60 Celsius (40-75% Humidity)<br \/>Storage Temperature: 0 &#8211; 45 Celsius (40-75% Humidity)<br \/>Water Dust Resistance: IP55<br \/>Internal Combination Mode: IFR32700\/6000mAh, 4S17P<br \/>Casing: ABS<br \/>Termina: M8<\/p>\n<\/td>\n<\/tr>\n<tr>\n<td style=\"font-size:14px;text-align:left\" align=\"left\">\n<p><strong>Waga i rozmiar<\/strong><\/p>\n<\/td>\n<td style=\"font-size:14px;text-align:left\" align=\"left\">\n<p>Product Weight: 13.1kg<br \/>Package Weight: 13.8kg<br \/>Product Size(L x W x H): 328*172*215*220mm<br \/>Package Size(L x W x H): 340*175*235mm<\/p>\n<\/td>\n<\/tr>\n<tr>\n<td style=\"font-size:14px;text-align:left\" align=\"left\">\n<p><strong>Zawarto\u015b\u0107 opakowania<\/strong><\/p>\n<\/td>\n<td style=\"font-size:14px;text-align:left\" align=\"left\">\n<p>1 x Battery Pack<br \/>1 x Instrukcja obs\u0142ugi<\/p>\n<\/td>\n<\/tr>\n<\/tbody>\n<\/table>\n<\/li>\n<\/ul>\n<p><img decoding=\"async\" src=\"https:\/\/ae01.alicdn.com\/kf\/Sa6b2e3da30ca4198a123d6d327ae90dbm.jpg\" slate-data-type=\"image\"\/><img decoding=\"async\" src=\"https:\/\/ae01.alicdn.com\/kf\/Sdc96de4021384f2788d85f2febd8623eV.jpg\" slate-data-type=\"image\"\/><img decoding=\"async\" src=\"https:\/\/ae01.alicdn.com\/kf\/Sfa0cc04edf5242c6bb1ae7740ec6215cd.jpg\" slate-data-type=\"image\"\/><img decoding=\"async\" src=\"https:\/\/ae01.alicdn.com\/kf\/Sa7bb70aecd0644549313b65d0cebc013K.jpg\" slate-data-type=\"image\"\/><img decoding=\"async\" src=\"https:\/\/ae01.alicdn.com\/kf\/Sc979099e15bc4722bf2e5e0c6e57257e0.jpg\" slate-data-type=\"image\"\/><img decoding=\"async\" src=\"https:\/\/ae01.alicdn.com\/kf\/S656b1bf086534f7dbafe03e4efc4bb2bl.jpg\" slate-data-type=\"image\"\/><img decoding=\"async\" src=\"https:\/\/ae01.alicdn.com\/kf\/Sb1d3c74fb70e4ec5b38eb251b78cec2cd.jpg\" slate-data-type=\"image\"\/><img decoding=\"async\" src=\"https:\/\/ae01.alicdn.com\/kf\/S6c258a3525884833bfd6f7fef7d0aa51m.jpg\" slate-data-type=\"image\"\/><img decoding=\"async\" src=\"https:\/\/ae01.alicdn.com\/kf\/S7e379a3e52724fe8a86c45713829382eB.jpg\" slate-data-type=\"image\"\/><img decoding=\"async\" src=\"https:\/\/ae01.alicdn.com\/kf\/S7e006749d26f4beebd7474e517670de5Y.jpg\" slate-data-type=\"image\"\/><img decoding=\"async\" src=\"https:\/\/ae01.alicdn.com\/kf\/S01a8392d2e6648c58ec2b05b5224f7feq.jpg\" slate-data-type=\"image\"\/><img decoding=\"async\" src=\"https:\/\/ae01.alicdn.com\/kf\/S166f90cdf0af4b9ea50faf01f9e6613br.jpg\" slate-data-type=\"image\"\/><\/p>","protected":false},"excerpt":{"rendered":"<p>Nominal Capacity:&nbsp;1280Wh Model Number:&nbsp;HANIWINNER HD009-10 Type:&nbsp;LiFePO4 Set Type:&nbsp;Charger Sets Brand:&nbsp;HANIWINNER Model:&nbsp;HD009-10 Nominal Voltage:&nbsp;12.8V Power:&nbsp;1280Wh,1280Wh Charging Current:&nbsp;20A Features 02:&nbsp;power station Features 03:&nbsp;portable solar power station Features 04:&nbsp;charging stations Features 05:&nbsp;solar generator<\/p>","protected":false},"featured_media":21670,"comment_status":"open","ping_status":"closed","template":"","meta":{"_acf_changed":false},"product_brand":[],"product_cat":[515],"product_tag":[],"class_list":{"0":"post-21668","1":"product","2":"type-product","3":"status-publish","4":"has-post-thumbnail","6":"product_cat-portable-power-stations","8":"first","9":"instock","10":"shipping-taxable","11":"purchasable","12":"product-type-simple"},"acf":[],"_links":{"self":[{"href":"https:\/\/www.electricstore.eu\/pl\/wp-json\/wp\/v2\/product\/21668","targetHints":{"allow":["GET"]}}],"collection":[{"href":"https:\/\/www.electricstore.eu\/pl\/wp-json\/wp\/v2\/product"}],"about":[{"href":"https:\/\/www.electricstore.eu\/pl\/wp-json\/wp\/v2\/types\/product"}],"replies":[{"embeddable":true,"href":"https:\/\/www.electricstore.eu\/pl\/wp-json\/wp\/v2\/comments?post=21668"}],"wp:featuredmedia":[{"embeddable":true,"href":"https:\/\/www.electricstore.eu\/pl\/wp-json\/wp\/v2\/media\/21670"}],"wp:attachment":[{"href":"https:\/\/www.electricstore.eu\/pl\/wp-json\/wp\/v2\/media?parent=21668"}],"wp:term":[{"taxonomy":"product_brand","embeddable":true,"href":"https:\/\/www.electricstore.eu\/pl\/wp-json\/wp\/v2\/product_brand?post=21668"},{"taxonomy":"product_cat","embeddable":true,"href":"https:\/\/www.electricstore.eu\/pl\/wp-json\/wp\/v2\/product_cat?post=21668"},{"taxonomy":"product_tag","embeddable":true,"href":"https:\/\/www.electricstore.eu\/pl\/wp-json\/wp\/v2\/product_tag?post=21668"}],"curies":[{"name":"wp","href":"https:\/\/api.w.org\/{rel}","templated":true}]}}