{"id":21632,"date":"2025-05-20T18:20:33","date_gmt":"2025-05-20T18:20:33","guid":{"rendered":"https:\/\/electricstore.eu\/p\/uncategorized\/touroll-j1-adult-bikes-27-5-250w-motor-electric-bikes-wheels-561-6wh-battery-100km-range-electric-bicycles\/"},"modified":"2025-05-20T18:20:42","modified_gmt":"2025-05-20T18:20:42","slug":"touroll-j1-adult-bikes-27-5-250w-motor-electric-bikes-wheels-561-6wh-battery-100km-range-electric-bicycles","status":"publish","type":"product","link":"https:\/\/www.electricstore.eu\/pl\/p\/bikes\/touroll-j1-adult-bikes-27-5-250w-motor-electric-bikes-wheels-561-6wh-battery-100km-range-electric-bicycles\/","title":{"rendered":"Rowery elektryczne Tourol J1 dla doros\u0142ych, 27,5\u2033, silnik 250 W, ko\u0142a, akumulator 561,6 Wh, zasi\u0119g 100 km."},"content":{"rendered":"<div class=\"product-specs-list-container\">\n<ul class=\"product-specs-list util-clearfix\">\n<li class=\"product-prop line-limit-length\"><span\n                                        class=\"property-title\">Marka:&nbsp;<\/span><span\n                                        class=\"property-desc line-limit-length\">Eleglide<\/span>\n                            <\/li>\n<li class=\"product-prop line-limit-length\"><span\n                                        class=\"property-title\">Rozmiar ramki:&nbsp;<\/span><span\n                                        class=\"property-desc line-limit-length\">27,5&quot; x 17&quot;<\/span>\n                            <\/li>\n<li class=\"product-prop line-limit-length\"><span\n                                        class=\"property-title\">Maksymalne obci\u0105\u017cenie:&nbsp;<\/span><span\n                                        class=\"property-desc line-limit-length\">100 kg<\/span>\n                            <\/li>\n<li class=\"product-prop line-limit-length\"><span\n                                        class=\"property-title\">Maksymalna pr\u0119dko\u015b\u0107:&nbsp;<\/span><span\n                                        class=\"property-desc line-limit-length\">25 km\/h<\/span>\n                            <\/li>\n<li class=\"product-prop line-limit-length\"><span\n                                        class=\"property-title\">Poziom wodoodporno\u015bci:&nbsp;<\/span><span\n                                        class=\"property-desc line-limit-length\">IPX4<\/span>\n                            <\/li>\n<li class=\"product-prop line-limit-length\"><span\n                                        class=\"property-title\">Tworzywo:&nbsp;<\/span><span\n                                        class=\"property-desc line-limit-length\">Stop aluminium<\/span>\n                            <\/li>\n<li class=\"product-prop line-limit-length\"><span\n                                        class=\"property-title\">Moc:&nbsp;<\/span><span\n                                        class=\"property-desc line-limit-length\">500 W<\/span>\n                            <\/li>\n<li class=\"product-prop line-limit-length\"><span\n                                        class=\"property-title\">Wolta\u017c:&nbsp;<\/span><span\n                                        class=\"property-desc line-limit-length\">36V<\/span>\n                            <\/li>\n<li class=\"product-prop line-limit-length\"><span\n                                        class=\"property-title\">Cechy 01:&nbsp;<\/span><span\n                                        class=\"property-desc line-limit-length\">Rower elektryczny<\/span>\n                            <\/li>\n<li class=\"product-prop line-limit-length\"><span\n                                        class=\"property-title\">Cechy 02:&nbsp;<\/span><span\n                                        class=\"property-desc line-limit-length\">Rowery elektryczne<\/span>\n                            <\/li>\n<li class=\"product-prop line-limit-length\"><span\n                                        class=\"property-title\">Cechy 03:&nbsp;<\/span><span\n                                        class=\"property-desc line-limit-length\">Oferta Rower\u00f3w Elektrycznych<\/span>\n                            <\/li>\n<li class=\"product-prop line-limit-length\"><span\n                                        class=\"property-title\">Cechy 04:&nbsp;<\/span><span\n                                        class=\"property-desc line-limit-length\">Rowery elektryczne dla doros\u0142ych<\/span>\n                            <\/li>\n<li class=\"product-prop line-limit-length\"><span\n                                        class=\"property-title\">Cechy 06:&nbsp;<\/span><span\n                                        class=\"property-desc line-limit-length\">Rowery elektryczne dla doros\u0142ych<\/span>\n                            <\/li>\n<li class=\"product-prop line-limit-length\"><span\n                                        class=\"property-title\">Cechy 08:&nbsp;<\/span><span\n                                        class=\"property-desc line-limit-length\">Rower elektryczny<\/span>\n                            <\/li>\n<li class=\"product-prop line-limit-length\"><span\n                                        class=\"property-title\">Cechy 09:&nbsp;<\/span><span\n                                        class=\"property-desc line-limit-length\">Tanie rowery<\/span>\n                            <\/li>\n<\/ul><\/div>\n<p><span style=\"font-size:26px\"><strong>Przegl\u0105d najwa\u017cniejszych wydarze\u0144:<\/strong><\/span><\/p>\n<ul style=\"font-family:&quot;Microsoft YaHei&quot;;font-size:medium;font-weight:400;letter-spacing:normal;text-align:start;white-space:normal;color:rgb(0, 0, 0);margin-bottom:10px;padding-left:0px\" class=\"clearfix\" align=\"start\">\n<li style=\"font-size:14px;margin-right:10px;padding-left:18px;list-style:none;position:relative;float:left\">\n<p><strong>Silnik o du\u017cej mocy<br \/><\/strong>Tourol J1 wyposa\u017cony jest w mocny silnik bezszczotkowy, kt\u00f3ry generuje moment obrotowy 45 Nm i pr\u0119dko\u015b\u0107 maksymaln\u0105 25 km\/h. Wytrzyma\u0142y silnik charakteryzuje si\u0119 niskimi wymaganiami konserwacyjnymi i zapewnia r\u00f3wnomierne dostarczanie mocy na p\u0142askim terenie, co czyni go idealnym do dojazd\u00f3w do pracy w mie\u015bcie i wycieczek rekreacyjnych.<\/p>\n<div><\/div>\n<p><strong>Wydajna wymienna bateria<br \/><\/strong>Wyposa\u017cony w wymienny akumulator litowo-jonowy o pojemno\u015bci 561,6 Wh, rower elektryczny J1 ma maksymalny zasi\u0119g 100 km w trybie wspomagania, wi\u0119c niezale\u017cnie od tego, czy doje\u017cd\u017casz do pracy, czy wybierasz si\u0119 na d\u0142ugodystansow\u0105 wypraw\u0119 rowerow\u0105, rower ten sprosta zadaniu. Z rowerem elektrycznym J1 mo\u017cesz cieszy\u0107 si\u0119 bezproblemow\u0105 jazd\u0105.<\/p>\n<div><\/div>\n<p><strong>27,5\u00d72,1&quot;<\/strong><strong><span>\u00a0<\/span><\/strong><strong>Du\u017ce opony i 7-biegowa przek\u0142adnia Shimano<br \/><\/strong>Rower elektryczny J1 wyposa\u017cony jest w 27,5-calowe, pneumatyczne opony premium, kt\u00f3re zapewniaj\u0105 lepsz\u0105 przyczepno\u015b\u0107 i stabilno\u015b\u0107 w ka\u017cdym terenie, umo\u017cliwiaj\u0105c \u0142atwe i stabilne pokonywanie podjazd\u00f3w oraz p\u0142ynn\u0105 jazd\u0119 po nier\u00f3wnych nawierzchniach. Wyposa\u017cony jest w 7-biegow\u0105 profesjonaln\u0105 przerzutk\u0119 Shimano, kt\u00f3ra pozwala cieszy\u0107 si\u0119 emocjami zwi\u0105zanymi ze zmian\u0105 bieg\u00f3w i \u0142atwym ruszaniem w tras\u0119.<\/p>\n<div><\/div>\n<p><strong>Niezawodne zawieszenie<\/strong><strong><span>\u00a0<\/span><\/strong><strong>z blokad\u0105<br \/><\/strong>Mechaniczne amortyzatory o skoku 80 mm chroni\u0105 rowerzyst\u00f3w przed b\u00f3lami staw\u00f3w i urazami kr\u0119gos\u0142upa, poch\u0142aniaj\u0105c wstrz\u0105sy i wibracje, zapewniaj\u0105c p\u0142ynn\u0105 i stabiln\u0105 jazd\u0119. Dzi\u0119ki blokadzie amortyzatora mo\u017cna go w\u0142\u0105cza\u0107 i wy\u0142\u0105cza\u0107, co zapewnia szybk\u0105 jazd\u0119 po p\u0142askich drogach lub komfortow\u0105 jazd\u0119 po wyboistych wzniesieniach.<\/p>\n<div><\/div>\n<p><strong>Inteligentny wy\u015bwietlacz LCD i 5 poziom\u00f3w pomocy\u00a0<br \/><\/strong>Model J1 jest wyposa\u017cony w inteligentny wy\u015bwietlacz LCD z portem USB, kt\u00f3ry nie tylko wy\u015bwietla wa\u017cne dane, takie jak pr\u0119dko\u015b\u0107 w czasie rzeczywistym, ale tak\u017ce umo\u017cliwia \u0142adowanie urz\u0105dze\u0144 cyfrowych w razie potrzeby. Wy\u015bwietlacz umo\u017cliwia \u0142atwe prze\u0142\u0105czanie mi\u0119dzy 5 poziomami wspomagania peda\u0142owania, w tym 12, 15, 18, 21 i 25 km\/h, a tak\u017ce aktywacj\u0119 trybu chodzenia z pr\u0119dko\u015bci\u0105 6 km\/h.<\/p>\n<div><\/div>\n<p><strong>O\u015bwietlenie rowerowe z certyfikatem StVZO i wytrzyma\u0142y baga\u017cnik<br \/><\/strong>Dzi\u0119ki o\u015bwietleniu rowerowemu z certyfikatem StVZO w rowerze trekkingowym J1, \u015bwiat\u0142o znacznie poprawia widoczno\u015b\u0107 na drodze, nie o\u015blepiaj\u0105c innych u\u017cytkownik\u00f3w, co przek\u0142ada si\u0119 na bezpieczniejsz\u0105 jazd\u0119 zgodn\u0105 z przepisami ruchu drogowego. Wytrzyma\u0142y baga\u017cnik skutecznie zmniejsza uci\u0105\u017cliwo\u015bci zwi\u0105zane z podr\u00f3\u017cowaniem, dzi\u0119ki czemu idealnie nadaje si\u0119 na zakupy, dojazdy do pracy i d\u0142u\u017csze wycieczki.<\/p>\n<div><\/div>\n<\/li>\n<\/ul>\n<p><span style=\"font-size:24px\"><strong>Specyfikacja:<\/strong><\/span><\/p>\n<ul style=\"font-family:&quot;Microsoft YaHei&quot;;font-size:medium;font-weight:400;letter-spacing:normal;text-align:start;white-space:normal;color:rgb(0, 0, 0);margin-bottom:10px;padding-left:0px\" class=\"clearfix\" align=\"start\">\n<li style=\"font-size:14px;margin-right:10px;padding-left:18px;list-style:none;position:relative;float:left\">\n<table style=\"border-collapse:collapse;width:1000px\" class=\"jbEidtTable\" border=\"1\" cellpadding=\"5\" cellspacing=\"0\">\n<tbody>\n<tr>\n<td style=\"font-size:14px;text-align:left\" align=\"left\">\n<p><strong>Og\u00f3lny<\/strong><\/p>\n<\/td>\n<td style=\"font-size:14px;text-align:left\" align=\"left\">\n<p>Marka: Tourol<br \/>Typ: Rower trekkingowy<br \/>Model: J1,J1 ST<br \/>Kolor: czarny<\/p>\n<\/td>\n<\/tr>\n<tr>\n<td style=\"font-size:14px;text-align:left\" align=\"left\">\n<p><strong>Podstawowa specyfikacja<\/strong><\/p>\n<\/td>\n<td style=\"font-size:14px;text-align:left\" align=\"left\">\n<p>Waga netto: 26,4 kg<br \/>Rozmiar po roz\u0142o\u017ceniu: 1820x680x1110mm<br \/>Rozmiar ramki: 27,5&quot; x 17,5&quot;<br \/>D\u0142ugo\u015b\u0107 kierownicy: 680 mm (26,8 cala)<br \/>Wysoko\u015b\u0107 siod\u0142a (od pod\u0142o\u017ca): 32,3&quot;-38,6&quot;<br \/>Zalecany wzrost je\u017ad\u017aca: 160-200 cm (oko\u0142o 5&#039; 3&quot;-6&#039; 7&quot;)<br \/>Maksymalne obci\u0105\u017cenie roweru: 120 kg<br \/>Pr\u0119dko\u015b\u0107 graniczna: 25 km\/h<br \/>Maksymalny zasi\u0119g: 100 km (tryb wspomagania)<br \/>Poziomy wspomagania peda\u0142owania: 12\/15\/18\/21\/25 km\/h<br \/>Tryb spacerowy: 6 km\/h<br \/>Poziom wodoodporno\u015bci: IPX4<br \/>Materia\u0142: STL<br \/>Uk\u0142ad hamulcowy: mechaniczny hamulec tarczowy i hamulec r\u0119czny<br \/>Zawieszenie: Amortyzator mechaniczny z blokad\u0105<\/p>\n<\/td>\n<\/tr>\n<tr>\n<td style=\"font-size:14px;text-align:left\" align=\"left\">\n<p><strong>Silnik<\/strong><\/p>\n<\/td>\n<td style=\"font-size:14px;text-align:left\" align=\"left\">\n<p>Typ: Silnik piasty<br \/>Napi\u0119cie znamionowe: 36V<br \/>Maksymalny moment wyj\u015bciowy: 45 Nm<\/p>\n<\/td>\n<\/tr>\n<tr>\n<td style=\"font-size:14px;text-align:left\" align=\"left\">\n<p><strong>Przerzutka<\/strong><\/p>\n<\/td>\n<td style=\"font-size:14px;text-align:left\" align=\"left\">\n<p>Marka: Shimano<br \/>Liczba bieg\u00f3w: 7 (ty\u0142)<\/p>\n<\/td>\n<\/tr>\n<tr>\n<td style=\"font-size:14px;text-align:left\" align=\"left\">\n<p><strong>Bateria<\/strong><\/p>\n<\/td>\n<td style=\"font-size:14px;text-align:left\" align=\"left\">\n<p>Pojemno\u015b\u0107: 15,6 Ah<br \/>Napi\u0119cie: 36V<br \/>Czas \u0142adowania: 6-8 godz.<br \/>Pojemno\u015b\u0107 baterii: 561,6 Wh<br \/>System ochrony: Tak<\/p>\n<\/td>\n<\/tr>\n<tr>\n<td style=\"font-size:14px;text-align:left\" align=\"left\">\n<p><strong>Rumak<\/strong><\/p>\n<\/td>\n<td style=\"font-size:14px;text-align:left\" align=\"left\">\n<p>Wej\u015bcie: 100-240 V, 2,0 A<br \/>Wyj\u015bcie: 42V, 2.0A<\/p>\n<\/td>\n<\/tr>\n<tr>\n<td style=\"font-size:14px;text-align:left\" align=\"left\">\n<p><strong>Opony<\/strong><\/p>\n<\/td>\n<td style=\"font-size:14px;text-align:left\" align=\"left\">\n<p>Marka: CST<br \/>Rozmiar: 27,5\u00d72,1&quot;<br \/>Typ: Opony pneumatyczne gumowe<br \/>Ci\u015bnienie w oponach: 40-70PSI<br \/>Najlepsze ci\u015bnienie w oponach: 45-65 PSI<\/p>\n<\/td>\n<\/tr>\n<tr>\n<td style=\"font-size:14px;text-align:left\" align=\"left\">\n<p><strong>Wy\u015bwietlacz<\/strong><\/p>\n<\/td>\n<td style=\"font-size:14px;text-align:left\" align=\"left\">\n<p>Rozmiar: 1,8&quot;<br \/>Typ: LCD<br \/>Informacje: Pr\u0119dko\u015b\u0107, Poziom na\u0142adowania akumulatora, Przebyty dystans\/licznik kilometr\u00f3w, Poziom wspomagania, Tryb chodzenia, \u015alad \u015bwietlny, \u015alad hamowania<br \/>Funkcje: w\u0142\u0105czanie\/wy\u0142\u0105czanie, w\u0142\u0105czanie\/wy\u0142\u0105czanie \u015bwiat\u0142a, zmiana poziom\u00f3w wspomagania, aktywacja trybu pieszego, usuwanie danych podr\u00f3\u017cy, ustawianie czasu wygaszania ekranu itp.<\/p>\n<\/td>\n<\/tr>\n<tr>\n<td style=\"font-size:14px;text-align:left\" align=\"left\">\n<p><strong>Pakiet<\/strong><\/p>\n<\/td>\n<td style=\"font-size:14px;text-align:left\" align=\"left\">\n<p>Rozmiar: 1480x250x780mm<br \/>Masa brutto: 29 kg<\/p>\n<\/td>\n<\/tr>\n<tr>\n<td style=\"font-size:14px;text-align:left\" align=\"left\">\n<p><strong>Zawarto\u015b\u0107 opakowania<\/strong><\/p>\n<\/td>\n<td style=\"font-size:14px;text-align:left\" align=\"left\">\n<p>1 x rower elektryczny 1 x instrukcja obs\u0142ugi<\/p>\n<p>1 x \u0142adowarka 2 x peda\u0142 (lewy i prawy)<\/p>\n<p>1 x \u015bwiat\u0142o tylne 4 x odblask szprychowy<\/p>\n<p>1 x reflektor 2 x b\u0142otnik (prz\u00f3d i ty\u0142)<\/p>\n<p>1 x wy\u015bwietlacz LCD 2 x klucz<\/p>\n<p>1 x zestaw narz\u0119dzi<\/p>\n<\/td>\n<\/tr>\n<tr>\n<td style=\"font-size:14px;text-align:left\" colspan=\"2\" align=\"left\">\n<div><strong><br \/><\/strong><\/div>\n<p>Uwaga: maksymalny zasi\u0119g osi\u0105gany jest w nast\u0119puj\u0105cych warunkach: obci\u0105\u017cenie 75 kg, temperatura 26\u2103, sta\u0142a pr\u0119dko\u015b\u0107 15 km\/h, p\u0142askie drogi, bez silnego wiatru.<\/p>\n<\/td>\n<\/tr>\n<\/tbody>\n<\/table>\n<\/li>\n<\/ul>\n<p style=\"font-family:&quot;TT Norms Pro&quot;, &quot;Open Sans&quot;, Roboto, Arial, Helvetica, sans-serif, SimSun;font-size:14px;font-weight:400;letter-spacing:normal;line-height:inherit;text-align:start;white-space:normal;color:rgb(34, 34, 34);margin:0px;margin-bottom:0px;margin-top:0px;margin-left:0px;margin-right:0px;padding:0px;padding-bottom:0px;padding-top:0px;padding-left:0px;padding-right:0px;box-sizing:border-box\" align=\"start\"><img decoding=\"async\" style=\"border:0px;margin:0px;margin-bottom:0px;margin-top:0px;margin-left:0px;margin-right:0px;padding:0px;padding-bottom:0px;padding-top:0px;padding-left:0px;padding-right:0px;max-width:100%;box-sizing:border-box\" src=\"https:\/\/ae01.alicdn.com\/kf\/S591ea02dc8a4426190f12e82d67b9d3bX.jpg\" slate-data-type=\"image\"\/><img decoding=\"async\" style=\"border:0px;margin:0px;margin-bottom:0px;margin-top:0px;margin-left:0px;margin-right:0px;padding:0px;padding-bottom:0px;padding-top:0px;padding-left:0px;padding-right:0px;max-width:100%;box-sizing:border-box\" src=\"https:\/\/ae01.alicdn.com\/kf\/S4edea08ba52f4e7ca2c8503279c40492I.jpg\" slate-data-type=\"image\"\/><img decoding=\"async\" style=\"border:0px;margin:0px;margin-bottom:0px;margin-top:0px;margin-left:0px;margin-right:0px;padding:0px;padding-bottom:0px;padding-top:0px;padding-left:0px;padding-right:0px;max-width:100%;box-sizing:border-box\" src=\"https:\/\/ae01.alicdn.com\/kf\/S94c0e4632ec54c9ab9fc99e3cc44ba42T.jpg\" slate-data-type=\"image\"\/><img decoding=\"async\" style=\"border:0px;margin:0px;margin-bottom:0px;margin-top:0px;margin-left:0px;margin-right:0px;padding:0px;padding-bottom:0px;padding-top:0px;padding-left:0px;padding-right:0px;max-width:100%;box-sizing:border-box\" src=\"https:\/\/ae01.alicdn.com\/kf\/Sd8913f419a4b4233a100e55ae7063dc8r.jpg\" slate-data-type=\"image\"\/><img decoding=\"async\" style=\"border:0px;margin:0px;margin-bottom:0px;margin-top:0px;margin-left:0px;margin-right:0px;padding:0px;padding-bottom:0px;padding-top:0px;padding-left:0px;padding-right:0px;max-width:100%;box-sizing:border-box\" src=\"https:\/\/ae01.alicdn.com\/kf\/S56b68c02e2b64013b63d5cb79d05b088W.jpg\" slate-data-type=\"image\"\/><img decoding=\"async\" style=\"border:0px;margin:0px;margin-bottom:0px;margin-top:0px;margin-left:0px;margin-right:0px;padding:0px;padding-bottom:0px;padding-top:0px;padding-left:0px;padding-right:0px;max-width:100%;box-sizing:border-box\" src=\"https:\/\/ae01.alicdn.com\/kf\/S0b7a408432304c6f8f8a5f70d3684d1bL.jpg\" slate-data-type=\"image\"\/><img decoding=\"async\" style=\"border:0px;margin:0px;margin-bottom:0px;margin-top:0px;margin-left:0px;margin-right:0px;padding:0px;padding-bottom:0px;padding-top:0px;padding-left:0px;padding-right:0px;max-width:100%;box-sizing:border-box\" src=\"https:\/\/ae01.alicdn.com\/kf\/S3ccd0135e43543eabb87917a567b6218L.jpg\" slate-data-type=\"image\"\/><img decoding=\"async\" style=\"border:0px;margin:0px;margin-bottom:0px;margin-top:0px;margin-left:0px;margin-right:0px;padding:0px;padding-bottom:0px;padding-top:0px;padding-left:0px;padding-right:0px;max-width:100%;box-sizing:border-box\" src=\"https:\/\/ae01.alicdn.com\/kf\/S2fe53fa05b0045658c83a3e40b67eb03l.jpg\" slate-data-type=\"image\"\/><img decoding=\"async\" style=\"border:0px;margin:0px;margin-bottom:0px;margin-top:0px;margin-left:0px;margin-right:0px;padding:0px;padding-bottom:0px;padding-top:0px;padding-left:0px;padding-right:0px;max-width:100%;box-sizing:border-box\" src=\"https:\/\/ae01.alicdn.com\/kf\/Sec54ff99ae4743958464d4f8fc74a07e1.jpg\" slate-data-type=\"image\"\/><img decoding=\"async\" style=\"border:0px;margin:0px;margin-bottom:0px;margin-top:0px;margin-left:0px;margin-right:0px;padding:0px;padding-bottom:0px;padding-top:0px;padding-left:0px;padding-right:0px;max-width:100%;box-sizing:border-box\" src=\"https:\/\/ae01.alicdn.com\/kf\/Sbb620561c15f44bc9193a597f7ca1910t.jpg\" slate-data-type=\"image\"\/><img decoding=\"async\" style=\"border:0px;margin:0px;margin-bottom:0px;margin-top:0px;margin-left:0px;margin-right:0px;padding:0px;padding-bottom:0px;padding-top:0px;padding-left:0px;padding-right:0px;max-width:100%;box-sizing:border-box\" src=\"https:\/\/ae01.alicdn.com\/kf\/Sd37f04ff294d44f7afa237816400fbb7a.jpg\" slate-data-type=\"image\"\/><img decoding=\"async\" style=\"border:0px;margin:0px;margin-bottom:0px;margin-top:0px;margin-left:0px;margin-right:0px;padding:0px;padding-bottom:0px;padding-top:0px;padding-left:0px;padding-right:0px;max-width:100%;box-sizing:border-box\" src=\"https:\/\/ae01.alicdn.com\/kf\/S760634773520481e9d8fab4da372e48ch.jpg\" slate-data-type=\"image\"\/><img decoding=\"async\" style=\"border:0px;margin:0px;margin-bottom:0px;margin-top:0px;margin-left:0px;margin-right:0px;padding:0px;padding-bottom:0px;padding-top:0px;padding-left:0px;padding-right:0px;max-width:100%;box-sizing:border-box\" src=\"https:\/\/ae01.alicdn.com\/kf\/S0cf9bfcf5e144380887f6d778c954885v.jpg\" slate-data-type=\"image\"\/><img decoding=\"async\" style=\"border:0px;margin:0px;margin-bottom:0px;margin-top:0px;margin-left:0px;margin-right:0px;padding:0px;padding-bottom:0px;padding-top:0px;padding-left:0px;padding-right:0px;max-width:100%;box-sizing:border-box\" src=\"https:\/\/ae01.alicdn.com\/kf\/Sb58e06fdacc94ef28ebeae77dcb75e52i.jpg\" slate-data-type=\"image\"\/><\/p>\n<p><\/p>","protected":false},"excerpt":{"rendered":"<p>Brand:&nbsp;Eleglide Size of Frame:&nbsp;27.5&quot; x 17&quot; Max. Load:&nbsp;100KG Max. Speed:&nbsp;25 KM\/H Waterproof Level:&nbsp;IPX4 Material:&nbsp;Aluminium Alloy Power:&nbsp;500W Voltage:&nbsp;36V Features 01:&nbsp;Electric Bicycle Features 02:&nbsp;Electric Bikes Features 03:&nbsp;Electric Bike Offer Features 04:&nbsp;Electric Bikes<\/p>","protected":false},"featured_media":21634,"comment_status":"open","ping_status":"closed","template":"","meta":{"_acf_changed":false},"product_brand":[],"product_cat":[230],"product_tag":[],"class_list":{"0":"post-21632","1":"product","2":"type-product","3":"status-publish","4":"has-post-thumbnail","6":"product_cat-bikes","8":"first","9":"instock","10":"shipping-taxable","11":"purchasable","12":"product-type-variable"},"acf":[],"_links":{"self":[{"href":"https:\/\/www.electricstore.eu\/pl\/wp-json\/wp\/v2\/product\/21632","targetHints":{"allow":["GET"]}}],"collection":[{"href":"https:\/\/www.electricstore.eu\/pl\/wp-json\/wp\/v2\/product"}],"about":[{"href":"https:\/\/www.electricstore.eu\/pl\/wp-json\/wp\/v2\/types\/product"}],"replies":[{"embeddable":true,"href":"https:\/\/www.electricstore.eu\/pl\/wp-json\/wp\/v2\/comments?post=21632"}],"wp:featuredmedia":[{"embeddable":true,"href":"https:\/\/www.electricstore.eu\/pl\/wp-json\/wp\/v2\/media\/21634"}],"wp:attachment":[{"href":"https:\/\/www.electricstore.eu\/pl\/wp-json\/wp\/v2\/media?parent=21632"}],"wp:term":[{"taxonomy":"product_brand","embeddable":true,"href":"https:\/\/www.electricstore.eu\/pl\/wp-json\/wp\/v2\/product_brand?post=21632"},{"taxonomy":"product_cat","embeddable":true,"href":"https:\/\/www.electricstore.eu\/pl\/wp-json\/wp\/v2\/product_cat?post=21632"},{"taxonomy":"product_tag","embeddable":true,"href":"https:\/\/www.electricstore.eu\/pl\/wp-json\/wp\/v2\/product_tag?post=21632"}],"curies":[{"name":"wp","href":"https:\/\/api.w.org\/{rel}","templated":true}]}}