{"id":21603,"date":"2025-05-20T18:20:17","date_gmt":"2025-05-20T18:20:17","guid":{"rendered":"https:\/\/electricstore.eu\/p\/uncategorized\/eleglide-t1-adult-bikes-27-5-250w-motor-electric-bikes-36v-13ah-100km-range-25km-h-max-electric-bicycles-cheap-electric-bike\/"},"modified":"2025-05-20T18:20:34","modified_gmt":"2025-05-20T18:20:34","slug":"eleglide-t1-adult-bikes-27-5-250w-motor-electric-bikes-36v-13ah-100km-range-25km-h-max-electric-bicycles-cheap-electric-bike","status":"publish","type":"product","link":"https:\/\/www.electricstore.eu\/pl\/p\/bikes\/eleglide-t1-adult-bikes-27-5-250w-motor-electric-bikes-36v-13ah-100km-range-25km-h-max-electric-bicycles-cheap-electric-bike\/","title":{"rendered":"Rowery elektryczne Eleglide T1 dla doros\u0142ych, 27,5\u2033, silnik 250 W, 36 V, 13 Ah, zasi\u0119g 100 km, maks. 25 km\/h, tanie rowery elektryczne"},"content":{"rendered":"<div class=\"product-specs-list-container\">\n<ul class=\"product-specs-list util-clearfix\">\n<li class=\"product-prop line-limit-length\"><span\n                                        class=\"property-title\">Marka:&nbsp;<\/span><span\n                                        class=\"property-desc line-limit-length\">Eleglide<\/span>\n                            <\/li>\n<li class=\"product-prop line-limit-length\"><span\n                                        class=\"property-title\">Model:&nbsp;<\/span><span\n                                        class=\"property-desc line-limit-length\">T1<\/span>\n                            <\/li>\n<li class=\"product-prop line-limit-length\"><span\n                                        class=\"property-title\">Masa netto:&nbsp;<\/span><span\n                                        class=\"property-desc line-limit-length\">26 kg<\/span>\n                            <\/li>\n<li class=\"product-prop line-limit-length\"><span\n                                        class=\"property-title\">Rozmiar ramki:&nbsp;<\/span><span\n                                        class=\"property-desc line-limit-length\">27,5&quot; x 17,5&quot;<\/span>\n                            <\/li>\n<li class=\"product-prop line-limit-length\"><span\n                                        class=\"property-title\">Maksymalne obci\u0105\u017cenie:&nbsp;<\/span><span\n                                        class=\"property-desc line-limit-length\">120 KG<\/span>\n                            <\/li>\n<li class=\"product-prop line-limit-length\"><span\n                                        class=\"property-title\">Maksymalna pr\u0119dko\u015b\u0107:&nbsp;<\/span><span\n                                        class=\"property-desc line-limit-length\">25 km\/h<\/span>\n                            <\/li>\n<li class=\"product-prop line-limit-length\"><span\n                                        class=\"property-title\">Maksymalny zasi\u0119g:&nbsp;<\/span><span\n                                        class=\"property-desc line-limit-length\">100 km (tryb wspomagania)<\/span>\n                            <\/li>\n<li class=\"product-prop line-limit-length\"><span\n                                        class=\"property-title\">Poziomy pr\u0119dko\u015bci wspomagania:&nbsp;<\/span><span\n                                        class=\"property-desc line-limit-length\">12\/16\/20\/23\/25 kilometr\u00f3w na godzin\u0119<\/span>\n                            <\/li>\n<li class=\"product-prop line-limit-length\"><span\n                                        class=\"property-title\">Cechy 01:&nbsp;<\/span><span\n                                        class=\"property-desc line-limit-length\">Rower elektryczny<\/span>\n                            <\/li>\n<li class=\"product-prop line-limit-length\"><span\n                                        class=\"property-title\">Cechy 02:&nbsp;<\/span><span\n                                        class=\"property-desc line-limit-length\">Rowery elektryczne<\/span>\n                            <\/li>\n<li class=\"product-prop line-limit-length\"><span\n                                        class=\"property-title\">Cechy 03:&nbsp;<\/span><span\n                                        class=\"property-desc line-limit-length\">Oferta Rower\u00f3w Elektrycznych<\/span>\n                            <\/li>\n<li class=\"product-prop line-limit-length\"><span\n                                        class=\"property-title\">Cechy 04:&nbsp;<\/span><span\n                                        class=\"property-desc line-limit-length\">Rowery elektryczne dla doros\u0142ych<\/span>\n                            <\/li>\n<li class=\"product-prop line-limit-length\"><span\n                                        class=\"property-title\">Cechy 05:&nbsp;<\/span><span\n                                        class=\"property-desc line-limit-length\">Rower sk\u0142adany<\/span>\n                            <\/li>\n<li class=\"product-prop line-limit-length\"><span\n                                        class=\"property-title\">Cechy 06:&nbsp;<\/span><span\n                                        class=\"property-desc line-limit-length\">Rowery elektryczne dla doros\u0142ych<\/span>\n                            <\/li>\n<li class=\"product-prop line-limit-length\"><span\n                                        class=\"property-title\">Cechy 07:&nbsp;<\/span><span\n                                        class=\"property-desc line-limit-length\">Rowery sk\u0142adane<\/span>\n                            <\/li>\n<li class=\"product-prop line-limit-length\"><span\n                                        class=\"property-title\">Cechy 08:&nbsp;<\/span><span\n                                        class=\"property-desc line-limit-length\">Rower elektryczny<\/span>\n                            <\/li>\n<li class=\"product-prop line-limit-length\"><span\n                                        class=\"property-title\">Cechy 09:&nbsp;<\/span><span\n                                        class=\"property-desc line-limit-length\">Tanie rowery<\/span>\n                            <\/li>\n<\/ul><\/div>\n<p><span style=\"color:rgb(34, 34, 34);font-size:14px;font-family:&quot;Open Sans&quot;, Roboto, Arial, Helvetica, sans-serif, SimSun\"><strong><span style=\"color:rgb(34, 34, 34);font-size:24px;font-family:&quot;times new roman&quot;, times, serif\">&gt;&gt;Najwa\u017cniejsze informacje<\/span><\/strong><\/span><\/p>\n<\/p>\n<p><span style=\"font-size:18px;font-family:&quot;times new roman&quot;, times, serif\"><strong>Mocny silnik i du\u017cy akumulator<\/strong><\/span><span style=\"font-size:18px;font-family:&quot;times new roman&quot;, times, serif\"><br \/>Eleglide T1 sk\u0142ada si\u0119 z mocnego silnika bezszczotkowego o mocy 250 W i momencie obrotowym 50 Nm, <br \/>zapewnia sta\u0142\u0105 i mocn\u0105 moc i umo\u017cliwia rowerowi <br \/>pr\u0119dko\u015b\u0107 do 25 km\/h. Dzi\u0119ki wymiennemu akumulatorowi litowo-jonowemu o pojemno\u015bci 468 Wh mo\u017ce<br \/> przebiegnij do 100 km (62 mil) w trybie wspomagania, kt\u00f3ry idealnie nadaje si\u0119 na d\u0142ugie dystanse <br \/>je\u017adzi\u0107.<\/span><\/p>\n<p><span style=\"font-size:18px;font-family:&quot;times new roman&quot;, times, serif\"><br \/><\/span><span style=\"font-size:18px;font-family:&quot;times new roman&quot;, times, serif\"><strong>Opony CST 27,5&quot;<\/strong><\/span><span style=\"font-size:18px;font-family:&quot;times new roman&quot;, times, serif\"><br \/>Rower Eleglide T1 jest wyposa\u017cony w 27,5-calowe opony pneumatyczne CST, kt\u00f3re mog\u0105 <br \/>dostosowa\u0107 si\u0119 do r\u00f3\u017cnych nawierzchni. Aby p\u0142ynnie porusza\u0107 si\u0119 po wyboistych drogach, <br \/>g\u00f3rskie \u015bcie\u017cki, powierzchnia opony ma specjaln\u0105 konstrukcj\u0119, kt\u00f3ra umo\u017cliwia ostre <br \/>zmniejszy\u0107 skutki uderze\u0144 spowodowanych nier\u00f3wno\u015bciami na drodze.<\/span><\/p>\n<p><span style=\"font-size:18px;font-family:&quot;times new roman&quot;, times, serif\"><br \/><\/span><span style=\"font-size:18px;font-family:&quot;times new roman&quot;, times, serif\"><strong>7-biegowa przek\u0142adnia Shimano<\/strong><\/span><span style=\"font-size:18px;font-family:&quot;times new roman&quot;, times, serif\"><br \/>Rower elektryczny T1 wyposa\u017cony jest w profesjonaln\u0105 przerzutk\u0119 Shimano z 7 biegami<br \/> biegi z ty\u0142u. Dzi\u0119ki przerzutce mo\u017cesz cieszy\u0107 si\u0119 <br \/>szybsza i \u0142atwiejsza jazda.<\/span><\/p>\n<p><span style=\"font-size:18px;font-family:&quot;times new roman&quot;, times, serif\"><br \/><\/span><span style=\"font-size:18px;font-family:&quot;times new roman&quot;, times, serif\"><strong>Zawieszenie hydrauliczne z blokad\u0105<\/strong><\/span><span style=\"font-size:18px;font-family:&quot;times new roman&quot;, times, serif\"><br \/>Eleglide T1 zosta\u0142 zaprojektowany z amortyzatorem mechanicznym z blokad\u0105, co umo\u017cliwia <br \/>jazda na rowerze b\u0119dzie bardziej komfortowa. Mo\u017cesz j\u0105 zablokowa\u0107 na p\u0142askim terenie. <br \/>drogi dla szybkiej jazdy lub odblokowa\u0107 drog\u0119 na wyboistych \u015bcie\u017ckach dla stabilnej jazdy.<\/span><\/p>\n<p><span style=\"font-size:18px;font-family:&quot;times new roman&quot;, times, serif\"><br \/><\/span><span style=\"font-size:18px;font-family:&quot;times new roman&quot;, times, serif\"><strong>5 poziom\u00f3w wspomagania i tryb chodzenia 6 km\/h<\/strong><\/span><span style=\"font-size:18px;font-family:&quot;times new roman&quot;, times, serif\"><br \/>W trybie wspomagania mo\u017cna prze\u0142\u0105cza\u0107 si\u0119 mi\u0119dzy 5 poziomami wspomagania peda\u0142owania, w tym 12, <br \/>16, 20, 23 i 25 km\/h. Z trybem pchania 6 km\/h mo\u017cesz prowadzi\u0107 rower. <br \/>\u0142atwo i bez wysi\u0142ku.<\/span><\/p>\n<p><span style=\"font-size:18px;font-family:&quot;times new roman&quot;, times, serif\"><br \/><\/span><span style=\"font-size:18px;font-family:&quot;times new roman&quot;, times, serif\"><strong>Inteligentny wy\u015bwietlacz<\/strong><\/span><span style=\"font-size:18px;font-family:&quot;times new roman&quot;, times, serif\"><br \/>Eleglide T1 posiada inteligentny wy\u015bwietlacz LCD, kt\u00f3ry pokazuje r\u00f3\u017cne informacje, <br \/>takich jak pr\u0119dko\u015b\u0107, dystans i moc baterii. Pozwala na aktywacj\u0119 <br \/>wiele funkcji dost\u0119pnych za pomoc\u0105 prostych operacji na wy\u015bwietlaczu, dzi\u0119ki kt\u00f3rym jazda b\u0119dzie jeszcze przyjemniejsza<br \/>m\u0105drzejszy i \u0142atwiejszy.<\/span><\/p>\n<p><\/p>\n<p style=\"font-family:&quot;Open Sans&quot;, Roboto, Arial, Helvetica, sans-serif, SimSun;font-size:14px;font-weight:400;letter-spacing:normal;line-height:inherit;text-align:start;white-space:normal;color:rgb(34, 34, 34);margin:0px;margin-bottom:0px;margin-top:0px;margin-left:0px;margin-right:0px;padding:0px;padding-bottom:0px;padding-top:0px;padding-left:0px;padding-right:0px;box-sizing:border-box\" align=\"start\"><span style=\"color:rgb(34, 34, 34);font-size:14px;font-family:&quot;Open Sans&quot;, Roboto, Arial, Helvetica, sans-serif, SimSun\"><strong><span style=\"font-size:24px\"><span style=\"font-family:&quot;times new roman&quot;, times, serif\">&gt;&gt;Specyfikacja<\/span><\/span><\/strong><\/span><\/p>\n<p><\/p>\n<table style=\"border-collapse:collapse;font-family:&quot;Microsoft YaHei&quot;\" border=\"1\">\n<tbody>\n<tr>\n<td style=\"font-size:14px;text-align:center\" width=\"130\" align=\"center\">\n<p><span style=\"font-size:18px;font-family:&quot;times new roman&quot;, times, serif\">Og\u00f3lny<\/span><\/p>\n<\/td>\n<td style=\"font-size:14px;text-align:center\" width=\"453\" align=\"center\">\n<p><span style=\"font-size:18px;font-family:&quot;times new roman&quot;, times, serif\">Marka: Eleglide<br \/>Model: T1<br \/>Kolor: czarny<\/span><\/p>\n<\/td>\n<\/tr>\n<tr>\n<td style=\"font-size:14px;text-align:center\" width=\"130\" align=\"center\">\n<p><span style=\"font-size:18px;font-family:&quot;times new roman&quot;, times, serif\">Podstawowa specyfikacja<\/span><\/p>\n<\/td>\n<td style=\"font-size:14px;text-align:center\" width=\"453\" align=\"center\">\n<p><span style=\"font-size:18px;font-family:&quot;times new roman&quot;, times, serif\">Waga netto: 26 kg<br \/>Rozmiar po roz\u0142o\u017ceniu: 1790x680x1118mm<br \/>Rozmiar ramki: 27,5&quot; x 17,5&quot;<br \/>Szeroko\u015b\u0107 kierownicy: 26 cali (bez uchwyt\u00f3w), oko\u0142o 26,8 cala (z uchwytami)<br \/>Wysoko\u015b\u0107 siod\u0142a (od pod\u0142o\u017ca): 32,5&quot;-41&quot;<br \/>Zalecany wzrost je\u017ad\u017aca: 160\u2013200 cm (5,25\u20136,56 stopy)<br \/>Maksymalne obci\u0105\u017cenie: 120 kg<br \/>Maksymalna pr\u0119dko\u015b\u0107: 25 km\/h<br \/>Maksymalny zasi\u0119g: 100 km (tryb wspomagania)<br \/>Poziomy pr\u0119dko\u015bci wspomagania: 12\/16\/20\/23\/25 km\/h<br \/>Poziom wodoodporno\u015bci: IPX4<br \/>Materia\u0142: stop aluminium<br \/>Uk\u0142ad hamulcowy: Hamulce tarczowe z przodu i z ty\u0142u + konstrukcja z automatycznym wy\u0142\u0105czaniem<\/span><\/p>\n<\/td>\n<\/tr>\n<tr>\n<td style=\"font-size:14px;text-align:center\" width=\"130\" align=\"center\">\n<p><span style=\"font-size:18px;font-family:&quot;times new roman&quot;, times, serif\">Silnik<\/span><\/p>\n<\/td>\n<td style=\"font-size:14px;text-align:center\" width=\"453\" align=\"center\">\n<p><span style=\"font-size:18px;font-family:&quot;times new roman&quot;, times, serif\">Moc znamionowa i napi\u0119cie: 250 W, 36 V<br \/>Maksymalna moc chwilowa: 500 W<br \/>Maksymalne obroty: 260<br \/>Maksymalny moment obrotowy wyj\u015bciowy: 50 Nm<\/span><\/p>\n<\/td>\n<\/tr>\n<tr>\n<td style=\"font-size:14px;text-align:center\" width=\"130\" align=\"center\">\n<p><span style=\"font-size:18px;font-family:&quot;times new roman&quot;, times, serif\">Przerzutka<\/span><\/p>\n<\/td>\n<td style=\"font-size:14px;text-align:center\" width=\"453\" align=\"center\">\n<p><span style=\"font-size:18px;font-family:&quot;times new roman&quot;, times, serif\">Marka: Shimano<br \/>Liczba bieg\u00f3w: 7 (ty\u0142)<\/span><\/p>\n<\/td>\n<\/tr>\n<tr>\n<td style=\"font-size:14px;text-align:center\" width=\"130\" align=\"center\">\n<p><span style=\"font-size:18px;font-family:&quot;times new roman&quot;, times, serif\">Zawieszenie<\/span><\/p>\n<\/td>\n<td style=\"font-size:14px;text-align:center\" width=\"453\" align=\"center\">\n<p><span style=\"font-size:18px;font-family:&quot;times new roman&quot;, times, serif\">T\u0142umienie mechaniczne z blokad\u0105<\/span><\/p>\n<\/td>\n<\/tr>\n<tr>\n<td style=\"font-size:14px;text-align:center\" width=\"130\" align=\"center\">\n<p><span style=\"font-size:18px;font-family:&quot;times new roman&quot;, times, serif\">Bateria<\/span><\/p>\n<\/td>\n<td style=\"font-size:14px;text-align:center\" width=\"453\" align=\"center\">\n<p><span style=\"font-size:18px;font-family:&quot;times new roman&quot;, times, serif\">Pojemno\u015b\u0107: 13Ah<br \/>Napi\u0119cie: 36V<br \/>Czas \u0142adowania: 4-6h<br \/>Pojemno\u015b\u0107 zasilania: 468 Wh<br \/>System ochrony: Tak<\/span><\/p>\n<\/td>\n<\/tr>\n<tr>\n<td style=\"font-size:14px;text-align:center\" width=\"130\" align=\"center\">\n<p><span style=\"font-size:18px;font-family:&quot;times new roman&quot;, times, serif\">Rumak<\/span><\/p>\n<\/td>\n<td style=\"font-size:14px;text-align:center\" width=\"453\" align=\"center\">\n<p><span style=\"font-size:18px;font-family:&quot;times new roman&quot;, times, serif\">Wej\u015bcie: 100-240 V, 1,8 A<br \/>Wyj\u015bcie: 42V, 2A<\/span><\/p>\n<\/td>\n<\/tr>\n<tr>\n<td style=\"font-size:14px;text-align:center\" width=\"130\" align=\"center\">\n<p><span style=\"font-size:18px;font-family:&quot;times new roman&quot;, times, serif\">Opona<\/span><\/p>\n<\/td>\n<td style=\"font-size:14px;text-align:center\" width=\"453\" align=\"center\">\n<p><span style=\"font-size:18px;font-family:&quot;times new roman&quot;, times, serif\">Marka: CST<br \/>Rozmiar: 27,5&quot; x 2,1&quot;<br \/>Typ: Opona pneumatyczna<br \/>Ci\u015bnienie w oponach: 45-65 PSI<br \/>Najlepsze ci\u015bnienie w oponach: 50 PSI (prz\u00f3d), 55 PSI (ty\u0142)<\/span><\/p>\n<\/td>\n<\/tr>\n<tr>\n<td style=\"font-size:14px;text-align:center\" width=\"130\" align=\"center\">\n<p><span style=\"font-size:18px;font-family:&quot;times new roman&quot;, times, serif\">Wy\u015bwietlacz<\/span><\/p>\n<\/td>\n<td style=\"font-size:14px;text-align:center\" width=\"453\" align=\"center\">\n<p><span style=\"font-size:18px;font-family:&quot;times new roman&quot;, times, serif\">3,5-calowy wy\u015bwietlacz LCD<\/span><\/p>\n<\/td>\n<\/tr>\n<tr>\n<td style=\"font-size:14px;text-align:center\" width=\"130\" align=\"center\">\n<p><span style=\"font-size:18px;font-family:&quot;times new roman&quot;, times, serif\">Pakiet<\/span><\/p>\n<\/td>\n<td style=\"font-size:14px;text-align:center\" width=\"453\" align=\"center\">\n<p><span style=\"font-size:18px;font-family:&quot;times new roman&quot;, times, serif\">Rozmiar: 1480x250x830mm<br \/>Waga brutto: 30,5 kg<\/span><\/p>\n<\/td>\n<\/tr>\n<\/tbody>\n<\/table>\n<p><\/p>\n<p><span style=\"color:rgb(34, 34, 34);font-size:14px;font-family:&quot;Open Sans&quot;, Roboto, Arial, Helvetica, sans-serif, SimSun\"><strong><span style=\"font-size:24px\"><span style=\"font-family:&quot;times new roman&quot;, times, serif\">&gt;&gt;Zdj\u0119cia i opisy produkt\u00f3w<\/span><\/span><\/strong><\/span><\/p>\n<p><\/p>\n<p><img decoding=\"async\" src=\"https:\/\/ae01.alicdn.com\/kf\/Sb4f47fc8a1b7462cbeee4fd4724dfb3cI.jpg\" slate-data-type=\"image\"\/><img decoding=\"async\" src=\"https:\/\/ae01.alicdn.com\/kf\/S46be507f63f9473c8990cb0b01fb883cL.jpg\" slate-data-type=\"image\"\/><img decoding=\"async\" src=\"https:\/\/ae01.alicdn.com\/kf\/S597251cc06ab4ace88b72e63bcbfc844O.jpg\" slate-data-type=\"image\"\/><img decoding=\"async\" src=\"https:\/\/ae01.alicdn.com\/kf\/S2360a3bea2514d83893cad0828d0d565B.jpg\" slate-data-type=\"image\"\/><img decoding=\"async\" src=\"https:\/\/ae01.alicdn.com\/kf\/Sfdfd76e98f474971ba2dd3cab9cc11dda.jpg\" slate-data-type=\"image\"\/><img decoding=\"async\" src=\"https:\/\/ae01.alicdn.com\/kf\/Sd5e8d03649554d81837c5c2ac253f179H.jpg\" slate-data-type=\"image\"\/><img decoding=\"async\" src=\"https:\/\/ae01.alicdn.com\/kf\/S2ad95c8268474c10a7e289d1271212d4j.jpg\" slate-data-type=\"image\"\/><img decoding=\"async\" src=\"https:\/\/ae01.alicdn.com\/kf\/S1455ae55a0fe4e85abcb72633aa81adba.jpg\" slate-data-type=\"image\"\/><img decoding=\"async\" src=\"https:\/\/ae01.alicdn.com\/kf\/S8c335435f4ee4da9a58df2914e8b4d9cu.jpg\" slate-data-type=\"image\"\/><img decoding=\"async\" src=\"https:\/\/ae01.alicdn.com\/kf\/Sbb91b944ce094c8cb4dc55af381511fbY.jpg\" slate-data-type=\"image\"\/><img decoding=\"async\" src=\"https:\/\/ae01.alicdn.com\/kf\/S86bc0c2a56734be9a014ffe72dd691c9i.jpg\" slate-data-type=\"image\"\/><\/p>","protected":false},"excerpt":{"rendered":"<p>Brand:&nbsp;Eleglide Model:&nbsp;T1 Net Weight:&nbsp;26KG Size of Frame:&nbsp;27.5&quot; x 17.5&quot; Max Load:&nbsp;120KG Max Speed:&nbsp;25KM\/H Max Range:&nbsp;100KM (Assist Mode) Speed Levels of Assist:&nbsp;12\/16\/20\/23\/25 km\/h Features 01:&nbsp;Electric Bicycle Features 02:&nbsp;Electric Bikes Features 03:&nbsp;Electric<\/p>","protected":false},"featured_media":21605,"comment_status":"open","ping_status":"closed","template":"","meta":{"_acf_changed":false},"product_brand":[],"product_cat":[230],"product_tag":[],"class_list":{"0":"post-21603","1":"product","2":"type-product","3":"status-publish","4":"has-post-thumbnail","6":"product_cat-bikes","8":"first","9":"instock","10":"shipping-taxable","11":"purchasable","12":"product-type-variable"},"acf":[],"_links":{"self":[{"href":"https:\/\/www.electricstore.eu\/pl\/wp-json\/wp\/v2\/product\/21603","targetHints":{"allow":["GET"]}}],"collection":[{"href":"https:\/\/www.electricstore.eu\/pl\/wp-json\/wp\/v2\/product"}],"about":[{"href":"https:\/\/www.electricstore.eu\/pl\/wp-json\/wp\/v2\/types\/product"}],"replies":[{"embeddable":true,"href":"https:\/\/www.electricstore.eu\/pl\/wp-json\/wp\/v2\/comments?post=21603"}],"wp:featuredmedia":[{"embeddable":true,"href":"https:\/\/www.electricstore.eu\/pl\/wp-json\/wp\/v2\/media\/21605"}],"wp:attachment":[{"href":"https:\/\/www.electricstore.eu\/pl\/wp-json\/wp\/v2\/media?parent=21603"}],"wp:term":[{"taxonomy":"product_brand","embeddable":true,"href":"https:\/\/www.electricstore.eu\/pl\/wp-json\/wp\/v2\/product_brand?post=21603"},{"taxonomy":"product_cat","embeddable":true,"href":"https:\/\/www.electricstore.eu\/pl\/wp-json\/wp\/v2\/product_cat?post=21603"},{"taxonomy":"product_tag","embeddable":true,"href":"https:\/\/www.electricstore.eu\/pl\/wp-json\/wp\/v2\/product_tag?post=21603"}],"curies":[{"name":"wp","href":"https:\/\/api.w.org\/{rel}","templated":true}]}}