{"id":21596,"date":"2025-05-20T18:20:13","date_gmt":"2025-05-20T18:20:13","guid":{"rendered":"https:\/\/electricstore.eu\/p\/uncategorized\/eleglide-m1-plus-adult-bikes-250w-motor-electric-bikes-13ah-100km-range-app-control-electric-bicycles-cheap-electric-bike\/"},"modified":"2025-05-20T18:20:18","modified_gmt":"2025-05-20T18:20:18","slug":"eleglide-m1-plus-adult-bikes-250w-motor-electric-bikes-13ah-100km-range-app-control-electric-bicycles-cheap-electric-bike","status":"publish","type":"product","link":"https:\/\/www.electricstore.eu\/pl\/p\/bikes\/eleglide-m1-plus-adult-bikes-250w-motor-electric-bikes-13ah-100km-range-app-control-electric-bicycles-cheap-electric-bike\/","title":{"rendered":"Rowery elektryczne Eleglide M1 Plus dla doros\u0142ych, silnik 250 W, zasi\u0119g 13 Ah, sterowanie aplikacj\u0105, tanie rowery elektryczne"},"content":{"rendered":"<div class=\"product-specs-list-container\">\n<ul class=\"product-specs-list util-clearfix\">\n<li class=\"product-prop line-limit-length\"><span\n                                        class=\"property-title\">Marka:&nbsp;<\/span><span\n                                        class=\"property-desc line-limit-length\">Eleglide<\/span>\n                            <\/li>\n<li class=\"product-prop line-limit-length\"><span\n                                        class=\"property-title\">Model:&nbsp;<\/span><span\n                                        class=\"property-desc line-limit-length\">M1 Plus<\/span>\n                            <\/li>\n<li class=\"product-prop line-limit-length\"><span\n                                        class=\"property-title\">Masa netto:&nbsp;<\/span><span\n                                        class=\"property-desc line-limit-length\">21,7 kg<\/span>\n                            <\/li>\n<li class=\"product-prop line-limit-length\"><span\n                                        class=\"property-title\">Maksymalne obci\u0105\u017cenie roweru:&nbsp;<\/span><span\n                                        class=\"property-desc line-limit-length\">1790x680x1041 mm<\/span>\n                            <\/li>\n<li class=\"product-prop line-limit-length\"><span\n                                        class=\"property-title\">Rozmiar ramki:&nbsp;<\/span><span\n                                        class=\"property-desc line-limit-length\">27,5&quot;\/29&quot;<\/span>\n                            <\/li>\n<li class=\"product-prop line-limit-length\"><span\n                                        class=\"property-title\">Maksymalne obci\u0105\u017cenie roweru::&nbsp;<\/span><span\n                                        class=\"property-desc line-limit-length\">100 kg<\/span>\n                            <\/li>\n<li class=\"product-prop line-limit-length\"><span\n                                        class=\"property-title\">Tryb chodzenia:&nbsp;<\/span><span\n                                        class=\"property-desc line-limit-length\">6 km\/h<\/span>\n                            <\/li>\n<li class=\"product-prop line-limit-length\"><span\n                                        class=\"property-title\">Poziom wodoodporno\u015bci:&nbsp;<\/span><span\n                                        class=\"property-desc line-limit-length\">IPX4<\/span>\n                            <\/li>\n<li class=\"product-prop line-limit-length\"><span\n                                        class=\"property-title\">Cechy 01:&nbsp;<\/span><span\n                                        class=\"property-desc line-limit-length\">Rower elektryczny<\/span>\n                            <\/li>\n<li class=\"product-prop line-limit-length\"><span\n                                        class=\"property-title\">Cechy 02:&nbsp;<\/span><span\n                                        class=\"property-desc line-limit-length\">Rowery elektryczne<\/span>\n                            <\/li>\n<li class=\"product-prop line-limit-length\"><span\n                                        class=\"property-title\">Cechy 03:&nbsp;<\/span><span\n                                        class=\"property-desc line-limit-length\">Oferta Rower\u00f3w Elektrycznych<\/span>\n                            <\/li>\n<li class=\"product-prop line-limit-length\"><span\n                                        class=\"property-title\">Cechy 04:&nbsp;<\/span><span\n                                        class=\"property-desc line-limit-length\">Rowery elektryczne dla doros\u0142ych<\/span>\n                            <\/li>\n<li class=\"product-prop line-limit-length\"><span\n                                        class=\"property-title\">Cechy 05:&nbsp;<\/span><span\n                                        class=\"property-desc line-limit-length\">Rower sk\u0142adany<\/span>\n                            <\/li>\n<li class=\"product-prop line-limit-length\"><span\n                                        class=\"property-title\">Cechy 06:&nbsp;<\/span><span\n                                        class=\"property-desc line-limit-length\">Rowery elektryczne dla doros\u0142ych<\/span>\n                            <\/li>\n<li class=\"product-prop line-limit-length\"><span\n                                        class=\"property-title\">Tworzywo:&nbsp;<\/span><span\n                                        class=\"property-desc line-limit-length\">Stop aluminium<\/span>\n                            <\/li>\n<li class=\"product-prop line-limit-length\"><span\n                                        class=\"property-title\">Cechy 08:&nbsp;<\/span><span\n                                        class=\"property-desc line-limit-length\">Rower elektryczny<\/span>\n                            <\/li>\n<li class=\"product-prop line-limit-length\"><span\n                                        class=\"property-title\">Cechy 09:&nbsp;<\/span><span\n                                        class=\"property-desc line-limit-length\">Tanie rowery<\/span>\n                            <\/li>\n<\/ul><\/div>\n<p><\/p>\n<p style=\"font-family:&quot;Microsoft YaHei&quot;;font-size:medium;font-weight:400;letter-spacing:normal;text-align:start;white-space:normal;color:rgb(0, 0, 0)\" align=\"start\"><span style=\"font-size:x-large\">Przegl\u0105d najwa\u017cniejszych wydarze\u0144<\/span><\/p>\n<p><\/p>\n<p style=\"font-family:&quot;Microsoft YaHei&quot;;font-size:medium;font-weight:400;letter-spacing:normal;text-align:start;white-space:normal;color:rgb(0, 0, 0)\" align=\"start\"><strong>Mocny silnik i du\u017cy akumulator<br \/><\/strong>Eleglide M1 Plus jest wyposa\u017cony w mocny silnik bezszczotkowy o mocy 250 W, kt\u00f3ry generuje moment obrotowy 45 Nm i pozwala motocyklowi rozp\u0119dzi\u0107 si\u0119 do 25 km\/h. Dzi\u0119ki wymiennemu akumulatorowi litowo-jonowemu o pojemno\u015bci 12,5 Ah, mo\u017ce przejecha\u0107 do 100 km (62 mil) w trybie wspomagania, co idealnie sprawdza si\u0119 podczas d\u0142ugich przeja\u017cd\u017cek.<br \/><strong>Opony CST 27,5&quot;\/29&quot;<br \/><\/strong>Ulepszony rower M1 Plus jest wyposa\u017cony w 27,5-\/29-calowe, wi\u0119ksze opony pneumatyczne CST, kt\u00f3re dostosowuj\u0105 si\u0119 do r\u00f3\u017cnych nawierzchni i z \u0142atwo\u015bci\u0105 oraz stabilno\u015bci\u0105 pokonuj\u0105 przeszkody na szlaku. Co wi\u0119cej, bie\u017cnik opony z bie\u017cnikiem znacz\u0105co redukuje wstrz\u0105sy spowodowane nier\u00f3wno\u015bciami drogi, dzi\u0119ki czemu jazda jest jeszcze przyjemniejsza.<br \/><strong>21-biegowa przek\u0142adnia Shimano<br \/><\/strong>Rower elektryczny zosta\u0142 udoskonalony dzi\u0119ki profesjonalnym przerzutkom Shimano. Przednia przerzutka ma 3 biegi, a tylna 7. Dzi\u0119ki przerzutkom mo\u017cesz cieszy\u0107 si\u0119 szybsz\u0105 i \u0142atwiejsz\u0105 jazd\u0105.<br \/><strong>Zawieszenie hydrauliczne z blokad\u0105<br \/><\/strong>W nowym rowerze Eleglide M1 Plus zastosowano udoskonalon\u0105 konstrukcj\u0119 amortyzatora hydraulicznego z blokad\u0105 zawieszenia, dzi\u0119ki czemu jazda na rowerze staje si\u0119 bardziej komfortowa.<br \/><strong>3 tryby jazdy i 5 poziom\u00f3w pr\u0119dko\u015bci<br \/><\/strong>Podczas jazdy Eleglide M1 Plus mo\u017cesz wybra\u0107 tryb elektryczny, wspomagania lub tryb manualny. Mo\u017cesz r\u00f3wnie\u017c prze\u0142\u0105cza\u0107 si\u0119 mi\u0119dzy 5 poziomami wspomagania\/trybu elektrycznego, w tym 12, 16, 20, 23 i 25 km\/h.<br \/><strong>SmartLCD i sterowanie aplikacj\u0105<br \/><\/strong>M1 Plus posiada inteligentny wy\u015bwietlacz LCD, kt\u00f3ry informuje Ci\u0119 o wszystkich wa\u017cnych szczeg\u00f3\u0142ach, takich jak pr\u0119dko\u015b\u0107 w czasie rzeczywistym, pokonany dystans i poziom na\u0142adowania akumulatora. Mo\u017cesz prze\u0142\u0105cza\u0107 poziomy wspomagania, ustawia\u0107 czas wygaszania ekranu, aktywowa\u0107 tryb pieszego i wiele wi\u0119cej bezpo\u015brednio z poziomu wy\u015bwietlacza. Co wi\u0119cej, mo\u017cesz sterowa\u0107 rowerem za pomoc\u0105 telefonu za pomoc\u0105 aplikacji Eleglide. Inteligentna aplikacja umo\u017cliwia aktywacj\u0119 dodatkowych funkcji, takich jak blokowanie roweru, ustawianie has\u0142a i regulacja czasu wygaszania ekranu, dzi\u0119ki czemu jazda staje si\u0119 inteligentniejsza i \u0142atwiejsza.<\/p>\n<p><\/p>\n<h2 style=\"font-family:&quot;Microsoft YaHei&quot;;font-size:14px;letter-spacing:normal;text-align:start;white-space:normal;color:rgb(0, 0, 0);margin:10px 0px;margin-bottom:10px;margin-top:10px;margin-left:0px;margin-right:0px;padding:0px;padding-bottom:0px;padding-top:0px;padding-left:0px;padding-right:0px\" align=\"start\">Specyfikacja<\/h2>\n<p><\/p>\n<table style=\"border-collapse:collapse;font-family:&quot;Microsoft YaHei&quot;\" border=\"1\" cellpadding=\"8\">\n<tbody>\n<tr>\n<td style=\"width:102px\" width=\"102\">\n<p>Og\u00f3lny<\/p>\n<\/td>\n<td style=\"width:454px\" width=\"454\">\n<p>Marka: Eleglide<br \/>Model: M1 Plus (27,5&quot;)<br \/>Kolor: czarny<\/p>\n<\/td>\n<\/tr>\n<tr>\n<td style=\"width:102px\" width=\"102\">\n<p>Podstawowa specyfikacja<\/p>\n<\/td>\n<td style=\"width:454px\" width=\"454\">\n<p>Waga netto: 21,7 kg<br \/>Rozmiar po roz\u0142o\u017ceniu: 1790x680x1041mm<br \/>Rozmiar ramki: 27,5&quot;\/29&quot; x 18&quot;<br \/>D\u0142ugo\u015b\u0107 kierownicy: 680 mm (26,8 cala)<br \/>Wysoko\u015b\u0107 siod\u0142a (od pod\u0142o\u017ca): 33,5&quot;-41,3&quot;<br \/>Zalecany wzrost je\u017ad\u017aca: 160-195 cm (oko\u0142o 5&#039; 3&quot;-6&#039; 4,8&quot;)<br \/>Maksymalne obci\u0105\u017cenie roweru: 100 kg<br \/>Pr\u0119dko\u015b\u0107 graniczna: 25 km\/h (mo\u017cna dostosowa\u0107 do 32 km\/h)<br \/>Maksymalny zasi\u0119g: 100 km (tryb wspomagania)<br \/>Poziomy wspomagania peda\u0142owania: 12\/16\/20\/23\/25 km\/h<br \/>Tryb spacerowy: 6 km\/h<br \/>Poziom wodoodporno\u015bci: IPX4<br \/>Materia\u0142: stop aluminium<br \/>Uk\u0142ad hamulcowy: Przednie i tylne hamulce tarczowe + konstrukcja z wy\u0142\u0105cznikiem zasilania<\/p>\n<\/td>\n<\/tr>\n<tr>\n<td style=\"width:102px\" width=\"102\">\n<p>Silnik<\/p>\n<\/td>\n<td style=\"width:454px\" width=\"454\">\n<p>Moc znamionowa i napi\u0119cie: 250 W, 36 V<br \/>Maksymalna moc chwilowa: 500 W<br \/>Maksymalne obroty: 210<br \/>Maksymalny moment wyj\u015bciowy: 45 Nm<\/p>\n<\/td>\n<\/tr>\n<tr>\n<td style=\"width:102px\" width=\"102\">\n<p>Przerzutka<\/p>\n<\/td>\n<td style=\"width:454px\" width=\"454\">\n<p>Marka: Shimano<br \/>Liczba bieg\u00f3w: 3 (prz\u00f3d), 7 (ty\u0142)<\/p>\n<\/td>\n<\/tr>\n<tr>\n<td style=\"width:102px\" width=\"102\">\n<p>Bateria<\/p>\n<\/td>\n<td style=\"width:454px\" width=\"454\">\n<p>Pojemno\u015b\u0107: 12,5 Ah<br \/>Napi\u0119cie: 36V<br \/>Czas \u0142adowania: 7 godz.<br \/>Pojemno\u015b\u0107 baterii: 450 Wh<br \/>System ochrony: Tak<\/p>\n<\/td>\n<\/tr>\n<tr>\n<td style=\"width:102px\" width=\"102\">\n<p>Rumak<\/p>\n<\/td>\n<td style=\"width:454px\" width=\"454\">\n<p>Wej\u015bcie: 100-240 V, 2 A<br \/>Wyj\u015bcie: 42V, 2A<\/p>\n<\/td>\n<\/tr>\n<tr>\n<td style=\"width:102px\" width=\"102\">\n<p>Opony<\/p>\n<\/td>\n<td style=\"width:454px\" width=\"454\">\n<p>Marka: CST<br \/>Rozmiar: 27,5&quot; x 2,1&quot;<br \/>Typ: Opony pneumatyczne gumowe<br \/>Ci\u015bnienie w oponach: 45-65 PSI<br \/>Najlepsze ci\u015bnienie w oponach: 50 PSI (prz\u00f3d), 55 PSI (ty\u0142)<\/p>\n<\/td>\n<\/tr>\n<tr>\n<td style=\"width:102px\" width=\"102\">\n<p>Wy\u015bwietlacz<\/p>\n<\/td>\n<td style=\"width:454px\" width=\"454\">\n<p>Rozmiar: 1,75&quot;<br \/>Typ: LCD<br \/>Informacje: Pr\u0119dko\u015b\u0107, Poziom na\u0142adowania akumulatora, Przebieg\/licznik kilometr\u00f3w, Poziom wspomagania, Tryb pchania, Znak \u015bwietlny, Kod b\u0142\u0119du, Znak hamulca\/awarii<br \/>Funkcje: w\u0142\u0105czanie\/wy\u0142\u0105czanie zasilania, w\u0142\u0105czanie\/wy\u0142\u0105czanie \u015bwiate\u0142, zmiana poziom\u00f3w wspomagania zmiany bieg\u00f3w, aktywacja trybu push, usuwanie danych ODO, ustawianie czasu wygaszania ekranu itp.<\/p>\n<\/td>\n<\/tr>\n<tr>\n<td style=\"width:102px\" width=\"102\">\n<p>Aplikacja<\/p>\n<\/td>\n<td style=\"width:454px\" width=\"454\">\n<p>Imi\u0119: Eleglide<br \/>Obs\u0142uga systemu: iOS (11.0+), Android (5.0+)<br \/>Funkcje: w\u0142\u0105czanie\/wy\u0142\u0105czanie \u015bwiat\u0142a, zmiana poziom\u00f3w wspomagania, blokowanie\/odblokowywanie roweru, ustawianie has\u0142a, regulacja jasno\u015bci ekranu itp.<\/p>\n<\/td>\n<\/tr>\n<tr>\n<td style=\"width:102px\" width=\"102\">\n<p>Pakiet<\/p>\n<\/td>\n<td style=\"width:454px\" width=\"454\">\n<p>Rozmiar: 1480x220x770mm<br \/>Masa ca\u0142kowita: 27 kg<\/p>\n<\/td>\n<\/tr>\n<tr>\n<td style=\"width:102px\" width=\"102\">\n<p>Lista pakiet\u00f3w<\/p>\n<\/td>\n<td style=\"width:454px\" width=\"454\">\n<p>1 x Rower Eleglide 1 x Instrukcja obs\u0142ugi<br \/>1 x \u0141adowarka 2 x Peda\u0142<br \/>1 x Odblask tylny 4 x Odblask szprychowy<br \/>1 x wy\u015bwietlacz LCD 2 x klucz<br \/>1 x Zestaw narz\u0119dzi 1 x Zestaw przepustnicy<\/p>\n<\/td>\n<\/tr>\n<tr>\n<td style=\"width:556px\" width=\"556\" colspan=\"2\">\n<p>Uwaga: maksymalny zasi\u0119g osi\u0105gany jest w nast\u0119puj\u0105cych warunkach: obci\u0105\u017cenie 75 kg, temperatura 26\u2103, sta\u0142a pr\u0119dko\u015b\u0107 15 km\/h, p\u0142askie drogi, bez silnego wiatru.<\/p>\n<\/td>\n<\/tr>\n<\/tbody>\n<\/table>\n<p><img decoding=\"async\" src=\"https:\/\/ae01.alicdn.com\/kf\/Sac0bfdff325945939c57588c426418188.jpeg\" slate-data-type=\"image\"\/><img decoding=\"async\" src=\"https:\/\/ae01.alicdn.com\/kf\/Sc9cdbd8ee5874b28b0c1844b60e60a00T.jpeg\" slate-data-type=\"image\"\/><img decoding=\"async\" src=\"https:\/\/ae01.alicdn.com\/kf\/S071ddc459d02406a83f5f5ec2ae198ca5.jpeg\" slate-data-type=\"image\"\/><img decoding=\"async\" src=\"https:\/\/ae01.alicdn.com\/kf\/S80dcff1728f54ec187b138bfa5abde9do.jpeg\" slate-data-type=\"image\"\/><img decoding=\"async\" src=\"https:\/\/ae01.alicdn.com\/kf\/S8ca7e861e8494bd8823febb4c52d1200a.jpeg\" slate-data-type=\"image\"\/><img decoding=\"async\" src=\"https:\/\/ae01.alicdn.com\/kf\/Sf95a79c18d5b4a1fb532eb5783407ed4z.jpeg\" slate-data-type=\"image\"\/><img decoding=\"async\" src=\"https:\/\/ae01.alicdn.com\/kf\/Sca407e8bd8314675b9b371ef8edbb823H.jpeg\" slate-data-type=\"image\"\/><img decoding=\"async\" src=\"https:\/\/ae01.alicdn.com\/kf\/S90b863fb99c34b6ab9e3e4ddf97e3450v.jpeg\" slate-data-type=\"image\"\/><img decoding=\"async\" src=\"https:\/\/ae01.alicdn.com\/kf\/Se833949820214331919e9fc5b4a42a3fl.jpeg\" slate-data-type=\"image\"\/><img decoding=\"async\" src=\"https:\/\/ae01.alicdn.com\/kf\/S979251df0f4c405c9e7b03d4fae6b516v.jpeg\" slate-data-type=\"image\"\/><img decoding=\"async\" src=\"https:\/\/ae01.alicdn.com\/kf\/Sd27b1ff2cbfb44e7b8309b4bfdcab174E.jpeg\" slate-data-type=\"image\"\/><img decoding=\"async\" src=\"https:\/\/ae01.alicdn.com\/kf\/S73ef3b1ada2c43c39c525e7e71f89367A.jpeg\" slate-data-type=\"image\"\/><img decoding=\"async\" src=\"https:\/\/ae01.alicdn.com\/kf\/S5cdbcaa253284456bc6c72c76ac180bbB.jpeg\" slate-data-type=\"image\"\/><img decoding=\"async\" src=\"https:\/\/ae01.alicdn.com\/kf\/S54d93284c50042b5992ab8d218488629P.jpeg\" slate-data-type=\"image\"\/><\/p>","protected":false},"excerpt":{"rendered":"<p>Brand:&nbsp;Eleglide Model:&nbsp;M1 Plus Net Weight:&nbsp;21.7kg Max Load of Bike:&nbsp;1790x680x1041mm Size of Frame:&nbsp;27.5&quot;\/29\u201c Max Load of Bike::&nbsp;100 kg Walk Mode:&nbsp;6km\/h Waterproof Level:&nbsp;IPX4 Features 01:&nbsp;Electric Bicycle Features 02:&nbsp;Electric Bikes Features 03:&nbsp;Electric Bike<\/p>","protected":false},"featured_media":21597,"comment_status":"open","ping_status":"closed","template":"","meta":{"_acf_changed":false},"product_brand":[],"product_cat":[230],"product_tag":[],"class_list":{"0":"post-21596","1":"product","2":"type-product","3":"status-publish","4":"has-post-thumbnail","6":"product_cat-bikes","8":"first","9":"instock","10":"shipping-taxable","11":"purchasable","12":"product-type-variable"},"acf":[],"_links":{"self":[{"href":"https:\/\/www.electricstore.eu\/pl\/wp-json\/wp\/v2\/product\/21596","targetHints":{"allow":["GET"]}}],"collection":[{"href":"https:\/\/www.electricstore.eu\/pl\/wp-json\/wp\/v2\/product"}],"about":[{"href":"https:\/\/www.electricstore.eu\/pl\/wp-json\/wp\/v2\/types\/product"}],"replies":[{"embeddable":true,"href":"https:\/\/www.electricstore.eu\/pl\/wp-json\/wp\/v2\/comments?post=21596"}],"wp:featuredmedia":[{"embeddable":true,"href":"https:\/\/www.electricstore.eu\/pl\/wp-json\/wp\/v2\/media\/21597"}],"wp:attachment":[{"href":"https:\/\/www.electricstore.eu\/pl\/wp-json\/wp\/v2\/media?parent=21596"}],"wp:term":[{"taxonomy":"product_brand","embeddable":true,"href":"https:\/\/www.electricstore.eu\/pl\/wp-json\/wp\/v2\/product_brand?post=21596"},{"taxonomy":"product_cat","embeddable":true,"href":"https:\/\/www.electricstore.eu\/pl\/wp-json\/wp\/v2\/product_cat?post=21596"},{"taxonomy":"product_tag","embeddable":true,"href":"https:\/\/www.electricstore.eu\/pl\/wp-json\/wp\/v2\/product_tag?post=21596"}],"curies":[{"name":"wp","href":"https:\/\/api.w.org\/{rel}","templated":true}]}}