{"id":21569,"date":"2025-05-20T18:20:00","date_gmt":"2025-05-20T18:20:00","guid":{"rendered":"https:\/\/electricstore.eu\/p\/uncategorized\/engwe-mapfour-n1-air-adult-electric-bike-25km-h-max-speed-250w-100km-range-36v-10ah-battery-electric-road-bikes-electric-bicycle\/"},"modified":"2025-05-20T18:20:08","modified_gmt":"2025-05-20T18:20:08","slug":"engwe-mapfour-n1-air-adult-electric-bike-25km-h-max-speed-250w-100km-range-36v-10ah-battery-electric-road-bikes-electric-bicycle","status":"publish","type":"product","link":"https:\/\/www.electricstore.eu\/pl\/p\/bikes\/engwe-mapfour-n1-air-adult-electric-bike-25km-h-max-speed-250w-100km-range-36v-10ah-battery-electric-road-bikes-electric-bicycle\/","title":{"rendered":"ENGWE MapFour N1 Air Rower elektryczny dla doros\u0142ych 25 km\/h Maksymalna pr\u0119dko\u015b\u0107 250 W Zasi\u0119g 100 km Akumulator 36 V 10 Ah Elektryczne rowery szosowe Rower elektryczny"},"content":{"rendered":"<div class=\"product-specs-list-container\">\n<ul class=\"product-specs-list util-clearfix\">\n<li class=\"product-prop line-limit-length\"><span\n                                        class=\"property-title\">Marka:&nbsp;<\/span><span\n                                        class=\"property-desc line-limit-length\">ENGWE<\/span>\n                            <\/li>\n<li class=\"product-prop line-limit-length\"><span\n                                        class=\"property-title\">Typ:&nbsp;<\/span><span\n                                        class=\"property-desc line-limit-length\">Przedni i tylny mechaniczny hamulec tarczowy<\/span>\n                            <\/li>\n<li class=\"product-prop line-limit-length\"><span\n                                        class=\"property-title\">Model:&nbsp;<\/span><span\n                                        class=\"property-desc line-limit-length\">MapFour N1 Air<\/span>\n                            <\/li>\n<li class=\"product-prop line-limit-length\"><span\n                                        class=\"property-title\">Tworzywo:&nbsp;<\/span><span\n                                        class=\"property-desc line-limit-length\">Rama z w\u0142\u00f3kna w\u0119glowego<\/span>\n                            <\/li>\n<li class=\"product-prop line-limit-length\"><span\n                                        class=\"property-title\">Silnik:&nbsp;<\/span><span\n                                        class=\"property-desc line-limit-length\">Silnik piasty tylnej MIVICE M070<\/span>\n                            <\/li>\n<li class=\"product-prop line-limit-length\"><span\n                                        class=\"property-title\">Transduktor:&nbsp;<\/span><span\n                                        class=\"property-desc line-limit-length\">Czujnik momentu obrotowego<\/span>\n                            <\/li>\n<li class=\"product-prop line-limit-length\"><span\n                                        class=\"property-title\">Maksymalny moment obrotowy:&nbsp;<\/span><span\n                                        class=\"property-desc line-limit-length\">40 Nm<\/span>\n                            <\/li>\n<li class=\"product-prop line-limit-length\"><span\n                                        class=\"property-title\">Opony:&nbsp;<\/span><span\n                                        class=\"property-desc line-limit-length\">Opony szprychowe 700*38C<\/span>\n                            <\/li>\n<li class=\"product-prop line-limit-length\"><span\n                                        class=\"property-title\">Cechy 01:&nbsp;<\/span><span\n                                        class=\"property-desc line-limit-length\">Rower elektryczny<\/span>\n                            <\/li>\n<li class=\"product-prop line-limit-length\"><span\n                                        class=\"property-title\">Cechy 02:&nbsp;<\/span><span\n                                        class=\"property-desc line-limit-length\">Rowery elektryczne<\/span>\n                            <\/li>\n<li class=\"product-prop line-limit-length\"><span\n                                        class=\"property-title\">Cechy 03:&nbsp;<\/span><span\n                                        class=\"property-desc line-limit-length\">Oferta Rower\u00f3w Elektrycznych<\/span>\n                            <\/li>\n<li class=\"product-prop line-limit-length\"><span\n                                        class=\"property-title\">Cechy 04:&nbsp;<\/span><span\n                                        class=\"property-desc line-limit-length\">Rowery elektryczne dla doros\u0142ych<\/span>\n                            <\/li>\n<li class=\"product-prop line-limit-length\"><span\n                                        class=\"property-title\">Cechy 05:&nbsp;<\/span><span\n                                        class=\"property-desc line-limit-length\">Rower sk\u0142adany<\/span>\n                            <\/li>\n<li class=\"product-prop line-limit-length\"><span\n                                        class=\"property-title\">Cechy 06:&nbsp;<\/span><span\n                                        class=\"property-desc line-limit-length\">Rowery elektryczne dla doros\u0142ych<\/span>\n                            <\/li>\n<li class=\"product-prop line-limit-length\"><span\n                                        class=\"property-title\">Cechy 07:&nbsp;<\/span><span\n                                        class=\"property-desc line-limit-length\">Rowery sk\u0142adane<\/span>\n                            <\/li>\n<li class=\"product-prop line-limit-length\"><span\n                                        class=\"property-title\">Cechy 08:&nbsp;<\/span><span\n                                        class=\"property-desc line-limit-length\">Rower elektryczny<\/span>\n                            <\/li>\n<li class=\"product-prop line-limit-length\"><span\n                                        class=\"property-title\">Cechy 09:&nbsp;<\/span><span\n                                        class=\"property-desc line-limit-length\">Tanie rowery<\/span>\n                            <\/li>\n<li class=\"product-prop line-limit-length\"><span\n                                        class=\"property-title\">Pr\u0119dko\u015b\u0107:&nbsp;<\/span><span\n                                        class=\"property-desc line-limit-length\">25 km\/h<\/span>\n                            <\/li>\n<li class=\"product-prop line-limit-length\"><span\n                                        class=\"property-title\">Zakres:&nbsp;<\/span><span\n                                        class=\"property-desc line-limit-length\">100 km (poziom PAS 1)<\/span>\n                            <\/li>\n<li class=\"product-prop line-limit-length\"><span\n                                        class=\"property-title\">Maksymalne obci\u0105\u017cenie::&nbsp;<\/span><span\n                                        class=\"property-desc line-limit-length\">120kg<\/span>\n                            <\/li>\n<\/ul><\/div>\n<p><\/p>\n<p style=\"font-family:&quot;Microsoft YaHei&quot;;font-size:medium;font-weight:400;letter-spacing:normal;text-align:start;white-space:normal;color:rgb(0, 0, 0)\" align=\"start\"><span style=\"font-size:x-large\">Przegl\u0105d najwa\u017cniejszych wydarze\u0144<\/span><\/p>\n<p><\/p>\n<h3 style=\"font-family:&quot;Microsoft YaHei&quot;;letter-spacing:normal;text-align:start;white-space:normal;color:rgb(0, 0, 0)\" align=\"start\">Ultralekka rama karbonowa<\/h3>\n<p style=\"font-family:&quot;Microsoft YaHei&quot;;font-size:medium;font-weight:400;letter-spacing:normal;text-align:start;white-space:normal;color:rgb(0, 0, 0)\" align=\"start\">Superlekka rama z w\u0142\u00f3kna w\u0119glowego, wa\u017c\u0105ca zaledwie 1,28 kg, rower elektryczny ENGWE MapFour N1 Air zosta\u0142 zaprojektowany z my\u015bl\u0105 o optymalnej aerodynamice, zapewniaj\u0105c p\u0142ynniejsz\u0105, bardziej stabiln\u0105 jazd\u0119 i zmniejszony op\u00f3r powietrza.<\/p>\n<h3 style=\"font-family:&quot;Microsoft YaHei&quot;;letter-spacing:normal;text-align:start;white-space:normal;color:rgb(0, 0, 0)\" align=\"start\">Silnik 250 W<\/h3>\n<p style=\"font-family:&quot;Microsoft YaHei&quot;;font-size:medium;font-weight:400;letter-spacing:normal;text-align:start;white-space:normal;color:rgb(0, 0, 0)\" align=\"start\">Kompaktowy rower miejski z moc\u0105 wyj\u015bciow\u0105 250 W i momentem obrotowym 40 Nm, elektryczny rower miejski ENGWE MapFour N1 Air zapewnia doskona\u0142\u0105 wydajno\u015b\u0107 i eleganck\u0105 konstrukcj\u0119, niemal nieodr\u00f3\u017cnialn\u0105 od standardowego roweru.<\/p>\n<h3 style=\"font-family:&quot;Microsoft YaHei&quot;;letter-spacing:normal;text-align:start;white-space:normal;color:rgb(0, 0, 0)\" align=\"start\">36 V 10 Ah Wyjmowany Akumulator<\/h3>\n<p style=\"font-family:&quot;Microsoft YaHei&quot;;font-size:medium;font-weight:400;letter-spacing:normal;text-align:start;white-space:normal;color:rgb(0, 0, 0)\" align=\"start\">Akumulator 36 V 10 Ah zapewnia zasi\u0119g 100 km. Miejski rower elektryczny ENGWE MapFour N1 Air zosta\u0142 zaprojektowany z my\u015bl\u0105 o \u017cyciu w mie\u015bcie. Dzi\u0119ki d\u0142ugotrwa\u0142emu zasilaniu mo\u017cesz zapomnie\u0107 o codziennym \u0142adowaniu i skupi\u0107 si\u0119 na podr\u00f3\u017cy.<\/p>\n<h3 style=\"font-family:&quot;Microsoft YaHei&quot;;letter-spacing:normal;text-align:start;white-space:normal;color:rgb(0, 0, 0)\" align=\"start\">Komfortowa i bezpieczna jazda<\/h3>\n<p style=\"font-family:&quot;Microsoft YaHei&quot;;font-size:medium;font-weight:400;letter-spacing:normal;text-align:start;white-space:normal;color:rgb(0, 0, 0)\" align=\"start\">Opony szprychowe 700*38C zosta\u0142y zaprojektowane z my\u015bl\u0105 o pr\u0119dko\u015bci i stabilno\u015bci, zapewniaj\u0105c p\u0142ynn\u0105 jazd\u0119 na zr\u00f3\u017cnicowanych nawierzchniach miejskich. Wyposa\u017cone w mechaniczny hamulec tarczowy zapewniaj\u0105cy niezawodn\u0105 i precyzyjn\u0105 si\u0142\u0119 hamowania.\u00a0<\/p>\n<h3 style=\"font-family:&quot;Microsoft YaHei&quot;;letter-spacing:normal;text-align:start;white-space:normal;color:rgb(0, 0, 0)\" align=\"start\">P\u0142ynne wra\u017cenia z jazdy<\/h3>\n<p style=\"font-family:&quot;Microsoft YaHei&quot;;font-size:medium;font-weight:400;letter-spacing:normal;text-align:start;white-space:normal;color:rgb(0, 0, 0)\" align=\"start\">Czujnik momentu obrotowego w lekkim rowerze elektrycznym ENGWE MapFour N1 Air zapewnia p\u0142ynne i responsywne wspomaganie peda\u0142owania poprzez dok\u0142adny pomiar si\u0142y nacisku na peda\u0142y, co przek\u0142ada si\u0119 na naturaln\u0105 jazd\u0119.<\/p>\n<p><\/p>\n<h2 style=\"font-family:&quot;Microsoft YaHei&quot;;font-size:14px;letter-spacing:normal;text-align:start;white-space:normal;color:rgb(0, 0, 0);margin:10px 0px;margin-bottom:10px;margin-top:10px;margin-left:0px;margin-right:0px;padding:0px;padding-bottom:0px;padding-top:0px;padding-left:0px;padding-right:0px\" align=\"start\">Specyfikacja<\/h2>\n<p><\/p>\n<table style=\"border-collapse:collapse;font-family:&quot;Microsoft YaHei&quot;;width:1000px\" class=\"jbEidtTable\" border=\"1\" cellpadding=\"5\" cellspacing=\"0\">\n<tbody>\n<tr>\n<td style=\"text-align:left\" align=\"left\">\n<p><strong>Og\u00f3lny<\/strong><\/p>\n<\/td>\n<td style=\"text-align:left\" align=\"left\">\n<p>Marka: ENGWE<br \/>Typ: Rower elektryczny<br \/>Model: MapFour N1 Air<br \/>Kolor: zielony<\/p>\n<\/td>\n<\/tr>\n<tr>\n<td style=\"text-align:left\" align=\"left\">\n<p><strong>Specyfikacja<\/strong><\/p>\n<\/td>\n<td style=\"text-align:left\" align=\"left\">\n<p>Materia\u0142: Rama z w\u0142\u00f3kna w\u0119glowego<br \/>Silnik: Silnik tylnej piasty MIVICE M070<br \/>Czujnik: Czujnik momentu obrotowego<br \/>Maksymalny moment obrotowy: 40 Nm<br \/>Opony: Opony szprychowe 700*38C<br \/>\u015awiat\u0142a: przednie i tylne \u015bwiat\u0142o solarne<br \/>System przeniesienia nap\u0119du: SHIMANO 7-biegowy<br \/>Hamulec: 160 mm mechaniczny hamulec tarczowy z przodu i z ty\u0142u<br \/>Akumulator: 36 V 10 Ah SAMSUNG Wyjmowany akumulator litowo-jonowy<br \/>Pr\u0119dko\u015b\u0107: 25 km\/h<br \/>Zasi\u0119g: 100 km (poziom PAS 1)<br \/>Czas \u0142adowania: oko\u0142o 5\u20138 godzin (czas \u0142adowania akumulatora zale\u017cy od sposobu jego u\u017cytkowania).<br \/>Maksymalny k\u0105t wspinania: 10\u00b0<br \/>Wy\u015bwietlacz: Kolorowy wy\u015bwietlacz LCD<br \/>Maksymalne obci\u0105\u017cenie: 120 kg<\/p>\n<\/td>\n<\/tr>\n<tr>\n<td style=\"text-align:left\" align=\"left\">\n<p><strong>Waga i rozmiar<\/strong><\/p>\n<\/td>\n<td style=\"text-align:left\" align=\"left\">\n<p>Waga produktu: 15,6 kg<br \/>Waga paczki: 25,4 kg<br \/>Wymiary opakowania (d\u0142. x szer. x wys.): 148,4 x 22,5 x 73 cm<\/p>\n<\/td>\n<\/tr>\n<tr>\n<td style=\"text-align:left\" align=\"left\">\n<p><strong>Zawarto\u015b\u0107 opakowania<\/strong><\/p>\n<\/td>\n<td style=\"text-align:left\" align=\"left\">\n<p>1 x rower elektryczny<br \/>1 x \u0142adowarka<br \/>1 x Zestaw narz\u0119dzi<br \/>1 x Instrukcja obs\u0142ugi<\/p>\n<\/td>\n<\/tr>\n<\/tbody>\n<\/table>\n<p><img decoding=\"async\" src=\"https:\/\/ae01.alicdn.com\/kf\/S3c2dc56355bb462d9fbbf2448ff58181y.jpeg\" slate-data-type=\"image\"\/><img decoding=\"async\" src=\"https:\/\/ae01.alicdn.com\/kf\/S84720af833be4a47a5563cfc03dd43d9d.jpeg\" slate-data-type=\"image\"\/><img decoding=\"async\" src=\"https:\/\/ae01.alicdn.com\/kf\/S6564cc26b1964a9d88a64fca455ba60fy.jpeg\" slate-data-type=\"image\"\/><img decoding=\"async\" src=\"https:\/\/ae01.alicdn.com\/kf\/S8525aa63d4bf467db491cb065789dc24W.jpeg\" slate-data-type=\"image\"\/><img decoding=\"async\" src=\"https:\/\/ae01.alicdn.com\/kf\/S8f6440aa6a3041fd9ea40d9fe4c81075b.jpeg\" slate-data-type=\"image\"\/><img decoding=\"async\" src=\"https:\/\/ae01.alicdn.com\/kf\/S62106a83da2f4a92ba6dc24e127e3f9bQ.jpeg\" slate-data-type=\"image\"\/><img decoding=\"async\" src=\"https:\/\/ae01.alicdn.com\/kf\/See105fe7292240df953a27f56ef6d42eA.jpeg\" slate-data-type=\"image\"\/><img decoding=\"async\" src=\"https:\/\/ae01.alicdn.com\/kf\/Sa980e31d7bf94628a1acf52254cc3f06b.jpeg\" slate-data-type=\"image\"\/><img decoding=\"async\" src=\"https:\/\/ae01.alicdn.com\/kf\/S909b25941f5e4d3c977fcd3c9b787cc1K.jpeg\" slate-data-type=\"image\"\/><img decoding=\"async\" src=\"https:\/\/ae01.alicdn.com\/kf\/S52430b5af63f48e7a3abac665730ba43G.jpeg\" slate-data-type=\"image\"\/><img decoding=\"async\" src=\"https:\/\/ae01.alicdn.com\/kf\/S2937387f9b244ce4915e7987b15b75b7L.jpeg\" slate-data-type=\"image\"\/><img decoding=\"async\" src=\"https:\/\/ae01.alicdn.com\/kf\/Sc7f4393018224cd4a2e8aa6bd73523d3v.jpeg\" slate-data-type=\"image\"\/><img decoding=\"async\" src=\"https:\/\/ae01.alicdn.com\/kf\/S9da94f6ae9684e32a1debdacf9ee89f2q.jpeg\" slate-data-type=\"image\"\/><\/p>","protected":false},"excerpt":{"rendered":"<p>Brand:&nbsp;ENGWE Type:&nbsp;Front &amp; Rear Mechanical Disc Brake Model:&nbsp;MapFour N1 Air Material:&nbsp;Carbon Fiber Frame Motor:&nbsp;MIVICE M070 Rear Hub Motor Sensor:&nbsp;Torque Sensor Max Torque:&nbsp;40 Nm Tires:&nbsp;700*38C Spoke Tires Features 01:&nbsp;Electric Bicycle Features<\/p>","protected":false},"featured_media":21571,"comment_status":"open","ping_status":"closed","template":"","meta":{"_acf_changed":false},"product_brand":[],"product_cat":[230],"product_tag":[],"class_list":{"0":"post-21569","1":"product","2":"type-product","3":"status-publish","4":"has-post-thumbnail","6":"product_cat-bikes","8":"first","9":"instock","10":"shipping-taxable","11":"purchasable","12":"product-type-variable"},"acf":[],"_links":{"self":[{"href":"https:\/\/www.electricstore.eu\/pl\/wp-json\/wp\/v2\/product\/21569","targetHints":{"allow":["GET"]}}],"collection":[{"href":"https:\/\/www.electricstore.eu\/pl\/wp-json\/wp\/v2\/product"}],"about":[{"href":"https:\/\/www.electricstore.eu\/pl\/wp-json\/wp\/v2\/types\/product"}],"replies":[{"embeddable":true,"href":"https:\/\/www.electricstore.eu\/pl\/wp-json\/wp\/v2\/comments?post=21569"}],"wp:featuredmedia":[{"embeddable":true,"href":"https:\/\/www.electricstore.eu\/pl\/wp-json\/wp\/v2\/media\/21571"}],"wp:attachment":[{"href":"https:\/\/www.electricstore.eu\/pl\/wp-json\/wp\/v2\/media?parent=21569"}],"wp:term":[{"taxonomy":"product_brand","embeddable":true,"href":"https:\/\/www.electricstore.eu\/pl\/wp-json\/wp\/v2\/product_brand?post=21569"},{"taxonomy":"product_cat","embeddable":true,"href":"https:\/\/www.electricstore.eu\/pl\/wp-json\/wp\/v2\/product_cat?post=21569"},{"taxonomy":"product_tag","embeddable":true,"href":"https:\/\/www.electricstore.eu\/pl\/wp-json\/wp\/v2\/product_tag?post=21569"}],"curies":[{"name":"wp","href":"https:\/\/api.w.org\/{rel}","templated":true}]}}