{"id":21547,"date":"2025-05-20T18:19:48","date_gmt":"2025-05-20T18:19:48","guid":{"rendered":"https:\/\/electricstore.eu\/p\/uncategorized\/touroll-s1-electric-fat-bike-25km-h-20x4-0-fat-tires-60nm-torque-15-6ah-100km-range-7-speed-shimano-gear-electric-bicycles\/"},"modified":"2025-05-20T18:19:57","modified_gmt":"2025-05-20T18:19:57","slug":"touroll-s1-electric-fat-bike-25km-h-20x4-0-fat-tires-60nm-torque-15-6ah-100km-range-7-speed-shimano-gear-electric-bicycles","status":"publish","type":"product","link":"https:\/\/www.electricstore.eu\/pl\/p\/bikes\/touroll-s1-electric-fat-bike-25km-h-20x4-0-fat-tires-60nm-torque-15-6ah-100km-range-7-speed-shimano-gear-electric-bicycles\/","title":{"rendered":"Tourol S1 Electric Fat Bike 25 km\/h 20&#039;x4.0\u2032 Fat Opony 60 Nm Moment obrotowy 15,6 Ah Zasi\u0119g 100 km 7-biegowa przek\u0142adnia Shimano Rowery elektryczne"},"content":{"rendered":"<div class=\"product-specs-list-container\">\n<ul class=\"product-specs-list util-clearfix\">\n<li class=\"product-prop line-limit-length\"><span\n                                        class=\"property-title\">Marka:&nbsp;<\/span><span\n                                        class=\"property-desc line-limit-length\">Turowa<\/span>\n                            <\/li>\n<li class=\"product-prop line-limit-length\"><span\n                                        class=\"property-title\">Nazwa:&nbsp;<\/span><span\n                                        class=\"property-desc line-limit-length\">Snodal<\/span>\n                            <\/li>\n<li class=\"product-prop line-limit-length\"><span\n                                        class=\"property-title\">Model:&nbsp;<\/span><span\n                                        class=\"property-desc line-limit-length\">S1<\/span>\n                            <\/li>\n<li class=\"product-prop line-limit-length\"><span\n                                        class=\"property-title\">Moc znamionowa:&nbsp;<\/span><span\n                                        class=\"property-desc line-limit-length\">748.8Wh<\/span>\n                            <\/li>\n<li class=\"product-prop line-limit-length\"><span\n                                        class=\"property-title\">Rozmiar ramki:&nbsp;<\/span><span\n                                        class=\"property-desc line-limit-length\">20&quot;x17&quot;<\/span>\n                            <\/li>\n<li class=\"product-prop line-limit-length\"><span\n                                        class=\"property-title\">Maksymalne obci\u0105\u017cenie roweru:&nbsp;<\/span><span\n                                        class=\"property-desc line-limit-length\">120kg<\/span>\n                            <\/li>\n<li class=\"product-prop line-limit-length\"><span\n                                        class=\"property-title\">Pr\u0119dko\u015b\u0107 odci\u0119cia:&nbsp;<\/span><span\n                                        class=\"property-desc line-limit-length\">25 km\/h<\/span>\n                            <\/li>\n<li class=\"product-prop line-limit-length\"><span\n                                        class=\"property-title\">Max Range::&nbsp;<\/span><span\n                                        class=\"property-desc line-limit-length\">100 km (tryb wspomagania)<\/span>\n                            <\/li>\n<li class=\"product-prop line-limit-length\"><span\n                                        class=\"property-title\">Cechy 01:&nbsp;<\/span><span\n                                        class=\"property-desc line-limit-length\">Rower elektryczny<\/span>\n                            <\/li>\n<li class=\"product-prop line-limit-length\"><span\n                                        class=\"property-title\">Cechy 02:&nbsp;<\/span><span\n                                        class=\"property-desc line-limit-length\">Rowery elektryczne<\/span>\n                            <\/li>\n<li class=\"product-prop line-limit-length\"><span\n                                        class=\"property-title\">Cechy 03:&nbsp;<\/span><span\n                                        class=\"property-desc line-limit-length\">Oferta Rower\u00f3w Elektrycznych<\/span>\n                            <\/li>\n<li class=\"product-prop line-limit-length\"><span\n                                        class=\"property-title\">Cechy 04:&nbsp;<\/span><span\n                                        class=\"property-desc line-limit-length\">Rowery elektryczne dla doros\u0142ych<\/span>\n                            <\/li>\n<li class=\"product-prop line-limit-length\"><span\n                                        class=\"property-title\">Cechy 06:&nbsp;<\/span><span\n                                        class=\"property-desc line-limit-length\">Rowery elektryczne dla doros\u0142ych<\/span>\n                            <\/li>\n<li class=\"product-prop line-limit-length\"><span\n                                        class=\"property-title\">Cechy 08:&nbsp;<\/span><span\n                                        class=\"property-desc line-limit-length\">Rower elektryczny<\/span>\n                            <\/li>\n<li class=\"product-prop line-limit-length\"><span\n                                        class=\"property-title\">Cechy 09:&nbsp;<\/span><span\n                                        class=\"property-desc line-limit-length\">Tanie rowery<\/span>\n                            <\/li>\n<li class=\"product-prop line-limit-length\"><span\n                                        class=\"property-title\">Poziom wodoodporno\u015bci:&nbsp;<\/span><span\n                                        class=\"property-desc line-limit-length\">IPX4<\/span>\n                            <\/li>\n<li class=\"product-prop line-limit-length\"><span\n                                        class=\"property-title\">Materia\u0142 ramy:&nbsp;<\/span><span\n                                        class=\"property-desc line-limit-length\">Aluminium Alloy (AL6061)<\/span>\n                            <\/li>\n<\/ul><\/div>\n<p style=\"font-family:&quot;Noto Sans SC&quot;;font-size:medium;font-weight:400;letter-spacing:normal;text-align:start;white-space:normal;color:rgb(0, 0, 0)\" align=\"start\"><span style=\"font-size:x-large\">Przegl\u0105d najwa\u017cniejszych wydarze\u0144<\/span><\/p>\n<p><\/p>\n<p style=\"font-family:&quot;Noto Sans SC&quot;;font-size:medium;font-weight:400;letter-spacing:normal;text-align:start;white-space:normal;color:rgb(0, 0, 0)\" align=\"start\"><strong>Smooth Ride on All Terrain<br \/><\/strong>The Touroll S1 electric fat bike conquers any terrain effortlessly with 4-inch wide tires that offer better grip, improved handling and stability. The knobby tire surface markedly absorbs the unevenness of terrain for a smoother ride. Its 20-inch wheels roll through trail obstacles and speed bumps with ease.\u00a0With a reliable suspension\u00a0that significantly reduces the shock impact, this bike allows you to traverse rough terrain with comfort and confidence.<br \/><strong><br \/>Mocna i wytrzyma\u0142a jazda<br \/><\/strong>The\u00a0S1 electric bike delivers exhilarating power with a\u00a0mighty brushless motor that churns out 60Nm torque, enabling you to explore the great outdoors with power, speed and excitement.\u00a0With a removable 15.6Ah lithium-ion battery, it propels you through 100km (62.13 miles) per charge in assist mode, making your adventures and long commutes a breeze.<strong><br \/><\/strong><br \/><strong>Improved Security<br \/><\/strong>The Touroll S1 features a robust 6061 aluminium alloy frame that ensures a reliable journey. Its advanced braking system consists of an e-brake and dual disc brakes for maximum responsiveness. The StVZO-certified light is crafted to meet the rigorous standards of German road regulations. Providing high lighting efficiency without glare, this bike light increases visibility on the road and guarantees the safety of other road users. Go on a ride with peace of mind!<strong><\/p>\n<p>Fun Cycling with<\/strong><strong><span>\u00a0<\/span><\/strong><strong>Shimano Gear<br \/><\/strong>The 7-speed Shimano derailleur lets you shift gears at any time and indulge in the joy of variable speed. With a professional gearing system, you can adjust your bike\u2019s gears to match the road conditions for a swift and enjoyable ride.<\/p>\n<p><strong>Smart LCD Control<br \/><\/strong>With an intelligent LCD, you can easily monitor important data, such as the real-time speed and battery level and seamlessly switch among 5 pedal assist levels &#8211; 12, 15, 18, 21 and 25 km\/h. With just a touch of the button, you can activate the 6km\/h walk mode and walk the bike effortlessly, perfect for a leisurely stroll along the roadside. Enjoy the scenery at your own pace with the Touroll S1.<strong><\/p>\n<p>Enhanced<\/strong><strong><span>\u00a0<\/span><\/strong><strong>Comfort &amp; Convenience<br \/><\/strong>The Touroll S1 fat bike is equipped with an adjustable stem\u00a0for flexible customization of the handlebar height for a comfortable riding position.\u00a0It has a folding mechanism for easy transport and storage. Furthermore, the S1 comes with a sturdy luggage rack to securely hold your belongings for a hassle-free cycling journey.<\/p>\n<p><\/p>\n<h2 style=\"font-family:&quot;Noto Sans SC&quot;;font-size:14px;letter-spacing:normal;text-align:start;white-space:normal;color:rgb(0, 0, 0);margin:10px 0px;margin-bottom:10px;margin-top:10px;margin-left:0px;margin-right:0px;padding:0px;padding-bottom:0px;padding-top:0px;padding-left:0px;padding-right:0px\" align=\"start\">Specyfikacja<\/h2>\n<p><\/p>\n<table style=\"border-collapse:collapse;font-family:&quot;Noto Sans SC&quot;\" border=\"1\" cellpadding=\"8\">\n<tbody>\n<tr>\n<td style=\"width:98px\" width=\"98\">\n<p>Og\u00f3lny<\/p>\n<\/td>\n<td style=\"width:458px\" width=\"458\">\n<p>Marka: Tourol<br \/>Name: Snodal<br \/>Model: S1<br \/>Kolor: czarny<\/p>\n<\/td>\n<\/tr>\n<tr>\n<td style=\"width:98px\" width=\"98\">\n<p>Podstawowa specyfikacja<\/p>\n<\/td>\n<td style=\"width:458px\" width=\"458\">\n<p>Net Weight: 30kg<br \/>Unfolded Size: 1700x600x1320mm<br \/>Folded Size: 1000x740x475mm<br \/>Size of Frame: 20&quot;x17&quot;<br \/>Length of Handlebar: 600mm (23.6&quot;)<br \/>Height of Saddle (From the Ground): 32.5&quot;-41.7&quot;<br \/>Recommended Rider Height: 160-200cm (Around 5&#x27;\u00a03&quot;-6&#x27; 7&quot;)<br \/>Maksymalne obci\u0105\u017cenie roweru: 120 kg<br \/>Pr\u0119dko\u015b\u0107 graniczna: 25 km\/h<br \/>Maksymalny zasi\u0119g: 100 km (tryb wspomagania)<br \/>Poziomy wspomagania peda\u0142owania: 12\/15\/18\/21\/25 km\/h<br \/>Tryb spacerowy: 6 km\/h<br \/>Poziom wodoodporno\u015bci: IPX4<br \/>Material\u00a0of Frame: Aluminium Alloy (AL6061)<br \/>Uk\u0142ad hamulcowy: Hamulce tarczowe i hamulec r\u0119czny<br \/>Zawieszenie: Amortyzator mechaniczny z blokad\u0105<br \/>Suspension Travel: 50mm<\/p>\n<\/td>\n<\/tr>\n<tr>\n<td style=\"width:98px\" width=\"98\">\n<p>Silnik<\/p>\n<\/td>\n<td style=\"width:458px\" width=\"458\">\n<p>Typ: Silnik piasty<br \/>Rated Voltage: 48V<br \/>Max Output Torque: 60N.M<\/p>\n<\/td>\n<\/tr>\n<tr>\n<td style=\"width:98px\" width=\"98\">\n<p>Przerzutka<\/p>\n<\/td>\n<td style=\"width:458px\" width=\"458\">\n<p>Marka: Shimano<br \/>Liczba bieg\u00f3w: 7 (ty\u0142)<\/p>\n<\/td>\n<\/tr>\n<tr>\n<td style=\"width:98px\" width=\"98\">\n<p>Bateria<\/p>\n<\/td>\n<td style=\"width:458px\" width=\"458\">\n<p>Pojemno\u015b\u0107: 15,6 Ah<br \/>Napi\u0119cie: 48V<br \/>Czas \u0142adowania: 6-8 godz.<br \/>Power Capacity: 748.8Wh<br \/>System ochrony: Tak<\/p>\n<\/td>\n<\/tr>\n<tr>\n<td style=\"width:98px\" width=\"98\">\n<p>Rumak<\/p>\n<\/td>\n<td style=\"width:458px\" width=\"458\">\n<p>Wej\u015bcie: 100-240 V, 2,0 A<br \/>Output: 54.6V, 2.0A<\/p>\n<\/td>\n<\/tr>\n<tr>\n<td style=\"width:98px\" width=\"98\">\n<p>Opony<\/p>\n<\/td>\n<td style=\"width:458px\" width=\"458\">\n<p>Size: 20&#215;4&quot;<br \/>Typ: Opony pneumatyczne gumowe<br \/>Tire Pressure: 5~30PSI\u00a0<br \/>Best Tire Pressure: 15~17.5PSI<\/p>\n<\/td>\n<\/tr>\n<tr>\n<td style=\"width:98px\" width=\"98\">\n<p>Wy\u015bwietlacz<\/p>\n<\/td>\n<td style=\"width:458px\" width=\"458\">\n<p>Typ: LCD<br \/>Information: Real-Time Speed, Assist Level, Battery Level<br \/>Functions:\u00a0Power On\/Off, Turning Light On\/Off, Shifting Assist Levels, Activating Walk Mode, etc.<\/p>\n<\/td>\n<\/tr>\n<tr>\n<td style=\"width:98px\" width=\"98\">\n<p>Pakiet<\/p>\n<\/td>\n<td style=\"width:458px\" width=\"458\">\n<p>Size: 1400x290x745mm<br \/>Gross Weight: 38kg<\/p>\n<\/td>\n<\/tr>\n<tr>\n<td style=\"width:98px\" width=\"98\">\n<p>Lista pakiet\u00f3w<\/p>\n<\/td>\n<td style=\"width:458px\" width=\"458\">\n<p>1 x E-Bike \u00a0\u00a0\u00a0\u00a0 \u00a0 \u00a0 \u00a0\u00a0\u00a0 1 x User Manual<br \/>1 x Charger \u00a0\u00a0\u00a0\u00a0\u00a0\u00a0 \u00a0\u00a0 2 x Pedal (Left &amp; Right)<br \/>1 x Headlight \u00a0\u00a0\u00a0\u00a0\u00a0\u00a0\u00a0\u00a02\u00a0x Spoke Reflector<br \/>1 x Saddle\u00a0\u00a0\u00a0\u00a0\u00a0\u00a0\u00a0 \u00a0 \u00a0 1 x Rear Reflector<br \/>1 x\u00a0Display \u00a0\u00a0\u00a0\u00a0\u00a0\u00a0\u00a0\u00a0\u00a0\u00a01 x Rear Rack with Taillight<br \/>2 x Key\u00a0\u00a0\u00a0\u00a0\u00a0\u00a0\u00a0\u00a0\u00a0 \u00a0 \u00a0 \u00a0\u00a0 2 x Mudguard (Front &amp; Rear)<br \/>1 x zestaw narz\u0119dzi\u00a0\u00a0\u00a0\u00a0\u00a0\u00a0\u00a0\u00a0\u00a0\u00a0<\/p>\n<\/td>\n<\/tr>\n<tr>\n<td style=\"width:556px\" width=\"556\" colspan=\"2\">\n<p>Uwaga: maksymalny zasi\u0119g osi\u0105gany jest w nast\u0119puj\u0105cych warunkach: obci\u0105\u017cenie 75 kg, temperatura 26\u2103, sta\u0142a pr\u0119dko\u015b\u0107 15 km\/h, p\u0142askie drogi, bez silnego wiatru.<\/p>\n<\/td>\n<\/tr>\n<\/tbody>\n<\/table>\n<p><img decoding=\"async\" src=\"https:\/\/ae01.alicdn.com\/kf\/Sa9b7f74d147244d080dec043041031a8K.jpeg\" slate-data-type=\"image\"\/><img decoding=\"async\" src=\"https:\/\/ae01.alicdn.com\/kf\/S126c06209c814432bdb5a40a12663539e.jpeg\" slate-data-type=\"image\"\/><img decoding=\"async\" src=\"https:\/\/ae01.alicdn.com\/kf\/S6acfd2dd40274063aebeac7817aabd1b0.jpeg\" slate-data-type=\"image\"\/><img decoding=\"async\" src=\"https:\/\/ae01.alicdn.com\/kf\/S7c310d2659444ca9b8d19e696b9ea36eZ.jpeg\" slate-data-type=\"image\"\/><img decoding=\"async\" src=\"https:\/\/ae01.alicdn.com\/kf\/S33c43cfb399d48b5b586d02d697addbaU.jpeg\" slate-data-type=\"image\"\/><img decoding=\"async\" src=\"https:\/\/ae01.alicdn.com\/kf\/Sae0d1025c0c94b54aff86305df224c8dO.jpeg\" slate-data-type=\"image\"\/><img decoding=\"async\" src=\"https:\/\/ae01.alicdn.com\/kf\/S5a6ce1d6e7144230a5f82d05005fe2c2J.jpeg\" slate-data-type=\"image\"\/><img decoding=\"async\" src=\"https:\/\/ae01.alicdn.com\/kf\/S3c41e0809fe44230af0c9960e768b69dQ.jpeg\" slate-data-type=\"image\"\/><img decoding=\"async\" src=\"https:\/\/ae01.alicdn.com\/kf\/S13ce4a7b8a9146049d88cffc639a8985T.jpeg\" slate-data-type=\"image\"\/><img decoding=\"async\" src=\"https:\/\/ae01.alicdn.com\/kf\/Sd6290a361aa9429fbeb62f4586b4df9fc.jpeg\" slate-data-type=\"image\"\/><img decoding=\"async\" src=\"https:\/\/ae01.alicdn.com\/kf\/S4f4e14cb579543099ef7c0e5889cb1d32.jpeg\" slate-data-type=\"image\"\/><img decoding=\"async\" src=\"https:\/\/ae01.alicdn.com\/kf\/Sed0ca1ac0b1148fe90975516f234d6138.jpeg\" slate-data-type=\"image\"\/><\/p>","protected":false},"excerpt":{"rendered":"<p>Brand:&nbsp;Touroll Name:&nbsp;Snodal Model:&nbsp;S1 Power Capacity:&nbsp;748.8Wh Size of Frame:&nbsp;20&quot;x17&quot; Max Load of Bike:&nbsp;120kg Cut-off Speed:&nbsp;25km\/h Max Range::&nbsp;100km (Assist Mode) Features 01:&nbsp;Electric Bicycle Features 02:&nbsp;Electric Bikes Features 03:&nbsp;Electric Bike Offer Features 04:&nbsp;Electric<\/p>","protected":false},"featured_media":21548,"comment_status":"open","ping_status":"closed","template":"","meta":{"_acf_changed":false},"product_brand":[],"product_cat":[230],"product_tag":[],"class_list":{"0":"post-21547","1":"product","2":"type-product","3":"status-publish","4":"has-post-thumbnail","6":"product_cat-bikes","8":"first","9":"instock","10":"shipping-taxable","11":"purchasable","12":"product-type-simple"},"acf":[],"_links":{"self":[{"href":"https:\/\/www.electricstore.eu\/pl\/wp-json\/wp\/v2\/product\/21547","targetHints":{"allow":["GET"]}}],"collection":[{"href":"https:\/\/www.electricstore.eu\/pl\/wp-json\/wp\/v2\/product"}],"about":[{"href":"https:\/\/www.electricstore.eu\/pl\/wp-json\/wp\/v2\/types\/product"}],"replies":[{"embeddable":true,"href":"https:\/\/www.electricstore.eu\/pl\/wp-json\/wp\/v2\/comments?post=21547"}],"wp:featuredmedia":[{"embeddable":true,"href":"https:\/\/www.electricstore.eu\/pl\/wp-json\/wp\/v2\/media\/21548"}],"wp:attachment":[{"href":"https:\/\/www.electricstore.eu\/pl\/wp-json\/wp\/v2\/media?parent=21547"}],"wp:term":[{"taxonomy":"product_brand","embeddable":true,"href":"https:\/\/www.electricstore.eu\/pl\/wp-json\/wp\/v2\/product_brand?post=21547"},{"taxonomy":"product_cat","embeddable":true,"href":"https:\/\/www.electricstore.eu\/pl\/wp-json\/wp\/v2\/product_cat?post=21547"},{"taxonomy":"product_tag","embeddable":true,"href":"https:\/\/www.electricstore.eu\/pl\/wp-json\/wp\/v2\/product_tag?post=21547"}],"curies":[{"name":"wp","href":"https:\/\/api.w.org\/{rel}","templated":true}]}}