{"id":21493,"date":"2025-05-20T18:13:57","date_gmt":"2025-05-20T18:13:57","guid":{"rendered":"https:\/\/electricstore.eu\/p\/uncategorized\/ekd01-bluetooth-navigation-display-8-languages-lcd-ebike-computer-for-bafang-motor-kit-intelligent-controller-uart-can-protocol\/"},"modified":"2025-05-20T18:14:00","modified_gmt":"2025-05-20T18:14:00","slug":"ekd01-bluetooth-navigation-display-8-languages-lcd-ebike-computer-for-bafang-motor-kit-intelligent-controller-uart-can-protocol","status":"publish","type":"product","link":"https:\/\/www.electricstore.eu\/pl\/p\/p\/ebike-batteries\/rear-rack-e-bike-batteries\/ekd01-bluetooth-navigation-display-8-languages-lcd-ebike-computer-for-bafang-motor-kit-intelligent-controller-uart-can-protocol\/","title":{"rendered":"EKD01 Wy\u015bwietlacz nawigacji Bluetooth 8 j\u0119zyk\u00f3w Komputer rowerowy LCD do zestawu silnika BAFANG Inteligentny kontroler Protok\u00f3\u0142 UART CAN"},"content":{"rendered":"<div class=\"product-specs-list-container\">\n<ul class=\"product-specs-list util-clearfix\">\n<li class=\"product-prop line-limit-length\"><span\n                                        class=\"property-title\">Typ:&nbsp;<\/span><span\n                                        class=\"property-desc line-limit-length\">Wy\u015bwietlacz<\/span>\n                            <\/li>\n<li class=\"product-prop line-limit-length\"><span\n                                        class=\"property-title\">Nazwa marki:&nbsp;<\/span><span\n                                        class=\"property-desc line-limit-length\">varstrom<\/span>\n                            <\/li>\n<li class=\"product-prop line-limit-length\"><span\n                                        class=\"property-title\">Pochodzenie:&nbsp;<\/span><span\n                                        class=\"property-desc line-limit-length\">Chiny kontynentalne<\/span>\n                            <\/li>\n<li class=\"product-prop line-limit-length\"><span\n                                        class=\"property-title\">Model:&nbsp;<\/span><span\n                                        class=\"property-desc line-limit-length\">EKD01.<\/span>\n                            <\/li>\n<li class=\"product-prop line-limit-length\"><span\n                                        class=\"property-title\">Funkcjonowa\u0107:&nbsp;<\/span><span\n                                        class=\"property-desc line-limit-length\">can be connected to a smartphone.<\/span>\n                            <\/li>\n<li class=\"product-prop line-limit-length\"><span\n                                        class=\"property-title\">PAS:&nbsp;<\/span><span\n                                        class=\"property-desc line-limit-length\">0-3\/0-5\/0-9<\/span>\n                            <\/li>\n<li class=\"product-prop line-limit-length\"><span\n                                        class=\"property-title\">Rozmiar ekranu:&nbsp;<\/span><span\n                                        class=\"property-desc line-limit-length\">2.4 inches<\/span>\n                            <\/li>\n<li class=\"product-prop line-limit-length\"><span\n                                        class=\"property-title\">Stopie\u0144 wodoodporno\u015bci:&nbsp;<\/span><span\n                                        class=\"property-desc line-limit-length\">IP67<\/span>\n                            <\/li>\n<li class=\"product-prop line-limit-length\"><span\n                                        class=\"property-title\">Connector type:&nbsp;<\/span><span\n                                        class=\"property-desc line-limit-length\">M5 waterproof plug<\/span>\n                            <\/li>\n<li class=\"product-prop line-limit-length\"><span\n                                        class=\"property-title\">Wolta\u017c:&nbsp;<\/span><span\n                                        class=\"property-desc line-limit-length\">12V\/32V\/48V\/60V<\/span>\n                            <\/li>\n<li class=\"product-prop line-limit-length\"><span\n                                        class=\"property-title\">Operating temperature:&nbsp;<\/span><span\n                                        class=\"property-desc line-limit-length\">-20 \u00b0C to +70 \u00b0C<\/span>\n                            <\/li>\n<li class=\"product-prop line-limit-length\"><span\n                                        class=\"property-title\">USB Charger:&nbsp;<\/span><span\n                                        class=\"property-desc line-limit-length\">Type-C<\/span>\n                            <\/li>\n<li class=\"product-prop line-limit-length\"><span\n                                        class=\"property-title\">Has\u0142o:&nbsp;<\/span><span\n                                        class=\"property-desc line-limit-length\">2020<\/span>\n                            <\/li>\n<li class=\"product-prop line-limit-length\"><span\n                                        class=\"property-title\">Gwarancja:&nbsp;<\/span><span\n                                        class=\"property-desc line-limit-length\">1 rok<\/span>\n                            <\/li>\n<li class=\"product-prop line-limit-length\"><span\n                                        class=\"property-title\">Czas dostawy:&nbsp;<\/span><span\n                                        class=\"property-desc line-limit-length\">2-7 dni<\/span>\n                            <\/li>\n<\/ul><\/div>\n<p><span style=\"font-size:48px\">EKD01 Display<\/span> <\/p>\n<p><span style=\"font-size:20px\">For Bafang Mid Motor &#8211; Ebike Display for BBS02B, BBS-HD, BBS01B Electric Bicycles Mid Motor, for E-Bike Conversion Set UART and CAN Protocol Optional 5-Pin Female Connector<\/span><\/p>\n<p><\/p>\n<p><img decoding=\"async\" src=\"https:\/\/ae01.alicdn.com\/kf\/S191d2573a7884eec9c2dcea0080c962b8.jpg\" slate-data-type=\"image\"\/><\/p>\n<p><\/p>\n<p><span style=\"color:rgb(251, 158, 0);font-size:72px\"><strong>Ebike Display \u00a0EKD01<\/strong><\/span><\/p>\n<p><span style=\"font-size:20px\"><br \/><\/span>1 Headlight indicator: The headlight indicator graphic will light up when<br \/>\n the headlight is on. <\/p>\n<p>2 Navigation indicator: If the BIKEGO app is connected to the instrument,<br \/>\nthe symbol will light up when navigation begins. (Live navigation requires<br \/>\n payment). <\/p>\n<p>3 Maintenance tip: Electronic systems have some ability to self-diagnose<br \/>\nand report limited faults. The failure is reported as an error code displayed on the<br \/>\n screen. <\/p>\n<p>4 Brake indicator: This icon lights up when the vehicle performs a brake<br \/>\n operation. <\/p>\n<p>5 Bluetooth indicator: After the APP is successfully connected to the<br \/>\n instrument, the symbol will light up. <\/p>\n<p>6 Battery Level graphic: The Battery Level graph is a graphical<br \/>\n representation of the remaining charge in the battery. After the battery is\n<\/p>\n<p>charged, more bars will appear in the graph. When the battery runs out, fewer<br \/>\nbars appear. <\/p>\n<p>7 Real-time speed: Displays the current speed at which the e-bike is<br \/>\n traveling. <\/p>\n<p>8 Real-time power: Displays the current power at which the e-bike is<br \/>\n traveling. <\/p>\n<p>9 Gear indicator: Displays the current assist gear of the electric bike. <\/p>\n<p>10 Single mileage: The number of miles in a single trip. <\/p>\n<p>11 Total Mileage: The total number of miles traveled by the vehicle. <\/p>\n<p>12 Real-time voltage\/electricity: Display the voltage situation or electricity\n<\/p>\n<p>of the battery in real-time synchronization.<\/p>\n<\/p>\n<p><img decoding=\"async\" src=\"https:\/\/ae01.alicdn.com\/kf\/Sa7c3f7f81c8a4aee9abfd9080e21a1aee.jpg\" slate-data-type=\"image\"\/><\/p>\n<p><\/p>\n<p><span style=\"color:rgb(251, 158, 0);font-size:72px\"><strong>O<\/strong><\/span><strong><span style=\"font-size:72px\"> ten przedmiot<\/span><\/strong><\/p>\n<p><\/p>\n<p><span style=\"font-size:20px\">EKD01 TFT LCD display: Consists of a 2.4 inch IPS colour display and three integrated buttons, it is a good choice for beginners. It offers an affordable price, easy operation and basic features, including optional 0-9 PAS levels and a Type-C charging port<br \/>\n<\/span><\/p>\n<p><\/p>\n<p><span style=\"font-size:20px\">[Compatibility &amp; Installation] The EKD01 display is exclusively compatible with BAFANG electric motors that use the UART communication protocol versions 5.0 to 5.8. It fits handlebars with a diameter of \u00d822.2\/25.4 mm and its plug is a 5-pin round female connector. If you are not sure about the compatibility, please contact us before purchase<br \/>\n<\/span><\/p>\n<p><\/p>\n<p><span style=\"font-size:20px\">[Appearance &amp; Material] Slim, modern design with a large, easy-to-read display. The case is made of high quality ABS plastic. Waterproof according to IP 67<br \/>\n<\/span><\/p>\n<p><\/p>\n<p><span style=\"font-size:20px\">The EKD01 has 9 adjustable languages (English, French, German, Spanish, Italian, Polish, Chinese, Dutch and Czech). The navigation feature makes it easy to find your way to your destination (5 free trials, then paid). Compared to other models, the odometer (ODO) can be set to zero<br \/>\n<\/span><\/p>\n<p><\/p>\n<p><span style=\"font-size:20px\">Please note that this LCD display is NOT compatible with all engines. Look closely at the second image on this product page. If you are not sure about the compatibility, please email us<br \/><\/span><\/p>\n<p><\/p>\n<p><img decoding=\"async\" src=\"https:\/\/ae01.alicdn.com\/kf\/S1481f46e4a4a443dae0f3fe9552796dez.jpg\" slate-data-type=\"image\"\/><img decoding=\"async\" src=\"https:\/\/ae01.alicdn.com\/kf\/Sfc39aff354d8450b91b49fc2589c478eL.jpg\" slate-data-type=\"image\"\/><\/p>\n<p><img decoding=\"async\" src=\"https:\/\/ae01.alicdn.com\/kf\/S772efe9990b448059247e73c658a816at.jpg\" slate-data-type=\"image\"\/><img decoding=\"async\" src=\"https:\/\/ae01.alicdn.com\/kf\/S520eb53c8a43482788049c4da2aad4adi.jpg\" slate-data-type=\"image\"\/><\/p>\n<div style=\"font-family:&quot;TT Norms Pro&quot;, &quot;Open Sans&quot;, Roboto, Arial, Helvetica, sans-serif, SimSun;font-size:14px;font-weight:400;letter-spacing:normal;text-align:start;white-space:normal;color:rgb(34, 34, 34);background-color:rgb(255, 255, 255);margin:0px;margin-bottom:0px;margin-top:0px;margin-left:0px;margin-right:0px;padding:0px;padding-bottom:0px;padding-top:0px;padding-left:0px;padding-right:0px;box-sizing:content-box\" align=\"start\">\n<div style=\"margin:0px;margin-bottom:0px;margin-top:0px;margin-left:0px;margin-right:0px;padding:0px;padding-bottom:0px;padding-top:0px;padding-left:0px;padding-right:0px;box-sizing:content-box\">\n<div style=\"margin:0px;margin-bottom:0px;margin-top:0px;margin-left:0px;margin-right:0px;padding:0px;padding-bottom:0px;padding-top:0px;padding-left:0px;padding-right:0px;box-sizing:content-box\">\n<div style=\"margin:0px;margin-bottom:0px;margin-top:0px;margin-left:0px;margin-right:0px;padding:0px;padding-bottom:0px;padding-top:0px;padding-left:0px;padding-right:0px;box-sizing:content-box\">\n<div style=\"margin:0px;margin-bottom:0px;margin-top:0px;margin-left:0px;margin-right:0px;padding:0px;padding-bottom:0px;padding-top:0px;padding-left:0px;padding-right:0px;box-sizing:content-box\">\n<div style=\"margin:0px;margin-bottom:0px;margin-top:0px;margin-left:0px;margin-right:0px;padding:0px;padding-bottom:0px;padding-top:0px;padding-left:0px;padding-right:0px;box-sizing:content-box\">\n<div style=\"margin:0px;margin-bottom:0px;margin-top:0px;margin-left:0px;margin-right:0px;padding:0px;padding-bottom:0px;padding-top:0px;padding-left:0px;padding-right:0px;box-sizing:content-box\">\n<div style=\"margin:0px;margin-bottom:0px;margin-top:0px;margin-left:0px;margin-right:0px;padding:0px;padding-bottom:0px;padding-top:0px;padding-left:0px;padding-right:0px;box-sizing:content-box\">\n<div style=\"margin:0px;margin-bottom:0px;margin-top:0px;margin-left:0px;margin-right:0px;padding:0px;padding-bottom:0px;padding-top:0px;padding-left:0px;padding-right:0px;box-sizing:content-box\">\n<div style=\"margin:0px;margin-bottom:0px;margin-top:0px;margin-left:0px;margin-right:0px;padding:0px;padding-bottom:0px;padding-top:0px;padding-left:0px;padding-right:0px;box-sizing:content-box\">\n<p style=\"line-height:inherit;margin:0px;margin-bottom:0px;margin-top:0px;margin-left:0px;margin-right:0px;padding:0px;padding-bottom:0px;padding-top:0px;padding-left:0px;padding-right:0px;box-sizing:border-box\"><img decoding=\"async\" style=\"border:0px;margin:0px;margin-bottom:0px;margin-top:0px;margin-left:0px;margin-right:0px;padding:0px;padding-bottom:0px;padding-top:0px;padding-left:0px;padding-right:0px;max-width:100%;box-sizing:border-box\" src=\"https:\/\/ae01.alicdn.com\/kf\/S7fbef954f932475887f040aa999ee5afO.jpg\" slate-data-type=\"image\"\/><\/p>\n<\/div>\n<\/div>\n<\/div>\n<\/div>\n<\/div>\n<\/div>\n<\/div>\n<\/div>\n<\/div>\n<\/div>\n<div style=\"font-family:&quot;TT Norms Pro&quot;, &quot;Open Sans&quot;, Roboto, Arial, Helvetica, sans-serif, SimSun;font-size:14px;font-weight:400;letter-spacing:normal;text-align:start;white-space:normal;color:rgb(34, 34, 34);background-color:rgb(255, 255, 255);margin:0px;margin-bottom:0px;margin-top:0px;margin-left:0px;margin-right:0px;padding:0px;padding-bottom:0px;padding-top:0px;padding-left:0px;padding-right:0px;box-sizing:content-box\" align=\"start\">\n<p style=\"line-height:inherit;margin:0px;margin-bottom:0px;margin-top:0px;margin-left:0px;margin-right:0px;padding:0px;padding-bottom:0px;padding-top:0px;padding-left:0px;padding-right:0px;box-sizing:border-box\"><\/p>\n<p style=\"line-height:inherit;margin:0px;margin-bottom:0px;margin-top:0px;margin-left:0px;margin-right:0px;padding:0px;padding-bottom:0px;padding-top:0px;padding-left:0px;padding-right:0px;box-sizing:border-box\"><span style=\"color:rgb(77, 77, 77);font-size:72px\"><strong>O<\/strong><\/span><span style=\"color:rgb(251, 158, 0);font-size:72px\"><span style=\"font-size:72px\"><strong> BAFANG<\/strong><\/span><\/span><\/p>\n<div style=\"margin:0px;margin-bottom:0px;margin-top:0px;margin-left:0px;margin-right:0px;padding:0px;padding-bottom:0px;padding-top:0px;padding-left:0px;padding-right:0px;box-sizing:content-box\"><\/div>\n<p style=\"line-height:inherit;margin:0px;margin-bottom:0px;margin-top:0px;margin-left:0px;margin-right:0px;padding:0px;padding-bottom:0px;padding-top:0px;padding-left:0px;padding-right:0px;box-sizing:border-box\"><span style=\"font-size:20px\">Bafang, jeden z wiod\u0105cych producent\u00f3w komponent\u00f3w e-mobilno\u015bci i kompletnych system\u00f3w e-nap\u0119dowych, opracowuje rozwi\u0105zania dla pojazd\u00f3w elektrycznych od 2003 roku. Firma koncentruje si\u0119 na wszystkich globalnych trendach e-mobilno\u015bci przysz\u0142o\u015bci: czy to w przypadku pojedynczych rower\u00f3w elektrycznych, e-skuter\u00f3w, czy publicznych system\u00f3w rowerowych. Siedziba g\u0142\u00f3wna, centrum rozwoju i produkcji znajduje si\u0119 w Suzhou, niedaleko Szanghaju. Bafang ma centra sprzeda\u017cy i serwisu w Holandii, w USA, w Niemczech, we Francji, we W\u0142oszech, w Danii oraz na Tajwanie i w Chinach. Nowo otwarta fabryka w Polsce b\u0119dzie koncentrowa\u0107 si\u0119 na produkcji system\u00f3w silnik\u00f3w \u015brodkowych na rynki europejskie.<\/span><\/p>\n<div style=\"margin:0px;margin-bottom:0px;margin-top:0px;margin-left:0px;margin-right:0px;padding:0px;padding-bottom:0px;padding-top:0px;padding-left:0px;padding-right:0px;box-sizing:content-box\"><span style=\"font-size:20px\"><br \/><\/span><\/div>\n<p style=\"line-height:inherit;margin:0px;margin-bottom:0px;margin-top:0px;margin-left:0px;margin-right:0px;padding:0px;padding-bottom:0px;padding-top:0px;padding-left:0px;padding-right:0px;box-sizing:border-box\"><span style=\"font-size:20px\">Wsp\u00f3\u0142pracuj\u0105c z BAFANG od wielu lat, Greenergy, BAFANG Official Authorized Agent Seller w Aliexpress, jest profesjonalnym sklepem specjalizuj\u0105cym si\u0119 w zestawach BAFANG mid drive i rowerach elektrycznych. Greenergy po\u015bwi\u0119ca si\u0119 dostarczaniu klientom produkt\u00f3w wysokiej jako\u015bci.<\/span><\/p>\n<div style=\"margin:0px;margin-bottom:0px;margin-top:0px;margin-left:0px;margin-right:0px;padding:0px;padding-bottom:0px;padding-top:0px;padding-left:0px;padding-right:0px;box-sizing:content-box\"><\/div>\n<p style=\"line-height:inherit;margin:0px;margin-bottom:0px;margin-top:0px;margin-left:0px;margin-right:0px;padding:0px;padding-bottom:0px;padding-top:0px;padding-left:0px;padding-right:0px;box-sizing:border-box\"><img decoding=\"async\" style=\"border:0px;margin:0px;margin-bottom:0px;margin-top:0px;margin-left:0px;margin-right:0px;padding:0px;padding-bottom:0px;padding-top:0px;padding-left:0px;padding-right:0px;max-width:100%;box-sizing:border-box\" src=\"https:\/\/ae01.alicdn.com\/kf\/Sfa9d585f695f475ba7d17a76979a19ddQ.jpg\" slate-data-type=\"image\"\/><\/p>\n<div style=\"margin:0px;margin-bottom:0px;margin-top:0px;margin-left:0px;margin-right:0px;padding:0px;padding-bottom:0px;padding-top:0px;padding-left:0px;padding-right:0px;box-sizing:content-box\"><\/div>\n<p style=\"line-height:inherit;margin:0px;margin-bottom:0px;margin-top:0px;margin-left:0px;margin-right:0px;padding:0px;padding-bottom:0px;padding-top:0px;padding-left:0px;padding-right:0px;box-sizing:border-box\"><img decoding=\"async\" style=\"border:0px;margin:0px;margin-bottom:0px;margin-top:0px;margin-left:0px;margin-right:0px;padding:0px;padding-bottom:0px;padding-top:0px;padding-left:0px;padding-right:0px;max-width:100%;box-sizing:border-box\" src=\"https:\/\/ae01.alicdn.com\/kf\/S9737d158e3194c9c9093cd1720bbdfc0V.jpg\" slate-data-type=\"image\"\/><\/p>\n<p style=\"line-height:inherit;margin:0px;margin-bottom:0px;margin-top:0px;margin-left:0px;margin-right:0px;padding:0px;padding-bottom:0px;padding-top:0px;padding-left:0px;padding-right:0px;box-sizing:border-box\"><\/p>\n<div style=\"margin:0px;margin-bottom:0px;margin-top:0px;margin-left:0px;margin-right:0px;padding:0px;padding-bottom:0px;padding-top:0px;padding-left:0px;padding-right:0px;box-sizing:content-box\">\n<div style=\"margin:0px;margin-bottom:0px;margin-top:0px;margin-left:0px;margin-right:0px;padding:0px;padding-bottom:0px;padding-top:0px;padding-left:0px;padding-right:0px;box-sizing:content-box\">\n<div style=\"margin:0px;margin-bottom:0px;margin-top:0px;margin-left:0px;margin-right:0px;padding:0px;padding-bottom:0px;padding-top:0px;padding-left:0px;padding-right:0px;box-sizing:content-box\">\n<div style=\"margin:0px;margin-bottom:0px;margin-top:0px;margin-left:0px;margin-right:0px;padding:0px;padding-bottom:0px;padding-top:0px;padding-left:0px;padding-right:0px;box-sizing:content-box\">\n<div style=\"margin:0px;margin-bottom:0px;margin-top:0px;margin-left:0px;margin-right:0px;padding:0px;padding-bottom:0px;padding-top:0px;padding-left:0px;padding-right:0px;box-sizing:content-box\">\n<div style=\"margin:0px;margin-bottom:0px;margin-top:0px;margin-left:0px;margin-right:0px;padding:0px;padding-bottom:0px;padding-top:0px;padding-left:0px;padding-right:0px;box-sizing:content-box\">\n<div style=\"margin:0px;margin-bottom:0px;margin-top:0px;margin-left:0px;margin-right:0px;padding:0px;padding-bottom:0px;padding-top:0px;padding-left:0px;padding-right:0px;box-sizing:content-box\">\n<div style=\"margin:0px;margin-bottom:0px;margin-top:0px;margin-left:0px;margin-right:0px;padding:0px;padding-bottom:0px;padding-top:0px;padding-left:0px;padding-right:0px;box-sizing:content-box\">\n<div style=\"margin:0px;margin-bottom:0px;margin-top:0px;margin-left:0px;margin-right:0px;padding:0px;padding-bottom:0px;padding-top:0px;padding-left:0px;padding-right:0px;box-sizing:content-box\">\n<div style=\"margin:0px;margin-bottom:0px;margin-top:0px;margin-left:0px;margin-right:0px;padding:0px;padding-bottom:0px;padding-top:0px;padding-left:0px;padding-right:0px;box-sizing:content-box\">\n<div style=\"margin:0px;margin-bottom:0px;margin-top:0px;margin-left:0px;margin-right:0px;padding:0px;padding-bottom:0px;padding-top:0px;padding-left:0px;padding-right:0px;box-sizing:content-box\"><\/div>\n<p style=\"line-height:inherit;margin:0px;margin-bottom:0px;margin-top:0px;margin-left:0px;margin-right:0px;padding:0px;padding-bottom:0px;padding-top:0px;padding-left:0px;padding-right:0px;box-sizing:border-box\"><span style=\"color:rgb(251, 158, 0);font-size:48px\"><strong>\u015aWIATOWY \u00a0<\/strong><\/span><span style=\"font-size:48px\"><strong>MAGAZYN I SERWIS<\/strong><\/span><\/p>\n<div style=\"margin:0px;margin-bottom:0px;margin-top:0px;margin-left:0px;margin-right:0px;padding:0px;padding-bottom:0px;padding-top:0px;padding-left:0px;padding-right:0px;box-sizing:content-box\"><span style=\"font-size:22px\"><br \/>Mamy magazyn we Francji\/Polsku\/Niemczech\/Hiszpanii\/W\u0142oszech lub Repaired Point, mo\u017cesz spodziewa\u0107 si\u0119 otrzymania paczek w ci\u0105gu 2-7 dni. Wszystkie produkty posiadaj\u0105 roczn\u0105 gwarancj\u0119 i ca\u0142odobow\u0105 obs\u0142ug\u0119 klienta. Mamy profesjonalnych technik\u00f3w w UE, kt\u00f3rzy mog\u0105 Ci pom\u00f3c.<br \/>wsparcie techniczne i pomoc w rozwi\u0105zaniu problem\u00f3w<\/span><\/div>\n<\/div>\n<\/div>\n<\/div>\n<\/div>\n<\/div>\n<\/div>\n<\/div>\n<\/div>\n<\/div>\n<\/div>\n<div style=\"margin:0px;margin-bottom:0px;margin-top:0px;margin-left:0px;margin-right:0px;padding:0px;padding-bottom:0px;padding-top:0px;padding-left:0px;padding-right:0px;box-sizing:content-box\"><\/div>\n<p style=\"line-height:inherit;margin:0px;margin-bottom:0px;margin-top:0px;margin-left:0px;margin-right:0px;padding:0px;padding-bottom:0px;padding-top:0px;padding-left:0px;padding-right:0px;box-sizing:border-box\"><img decoding=\"async\" style=\"border:0px;margin:0px;margin-bottom:0px;margin-top:0px;margin-left:0px;margin-right:0px;padding:0px;padding-bottom:0px;padding-top:0px;padding-left:0px;padding-right:0px;max-width:100%;box-sizing:border-box\" src=\"https:\/\/ae01.alicdn.com\/kf\/Sf1733e188e5c404f978d407a1a5241bbM.jpg\" slate-data-type=\"image\"\/><img decoding=\"async\" style=\"border:0px;margin:0px;margin-bottom:0px;margin-top:0px;margin-left:0px;margin-right:0px;padding:0px;padding-bottom:0px;padding-top:0px;padding-left:0px;padding-right:0px;max-width:100%;box-sizing:border-box\" src=\"https:\/\/ae01.alicdn.com\/kf\/S22820572228c4ca0b3209b857cb92ee9Q.jpg\" slate-data-type=\"image\"\/><\/p>\n<\/div>\n<p><\/p>\n<p><\/p>","protected":false},"excerpt":{"rendered":"<p>Type:&nbsp;Display Brand Name:&nbsp;varstrom Origin:&nbsp;Mainland China Model:&nbsp;EKD01. Function:&nbsp;can be connected to a smartphone. PAS:&nbsp;0-3\/0-5\/0-9 Screen size:&nbsp;2.4 inches Waterproof level:&nbsp;IP67 Connector type:&nbsp;M5 waterproof plug Voltage:&nbsp;12V\/32V\/48V\/60V Operating temperature:&nbsp;-20 \u00b0C to +70 \u00b0C USB<\/p>","protected":false},"featured_media":9984,"comment_status":"open","ping_status":"closed","template":"","meta":{"_acf_changed":false},"product_brand":[],"product_cat":[534],"product_tag":[],"class_list":{"0":"post-21493","1":"product","2":"type-product","3":"status-publish","4":"has-post-thumbnail","6":"product_cat-rear-rack-e-bike-batteries","8":"first","9":"instock","10":"shipping-taxable","11":"purchasable","12":"product-type-variable"},"acf":[],"_links":{"self":[{"href":"https:\/\/www.electricstore.eu\/pl\/wp-json\/wp\/v2\/product\/21493","targetHints":{"allow":["GET"]}}],"collection":[{"href":"https:\/\/www.electricstore.eu\/pl\/wp-json\/wp\/v2\/product"}],"about":[{"href":"https:\/\/www.electricstore.eu\/pl\/wp-json\/wp\/v2\/types\/product"}],"replies":[{"embeddable":true,"href":"https:\/\/www.electricstore.eu\/pl\/wp-json\/wp\/v2\/comments?post=21493"}],"wp:featuredmedia":[{"embeddable":true,"href":"https:\/\/www.electricstore.eu\/pl\/wp-json\/wp\/v2\/media\/9984"}],"wp:attachment":[{"href":"https:\/\/www.electricstore.eu\/pl\/wp-json\/wp\/v2\/media?parent=21493"}],"wp:term":[{"taxonomy":"product_brand","embeddable":true,"href":"https:\/\/www.electricstore.eu\/pl\/wp-json\/wp\/v2\/product_brand?post=21493"},{"taxonomy":"product_cat","embeddable":true,"href":"https:\/\/www.electricstore.eu\/pl\/wp-json\/wp\/v2\/product_cat?post=21493"},{"taxonomy":"product_tag","embeddable":true,"href":"https:\/\/www.electricstore.eu\/pl\/wp-json\/wp\/v2\/product_tag?post=21493"}],"curies":[{"name":"wp","href":"https:\/\/api.w.org\/{rel}","templated":true}]}}