{"id":9182,"date":"2025-05-20T17:45:36","date_gmt":"2025-05-20T17:45:36","guid":{"rendered":"https:\/\/electricstore.eu\/p\/uncategorized\/oukitel-pv400-400w-foldable-portable-solar-panel-with-kickstand-23-energy-conversion-rate-durable-splash-proof-ip65\/"},"modified":"2025-05-20T17:45:58","modified_gmt":"2025-05-20T17:45:58","slug":"oukitel-pv400-400w-foldable-portable-solar-panel-with-kickstand-23-energy-conversion-rate-durable-splash-proof-ip65","status":"publish","type":"product","link":"https:\/\/www.electricstore.eu\/lv\/p\/batteries\/foldable-solar-panels\/oukitel-pv400-400w-foldable-portable-solar-panel-with-kickstand-23-energy-conversion-rate-durable-splash-proof-ip65\/","title":{"rendered":"OUKITEL PV400 400W salok\u0101ms p\u0101rn\u0113s\u0101jams saules panelis ar stat\u012bvu, 23% ener\u0123ijas konversijas \u0101trums, iztur\u012bgs un \u0161\u013cakatu necaurlaid\u012bgs, IP65"},"content":{"rendered":"<div class=\"product-specs-list-container\">\n<ul class=\"product-specs-list util-clearfix\">\n<li class=\"product-prop line-limit-length\"><span\n                                        class=\"property-title\">Pielietojums:&nbsp;<\/span><span\n                                        class=\"property-desc line-limit-length\">S\u0100KUMLAPA<\/span>\n                            <\/li>\n<li class=\"product-prop line-limit-length\"><span\n                                        class=\"property-title\">Mode\u013ca numurs:&nbsp;<\/span><span\n                                        class=\"property-desc line-limit-length\">V400<\/span>\n                            <\/li>\n<li class=\"product-prop line-limit-length\"><span\n                                        class=\"property-title\">Z\u012bmola nosaukums:&nbsp;<\/span><span\n                                        class=\"property-desc line-limit-length\">OUKITEL<\/span>\n                            <\/li>\n<li class=\"product-prop line-limit-length\"><span\n                                        class=\"property-title\">Maksim\u0101l\u0101 jauda:&nbsp;<\/span><span\n                                        class=\"property-desc line-limit-length\">400 W<\/span>\n                            <\/li>\n<li class=\"product-prop line-limit-length\"><span\n                                        class=\"property-title\">Atv\u0113rt\u0101s \u0137\u0113des spriegums:&nbsp;<\/span><span\n                                        class=\"property-desc line-limit-length\">48 V<\/span>\n                            <\/li>\n<li class=\"product-prop line-limit-length\"><span\n                                        class=\"property-title\">\u012assl\u0113guma str\u0101va:&nbsp;<\/span><span\n                                        class=\"property-desc line-limit-length\">12A<\/span>\n                            <\/li>\n<li class=\"product-prop line-limit-length\"><span\n                                        class=\"property-title\">Efektivit\u0101te:&nbsp;<\/span><span\n                                        class=\"property-desc line-limit-length\">23%<\/span>\n                            <\/li>\n<li class=\"product-prop line-limit-length\"><span\n                                        class=\"property-title\">\u0160\u016bnas tips:&nbsp;<\/span><span\n                                        class=\"property-desc line-limit-length\">Monokrist\u0101liskais sil\u012bcijs<\/span>\n                            <\/li>\n<\/ul><\/div>\n<div class=\"detailmodule_dynamic\"><kse:widget data-widget-type=\"customText\" id=\"1005000009406803\" type=\"relation\"><\/kse:widget><\/div>\n<div class=\"detailmodule_html\">\n<div class=\"detail-desc-decorate-richtext\">\n<p><\/p>\n<div style=\"background-color:rgb(240, 234, 255);margin:20px 0px 10px;margin-bottom:10px;margin-top:20px;margin-left:0px;margin-right:0px;width:100%;height:34px\"><span style=\"background-color:rgb(55, 139, 238);color:rgb(255, 255, 255);font-size:24px;font-family:Verdana, Arial\">Svar\u012bg\u0101kie notikumi<\/span><\/p>\n<\/div>\n<div class=\"detailmodule_text\">\n<div class=\"detailmodule_html\">\n<div class=\"detail-desc-decorate-richtext\">\n<div class=\"detailmodule_text\">\n<div class=\"detailmodule_html\">\n<div class=\"detail-desc-decorate-richtext\">\n<div class=\"detailmodule_text\">\n<p style=\"font-family:&quot;Microsoft YaHei&quot;;font-size:medium;font-weight:400;letter-spacing:normal;text-align:start;white-space:normal;color:rgb(0, 0, 0)\" align=\"start\"><span style=\"font-size:16px;font-family:arial, helvetica, sans-serif\"><strong>23% augsta konversijas efektivit\u0101te<\/strong><\/span><span style=\"font-size:16px;font-family:arial, helvetica, sans-serif\"><br \/>OUKITEL PV400, kas ir izgatavots no augstas efektivit\u0101tes monokrist\u0101lisk\u0101m saules baterij\u0101m, var pied\u0101v\u0101t efektivit\u0101ti l\u012bdz pat 23%, tas var p\u0101rv\u0113rst vair\u0101k saules ener\u0123ijas izmantojam\u0101 ener\u0123ij\u0101.<\/span><\/p>\n<p><span style=\"font-size:16px;font-family:arial, helvetica, sans-serif\"><br \/><\/span><\/p>\n<p style=\"font-family:&quot;Microsoft YaHei&quot;;font-size:medium;font-weight:400;letter-spacing:normal;text-align:start;white-space:normal;color:rgb(0, 0, 0)\" align=\"start\"><span style=\"font-size:16px;font-family:arial, helvetica, sans-serif\"><strong>Iztur\u012bgs un \u0161\u013cakatu necaurlaid\u012bgs<\/strong><\/span><span style=\"font-size:16px;font-family:arial, helvetica, sans-serif\"><br \/>Tam ir ilgsto\u0161s ETFE p\u0101rkl\u0101jums, kas var pagarin\u0101t saules pane\u013ca kalpo\u0161anas laiku. IP65 \u016bdensiztur\u012bgais dizains pasarg\u0101s to no \u016bdens \u0161\u013cakat\u0101m (nenovietojiet to liet\u016b).<\/span><\/p>\n<p><span style=\"font-size:16px;font-family:arial, helvetica, sans-serif\"><br \/><\/span><\/p>\n<p style=\"font-family:&quot;Microsoft YaHei&quot;;font-size:medium;font-weight:400;letter-spacing:normal;text-align:start;white-space:normal;color:rgb(0, 0, 0)\" align=\"start\"><span style=\"font-size:16px;font-family:arial, helvetica, sans-serif\"><strong>Viegli p\u0101rn\u0113s\u0101jams un iek\u013cauts atbalsta k\u0101ji\u0146\u0161<\/strong><\/span><span style=\"font-size:16px;font-family:arial, helvetica, sans-serif\"><br \/>OUKITEL PV400 saules panelis ir salok\u0101ms, t\u0101p\u0113c to var \u0146emt l\u012bdzi jebkur. Stat\u012bvs ir novietots le\u0146\u0137\u012b, kas \u013cauj saules panelim viegli absorb\u0113t saules gaismas ener\u0123iju.<\/span><\/p>\n<p><span style=\"font-size:16px;font-family:arial, helvetica, sans-serif\"><br \/><\/span><\/p>\n<p style=\"font-family:&quot;Microsoft YaHei&quot;;font-size:medium;font-weight:400;letter-spacing:normal;text-align:start;white-space:normal;color:rgb(0, 0, 0)\" align=\"start\"><span style=\"font-size:16px;font-family:arial, helvetica, sans-serif\"><strong>Pla\u0161a sader\u012bba<\/strong><\/span><span style=\"font-size:16px;font-family:arial, helvetica, sans-serif\"><br \/>Ar MC4 savienot\u0101ju \u0161is saules panelis ir sader\u012bgs ar daudz\u0101m elektrostacij\u0101m un citiem tirg\u016b pieejamajiem \u0123eneratoriem, kas ir ide\u0101li piem\u0113rots kempingam bez t\u012bkla un negaid\u012btu str\u0101vas padeves p\u0101rtraukumu gad\u012bjum\u0101.<\/span><\/p>\n<\/div>\n<\/div>\n<\/div>\n<\/div>\n<\/div>\n<\/div>\n<\/div>\n<div style=\"background-color:rgb(240, 234, 255);margin:20px 0px 10px;margin-bottom:10px;margin-top:20px;margin-left:0px;margin-right:0px;width:100%;height:34px\"><span style=\"background-color:rgb(55, 139, 238);color:rgb(255, 255, 255);font-size:24px;font-family:Verdana, Arial\">Produkta inform\u0101cija<\/span><\/div>\n<p><img decoding=\"async\" src=\"https:\/\/ae01.alicdn.com\/kf\/S5c9df5f10d44417db8261392eb96ada7w.jpg\" slate-data-type=\"image\"\/><img decoding=\"async\" src=\"https:\/\/ae01.alicdn.com\/kf\/S81b87c2c5d2d46ddbca1a08dda317259K.jpg\" slate-data-type=\"image\"\/><img decoding=\"async\" src=\"https:\/\/ae01.alicdn.com\/kf\/S97afcb389bf4419bb732209cec39d15cH.jpg\" slate-data-type=\"image\"\/><img decoding=\"async\" src=\"https:\/\/ae01.alicdn.com\/kf\/S4e198a4f326c450093d5386f520c52b8b.jpg\" slate-data-type=\"image\"\/><\/p>\n<div style=\"background-color:rgb(240, 234, 255);margin:20px 0px 10px;margin-bottom:10px;margin-top:20px;margin-left:0px;margin-right:0px;width:100%;height:34px\"><span style=\"background-color:rgb(55, 139, 238);color:rgb(255, 255, 255);font-size:24px;font-family:Verdana, Arial\">Specifik\u0101cija<\/span><\/div>\n<p><\/p>\n<table style=\"border-collapse:collapse;font-family:&quot;Microsoft YaHei&quot;;width:1000px\" class=\"jbEidtTable\" border=\"1\" cellpadding=\"5\" cellspacing=\"0\">\n<tbody>\n<tr>\n<td style=\"text-align:left\" align=\"left\">\n<p><span style=\"font-size:16px;font-family:arial, helvetica, sans-serif\"><strong>Visp\u0101r\u012bgi<\/strong><\/span><\/p>\n<\/td>\n<td style=\"text-align:left\" align=\"left\">\n<p><span style=\"font-size:16px;font-family:arial, helvetica, sans-serif\">Z\u012bmols: OUKITEL<br \/>Tips: Saules panelis<br \/>Modelis: PV400<br \/>Kr\u0101sa: melna<\/span><\/p>\n<\/td>\n<\/tr>\n<tr>\n<td style=\"text-align:left\" align=\"left\">\n<p><span style=\"font-size:16px;font-family:arial, helvetica, sans-serif\"><strong>Specifik\u0101cija<\/strong><\/span><\/p>\n<\/td>\n<td style=\"text-align:left\" align=\"left\">\n<p><span style=\"font-size:16px;font-family:arial, helvetica, sans-serif\">Nomin\u0101l\u0101 jauda: 400 W<br \/>\u0160\u016bnas tips: monokrist\u0101lisks sil\u012bcijs<br \/>Efektivit\u0101te: 23%<br \/>Atv\u0113rt\u0101s \u0137\u0113des spriegums: 48 V<br \/>\u012assl\u0113guma str\u0101va: 12A<\/span><\/p>\n<\/td>\n<\/tr>\n<tr>\n<td style=\"text-align:left\" align=\"left\">\n<p><span style=\"font-size:16px;font-family:arial, helvetica, sans-serif\"><strong>Svars un izm\u0113rs<\/strong><\/span><\/p>\n<\/td>\n<td style=\"text-align:left\" align=\"left\">\n<p><span style=\"font-size:16px;font-family:arial, helvetica, sans-serif\">Produkta svars: 15 kg<br \/>Iepakojuma svars: 15,5 kg<br \/>Izm\u0113rs nesaloc\u012bt\u0101 veid\u0101: 1048 * 2333 * 25 mm<br \/>Iepakojuma izm\u0113rs (G x P x A): 1100 * 88 * 700 mm<\/span><\/p>\n<\/td>\n<\/tr>\n<tr>\n<td style=\"text-align:left\" align=\"left\">\n<p><span style=\"font-size:16px;font-family:arial, helvetica, sans-serif\"><strong>Iepakojuma saturs<\/strong><\/span><\/p>\n<\/td>\n<td style=\"text-align:left\" align=\"left\">\n<p><span style=\"font-size:16px;font-family:arial, helvetica, sans-serif\">1 x saules panelis<br \/>1 x MC4 saules uzl\u0101des kabelis<br \/>1 lietot\u0101ja rokasgr\u0101mata<\/span><\/p>\n<\/td>\n<\/tr>\n<\/tbody>\n<\/table>\n<div><\/div>\n<\/div>\n<\/div>\n<p><\/p>","protected":false},"excerpt":{"rendered":"<p>Application:&nbsp;HOME Model Number:&nbsp;V400 Brand Name:&nbsp;OUKITEL Peak Power:&nbsp;400W Open Circuit Voltage:&nbsp;48V Short Circuit Current:&nbsp;12A Efficiency:&nbsp;23% Cell Type:&nbsp;Monocrystalline Silicon Highlights 23% High Conversion EfficiencyConstructed from high-efficiency monocrystalline solar cells, OUKITEL PV400 can<\/p>","protected":false},"featured_media":9183,"comment_status":"open","ping_status":"closed","template":"","meta":{"_acf_changed":false},"product_brand":[],"product_cat":[531],"product_tag":[],"class_list":{"0":"post-9182","1":"product","2":"type-product","3":"status-publish","4":"has-post-thumbnail","6":"product_cat-foldable-solar-panels","8":"first","9":"instock","10":"shipping-taxable","11":"purchasable","12":"product-type-simple"},"acf":[],"_links":{"self":[{"href":"https:\/\/www.electricstore.eu\/lv\/wp-json\/wp\/v2\/product\/9182","targetHints":{"allow":["GET"]}}],"collection":[{"href":"https:\/\/www.electricstore.eu\/lv\/wp-json\/wp\/v2\/product"}],"about":[{"href":"https:\/\/www.electricstore.eu\/lv\/wp-json\/wp\/v2\/types\/product"}],"replies":[{"embeddable":true,"href":"https:\/\/www.electricstore.eu\/lv\/wp-json\/wp\/v2\/comments?post=9182"}],"wp:featuredmedia":[{"embeddable":true,"href":"https:\/\/www.electricstore.eu\/lv\/wp-json\/wp\/v2\/media\/9183"}],"wp:attachment":[{"href":"https:\/\/www.electricstore.eu\/lv\/wp-json\/wp\/v2\/media?parent=9182"}],"wp:term":[{"taxonomy":"product_brand","embeddable":true,"href":"https:\/\/www.electricstore.eu\/lv\/wp-json\/wp\/v2\/product_brand?post=9182"},{"taxonomy":"product_cat","embeddable":true,"href":"https:\/\/www.electricstore.eu\/lv\/wp-json\/wp\/v2\/product_cat?post=9182"},{"taxonomy":"product_tag","embeddable":true,"href":"https:\/\/www.electricstore.eu\/lv\/wp-json\/wp\/v2\/product_tag?post=9182"}],"curies":[{"name":"wp","href":"https:\/\/api.w.org\/{rel}","templated":true}]}}