{"id":9148,"date":"2025-05-20T17:45:21","date_gmt":"2025-05-20T17:45:21","guid":{"rendered":"https:\/\/electricstore.eu\/p\/uncategorized\/oscal-powermax-3600-3600w-power-station-57600wh-max-battery-expanded-form-3-6-57-6-kwh-capacity\/"},"modified":"2025-05-20T17:45:39","modified_gmt":"2025-05-20T17:45:39","slug":"oscal-powermax-3600-3600w-power-station-57600wh-max-battery-expanded-form-3-6-57-6-kwh-capacity","status":"publish","type":"product","link":"https:\/\/www.electricstore.eu\/lv\/p\/batteries\/portable-power-stations\/oscal-powermax-3600-3600w-power-station-57600wh-max-battery-expanded-form-3-6-57-6-kwh-capacity\/","title":{"rendered":"Oscal PowerMax 3600 3600W str\u0101vas stacija ar 57600Wh maksim\u0101lo akumulatoru, papla\u0161in\u0101ta no 3,6 l\u012bdz 57,6 kWh jauda"},"content":{"rendered":"<div class=\"product-specs-list-container\">\n<ul class=\"product-specs-list util-clearfix\">\n<li class=\"product-prop line-limit-length\"><span\n                                        class=\"property-title\">Displeja ekr\u0101ns:&nbsp;<\/span><span\n                                        class=\"property-desc line-limit-length\">J\u0101<\/span>\n                            <\/li>\n<li class=\"product-prop line-limit-length\"><span\n                                        class=\"property-title\">Nomin\u0101l\u0101 ietilp\u012bba:&nbsp;<\/span><span\n                                        class=\"property-desc line-limit-length\">&gt;3500 mAh<\/span>\n                            <\/li>\n<li class=\"product-prop line-limit-length\"><span\n                                        class=\"property-title\">Mode\u013ca numurs:&nbsp;<\/span><span\n                                        class=\"property-desc line-limit-length\">Oscal PowerMax3600<\/span>\n                            <\/li>\n<li class=\"product-prop line-limit-length\"><span\n                                        class=\"property-title\">Tips:&nbsp;<\/span><span\n                                        class=\"property-desc line-limit-length\">LiFePO4<\/span>\n                            <\/li>\n<li class=\"product-prop line-limit-length\"><span\n                                        class=\"property-title\">Komplekta veids:&nbsp;<\/span><span\n                                        class=\"property-desc line-limit-length\">L\u0101d\u0113t\u0101ju komplekti<\/span>\n                            <\/li>\n<\/ul><\/div>\n<div class=\"detailmodule_dynamic\"><kse:widget data-widget-type=\"customText\" id=\"1005000009406803\" type=\"relation\"><\/kse:widget><\/div>\n<div class=\"detailmodule_html\">\n<div class=\"detail-desc-decorate-richtext\">\n<p><\/p>\n<div style=\"background-color:rgb(240, 234, 255);margin:20px 0px 10px;margin-bottom:10px;margin-top:20px;margin-left:0px;margin-right:0px;width:100%;height:34px\"><span style=\"background-color:rgb(55, 139, 238);color:rgb(255, 255, 255);font-size:24px;font-family:Verdana, Arial\">Svar\u012bg\u0101kie notikumi<\/span><\/div>\n<div class=\"detailmodule_text\">\n<div><span style=\"font-size:16px;font-family:arial, helvetica, sans-serif\">1, 14 Versatile Outlets;<\/span><\/div>\n<div><span style=\"font-size:16px;font-family:arial, helvetica, sans-serif\"><br \/>\n2, 57600Wh Max Battery;<br \/>\n<\/span><\/div>\n<div><span style=\"font-size:16px;font-family:arial, helvetica, sans-serif\">3, LED Light Modes &amp; Morse Code Signal;<br \/>\n<\/span><\/div>\n<div><span style=\"font-size:16px;font-family:arial, helvetica, sans-serif\">4, Anti-UV&amp;UL94V-0 Rated Fire-Retardant Case;<br \/>\n<\/span><\/div>\n<div><span style=\"font-size:16px;font-family:arial, helvetica, sans-serif\">5, 0.8M Vertically Drop-Proof Design;<br \/>\n<\/span><\/div>\n<div><span style=\"font-size:16px;font-family:arial, helvetica, sans-serif\">6, Splash-Proof &amp; Dust-Proof Body.<\/span><\/div>\n<\/div>\n<div style=\"background-color:rgb(240, 234, 255);margin:20px 0px 10px;margin-bottom:10px;margin-top:20px;margin-left:0px;margin-right:0px;width:100%;height:34px\"><span style=\"background-color:rgb(55, 139, 238);color:rgb(255, 255, 255);font-size:24px;font-family:Verdana, Arial\">Produkta inform\u0101cija<\/span><\/div>\n<p><img decoding=\"async\" src=\"https:\/\/ae01.alicdn.com\/kf\/S8b89807ea3964ee78bf67ac986876c9c9.jpg\" slate-data-type=\"image\"\/><img decoding=\"async\" src=\"https:\/\/ae01.alicdn.com\/kf\/Sebb8b6d296ae44c0950533f4422df74d9.jpg\" slate-data-type=\"image\"\/><img decoding=\"async\" src=\"https:\/\/ae01.alicdn.com\/kf\/Sa4171cba66c74093ba92c30a1690a680z.jpg\" slate-data-type=\"image\"\/><img decoding=\"async\" src=\"https:\/\/ae01.alicdn.com\/kf\/Sb8076f4bb39d4c1fb4a8a39c04dc2305R.jpg\" slate-data-type=\"image\"\/><img decoding=\"async\" src=\"https:\/\/ae01.alicdn.com\/kf\/Sf49b920e6dc4485f829cc0bca9b4f563l.jpg\" slate-data-type=\"image\"\/><img decoding=\"async\" src=\"https:\/\/ae01.alicdn.com\/kf\/Sf71c942aa356491f9c811cc171715979y.jpg\" slate-data-type=\"image\"\/><img decoding=\"async\" src=\"https:\/\/ae01.alicdn.com\/kf\/Sfa2922293ba44555a2e7d54e56156dfbp.jpg\" slate-data-type=\"image\"\/><img decoding=\"async\" src=\"https:\/\/ae01.alicdn.com\/kf\/S82e2e08144f3414bbf0784ed8d8c2c7a9.jpg\" slate-data-type=\"image\"\/><img decoding=\"async\" src=\"https:\/\/ae01.alicdn.com\/kf\/Sc139dfd3f871469686dd0ca3620e70e5K.jpg\" slate-data-type=\"image\"\/><img decoding=\"async\" src=\"https:\/\/ae01.alicdn.com\/kf\/Sa625ccf34c524511907fc9a34f2bfd30h.jpg\" slate-data-type=\"image\"\/><img decoding=\"async\" src=\"https:\/\/ae01.alicdn.com\/kf\/Sbb4b4ad7cd73401198e16c2badb2fa16d.jpg\" slate-data-type=\"image\"\/><\/p>\n<div style=\"background-color:rgb(240, 234, 255);margin:20px 0px 10px;margin-bottom:10px;margin-top:20px;margin-left:0px;margin-right:0px;width:100%;height:34px\"><span style=\"background-color:rgb(55, 139, 238);color:rgb(255, 255, 255);font-size:24px;font-family:Verdana, Arial\">Specifik\u0101cija <\/span><\/div>\n<table style=\"border-collapse:collapse;font-family:&quot;Microsoft YaHei&quot;;width:1000px\" class=\"jbEidtTable\" border=\"1\" cellpadding=\"5\" cellspacing=\"0\">\n<tbody>\n<tr>\n<td style=\"text-align:left;width:373px;height:89px\" align=\"left\">\n<p><span style=\"font-size:16px;font-family:arial, helvetica, sans-serif\">Visp\u0101r\u012bgi<\/span><\/p>\n<\/td>\n<td style=\"text-align:left;width:603px;height:89px\" align=\"left\">\n<p><span style=\"font-size:16px;font-family:arial, helvetica, sans-serif\">Brand: Blackview\u00a0Oscal<br \/>Type: Rugged Power Station<br \/>Model: PowerMax 3600 EU<br \/>Color: Grey+Red<\/span><\/p>\n<\/td>\n<\/tr>\n<tr>\n<td style=\"text-align:left;width:373px;height:646px\" align=\"left\">\n<p><span style=\"font-size:16px;font-family:arial, helvetica, sans-serif\">Specifik\u0101cija<\/span><\/p>\n<\/td>\n<td style=\"text-align:left;width:603px;height:646px\" align=\"left\">\n<div><span style=\"font-size:16px;font-family:arial, helvetica, sans-serif\">Akumulators\u00a0<br \/>Battery Capacity: 3600 Wh<br \/>Akumulatora tips: LiFePO4 akumulators<br \/>Battery Life Cycles: 3500+ Cycles to 80% of Original Capacity<\/span><\/div>\n<p><span style=\"font-size:16px;font-family:arial, helvetica, sans-serif\">Izvade<br \/>Mai\u0146str\u0101vas izeja:<br \/>4 x 3600W Output (Max)<br \/>Invertora tips: T\u012brs sinusoid\u0101ls<br \/>Surge Power: 7200W<br \/>USB-C Port: USB-C 100W x2<br \/>USB-A Port: USB-A 12W x1, USB-A 18W x3<br \/>DC Output: Anderson 378W x1, DC 5521 36W x2<br \/>Cigarette Lighter Port: Cigarette Lighter 120W x1<\/span><\/p>\n<p><span style=\"font-size:16px;font-family:arial, helvetica, sans-serif\">Ievade<br \/>AC Adapter Input: 2200W(Max), Recharging Times: 1.96h<br \/>Solar Input: 1600 W((Max), Recharging Times: 2.25h<br \/>(With prime sunshine, ideal orientation, and low temperature)<br \/>Car Input: 120W(Max), Recharging Times: 30h<br \/>Dual Charging<br \/>-AC Charging+DC-Solar Charging 1.2h<br \/>-AC Charging+DC-Car Charging 1.86h<\/span><\/p>\n<p><span style=\"font-size:16px;font-family:arial, helvetica, sans-serif\">Charging Temperature: 0-50\u00b0C(32\u00b0F-122\u00b0F) Best under conditions from 0\u00b0C to 45\u00b0C. (32\u00b0F-113\u00b0F)<br \/>Discharging Temperature: -20-55\u00b0(-4\u00b0F-131\u00b0F) Best under conditions from -10\u00b0C to 45\u00b0C. (14\u00b0F-113\u00b0F)<br \/>Storage Temperature: -10\u00b0C-45\u00b0C (14\u00b0F-113\u00b0F)<br \/>App Control: Yes, Via WiFi and Bluetooth<\/span><\/p>\n<\/td>\n<\/tr>\n<tr>\n<td style=\"text-align:left;width:373px;height:89px\" align=\"left\">\n<p><span style=\"font-size:16px;font-family:arial, helvetica, sans-serif\">Svars un izm\u0113rs<\/span><\/p>\n<\/td>\n<td style=\"text-align:left;width:603px;height:89px\" align=\"left\">\n<p><span style=\"font-size:16px;font-family:arial, helvetica, sans-serif\">Product Weight: 44.5kg<br \/>Package Weight: 47.6kg<br \/>Product Size(L x W x H): 59x35x44.1cm<br \/>Package Size(L x W x H): 66&#215;40.5&#215;52.5cm<\/span><\/p>\n<\/td>\n<\/tr>\n<tr>\n<td style=\"text-align:left;width:373px;height:44px\" align=\"left\">\n<p><span style=\"font-size:16px;font-family:arial, helvetica, sans-serif\">Iepakojuma saturs<\/span><\/p>\n<\/td>\n<td style=\"text-align:left;width:603px;height:44px\" align=\"left\">\n<p><span style=\"font-size:16px;font-family:arial, helvetica, sans-serif\">1 x Rugged Power Station<br \/>1 lietot\u0101ja rokasgr\u0101mata<\/span><\/p>\n<\/td>\n<\/tr>\n<\/tbody>\n<\/table>\n<div><\/div>\n<\/div>\n<\/div>\n<p><\/p>","protected":false},"excerpt":{"rendered":"<p>Display screen:&nbsp;Yes Nominal Capacity:&nbsp;&gt;3500mAh Model Number:&nbsp;Oscal PowerMax3600 Type:&nbsp;LiFePO4 Set Type:&nbsp;Charger Sets Highlights 1, 14 Versatile Outlets; 2, 57600Wh Max Battery; 3, LED Light Modes &amp; Morse Code Signal; 4, Anti-UV&amp;UL94V-0<\/p>","protected":false},"featured_media":9149,"comment_status":"open","ping_status":"closed","template":"","meta":{"_acf_changed":false},"product_brand":[],"product_cat":[515],"product_tag":[],"class_list":{"0":"post-9148","1":"product","2":"type-product","3":"status-publish","4":"has-post-thumbnail","6":"product_cat-portable-power-stations","8":"first","9":"instock","10":"shipping-taxable","11":"purchasable","12":"product-type-simple"},"acf":[],"_links":{"self":[{"href":"https:\/\/www.electricstore.eu\/lv\/wp-json\/wp\/v2\/product\/9148","targetHints":{"allow":["GET"]}}],"collection":[{"href":"https:\/\/www.electricstore.eu\/lv\/wp-json\/wp\/v2\/product"}],"about":[{"href":"https:\/\/www.electricstore.eu\/lv\/wp-json\/wp\/v2\/types\/product"}],"replies":[{"embeddable":true,"href":"https:\/\/www.electricstore.eu\/lv\/wp-json\/wp\/v2\/comments?post=9148"}],"wp:featuredmedia":[{"embeddable":true,"href":"https:\/\/www.electricstore.eu\/lv\/wp-json\/wp\/v2\/media\/9149"}],"wp:attachment":[{"href":"https:\/\/www.electricstore.eu\/lv\/wp-json\/wp\/v2\/media?parent=9148"}],"wp:term":[{"taxonomy":"product_brand","embeddable":true,"href":"https:\/\/www.electricstore.eu\/lv\/wp-json\/wp\/v2\/product_brand?post=9148"},{"taxonomy":"product_cat","embeddable":true,"href":"https:\/\/www.electricstore.eu\/lv\/wp-json\/wp\/v2\/product_cat?post=9148"},{"taxonomy":"product_tag","embeddable":true,"href":"https:\/\/www.electricstore.eu\/lv\/wp-json\/wp\/v2\/product_tag?post=9148"}],"curies":[{"name":"wp","href":"https:\/\/api.w.org\/{rel}","templated":true}]}}