{"id":9143,"date":"2025-05-20T17:45:17","date_gmt":"2025-05-20T17:45:17","guid":{"rendered":"https:\/\/electricstore.eu\/p\/uncategorized\/fossibot-sp200-18v-200w-foldable-solar-panel-23-4-high-efficiency-monocrystalline-solar-cells-for-power-station-mppt-ip67\/"},"modified":"2025-05-20T17:45:35","modified_gmt":"2025-05-20T17:45:35","slug":"fossibot-sp200-18v-200w-foldable-solar-panel-23-4-high-efficiency-monocrystalline-solar-cells-for-power-station-mppt-ip67","status":"publish","type":"product","link":"https:\/\/www.electricstore.eu\/lv\/p\/batteries\/foldable-solar-panels\/fossibot-sp200-18v-200w-foldable-solar-panel-23-4-high-efficiency-monocrystalline-solar-cells-for-power-station-mppt-ip67\/","title":{"rendered":"FOSSiBOT SP200 18 V 200 W salok\u0101ms saules panelis, 23,4% augstas efektivit\u0101tes monokrist\u0101liskas saules baterijas, elektrostacijai MPPT IP67"},"content":{"rendered":"<div class=\"product-specs-list-container\">\n<ul class=\"product-specs-list util-clearfix\">\n<li class=\"product-prop line-limit-length\"><span\n                                        class=\"property-title\">Pielietojums:&nbsp;<\/span><span\n                                        class=\"property-desc line-limit-length\">S\u0100KUMLAPA<\/span>\n                            <\/li>\n<li class=\"product-prop line-limit-length\"><span\n                                        class=\"property-title\">Mode\u013ca numurs:&nbsp;<\/span><span\n                                        class=\"property-desc line-limit-length\">SP200<\/span>\n                            <\/li>\n<li class=\"product-prop line-limit-length\"><span\n                                        class=\"property-title\">Maksim\u0101l\u0101 jauda:&nbsp;<\/span><span\n                                        class=\"property-desc line-limit-length\">200\u00a0W (50\u00a0W\u00a0x\u00a04)<\/span>\n                            <\/li>\n<li class=\"product-prop line-limit-length\"><span\n                                        class=\"property-title\">Vmp:&nbsp;<\/span><span\n                                        class=\"property-desc line-limit-length\">18 V<\/span>\n                            <\/li>\n<li class=\"product-prop line-limit-length\"><span\n                                        class=\"property-title\">Imp.:&nbsp;<\/span><span\n                                        class=\"property-desc line-limit-length\">11.1A<\/span>\n                            <\/li>\n<li class=\"product-prop line-limit-length\"><span\n                                        class=\"property-title\">Ska\u013crunis:&nbsp;<\/span><span\n                                        class=\"property-desc line-limit-length\">23,4 V<\/span>\n                            <\/li>\n<li class=\"product-prop line-limit-length\"><span\n                                        class=\"property-title\">Isc:&nbsp;<\/span><span\n                                        class=\"property-desc line-limit-length\">13.32A<\/span>\n                            <\/li>\n<li class=\"product-prop line-limit-length\"><span\n                                        class=\"property-title\">Maksim\u0101lais sist\u0113mas spriegums:&nbsp;<\/span><span\n                                        class=\"property-desc line-limit-length\">1000 V<\/span>\n                            <\/li>\n<li class=\"product-prop line-limit-length\"><span\n                                        class=\"property-title\">Izejas ports:&nbsp;<\/span><span\n                                        class=\"property-desc line-limit-length\">MC3<\/span>\n                            <\/li>\n<\/ul><\/div>\n<div class=\"detailmodule_dynamic\"><kse:widget data-widget-type=\"relatedProduct\" id=\"1005000009406803\" title=\"\" type=\"relation\"><\/kse:widget><\/div>\n<div class=\"detailmodule_html\">\n<div class=\"detail-desc-decorate-richtext\">\n<p><\/p>\n<div style=\"background-color:rgb(240, 234, 255);margin:20px 0px 10px;margin-bottom:10px;margin-top:20px;margin-left:0px;margin-right:0px;width:100%;height:34px\">\n <span style=\"background-color:rgb(55, 139, 238);color:rgb(255, 255, 255);font-size:24px;font-family:Verdana, Arial\">Svar\u012bg\u0101kie notikumi<\/span><br \/>\n \n<\/div>\n<div class=\"detailmodule_text\">\n<div class=\"detailmodule_html\">\n<div class=\"detail-desc-decorate-richtext\">\n<div class=\"detailmodule_text\">\n    <\/p>\n<div class=\"detailmodule_html\">\n<div class=\"detail-desc-decorate-richtext\">\n<div class=\"detailmodule_text\">\n<p style=\"font-family:&quot;Microsoft YaHei&quot;;font-size:medium;font-weight:400;letter-spacing:normal;text-align:start;white-space:normal;color:rgb(0, 0, 0)\" align=\"start\"><span style=\"font-size:16px;font-family:arial, helvetica, sans-serif\"><strong>23% augsta saules ener\u0123ijas konversijas efektivit\u0101te<\/strong><\/span><span style=\"font-size:16px;font-family:arial, helvetica, sans-serif\"><br \/>Ar l\u012bdz pat 23% augstas efektivit\u0101tes monokrist\u0101lisk\u0101m saules baterij\u0101m SP200 darbojas lab\u0101k nek\u0101 l\u012bdz\u012bgas klases polikrist\u0101liskie saules pane\u013ci v\u0101ja apgaismojuma apst\u0101k\u013cos. Tas \u013cauj baud\u012bt \u0101ra piedz\u012bvojumus, absorb\u0113jot saules ener\u0123iju p\u0101rg\u0101jienos, kemping\u0101, kemperos, piekab\u0113s, laiv\u0101s, \u0161\u0137\u016bn\u012b\u0161os un vasarn\u012bc\u0101s.<\/span><\/p>\n<p style=\"font-family:&quot;Microsoft YaHei&quot;;font-size:medium;font-weight:400;letter-spacing:normal;text-align:start;white-space:normal;color:rgb(0, 0, 0)\" align=\"start\"><span style=\"font-size:16px;font-family:arial, helvetica, sans-serif\"><br \/><\/span><span style=\"font-size:16px;font-family:arial, helvetica, sans-serif\"><strong>Iztur\u012bgs, \u016bdensnecaurlaid\u012bgs un iztur\u012bgs pret skr\u0101p\u0113jumiem<\/strong><\/span><span style=\"font-size:16px;font-family:arial, helvetica, sans-serif\"><br \/>Pateicoties uzlabotajai lamin\u0113\u0161anas tehnolo\u0123ijai un iztur\u012bgajam ETFE materi\u0101lam uz virsmas, tas ir iztur\u012bg\u0101ks un notur\u012bg\u0101ks pret skr\u0101p\u0113jumiem. Panelis ir ra\u017eots ar\u012b saska\u0146\u0101 ar IP65 \u016bdensnecaurlaid\u012bbas standartu, padarot to ide\u0101li piem\u0113rotu aktivit\u0101t\u0113m br\u012bv\u0101 dab\u0101, piem\u0113ram, kempingam, k\u0101p\u0161anai, p\u0101rg\u0101jieniem un pat sliktos laika apst\u0101k\u013cos.<\/span><\/p>\n<p style=\"font-family:&quot;Microsoft YaHei&quot;;font-size:medium;font-weight:400;letter-spacing:normal;text-align:start;white-space:normal;color:rgb(0, 0, 0)\" align=\"start\"><span style=\"font-size:16px;font-family:arial, helvetica, sans-serif\"><br \/><\/span><span style=\"font-size:16px;font-family:arial, helvetica, sans-serif\"><strong>Pla\u0161a sader\u012bba<\/strong><\/span><span style=\"font-size:16px;font-family:arial, helvetica, sans-serif\"><br \/>Izmantojot MC*3 savienot\u0101ju, \u0161is 200 W saules panelis ir paredz\u0113ts lieto\u0161anai ar liel\u0101ko da\u013cu tirg\u016b pieejamo saules \u0123eneratoru, tostarp jebkuru no FOSSiBOT saules \u0123eneratoriem (F1200\/F2400\/F3600).<\/span><\/p>\n<p style=\"font-family:&quot;Microsoft YaHei&quot;;font-size:medium;font-weight:400;letter-spacing:normal;text-align:start;white-space:normal;color:rgb(0, 0, 0)\" align=\"start\"><span style=\"font-size:16px;font-family:arial, helvetica, sans-serif\"><br \/><\/span><span style=\"font-size:16px;font-family:arial, helvetica, sans-serif\"><strong>Salok\u0101ms un p\u0101rn\u0113s\u0101jams<\/strong><\/span><span style=\"font-size:16px;font-family:arial, helvetica, sans-serif\"><br \/>Ar saloc\u012bt\u0101 veid\u0101 izm\u0113riem 53,8 x 61 x 0,35 cm un svaru tikai 8,14 kg, FOSSiBOT SP200 ir viegli transport\u0113t un uzst\u0101d\u012bt ikvienam.<\/span><\/p>\n<\/p><\/div><\/div><\/div><\/div><\/div><\/div>\n<\/div>\n<div style=\"background-color:rgb(240, 234, 255);margin:20px 0px 10px;margin-bottom:10px;margin-top:20px;margin-left:0px;margin-right:0px;width:100%;height:34px\">\n <span style=\"background-color:rgb(55, 139, 238);color:rgb(255, 255, 255);font-size:24px;font-family:Verdana, Arial\">Produkta inform\u0101cija<\/span>\n<\/div>\n<p><img decoding=\"async\" src=\"https:\/\/ae01.alicdn.com\/kf\/S89269d1304d244d6825085ed26a94199U.jpg\" slate-data-type=\"image\" \/><img decoding=\"async\" src=\"https:\/\/ae01.alicdn.com\/kf\/S32da7a1cd93048cba18ad1f62617dedau.jpg\" slate-data-type=\"image\" \/><img decoding=\"async\" src=\"https:\/\/ae01.alicdn.com\/kf\/Sff50f17c033e41d7a5020a06abb677a5T.jpg\" slate-data-type=\"image\" \/><img decoding=\"async\" src=\"https:\/\/ae01.alicdn.com\/kf\/S943fd2cc02804e219cbaf439fcebaacc3.jpg\" slate-data-type=\"image\" \/><img decoding=\"async\" src=\"https:\/\/ae01.alicdn.com\/kf\/Se7cb5e74cd1e4d63955e4bb873234717N.jpg\" slate-data-type=\"image\" \/><img decoding=\"async\" src=\"https:\/\/ae01.alicdn.com\/kf\/S7b8bc89d3f664401a4ac84b13ac23a76H.jpg\" slate-data-type=\"image\" \/><img decoding=\"async\" src=\"https:\/\/ae01.alicdn.com\/kf\/S572f9a44f32f491ba072effdc79548e0o.jpg\" slate-data-type=\"image\" \/><img decoding=\"async\" src=\"https:\/\/ae01.alicdn.com\/kf\/S688f5faf9fc24134a20e112a89c2d2cdD.jpg\" slate-data-type=\"image\" \/><img decoding=\"async\" src=\"https:\/\/ae01.alicdn.com\/kf\/S32b6b6a1f9c14618a4d15c6d5b5c583aj.jpg\" slate-data-type=\"image\" \/><img decoding=\"async\" src=\"https:\/\/ae01.alicdn.com\/kf\/S720dab6e06e742bb947400fd438cb56bk.jpg\" slate-data-type=\"image\" \/><img decoding=\"async\" src=\"https:\/\/ae01.alicdn.com\/kf\/Sc90b9735d7a24aceaa67b785deec98e00.jpg\" slate-data-type=\"image\" \/><img decoding=\"async\" src=\"https:\/\/ae01.alicdn.com\/kf\/S31cfafb54fcf406d8f81b87e9705b9f5i.jpg\" slate-data-type=\"image\" \/><\/p>\n<div style=\"background-color:rgb(240, 234, 255);margin:20px 0px 10px;margin-bottom:10px;margin-top:20px;margin-left:0px;margin-right:0px;width:100%;height:34px\">\n <span style=\"background-color:rgb(55, 139, 238);color:rgb(255, 255, 255);font-size:24px;font-family:Verdana, Arial\">Specifik\u0101cija<\/span>\n<\/div>\n<p><\/p>\n<table style=\"border-collapse:collapse;font-family:&quot;Microsoft YaHei&quot;;width:1000px\" class=\"jbEidtTable\" border=\"1\" cellpadding=\"5\" cellspacing=\"0\">\n<tbody>\n<tr>\n<td style=\"text-align:left\" align=\"left\">\n<p><span style=\"font-size:16px;font-family:arial, helvetica, sans-serif\"><strong>Visp\u0101r\u012bgi<\/strong><\/span><\/p>\n<\/td>\n<td style=\"text-align:left\" align=\"left\">\n<p><span style=\"font-size:16px;font-family:arial, helvetica, sans-serif\">Z\u012bmols: FOSSiBOT<br \/>Tips: Saules panelis<br \/>Modelis: SP200 jaun\u0101 versija<br \/>Kr\u0101sa: pel\u0113ka<\/span><\/p>\n<\/td>\n<\/tr>\n<tr>\n<td style=\"text-align:left\" align=\"left\">\n<p><span style=\"font-size:16px;font-family:arial, helvetica, sans-serif\"><strong>Specifik\u0101cija<\/strong><\/span><\/p>\n<\/td>\n<td style=\"text-align:left\" align=\"left\">\n<p><span style=\"font-size:16px;font-family:arial, helvetica, sans-serif\">Maksim\u0101l\u0101 jauda: 200 W (50 W x 4)<br \/>Pielaide: \u00b110%<br \/>\u0160\u016bnas tips: Mono \u0161\u016bna (166x166 mm)<br \/>Konversijas efektivit\u0101te: 23,4%<br \/>Spriegums: 18 V<br \/>Imp.: 11,1 A<br \/>Voc: 21,6 V<br \/>Spriegums: 13,3 A<br \/>Izejas ports: MC4<br \/>Darba temperat\u016bra: -10\u201365\u00a0Celsija<br \/>Uzglab\u0101\u0161anas apk\u0101rt\u0113j\u0101s vides temperat\u016bra: -10\u201365\u00a0C<br \/>Kop\u0113j\u0101 caurlaid\u012bba: 97%<br \/>Mitruma caurlaid\u012bba: 40\u00a0Celsius\/90%RH g\/M2 dien\u0101<br \/>\u016adens absorbcijas \u0101trums: 2,5% (24H)<br \/>Testa standarta apst\u0101k\u013ci: Am1.5 25 Celsija gr\u0101di 1000 W\/m2<\/span><\/p>\n<\/td>\n<\/tr>\n<tr>\n<td style=\"text-align:left\" align=\"left\">\n<p><span style=\"font-size:16px;font-family:arial, helvetica, sans-serif\"><strong>Svars un izm\u0113rs<\/strong><\/span><\/p>\n<\/td>\n<td style=\"text-align:left\" align=\"left\">\n<p><span style=\"font-size:16px;font-family:arial, helvetica, sans-serif\">Produkta svars: 8 kg<br \/>Iepakojuma svars: 9,07 kg<br \/>Izstr\u0101d\u0101juma izm\u0113rs (G x P x A): 531 * 2400 mm<br \/>Iepakojuma izm\u0113rs (G x P x A): 590 * 95 * 710 mm<\/span><\/p>\n<\/td>\n<\/tr>\n<tr>\n<td style=\"text-align:left\" align=\"left\">\n<p><span style=\"font-size:16px;font-family:arial, helvetica, sans-serif\"><strong>Iepakojuma saturs<\/strong><\/span><\/p>\n<\/td>\n<td style=\"text-align:left\" align=\"left\">\n<p><span style=\"font-size:16px;font-family:arial, helvetica, sans-serif\">1 x 200 W saules panelis&nbsp;<br \/>1 lietot\u0101ja rokasgr\u0101mata<\/span><\/p>\n<\/td>\n<\/tr>\n<\/tbody>\n<\/table>\n<p><\/div>\n<\/div>","protected":false},"excerpt":{"rendered":"<p>Application:&nbsp;HOME Model Number:&nbsp;SP200 Peak Power:&nbsp;200W (50Wx4) Vmp:&nbsp;18V Imp:&nbsp;11.1A Voc:&nbsp;23.4V Isc:&nbsp;13.32A Maximum System Voltage:&nbsp;1000V Output Port:&nbsp;MC3 Highlights 23% High Solar Conversion EfficiencyWith up to 23% high-efficiency monocrystalline solar cells, SP200 performs<\/p>","protected":false},"featured_media":9144,"comment_status":"open","ping_status":"closed","template":"","meta":{"_acf_changed":false},"product_brand":[],"product_cat":[531],"product_tag":[],"class_list":{"0":"post-9143","1":"product","2":"type-product","3":"status-publish","4":"has-post-thumbnail","6":"product_cat-foldable-solar-panels","8":"first","9":"instock","10":"shipping-taxable","11":"purchasable","12":"product-type-simple"},"acf":[],"_links":{"self":[{"href":"https:\/\/www.electricstore.eu\/lv\/wp-json\/wp\/v2\/product\/9143","targetHints":{"allow":["GET"]}}],"collection":[{"href":"https:\/\/www.electricstore.eu\/lv\/wp-json\/wp\/v2\/product"}],"about":[{"href":"https:\/\/www.electricstore.eu\/lv\/wp-json\/wp\/v2\/types\/product"}],"replies":[{"embeddable":true,"href":"https:\/\/www.electricstore.eu\/lv\/wp-json\/wp\/v2\/comments?post=9143"}],"wp:featuredmedia":[{"embeddable":true,"href":"https:\/\/www.electricstore.eu\/lv\/wp-json\/wp\/v2\/media\/9144"}],"wp:attachment":[{"href":"https:\/\/www.electricstore.eu\/lv\/wp-json\/wp\/v2\/media?parent=9143"}],"wp:term":[{"taxonomy":"product_brand","embeddable":true,"href":"https:\/\/www.electricstore.eu\/lv\/wp-json\/wp\/v2\/product_brand?post=9143"},{"taxonomy":"product_cat","embeddable":true,"href":"https:\/\/www.electricstore.eu\/lv\/wp-json\/wp\/v2\/product_cat?post=9143"},{"taxonomy":"product_tag","embeddable":true,"href":"https:\/\/www.electricstore.eu\/lv\/wp-json\/wp\/v2\/product_tag?post=9143"}],"curies":[{"name":"wp","href":"https:\/\/api.w.org\/{rel}","templated":true}]}}