{"id":9100,"date":"2025-05-20T17:44:52","date_gmt":"2025-05-20T17:44:52","guid":{"rendered":"https:\/\/electricstore.eu\/p\/uncategorized\/cloudenergy-cl24-100-24v-100ah-lifepo4-battery-pack-2560wh-energy-6000-cycles-built-in-100a-bms-support-in-series-parallel\/"},"modified":"2025-05-20T17:45:05","modified_gmt":"2025-05-20T17:45:05","slug":"cloudenergy-cl24-100-24v-100ah-lifepo4-battery-pack-2560wh-energy-6000-cycles-built-in-100a-bms-support-in-series-parallel","status":"publish","type":"product","link":"https:\/\/www.electricstore.eu\/lv\/p\/batteries\/lifepo4-batteries\/100-200ah-lifepo4-batteries\/cloudenergy-cl24-100-24v-100ah-lifepo4-battery-pack-2560wh-energy-6000-cycles-built-in-100a-bms-support-in-series-parallel\/","title":{"rendered":"Cloudenergy CL24-100 24 V 100 Ah LiFePO4 akumulatoru bloks, 2560 Wh ener\u0123ija, vair\u0101k nek\u0101 6000 cikli, ieb\u016bv\u0113ta 100 A BMS, atbalsts virknes\/paral\u0113lajam sl\u0113gumam"},"content":{"rendered":"<div class=\"product-specs-list-container\">\n<ul class=\"product-specs-list util-clearfix\">\n<li class=\"product-prop line-limit-length\"><span\n                                        class=\"property-title\">Displeja ekr\u0101ns:&nbsp;<\/span><span\n                                        class=\"property-desc line-limit-length\">J\u0101<\/span>\n                            <\/li>\n<li class=\"product-prop line-limit-length\"><span\n                                        class=\"property-title\">Nomin\u0101l\u0101 ietilp\u012bba:&nbsp;<\/span><span\n                                        class=\"property-desc line-limit-length\">&gt;3500 mAh<\/span>\n                            <\/li>\n<li class=\"product-prop line-limit-length\"><span\n                                        class=\"property-title\">Mode\u013ca numurs:&nbsp;<\/span><span\n                                        class=\"property-desc line-limit-length\">CL24-100<\/span>\n                            <\/li>\n<li class=\"product-prop line-limit-length\"><span\n                                        class=\"property-title\">Tips:&nbsp;<\/span><span\n                                        class=\"property-desc line-limit-length\">LiFePO4<\/span>\n                            <\/li>\n<li class=\"product-prop line-limit-length\"><span\n                                        class=\"property-title\">Komplekta veids:&nbsp;<\/span><span\n                                        class=\"property-desc line-limit-length\">L\u0101d\u0113t\u0101ju komplekti<\/span>\n                            <\/li>\n<\/ul><\/div>\n<div class=\"detailmodule_dynamic\"><kse:widget data-widget-type=\"customText\" id=\"1005000009406803\" type=\"relation\"><\/kse:widget><\/div>\n<div class=\"detailmodule_html\">\n<div class=\"detail-desc-decorate-richtext\">\n<p><\/p>\n<div style=\"background-color:rgb(240, 234, 255);margin:20px 0px 10px;margin-bottom:10px;margin-top:20px;margin-left:0px;margin-right:0px;width:100%;height:34px\"><span style=\"background-color:rgb(55, 139, 238);color:rgb(255, 255, 255);font-size:24px;font-family:Verdana, Arial\">Svar\u012bg\u0101kie notikumi<\/span><\/div>\n<div class=\"detailmodule_text\">\n<p><strong><span style=\"font-size:16px;font-family:arial, helvetica, sans-serif\">Uzticams automobi\u013cu klases litija akumulators<\/span><\/strong><\/p>\n<p style=\"font-family:&quot;Microsoft YaHei&quot;;font-size:medium;font-weight:400;letter-spacing:normal;text-align:start;white-space:normal;color:rgb(0, 0, 0)\" align=\"start\"><span style=\"font-size:16px;font-family:arial, helvetica, sans-serif\">Cloudenegy LiFePO4 akumulatoram ir izcila kvalit\u0101te, jo tas ir ra\u017eots no automobi\u013cu klases LiFePO4 \u0161\u016bn\u0101m ar augst\u0101ku ener\u0123ijas bl\u012bvumu, stabil\u0101ku veiktsp\u0113ju un liel\u0101ku jaudu. Augst\u0101kais dro\u0161\u012bbas l\u012bmenis, pamatojoties uz UL test\u0113\u0161anas sertifik\u0101tu akumulatora iek\u0161pus\u0113 eso\u0161ajai \u0161\u016bnai un ieb\u016bv\u0113to 100A BMS, lai aizsarg\u0101tu to no p\u0101rl\u0101d\u0113\u0161anas, p\u0101rizl\u0101des, p\u0101rslodzes un \u012bssavienojuma ar lielisku pa\u0161izl\u0101des \u0101trumu. 100% dro\u0161a, netoksiska, atjaunojama ener\u0123ija.<\/span><\/p>\n<p><\/p>\n<p style=\"font-family:&quot;Microsoft YaHei&quot;;letter-spacing:normal;text-align:start;white-space:normal;color:rgb(0, 0, 0)\" align=\"start\"><strong><span style=\"font-size:16px;font-family:arial, helvetica, sans-serif\">Sp\u0113c\u012bga 100A BMS un A klases \u0161\u016bnas<\/span><\/strong><\/p>\n<p style=\"font-family:&quot;Microsoft YaHei&quot;;font-size:medium;font-weight:400;letter-spacing:normal;text-align:start;white-space:normal;color:rgb(0, 0, 0)\" align=\"start\"><span style=\"font-size:16px;font-family:arial, helvetica, sans-serif\">Cloudenegy 24V 100Ah LiFePO4 akumulators ar ieb\u016bv\u0113tu 100A BMS, kas atbalsta 100A maksim\u0101lo nep\u0101rtrauktas uzl\u0101des\/izl\u0101des str\u0101vu, 2560W maksim\u0101lo slodzes jaudu un 2560Wh maksim\u0101lo ener\u0123iju. Apr\u012bkots ar izcilas kvalit\u0101tes 100A BMS, kas var ar\u012b ierobe\u017eot nep\u0101rtrauktas uzl\u0101des\/izl\u0101des str\u0101vu, 100Ah litija akumulators 24V ar A klases elementiem padara akumulatora kvalit\u0101ti uzticamu.<\/span><\/p>\n<p><\/p>\n<p style=\"font-family:&quot;Microsoft YaHei&quot;;letter-spacing:normal;text-align:start;white-space:normal;color:rgb(0, 0, 0)\" align=\"start\"><strong><span style=\"font-size:16px;font-family:arial, helvetica, sans-serif\">L\u012bdz 2 4. s\u0113rijas paral\u0113lo savienojumu piesl\u0113g\u0161ana<\/span><\/strong><\/p>\n<p style=\"font-family:&quot;Microsoft YaHei&quot;;font-size:medium;font-weight:400;letter-spacing:normal;text-align:start;white-space:normal;color:rgb(0, 0, 0)\" align=\"start\"><span style=\"font-size:16px;font-family:arial, helvetica, sans-serif\">Cloudenegy LiFePO4 akumulatoru var savienot paral\u0113li un virkn\u0113, lai ieg\u016btu liel\u0101ku ietilp\u012bbu (maksim\u0101li 1200 Ah) un augst\u0101ku spriegumu (24 V, 36 V, 48 V), kas padara to ide\u0101li piem\u0113rotu lieto\u0161anai \u0101rpus t\u012bkla saules ener\u0123ijas sist\u0113m\u0101s un \u0101ra lietojumos, piem\u0113ram, m\u0101jas rezerves baro\u0161anas avotam, kemperiem, kempingiem, buru laiv\u0101m utt. Jums nav j\u0101uztraucas par to, ka nevar\u0113siet uzl\u0101d\u0113t akumulatoru m\u0101ko\u0146ain\u0101s dien\u0101s, jo akumulatora ilg\u0101 darb\u012bbas m\u016b\u017ea d\u0113\u013c j\u016bs sa\u0146emsiet uzticamu jaudu vai ilg\u0101ku un pat\u012bkam\u0101ku ce\u013cojumu.<\/span><\/p>\n<p><\/p>\n<p style=\"font-family:&quot;Microsoft YaHei&quot;;letter-spacing:normal;text-align:start;white-space:normal;color:rgb(0, 0, 0)\" align=\"start\"><strong><span style=\"font-size:16px;font-family:arial, helvetica, sans-serif\">10 gadu kalpo\u0161anas laiks un iztur\u012bgs korpuss<\/span><\/strong><\/p>\n<p style=\"font-family:&quot;Microsoft YaHei&quot;;font-size:medium;font-weight:400;letter-spacing:normal;text-align:start;white-space:normal;color:rgb(0, 0, 0)\" align=\"start\"><span style=\"font-size:16px;font-family:arial, helvetica, sans-serif\">Cloudenergy LiFePO4 akumulatoram ir viegls dizains, t\u0101 kalpo\u0161anas laiks ir l\u012bdz 10 gadiem, un to var p\u0101rstr\u0101d\u0101t vair\u0101k nek\u0101 6000 rei\u017eu, un 24 V 100 Ah lielas ietilp\u012bbas baro\u0161anas avots ir piem\u0113rots saules ener\u0123ijas, kemperu un cit\u0101m lietojumprogramm\u0101m.\u00a0<\/span><\/p>\n<\/div>\n<p style=\"background-color:rgb(240, 234, 255);margin:20px 0px 10px;margin-bottom:10px;margin-top:20px;margin-left:0px;margin-right:0px;width:100%;height:34px\"><span style=\"background-color:rgb(55, 139, 238);color:rgb(255, 255, 255);font-size:24px;font-family:arial, helvetica, sans-serif\">Produkta inform\u0101cija<\/span><\/p>\n<p><img decoding=\"async\" src=\"https:\/\/ae01.alicdn.com\/kf\/S7a5922d81ea545f6970eeef8cb574f82K.jpg\" slate-data-type=\"image\"\/><img decoding=\"async\" src=\"https:\/\/ae01.alicdn.com\/kf\/Sda79a82428574ebb83dda82c0f7b83ccU.jpg\" slate-data-type=\"image\"\/><img decoding=\"async\" src=\"https:\/\/ae01.alicdn.com\/kf\/S426b3ec6ce154ed4b6994abc86c4afbfX.jpg\" slate-data-type=\"image\"\/><img decoding=\"async\" src=\"https:\/\/ae01.alicdn.com\/kf\/S92cf560b224c43d6926a7e5f965682c6c.jpg\" slate-data-type=\"image\"\/><img decoding=\"async\" src=\"https:\/\/ae01.alicdn.com\/kf\/S86677e43e81c4747b8f6dea627948328Z.jpg\" slate-data-type=\"image\"\/><\/p>\n<div style=\"background-color:rgb(240, 234, 255);margin:20px 0px 10px;margin-bottom:10px;margin-top:20px;margin-left:0px;margin-right:0px;width:100%;height:34px\"><span style=\"background-color:rgb(55, 139, 238);color:rgb(255, 255, 255);font-size:24px;font-family:Verdana, Arial\">Specifik\u0101cija<\/span><\/div>\n<div>\u00a0<\/div>\n<table style=\"border-collapse:collapse;font-family:&quot;Microsoft YaHei&quot;;width:1000px\" class=\"jbEidtTable\" border=\"1\" cellpadding=\"5\" cellspacing=\"0\">\n<tbody>\n<tr>\n<td style=\"text-align:left\" align=\"left\">\n<p><strong>Visp\u0101r\u012bgi<\/strong><\/p>\n<\/td>\n<td style=\"text-align:left\" align=\"left\">\n<p><span style=\"font-size:16px;font-family:arial, helvetica, sans-serif\">Z\u012bmols: Cloudenergy<br \/>Tips: LiFePO4 akumulators<br \/>Modelis: CL24-100<\/span><\/p>\n<\/td>\n<\/tr>\n<tr>\n<td style=\"text-align:left\" align=\"left\">\n<p><strong>Specifik\u0101cija<\/strong><\/p>\n<\/td>\n<td style=\"text-align:left\" align=\"left\">\n<p><span style=\"font-size:16px;font-family:arial, helvetica, sans-serif\">Nomin\u0101lais spriegums: 25,6 V<br \/>Nomin\u0101l\u0101 ietilp\u012bba: 100Ah<br \/>Uzl\u0101des spriegums: 29,2\u201329,4 V<br \/>Ener\u0123ija: 2560 Wh<br \/>Maksim\u0101l\u0101 nep\u0101rtraukt\u0101 uzl\u0101des str\u0101va: 100A<br \/>Maksim\u0101l\u0101 nep\u0101rtraukt\u0101 izl\u0101des str\u0101va: 100A<br \/>Ieteicam\u0101 uzl\u0101des str\u0101va: 20A<br \/>Cikla m\u016b\u017es: 6000+ cikli<br \/>Maksim\u0101l\u0101 slodze \/ invertora jauda: 2560 W<br \/>Uzl\u0101des temperat\u016bra: no 0 l\u012bdz 50 Celsija (no 32 l\u012bdz 122 F\u0101renheita)<br \/>Izl\u0101des temperat\u016bra: no -20 l\u012bdz 60 Celsija (no -4 l\u012bdz 140 F\u0101renheita)<br \/>Uzglab\u0101\u0161anas temperat\u016bra: no -10 l\u012bdz 50 Celsija (no 14 l\u012bdz 122 F\u0101renheita)<br \/>\u016adensiztur\u012bgs: IP63<br \/>Termin\u0101ls: M8<\/span><\/p>\n<\/td>\n<\/tr>\n<tr>\n<td style=\"text-align:left\" align=\"left\">\n<p><strong>Svars un izm\u0113rs<\/strong><\/p>\n<\/td>\n<td style=\"text-align:left\" align=\"left\">\n<p><span style=\"font-size:16px;font-family:arial, helvetica, sans-serif\">Produkta svars: 19,5 kg<br \/>Iepakojuma svars: 21 kg<br \/>Iepakojuma izm\u0113rs (G x P x A): 56,2 * 24,7 * 24,5 cm<\/span><\/p>\n<\/td>\n<\/tr>\n<tr>\n<td style=\"text-align:left\" align=\"left\">\n<p><strong>Iepakojuma saturs<\/strong><\/p>\n<\/td>\n<td style=\"text-align:left\" align=\"left\">\n<p>1 x LiFePO4 akumulators<br \/>1 lietot\u0101ja rokasgr\u0101mata<\/p>\n<\/td>\n<\/tr>\n<\/tbody>\n<\/table>\n<\/div>\n<\/div>\n<p><\/p>","protected":false},"excerpt":{"rendered":"<p>Display screen:&nbsp;Yes Nominal Capacity:&nbsp;&gt;3500mAh Model Number:&nbsp;CL24-100 Type:&nbsp;LiFePO4 Set Type:&nbsp;Charger Sets Highlights Reliable Automotive Grade Lithium Battery Cloudenegy LiFePO4 battery has exceptional quality since they are manufactured by automotive-grade LiFePO4 Cells<\/p>","protected":false},"featured_media":9101,"comment_status":"open","ping_status":"closed","template":"","meta":{"_acf_changed":false},"product_brand":[],"product_cat":[237],"product_tag":[],"class_list":{"0":"post-9100","1":"product","2":"type-product","3":"status-publish","4":"has-post-thumbnail","6":"product_cat-100-200ah-lifepo4-batteries","8":"first","9":"instock","10":"shipping-taxable","11":"purchasable","12":"product-type-simple"},"acf":[],"_links":{"self":[{"href":"https:\/\/www.electricstore.eu\/lv\/wp-json\/wp\/v2\/product\/9100","targetHints":{"allow":["GET"]}}],"collection":[{"href":"https:\/\/www.electricstore.eu\/lv\/wp-json\/wp\/v2\/product"}],"about":[{"href":"https:\/\/www.electricstore.eu\/lv\/wp-json\/wp\/v2\/types\/product"}],"replies":[{"embeddable":true,"href":"https:\/\/www.electricstore.eu\/lv\/wp-json\/wp\/v2\/comments?post=9100"}],"wp:featuredmedia":[{"embeddable":true,"href":"https:\/\/www.electricstore.eu\/lv\/wp-json\/wp\/v2\/media\/9101"}],"wp:attachment":[{"href":"https:\/\/www.electricstore.eu\/lv\/wp-json\/wp\/v2\/media?parent=9100"}],"wp:term":[{"taxonomy":"product_brand","embeddable":true,"href":"https:\/\/www.electricstore.eu\/lv\/wp-json\/wp\/v2\/product_brand?post=9100"},{"taxonomy":"product_cat","embeddable":true,"href":"https:\/\/www.electricstore.eu\/lv\/wp-json\/wp\/v2\/product_cat?post=9100"},{"taxonomy":"product_tag","embeddable":true,"href":"https:\/\/www.electricstore.eu\/lv\/wp-json\/wp\/v2\/product_tag?post=9100"}],"curies":[{"name":"wp","href":"https:\/\/api.w.org\/{rel}","templated":true}]}}