{"id":9090,"date":"2025-05-20T17:44:47","date_gmt":"2025-05-20T17:44:47","guid":{"rendered":"https:\/\/electricstore.eu\/p\/uncategorized\/flashfish-p63-portable-power-station-520wh-140400mah-lithium-battery-solar-generator-500w-ac-output-5xdc-ouputs-4xusb-outputs\/"},"modified":"2025-05-20T17:45:01","modified_gmt":"2025-05-20T17:45:01","slug":"flashfish-p63-portable-power-station-520wh-140400mah-lithium-battery-solar-generator-500w-ac-output-5xdc-ouputs-4xusb-outputs","status":"publish","type":"product","link":"https:\/\/www.electricstore.eu\/lv\/p\/batteries\/portable-power-stations\/flashfish-p63-portable-power-station-520wh-140400mah-lithium-battery-solar-generator-500w-ac-output-5xdc-ouputs-4xusb-outputs\/","title":{"rendered":"Flashfish P63 p\u0101rn\u0113s\u0101jama elektrostacija 520Wh\/140400mAh litija akumulatora saules \u0123enerators, 500W mai\u0146str\u0101vas izeja, 5xl\u012bdzstr\u0101vas izejas, 4xUSB izejas"},"content":{"rendered":"<div class=\"product-specs-list-container\">\n<ul class=\"product-specs-list util-clearfix\">\n<li class=\"product-prop line-limit-length\"><span\n                                        class=\"property-title\">Displeja ekr\u0101ns:&nbsp;<\/span><span\n                                        class=\"property-desc line-limit-length\">J\u0101<\/span>\n                            <\/li>\n<li class=\"product-prop line-limit-length\"><span\n                                        class=\"property-title\">Nomin\u0101l\u0101 ietilp\u012bba:&nbsp;<\/span><span\n                                        class=\"property-desc line-limit-length\">&gt;3500 mAh<\/span>\n                            <\/li>\n<li class=\"product-prop line-limit-length\"><span\n                                        class=\"property-title\">Mode\u013ca numurs:&nbsp;<\/span><span\n                                        class=\"property-desc line-limit-length\">P63<\/span>\n                            <\/li>\n<li class=\"product-prop line-limit-length\"><span\n                                        class=\"property-title\">Tips:&nbsp;<\/span><span\n                                        class=\"property-desc line-limit-length\">LiFePO4<\/span>\n                            <\/li>\n<li class=\"product-prop line-limit-length\"><span\n                                        class=\"property-title\">Komplekta veids:&nbsp;<\/span><span\n                                        class=\"property-desc line-limit-length\">L\u0101d\u0113t\u0101ju komplekti<\/span>\n                            <\/li>\n<\/ul><\/div>\n<div class=\"detailmodule_dynamic\"><kse:widget data-widget-type=\"customText\" id=\"1005000009406803\" type=\"relation\"><\/kse:widget><\/div>\n<div class=\"detailmodule_html\">\n<div class=\"detail-desc-decorate-richtext\">\n<p><\/p>\n<div style=\"background-color:rgb(240, 234, 255);margin:20px 0px 10px;margin-bottom:10px;margin-top:20px;margin-left:0px;margin-right:0px;width:100%;height:34px\"><span style=\"background-color:rgb(55, 139, 238);color:rgb(255, 255, 255);font-size:24px;font-family:Verdana, Arial\">Svar\u012bg\u0101kie notikumi<\/span><\/div>\n<div class=\"detailmodule_text\">\n<div class=\"detailmodule_html\">\n<div class=\"detail-desc-decorate-richtext\">\n<div class=\"detailmodule_text-image\">\n<div class=\"detailmodule_text-image\">\n<div class=\"detailmodule_text-image\">\n<div class=\"detailmodule_text-image\">\n<p><span style=\"color:rgb(0, 0, 0);font-size:16px;font-family:arial, helvetica, sans-serif\">Built-in multi-safety protections(Circuit board lC temperature control)<br \/>1. Built-in high-power 18650 Lithium-ion battery;<br \/>2. Up to 520Wh battery power;<br \/>3. AC pure sine wave output for better power efficiency;<br \/>4. Up to 500W AC continuous output, 1000W of Max output;<br \/>5. Support 1*Type-C 5V-9V\/2A output;<br \/>6. Support 1*QC USB outputs, 2*USB 5V\/2A output;<br \/>7. Support 5*DC 12V10A outputs;<br \/>8. Protection including: shortcircuit, overload, over temperature proof, etc.<br \/>9. Built-in smart fan for heat dissipation;<br \/>10. Off-grid power for CPAP;<\/span><\/p>\n<\/div>\n<\/div>\n<\/div>\n<\/div>\n<\/div>\n<\/div>\n<\/div>\n<div style=\"background-color:rgb(240, 234, 255);margin:20px 0px 10px;margin-bottom:10px;margin-top:20px;margin-left:0px;margin-right:0px;width:100%;height:34px\"><span style=\"background-color:rgb(55, 139, 238);color:rgb(255, 255, 255);font-size:24px;font-family:Verdana, Arial\">Produkta inform\u0101cija<\/span><\/div>\n<p><img decoding=\"async\" src=\"https:\/\/ae01.alicdn.com\/kf\/S29ae8d171a7a4701b10c116a689be171m.jpg\" slate-data-type=\"image\"\/><img decoding=\"async\" src=\"https:\/\/ae01.alicdn.com\/kf\/S208fe539e6c0463cb36cf31adbe4edc0X.jpg\" slate-data-type=\"image\"\/><img decoding=\"async\" src=\"https:\/\/ae01.alicdn.com\/kf\/S096b1ea5ecf44e6487a041999866b9c1G.jpg\" slate-data-type=\"image\"\/><img decoding=\"async\" src=\"https:\/\/ae01.alicdn.com\/kf\/Sd84a5b22ec85414d840be0ab661fa2c06.jpg\" slate-data-type=\"image\"\/><img decoding=\"async\" src=\"https:\/\/ae01.alicdn.com\/kf\/Sd164a500a6b7460689dddd559b91f6dfA.jpg\" slate-data-type=\"image\"\/><img decoding=\"async\" src=\"https:\/\/ae01.alicdn.com\/kf\/Sb8b8bf08b9df44dda2dace8eea10d925T.jpg\" slate-data-type=\"image\"\/><img decoding=\"async\" src=\"https:\/\/ae01.alicdn.com\/kf\/Sf13c80a79b5d444a8a4be36127c52cceU.jpg\" slate-data-type=\"image\"\/><img decoding=\"async\" src=\"https:\/\/ae01.alicdn.com\/kf\/S5daa2c8bad004e7dbb16dd069936a088L.jpg\" slate-data-type=\"image\"\/><img decoding=\"async\" src=\"https:\/\/ae01.alicdn.com\/kf\/S828d5726c2764efaae1ebe35d76f56b7a.jpg\" slate-data-type=\"image\"\/><img decoding=\"async\" src=\"https:\/\/ae01.alicdn.com\/kf\/S4a744652bcb146c49280b7969fa9e8d8f.jpg\" slate-data-type=\"image\"\/><\/p>\n<div style=\"background-color:rgb(240, 234, 255);margin:20px 0px 10px;margin-bottom:10px;margin-top:20px;margin-left:0px;margin-right:0px;width:100%;height:34px\"><span style=\"background-color:rgb(55, 139, 238);color:rgb(255, 255, 255);font-size:24px;font-family:Verdana, Arial\">Specifik\u0101cija <\/span><\/div>\n<table style=\"border-collapse:collapse;font-family:&quot;Microsoft YaHei&quot;;width:1000px\" class=\"jbEidtTable\" border=\"1\" cellpadding=\"5\" cellspacing=\"0\">\n<tbody>\n<tr>\n<td style=\"text-align:left;height:93px\" align=\"left\">\n<p><span style=\"font-size:16px;font-family:arial, helvetica, sans-serif\">Visp\u0101r\u012bgi<\/span><\/p>\n<\/td>\n<td style=\"text-align:left;height:93px\" align=\"left\">\n<p><span style=\"font-size:16px;font-family:arial, helvetica, sans-serif\">Z\u012bmols: Flashfish\u00a0<br \/>Type: Li-ion Portable Power Station<br \/>Model: P63<br \/>Color: Black+Dark Gray<\/span><\/p>\n<\/td>\n<\/tr>\n<tr>\n<td style=\"text-align:left;height:10px\" align=\"left\">\n<p><span style=\"font-size:16px;font-family:arial, helvetica, sans-serif\">Specifik\u0101cija<\/span><\/p>\n<\/td>\n<td style=\"text-align:left;height:10px\" align=\"left\">\n<div><span style=\"font-size:16px;font-family:arial, helvetica, sans-serif\">General parameters<br \/>Built-in battery: 18650 Lithium battery<br \/>Battery capacity: 520Wh,140400mAh\/3.7V<br \/>Input recharging: DC 15V\/6.0A<br \/>Solar panel charging: 13V-22V\/6.0A<br \/>Fully charged time(adapter): Approx. 8h<\/span><\/div>\n<p><span style=\"font-size:16px;font-family:arial, helvetica, sans-serif\">USB output: Total 67W max.<br \/>USB QC3.0(x1): 5V-9V\/2A,18W max.<br \/>Type-C QC3.0(x1): 5V-9V\/2A,18W max.<br \/>USB-A(x2): 5V\/3.1A, 15.5W max.<\/span><\/p>\n<p><span style=\"font-size:16px;font-family:arial, helvetica, sans-serif\">DC output: Total 126W max.<br \/>DC5521 output(x4): 9-12.6V\/10A(12A max total),126W max.<br \/>Cigarette lighter output(x1): 9v-12.6v 10A,126W max.<\/span><\/p>\n<p><span style=\"font-size:16px;font-family:arial, helvetica, sans-serif\">AC output: 2 x AC 230V\/110V pure sine wave output<br \/>AC total continuous output power: 500W<br \/>AC total peak output power: 1000W<\/span><\/p>\n<p><span style=\"font-size:16px;font-family:arial, helvetica, sans-serif\">Operating temperature: -10\u2103-40\u2103<br \/>Lifecycle: &gt;2000 times<\/span><\/p>\n<p><span style=\"font-size:16px;font-family:arial, helvetica, sans-serif\">Product protection:<br \/>a. Short circuit protection<br \/>b. Overcurrent protection<br \/>c. Overvoltage protection<br \/>d. Undervoltage protection<br \/>e. Overload protection<br \/>f. Over temperature protection<\/span><\/p>\n<p><span style=\"font-size:16px;font-family:arial, helvetica, sans-serif\">Adapter parameters<br \/>Output: 15V 6A<br \/>DC interface: Desktop<br \/>Shape: Desktop<\/p>\n<p>Input charging function<br \/>Support power adapter charging: Support<br \/>Support solar panel charging: Support<\/p>\n<p>Structure<br \/>Fireproof rating: 94-V0<br \/>Material: ABS plastic + aluminum shell, plastic shell fire rating 94-V0<\/span><\/p>\n<p><span style=\"font-size:16px;font-family:arial, helvetica, sans-serif\">Use scene mode<br \/>Applicable to power outages, outdoor operations, night market electricity, emergency rescue, medical, household energy storage, etc.<\/span><\/p>\n<\/td>\n<\/tr>\n<tr>\n<td style=\"text-align:left;height:84px\" align=\"left\">\n<p><span style=\"font-size:16px;font-family:arial, helvetica, sans-serif\">Svars un izm\u0113rs<\/span><\/p>\n<\/td>\n<td style=\"text-align:left;height:84px\" align=\"left\">\n<p><span style=\"font-size:16px;font-family:arial, helvetica, sans-serif\">Product Weight: 6.4kg<br \/>Package Weight: 8.2kg<br \/>Product Size(L x W x H): 30.6*20*17.6cm<br \/>Package Size(L x W x H): 40.8*28.5*28cm<\/span><\/p>\n<\/td>\n<\/tr>\n<tr>\n<td style=\"text-align:left;height:55px\" align=\"left\">\n<p><span style=\"font-size:16px;font-family:arial, helvetica, sans-serif\">Iepakojuma saturs<\/span><\/p>\n<\/td>\n<td style=\"text-align:left;height:55px\" align=\"left\">\n<p><span style=\"font-size:16px;font-family:arial, helvetica, sans-serif\">1 x p\u0101rn\u0113s\u0101jama elektrostacija<br \/>1 x Wall Plug Power Adapter<br \/>1 x automa\u0161\u012bnas l\u0101d\u0113t\u0101ja kabelis<br \/>1 lietot\u0101ja rokasgr\u0101mata<\/span><\/p>\n<\/td>\n<\/tr>\n<\/tbody>\n<\/table>\n<div><\/div>\n<\/div>\n<\/div>\n<p><\/p>","protected":false},"excerpt":{"rendered":"<p>Display screen:&nbsp;Yes Nominal Capacity:&nbsp;&gt;3500mAh Model Number:&nbsp;P63 Type:&nbsp;LiFePO4 Set Type:&nbsp;Charger Sets Highlights Built-in multi-safety protections(Circuit board lC temperature control)1. Built-in high-power 18650 Lithium-ion battery;2. Up to 520Wh battery power;3. AC pure<\/p>","protected":false},"featured_media":9091,"comment_status":"open","ping_status":"closed","template":"","meta":{"_acf_changed":false},"product_brand":[],"product_cat":[515],"product_tag":[],"class_list":{"0":"post-9090","1":"product","2":"type-product","3":"status-publish","4":"has-post-thumbnail","6":"product_cat-portable-power-stations","8":"first","9":"instock","10":"shipping-taxable","11":"purchasable","12":"product-type-simple"},"acf":[],"_links":{"self":[{"href":"https:\/\/www.electricstore.eu\/lv\/wp-json\/wp\/v2\/product\/9090","targetHints":{"allow":["GET"]}}],"collection":[{"href":"https:\/\/www.electricstore.eu\/lv\/wp-json\/wp\/v2\/product"}],"about":[{"href":"https:\/\/www.electricstore.eu\/lv\/wp-json\/wp\/v2\/types\/product"}],"replies":[{"embeddable":true,"href":"https:\/\/www.electricstore.eu\/lv\/wp-json\/wp\/v2\/comments?post=9090"}],"wp:featuredmedia":[{"embeddable":true,"href":"https:\/\/www.electricstore.eu\/lv\/wp-json\/wp\/v2\/media\/9091"}],"wp:attachment":[{"href":"https:\/\/www.electricstore.eu\/lv\/wp-json\/wp\/v2\/media?parent=9090"}],"wp:term":[{"taxonomy":"product_brand","embeddable":true,"href":"https:\/\/www.electricstore.eu\/lv\/wp-json\/wp\/v2\/product_brand?post=9090"},{"taxonomy":"product_cat","embeddable":true,"href":"https:\/\/www.electricstore.eu\/lv\/wp-json\/wp\/v2\/product_cat?post=9090"},{"taxonomy":"product_tag","embeddable":true,"href":"https:\/\/www.electricstore.eu\/lv\/wp-json\/wp\/v2\/product_tag?post=9090"}],"curies":[{"name":"wp","href":"https:\/\/api.w.org\/{rel}","templated":true}]}}