{"id":9080,"date":"2025-05-20T17:44:41","date_gmt":"2025-05-20T17:44:41","guid":{"rendered":"https:\/\/electricstore.eu\/p\/uncategorized\/flashfish-p56-portable-power-station-288-6wh-78000mah-battery-pack-solar-generator-330w-ac-output-600w-peak-output\/"},"modified":"2025-05-20T17:44:50","modified_gmt":"2025-05-20T17:44:50","slug":"flashfish-p56-portable-power-station-288-6wh-78000mah-battery-pack-solar-generator-330w-ac-output-600w-peak-output","status":"publish","type":"product","link":"https:\/\/www.electricstore.eu\/lv\/p\/batteries\/portable-power-stations\/flashfish-p56-portable-power-station-288-6wh-78000mah-battery-pack-solar-generator-330w-ac-output-600w-peak-output\/","title":{"rendered":"Flashfish P56 p\u0101rn\u0113s\u0101jama elektrostacija, 288,6 Wh\/78 000 mAh akumulators, saules \u0123enerators, 330 W mai\u0146str\u0101vas izeja, 600 W maksim\u0101l\u0101 jauda"},"content":{"rendered":"<div class=\"product-specs-list-container\">\n<ul class=\"product-specs-list util-clearfix\">\n<li class=\"product-prop line-limit-length\"><span\n                                        class=\"property-title\">Displeja ekr\u0101ns:&nbsp;<\/span><span\n                                        class=\"property-desc line-limit-length\">J\u0101<\/span>\n                            <\/li>\n<li class=\"product-prop line-limit-length\"><span\n                                        class=\"property-title\">Nomin\u0101l\u0101 ietilp\u012bba:&nbsp;<\/span><span\n                                        class=\"property-desc line-limit-length\">&gt;3500 mAh<\/span>\n                            <\/li>\n<li class=\"product-prop line-limit-length\"><span\n                                        class=\"property-title\">Mode\u013ca numurs:&nbsp;<\/span><span\n                                        class=\"property-desc line-limit-length\">P56<\/span>\n                            <\/li>\n<li class=\"product-prop line-limit-length\"><span\n                                        class=\"property-title\">Tips:&nbsp;<\/span><span\n                                        class=\"property-desc line-limit-length\">LiFePO4<\/span>\n                            <\/li>\n<li class=\"product-prop line-limit-length\"><span\n                                        class=\"property-title\">Komplekta veids:&nbsp;<\/span><span\n                                        class=\"property-desc line-limit-length\">L\u0101d\u0113t\u0101ju komplekti<\/span>\n                            <\/li>\n<\/ul><\/div>\n<div class=\"detailmodule_dynamic\"><kse:widget data-widget-type=\"customText\" id=\"1005000009406803\" type=\"relation\"><\/kse:widget><\/div>\n<div class=\"detailmodule_html\">\n<div class=\"detail-desc-decorate-richtext\">\n<p><\/p>\n<div style=\"background-color:rgb(240, 234, 255);margin:20px 0px 10px;margin-bottom:10px;margin-top:20px;margin-left:0px;margin-right:0px;width:100%;height:34px\"><span style=\"background-color:rgb(55, 139, 238);color:rgb(255, 255, 255);font-size:24px;font-family:Verdana, Arial\">Svar\u012bg\u0101kie notikumi<\/span><\/div>\n<div class=\"detailmodule_text\">\n<div class=\"detailmodule_html\">\n<div class=\"detail-desc-decorate-richtext\">\n<div class=\"detailmodule_text-image\">\n<div class=\"detailmodule_text-image\">\n<div class=\"detailmodule_text-image\">\n<div class=\"detailmodule_text-image\">\n<p><span style=\"color:rgb(0, 0, 0);font-size:16px;font-family:arial, helvetica, sans-serif\">1, 9 izejas;<br \/>\n<\/span><\/p>\n<p><span style=\"color:rgb(0, 0, 0);font-size:16px;font-family:arial, helvetica, sans-serif\">2, ietilp\u012bba 288,6 Wh\/78000 mAh;<br \/>\n<\/span><\/p>\n<p><span style=\"color:rgb(0, 0, 0);font-size:16px;font-family:arial, helvetica, sans-serif\">3, 3 uzl\u0101des re\u017e\u012bmi;<br \/>\n<\/span><\/p>\n<p><span style=\"color:rgb(0, 0, 0);font-size:16px;font-family:arial, helvetica, sans-serif\">4, p\u0101rn\u0113s\u0101jams, viegli lietojams;<\/span><\/p>\n<\/div>\n<\/div>\n<\/div>\n<\/div>\n<\/div>\n<\/div>\n<\/div>\n<div style=\"background-color:rgb(240, 234, 255);margin:20px 0px 10px;margin-bottom:10px;margin-top:20px;margin-left:0px;margin-right:0px;width:100%;height:34px\"><span style=\"background-color:rgb(55, 139, 238);color:rgb(255, 255, 255);font-size:24px;font-family:Verdana, Arial\">Produkta inform\u0101cija<\/span><\/div>\n<p><img decoding=\"async\" src=\"https:\/\/ae01.alicdn.com\/kf\/S6cc30994538f4a4e811ab7b5eaf2e03dD.jpg\" slate-data-type=\"image\"\/><img decoding=\"async\" src=\"https:\/\/ae01.alicdn.com\/kf\/S1ce4a7ed21ab4c3c801b784385d4ae512.jpg\" slate-data-type=\"image\"\/><img decoding=\"async\" src=\"https:\/\/ae01.alicdn.com\/kf\/S851164de38af4f65b648eee0102600674.jpg\" slate-data-type=\"image\"\/><img decoding=\"async\" src=\"https:\/\/ae01.alicdn.com\/kf\/S2ccc30073f2e4badbc43b5e905a042f0u.jpg\" slate-data-type=\"image\"\/><img decoding=\"async\" src=\"https:\/\/ae01.alicdn.com\/kf\/S8811ae490e354a658e3ff9b006708cddW.jpg\" slate-data-type=\"image\"\/><img decoding=\"async\" src=\"https:\/\/ae01.alicdn.com\/kf\/S8fc9aab1d07a4af4bdd4903f13cda1e5R.jpg\" slate-data-type=\"image\"\/><img decoding=\"async\" src=\"https:\/\/ae01.alicdn.com\/kf\/Sf53192ea46ea4370b3a65404ff1a94c2u.jpg\" slate-data-type=\"image\"\/><img decoding=\"async\" src=\"https:\/\/ae01.alicdn.com\/kf\/Sb0bf44f2675846e8a1699cc006c7d77eZ.jpg\" slate-data-type=\"image\"\/><img decoding=\"async\" src=\"https:\/\/ae01.alicdn.com\/kf\/Sb3e91782a9524a6ca74b0612cb49255ct.jpg\" slate-data-type=\"image\"\/><img decoding=\"async\" src=\"https:\/\/ae01.alicdn.com\/kf\/Scb3fb54fd3024993925ee6a9ec171614C.jpg\" slate-data-type=\"image\"\/><\/p>\n<div style=\"background-color:rgb(240, 234, 255);margin:20px 0px 10px;margin-bottom:10px;margin-top:20px;margin-left:0px;margin-right:0px;width:100%;height:34px\"><span style=\"background-color:rgb(55, 139, 238);color:rgb(255, 255, 255);font-size:24px;font-family:Verdana, Arial\">Specifik\u0101cija <\/span><\/div>\n<\/div>\n<\/div>\n<p><span style=\"color:rgb(0, 0, 0);font-size:16px;font-family:arial, helvetica, sans-serif\">Akumulatora materi\u0101ls: litija jonu elements<br \/>Akumulatora ietilp\u012bba: 288,6 Wh (78000 mAh)<br \/>Standarta izejas spriegums: 230 V \/ 50 Hz<br \/>Ieeja: 15 V\/4 A (adapteris), 12 V automa\u0161\u012bnas cigare\u0161u \u0161\u0137iltavas ligzda<br \/>Saules ener\u0123ijas ieeja: 18\u201322 V (ieteicams 18 V, \u2265100 W saules panelis)<br \/>USB izejas:<br \/>1 x USB 5V\/2A izeja<br \/>1 x USB QC 3.0 izeja 5 V\/2,4 A, 9 V\/2 A, 12 V\/1,5 A<br \/>2 x C tipa QC3.0 izejas 5 V\/2,4 A, 9 V\/2 A, 12 V\/1,5 A<br \/>L\u012bdzstr\u0101vas izeja: 4 x l\u012bdzstr\u0101vas izeja (5521. ports): 9\u201312,6 V\/10 A (maks. 12 A)<br \/>Mai\u0146str\u0101vas izeja: nep\u0101rtraukta izejas jauda: 330 W; maksim\u0101l\u0101 jauda: 600 W<br \/>Uzl\u0101des laiks: apm\u0113ram 7\u20138 stundas (adapteris)<br \/>Darba temperat\u016bra: -10\u201340 Celsija\/14\u2013104 F\u0101renheita<br \/>Cikla dz\u012bve: &gt; 1000 reizes<\/span><\/p>","protected":false},"excerpt":{"rendered":"<p>Display screen:&nbsp;Yes Nominal Capacity:&nbsp;&gt;3500mAh Model Number:&nbsp;P56 Type:&nbsp;LiFePO4 Set Type:&nbsp;Charger Sets Highlights 1, 9 Outputs; 2, 288.6Wh\/78000mAh Capacity; 3, 3 Recharging Modes; 4, Portable, Easy to Use; Product Details Specification Battery<\/p>","protected":false},"featured_media":9081,"comment_status":"open","ping_status":"closed","template":"","meta":{"_acf_changed":false},"product_brand":[],"product_cat":[515],"product_tag":[],"class_list":{"0":"post-9080","1":"product","2":"type-product","3":"status-publish","4":"has-post-thumbnail","6":"product_cat-portable-power-stations","8":"first","9":"instock","10":"shipping-taxable","11":"purchasable","12":"product-type-simple"},"acf":[],"_links":{"self":[{"href":"https:\/\/www.electricstore.eu\/lv\/wp-json\/wp\/v2\/product\/9080","targetHints":{"allow":["GET"]}}],"collection":[{"href":"https:\/\/www.electricstore.eu\/lv\/wp-json\/wp\/v2\/product"}],"about":[{"href":"https:\/\/www.electricstore.eu\/lv\/wp-json\/wp\/v2\/types\/product"}],"replies":[{"embeddable":true,"href":"https:\/\/www.electricstore.eu\/lv\/wp-json\/wp\/v2\/comments?post=9080"}],"wp:featuredmedia":[{"embeddable":true,"href":"https:\/\/www.electricstore.eu\/lv\/wp-json\/wp\/v2\/media\/9081"}],"wp:attachment":[{"href":"https:\/\/www.electricstore.eu\/lv\/wp-json\/wp\/v2\/media?parent=9080"}],"wp:term":[{"taxonomy":"product_brand","embeddable":true,"href":"https:\/\/www.electricstore.eu\/lv\/wp-json\/wp\/v2\/product_brand?post=9080"},{"taxonomy":"product_cat","embeddable":true,"href":"https:\/\/www.electricstore.eu\/lv\/wp-json\/wp\/v2\/product_cat?post=9080"},{"taxonomy":"product_tag","embeddable":true,"href":"https:\/\/www.electricstore.eu\/lv\/wp-json\/wp\/v2\/product_tag?post=9080"}],"curies":[{"name":"wp","href":"https:\/\/api.w.org\/{rel}","templated":true}]}}