{"id":8701,"date":"2025-05-19T21:17:57","date_gmt":"2025-05-19T21:17:57","guid":{"rendered":"https:\/\/electricstore.eu\/product\/uncategorized\/evercross-ek30-250w-25-km-h-100km-adult-e-bike\/"},"modified":"2025-05-20T13:06:42","modified_gmt":"2025-05-20T13:06:42","slug":"evercross-ek30-250w-25-km-h-100km-adult-e-bike","status":"publish","type":"product","link":"https:\/\/www.electricstore.eu\/lv\/p\/bikes\/electric-pedal-motorcycle\/evercross-ek30-250w-25-km-h-100km-adult-e-bike\/","title":{"rendered":"EVERCROSS EK30 250W 48V 15Ah 25km\/h 100km 20\u2033 standarta elektriskais velosip\u0113ds"},"content":{"rendered":"<div class=\"product-specs-list-container\">\n<ul class=\"product-specs-list util-clearfix\">\n<li class=\"product-prop line-limit-length\"><span\n                                        class=\"property-title\">Mode\u013ca numurs:&nbsp;<\/span><span\n                                        class=\"property-desc line-limit-length\">EK30<\/span>\n                            <\/li>\n<li class=\"product-prop line-limit-length\"><span\n                                        class=\"property-title\">Stils:&nbsp;<\/span><span\n                                        class=\"property-desc line-limit-length\">Standarta tips<\/span>\n                            <\/li>\n<li class=\"product-prop line-limit-length\"><span\n                                        class=\"property-title\">Maksim\u0101lais \u0101trums:&nbsp;<\/span><span\n                                        class=\"property-desc line-limit-length\">&lt;25 km\/h<\/span>\n                            <\/li>\n<li class=\"product-prop line-limit-length\"><span\n                                        class=\"property-title\">Diapazons p\u0113c jaudas:&nbsp;<\/span><span\n                                        class=\"property-desc line-limit-length\">31\u201360 km<\/span>\n                            <\/li>\n<li class=\"product-prop line-limit-length\"><span\n                                        class=\"property-title\">Jauda:&nbsp;<\/span><span\n                                        class=\"property-desc line-limit-length\">200\u2013250\u00a0W<\/span>\n                            <\/li>\n<li class=\"product-prop line-limit-length\"><span\n                                        class=\"property-title\">Baro\u0161anas avots:&nbsp;<\/span><span\n                                        class=\"property-desc line-limit-length\">litija akumulators<\/span>\n                            <\/li>\n<li class=\"product-prop line-limit-length\"><span\n                                        class=\"property-title\">Spriegums:&nbsp;<\/span><span\n                                        class=\"property-desc line-limit-length\">48 V<\/span>\n                            <\/li>\n<li class=\"product-prop line-limit-length\"><span\n                                        class=\"property-title\">Z\u012bmola nosaukums:&nbsp;<\/span><span\n                                        class=\"property-desc line-limit-length\">EVERCROSS TECH<\/span>\n                            <\/li>\n<li class=\"product-prop line-limit-length\"><span\n                                        class=\"property-title\">Izcelsme:&nbsp;<\/span><span\n                                        class=\"property-desc line-limit-length\">Kontinent\u0101l\u0101 \u0136\u012bna<\/span>\n                            <\/li>\n<li class=\"product-prop line-limit-length\"><span\n                                        class=\"property-title\">Saloc\u012bts:&nbsp;<\/span><span\n                                        class=\"property-desc line-limit-length\">N\u0113<\/span>\n                            <\/li>\n<li class=\"product-prop line-limit-length\"><span\n                                        class=\"property-title\">Rite\u0146a izm\u0113rs:&nbsp;<\/span><span\n                                        class=\"property-desc line-limit-length\">20 collas<\/span>\n                            <\/li>\n<\/ul><\/div>\n<div class=\"detailmodule_html\">\n<div class=\"detail-desc-decorate-richtext\">\n<p class=\"MsoNormal\"><strong><span style=\"font-size:10.5pt;font-family:Calibri\">Leistungsstarker Motor f\u00fcr din reibungslososes Fahrerlebnis<\/span><\/strong><\/p>\n<p class=\"MsoNormal\"><span style=\"font-size:10.5pt;font-family:Calibri\">Ausgestattet min einem 250W b\u00fcrstenlosen Motor erreicht Das<\/span><span style=\"font-size:10.5pt;font-family:\u5b8b\u4f53\">EVERROSS TECH<\/span><span style=\"font-size:10.5pt;font-family:Calibri\">EK30 Geschwindigkeiten von bis zu 25 km\/h, ide\u0101li piem\u0113rots St\u00e4dtische Pendelfahrten und Offroad-Abenteuer. DIPPHELTEEN amortizators Sorgen F\u00fcr Ein Sanftes Fahrerlebnis auf unebenem Terrain Wie Schnee, Sand Oder Schotter.<\/span><\/p>\n<p><\/p>\n<p class=\"MsoNormal\"><strong><span style=\"font-size:10.5pt;font-family:Calibri\">Herausnehmbarer Akku pot Gro\u00dfer Kapazit\u00e4t<\/span><\/strong><\/p>\n<p class=\"MsoNormal\"><span style=\"font-size:10.5pt;font-family:Calibri\">Del 48V 15Ah Lithium-Ionen-Akku bietet im Tretunterst\u00fctzungsmodus eine Reichweite von 55-100km und l\u00e4sich sich in 7-8 Stunden vollst\u00e4ndig aufladen. Die abschlie\u00dfbare Konstruktion sorgt f\u00fcr Secherheit und einfache Handhabung \u2013 ide\u0101ls f\u00fcr l\u00e4ngere ReISen Oder den t\u00e4glichen ArbeitSweg.<\/span><\/p>\n<p><\/p>\n<p class=\"MsoNormal\"><strong><span style=\"font-size:10.5pt;font-family:Calibri\">Visurzemes riepas maksim\u0101li stabilas<\/span><\/strong><\/p>\n<p class=\"MsoNormal\"><span style=\"font-size:10.5pt;font-family:Calibri\">Mit seinen 20 \u201cX4.0 Fette riepas, bietet das E-Bike auergew\u00f6hnanchen Grip und Stabilit\u00e4t auf Schnee, Sand, Bergen und Stadtstra\u00dfen. Das spezielle Mittelprofil verhindert Einstiche durch Dornen und Ger\u00f6ll kg und maximum eine tra\u00fctf\u00e4ht 5 kg<\/span><\/p>\n<p><\/p>\n<p class=\"MsoNormal\"><strong><span style=\"font-size:10.5pt;font-family:Calibri\">Viedais LCD displejs un regul\u0113\u0161anas re\u017e\u012bms<\/span><\/strong><\/p>\n<p class=\"MsoNormal\"><span style=\"font-size:10.5pt;font-family:Calibri\">Das daudzfunkciju-LCD-Display zeigt Geschwindigkeit, Kilometerstand, Batteriestand und Sangschaltung un, w\u00e4hrend das 7-Gang-Getriebe-System die Leistung und Steigf\u00e4higkeit verbessert. So k\u00f6nnen Sie die G\u00e4nge f\u00fcr maximal Effizienz und Komfort anpassen.<\/span><\/p>\n<p><\/p>\n<p class=\"MsoNormal\"><strong><span style=\"font-size:10.5pt;font-family:Calibri\">Einfache Montage und umfassender Kundenservice<\/span><\/strong><\/p>\n<p class=\"MsoNormal\"><span style=\"font-size:10.5pt;font-family:Calibri\">Das velosip\u0113ds wird zu 90% vormontiert geliefert und ist einfach zu instalieren. Im Lieferumfang enthalten Sindle notwendigen tools und eine Detaillierte Anleitung. Unser professional Support-Team steht bereit, Um Ihre Fragen schnell und zuverl\u00e4ssig zu beantworken.<\/span><\/p>\n<\/div>\n<\/div>","protected":false},"excerpt":{"rendered":"<p>Model Number:&nbsp;EK30 Style:&nbsp;Standard Type Max Speed:&nbsp;&lt;25km\/h Range per Power:&nbsp;31 &#8211; 60 km Wattage:&nbsp;200 &#8211; 250w Power Supply:&nbsp;lithium battery Voltage:&nbsp;48V Brand Name:&nbsp;EVERCROSS TECH Origin:&nbsp;Mainland China Folded:&nbsp;No Wheel Size:&nbsp;20\u201c Leistungsstarker Motor f\u00fcr<\/p>","protected":false},"featured_media":8703,"comment_status":"open","ping_status":"closed","template":"","meta":{"_acf_changed":false},"product_brand":[],"product_cat":[470],"product_tag":[],"class_list":{"0":"post-8701","1":"product","2":"type-product","3":"status-publish","4":"has-post-thumbnail","6":"product_cat-electric-pedal-motorcycle","8":"first","9":"instock","10":"shipping-taxable","11":"purchasable","12":"product-type-simple"},"acf":[],"_links":{"self":[{"href":"https:\/\/www.electricstore.eu\/lv\/wp-json\/wp\/v2\/product\/8701","targetHints":{"allow":["GET"]}}],"collection":[{"href":"https:\/\/www.electricstore.eu\/lv\/wp-json\/wp\/v2\/product"}],"about":[{"href":"https:\/\/www.electricstore.eu\/lv\/wp-json\/wp\/v2\/types\/product"}],"replies":[{"embeddable":true,"href":"https:\/\/www.electricstore.eu\/lv\/wp-json\/wp\/v2\/comments?post=8701"}],"wp:featuredmedia":[{"embeddable":true,"href":"https:\/\/www.electricstore.eu\/lv\/wp-json\/wp\/v2\/media\/8703"}],"wp:attachment":[{"href":"https:\/\/www.electricstore.eu\/lv\/wp-json\/wp\/v2\/media?parent=8701"}],"wp:term":[{"taxonomy":"product_brand","embeddable":true,"href":"https:\/\/www.electricstore.eu\/lv\/wp-json\/wp\/v2\/product_brand?post=8701"},{"taxonomy":"product_cat","embeddable":true,"href":"https:\/\/www.electricstore.eu\/lv\/wp-json\/wp\/v2\/product_cat?post=8701"},{"taxonomy":"product_tag","embeddable":true,"href":"https:\/\/www.electricstore.eu\/lv\/wp-json\/wp\/v2\/product_tag?post=8701"}],"curies":[{"name":"wp","href":"https:\/\/api.w.org\/{rel}","templated":true}]}}