{"id":8696,"date":"2025-05-19T21:17:54","date_gmt":"2025-05-19T21:17:54","guid":{"rendered":"https:\/\/electricstore.eu\/product\/uncategorized\/kukirin-g3-1200w-52v-18ah-electric-scooter\/"},"modified":"2025-05-20T13:06:46","modified_gmt":"2025-05-20T13:06:46","slug":"kukirin-g3-1200w-52v-18ah-electric-scooter","status":"publish","type":"product","link":"https:\/\/www.electricstore.eu\/lv\/p\/scooters\/electric-off-road-scooter\/kukirin-g3-1200w-52v-18ah-electric-scooter\/","title":{"rendered":"Kukirin G3 1200W 52V 18Ah 50km\/h 60-80km 10.5 collu salok\u0101ms elektriskais skrejritenis"},"content":{"rendered":"<div class=\"product-specs-list-container\">\n<ul class=\"product-specs-list util-clearfix\">\n<li class=\"product-prop line-limit-length\"><span\n                                        class=\"property-title\">Mode\u013ca numurs:&nbsp;<\/span><span\n                                        class=\"property-desc line-limit-length\">G3<\/span>\n                            <\/li>\n<li class=\"product-prop line-limit-length\"><span\n                                        class=\"property-title\">Kategorija:&nbsp;<\/span><span\n                                        class=\"property-desc line-limit-length\">Divrite\u0146u sk\u016bteris<\/span>\n                            <\/li>\n<li class=\"product-prop line-limit-length\"><span\n                                        class=\"property-title\">Piem\u0113rojamie cilv\u0113ki:&nbsp;<\/span><span\n                                        class=\"property-desc line-limit-length\">Unisex<\/span>\n                            <\/li>\n<li class=\"product-prop line-limit-length\"><span\n                                        class=\"property-title\">Diapazons ar vienu uzl\u0101di:&nbsp;<\/span><span\n                                        class=\"property-desc line-limit-length\">60\u201380 km<\/span>\n                            <\/li>\n<li class=\"product-prop line-limit-length\"><span\n                                        class=\"property-title\">Uzl\u0101des laiks:&nbsp;<\/span><span\n                                        class=\"property-desc line-limit-length\">6\u20138 stundas<\/span>\n                            <\/li>\n<li class=\"product-prop line-limit-length\"><span\n                                        class=\"property-title\">Spriegums:&nbsp;<\/span><span\n                                        class=\"property-desc line-limit-length\">48 V<\/span>\n                            <\/li>\n<li class=\"product-prop line-limit-length\"><span\n                                        class=\"property-title\">Jauda:&nbsp;<\/span><span\n                                        class=\"property-desc line-limit-length\">1001\u20132000 W<\/span>\n                            <\/li>\n<li class=\"product-prop line-limit-length\"><span\n                                        class=\"property-title\">Saloc\u012bts:&nbsp;<\/span><span\n                                        class=\"property-desc line-limit-length\">J\u0100<\/span>\n                            <\/li>\n<li class=\"product-prop line-limit-length\"><span\n                                        class=\"property-title\">Izcelsme:&nbsp;<\/span><span\n                                        class=\"property-desc line-limit-length\">Kontinent\u0101l\u0101 \u0136\u012bna<\/span>\n                            <\/li>\n<li class=\"product-prop line-limit-length\"><span\n                                        class=\"property-title\">Jauda (W):&nbsp;<\/span><span\n                                        class=\"property-desc line-limit-length\">1001\u20132000 W<\/span>\n                            <\/li>\n<li class=\"product-prop line-limit-length\"><span\n                                        class=\"property-title\">Izcelsmes vieta:&nbsp;<\/span><span\n                                        class=\"property-desc line-limit-length\">Guangdong, \u0136\u012bna<\/span>\n                            <\/li>\n<li class=\"product-prop line-limit-length\"><span\n                                        class=\"property-title\">Z\u012bmols:&nbsp;<\/span><span\n                                        class=\"property-desc line-limit-length\">KUGOO<\/span>\n                            <\/li>\n<li class=\"product-prop line-limit-length\"><span\n                                        class=\"property-title\">Mode\u013ca numurs:&nbsp;<\/span><span\n                                        class=\"property-desc line-limit-length\">G3<\/span>\n                            <\/li>\n<li class=\"product-prop line-limit-length\"><span\n                                        class=\"property-title\">Uzl\u0101des laiks:&nbsp;<\/span><span\n                                        class=\"property-desc line-limit-length\">9-10h<\/span>\n                            <\/li>\n<li class=\"product-prop line-limit-length\"><span\n                                        class=\"property-title\">Salok\u0101ms:&nbsp;<\/span><span\n                                        class=\"property-desc line-limit-length\">J\u0101<\/span>\n                            <\/li>\n<li class=\"product-prop line-limit-length\"><span\n                                        class=\"property-title\">Diapazons ar vienu uzl\u0101di:&nbsp;<\/span><span\n                                        class=\"property-desc line-limit-length\">\u226463km<\/span>\n                            <\/li>\n<li class=\"product-prop line-limit-length\"><span\n                                        class=\"property-title\">Maksim\u0101lais \u0101trums:&nbsp;<\/span><span\n                                        class=\"property-desc line-limit-length\">50 km\/h<\/span>\n                            <\/li>\n<li class=\"product-prop line-limit-length\"><span\n                                        class=\"property-title\">Kategorija:&nbsp;<\/span><span\n                                        class=\"property-desc line-limit-length\">Divrite\u0146u sk\u016bteris<\/span>\n                            <\/li>\n<li class=\"product-prop line-limit-length\"><span\n                                        class=\"property-title\">Piem\u0113rojams p\u016blim:&nbsp;<\/span><span\n                                        class=\"property-desc line-limit-length\">Unisex<\/span>\n                            <\/li>\n<li class=\"product-prop line-limit-length\"><span\n                                        class=\"property-title\">Viedais tips:&nbsp;<\/span><span\n                                        class=\"property-desc line-limit-length\">Elektronisks<\/span>\n                            <\/li>\n<li class=\"product-prop line-limit-length\"><span\n                                        class=\"property-title\">Akumulatora ietilp\u012bba:&nbsp;<\/span><span\n                                        class=\"property-desc line-limit-length\">18Ah<\/span>\n                            <\/li>\n<li class=\"product-prop line-limit-length\"><span\n                                        class=\"property-title\">motors:&nbsp;<\/span><span\n                                        class=\"property-desc line-limit-length\">Bezsuku<\/span>\n                            <\/li>\n<li class=\"product-prop line-limit-length\"><span\n                                        class=\"property-title\">\u016adensiztur\u012bgs:&nbsp;<\/span><span\n                                        class=\"property-desc line-limit-length\">\u016adensiztur\u012bgs<\/span>\n                            <\/li>\n<li class=\"product-prop line-limit-length\"><span\n                                        class=\"property-title\">Motora jauda:&nbsp;<\/span><span\n                                        class=\"property-desc line-limit-length\">1200 W<\/span>\n                            <\/li>\n<li class=\"product-prop line-limit-length\"><span\n                                        class=\"property-title\">Spraud\u0146a tips:&nbsp;<\/span><span\n                                        class=\"property-desc line-limit-length\">Eiropas spraudnis<\/span>\n                            <\/li>\n<li class=\"product-prop line-limit-length\"><span\n                                        class=\"property-title\">Balstiek\u0101rtas tips:&nbsp;<\/span><span\n                                        class=\"property-desc line-limit-length\">Divk\u0101r\u0161a piekare<\/span>\n                            <\/li>\n<li class=\"product-prop line-limit-length\"><span\n                                        class=\"property-title\">maksim\u0101l\u0101 slodze:&nbsp;<\/span><span\n                                        class=\"property-desc line-limit-length\">120 kg<\/span>\n                            <\/li>\n<li class=\"product-prop line-limit-length\"><span\n                                        class=\"property-title\">Akumulatora tips:&nbsp;<\/span><span\n                                        class=\"property-desc line-limit-length\">litija akumulators<\/span>\n                            <\/li>\n<li class=\"product-prop line-limit-length\"><span\n                                        class=\"property-title\">Materi\u0101ls:&nbsp;<\/span><span\n                                        class=\"property-desc line-limit-length\">Alum\u012bnijs<\/span>\n                            <\/li>\n<li class=\"product-prop line-limit-length\"><span\n                                        class=\"property-title\">Bremz\u0113\u0161anas sist\u0113ma:&nbsp;<\/span><span\n                                        class=\"property-desc line-limit-length\">Disks<\/span>\n                            <\/li>\n<li class=\"product-prop line-limit-length\"><span\n                                        class=\"property-title\">iez\u012bme:&nbsp;<\/span><span\n                                        class=\"property-desc line-limit-length\">Salok\u0101ms<\/span>\n                            <\/li>\n<li class=\"product-prop line-limit-length\"><span\n                                        class=\"property-title\">Preces augstums no pamatnes l\u012bdz aug\u0161ai:&nbsp;<\/span><span\n                                        class=\"property-desc line-limit-length\">119cm<\/span>\n                            <\/li>\n<li class=\"product-prop line-limit-length\"><span\n                                        class=\"property-title\">Water Resistance:&nbsp;<\/span><span\n                                        class=\"property-desc line-limit-length\">IP54<\/span>\n                            <\/li>\n<li class=\"product-prop line-limit-length\"><span\n                                        class=\"property-title\">Climbing Angle:&nbsp;<\/span><span\n                                        class=\"property-desc line-limit-length\">\u226423\u00b0<\/span>\n                            <\/li>\n<li class=\"product-prop line-limit-length\"><span\n                                        class=\"property-title\">MAX Load:&nbsp;<\/span><span\n                                        class=\"property-desc line-limit-length\">120\u00a0kg<\/span>\n                            <\/li>\n<li class=\"product-prop line-limit-length\"><span\n                                        class=\"property-title\">Sertifik\u0101ts:&nbsp;<\/span><span\n                                        class=\"property-desc line-limit-length\"><\/span>\n                            <\/li>\n<\/ul><\/div>\n<div class=\"detailmodule_html\">\n<div class=\"detail-desc-decorate-richtext\">\n<div id=\"detail_decorate_root\">\n<div>\u00a0<\/div>\n<div class=\"J_module\">\n<div class=\"icbu-pc-detailVideoShow magic-0\"><\/div>\n<\/div>\n<div class=\"J_module\">\n<div id=\"ali-anchor-AliMagic-c8h4rz\" class=\"magic-1\">Produktu apraksts<\/div>\n<\/div>\n<div class=\"J_module\">\n<div class=\"detail-decorate-json-renderer-container\">\n<div class=\"magic-2\">\n<div class=\"magic-3\">\n<div class=\"magic-4\">\n<div class=\"magic-5\">\n<div class=\"magic-6\"><\/div>\n<div class=\"magic-6\"><\/div>\n<div class=\"magic-6\"><\/div>\n<div class=\"magic-6\"><\/div>\n<div class=\"magic-6\"><\/div>\n<div class=\"magic-6\"><span><strong class=\"magic-10\">2023 New Version KuKirin G3 Electric Scooter<\/strong><\/span><\/div>\n<div><span><strong class=\"magic-13\">1200W rear motor 52V 18Ah Lithium battery <\/strong><\/span><\/div>\n<div><span><strong>touchable display control panel <\/strong><\/span><\/div>\n<div>\n<div><span><strong class=\"magic-13\">TPU suspension system<\/strong><\/span><\/div>\n<div>\u00a0<\/div>\n<\/div>\n<\/div>\n<\/div>\n<\/div>\n<\/div>\n<\/div>\n<\/div>\n<div class=\"J_module\">\n<div id=\"ali-anchor-AliMagic-pkyldr\" class=\"magic-1\">Produkta parametri<\/div>\n<\/div>\n<div class=\"J_module\">\n<div class=\"ife-detail-decorate-table\">\n<table style=\"border-collapse:collapse\" class=\"all magic-17\">\n<tbody>\n<tr>\n<td rowspan=\"1\" colspan=\"1\">\n<div class=\"magic-18\">Mode\u013ca nosaukums<\/div>\n<\/td>\n<td rowspan=\"1\" colspan=\"1\">\n<div class=\"magic-19\">Kukirin G3<\/div>\n<\/td>\n<td class=\"magic-20\" rowspan=\"0\">\n<div class=\"magic-21\">54 V<\/div>\n<\/td>\n<\/tr>\n<tr>\n<td rowspan=\"1\" colspan=\"1\">\n<div class=\"magic-22\">Motors<\/div>\n<\/td>\n<td rowspan=\"1\" colspan=\"1\">\n<div class=\"magic-19\">1200w<\/div>\n<\/td>\n<td class=\"magic-20\" rowspan=\"0\">\n<div class=\"magic-21\">8 stundas<\/div>\n<\/td>\n<\/tr>\n<tr>\n<td rowspan=\"1\" colspan=\"1\">\n<div class=\"magic-18\">Spriegums Akumulators<\/div>\n<\/td>\n<td rowspan=\"1\" colspan=\"1\">\n<div class=\"magic-19\">52 V<\/div>\n<\/td>\n<td class=\"magic-20\" rowspan=\"0\">\n<div class=\"magic-21\">Disku bremzes izsl\u0113g\u0161anas bremze<\/div>\n<\/td>\n<\/tr>\n<tr>\n<td rowspan=\"1\" colspan=\"1\">\n<div class=\"magic-22\">Akumulators<\/div>\n<\/td>\n<td rowspan=\"1\" colspan=\"1\">\n<div class=\"magic-19\">18Ah<\/div>\n<\/td>\n<td class=\"magic-20\" rowspan=\"0\">\n<div class=\"magic-21\">4 m<\/div>\n<\/td>\n<\/tr>\n<tr>\n<td rowspan=\"1\" colspan=\"1\">\n<div class=\"magic-18\">Maksim\u0101lais \u0101trums<\/div>\n<\/td>\n<td rowspan=\"1\" colspan=\"1\">\n<div class=\"magic-19\">50KM\/h (NO LOAD)<\/div>\n<\/td>\n<td class=\"magic-20\" rowspan=\"0\">\n<div class=\"magic-21\">LED\u00a0<\/div>\n<\/td>\n<\/tr>\n<tr>\n<td rowspan=\"1\" colspan=\"1\">\n<div class=\"magic-22\">Diapazons<\/div>\n<\/td>\n<td rowspan=\"1\" colspan=\"1\">\n<div class=\"magic-19\">60KM<\/div>\n<\/td>\n<td class=\"magic-20\" rowspan=\"0\">\n<div class=\"magic-21\">Objekt\u012bvs\/T\u0101l\u0101s gaismas\/Sign\u0101ls<\/div>\n<\/td>\n<\/tr>\n<tr>\n<td rowspan=\"1\" colspan=\"1\">\n<div class=\"magic-22\">Maksim\u0101l\u0101 slodze<\/div>\n<\/td>\n<td rowspan=\"1\" colspan=\"1\">\n<div class=\"magic-19\">100\u00a0kg<\/div>\n<\/td>\n<td class=\"magic-20\" rowspan=\"0\">\n<div class=\"magic-21\">IED\/t\u0101l\u0101s gaismas\/brem\u017eu sign\u0101ls<\/div>\n<\/td>\n<\/tr>\n<tr>\n<td rowspan=\"1\" colspan=\"1\">\n<div class=\"magic-22\">Riepa<\/div>\n<\/td>\n<td rowspan=\"1\" colspan=\"1\">\n<div class=\"magic-19\">10.5 inch Tires<\/div>\n<\/td>\n<td class=\"magic-20\" rowspan=\"0\">\n<div class=\"magic-21\">IED\/pagrieziena sign\u0101ls\/brem\u017eu sign\u0101ls<\/div>\n<\/td>\n<\/tr>\n<\/tbody>\n<\/table>\n<\/div>\n<\/div>\n<div class=\"J_module\">\n<div id=\"ali-anchor-AliMagic-ds7vxr\" class=\"magic-1\">Detaliz\u0113ta inform\u0101cija Att\u0113li<\/div>\n<\/div>\n<div class=\"J_module\">\n<div class=\"icbu-pc-detailManyImage magic-23\">\n<div class=\"magic-24\"><img decoding=\"async\" class=\"magic-25\" src=\"https:\/\/ae01.alicdn.com\/kf\/S27397f2c33284c78b971cd6a44f217df4.jpg?width=1920&amp;height=1267&amp;hash=3187\" slate-data-type=\"image\"\/><\/div>\n<div class=\"magic-24\"><img decoding=\"async\" class=\"magic-25\" src=\"https:\/\/ae01.alicdn.com\/kf\/S3f2eb17cbf884ae3b04092a6d585e5e2G.jpg?width=1920&amp;height=963&amp;hash=2883\" slate-data-type=\"image\"\/><\/div>\n<div class=\"magic-24\"><img decoding=\"async\" class=\"magic-25\" src=\"https:\/\/ae01.alicdn.com\/kf\/Se59dcb21365f45b29e0a4e5e6994ca24x.jpg?width=1920&amp;height=1001&amp;hash=2921\" slate-data-type=\"image\"\/><\/div>\n<div class=\"magic-24\"><img decoding=\"async\" class=\"magic-25\" src=\"https:\/\/ae01.alicdn.com\/kf\/S93f28c037e144734a84350613d661241Z.jpg?width=1920&amp;height=896&amp;hash=2816\" slate-data-type=\"image\"\/><\/div>\n<div class=\"magic-24\"><img decoding=\"async\" class=\"magic-25\" src=\"https:\/\/ae01.alicdn.com\/kf\/S4eaea78f20c448f6a0157e6a9635b646W.jpg?width=1920&amp;height=1074&amp;hash=2994\" slate-data-type=\"image\"\/><\/div>\n<div class=\"magic-24\"><img decoding=\"async\" class=\"magic-25\" src=\"https:\/\/ae01.alicdn.com\/kf\/S87f0cc6dfd3a46078e8b1e05a4565181s.jpg?width=1920&amp;height=1077&amp;hash=2997\" slate-data-type=\"image\"\/><\/div>\n<div class=\"magic-24\"><img decoding=\"async\" class=\"magic-25\" src=\"https:\/\/ae01.alicdn.com\/kf\/S87e20cd60bea4f018a1bc5c3df923211N.jpg?width=1920&amp;height=1031&amp;hash=2951\" slate-data-type=\"image\"\/><\/div>\n<div class=\"magic-24\"><img decoding=\"async\" class=\"magic-25\" src=\"https:\/\/ae01.alicdn.com\/kf\/Sd713c2ba733946c5893b752dae695bf66.jpg?width=1920&amp;height=1290&amp;hash=3210\" slate-data-type=\"image\"\/><\/div>\n<div class=\"magic-24\"><img decoding=\"async\" class=\"magic-25\" src=\"https:\/\/ae01.alicdn.com\/kf\/Sabf564afc54a4ad695dc8624754a56b7H.jpg?width=1920&amp;height=952&amp;hash=2872\" slate-data-type=\"image\"\/><\/div>\n<div class=\"magic-24\"><img decoding=\"async\" class=\"magic-25\" src=\"https:\/\/ae01.alicdn.com\/kf\/S0b0875fe89d64709bb8bc3245e8c82d9O.jpg?width=1920&amp;height=1038&amp;hash=2958\" slate-data-type=\"image\"\/><\/div>\n<\/div>\n<\/div>\n<div class=\"J_module\">\n<div class=\"icbu-pc-images magic-26\">\n<div>\n<div class=\"flex-layout-v\">\n<div class=\"flex-layout-h magic-26\">\n<div class=\"magic-27\"><img decoding=\"async\" class=\"magic-28\" src=\"https:\/\/ae01.alicdn.com\/kf\/S1ac6ea4ddd4946c1bedcae1cc75099c5f.jpg?width=1920&amp;height=1137&amp;hash=3057\" slate-data-type=\"image\"\/><\/div>\n<\/div>\n<\/div>\n<\/div>\n<\/div>\n<\/div>\n<div class=\"J_module\">\n<div class=\"icbu-pc-images magic-26\">\n<div>\n<div class=\"flex-layout-v\">\n<div class=\"flex-layout-h magic-26\">\n<div class=\"magic-29\"><img decoding=\"async\" class=\"magic-30\" src=\"https:\/\/ae01.alicdn.com\/kf\/Sf6fced189ff2403faf68ecebb1bbd890f.jpg?width=1920&amp;height=926&amp;hash=2846\" slate-data-type=\"image\"\/><\/div>\n<\/div>\n<\/div>\n<\/div>\n<\/div>\n<\/div>\n<div class=\"J_module\">\n<div class=\"icbu-pc-images magic-26\">\n<div>\n<div class=\"flex-layout-v\">\n<div class=\"flex-layout-h magic-26\">\n<div class=\"magic-31\"><img decoding=\"async\" class=\"magic-32\" src=\"https:\/\/ae01.alicdn.com\/kf\/S0d12c23480644baea141308ef41cf4f3h.jpg?width=1920&amp;height=1152&amp;hash=3072\" slate-data-type=\"image\"\/><\/div>\n<\/div>\n<\/div>\n<\/div>\n<\/div>\n<\/div>\n<div class=\"J_module\">\n<div class=\"icbu-pc-images magic-26\">\n<div>\n<div class=\"flex-layout-v\">\n<div class=\"flex-layout-h magic-26\">\n<div class=\"magic-33\"><img decoding=\"async\" class=\"magic-34\" src=\"https:\/\/ae01.alicdn.com\/kf\/Se190beafb1e44bfe92bee24ee5f43ed5T.jpg?width=1920&amp;height=1119&amp;hash=3039\" slate-data-type=\"image\"\/><\/div>\n<\/div>\n<\/div>\n<\/div>\n<\/div>\n<\/div>\n<div class=\"J_module\">\n<div class=\"icbu-pc-images magic-26\">\n<div>\n<div class=\"flex-layout-v\">\n<div class=\"flex-layout-h magic-26\">\n<div class=\"magic-35\"><img decoding=\"async\" class=\"magic-36\" src=\"https:\/\/ae01.alicdn.com\/kf\/S4fcb32d7cb254119a8ee7e3a89a36c4a1.jpg?width=1920&amp;height=997&amp;hash=2917\" slate-data-type=\"image\"\/><\/div>\n<\/div>\n<\/div>\n<\/div>\n<\/div>\n<\/div>\n<div class=\"J_module\">\n<div class=\"icbu-pc-images magic-26\">\n<div>\n<div class=\"flex-layout-v\">\n<div class=\"flex-layout-h magic-26\">\n<div class=\"magic-37\"><img decoding=\"async\" class=\"magic-38\" src=\"https:\/\/ae01.alicdn.com\/kf\/Sc0ce891f0824486db3d6c04811b1eac5i.jpg?width=1920&amp;height=3247&amp;hash=5167\" slate-data-type=\"image\"\/><\/div>\n<\/div>\n<\/div>\n<\/div>\n<\/div>\n<\/div>\n<div class=\"J_module\">\n<div id=\"ali-anchor-AliMagic-h7w371\" class=\"magic-1\">Ieteikt produktus<\/div>\n<\/div>\n<div class=\"J_module\">\n<div class=\"icbu-pc-detailSellerRecommend magic-0\"><\/div>\n<\/div>\n<div class=\"J_module\">\n<div id=\"ali-anchor-AliMagic-d1f5yv\" class=\"magic-1\">K\u0101p\u0113c izv\u0113l\u0113ties m\u016bs<\/div>\n<\/div>\n<div class=\"J_module\">\n<div class=\"icbu-pc-images magic-26\">\n<div>\n<div class=\"flex-layout-v\">\n<div class=\"flex-layout-h magic-26\">\n<div class=\"magic-39\"><img decoding=\"async\" class=\"magic-40\" src=\"https:\/\/ae01.alicdn.com\/kf\/S27ae9ce82ae741139944b93eba0f6f39n.jpg?width=750&amp;height=571&amp;hash=1321\" slate-data-type=\"image\"\/><\/div>\n<\/div>\n<\/div>\n<\/div>\n<\/div>\n<\/div>\n<div class=\"J_module\">\n<div class=\"icbu-pc-images magic-26\">\n<div>\n<div class=\"flex-layout-v\">\n<div class=\"flex-layout-h magic-26\">\n<div class=\"magic-41\"><img decoding=\"async\" class=\"magic-42\" src=\"https:\/\/ae01.alicdn.com\/kf\/Sa12f41e1baad428b8107b5af09ffa675C.jpg?width=750&amp;height=655&amp;hash=1405\" slate-data-type=\"image\"\/><\/div>\n<\/div>\n<\/div>\n<\/div>\n<\/div>\n<\/div>\n<div class=\"J_module\">\n<div id=\"ali-anchor-AliMagic-3xjqnf\" class=\"magic-1\">Eiropas noliktava<\/div>\n<\/div>\n<div class=\"J_module\">\n<div class=\"icbu-pc-images magic-26\">\n<div>\n<div class=\"flex-layout-v\">\n<div class=\"flex-layout-h magic-26\">\n<div class=\"magic-43\"><img decoding=\"async\" class=\"magic-44\" src=\"https:\/\/ae01.alicdn.com\/kf\/Sdc0c972ec92f4eae9c37e60a99497c47X.jpg?width=750&amp;height=1109&amp;hash=1859\" slate-data-type=\"image\"\/><\/div>\n<\/div>\n<\/div>\n<\/div>\n<\/div>\n<\/div>\n<div class=\"J_module\">\n<div class=\"icbu-pc-images magic-26\">\n<div>\n<div class=\"flex-layout-v\">\n<div class=\"flex-layout-h magic-26\">\n<div class=\"magic-45\"><img decoding=\"async\" class=\"magic-46\" src=\"https:\/\/ae01.alicdn.com\/kf\/Se569c5fcbb134d88a8111b73ba330050b.jpg?width=750&amp;height=709&amp;hash=1459\" slate-data-type=\"image\"\/><\/div>\n<\/div>\n<\/div>\n<\/div>\n<\/div>\n<\/div>\n<div class=\"J_module\">\n<div class=\"icbu-pc-images magic-26\">\n<div>\n<div class=\"flex-layout-v\">\n<div class=\"flex-layout-h magic-26\">\n<div class=\"magic-47\"><img decoding=\"async\" class=\"magic-48\" src=\"https:\/\/ae01.alicdn.com\/kf\/S0c59973d3f3549439484d6d02885f886c.jpg?width=750&amp;height=554&amp;hash=1304\" slate-data-type=\"image\"\/><\/div>\n<\/div>\n<\/div>\n<\/div>\n<\/div>\n<\/div>\n<div class=\"J_module\">\n<div id=\"ali-anchor-AliMagic-efh591\" class=\"magic-1\">Bie\u017ei uzdotie jaut\u0101jumi<\/div>\n<\/div>\n<div class=\"J_module\">\n<div class=\"icbu-pc-images magic-26\">\n<div>\n<div class=\"flex-layout-v\">\n<div class=\"flex-layout-h magic-26\">\n<div class=\"magic-49\"><img decoding=\"async\" class=\"magic-50\" src=\"https:\/\/ae01.alicdn.com\/kf\/S9d4825ca785e4e648d35c4053b2760f8b.jpg?width=750&amp;height=601&amp;hash=1351\" slate-data-type=\"image\"\/><\/div>\n<\/div>\n<\/div>\n<\/div>\n<\/div>\n<\/div>\n<div class=\"J_module\">\n<div id=\"ali-anchor-AliMagic-hcnite\" class=\"magic-1\">Sazinieties ar mums<\/div>\n<\/div>\n<div class=\"J_module\">\n<div class=\"icbu-pc-images magic-26\">\n<div>\n<div class=\"flex-layout-v\">\n<div class=\"flex-layout-h magic-26\">\n<div class=\"magic-51\"><img decoding=\"async\" class=\"magic-52\" src=\"https:\/\/ae01.alicdn.com\/kf\/Sd5e5db0f7b3042a491b974f77e225fa5a.jpg?width=750&amp;height=518&amp;hash=1268\" usemap=\"#d-00-c3a-526a\" slate-data-type=\"image\"\/><\/p>\n<map name=\"d-00-c3a-526a\">\n<area shape=\"rect\" coords=\"29,224,214,326\" target=\"_blank\" href=\"https:\/\/sedatop.en.alibaba.com\/contactinfo.html\"\/>\n<area shape=\"rect\" coords=\"228,268,666,429\" target=\"_blank\" href=\"https:\/\/sedatop.en.alibaba.com\/\"\/><\/map>\n<\/div>\n<\/div>\n<\/div>\n<\/div>\n<\/div>\n<\/div>\n<\/div>\n<\/div>\n<\/div>\n<p><\/p>","protected":false},"excerpt":{"rendered":"<p>Model Number:&nbsp;G3 Category:&nbsp;Two-wheel Scooter Applicable People:&nbsp;Unisex Range Per Charge:&nbsp;60-80km Charging Time:&nbsp;6-8h Voltage:&nbsp;48v Power:&nbsp;1001-2000w Folded:&nbsp;YES Origin:&nbsp;Mainland China Power (W):&nbsp;1001-2000w Place of Origin:&nbsp;Guangdong, China Brand:&nbsp;KUGOO Model Number:&nbsp;G3 Charging Time:&nbsp;9-10h Foldable:&nbsp;Yes Range Per<\/p>","protected":false},"featured_media":8697,"comment_status":"open","ping_status":"closed","template":"","meta":{"_acf_changed":false},"product_brand":[],"product_cat":[468],"product_tag":[],"class_list":{"0":"post-8696","1":"product","2":"type-product","3":"status-publish","4":"has-post-thumbnail","6":"product_cat-electric-off-road-scooter","8":"first","9":"instock","10":"shipping-taxable","11":"purchasable","12":"product-type-simple"},"acf":[],"_links":{"self":[{"href":"https:\/\/www.electricstore.eu\/lv\/wp-json\/wp\/v2\/product\/8696","targetHints":{"allow":["GET"]}}],"collection":[{"href":"https:\/\/www.electricstore.eu\/lv\/wp-json\/wp\/v2\/product"}],"about":[{"href":"https:\/\/www.electricstore.eu\/lv\/wp-json\/wp\/v2\/types\/product"}],"replies":[{"embeddable":true,"href":"https:\/\/www.electricstore.eu\/lv\/wp-json\/wp\/v2\/comments?post=8696"}],"wp:featuredmedia":[{"embeddable":true,"href":"https:\/\/www.electricstore.eu\/lv\/wp-json\/wp\/v2\/media\/8697"}],"wp:attachment":[{"href":"https:\/\/www.electricstore.eu\/lv\/wp-json\/wp\/v2\/media?parent=8696"}],"wp:term":[{"taxonomy":"product_brand","embeddable":true,"href":"https:\/\/www.electricstore.eu\/lv\/wp-json\/wp\/v2\/product_brand?post=8696"},{"taxonomy":"product_cat","embeddable":true,"href":"https:\/\/www.electricstore.eu\/lv\/wp-json\/wp\/v2\/product_cat?post=8696"},{"taxonomy":"product_tag","embeddable":true,"href":"https:\/\/www.electricstore.eu\/lv\/wp-json\/wp\/v2\/product_tag?post=8696"}],"curies":[{"name":"wp","href":"https:\/\/api.w.org\/{rel}","templated":true}]}}