{"id":8568,"date":"2025-05-19T20:32:10","date_gmt":"2025-05-19T20:32:10","guid":{"rendered":"https:\/\/electricstore.eu\/product\/uncategorized\/woyu-q3-electric-bicycle-20-inch-large-motor-48v-13ah\/"},"modified":"2025-05-21T05:41:25","modified_gmt":"2025-05-21T05:41:25","slug":"woyu-q3-electric-bicycle-20-inch-large-motor-48v-13ah","status":"publish","type":"product","link":"https:\/\/www.electricstore.eu\/lv\/p\/bikes\/electric-fat-bikes\/woyu-q3-electric-bicycle-20-inch-large-motor-48v-13ah\/","title":{"rendered":"WOYU Q3 250W 48V 13Ah 60km 20 collu elektriskais velosip\u0113ds"},"content":{"rendered":"<div class=\"product-specs-list-container\">\n<ul class=\"product-specs-list util-clearfix\">\n<li class=\"product-prop line-limit-length\"><span\n                                        class=\"property-title\">Mode\u013ca numurs:&nbsp;<\/span><span\n                                        class=\"property-desc line-limit-length\">Q3<\/span>\n                            <\/li>\n<li class=\"product-prop line-limit-length\"><span\n                                        class=\"property-title\">Nomin\u0101l\u0101 pasa\u017eieru ietilp\u012bba:&nbsp;<\/span><span\n                                        class=\"property-desc line-limit-length\">Viena s\u0113dvieta<\/span>\n                            <\/li>\n<li class=\"product-prop line-limit-length\"><span\n                                        class=\"property-title\">Stils:&nbsp;<\/span><span\n                                        class=\"property-desc line-limit-length\">Luksusa tips<\/span>\n                            <\/li>\n<li class=\"product-prop line-limit-length\"><span\n                                        class=\"property-title\">Maksim\u0101lais \u0101trums:&nbsp;<\/span><span\n                                        class=\"property-desc line-limit-length\">&lt;25 km\/h<\/span>\n                            <\/li>\n<li class=\"product-prop line-limit-length\"><span\n                                        class=\"property-title\">Diapazons p\u0113c jaudas:&nbsp;<\/span><span\n                                        class=\"property-desc line-limit-length\">&gt; 60 km<\/span>\n                            <\/li>\n<li class=\"product-prop line-limit-length\"><span\n                                        class=\"property-title\">Jauda:&nbsp;<\/span><span\n                                        class=\"property-desc line-limit-length\">200\u2013250\u00a0W<\/span>\n                            <\/li>\n<li class=\"product-prop line-limit-length\"><span\n                                        class=\"property-title\">Baro\u0161anas avots:&nbsp;<\/span><span\n                                        class=\"property-desc line-limit-length\">litija akumulators<\/span>\n                            <\/li>\n<li class=\"product-prop line-limit-length\"><span\n                                        class=\"property-title\">Spriegums:&nbsp;<\/span><span\n                                        class=\"property-desc line-limit-length\">48 V<\/span>\n                            <\/li>\n<li class=\"product-prop line-limit-length\"><span\n                                        class=\"property-title\">Baro\u0161anas avots:&nbsp;<\/span><span\n                                        class=\"property-desc line-limit-length\">litija akumulators<\/span>\n                            <\/li>\n<li class=\"product-prop line-limit-length\"><span\n                                        class=\"property-title\">Izcelsme:&nbsp;<\/span><span\n                                        class=\"property-desc line-limit-length\">Kontinent\u0101l\u0101 \u0136\u012bna<\/span>\n                            <\/li>\n<li class=\"product-prop line-limit-length\"><span\n                                        class=\"property-title\">Saloc\u012bts:&nbsp;<\/span><span\n                                        class=\"property-desc line-limit-length\">N\u0113<\/span>\n                            <\/li>\n<li class=\"product-prop line-limit-length\"><span\n                                        class=\"property-title\">Izcelsmes vieta:&nbsp;<\/span><span\n                                        class=\"property-desc line-limit-length\">Anhui, \u0136\u012bna<\/span>\n                            <\/li>\n<li class=\"product-prop line-limit-length\"><span\n                                        class=\"property-title\">Z\u012bmola nosaukums:&nbsp;<\/span><span\n                                        class=\"property-desc line-limit-length\">WOYU<\/span>\n                            <\/li>\n<li class=\"product-prop line-limit-length\"><span\n                                        class=\"property-title\">Mode\u013ca numurs:&nbsp;<\/span><span\n                                        class=\"property-desc line-limit-length\">Q3<\/span>\n                            <\/li>\n<li class=\"product-prop line-limit-length\"><span\n                                        class=\"property-title\">P\u0101rnesumi:&nbsp;<\/span><span\n                                        class=\"property-desc line-limit-length\">7 \u0101trumi<\/span>\n                            <\/li>\n<li class=\"product-prop line-limit-length\"><span\n                                        class=\"property-title\">Diapazons p\u0113c jaudas:&nbsp;<\/span><span\n                                        class=\"property-desc line-limit-length\">&gt; 60 km<\/span>\n                            <\/li>\n<li class=\"product-prop line-limit-length\"><span\n                                        class=\"property-title\">R\u0101mja materi\u0101ls:&nbsp;<\/span><span\n                                        class=\"property-desc line-limit-length\">alum\u012bnija sakaus\u0113jums<\/span>\n                            <\/li>\n<li class=\"product-prop line-limit-length\"><span\n                                        class=\"property-title\">Rite\u0146a izm\u0113rs:&nbsp;<\/span><span\n                                        class=\"property-desc line-limit-length\">20&quot;<\/span>\n                            <\/li>\n<li class=\"product-prop line-limit-length\"><span\n                                        class=\"property-title\">Maksim\u0101lais \u0101trums:&nbsp;<\/span><span\n                                        class=\"property-desc line-limit-length\">30\u201350 km\/h<\/span>\n                            <\/li>\n<li class=\"product-prop line-limit-length\"><span\n                                        class=\"property-title\">Spriegums:&nbsp;<\/span><span\n                                        class=\"property-desc line-limit-length\">48 V<\/span>\n                            <\/li>\n<li class=\"product-prop line-limit-length\"><span\n                                        class=\"property-title\">Baro\u0161anas avots:&nbsp;<\/span><span\n                                        class=\"property-desc line-limit-length\">litija akumulators<\/span>\n                            <\/li>\n<li class=\"product-prop line-limit-length\"><span\n                                        class=\"property-title\">Bremz\u0113\u0161anas sist\u0113ma:&nbsp;<\/span><span\n                                        class=\"property-desc line-limit-length\">Disku bremze<\/span>\n                            <\/li>\n<li class=\"product-prop line-limit-length\"><span\n                                        class=\"property-title\">Griezes moments:&nbsp;<\/span><span\n                                        class=\"property-desc line-limit-length\">80\u201390 Nm<\/span>\n                            <\/li>\n<li class=\"product-prop line-limit-length\"><span\n                                        class=\"property-title\">Uzl\u0101des laiks:&nbsp;<\/span><span\n                                        class=\"property-desc line-limit-length\">&gt;3 stundas<\/span>\n                            <\/li>\n<li class=\"product-prop line-limit-length\"><span\n                                        class=\"property-title\">Motora poz\u012bcija:&nbsp;<\/span><span\n                                        class=\"property-desc line-limit-length\">Aizmugur\u0113j\u0101 rumbas motors<\/span>\n                            <\/li>\n<li class=\"product-prop line-limit-length\"><span\n                                        class=\"property-title\">Akumulatora novietojums:&nbsp;<\/span><span\n                                        class=\"property-desc line-limit-length\">Apak\u0161\u0113j\u0101 caurule<\/span>\n                            <\/li>\n<li class=\"product-prop line-limit-length\"><span\n                                        class=\"property-title\">Akumulatora ietilp\u012bba:&nbsp;<\/span><span\n                                        class=\"property-desc line-limit-length\">13AH<\/span>\n                            <\/li>\n<li class=\"product-prop line-limit-length\"><span\n                                        class=\"property-title\">Viedais tips:&nbsp;<\/span><span\n                                        class=\"property-desc line-limit-length\">Elektronisks<\/span>\n                            <\/li>\n<li class=\"product-prop line-limit-length\"><span\n                                        class=\"property-title\">Maksim\u0101l\u0101 slodze:&nbsp;<\/span><span\n                                        class=\"property-desc line-limit-length\">150\u00a0kg<\/span>\n                            <\/li>\n<li class=\"product-prop line-limit-length\"><span\n                                        class=\"property-title\">K\u0101p\u0161anas le\u0146\u0137is:&nbsp;<\/span><span\n                                        class=\"property-desc line-limit-length\">25\u00b0<\/span>\n                            <\/li>\n<li class=\"product-prop line-limit-length\"><span\n                                        class=\"property-title\">Pal\u012bgpastiprin\u0101t\u0101ja diapazons:&nbsp;<\/span><span\n                                        class=\"property-desc line-limit-length\">90\u2013100 km<\/span>\n                            <\/li>\n<li class=\"product-prop line-limit-length\"><span\n                                        class=\"property-title\">Str\u0101vas adapteris:&nbsp;<\/span><span\n                                        class=\"property-desc line-limit-length\">54,6\u00a0V\/2\u00a0A<\/span>\n                            <\/li>\n<li class=\"product-prop line-limit-length\"><span\n                                        class=\"property-title\">Neto svars:&nbsp;<\/span><span\n                                        class=\"property-desc line-limit-length\">26 kg<\/span>\n                            <\/li>\n<li class=\"product-prop line-limit-length\"><span\n                                        class=\"property-title\">Brauk\u0161anas re\u017e\u012bms:&nbsp;<\/span><span\n                                        class=\"property-desc line-limit-length\">Brauk\u0161anas \/ elektrisk\u0101<\/span>\n                            <\/li>\n<li class=\"product-prop line-limit-length\"><span\n                                        class=\"property-title\">LIETOTNE:&nbsp;<\/span><span\n                                        class=\"property-desc line-limit-length\">P\u0113c izv\u0113les<\/span>\n                            <\/li>\n<\/ul><\/div>\n<div class=\"detailmodule_html\">\n<div class=\"detail-desc-decorate-richtext\">\n<div id=\"detail_decorate_root\">\n<div>\u00a0<\/div>\n<div>\n<div>\u00a0<\/div>\n<div><img decoding=\"async\" class=\"magic-3\" src=\"https:\/\/ae01.alicdn.com\/kf\/S310ff39c0bc24d898c3cde7ec06e12b6Z.jpg?width=800&amp;height=800&amp;hash=1600\" slate-data-type=\"image\"\/><\/div>\n<div><img decoding=\"async\" class=\"magic-3\" src=\"https:\/\/ae01.alicdn.com\/kf\/Sd52a485ca77842d487d82c1890c28bebM.jpg?width=1920&amp;height=1080&amp;hash=3000\" slate-data-type=\"image\"\/><\/div>\n<div><img decoding=\"async\" class=\"magic-3\" src=\"https:\/\/ae01.alicdn.com\/kf\/S3131163a05164d08ab1450ea7e8a07f0n.jpg?width=1920&amp;height=1080&amp;hash=3000\" slate-data-type=\"image\"\/><\/div>\n<div><img decoding=\"async\" class=\"magic-3\" src=\"https:\/\/ae01.alicdn.com\/kf\/S0e93a7f427b0476f8de460f1e60e8d677.jpg?width=1920&amp;height=1080&amp;hash=3000\" slate-data-type=\"image\"\/><\/div>\n<div><img decoding=\"async\" class=\"magic-3\" src=\"https:\/\/ae01.alicdn.com\/kf\/S7ad63b8ed4ea41218f1c7785ef484a90X.jpg?width=1920&amp;height=1080&amp;hash=3000\" slate-data-type=\"image\"\/><\/div>\n<div><img decoding=\"async\" class=\"magic-3\" src=\"https:\/\/ae01.alicdn.com\/kf\/Sf99093f1c29f47d3850a66631be898d1v.jpg?width=1920&amp;height=1080&amp;hash=3000\" slate-data-type=\"image\"\/><\/div>\n<div><img decoding=\"async\" class=\"magic-3\" src=\"https:\/\/ae01.alicdn.com\/kf\/S5670927b9c4d40308caaa739b381dad1x.jpg?width=1920&amp;height=1080&amp;hash=3000\" slate-data-type=\"image\"\/><\/div>\n<div><img decoding=\"async\" class=\"magic-3\" src=\"https:\/\/ae01.alicdn.com\/kf\/S2f36f9a305694488a4040d16c50ff308J.jpg?width=790&amp;height=920&amp;hash=1710\" slate-data-type=\"image\"\/><\/div>\n<div><img decoding=\"async\" class=\"magic-3\" src=\"https:\/\/ae01.alicdn.com\/kf\/Se30c7ba6434a4f0b9faec3fbb3470a8dj.jpg?width=790&amp;height=1409&amp;hash=2199\" slate-data-type=\"image\"\/><\/div>\n<\/div>\n<div>\n<div id=\"ali-anchor-AliMagic-qaj16g\">Produkta iepakojums<\/div>\n<\/div>\n<div>\n<div>\n<div>\n<div>\n<div>\n<div><img decoding=\"async\" class=\"magic-7\" src=\"https:\/\/ae01.alicdn.com\/kf\/Saece606b87444e65aa35926dd8e3afbf6.jpg?width=1280&amp;height=960&amp;hash=2240\" slate-data-type=\"image\"\/><\/div>\n<div><img decoding=\"async\" class=\"magic-9\" src=\"https:\/\/ae01.alicdn.com\/kf\/S3aa10afa66f247fab5b2103bffc9850bd.jpg?width=800&amp;height=800&amp;hash=1600\" slate-data-type=\"image\"\/><\/div>\n<\/div>\n<div><img decoding=\"async\" class=\"magic-11\" src=\"https:\/\/ae01.alicdn.com\/kf\/Sea15a1f42651436a95d203e6d796e0663.jpg?width=600&amp;height=800&amp;hash=1400\" slate-data-type=\"image\"\/><\/div>\n<\/div>\n<\/div>\n<\/div>\n<\/div>\n<div>\n<div>\n<div>\n<div>\n<div>\n<div><img decoding=\"async\" class=\"magic-14\" src=\"https:\/\/ae01.alicdn.com\/kf\/S5f3acce68f1a4edb8d64f23d32ba302bj.jpg?width=600&amp;height=800&amp;hash=1400\" slate-data-type=\"image\"\/><\/div>\n<\/div>\n<div>\n<div>\n<div>\n<div>\u00a0<\/div>\n<div>\u00a0<\/div>\n<div>\u00a0<\/div>\n<div>\u00a0<\/div>\n<div><span><strong>Lai lab\u0101k nodro\u0161in\u0101tu j\u016bsu pre\u010du dro\u0161\u012bbu, pied\u0101v\u0101jam profesion\u0101lus, videi draudz\u012bgus, \u0113rtus un efekt\u012bvus iepako\u0161anas pakalpojumus.<br \/>tiks nodro\u0161in\u0101ts.<\/strong><\/span><\/div>\n<\/div>\n<\/div>\n<\/div>\n<\/div>\n<\/div>\n<\/div>\n<\/div>\n<div>\n<div>\u00a0<\/div>\n<div>\n<div><img decoding=\"async\" class=\"magic-19\" src=\"https:\/\/ae01.alicdn.com\/kf\/S0ddff6bbe6504307a89cf73e7329a369n.jpg?width=693&amp;height=978&amp;hash=1671\" slate-data-type=\"image\"\/><\/div>\n<div><img decoding=\"async\" class=\"magic-21\" src=\"https:\/\/ae01.alicdn.com\/kf\/S6a0013e33cce42e5968aeab412eab04fX.jpg?width=696&amp;height=980&amp;hash=1676\" slate-data-type=\"image\"\/><\/div>\n<\/div>\n<\/div>\n<div>\n<div id=\"ali-anchor-AliMagic-8728gk\">Izst\u0101de<\/div>\n<\/div>\n<div>\n<div>\n<div>\n<div>\n<div>\n<div><img decoding=\"async\" class=\"magic-23\" src=\"https:\/\/ae01.alicdn.com\/kf\/S424810e4dba74c8ca860a47c077228b6t.jpg?width=940&amp;height=562&amp;hash=1502\" slate-data-type=\"image\"\/><\/div>\n<\/div>\n<\/div>\n<\/div>\n<\/div>\n<\/div>\n<div>\n<div id=\"ali-anchor-AliMagic-7isiro\">Uz\u0146\u0113muma profils<\/div>\n<\/div>\n<div>\n<div>\u00a0<\/div>\n<div>\n<div>\n<div>\u00a0<\/div>\n<div>E-ONE ir uz\u0146\u0113mums, kas galvenok\u0101rt nodarbojas ar jaunu ener\u0123ijas produktu eksportu. Uz\u0146\u0113mums atrodas Anhui provinces galvaspils\u0113t\u0101 Hefei, E-ONE.<strong>ir ofici\u0101li pilnvarota <\/strong>caur t\u0101diem labi paz\u012bstamiem nozares z\u012bmoliem k\u0101<strong>Segway-Ninebot, Intex, DYU, HIMO, Kugoo<\/strong> un da\u017ei citi atz\u012bti. Galvenok\u0101rt m\u016bsu piln\u012bg\u0101 ilgtsp\u0113j\u012bgu, za\u013co un t\u012bro produktu s\u0113rija aptver<strong>elektriskie skrejrite\u0146i, elektriskie pa\u0161balans\u0113jo\u0161ie skrejrite\u0146i, elektriskie vienrite\u0146i,<\/strong><span><strong>elektriskie kartingi<\/strong><\/span><strong>, elektriskie velosip\u0113di, elektriskie motocikli<\/strong>Ar visiem pieejamajiem saist\u012btajiem sertifik\u0101tiem, kas noteikti liek mums p\u0101rdot m\u016bsu uz kvalit\u0101ti orient\u0113tos produktus vis\u0101 pasaul\u0113.<\/div>\n<\/div>\n<\/div>\n<\/div>\n<div>\n<div id=\"ali-anchor-AliMagic-y5v1u8\">Bie\u017ei uzdotie jaut\u0101jumi<\/div>\n<\/div>\n<div>\n<div>\n<div>\n<h3 class=\"magic-28\"><\/h3>\n<div>\n<div>\n<div><strong>Q<\/strong>: Vai j\u016bs esat ra\u017eot\u0101js?<strong>A<\/strong>J\u0101, m\u0113s esam ra\u017eot\u0101ji. M\u0113s varam nodro\u0161in\u0101t OEM\/ODM piel\u0101gotus pakalpojumus atbilsto\u0161i m\u016bsu klientu da\u017e\u0101daj\u0101m lietojumprogramm\u0101m un pras\u012bb\u0101m. Visi m\u016bsu produkti ir piln\u012bb\u0101 patent\u0113ti, dizainu, aparat\u016bru un programmat\u016bru, veidni, mont\u0101\u017eu veic m\u016bsu pa\u0161u komanda.<strong>Q<\/strong>: K\u0101ds ir minim\u0101lais pas\u016bt\u012bjums (MOQ)?<strong>A<\/strong>Standarta produktiem m\u0113s pie\u0146emam vienu vien\u012bbu. Ja nepiecie\u0161ams, varam tos piel\u0101got ar j\u016bsu logotipu. Ja nepiecie\u0161ams OEM, m\u016bsu p\u0101rdo\u0161anas noda\u013ca redz\u0113s detaliz\u0113tas pras\u012bbas un apstiprin\u0101s jums MOQ.<strong>Q<\/strong>: Vai m\u0113s varam sa\u0146emt bezmaksas paraugu?<strong>A<\/strong>Atvainojiet, parasti m\u0113s nenodro\u0161in\u0101m bezmaksas paraugu. Ja klients apstiprina specifik\u0101ciju un cenu, vi\u0146\u0161 vispirms var pas\u016bt\u012bt paraugu test\u0113\u0161anai un nov\u0113rt\u0113\u0161anai.<strong>Q<\/strong>: K\u0101 pas\u016bt\u012bt un apmaks\u0101t?<strong>A<\/strong>M\u0113s pie\u0146emam T\/T (bankas p\u0101rskait\u012bjumu), Alibaba tie\u0161saist\u0113, Western Union 1 Trade Assurance<strong>Q<\/strong>: K\u0101da ir j\u016bsu produktu garantija?<strong>A<\/strong>: M\u0113s pied\u0101v\u0101jam 24 m\u0113ne\u0161u garantiju p\u0113c nos\u016bt\u012b\u0161anas.<strong>Q<\/strong>Cik ilgs laiks b\u016bs nepiecie\u0161ams pieg\u0101dei?<strong>A<\/strong>Ra\u017eo\u0161anas izpildes laiks ir aptuveni 3\u201310 dienas atkar\u012bb\u0101 no pras\u012bb\u0101m, un pieg\u0101des laiks ar DHL\/UPS\/FEDEX\/TNT ir aptuveni 3\u20137 darba dienas. Da\u017e\u0101s att\u0101l\u0101s viet\u0101s pieg\u0101des laiks var b\u016bt nedaudz ilg\u0101ks.<strong>Q<\/strong> K\u0101 salabot ier\u012bci, ja rodas probl\u0113mas?<strong>A<\/strong>: M\u0113s nodro\u0161in\u0101sim tehnisko atbalstu tie\u0161saist\u0113, lai atrisin\u0101tu probl\u0113mu; Ja rodas aparat\u016bras probl\u0113ma, m\u0113s var\u0113tu nos\u016bt\u012bt deta\u013cas vai komponentus un iem\u0101c\u012bt klientam tos uzst\u0101d\u012bt, ja vi\u0146iem ir tehni\u0137is, vai ar\u012b vi\u0146i var nos\u016bt\u012bt mums atpaka\u013c, lai to nov\u0113rstu.<strong>Q<\/strong>Vai j\u016bs varat piel\u0101got un izplat\u012bt m\u016bsu produktu?<strong>A<\/strong>M\u0113s esam profesion\u0101la e-velosip\u0113du ra\u017eo\u0161ana ar 8 gadu ra\u017eo\u0161anas pieredzi, atbalst\u0101m jebk\u0101du produktu piel\u0101go\u0161anu, izplat\u012b\u0161anu un vairumtirdzniec\u012bbu.<\/div>\n<\/div>\n<\/div>\n<\/div>\n<\/div>\n<\/div>\n<\/div>\n<div><\/div>\n<\/div>\n<\/div>\n<p><\/p>","protected":false},"excerpt":{"rendered":"<p>Model Number:&nbsp;Q3 Rated Passenger Capacity:&nbsp;One Seat Style:&nbsp;Luxury Type Max Speed:&nbsp;&lt;25km\/h Range per Power:&nbsp;&gt; 60 km Wattage:&nbsp;200 &#8211; 250w Power Supply:&nbsp;lithium battery Voltage:&nbsp;48V Power Source:&nbsp;lithium battery Origin:&nbsp;Mainland China Folded:&nbsp;No Place of<\/p>","protected":false},"featured_media":8569,"comment_status":"open","ping_status":"closed","template":"","meta":{"_acf_changed":false},"product_brand":[],"product_cat":[300],"product_tag":[],"class_list":{"0":"post-8568","1":"product","2":"type-product","3":"status-publish","4":"has-post-thumbnail","6":"product_cat-electric-fat-bikes","8":"first","9":"instock","10":"shipping-taxable","11":"purchasable","12":"product-type-variable"},"acf":[],"_links":{"self":[{"href":"https:\/\/www.electricstore.eu\/lv\/wp-json\/wp\/v2\/product\/8568","targetHints":{"allow":["GET"]}}],"collection":[{"href":"https:\/\/www.electricstore.eu\/lv\/wp-json\/wp\/v2\/product"}],"about":[{"href":"https:\/\/www.electricstore.eu\/lv\/wp-json\/wp\/v2\/types\/product"}],"replies":[{"embeddable":true,"href":"https:\/\/www.electricstore.eu\/lv\/wp-json\/wp\/v2\/comments?post=8568"}],"wp:featuredmedia":[{"embeddable":true,"href":"https:\/\/www.electricstore.eu\/lv\/wp-json\/wp\/v2\/media\/8569"}],"wp:attachment":[{"href":"https:\/\/www.electricstore.eu\/lv\/wp-json\/wp\/v2\/media?parent=8568"}],"wp:term":[{"taxonomy":"product_brand","embeddable":true,"href":"https:\/\/www.electricstore.eu\/lv\/wp-json\/wp\/v2\/product_brand?post=8568"},{"taxonomy":"product_cat","embeddable":true,"href":"https:\/\/www.electricstore.eu\/lv\/wp-json\/wp\/v2\/product_cat?post=8568"},{"taxonomy":"product_tag","embeddable":true,"href":"https:\/\/www.electricstore.eu\/lv\/wp-json\/wp\/v2\/product_tag?post=8568"}],"curies":[{"name":"wp","href":"https:\/\/api.w.org\/{rel}","templated":true}]}}