{"id":8544,"date":"2025-05-19T20:31:56","date_gmt":"2025-05-19T20:31:56","guid":{"rendered":"https:\/\/electricstore.eu\/product\/uncategorized\/folding-electric-scooter-two-seater-adult-mobility\/"},"modified":"2025-05-21T05:41:25","modified_gmt":"2025-05-21T05:41:25","slug":"folding-electric-scooter-two-seater-adult-mobility","status":"publish","type":"product","link":"https:\/\/www.electricstore.eu\/lv\/p\/electric-mobility-scooters\/folding-electric-scooter-two-seater-adult-mobility\/","title":{"rendered":"Electric DH0305 500W 36V 15.6Ah 18km\/h 40km 10 collu \u010detru rite\u0146u elektriskais skrejritenis"},"content":{"rendered":"<div class=\"product-specs-list-container\">\n<ul class=\"product-specs-list util-clearfix\">\n<li class=\"product-prop line-limit-length\"><span\n                                        class=\"property-title\">Riepu izm\u0113rs:&nbsp;<\/span><span\n                                        class=\"property-desc line-limit-length\">10 collas<\/span>\n                            <\/li>\n<li class=\"product-prop line-limit-length\"><span\n                                        class=\"property-title\">Mode\u013ca numurs:&nbsp;<\/span><span\n                                        class=\"property-desc line-limit-length\">DH0305<\/span>\n                            <\/li>\n<li class=\"product-prop line-limit-length\"><span\n                                        class=\"property-title\">Kategorija:&nbsp;<\/span><span\n                                        class=\"property-desc line-limit-length\">\u010cetru rite\u0146u sk\u016bteris<\/span>\n                            <\/li>\n<li class=\"product-prop line-limit-length\"><span\n                                        class=\"property-title\">Piem\u0113rojamie cilv\u0113ki:&nbsp;<\/span><span\n                                        class=\"property-desc line-limit-length\">Unisex<\/span>\n                            <\/li>\n<li class=\"product-prop line-limit-length\"><span\n                                        class=\"property-title\">Diapazons ar vienu uzl\u0101di:&nbsp;<\/span><span\n                                        class=\"property-desc line-limit-length\">40\u00a0km<\/span>\n                            <\/li>\n<li class=\"product-prop line-limit-length\"><span\n                                        class=\"property-title\">Uzl\u0101des laiks:&nbsp;<\/span><span\n                                        class=\"property-desc line-limit-length\">6\u20138 stundas<\/span>\n                            <\/li>\n<li class=\"product-prop line-limit-length\"><span\n                                        class=\"property-title\">Spriegums:&nbsp;<\/span><span\n                                        class=\"property-desc line-limit-length\">36 V<\/span>\n                            <\/li>\n<li class=\"product-prop line-limit-length\"><span\n                                        class=\"property-title\">Saloc\u012bts:&nbsp;<\/span><span\n                                        class=\"property-desc line-limit-length\">J\u0100<\/span>\n                            <\/li>\n<li class=\"product-prop line-limit-length\"><span\n                                        class=\"property-title\">Izcelsme:&nbsp;<\/span><span\n                                        class=\"property-desc line-limit-length\">Kontinent\u0101l\u0101 \u0136\u012bna<\/span>\n                            <\/li>\n<li class=\"product-prop line-limit-length\"><span\n                                        class=\"property-title\">Jauda (W):&nbsp;<\/span><span\n                                        class=\"property-desc line-limit-length\">201\u2013500\u00a0W<\/span>\n                            <\/li>\n<li class=\"product-prop line-limit-length\"><span\n                                        class=\"property-title\">V\u0101rds:&nbsp;<\/span><span\n                                        class=\"property-desc line-limit-length\">Salok\u0101ms elektriskais skrejritenis<\/span>\n                            <\/li>\n<li class=\"product-prop line-limit-length\"><span\n                                        class=\"property-title\">\u0100trums:&nbsp;<\/span><span\n                                        class=\"property-desc line-limit-length\">6\u201312\u201318 km\/h<\/span>\n                            <\/li>\n<li class=\"product-prop line-limit-length\"><span\n                                        class=\"property-title\">Maksim\u0101l\u0101 slodze:&nbsp;<\/span><span\n                                        class=\"property-desc line-limit-length\">120 kg<\/span>\n                            <\/li>\n<li class=\"product-prop line-limit-length\"><span\n                                        class=\"property-title\">Motors:&nbsp;<\/span><span\n                                        class=\"property-desc line-limit-length\">250 W dubultais motors<\/span>\n                            <\/li>\n<li class=\"product-prop line-limit-length\"><span\n                                        class=\"property-title\">Akumulators:&nbsp;<\/span><span\n                                        class=\"property-desc line-limit-length\">36V15.6AH litija akumulators<\/span>\n                            <\/li>\n<li class=\"product-prop line-limit-length\"><span\n                                        class=\"property-title\">Materi\u0101ls:&nbsp;<\/span><span\n                                        class=\"property-desc line-limit-length\">T\u0113rauds<\/span>\n                            <\/li>\n<li class=\"product-prop line-limit-length\"><span\n                                        class=\"property-title\">P\u0113c izv\u0113les:&nbsp;<\/span><span\n                                        class=\"property-desc line-limit-length\">Priek\u0161\u0113jais\/aizmugur\u0113jais grozs un muguras balsts<\/span>\n                            <\/li>\n<li class=\"product-prop line-limit-length\"><span\n                                        class=\"property-title\">Sertifik\u0101ts:&nbsp;<\/span><span\n                                        class=\"property-desc line-limit-length\"><\/span>\n                            <\/li>\n<\/ul><\/div>\n<div class=\"detailmodule_html\">\n<div class=\"detail-desc-decorate-richtext\">\n<div>\n<p style=\"font-family:OpenSans;font-size:20px;font-weight:900;line-height:28px;white-space:pre-wrap;color:rgb(0, 0, 0);margin-bottom:12px\" class=\"detail-desc-decorate-title\">Produkta inform\u0101cija<\/p>\n<p style=\"font-family:OpenSans;font-size:14px;font-weight:300;line-height:20px;white-space:pre-wrap;color:rgb(0, 0, 0);margin-bottom:12px\" class=\"detail-desc-decorate-content\">Motors: 250Wx2 bezsuku aizmugur\u0113jais motors<br \/>Akumulators: 36V15.6Ah litija akumulators<br \/>Displejs: LED displejs<br \/>Priek\u0161\u0113jais lukturis: LED gaisma<br \/>Aizmugur\u0113jais lukturis: LED gaisma<br \/>R\u0101mis: augstas kvalit\u0101tes oglek\u013ca t\u0113rauds<br \/>Aizmugur\u0113j\u0101 piekare: Atsperes piekare<br \/>Priek\u0161\u0113j\u0101s\/aizmugur\u0113j\u0101s riepas: 10\/8 collu riepas<br \/>Maksim\u0101lais \u0101trums: 18 km\/h<br \/>Brauk\u0161anas att\u0101lums: 40 km<br \/>Uzl\u0101des laiks: 6\u20138 stundas<br \/>Maksim\u0101l\u0101 slodze: 120 kg<\/p>\n<\/div>\n<div>\n<p style=\"font-family:OpenSans;font-size:20px;font-weight:900;line-height:28px;white-space:pre-wrap;color:rgb(0, 0, 0);margin-bottom:12px\" class=\"detail-desc-decorate-title\">Produkta apraksts<\/p>\n<div><img decoding=\"async\" class=\"detail-desc-decorate-image\" src=\"https:\/\/ae01.alicdn.com\/kf\/S65346f3ff9684171bdb54084884cf8b4u.jpg?width=1007&amp;height=997&amp;hash=2004\" slate-data-type=\"image\"\/><\/div>\n<\/div>\n<div>\n<p style=\"font-family:OpenSans;font-size:20px;font-weight:900;line-height:28px;white-space:pre-wrap;color:rgb(0, 0, 0);margin-bottom:12px\" class=\"detail-desc-decorate-title\">Produkta att\u0113li<\/p>\n<\/div>\n<div><img decoding=\"async\" style=\"margin-bottom:10px\" class=\"detail-desc-decorate-image\" src=\"https:\/\/ae01.alicdn.com\/kf\/Se1e040235e9846b8bb063af2468f694c2.jpg?width=631&amp;height=631&amp;hash=1262\" slate-data-type=\"image\"\/> <img decoding=\"async\" style=\"margin-bottom:10px\" class=\"detail-desc-decorate-image\" src=\"https:\/\/ae01.alicdn.com\/kf\/S83038089d7754648a1ad5da0f52d9250d.jpg?width=1000&amp;height=1000&amp;hash=2000\" slate-data-type=\"image\"\/> <img decoding=\"async\" style=\"margin-bottom:10px\" class=\"detail-desc-decorate-image\" src=\"https:\/\/ae01.alicdn.com\/kf\/Sd693c35bab9244c99387d997345e8628Z.jpg?width=1080&amp;height=1080&amp;hash=2160\" slate-data-type=\"image\"\/> <img decoding=\"async\" style=\"margin-bottom:10px\" class=\"detail-desc-decorate-image\" src=\"https:\/\/ae01.alicdn.com\/kf\/Sa1e201577d0c41738afe597fda3e75e6v.jpg?width=1000&amp;height=973&amp;hash=1973\" slate-data-type=\"image\"\/> <img decoding=\"async\" style=\"margin-bottom:10px\" class=\"detail-desc-decorate-image\" src=\"https:\/\/ae01.alicdn.com\/kf\/Sc0b35cd613cb4e05972c8103d46975393.jpg?width=950&amp;height=686&amp;hash=1636\" slate-data-type=\"image\"\/> <img decoding=\"async\" style=\"margin-bottom:10px\" class=\"detail-desc-decorate-image\" src=\"https:\/\/ae01.alicdn.com\/kf\/S21fa0acbf32a4c21a2e938ab0fc9cdadA.jpg?width=750&amp;height=750&amp;hash=1500\" slate-data-type=\"image\"\/> <img decoding=\"async\" style=\"margin-bottom:10px\" class=\"detail-desc-decorate-image\" src=\"https:\/\/ae01.alicdn.com\/kf\/S1287910cbe074b9d9345f0e3588c3ea0Z.jpg?width=750&amp;height=750&amp;hash=1500\" slate-data-type=\"image\"\/> <img decoding=\"async\" style=\"margin-bottom:10px\" class=\"detail-desc-decorate-image\" src=\"https:\/\/ae01.alicdn.com\/kf\/Sfcd8cac80d4d488694e89b7c6a675aa3H.jpg?width=1000&amp;height=869&amp;hash=1869\" slate-data-type=\"image\"\/> <img decoding=\"async\" style=\"margin-bottom:10px\" class=\"detail-desc-decorate-image\" src=\"https:\/\/ae01.alicdn.com\/kf\/S39b065c6f1d74e399d9cf2b611ab0de1G.jpg?width=1000&amp;height=863&amp;hash=1863\" slate-data-type=\"image\"\/> <img decoding=\"async\" style=\"margin-bottom:10px\" class=\"detail-desc-decorate-image\" src=\"https:\/\/ae01.alicdn.com\/kf\/S4049d841e93a480e9abff8422df4f25dX.jpg?width=1000&amp;height=742&amp;hash=1742\" slate-data-type=\"image\"\/> <img decoding=\"async\" style=\"margin-bottom:10px\" class=\"detail-desc-decorate-image\" src=\"https:\/\/ae01.alicdn.com\/kf\/S1d377bf8801e49b68cb4bba4103a3de1P.jpg?width=1000&amp;height=664&amp;hash=1664\" slate-data-type=\"image\"\/><\/div>\n<div>\n<p style=\"font-family:OpenSans;font-size:20px;font-weight:900;line-height:28px;white-space:pre-wrap;color:rgb(0, 0, 0);margin-bottom:12px\" class=\"detail-desc-decorate-title\">Vair\u0101k inform\u0101cijas<\/p>\n<\/div>\n<div><img decoding=\"async\" style=\"margin-bottom:10px\" class=\"detail-desc-decorate-image\" src=\"https:\/\/ae01.alicdn.com\/kf\/Sd1d88d90c8814370b9a5a1f4a0b62b36y.jpg?width=958&amp;height=674&amp;hash=1632\" slate-data-type=\"image\"\/> <img decoding=\"async\" style=\"margin-bottom:10px\" class=\"detail-desc-decorate-image\" src=\"https:\/\/ae01.alicdn.com\/kf\/See3fc9536b0b4c9087d1533c9bf98269O.jpg?width=1000&amp;height=667&amp;hash=1667\" slate-data-type=\"image\"\/> <img decoding=\"async\" style=\"margin-bottom:10px\" class=\"detail-desc-decorate-image\" src=\"https:\/\/ae01.alicdn.com\/kf\/Sa8ce11385d124fa79ca40f97a485785at.jpg?width=731&amp;height=497&amp;hash=1228\" slate-data-type=\"image\"\/> <img decoding=\"async\" style=\"margin-bottom:10px\" class=\"detail-desc-decorate-image\" src=\"https:\/\/ae01.alicdn.com\/kf\/S5261d6d32a7947d4b2e65aca6e2f6fa9j.jpg?width=738&amp;height=303&amp;hash=1041\" slate-data-type=\"image\"\/> <img decoding=\"async\" style=\"margin-bottom:10px\" class=\"detail-desc-decorate-image\" src=\"https:\/\/ae01.alicdn.com\/kf\/Sde2c4ac3d2604856b3f490e715495deb9.jpg?width=985&amp;height=424&amp;hash=1409\" slate-data-type=\"image\"\/> <img decoding=\"async\" style=\"margin-bottom:10px\" class=\"detail-desc-decorate-image\" src=\"https:\/\/ae01.alicdn.com\/kf\/Seb314ec11829493b812ae54fe3a9b401u.jpg?width=780&amp;height=537&amp;hash=1317\" slate-data-type=\"image\"\/> <img decoding=\"async\" style=\"margin-bottom:10px\" class=\"detail-desc-decorate-image\" src=\"https:\/\/ae01.alicdn.com\/kf\/S3c59e6961b6247fab676516ec374720eI.jpg?width=872&amp;height=594&amp;hash=1466\" slate-data-type=\"image\"\/> <img decoding=\"async\" style=\"margin-bottom:10px\" class=\"detail-desc-decorate-image\" src=\"https:\/\/ae01.alicdn.com\/kf\/S35bc711fd5774d93a3bed0eb5d6d7b1fB.jpg?width=689&amp;height=447&amp;hash=1136\" slate-data-type=\"image\"\/> <img decoding=\"async\" style=\"margin-bottom:10px\" class=\"detail-desc-decorate-image\" src=\"https:\/\/ae01.alicdn.com\/kf\/Se0252fa02ad6456496993114fb6da7b9Z.jpg?width=526&amp;height=488&amp;hash=1014\" slate-data-type=\"image\"\/> <img decoding=\"async\" style=\"margin-bottom:10px\" class=\"detail-desc-decorate-image\" src=\"https:\/\/ae01.alicdn.com\/kf\/S20c89c4b38d34cfc98d269d65d297a5bB.jpg?width=670&amp;height=550&amp;hash=1220\" slate-data-type=\"image\"\/><\/div>\n<div>\n<p style=\"font-family:OpenSans;font-size:20px;font-weight:900;line-height:28px;white-space:pre-wrap;color:rgb(0, 0, 0);margin-bottom:12px\" class=\"detail-desc-decorate-title\">M\u016bsu r\u016bpn\u012bca<\/p>\n<\/div>\n<div><img decoding=\"async\" style=\"margin-bottom:10px\" class=\"detail-desc-decorate-image\" src=\"https:\/\/ae01.alicdn.com\/kf\/Sd170a460f94d4e4bb3b45cfeda76be39B.jpg?width=1000&amp;height=750&amp;hash=1750\" slate-data-type=\"image\"\/> <img decoding=\"async\" class=\"detail-desc-decorate-image\" src=\"https:\/\/ae01.alicdn.com\/kf\/S8eebd2859e0148cf8bdf8038a9a73969Y.jpg?width=1440&amp;height=1080&amp;hash=2520\" slate-data-type=\"image\"\/> <img decoding=\"async\" style=\"margin-bottom:10px\" class=\"detail-desc-decorate-image\" src=\"https:\/\/ae01.alicdn.com\/kf\/S132d19d4769a42468225cccfa38f40a4L.jpg?width=1000&amp;height=750&amp;hash=1750\" slate-data-type=\"image\"\/> <img decoding=\"async\" style=\"margin-bottom:10px\" class=\"detail-desc-decorate-image\" src=\"https:\/\/ae01.alicdn.com\/kf\/Sf67f349779354345aadbadb7ddcb403fU.jpg?width=750&amp;height=750&amp;hash=1500\" slate-data-type=\"image\"\/> <img decoding=\"async\" style=\"margin-bottom:10px\" class=\"detail-desc-decorate-image\" src=\"https:\/\/ae01.alicdn.com\/kf\/S304f32d83d334ec4b72d6f6e883edbf9d.jpg?width=2448&amp;height=3264&amp;hash=5712\" slate-data-type=\"image\"\/><\/div>\n<div>\n<p style=\"font-family:OpenSans;font-size:20px;font-weight:900;line-height:28px;white-space:pre-wrap;color:rgb(0, 0, 0);margin-bottom:12px\" class=\"detail-desc-decorate-title\">Piesardz\u012bbas pas\u0101kumi pirms ieg\u0101des.<\/p>\n<p style=\"font-family:OpenSans;font-size:14px;font-weight:300;line-height:20px;white-space:pre-wrap;color:rgb(0, 0, 0);margin-bottom:12px\" class=\"detail-desc-decorate-content\">1. T\u0101 k\u0101 elektriskie skrejrite\u0146i ir ar litija akumulatoru, tie ir starptautiski aizliegtas preces. Mums tie j\u0101pieg\u0101d\u0101 \u012bpa\u0161\u0101 veid\u0101. Parasti tos nav iesp\u0113jams transport\u0113t, t\u0101p\u0113c m\u0113s tos vispirms nos\u016bt\u0101m uz \u0160en\u017eenu, p\u0113c tam uz Honkongu un uz Eiropu\/Krieviju\/ASV\/Austr\u0101liju\/Kan\u0101du utt. Parasti m\u0113s tos nos\u016bt\u012bsim ar vilcienu uz Eiropu\/Krieviju, pa j\u016bru uz ASV. P\u0113c tam pieg\u0101d\u0101sim ar UPS\/\/FedEx un citiem lo\u0123istikas uz\u0146\u0113mumiem. Ja v\u0113laties, lai m\u0113s to pieg\u0101d\u0101tu pa gaisu, jums b\u016bs j\u0101sedz daudz augst\u0101kas papildu maksas.<\/p>\n<p>2. Izseko\u0161anas numuru nevar izsekot pirms muito\u0161anas pabeig\u0161anas. Ja varat to izsekot, tas noz\u012bm\u0113, ka motorolleru sa\u0146emsiet vair\u0101kas dienas v\u0113l\u0101k. Pirms tam, l\u016bdzu, paciet\u012bgi uzgaidiet. Parasti p\u0113c aptuveni 35\u201340 dien\u0101m. Izseko\u0161anas inform\u0101cija tiks atjaunin\u0101ta. S\u016bt\u012bjums parasti tiks nos\u016bt\u012bts uz j\u016bsu m\u0101j\u0101m aptuveni 40\u201360 dienu laik\u0101.<\/p>\n<p>3. Iepriek\u0161 min\u0113tais ir aptuvenais pieg\u0101des laiks, balstoties uz m\u016bsu pieredzi. M\u0113s dar\u012bsim visu iesp\u0113jamo, lai nodro\u0161in\u0101tu uzticamu pieg\u0101des pakalpojumu, un ceram, ka preces tiks pieg\u0101d\u0101tas laik\u0101. Tom\u0113r pieg\u0101de var aizkav\u0113ties muitas formalit\u0101\u0161u, valsts sv\u0113tku dienu, sliktu laikapst\u0101k\u013cu, aviokomp\u0101niju streika, viesu\u013cv\u0113tras Sendijas u.\u00a0c. d\u0113\u013c. Paldies par sapratni!<\/p>\n<\/div>\n<div><\/div>\n<\/div>\n<\/div>\n<p><\/p>","protected":false},"excerpt":{"rendered":"<p>Tire Size:&nbsp;10 inch Model Number:&nbsp;DH0305 Category:&nbsp;Four-wheel Scooter Applicable People:&nbsp;Unisex Range Per Charge:&nbsp;40km Charging Time:&nbsp;6-8h Voltage:&nbsp;36v Folded:&nbsp;YES Origin:&nbsp;Mainland China Power (W):&nbsp;201-500W Name:&nbsp;Folding electric scooter Speed:&nbsp;6-12-18km\/h Max loading:&nbsp;120kg Motor:&nbsp;250w double motor Battery:&nbsp;36V15.6AH<\/p>","protected":false},"featured_media":8546,"comment_status":"open","ping_status":"closed","template":"","meta":{"_acf_changed":false},"product_brand":[],"product_cat":[301],"product_tag":[],"class_list":{"0":"post-8544","1":"product","2":"type-product","3":"status-publish","4":"has-post-thumbnail","6":"product_cat-electric-mobility-scooters","8":"first","9":"instock","10":"shipping-taxable","11":"purchasable","12":"product-type-variable"},"acf":[],"_links":{"self":[{"href":"https:\/\/www.electricstore.eu\/lv\/wp-json\/wp\/v2\/product\/8544","targetHints":{"allow":["GET"]}}],"collection":[{"href":"https:\/\/www.electricstore.eu\/lv\/wp-json\/wp\/v2\/product"}],"about":[{"href":"https:\/\/www.electricstore.eu\/lv\/wp-json\/wp\/v2\/types\/product"}],"replies":[{"embeddable":true,"href":"https:\/\/www.electricstore.eu\/lv\/wp-json\/wp\/v2\/comments?post=8544"}],"wp:featuredmedia":[{"embeddable":true,"href":"https:\/\/www.electricstore.eu\/lv\/wp-json\/wp\/v2\/media\/8546"}],"wp:attachment":[{"href":"https:\/\/www.electricstore.eu\/lv\/wp-json\/wp\/v2\/media?parent=8544"}],"wp:term":[{"taxonomy":"product_brand","embeddable":true,"href":"https:\/\/www.electricstore.eu\/lv\/wp-json\/wp\/v2\/product_brand?post=8544"},{"taxonomy":"product_cat","embeddable":true,"href":"https:\/\/www.electricstore.eu\/lv\/wp-json\/wp\/v2\/product_cat?post=8544"},{"taxonomy":"product_tag","embeddable":true,"href":"https:\/\/www.electricstore.eu\/lv\/wp-json\/wp\/v2\/product_tag?post=8544"}],"curies":[{"name":"wp","href":"https:\/\/api.w.org\/{rel}","templated":true}]}}