{"id":8517,"date":"2025-05-19T20:31:39","date_gmt":"2025-05-19T20:31:39","guid":{"rendered":"https:\/\/electricstore.eu\/product\/uncategorized\/x10-electric-scooter-off-road-scooter-11-inch-60v-6000w-dual-motor-40ah\/"},"modified":"2025-05-20T13:07:32","modified_gmt":"2025-05-20T13:07:32","slug":"x10-electric-scooter-off-road-scooter-11-inch-60v-6000w-dual-motor-40ah","status":"publish","type":"product","link":"https:\/\/www.electricstore.eu\/lv\/p\/scooters\/electric-off-road-scooter\/x10-electric-scooter-off-road-scooter-11-inch-60v-6000w-dual-motor-40ah\/","title":{"rendered":"X10 elektriskais skrejritenis, X10, 6000 W, 60 V, 40 Ah, 75\u201385 km\/h, 60\u2013100 km, 11 collu bezce\u013cu skrejritenis"},"content":{"rendered":"<div class=\"product-specs-list-container\">\n<ul class=\"product-specs-list util-clearfix\">\n<li class=\"product-prop line-limit-length\"><span\n                                        class=\"property-title\">Riepu izm\u0113rs:&nbsp;<\/span><span\n                                        class=\"property-desc line-limit-length\">11 collas<\/span>\n                            <\/li>\n<li class=\"product-prop line-limit-length\"><span\n                                        class=\"property-title\">Mode\u013ca numurs:&nbsp;<\/span><span\n                                        class=\"property-desc line-limit-length\">X10<\/span>\n                            <\/li>\n<li class=\"product-prop line-limit-length\"><span\n                                        class=\"property-title\">Kategorija:&nbsp;<\/span><span\n                                        class=\"property-desc line-limit-length\">Divrite\u0146u sk\u016bteris<\/span>\n                            <\/li>\n<li class=\"product-prop line-limit-length\"><span\n                                        class=\"property-title\">Piem\u0113rojamie cilv\u0113ki:&nbsp;<\/span><span\n                                        class=\"property-desc line-limit-length\">Unisex<\/span>\n                            <\/li>\n<li class=\"product-prop line-limit-length\"><span\n                                        class=\"property-title\">Diapazons ar vienu uzl\u0101di:&nbsp;<\/span><span\n                                        class=\"property-desc line-limit-length\">60\u201380 km<\/span>\n                            <\/li>\n<li class=\"product-prop line-limit-length\"><span\n                                        class=\"property-title\">Uzl\u0101des laiks:&nbsp;<\/span><span\n                                        class=\"property-desc line-limit-length\">8\u201310 stundas<\/span>\n                            <\/li>\n<li class=\"product-prop line-limit-length\"><span\n                                        class=\"property-title\">Spriegums:&nbsp;<\/span><span\n                                        class=\"property-desc line-limit-length\">60 V<\/span>\n                            <\/li>\n<li class=\"product-prop line-limit-length\"><span\n                                        class=\"property-title\">Saloc\u012bts:&nbsp;<\/span><span\n                                        class=\"property-desc line-limit-length\">J\u0100<\/span>\n                            <\/li>\n<li class=\"product-prop line-limit-length\"><span\n                                        class=\"property-title\">Izcelsme:&nbsp;<\/span><span\n                                        class=\"property-desc line-limit-length\">Kontinent\u0101l\u0101 \u0136\u012bna<\/span>\n                            <\/li>\n<li class=\"product-prop line-limit-length\"><span\n                                        class=\"property-title\">Jauda (W):&nbsp;<\/span><span\n                                        class=\"property-desc line-limit-length\">1001\u20132000 W<\/span>\n                            <\/li>\n<li class=\"product-prop line-limit-length\"><span\n                                        class=\"property-title\">Izcelsmes vieta:&nbsp;<\/span><span\n                                        class=\"property-desc line-limit-length\">Dzjansu, \u0136\u012bna<\/span>\n                            <\/li>\n<li class=\"product-prop line-limit-length\"><span\n                                        class=\"property-title\">Z\u012bmols:&nbsp;<\/span><span\n                                        class=\"property-desc line-limit-length\">\u0123eokaujas<\/span>\n                            <\/li>\n<li class=\"product-prop line-limit-length\"><span\n                                        class=\"property-title\">Mode\u013ca numurs:&nbsp;<\/span><span\n                                        class=\"property-desc line-limit-length\">X10<\/span>\n                            <\/li>\n<li class=\"product-prop line-limit-length\"><span\n                                        class=\"property-title\">Uzl\u0101des laiks:&nbsp;<\/span><span\n                                        class=\"property-desc line-limit-length\">6\u20138 stundas<\/span>\n                            <\/li>\n<li class=\"product-prop line-limit-length\"><span\n                                        class=\"property-title\">Salok\u0101ms:&nbsp;<\/span><span\n                                        class=\"property-desc line-limit-length\">J\u0101<\/span>\n                            <\/li>\n<li class=\"product-prop line-limit-length\"><span\n                                        class=\"property-title\">Diapazons ar vienu uzl\u0101di:&nbsp;<\/span><span\n                                        class=\"property-desc line-limit-length\">80\u2013100 km<\/span>\n                            <\/li>\n<li class=\"product-prop line-limit-length\"><span\n                                        class=\"property-title\">Maksim\u0101lais \u0101trums:&nbsp;<\/span><span\n                                        class=\"property-desc line-limit-length\">75\u201385\u00a0km\/h<\/span>\n                            <\/li>\n<li class=\"product-prop line-limit-length\"><span\n                                        class=\"property-title\">Kategorija:&nbsp;<\/span><span\n                                        class=\"property-desc line-limit-length\">Elektriskais skrejritenis<\/span>\n                            <\/li>\n<li class=\"product-prop line-limit-length\"><span\n                                        class=\"property-title\">Piem\u0113rojams p\u016blim:&nbsp;<\/span><span\n                                        class=\"property-desc line-limit-length\">Unisex<\/span>\n                            <\/li>\n<li class=\"product-prop line-limit-length\"><span\n                                        class=\"property-title\">Viedais tips:&nbsp;<\/span><span\n                                        class=\"property-desc line-limit-length\">Elektronisks<\/span>\n                            <\/li>\n<li class=\"product-prop line-limit-length\"><span\n                                        class=\"property-title\">Akumulatora ietilp\u012bba:&nbsp;<\/span><span\n                                        class=\"property-desc line-limit-length\">35AH<\/span>\n                            <\/li>\n<li class=\"product-prop line-limit-length\"><span\n                                        class=\"property-title\">Izstr\u0101des apjoms:&nbsp;<\/span><span\n                                        class=\"property-desc line-limit-length\">140 * 28 * 64 cm<\/span>\n                            <\/li>\n<li class=\"product-prop line-limit-length\"><span\n                                        class=\"property-title\">Materi\u0101ls:&nbsp;<\/span><span\n                                        class=\"property-desc line-limit-length\">Pastiprin\u0101ta dzelzs + alum\u012bnija sakaus\u0113jums<\/span>\n                            <\/li>\n<li class=\"product-prop line-limit-length\"><span\n                                        class=\"property-title\">Iepakojuma izm\u0113rs:&nbsp;<\/span><span\n                                        class=\"property-desc line-limit-length\">130 * 33 * 64 cm<\/span>\n                            <\/li>\n<li class=\"product-prop line-limit-length\"><span\n                                        class=\"property-title\">\u0136erme\u0146a svars:&nbsp;<\/span><span\n                                        class=\"property-desc line-limit-length\">47\u00a0kg<\/span>\n                            <\/li>\n<li class=\"product-prop line-limit-length\"><span\n                                        class=\"property-title\">Riepu izm\u0113rs:&nbsp;<\/span><span\n                                        class=\"property-desc line-limit-length\">11 collu bezce\u013cu riepas<\/span>\n                            <\/li>\n<li class=\"product-prop line-limit-length\"><span\n                                        class=\"property-title\">Motors:&nbsp;<\/span><span\n                                        class=\"property-desc line-limit-length\">6000 W<\/span>\n                            <\/li>\n<li class=\"product-prop line-limit-length\"><span\n                                        class=\"property-title\">Bremze:&nbsp;<\/span><span\n                                        class=\"property-desc line-limit-length\">Priek\u0161\u0113j\u0101 un aizmugur\u0113j\u0101 CNC e\u013c\u013cas bremze<\/span>\n                            <\/li>\n<li class=\"product-prop line-limit-length\"><span\n                                        class=\"property-title\">Akumulatora ietilp\u012bba:&nbsp;<\/span><span\n                                        class=\"property-desc line-limit-length\">35\u00a0ah<\/span>\n                            <\/li>\n<li class=\"product-prop line-limit-length\"><span\n                                        class=\"property-title\">Sertifik\u0101cija:&nbsp;<\/span><span\n                                        class=\"property-desc line-limit-length\">CE<\/span>\n                            <\/li>\n<li class=\"product-prop line-limit-length\"><span\n                                        class=\"property-title\">Maksim\u0101l\u0101 slodze:&nbsp;<\/span><span\n                                        class=\"property-desc line-limit-length\">150 kg<\/span>\n                            <\/li>\n<li class=\"product-prop line-limit-length\"><span\n                                        class=\"property-title\">Sertifik\u0101ts:&nbsp;<\/span><span\n                                        class=\"property-desc line-limit-length\"><\/span>\n                            <\/li>\n<\/ul><\/div>\n<div class=\"detailmodule_html\">\n<div class=\"detail-desc-decorate-richtext\">\n<div id=\"detail_decorate_root\">\n<div>&nbsp;<\/div>\n<div>\n<div>\n<div>\n<h3 class=\"magic-4\"><span>Karst\u0101 p\u0101rdo\u0161ana 11 collu divu motoru 6000w 60V \u0101trs elektriskais skrejritenis ar s\u0113dekli<\/span><\/h3>\n<div>\n<div>\n<div><strong>Jauda \ufffd<\/strong>6000 W (3000 W * 2 divk\u0101r\u0161s motors)<br \/>\n<strong>Riepu izm\u0113rs:<\/strong>11 collu bezce\u013cu riepas<br \/>\n<strong>Akumulatora ietilp\u012bba: <\/strong>60 V 38 Ah akumulators<br \/>\n<strong>Diapazons: <\/strong>75\u2013105 km (45\u201360 j\u016bdzes);<\/div>\n<\/div>\n<\/div>\n<\/div>\n<\/div>\n<\/div>\n<div>&nbsp;<\/div>\n<div>\n<div>\n<div>\n<div>\n<div>\n<div>\n<div><a href=\"\" target=\"_blank\"><span class=\"magic-12\"><strong class=\"magic-13\">V\u0113laties \u0161o for\u0161o gaismu, l\u016bdzu, atst\u0101jiet man zi\u0146ojumus.<\/strong><\/span><\/a><\/div>\n<\/div>\n<\/div>\n<\/div>\n<\/div>\n<\/div>\n<\/div>\n<div>\n<div id=\"ali-anchor-AliMagic-hpbqty\">Produktu apraksts<\/div>\n<\/div>\n<div>\n<div>\n<div>\n<div>\n<div>\n<div>\n<div><strong class=\"magic-12\"><span>t\u0101lsatiksmes skrejrite\u0146i un elektriskie skrejrite\u0146i pieaugu\u0161ajiem ar s\u0113dekli pieaugu\u0161ajiem<\/span><\/strong><\/div>\n<\/div>\n<\/div>\n<\/div>\n<\/div>\n<\/div>\n<\/div>\n<div>\n<div>\n<table class=\"hight-light-first-column all magic-15\" style=\"border-collapse:collapse\">\n<tbody>\n<tr>\n<td colspan=\"1\" rowspan=\"1\">\n<div>\n<div><strong>\u0136erme\u0146a izm\u0113rs<\/strong><\/div>\n<\/div>\n<\/td>\n<td colspan=\"4\" rowspan=\"1\">\n<div>128 * 28 * 140 cm<\/div>\n<\/td>\n<td class=\"magic-19\" rowspan=\"0\">\n<div>&nbsp;<\/div>\n<\/td>\n<td class=\"magic-19\" rowspan=\"0\">\n<div>&nbsp;<\/div>\n<\/td>\n<td class=\"magic-19\" rowspan=\"0\">\n<div>&nbsp;<\/div>\n<\/td>\n<\/tr>\n<tr>\n<td colspan=\"1\" rowspan=\"1\">\n<div>\n<div><strong>\u0136erme\u0146a svars<\/strong><\/div>\n<\/div>\n<\/td>\n<td colspan=\"4\" rowspan=\"1\">\n<div>35\u00a0kg<\/div>\n<\/td>\n<td class=\"magic-19\" rowspan=\"0\">\n<div>&nbsp;<\/div>\n<\/td>\n<td class=\"magic-19\" rowspan=\"0\">\n<div>&nbsp;<\/div>\n<\/td>\n<td class=\"magic-19\" rowspan=\"0\">\n<div>&nbsp;<\/div>\n<\/td>\n<\/tr>\n<tr>\n<td colspan=\"1\" rowspan=\"1\">\n<div>\n<div><strong>Materi\u0101ls<\/strong><\/div>\n<\/div>\n<\/td>\n<td colspan=\"4\" rowspan=\"1\">\n<div>Pastiprin\u0101ta dzelzs + alum\u012bnija sakaus\u0113jums<\/div>\n<\/td>\n<td class=\"magic-19\" rowspan=\"0\">\n<div>&nbsp;<\/div>\n<\/td>\n<td class=\"magic-19\" rowspan=\"0\">\n<div>&nbsp;<\/div>\n<\/td>\n<td class=\"magic-19\" rowspan=\"0\">\n<div>&nbsp;<\/div>\n<\/td>\n<\/tr>\n<tr>\n<td colspan=\"1\" rowspan=\"1\">\n<div>\n<div><strong>Maksim\u0101l\u0101 slodze<\/strong><\/div>\n<\/div>\n<\/td>\n<td colspan=\"4\" rowspan=\"1\">\n<div>400\u00a0kg<\/div>\n<\/td>\n<td class=\"magic-19\" rowspan=\"0\">\n<div>&nbsp;<\/div>\n<\/td>\n<td class=\"magic-19\" rowspan=\"0\">\n<div>&nbsp;<\/div>\n<\/td>\n<td class=\"magic-19\" rowspan=\"0\">\n<div>&nbsp;<\/div>\n<\/td>\n<\/tr>\n<tr>\n<td colspan=\"1\" rowspan=\"1\">\n<div>\n<div><strong>Riepu izm\u0113rs<\/strong><\/div>\n<\/div>\n<\/td>\n<td colspan=\"4\" rowspan=\"1\">\n<div>11 pusdienas<\/div>\n<\/td>\n<td class=\"magic-19\" rowspan=\"0\">\n<div>&nbsp;<\/div>\n<\/td>\n<td class=\"magic-19\" rowspan=\"0\">\n<div>&nbsp;<\/div>\n<\/td>\n<td class=\"magic-19\" rowspan=\"0\">\n<div>&nbsp;<\/div>\n<\/td>\n<\/tr>\n<tr>\n<td colspan=\"1\" rowspan=\"1\">\n<div>\n<div><strong>Bremze<\/strong><\/div>\n<\/div>\n<\/td>\n<td colspan=\"4\" rowspan=\"1\">\n<div>Priek\u0161\u0113j\u0101 un aizmugur\u0113j\u0101 CNC e\u013c\u013cas bremze<\/div>\n<\/td>\n<td class=\"magic-19\" rowspan=\"0\">\n<div>&nbsp;<\/div>\n<\/td>\n<td class=\"magic-19\" rowspan=\"0\">\n<div>&nbsp;<\/div>\n<\/td>\n<td class=\"magic-19\" rowspan=\"0\">\n<div>&nbsp;<\/div>\n<\/td>\n<\/tr>\n<tr>\n<td colspan=\"1\" rowspan=\"1\">\n<div>\n<div><strong>Uzl\u0101des laiks<\/strong><\/div>\n<\/div>\n<\/td>\n<td colspan=\"4\" rowspan=\"1\">\n<div>5\u20136 stundas<\/div>\n<\/td>\n<td class=\"magic-19\" rowspan=\"0\">\n<div>&nbsp;<\/div>\n<\/td>\n<td class=\"magic-19\" rowspan=\"0\">\n<div>&nbsp;<\/div>\n<\/td>\n<td class=\"magic-19\" rowspan=\"0\">\n<div>&nbsp;<\/div>\n<\/td>\n<\/tr>\n<tr>\n<td colspan=\"1\" rowspan=\"1\">\n<div>\n<div><strong>Triecienu absorbcija<\/strong><\/div>\n<\/div>\n<\/td>\n<td colspan=\"4\" rowspan=\"1\">\n<div>Priek\u0161\u0113j\u0101 dubult\u0101 stabil\u0101 atsperes sl\u0101p\u0113\u0161ana + aizmugur\u0113j\u0101 vienk\u0101r\u0161\u0101 atsperes sl\u0101p\u0113\u0161ana<\/div>\n<\/td>\n<td class=\"magic-19\" rowspan=\"0\">\n<div>&nbsp;<\/div>\n<\/td>\n<td class=\"magic-19\" rowspan=\"0\">\n<div>&nbsp;<\/div>\n<\/td>\n<td class=\"magic-19\" rowspan=\"0\">\n<div>&nbsp;<\/div>\n<\/td>\n<\/tr>\n<\/tbody>\n<\/table>\n<\/div>\n<\/div>\n<div>\n<div>\n<div>\n<div>\n<div>\n<div>\n<div><strong><span>Superjaudas mai\u0146as jaunin\u0101jums, jut\u012bga dubult\u0101 e\u013c\u013cas bremze<\/span><\/strong><\/div>\n<\/div>\n<\/div>\n<\/div>\n<\/div>\n<\/div>\n<\/div>\n<div>\n<div>\n<div>\n<div>\n<div>\n<div>\n<div>\n<div><strong class=\"magic-13\">Vi\u0146a motorolleram ir <\/strong> <span class=\"magic-13\"><strong>piln\u012bb\u0101 alum\u012bnija sakaus\u0113jums<\/strong><\/span> <strong class=\"magic-13\"> r\u0101mis. At\u0161\u0137iras no tirg\u016b pieejam\u0101 dzelzs r\u0101mja. <\/strong><\/div>\n<div><strong class=\"magic-13\">Un m\u016bsu r\u0101mji ir kr\u0101soti oksid\u0101cijas ce\u013c\u0101. At\u0161\u0137ir\u012bb\u0101 no dzelzs r\u0101mja, t\u0101 ir parasta aerosola kr\u0101sa, t\u0101p\u0113c trieciena d\u0113\u013c kr\u0101sa ir viegli nokr\u012bt.<br \/>\nUn m\u016bsu alum\u012bnija r\u0101mji ner\u016bs\u0113s.<br \/>\nIzmantojiet Panasonic 21700 akumulatoru<br \/>\nM\u0113s uzlabojam produktu inform\u0101ciju<\/strong><\/div>\n<\/div>\n<\/div>\n<\/div>\n<div>\n<div><img decoding=\"async\" class=\"magic-28\" slate-data-type=\"image\" src=\"https:\/\/ae01.alicdn.com\/kf\/S824348223c104f2ebf2471cea476f9f81.jpg?width=3024&#038;height=3024&#038;hash=6048\"><\/div>\n<\/div>\n<\/div>\n<\/div>\n<\/div>\n<\/div>\n<div>\n<div>&nbsp;<\/div>\n<div>\n<div>\n<div>\n<div><strong>1.<\/strong> <strong><span class=\"magic-30\">6000 W<\/span><\/strong> <strong> Jaud\u012bgs bezsuku motors \u2014 ar jaud\u012bg\u0101ku 3000 W divk\u0101r\u0161o motoru, kas sasniedz \u0101trumu l\u012bdz 80 km\/h, un 50% kalna nog\u0101z\u0113 (maksim\u0101l\u0101 slodze)<br \/>\n440 m\u0101rci\u0146as). <\/strong><\/div>\n<div><strong>2,11 collu liela un plata riepa \u2014 piem\u0113rota visiem apvidus ce\u013ciem, ar to var braukt ikdienas braucienos, med\u012bb\u0101s, \u0101trsac\u012bkst\u0113s vai ce\u013cojumos br\u012bv\u0101 dab\u0101. T\u0101 ir ar\u012b salok\u0101ma, p\u0113c saloc\u012b\u0161anas aiz\u0146em maz\u0101k vietas. 3. Litija akumulators, liels darb\u012bbas r\u0101diuss. Var ar\u012b piel\u0101got.<br \/>\natbilsto\u0161i j\u016bsu vajadz\u012bb\u0101m.<\/strong><\/div>\n<\/div>\n<\/div>\n<\/div>\n<\/div>\n<div>\n<div>\n<div>\n<div>\n<div>\n<div><img decoding=\"async\" class=\"magic-32\" slate-data-type=\"image\" src=\"https:\/\/ae01.alicdn.com\/kf\/S85db0a1499e9410abc213e958354922e5.jpg?width=752&#038;height=1046&#038;hash=1798\"><\/div>\n<\/div>\n<\/div>\n<\/div>\n<\/div>\n<\/div>\n<div>\n<div>\n<div>\n<div>\n<div>\n<div><img decoding=\"async\" class=\"magic-34\" slate-data-type=\"image\" src=\"https:\/\/ae01.alicdn.com\/kf\/Sdf52c8e236184985871fe13a0729bd73J.jpg?width=752&#038;height=995&#038;hash=1747\"><\/div>\n<\/div>\n<\/div>\n<\/div>\n<\/div>\n<\/div>\n<div>\n<div>\n<div>\n<div>\n<div>\n<div><img decoding=\"async\" class=\"magic-36\" slate-data-type=\"image\" src=\"https:\/\/ae01.alicdn.com\/kf\/Sbf8478ad384544239859f998e3760556u.jpg?width=718&#038;height=928&#038;hash=1646\"><\/div>\n<\/div>\n<\/div>\n<\/div>\n<\/div>\n<\/div>\n<div>\n<div>\n<div>\n<div>\n<div>\n<div><img decoding=\"async\" class=\"magic-38\" slate-data-type=\"image\" src=\"https:\/\/ae01.alicdn.com\/kf\/S134143afbedb4611bb4261609d1afd15O.jpg?width=718&#038;height=912&#038;hash=1630\"><\/div>\n<\/div>\n<\/div>\n<\/div>\n<\/div>\n<\/div>\n<div>\n<div>\n<div>\n<div>\n<div>\n<div><img decoding=\"async\" class=\"magic-40\" slate-data-type=\"image\" src=\"https:\/\/ae01.alicdn.com\/kf\/Sf7d4d63f85c448d08ff3e7aad90eeca8L.jpg?width=664&#038;height=1136&#038;hash=1800\"><\/div>\n<\/div>\n<\/div>\n<\/div>\n<\/div>\n<\/div>\n<div>\n<div>\n<div>\n<div>\n<div>\n<div><img decoding=\"async\" class=\"magic-42\" slate-data-type=\"image\" src=\"https:\/\/ae01.alicdn.com\/kf\/Scea370ce52af471cb06f64bd6478af326.jpg?width=790&#038;height=1451&#038;hash=2241\"><\/div>\n<\/div>\n<\/div>\n<\/div>\n<\/div>\n<\/div>\n<div>\n<div>\n<div>\n<div>\n<div>\n<div><strong>Saliekam\u0101s deta\u013cas<\/strong><\/div>\n<\/div>\n<\/div>\n<\/div>\n<\/div>\n<\/div>\n<div>\n<div>\n<div>\n<div>\n<div>\n<div><img decoding=\"async\" class=\"magic-44\" slate-data-type=\"image\" src=\"https:\/\/ae01.alicdn.com\/kf\/S285ad5ab65cb4bc7856364d0221e9e41A.jpg?width=476&#038;height=460&#038;hash=936\"><\/div>\n<div><img decoding=\"async\" class=\"magic-46\" slate-data-type=\"image\" src=\"https:\/\/ae01.alicdn.com\/kf\/Sab77106c630b48d7bccfbf13e9b25b3by.jpg?width=476&#038;height=507&#038;hash=983\"><\/div>\n<\/div>\n<\/div>\n<\/div>\n<\/div>\n<\/div>\n<div>\n<div>\n<div>\n<h3 class=\"magic-4\">&nbsp;<\/h3>\n<div>\n<div>\n<div><strong><span>Klientu atsauksmes<\/span><\/strong><\/div>\n<\/div>\n<\/div>\n<\/div>\n<\/div>\n<\/div>\n<div>\n<div>\n<div>\n<div>\n<div>\n<div><img decoding=\"async\" class=\"magic-48\" slate-data-type=\"image\" src=\"https:\/\/ae01.alicdn.com\/kf\/S4064f1924e3740a2be7bb532e50bad4b3.jpg?width=540&#038;height=1200&#038;hash=1740\"><\/div>\n<div><img decoding=\"async\" class=\"magic-48\" slate-data-type=\"image\" src=\"https:\/\/ae01.alicdn.com\/kf\/Sd1227447f1fb41a8806364479aaf7273d.jpg?width=1080&#038;height=2400&#038;hash=3480\"><\/div>\n<\/div>\n<\/div>\n<\/div>\n<\/div>\n<\/div>\n<div>\n<div>\n<div>\n<div>\n<div>\n<div><img decoding=\"async\" class=\"magic-51\" slate-data-type=\"image\" src=\"https:\/\/ae01.alicdn.com\/kf\/Sb2947600e10746a592b59dfdcae41c7f8.jpg?width=525&#038;height=355&#038;hash=880\"><\/div>\n<div><img decoding=\"async\" class=\"magic-53\" slate-data-type=\"image\" src=\"https:\/\/ae01.alicdn.com\/kf\/S6d9fde792670452593ff1680dc28a41fG.jpg?width=553&#038;height=341&#038;hash=894\"><\/div>\n<\/div>\n<\/div>\n<\/div>\n<\/div>\n<\/div>\n<div>\n<div>\n<div>\n<div>\n<div>\n<div><strong>Gatavs nos\u016bt\u012b\u0161anai<\/strong><\/div>\n<\/div>\n<\/div>\n<\/div>\n<\/div>\n<\/div>\n<div>\n<div>\n<div>\n<div>\n<div>\n<div><img decoding=\"async\" class=\"magic-55\" slate-data-type=\"image\" src=\"https:\/\/ae01.alicdn.com\/kf\/S4bfc9e7f2abf44568d895ce20ae48f29H.jpg?width=790&#038;height=642&#038;hash=1432\"><\/div>\n<div><img decoding=\"async\" class=\"magic-57\" slate-data-type=\"image\" src=\"https:\/\/ae01.alicdn.com\/kf\/S2b60eeace5e640b18d2bf55250817ad5P.jpg?width=760&#038;height=826&#038;hash=1586\"><\/div>\n<\/div>\n<\/div>\n<\/div>\n<\/div>\n<\/div>\n<div>\n<div id=\"ali-anchor-AliMagic-flw5dt\">Ieteikt produktus<\/div>\n<\/div>\n<div>&nbsp;<\/div>\n<div>\n<div id=\"ali-anchor-AliMagic-fnihlt\">Uz\u0146\u0113muma profils<\/div>\n<\/div>\n<div>\n<div>\n<div>\n<div>\n<div>\n<div><img decoding=\"async\" class=\"magic-59\" slate-data-type=\"image\" src=\"https:\/\/ae01.alicdn.com\/kf\/Sdc0a94a4c561474bbea9063d559b98986.jpg?width=750&#038;height=594&#038;hash=1344\"><\/div>\n<\/div>\n<\/div>\n<\/div>\n<\/div>\n<\/div>\n<div>\n<div id=\"ali-anchor-AliMagic-lq4sta\">Sertifik\u0101ti<\/div>\n<\/div>\n<div>\n<div>\n<div>\n<div>\n<div>\n<div><img decoding=\"async\" class=\"magic-61\" slate-data-type=\"image\" src=\"https:\/\/ae01.alicdn.com\/kf\/S258c5264ede447a9a113b1cc9babdeafJ.jpg?width=741&#038;height=243&#038;hash=984\"><\/div>\n<\/div>\n<\/div>\n<\/div>\n<\/div>\n<\/div>\n<div>\n<div id=\"ali-anchor-AliMagic-2l23ma\">Iepakojums un pieg\u0101de<\/div>\n<\/div>\n<div>\n<div>\n<div>\n<div>\n<div>\n<div><img decoding=\"async\" class=\"magic-63\" slate-data-type=\"image\" src=\"https:\/\/ae01.alicdn.com\/kf\/Sa38e98837f77475084395011507cabe4L.jpg?width=1440&#038;height=1080&#038;hash=2520\"><\/div>\n<\/div>\n<\/div>\n<\/div>\n<\/div>\n<\/div>\n<div>\n<div id=\"ali-anchor-AliMagic-qh0aoq\">Bie\u017ei uzdotie jaut\u0101jumi<\/div>\n<\/div>\n<div>\n<div>\n<div>\n<div>\n<div>\n<div>\n<div><span><strong>1. K\u0101p\u0113c izv\u0113l\u0113ties m\u016bs?<\/strong><\/span> <span><br \/>\nProfesion\u0101li p\u0101rdev\u0113ji un p\u0113tniec\u012bbas komanda;<br \/>\nPie\u0146emt tirdzniec\u012bbas garantijas r\u012bkojumu pirc\u0113ja aizsardz\u012bbai;<br \/>\nM\u0113s varam izgatavot OEM\/ODM produktus;<br \/>\nPieg\u0101de laik\u0101.<\/span><br \/>\n<span><strong>2. K\u0101 ieg\u016bt paraugu un ietaup\u012bt izmaksas?<\/strong><\/span> <span><br \/>\nParauga karte var tikt nodro\u0161in\u0101ta bez maksas, nodro\u0161inot tikai kravas izmaksas.<br \/>\nLai sa\u0146emtu piel\u0101gotu paraugu, l\u016bdzu, sazinieties ar mums, lai uzzin\u0101tu parauga izmaksas.<br \/>\nJa pas\u016bt\u0101t tie\u0161i, m\u0113s varam jums nodro\u0161in\u0101t bezmaksas paraugu, lai p\u0101rbaud\u012btu kvalit\u0101ti.<\/span><br \/>\n<span><strong>3. K\u0101ds ir j\u016bsu maks\u0101juma termi\u0146\u0161?<\/strong><\/span> <span><br \/>\n30% depoz\u012bts un 70% atlikuma maks\u0101jums.<\/span><br \/>\n<span><strong>4.\u00a0K\u0101 notiek j\u016bsu kvalit\u0101tes kontrole?<\/strong><\/span> <span><br \/>\nMums ir profesion\u0101la kvalit\u0101tes kontroles komanda, m\u0113s kontrol\u0113sim pre\u010du kvalit\u0101ti visas masveida ra\u017eo\u0161anas laik\u0101.<\/span><br \/>\n<span><strong>5. Ja mums \u0136\u012bn\u0101 nav neviena ku\u0123niec\u012bbas ekspeditora, vai j\u016bs var\u0113tu to izdar\u012bt m\u016bsu viet\u0101?<\/strong><\/span> <span><br \/>\nMums ir \u013coti labas attiec\u012bbas ar ekspeditoru uz\u0146\u0113mumu, m\u0113s varam nos\u016bt\u012bt jums vislab\u0101ko pieg\u0101des cenu un lielisku servisu.<\/span><\/div>\n<div><span><strong>Ja jums ir k\u0101das vajadz\u012bbas, l\u016bdzu, nekav\u0113joties sazinieties ar mums, m\u0113s nodro\u0161in\u0101sim piln\u012bg\u0101ku pakalpojumu.<\/strong><\/span><\/div>\n<\/div>\n<\/div>\n<\/div>\n<\/div>\n<\/div>\n<\/div>\n<div>\n<div>\n<div>\n<div>\n<div>\n<div><span class=\"magic-25\">Ja j\u016bs interes\u0113 jebk\u0101da veida preces, l\u016bdzu, nos\u016btiet mums inform\u0101ciju pa e-pastu vai tie\u0161saist\u0113. M\u0113s jums pied\u0101v\u0101sim vislab\u0101ko cenu, pamatojoties uz augst\u0101kaj\u0101m standarta zin\u0101\u0161an\u0101m. Un m\u0113s sirsn\u012bgi sveicam draugus no visas pasaules apmekl\u0113t m\u016bsu r\u016bpn\u012bcas biznesa nol\u016bkos. Nos\u016btiet savu piepras\u012bjuma inform\u0101ciju zem\u0101k, noklik\u0161\u0137iniet uz \u201c<\/span> <a href=\"\" target=\"_blank\">Sazinieties ar pieg\u0101d\u0101t\u0101ju<\/a> <span class=\"magic-25\">&quot;Tagad! Noklik\u0161\u0137iniet \u0161eit atpaka\u013c&quot;<\/span> <a href=\"\" target=\"_blank\">S\u0100KUMLAPA<\/a> <span class=\"magic-25\">&#8220;<\/span><\/div>\n<\/div>\n<\/div>\n<\/div>\n<\/div>\n<\/div>\n<\/div>\n<\/div>\n<\/div>","protected":false},"excerpt":{"rendered":"<p>Tire Size:&nbsp;11 inch Model Number:&nbsp;X10 Category:&nbsp;Two-wheel Scooter Applicable People:&nbsp;Unisex Range Per Charge:&nbsp;60-80km Charging Time:&nbsp;8-10h Voltage:&nbsp;60v Folded:&nbsp;YES Origin:&nbsp;Mainland China Power (W):&nbsp;1001-2000w Place of Origin:&nbsp;Jiangsu, China Brand:&nbsp;geofought Model Number:&nbsp;X10 Charging Time:&nbsp;6-8h Foldable:&nbsp;Yes<\/p>","protected":false},"featured_media":8519,"comment_status":"open","ping_status":"closed","template":"","meta":{"_acf_changed":false},"product_brand":[],"product_cat":[468,297],"product_tag":[],"class_list":{"0":"post-8517","1":"product","2":"type-product","3":"status-publish","4":"has-post-thumbnail","6":"product_cat-electric-off-road-scooter","7":"product_cat-scooters","9":"first","10":"instock","11":"shipping-taxable","12":"purchasable","13":"product-type-simple"},"acf":[],"_links":{"self":[{"href":"https:\/\/www.electricstore.eu\/lv\/wp-json\/wp\/v2\/product\/8517","targetHints":{"allow":["GET"]}}],"collection":[{"href":"https:\/\/www.electricstore.eu\/lv\/wp-json\/wp\/v2\/product"}],"about":[{"href":"https:\/\/www.electricstore.eu\/lv\/wp-json\/wp\/v2\/types\/product"}],"replies":[{"embeddable":true,"href":"https:\/\/www.electricstore.eu\/lv\/wp-json\/wp\/v2\/comments?post=8517"}],"wp:featuredmedia":[{"embeddable":true,"href":"https:\/\/www.electricstore.eu\/lv\/wp-json\/wp\/v2\/media\/8519"}],"wp:attachment":[{"href":"https:\/\/www.electricstore.eu\/lv\/wp-json\/wp\/v2\/media?parent=8517"}],"wp:term":[{"taxonomy":"product_brand","embeddable":true,"href":"https:\/\/www.electricstore.eu\/lv\/wp-json\/wp\/v2\/product_brand?post=8517"},{"taxonomy":"product_cat","embeddable":true,"href":"https:\/\/www.electricstore.eu\/lv\/wp-json\/wp\/v2\/product_cat?post=8517"},{"taxonomy":"product_tag","embeddable":true,"href":"https:\/\/www.electricstore.eu\/lv\/wp-json\/wp\/v2\/product_tag?post=8517"}],"curies":[{"name":"wp","href":"https:\/\/api.w.org\/{rel}","templated":true}]}}