{"id":8486,"date":"2025-05-19T20:31:26","date_gmt":"2025-05-19T20:31:26","guid":{"rendered":"https:\/\/electricstore.eu\/product\/uncategorized\/e5b-6000w60v40ah-folding-85-km-h-electric-scooter\/"},"modified":"2025-05-20T13:07:46","modified_gmt":"2025-05-20T13:07:46","slug":"e5b-6000w60v40ah-folding-85-km-h-electric-scooter","status":"publish","type":"product","link":"https:\/\/www.electricstore.eu\/lv\/p\/scooters\/electric-off-road-scooter\/e5b-6000w60v40ah-folding-85-km-h-electric-scooter\/","title":{"rendered":"Electric E5B 6000W 60V 40Ah 85km\/h 150km 11 collu saliekams elektriskais skrejritenis"},"content":{"rendered":"<div class=\"product-specs-list-container\">\n<ul class=\"product-specs-list util-clearfix\">\n<li class=\"product-prop line-limit-length\"><span\n                                        class=\"property-title\">Mode\u013ca numurs:&nbsp;<\/span><span\n                                        class=\"property-desc line-limit-length\">E5B<\/span>\n                            <\/li>\n<li class=\"product-prop line-limit-length\"><span\n                                        class=\"property-title\">Kategorija:&nbsp;<\/span><span\n                                        class=\"property-desc line-limit-length\">Divrite\u0146u sk\u016bteris<\/span>\n                            <\/li>\n<li class=\"product-prop line-limit-length\"><span\n                                        class=\"property-title\">Piem\u0113rojamie cilv\u0113ki:&nbsp;<\/span><span\n                                        class=\"property-desc line-limit-length\">Unisex<\/span>\n                            <\/li>\n<li class=\"product-prop line-limit-length\"><span\n                                        class=\"property-title\">Diapazons ar vienu uzl\u0101di:&nbsp;<\/span><span\n                                        class=\"property-desc line-limit-length\">60\u201380 km<\/span>\n                            <\/li>\n<li class=\"product-prop line-limit-length\"><span\n                                        class=\"property-title\">Uzl\u0101des laiks:&nbsp;<\/span><span\n                                        class=\"property-desc line-limit-length\">6\u20138 stundas<\/span>\n                            <\/li>\n<li class=\"product-prop line-limit-length\"><span\n                                        class=\"property-title\">Spriegums:&nbsp;<\/span><span\n                                        class=\"property-desc line-limit-length\">60 V<\/span>\n                            <\/li>\n<li class=\"product-prop line-limit-length\"><span\n                                        class=\"property-title\">Saloc\u012bts:&nbsp;<\/span><span\n                                        class=\"property-desc line-limit-length\">J\u0100<\/span>\n                            <\/li>\n<li class=\"product-prop line-limit-length\"><span\n                                        class=\"property-title\">Izcelsme:&nbsp;<\/span><span\n                                        class=\"property-desc line-limit-length\">Kontinent\u0101l\u0101 \u0136\u012bna<\/span>\n                            <\/li>\n<li class=\"product-prop line-limit-length\"><span\n                                        class=\"property-title\">Jauda (W):&nbsp;<\/span><span\n                                        class=\"property-desc line-limit-length\">6000 W<\/span>\n                            <\/li>\n<li class=\"product-prop line-limit-length\"><span\n                                        class=\"property-title\">izcelsmes valsts:&nbsp;<\/span><span\n                                        class=\"property-desc line-limit-length\">Anhui, \u0136\u012bna<\/span>\n                            <\/li>\n<li class=\"product-prop line-limit-length\"><span\n                                        class=\"property-title\">z\u012bmols:&nbsp;<\/span><span\n                                        class=\"property-desc line-limit-length\">WO YU<\/span>\n                            <\/li>\n<li class=\"product-prop line-limit-length\"><span\n                                        class=\"property-title\">Modelis:&nbsp;<\/span><span\n                                        class=\"property-desc line-limit-length\">E5B<\/span>\n                            <\/li>\n<li class=\"product-prop line-limit-length\"><span\n                                        class=\"property-title\">uzl\u0101des laiks:&nbsp;<\/span><span\n                                        class=\"property-desc line-limit-length\">8\u201310 stundas<\/span>\n                            <\/li>\n<li class=\"product-prop line-limit-length\"><span\n                                        class=\"property-title\">Vai saloc\u012bt:&nbsp;<\/span><span\n                                        class=\"property-desc line-limit-length\">J\u0101<\/span>\n                            <\/li>\n<li class=\"product-prop line-limit-length\"><span\n                                        class=\"property-title\">kilometri\/vienreiz\u0113ja uzl\u0101de:&nbsp;<\/span><span\n                                        class=\"property-desc line-limit-length\">150\u00a0km<\/span>\n                            <\/li>\n<li class=\"product-prop line-limit-length\"><span\n                                        class=\"property-title\">Maksim\u0101lais \u0101trums:&nbsp;<\/span><span\n                                        class=\"property-desc line-limit-length\">85 km\/h<\/span>\n                            <\/li>\n<li class=\"product-prop line-limit-length\"><span\n                                        class=\"property-title\">klasifik\u0101cija:&nbsp;<\/span><span\n                                        class=\"property-desc line-limit-length\">divrite\u0146u skrejritenis<\/span>\n                            <\/li>\n<li class=\"product-prop line-limit-length\"><span\n                                        class=\"property-title\">piem\u0113rojam\u0101 popul\u0101cija:&nbsp;<\/span><span\n                                        class=\"property-desc line-limit-length\">Unisex<\/span>\n                            <\/li>\n<li class=\"product-prop line-limit-length\"><span\n                                        class=\"property-title\">Inteli\u0123ents:&nbsp;<\/span><span\n                                        class=\"property-desc line-limit-length\">elektronisks<\/span>\n                            <\/li>\n<li class=\"product-prop line-limit-length\"><span\n                                        class=\"property-title\">Akumulatora ietilp\u012bba:&nbsp;<\/span><span\n                                        class=\"property-desc line-limit-length\">40Ah<\/span>\n                            <\/li>\n<li class=\"product-prop line-limit-length\"><span\n                                        class=\"property-title\">patent\u0113ts produkts:&nbsp;<\/span><span\n                                        class=\"property-desc line-limit-length\">Izskatu patenti, izgudrojumu patenti, lietder\u012bg\u0101 mode\u013ca patenti<\/span>\n                            <\/li>\n<li class=\"product-prop line-limit-length\"><span\n                                        class=\"property-title\">Produkta nosaukums:&nbsp;<\/span><span\n                                        class=\"property-desc line-limit-length\">Divrite\u0146u elektriskais skrejritenis<\/span>\n                            <\/li>\n<li class=\"product-prop line-limit-length\"><span\n                                        class=\"property-title\">Akumulators:&nbsp;<\/span><span\n                                        class=\"property-desc line-limit-length\">60 V 40 Ah<\/span>\n                            <\/li>\n<li class=\"product-prop line-limit-length\"><span\n                                        class=\"property-title\">riepa:&nbsp;<\/span><span\n                                        class=\"property-desc line-limit-length\">Vienpadsmit collas.<\/span>\n                            <\/li>\n<li class=\"product-prop line-limit-length\"><span\n                                        class=\"property-title\">kr\u0101sa:&nbsp;<\/span><span\n                                        class=\"property-desc line-limit-length\">melns<\/span>\n                            <\/li>\n<li class=\"product-prop line-limit-length\"><span\n                                        class=\"property-title\">Bremze:&nbsp;<\/span><span\n                                        class=\"property-desc line-limit-length\">Aizmugur\u0113j\u0101 disku bremze<\/span>\n                            <\/li>\n<li class=\"product-prop line-limit-length\"><span\n                                        class=\"property-title\">atsl\u0113gv\u0101rds:&nbsp;<\/span><span\n                                        class=\"property-desc line-limit-length\">Salok\u0101ms elektriskais skrejritenis<\/span>\n                            <\/li>\n<li class=\"product-prop line-limit-length\"><span\n                                        class=\"property-title\">Maksim\u0101l\u0101 slodze:&nbsp;<\/span><span\n                                        class=\"property-desc line-limit-length\">150 kg<\/span>\n                            <\/li>\n<li class=\"product-prop line-limit-length\"><span\n                                        class=\"property-title\">materi\u0101ls:&nbsp;<\/span><span\n                                        class=\"property-desc line-limit-length\">Alum\u012bnija sakaus\u0113jums<\/span>\n                            <\/li>\n<li class=\"product-prop line-limit-length\"><span\n                                        class=\"property-title\">motors:&nbsp;<\/span><span\n                                        class=\"property-desc line-limit-length\">6000 W<\/span>\n                            <\/li>\n<li class=\"product-prop line-limit-length\"><span\n                                        class=\"property-title\">darb\u012bbas joma:&nbsp;<\/span><span\n                                        class=\"property-desc line-limit-length\">170\u00a0km<\/span>\n                            <\/li>\n<li class=\"product-prop line-limit-length\"><span\n                                        class=\"property-title\">Sertifik\u0101ts:&nbsp;<\/span><span\n                                        class=\"property-desc line-limit-length\"><\/span>\n                            <\/li>\n<\/ul><\/div>\n<div class=\"detailmodule_html\">\n<div class=\"detail-desc-decorate-richtext\">\n<div id=\"detail_decorate_root\">\n<div>&nbsp;<\/div>\n<div class=\"J_module\">\n<div class=\"magic-0\" id=\"ali-anchor-AliMagic-nsq3f0\">Specifik\u0101cija<\/div>\n<\/div>\n<div class=\"J_module\">\n<div class=\"ife-detail-decorate-table\">\n<table class=\"all magic-1\" style=\"border-collapse:collapse\">\n<tbody>\n<tr>\n<td colspan=\"1\" rowspan=\"1\">\n<div class=\"magic-2\">Akumulators<\/div>\n<\/td>\n<td colspan=\"1\" rowspan=\"1\">\n<div class=\"magic-3\">60 V 40 Ah<\/div>\n<\/td>\n<\/tr>\n<tr>\n<td colspan=\"1\" rowspan=\"1\">\n<div class=\"magic-2\">Maksim\u0101l\u0101 slodze<\/div>\n<\/td>\n<td colspan=\"1\" rowspan=\"1\">\n<div class=\"magic-3\">150 kg<\/div>\n<\/td>\n<\/tr>\n<tr>\n<td colspan=\"1\" rowspan=\"1\">\n<div class=\"magic-2\">Materi\u0101ls<\/div>\n<\/td>\n<td colspan=\"1\" rowspan=\"1\">\n<div class=\"magic-3\">Alum\u012bnija sakaus\u0113jums<\/div>\n<\/td>\n<\/tr>\n<tr>\n<td colspan=\"1\" rowspan=\"1\">\n<div class=\"magic-2\">Motors<\/div>\n<\/td>\n<td colspan=\"1\" rowspan=\"1\">\n<div class=\"magic-3\">6000 W<\/div>\n<\/td>\n<\/tr>\n<\/tbody>\n<\/table>\n<\/div>\n<\/div>\n<div class=\"J_module\">\n<div class=\"magic-0\" id=\"ali-anchor-AliMagic-of90id\">Produktu apraksts<\/div>\n<\/div>\n<div class=\"J_module\">\n<div class=\"icbu-pc-detailManyImage magic-4\">\n<div class=\"magic-5\"><img decoding=\"async\" class=\"magic-6\" slate-data-type=\"image\" src=\"https:\/\/ae01.alicdn.com\/kf\/S65820a7038f74ae2962d6fa7dd49633cU.jpg?width=515&#038;height=486&#038;hash=1001\"><\/div>\n<div class=\"magic-5\"><img decoding=\"async\" class=\"magic-6\" slate-data-type=\"image\" src=\"https:\/\/ae01.alicdn.com\/kf\/S18a0638a27494cbcb2b027fb8e402defR.jpg?width=750&#038;height=500&#038;hash=1250\"><\/div>\n<div class=\"magic-5\"><img decoding=\"async\" class=\"magic-6\" slate-data-type=\"image\" src=\"https:\/\/ae01.alicdn.com\/kf\/Sfb8b0d08a8ba43f0a3dbaa62e1121c2aY.jpg?width=1200&#038;height=1200&#038;hash=2400\"><\/div>\n<div class=\"magic-5\"><img decoding=\"async\" class=\"magic-6\" slate-data-type=\"image\" src=\"https:\/\/ae01.alicdn.com\/kf\/Scc990049c36d4b37b24dad34dad1ec3cy.jpg?width=1200&#038;height=1200&#038;hash=2400\"><\/div>\n<div class=\"magic-5\"><img decoding=\"async\" class=\"magic-6\" slate-data-type=\"image\" src=\"https:\/\/ae01.alicdn.com\/kf\/S634a46af9b3d487b88a9aaff14bf8170J.jpg?width=1200&#038;height=1200&#038;hash=2400\"><\/div>\n<div class=\"magic-5\"><img decoding=\"async\" class=\"magic-6\" slate-data-type=\"image\" src=\"https:\/\/ae01.alicdn.com\/kf\/S5945295c1a9e46d1bff322cec005f4edG.jpg?width=750&#038;height=510&#038;hash=1260\"><\/div>\n<\/div>\n<\/div>\n<div class=\"J_module\">\n<div class=\"magic-0\" id=\"ali-anchor-AliMagic-6h2bwz\">Produkta iepakojums<\/div>\n<\/div>\n<div class=\"J_module\">\n<div class=\"icbu-pc-images magic-7\">\n<div>\n<div class=\"flex-layout-h\">\n<div class=\"flex-layout-v magic-8\">\n<div class=\"magic-9\"><img decoding=\"async\" class=\"magic-10\" slate-data-type=\"image\" src=\"https:\/\/ae01.alicdn.com\/kf\/Se230d80ee316434eb1ab9ed49ecceefcf.jpg?width=1280&#038;height=960&#038;hash=2240\"><\/div>\n<div class=\"magic-11\"><img decoding=\"async\" class=\"magic-12\" slate-data-type=\"image\" src=\"https:\/\/ae01.alicdn.com\/kf\/S931dedc708334ca2a5c3db969308fbe3G.jpg?width=800&#038;height=800&#038;hash=1600\"><\/div>\n<\/div>\n<div class=\"magic-13\"><img decoding=\"async\" class=\"magic-14\" slate-data-type=\"image\" src=\"https:\/\/ae01.alicdn.com\/kf\/S927640a021c846eea487f0093ab20dd7C.jpg?width=600&#038;height=800&#038;hash=1400\"><\/div>\n<\/div>\n<\/div>\n<\/div>\n<\/div>\n<div class=\"J_module\">\n<div class=\"icbu-pc-images magic-7\">\n<div>\n<div class=\"flex-layout-h\">\n<div class=\"flex-layout-v magic-15\">\n<div class=\"magic-16\"><img decoding=\"async\" class=\"magic-17\" slate-data-type=\"image\" src=\"https:\/\/ae01.alicdn.com\/kf\/S6c36c4e783784b24ae8e7c7eb35646f8U.jpg?width=600&#038;height=800&#038;hash=1400\"><\/div>\n<\/div>\n<div class=\"text-wrapper magic-18\">\n<div class=\"text-wrapper-right text-theme-light text-align-left\">\n<div class=\"text-content\">\n<div>&nbsp;<\/div>\n<div>&nbsp;<\/div>\n<div>&nbsp;<\/div>\n<div>&nbsp;<\/div>\n<div><span><strong>Lai lab\u0101k nodro\u0161in\u0101tu j\u016bsu pre\u010du dro\u0161\u012bbu, pied\u0101v\u0101jam profesion\u0101lus, videi draudz\u012bgus, \u0113rtus un efekt\u012bvus iepako\u0161anas pakalpojumus.<br \/>\ntiks nodro\u0161in\u0101ts<\/strong><\/span><\/div>\n<\/div>\n<\/div>\n<\/div>\n<\/div>\n<\/div>\n<\/div>\n<\/div>\n<div class=\"J_module\">\n<div class=\"icbu-pc-images magic-7\">\n<div>\n<div class=\"flex-layout-v\">\n<div class=\"magic-19\">Izst\u0101de<\/div>\n<\/div>\n<\/div>\n<\/div>\n<\/div>\n<div class=\"J_module\">\n<div class=\"icbu-pc-images magic-7\">\n<div class=\"flex-layout-h\">\n<div class=\"text-wrapper magic-18\">\n<div class=\"text-wrapper-right text-theme-light text-align-left\">\n<div class=\"text-title\">\n<div class=\"magic-29\">&nbsp;<\/div>\n<\/div>\n<div class=\"text-content\">E-ONE ir uz\u0146\u0113mums, kas galvenok\u0101rt nodarbojas ar jaunu ener\u0123ijas produktu eksportu. Uz\u0146\u0113mums atrodas Anhui provinces galvaspils\u0113t\u0101 Hefei, E-ONE. <strong>ir ofici\u0101li pilnvarota <\/strong>caur t\u0101diem labi paz\u012bstamiem nozares z\u012bmoliem k\u0101 <strong>Segway-Ninebot, Intex, DYU, HIMO, Kugoo<\/strong> un da\u017ei citi atz\u012bti. Galvenok\u0101rt m\u016bsu piln\u012bg\u0101 ilgtsp\u0113j\u012bgu, za\u013co un t\u012bro produktu s\u0113rija aptver <strong>elektriskie skrejrite\u0146i, elektriskie pa\u0161balans\u0113jo\u0161ie skrejrite\u0146i, elektriskie vienrite\u0146i,<\/strong> <span><strong>elektriskie kartingi<\/strong><\/span> <strong>, elektriskie velosip\u0113di, elektriskie motocikli<\/strong>Ar visiem pieejamajiem saist\u012btajiem sertifik\u0101tiem, kas noteikti liek mums p\u0101rdot m\u016bsu uz kvalit\u0101ti orient\u0113tos produktus vis\u0101 pasaul\u0113.<\/div>\n<\/div>\n<\/div>\n<\/div>\n<\/div>\n<\/div>\n<div class=\"J_module\">\n<div class=\"magic-0\" id=\"ali-anchor-AliMagic-9cjdi5\">Bie\u017ei uzdotie jaut\u0101jumi<\/div>\n<\/div>\n<div class=\"J_module\">\n<div class=\"detail-decorate-json-renderer-container\">\n<div class=\"magic-30\">\n<h3 class=\"magic-31\">&nbsp;<\/h3>\n<div class=\"magic-32\">\n<div class=\"magic-33\">\n<div class=\"magic-34\"><strong>Q<\/strong>: Vai j\u016bs esat ra\u017eot\u0101js? <strong>A<\/strong>J\u0101, m\u0113s esam ra\u017eot\u0101ji. M\u0113s varam nodro\u0161in\u0101t OEM\/ODM piel\u0101gotus pakalpojumus atbilsto\u0161i m\u016bsu klientu da\u017e\u0101daj\u0101m lietojumprogramm\u0101m un pras\u012bb\u0101m. Visi m\u016bsu produkti ir piln\u012bb\u0101 patent\u0113ti, dizainu, aparat\u016bru un programmat\u016bru, veidni, mont\u0101\u017eu veic m\u016bsu pa\u0161u komanda. <strong>Q<\/strong>: K\u0101ds ir minim\u0101lais pas\u016bt\u012bjums (MOQ)? <strong>A<\/strong>Standarta produktiem m\u0113s pie\u0146emam vienu vien\u012bbu. Ja nepiecie\u0161ams, varam tos piel\u0101got ar j\u016bsu logotipu. Ja nepiecie\u0161ams OEM, m\u016bsu p\u0101rdo\u0161anas noda\u013ca redz\u0113s detaliz\u0113tas pras\u012bbas un apstiprin\u0101s jums MOQ. <strong>Q<\/strong>: Vai m\u0113s varam sa\u0146emt bezmaksas paraugu? <strong>A<\/strong>Atvainojiet, parasti m\u0113s nenodro\u0161in\u0101m bezmaksas paraugu. Ja klients apstiprina specifik\u0101ciju un cenu, vi\u0146\u0161 vispirms var pas\u016bt\u012bt paraugu test\u0113\u0161anai un nov\u0113rt\u0113\u0161anai. <strong>Q<\/strong>: K\u0101 pas\u016bt\u012bt un apmaks\u0101t? <strong>A<\/strong>M\u0113s pie\u0146emam T\/T (bankas p\u0101rskait\u012bjumu), Alibaba tie\u0161saist\u0113, Western Union 1 Trade Assurance <strong>Q<\/strong>: K\u0101da ir j\u016bsu produktu garantija? <strong>A<\/strong>: M\u0113s pied\u0101v\u0101jam 24 m\u0113ne\u0161u garantiju p\u0113c nos\u016bt\u012b\u0161anas. <strong>Q<\/strong>Cik ilgs laiks b\u016bs nepiecie\u0161ams pieg\u0101dei? <strong>A<\/strong>Ra\u017eo\u0161anas izpildes laiks ir aptuveni 3\u201310 dienas atkar\u012bb\u0101 no pras\u012bb\u0101m, un pieg\u0101des laiks ar DHL\/UPS\/FEDEX\/TNT ir aptuveni 3\u20137 darba dienas. Da\u017e\u0101s att\u0101l\u0101s viet\u0101s pieg\u0101des laiks var b\u016bt nedaudz ilg\u0101ks. <strong>Q<\/strong> K\u0101 salabot ier\u012bci, ja rodas probl\u0113mas? <strong>A<\/strong>: M\u0113s nodro\u0161in\u0101sim tehnisko atbalstu tie\u0161saist\u0113, lai atrisin\u0101tu probl\u0113mu; Ja rodas aparat\u016bras probl\u0113ma, m\u0113s var\u0113tu nos\u016bt\u012bt deta\u013cas vai komponentus un iem\u0101c\u012bt klientam tos uzst\u0101d\u012bt, ja vi\u0146iem ir tehni\u0137is, vai ar\u012b vi\u0146i var nos\u016bt\u012bt mums atpaka\u013c, lai to nov\u0113rstu. <strong>Q<\/strong>Vai j\u016bs varat piel\u0101got un izplat\u012bt m\u016bsu produktu? <strong>A<\/strong>M\u0113s esam profesion\u0101la e-velosip\u0113du ra\u017eo\u0161ana ar 8 gadu ra\u017eo\u0161anas pieredzi, atbalst\u0101m jebk\u0101du produktu piel\u0101go\u0161anu, izplat\u012b\u0161anu un vairumtirdzniec\u012bbu.<\/div>\n<\/div>\n<\/div>\n<\/div>\n<\/div>\n<\/div>\n<\/div>\n<p>&nbsp;<\/p>\n<\/div>\n<\/div>","protected":false},"excerpt":{"rendered":"<p>Model Number:&nbsp;E5B Category:&nbsp;Two-wheel Scooter Applicable People:&nbsp;Unisex Range Per Charge:&nbsp;60-80km Charging Time:&nbsp;6-8h Voltage:&nbsp;60v Folded:&nbsp;YES Origin:&nbsp;Mainland China Power (W):&nbsp;6000W country of origin:&nbsp;Anhui, China brand:&nbsp;WO YU Model:&nbsp;E5B charging time:&nbsp;8-10 hours Whether to fold:&nbsp;Yes<\/p>","protected":false},"featured_media":8487,"comment_status":"open","ping_status":"closed","template":"","meta":{"_acf_changed":false},"product_brand":[],"product_cat":[468,297],"product_tag":[],"class_list":{"0":"post-8486","1":"product","2":"type-product","3":"status-publish","4":"has-post-thumbnail","6":"product_cat-electric-off-road-scooter","7":"product_cat-scooters","9":"first","10":"instock","11":"shipping-taxable","12":"purchasable","13":"product-type-simple"},"acf":[],"_links":{"self":[{"href":"https:\/\/www.electricstore.eu\/lv\/wp-json\/wp\/v2\/product\/8486","targetHints":{"allow":["GET"]}}],"collection":[{"href":"https:\/\/www.electricstore.eu\/lv\/wp-json\/wp\/v2\/product"}],"about":[{"href":"https:\/\/www.electricstore.eu\/lv\/wp-json\/wp\/v2\/types\/product"}],"replies":[{"embeddable":true,"href":"https:\/\/www.electricstore.eu\/lv\/wp-json\/wp\/v2\/comments?post=8486"}],"wp:featuredmedia":[{"embeddable":true,"href":"https:\/\/www.electricstore.eu\/lv\/wp-json\/wp\/v2\/media\/8487"}],"wp:attachment":[{"href":"https:\/\/www.electricstore.eu\/lv\/wp-json\/wp\/v2\/media?parent=8486"}],"wp:term":[{"taxonomy":"product_brand","embeddable":true,"href":"https:\/\/www.electricstore.eu\/lv\/wp-json\/wp\/v2\/product_brand?post=8486"},{"taxonomy":"product_cat","embeddable":true,"href":"https:\/\/www.electricstore.eu\/lv\/wp-json\/wp\/v2\/product_cat?post=8486"},{"taxonomy":"product_tag","embeddable":true,"href":"https:\/\/www.electricstore.eu\/lv\/wp-json\/wp\/v2\/product_tag?post=8486"}],"curies":[{"name":"wp","href":"https:\/\/api.w.org\/{rel}","templated":true}]}}