{"id":8456,"date":"2025-05-19T20:31:09","date_gmt":"2025-05-19T20:31:09","guid":{"rendered":"https:\/\/electricstore.eu\/product\/uncategorized\/hx-x7-350w-e-scooter\/"},"modified":"2025-05-21T05:41:27","modified_gmt":"2025-05-21T05:41:27","slug":"hx-x7-350w-e-scooter","status":"publish","type":"product","link":"https:\/\/www.electricstore.eu\/lv\/p\/scooters\/electric-city-scooters\/hx-x7-350w-e-scooter\/","title":{"rendered":"HX X7 350W 36V 5Ah 25km\/h 15-60km 10 collu salok\u0101ms elektriskais skrejritenis"},"content":{"rendered":"<div class=\"product-specs-list-container\">\n<ul class=\"product-specs-list util-clearfix\">\n<li class=\"product-prop line-limit-length\"><span\n                                        class=\"property-title\">Riepu izm\u0113rs:&nbsp;<\/span><span\n                                        class=\"property-desc line-limit-length\">10 collas<\/span>\n                            <\/li>\n<li class=\"product-prop line-limit-length\"><span\n                                        class=\"property-title\">Mode\u013ca numurs:&nbsp;<\/span><span\n                                        class=\"property-desc line-limit-length\">X7<\/span>\n                            <\/li>\n<li class=\"product-prop line-limit-length\"><span\n                                        class=\"property-title\">Kategorija:&nbsp;<\/span><span\n                                        class=\"property-desc line-limit-length\">Divrite\u0146u sk\u016bteris<\/span>\n                            <\/li>\n<li class=\"product-prop line-limit-length\"><span\n                                        class=\"property-title\">Piem\u0113rojamie cilv\u0113ki:&nbsp;<\/span><span\n                                        class=\"property-desc line-limit-length\">Unisex<\/span>\n                            <\/li>\n<li class=\"product-prop line-limit-length\"><span\n                                        class=\"property-title\">Diapazons ar vienu uzl\u0101di:&nbsp;<\/span><span\n                                        class=\"property-desc line-limit-length\">40\u201360 km<\/span>\n                            <\/li>\n<li class=\"product-prop line-limit-length\"><span\n                                        class=\"property-title\">Uzl\u0101des laiks:&nbsp;<\/span><span\n                                        class=\"property-desc line-limit-length\">1\u20132 stundas<\/span>\n                            <\/li>\n<li class=\"product-prop line-limit-length\"><span\n                                        class=\"property-title\">Spriegums:&nbsp;<\/span><span\n                                        class=\"property-desc line-limit-length\">36 V<\/span>\n                            <\/li>\n<li class=\"product-prop line-limit-length\"><span\n                                        class=\"property-title\">Saloc\u012bts:&nbsp;<\/span><span\n                                        class=\"property-desc line-limit-length\">J\u0100<\/span>\n                            <\/li>\n<li class=\"product-prop line-limit-length\"><span\n                                        class=\"property-title\">Izcelsme:&nbsp;<\/span><span\n                                        class=\"property-desc line-limit-length\">Kontinent\u0101l\u0101 \u0136\u012bna<\/span>\n                            <\/li>\n<li class=\"product-prop line-limit-length\"><span\n                                        class=\"property-title\">Jauda (W):&nbsp;<\/span><span\n                                        class=\"property-desc line-limit-length\">201\u2013500\u00a0W<\/span>\n                            <\/li>\n<li class=\"product-prop line-limit-length\"><span\n                                        class=\"property-title\">Izcelsmes vieta:&nbsp;<\/span><span\n                                        class=\"property-desc line-limit-length\">Guangdong, \u0136\u012bna<\/span>\n                            <\/li>\n<li class=\"product-prop line-limit-length\"><span\n                                        class=\"property-title\">Z\u012bmols:&nbsp;<\/span><span\n                                        class=\"property-desc line-limit-length\">Neitr\u0101ls\/HX\/OEM<\/span>\n                            <\/li>\n<li class=\"product-prop line-limit-length\"><span\n                                        class=\"property-title\">Mode\u013ca numurs:&nbsp;<\/span><span\n                                        class=\"property-desc line-limit-length\">X7<\/span>\n                            <\/li>\n<li class=\"product-prop line-limit-length\"><span\n                                        class=\"property-title\">Jauda:&nbsp;<\/span><span\n                                        class=\"property-desc line-limit-length\">350 W<\/span>\n                            <\/li>\n<li class=\"product-prop line-limit-length\"><span\n                                        class=\"property-title\">Spriegums:&nbsp;<\/span><span\n                                        class=\"property-desc line-limit-length\">36 V<\/span>\n                            <\/li>\n<li class=\"product-prop line-limit-length\"><span\n                                        class=\"property-title\">Uzl\u0101des laiks:&nbsp;<\/span><span\n                                        class=\"property-desc line-limit-length\">2\u20133 stundas<\/span>\n                            <\/li>\n<li class=\"product-prop line-limit-length\"><span\n                                        class=\"property-title\">Salok\u0101ms:&nbsp;<\/span><span\n                                        class=\"property-desc line-limit-length\">J\u0101<\/span>\n                            <\/li>\n<li class=\"product-prop line-limit-length\"><span\n                                        class=\"property-title\">Diapazons ar vienu uzl\u0101di:&nbsp;<\/span><span\n                                        class=\"property-desc line-limit-length\">15\u201325\u00a0km<\/span>\n                            <\/li>\n<li class=\"product-prop line-limit-length\"><span\n                                        class=\"property-title\">Maksim\u0101lais \u0101trums:&nbsp;<\/span><span\n                                        class=\"property-desc line-limit-length\">30\u201350 km\/h<\/span>\n                            <\/li>\n<li class=\"product-prop line-limit-length\"><span\n                                        class=\"property-title\">Kategorija:&nbsp;<\/span><span\n                                        class=\"property-desc line-limit-length\">Divrite\u0146u sk\u016bteris<\/span>\n                            <\/li>\n<li class=\"product-prop line-limit-length\"><span\n                                        class=\"property-title\">Piem\u0113rojams p\u016blim:&nbsp;<\/span><span\n                                        class=\"property-desc line-limit-length\">Unisex<\/span>\n                            <\/li>\n<li class=\"product-prop line-limit-length\"><span\n                                        class=\"property-title\">Viedais tips:&nbsp;<\/span><span\n                                        class=\"property-desc line-limit-length\">Elektronisks<\/span>\n                            <\/li>\n<li class=\"product-prop line-limit-length\"><span\n                                        class=\"property-title\">Akumulatora ietilp\u012bba:&nbsp;<\/span><span\n                                        class=\"property-desc line-limit-length\">&lt; 10 Ah<\/span>\n                            <\/li>\n<li class=\"product-prop line-limit-length\"><span\n                                        class=\"property-title\">Akumulatora ietilp\u012bba:&nbsp;<\/span><span\n                                        class=\"property-desc line-limit-length\">L\u012bdzstr\u0101va 36 V\/5 Ah<\/span>\n                            <\/li>\n<li class=\"product-prop line-limit-length\"><span\n                                        class=\"property-title\">Maksim\u0101lais \u0101trums:&nbsp;<\/span><span\n                                        class=\"property-desc line-limit-length\">25 km\/h<\/span>\n                            <\/li>\n<li class=\"product-prop line-limit-length\"><span\n                                        class=\"property-title\">Maksim\u0101l\u0101 slodze:&nbsp;<\/span><span\n                                        class=\"property-desc line-limit-length\">100 kg<\/span>\n                            <\/li>\n<li class=\"product-prop line-limit-length\"><span\n                                        class=\"property-title\">K\u0101p\u0161anas sp\u0113ja:&nbsp;<\/span><span\n                                        class=\"property-desc line-limit-length\">15 gr\u0101di<\/span>\n                            <\/li>\n<li class=\"product-prop line-limit-length\"><span\n                                        class=\"property-title\">Materi\u0101ls:&nbsp;<\/span><span\n                                        class=\"property-desc line-limit-length\">Avi\u0101cijas alum\u012bnija sakaus\u0113jums<\/span>\n                            <\/li>\n<li class=\"product-prop line-limit-length\"><span\n                                        class=\"property-title\">Neto svars:&nbsp;<\/span><span\n                                        class=\"property-desc line-limit-length\">12,5 kg<\/span>\n                            <\/li>\n<li class=\"product-prop line-limit-length\"><span\n                                        class=\"property-title\">Izm\u0113rs:&nbsp;<\/span><span\n                                        class=\"property-desc line-limit-length\">1083 * 420 * 1186 mm<\/span>\n                            <\/li>\n<li class=\"product-prop line-limit-length\"><span\n                                        class=\"property-title\">Saliekamais izm\u0113rs:&nbsp;<\/span><span\n                                        class=\"property-desc line-limit-length\">1083 * 420 * 460 mm<\/span>\n                            <\/li>\n<li class=\"product-prop line-limit-length\"><span\n                                        class=\"property-title\">Akumulators:&nbsp;<\/span><span\n                                        class=\"property-desc line-limit-length\">No\u0146emams litija akumulators<\/span>\n                            <\/li>\n<li class=\"product-prop line-limit-length\"><span\n                                        class=\"property-title\">Sertifik\u0101cija:&nbsp;<\/span><span\n                                        class=\"property-desc line-limit-length\">CE\/FCC\/RoHS<\/span>\n                            <\/li>\n<li class=\"product-prop line-limit-length\"><span\n                                        class=\"property-title\">Sertifik\u0101ts:&nbsp;<\/span><span\n                                        class=\"property-desc line-limit-length\"><\/span>\n                            <\/li>\n<\/ul><\/div>\n<div class=\"detailmodule_html\">\n<div class=\"detail-desc-decorate-richtext\">\n<div id=\"detail_decorate_root\">\n<div>\u00a0<\/div>\n<div>\n<div>\n<div>\n<div>\n<div>\n<div><a target=\"_blank\" href=\"\" class=\"\"><img decoding=\"async\" class=\"magic-2\" src=\"https:\/\/ae01.alicdn.com\/kf\/S1ab325deda0f4318a97b87ce106aa736P.jpg?width=800&amp;height=235&amp;hash=1035\" slate-data-type=\"image\"\/><\/a><\/div>\n<\/div>\n<\/div>\n<\/div>\n<\/div>\n<\/div>\n<div>\u00a0<\/div>\n<div>\n<div>\n<div>\n<div>\n<div>\n<div><a target=\"_blank\" href=\"\" class=\"\"><img decoding=\"async\" class=\"magic-5\" src=\"https:\/\/ae01.alicdn.com\/kf\/S2fa58a361e6a4759b86113066420e181a.jpg?width=800&amp;height=503&amp;hash=1303\" slate-data-type=\"image\"\/><\/a><\/div>\n<\/div>\n<\/div>\n<\/div>\n<\/div>\n<\/div>\n<div>\n<div id=\"ali-anchor-AliMagic-tbwitc\">Produkta apraksts<\/div>\n<\/div>\n<div>\n<div>\n<div><img decoding=\"async\" class=\"magic-9\" src=\"https:\/\/ae01.alicdn.com\/kf\/S05c20b624582404384663a51b6272439T.jpg?width=790&amp;height=1089&amp;hash=1879\" slate-data-type=\"image\"\/><\/div>\n<div><img decoding=\"async\" class=\"magic-11\" src=\"https:\/\/ae01.alicdn.com\/kf\/Sda9f4f9b610847d48094ef69d8816a0fU.jpg?width=800&amp;height=800&amp;hash=1600\" slate-data-type=\"image\"\/><\/div>\n<div><img decoding=\"async\" class=\"magic-9\" src=\"https:\/\/ae01.alicdn.com\/kf\/S75897bd410db48b489cbb25c21630b33K.jpg?width=790&amp;height=1441&amp;hash=2231\" slate-data-type=\"image\"\/><\/div>\n<div><img decoding=\"async\" class=\"magic-9\" src=\"https:\/\/ae01.alicdn.com\/kf\/S4b4e855ce30a43c8b7e645b420a5d27fJ.jpg?width=790&amp;height=1070&amp;hash=1860\" slate-data-type=\"image\"\/><\/div>\n<div><img decoding=\"async\" class=\"magic-9\" src=\"https:\/\/ae01.alicdn.com\/kf\/Sa2b17ac3c591427cb4226dd0063e3931x.jpg?width=790&amp;height=1438&amp;hash=2228\" slate-data-type=\"image\"\/><\/div>\n<div><img decoding=\"async\" class=\"magic-9\" src=\"https:\/\/ae01.alicdn.com\/kf\/S96e4805ba6084966beeb48e26cf22566F.jpg?width=790&amp;height=1250&amp;hash=2040\" slate-data-type=\"image\"\/><\/div>\n<div><img decoding=\"async\" class=\"magic-9\" src=\"https:\/\/ae01.alicdn.com\/kf\/Saf5aa37daadb46508ef5990f331578228.jpg?width=790&amp;height=870&amp;hash=1660\" slate-data-type=\"image\"\/><\/div>\n<div><img decoding=\"async\" class=\"magic-9\" src=\"https:\/\/ae01.alicdn.com\/kf\/S1bf9abfd88924a0da85fd987cf615840v.jpg?width=790&amp;height=1246&amp;hash=2036\" slate-data-type=\"image\"\/><\/div>\n<div><img decoding=\"async\" class=\"magic-9\" src=\"https:\/\/ae01.alicdn.com\/kf\/Se8455fa868454676913c38a60b119df3n.jpg?width=790&amp;height=1186&amp;hash=1976\" slate-data-type=\"image\"\/><\/div>\n<\/div>\n<\/div>\n<div>\n<div>\n<table style=\"border-collapse:collapse\" class=\"has-title is-zebra hight-light-first-column all magic-12\">\n<tbody>\n<tr>\n<td rowspan=\"1\" colspan=\"1\">\n<div>Mode\u013ca Nr.<\/div>\n<\/td>\n<td rowspan=\"1\" colspan=\"1\">\n<div>X7<\/div>\n<\/td>\n<\/tr>\n<tr>\n<td rowspan=\"1\" colspan=\"1\">\n<div>Rot\u0113tais spriegums<\/div>\n<\/td>\n<td rowspan=\"1\" colspan=\"1\">\n<div>L\u012bdzstr\u0101va 36 V<\/div>\n<\/td>\n<\/tr>\n<tr>\n<td rowspan=\"1\" colspan=\"1\">\n<div>Nomin\u0101l\u0101 jauda<\/div>\n<\/td>\n<td rowspan=\"1\" colspan=\"1\">\n<div>350 W<\/div>\n<\/td>\n<\/tr>\n<tr>\n<td rowspan=\"1\" colspan=\"1\">\n<div>Materi\u0101ls<\/div>\n<\/td>\n<td rowspan=\"1\" colspan=\"1\">\n<div>Alum\u012bnija sakaus\u0113jums<\/div>\n<\/td>\n<\/tr>\n<tr>\n<td rowspan=\"1\" colspan=\"1\">\n<div>Brem\u017eu sist\u0113ma<\/div>\n<\/td>\n<td rowspan=\"1\" colspan=\"1\">\n<div>Disku bremzes\/manu\u0101l\u0101s bremzes\/elektrisk\u0101s bremzes<\/div>\n<\/td>\n<\/tr>\n<tr>\n<td rowspan=\"1\" colspan=\"1\">\n<div>Maksim\u0101lais \u0101trums<\/div>\n<\/td>\n<td rowspan=\"1\" colspan=\"1\">\n<div>25 km\/h<\/div>\n<\/td>\n<\/tr>\n<tr>\n<td rowspan=\"1\" colspan=\"1\">\n<div>Brauk\u0161anas nobraukums<\/div>\n<\/td>\n<td rowspan=\"1\" colspan=\"1\">\n<div>15\u2013325 km<\/div>\n<\/td>\n<\/tr>\n<tr>\n<td rowspan=\"1\" colspan=\"1\">\n<div>K\u0101p\u0161anas veikl\u012bba<\/div>\n<\/td>\n<td rowspan=\"1\" colspan=\"1\">\n<div>15\u00b0<\/div>\n<\/td>\n<\/tr>\n<tr>\n<td rowspan=\"1\" colspan=\"1\">\n<div>Maksim\u0101l\u0101 slodze<\/div>\n<\/td>\n<td rowspan=\"1\" colspan=\"1\">\n<div>100\u2013150 kg<\/div>\n<\/td>\n<\/tr>\n<\/tbody>\n<\/table>\n<\/div>\n<\/div>\n<div>\n<div>\n<div>\n<div>\n<div>\n<div><a target=\"_blank\" href=\"\" class=\"\"><img decoding=\"async\" class=\"magic-16\" src=\"https:\/\/ae01.alicdn.com\/kf\/Sd8d385583f664bd3a26eb3c16d6c888fW.jpg?width=750&amp;height=121&amp;hash=871\" slate-data-type=\"image\"\/><\/a><\/div>\n<\/div>\n<\/div>\n<\/div>\n<\/div>\n<\/div>\n<div>\n<div id=\"ali-anchor-AliMagic-17rdzw\">Ieteikt produktus<\/div>\n<\/div>\n<div>\n<div>\n<div>\n<div>\n<div>\n<div><img decoding=\"async\" class=\"magic-18\" src=\"https:\/\/ae01.alicdn.com\/kf\/S35d277bf02064106a4de8be8d21d6d8eb.jpg?width=1000&amp;height=500&amp;hash=1500\" slate-data-type=\"image\"\/><\/div>\n<\/div>\n<\/div>\n<\/div>\n<\/div>\n<\/div>\n<div>\n<div id=\"ali-anchor-AliMagic-8zxm69\">Sertifik\u0101ti<\/div>\n<\/div>\n<div>\n<div>\n<div>\n<div>\n<div>\n<div><img decoding=\"async\" class=\"magic-21\" src=\"https:\/\/ae01.alicdn.com\/kf\/S87abad56deae4f3fa67b4fc50a5bcbdcv.jpg?width=800&amp;height=586&amp;hash=1386\" slate-data-type=\"image\"\/><\/div>\n<\/div>\n<\/div>\n<\/div>\n<\/div>\n<\/div>\n<div>\n<div id=\"ali-anchor-AliMagic-280vro\">Izst\u0101de<\/div>\n<\/div>\n<div>\n<div>\n<div>\n<div>\n<div>\n<div><img decoding=\"async\" class=\"magic-23\" src=\"https:\/\/ae01.alicdn.com\/kf\/S6dbbefc55c824023b546fa69af1e90c1Y.jpg?width=750&amp;height=553&amp;hash=1303\" slate-data-type=\"image\"\/><\/div>\n<\/div>\n<\/div>\n<\/div>\n<\/div>\n<\/div>\n<div>\n<div>\n<div>\n<div>\n<div>\n<div><img decoding=\"async\" class=\"magic-25\" src=\"https:\/\/ae01.alicdn.com\/kf\/S1ae152b4e81c4d3692669826e9ac117bZ.jpg?width=790&amp;height=402&amp;hash=1192\" slate-data-type=\"image\"\/><\/div>\n<\/div>\n<\/div>\n<\/div>\n<\/div>\n<\/div>\n<div>\n<div id=\"ali-anchor-AliMagic-chrwh1\">Uz\u0146\u0113muma profils<\/div>\n<\/div>\n<div>\n<div>\n<div>\n<div>\n<div>\n<div><strong>Shenzhen Kixin Electronics Co. Ltd. <\/strong>ir br\u0101\u013ca uz\u0146\u0113mums <strong>Shenzhen Huanxi Technology Co. Ltd<\/strong>, kas tika dibin\u0101ta 2006. gad\u0101. M\u0113s specializ\u0113jamies viedu elektromobilit\u0101tes produktu ra\u017eo\u0161an\u0101. HX ir rado\u0161as, aizraut\u012bgas dizaina komandas grupa, kas p\u0101rst\u0101v V\u0101ciju, ASV, \u0136\u012bnu un citas valstis ar daudzu gadu pieredzi pasaul\u0113 atz\u012btu z\u012bmolu dizain\u0101 un ra\u017eo\u0161an\u0101.<\/div>\n<\/div>\n<\/div>\n<\/div>\n<\/div>\n<\/div>\n<div>\n<div>\n<div>\n<div>\n<div>\n<div><img decoding=\"async\" class=\"magic-33\" src=\"https:\/\/ae01.alicdn.com\/kf\/S9a2fbf48d7f942cc98b474f565b9772b0.jpg?width=757&amp;height=477&amp;hash=1234\" slate-data-type=\"image\"\/><\/div>\n<\/div>\n<\/div>\n<\/div>\n<\/div>\n<\/div>\n<div>\u00a0<\/div>\n<div>\n<div>\n<div>\n<div>\n<div>\n<div><img decoding=\"async\" class=\"magic-35\" src=\"https:\/\/ae01.alicdn.com\/kf\/S78e76107a8d942928848fc1993e47d5fO.jpg?width=800&amp;height=2308&amp;hash=3108\" slate-data-type=\"image\"\/><\/div>\n<\/div>\n<\/div>\n<\/div>\n<\/div>\n<\/div>\n<div>\n<div id=\"ali-anchor-AliMagic-y3bv61\">Klientu atsauksmes<\/div>\n<\/div>\n<div>\n<div>\n<div>\n<div>\n<div>\n<div><img decoding=\"async\" class=\"magic-37\" src=\"https:\/\/ae01.alicdn.com\/kf\/Sf97f60608fc847f0b6b22e431bd5dbcfT.jpg?width=790&amp;height=1228&amp;hash=2018\" slate-data-type=\"image\"\/><\/div>\n<\/div>\n<\/div>\n<\/div>\n<\/div>\n<\/div>\n<div>\n<div>\n<div>\n<div>\n<div>\n<div><img decoding=\"async\" class=\"magic-39\" src=\"https:\/\/ae01.alicdn.com\/kf\/S23fe420cca60454395904407b7a6d23cY.jpg?width=612&amp;height=660&amp;hash=1272\" slate-data-type=\"image\"\/><\/div>\n<div><img decoding=\"async\" class=\"magic-41\" src=\"https:\/\/ae01.alicdn.com\/kf\/S79d8203a0e904862b3fb63043893d213w.jpg?width=658&amp;height=965&amp;hash=1623\" slate-data-type=\"image\"\/><\/div>\n<div><img decoding=\"async\" class=\"magic-42\" src=\"https:\/\/ae01.alicdn.com\/kf\/S9115ab753bf7478fa4ea29cf411e8673L.jpg?width=750&amp;height=1000&amp;hash=1750\" slate-data-type=\"image\"\/><\/div>\n<\/div>\n<\/div>\n<\/div>\n<\/div>\n<\/div>\n<div>\n<div>\n<div>\n<div>\n<div>\n<div><a target=\"_blank\" href=\"\" class=\"\"><img decoding=\"async\" class=\"magic-16\" src=\"https:\/\/ae01.alicdn.com\/kf\/Sd8d385583f664bd3a26eb3c16d6c888fW.jpg?width=750&amp;height=121&amp;hash=871\" slate-data-type=\"image\"\/><\/a><\/div>\n<\/div>\n<\/div>\n<\/div>\n<\/div>\n<\/div>\n<\/div>\n<\/div>\n<\/div>\n<p><\/p>","protected":false},"excerpt":{"rendered":"<p>Tire Size:&nbsp;10 inch Model Number:&nbsp;X7 Category:&nbsp;Two-wheel Scooter Applicable People:&nbsp;Unisex Range Per Charge:&nbsp;40-60km Charging Time:&nbsp;1-2h Voltage:&nbsp;36v Folded:&nbsp;YES Origin:&nbsp;Mainland China Power (W):&nbsp;201-500W Place of Origin:&nbsp;Guangdong, China Brand:&nbsp;Neutral\/HX\/OEM Model Number:&nbsp;X7 Power:&nbsp;350w Voltage:&nbsp;36V Charging<\/p>","protected":false},"featured_media":8457,"comment_status":"open","ping_status":"closed","template":"","meta":{"_acf_changed":false},"product_brand":[],"product_cat":[469],"product_tag":[],"class_list":{"0":"post-8456","1":"product","2":"type-product","3":"status-publish","4":"has-post-thumbnail","6":"product_cat-electric-city-scooters","8":"first","9":"instock","10":"shipping-taxable","11":"purchasable","12":"product-type-variable"},"acf":[],"_links":{"self":[{"href":"https:\/\/www.electricstore.eu\/lv\/wp-json\/wp\/v2\/product\/8456","targetHints":{"allow":["GET"]}}],"collection":[{"href":"https:\/\/www.electricstore.eu\/lv\/wp-json\/wp\/v2\/product"}],"about":[{"href":"https:\/\/www.electricstore.eu\/lv\/wp-json\/wp\/v2\/types\/product"}],"replies":[{"embeddable":true,"href":"https:\/\/www.electricstore.eu\/lv\/wp-json\/wp\/v2\/comments?post=8456"}],"wp:featuredmedia":[{"embeddable":true,"href":"https:\/\/www.electricstore.eu\/lv\/wp-json\/wp\/v2\/media\/8457"}],"wp:attachment":[{"href":"https:\/\/www.electricstore.eu\/lv\/wp-json\/wp\/v2\/media?parent=8456"}],"wp:term":[{"taxonomy":"product_brand","embeddable":true,"href":"https:\/\/www.electricstore.eu\/lv\/wp-json\/wp\/v2\/product_brand?post=8456"},{"taxonomy":"product_cat","embeddable":true,"href":"https:\/\/www.electricstore.eu\/lv\/wp-json\/wp\/v2\/product_cat?post=8456"},{"taxonomy":"product_tag","embeddable":true,"href":"https:\/\/www.electricstore.eu\/lv\/wp-json\/wp\/v2\/product_tag?post=8456"}],"curies":[{"name":"wp","href":"https:\/\/api.w.org\/{rel}","templated":true}]}}