{"id":8430,"date":"2025-05-19T20:30:52","date_gmt":"2025-05-19T20:30:52","guid":{"rendered":"https:\/\/electricstore.eu\/product\/uncategorized\/hx-x9-15-6ah-550w-48v-electric-kick-scooter\/"},"modified":"2025-05-21T05:41:29","modified_gmt":"2025-05-21T05:41:29","slug":"hx-x9-15-6ah-550w-48v-electric-kick-scooter","status":"publish","type":"product","link":"https:\/\/www.electricstore.eu\/lv\/p\/scooters\/electric-city-scooters\/hx-x9-15-6ah-550w-48v-electric-kick-scooter\/","title":{"rendered":"HX X9 550W 48V 15.6Ah 40km\/h 100km 10 collu divrite\u0146u elektriskais skrejritenis"},"content":{"rendered":"<div class=\"product-specs-list-container\">\n<ul class=\"product-specs-list util-clearfix\">\n<li class=\"product-prop line-limit-length\"><span\n                                        class=\"property-title\">Riepu izm\u0113rs:&nbsp;<\/span><span\n                                        class=\"property-desc line-limit-length\">10 collas<\/span>\n                            <\/li>\n<li class=\"product-prop line-limit-length\"><span\n                                        class=\"property-title\">Mode\u013ca numurs:&nbsp;<\/span><span\n                                        class=\"property-desc line-limit-length\">X9<\/span>\n                            <\/li>\n<li class=\"product-prop line-limit-length\"><span\n                                        class=\"property-title\">Kategorija:&nbsp;<\/span><span\n                                        class=\"property-desc line-limit-length\">Divrite\u0146u sk\u016bteris<\/span>\n                            <\/li>\n<li class=\"product-prop line-limit-length\"><span\n                                        class=\"property-title\">Piem\u0113rojamie cilv\u0113ki:&nbsp;<\/span><span\n                                        class=\"property-desc line-limit-length\">Unisex<\/span>\n                            <\/li>\n<li class=\"product-prop line-limit-length\"><span\n                                        class=\"property-title\">Diapazons ar vienu uzl\u0101di:&nbsp;<\/span><span\n                                        class=\"property-desc line-limit-length\">60\u201380 km<\/span>\n                            <\/li>\n<li class=\"product-prop line-limit-length\"><span\n                                        class=\"property-title\">Uzl\u0101des laiks:&nbsp;<\/span><span\n                                        class=\"property-desc line-limit-length\">6\u20138 stundas<\/span>\n                            <\/li>\n<li class=\"product-prop line-limit-length\"><span\n                                        class=\"property-title\">Spriegums:&nbsp;<\/span><span\n                                        class=\"property-desc line-limit-length\">48 V<\/span>\n                            <\/li>\n<li class=\"product-prop line-limit-length\"><span\n                                        class=\"property-title\">Saloc\u012bts:&nbsp;<\/span><span\n                                        class=\"property-desc line-limit-length\">J\u0100<\/span>\n                            <\/li>\n<li class=\"product-prop line-limit-length\"><span\n                                        class=\"property-title\">Izcelsme:&nbsp;<\/span><span\n                                        class=\"property-desc line-limit-length\">Kontinent\u0101l\u0101 \u0136\u012bna<\/span>\n                            <\/li>\n<li class=\"product-prop line-limit-length\"><span\n                                        class=\"property-title\">Jauda (W):&nbsp;<\/span><span\n                                        class=\"property-desc line-limit-length\">501\u20131000 W<\/span>\n                            <\/li>\n<li class=\"product-prop line-limit-length\"><span\n                                        class=\"property-title\">Izcelsmes vieta:&nbsp;<\/span><span\n                                        class=\"property-desc line-limit-length\">Guangdong, \u0136\u012bna<\/span>\n                            <\/li>\n<li class=\"product-prop line-limit-length\"><span\n                                        class=\"property-title\">Z\u012bmols:&nbsp;<\/span><span\n                                        class=\"property-desc line-limit-length\">HX<\/span>\n                            <\/li>\n<li class=\"product-prop line-limit-length\"><span\n                                        class=\"property-title\">Mode\u013ca numurs:&nbsp;<\/span><span\n                                        class=\"property-desc line-limit-length\">X9<\/span>\n                            <\/li>\n<li class=\"product-prop line-limit-length\"><span\n                                        class=\"property-title\">Jauda:&nbsp;<\/span><span\n                                        class=\"property-desc line-limit-length\">501\u20131000 W<\/span>\n                            <\/li>\n<li class=\"product-prop line-limit-length\"><span\n                                        class=\"property-title\">Spriegums:&nbsp;<\/span><span\n                                        class=\"property-desc line-limit-length\">36V, 48V<\/span>\n                            <\/li>\n<li class=\"product-prop line-limit-length\"><span\n                                        class=\"property-title\">Uzl\u0101des laiks:&nbsp;<\/span><span\n                                        class=\"property-desc line-limit-length\">5\u20136 stundas<\/span>\n                            <\/li>\n<li class=\"product-prop line-limit-length\"><span\n                                        class=\"property-title\">Salok\u0101ms:&nbsp;<\/span><span\n                                        class=\"property-desc line-limit-length\">J\u0101<\/span>\n                            <\/li>\n<li class=\"product-prop line-limit-length\"><span\n                                        class=\"property-title\">Diapazons ar vienu uzl\u0101di:&nbsp;<\/span><span\n                                        class=\"property-desc line-limit-length\">100 km<\/span>\n                            <\/li>\n<li class=\"product-prop line-limit-length\"><span\n                                        class=\"property-title\">Maksim\u0101lais \u0101trums:&nbsp;<\/span><span\n                                        class=\"property-desc line-limit-length\">31-40km\/h, 30-50Km\/h<\/span>\n                            <\/li>\n<li class=\"product-prop line-limit-length\"><span\n                                        class=\"property-title\">Kategorija:&nbsp;<\/span><span\n                                        class=\"property-desc line-limit-length\">Divrite\u0146u sk\u016bteris<\/span>\n                            <\/li>\n<li class=\"product-prop line-limit-length\"><span\n                                        class=\"property-title\">Piem\u0113rojams p\u016blim:&nbsp;<\/span><span\n                                        class=\"property-desc line-limit-length\">Unisex<\/span>\n                            <\/li>\n<li class=\"product-prop line-limit-length\"><span\n                                        class=\"property-title\">Viedais tips:&nbsp;<\/span><span\n                                        class=\"property-desc line-limit-length\">Elektroniskais, digit\u0101lais<\/span>\n                            <\/li>\n<li class=\"product-prop line-limit-length\"><span\n                                        class=\"property-title\">Akumulatora ietilp\u012bba:&nbsp;<\/span><span\n                                        class=\"property-desc line-limit-length\">10 &#8211; 20Ah<\/span>\n                            <\/li>\n<li class=\"product-prop line-limit-length\"><span\n                                        class=\"property-title\">Maksim\u0101lais diapazons:&nbsp;<\/span><span\n                                        class=\"property-desc line-limit-length\">45\/70\/75\/100 KM (Optional)<\/span>\n                            <\/li>\n<li class=\"product-prop line-limit-length\"><span\n                                        class=\"property-title\">Motora jauda:&nbsp;<\/span><span\n                                        class=\"property-desc line-limit-length\">550W<\/span>\n                            <\/li>\n<li class=\"product-prop line-limit-length\"><span\n                                        class=\"property-title\">Maksim\u0101lais \u0101trums:&nbsp;<\/span><span\n                                        class=\"property-desc line-limit-length\">40 km\/h<\/span>\n                            <\/li>\n<li class=\"product-prop line-limit-length\"><span\n                                        class=\"property-title\">Kr\u0101sa:&nbsp;<\/span><span\n                                        class=\"property-desc line-limit-length\">Black\/Yellow\/Red\/Blue<\/span>\n                            <\/li>\n<li class=\"product-prop line-limit-length\"><span\n                                        class=\"property-title\">Maksim\u0101l\u0101 slodze:&nbsp;<\/span><span\n                                        class=\"property-desc line-limit-length\">120 Kgs<\/span>\n                            <\/li>\n<li class=\"product-prop line-limit-length\"><span\n                                        class=\"property-title\">Bremze:&nbsp;<\/span><span\n                                        class=\"property-desc line-limit-length\">Electric Brake\/ Disc Brake\/ Foot Brake<\/span>\n                            <\/li>\n<li class=\"product-prop line-limit-length\"><span\n                                        class=\"property-title\">Materi\u0101ls:&nbsp;<\/span><span\n                                        class=\"property-desc line-limit-length\">Alum\u012bnija sakaus\u0113jums<\/span>\n                            <\/li>\n<li class=\"product-prop line-limit-length\"><span\n                                        class=\"property-title\">Riepa:&nbsp;<\/span><span\n                                        class=\"property-desc line-limit-length\">10 inch Air\/ Vacuum Wheel<\/span>\n                            <\/li>\n<li class=\"product-prop line-limit-length\"><span\n                                        class=\"property-title\">\u016adensiztur\u012bbas l\u012bmenis:&nbsp;<\/span><span\n                                        class=\"property-desc line-limit-length\">IP54<\/span>\n                            <\/li>\n<li class=\"product-prop line-limit-length\"><span\n                                        class=\"property-title\">Sertifik\u0101cija:&nbsp;<\/span><span\n                                        class=\"property-desc line-limit-length\">CE, RoHS,BSCI<\/span>\n                            <\/li>\n<li class=\"product-prop line-limit-length\"><span\n                                        class=\"property-title\">Sertifik\u0101ts:&nbsp;<\/span><span\n                                        class=\"property-desc line-limit-length\"><\/span>\n                            <\/li>\n<\/ul><\/div>\n<div class=\"detailmodule_html\">\n<div class=\"detail-desc-decorate-richtext\">\n<div id=\"detail_decorate_root\">\n<div>\u00a0<\/div>\n<div>\u00a0<\/div>\n<div>\n<div id=\"ali-anchor-AliMagic-c3v8jv\">Product Specification<\/div>\n<\/div>\n<div>\n<div>\n<div>\n<div>\n<div>\n<div><img decoding=\"async\" class=\"magic-4\" src=\"https:\/\/ae01.alicdn.com\/kf\/S1f781da2a57144a9bf23951d4a1d2294C.jpg?width=3600&amp;height=3600&amp;hash=7200\" slate-data-type=\"image\"\/><\/div>\n<\/div>\n<\/div>\n<\/div>\n<\/div>\n<\/div>\n<div>\n<div>\n<table style=\"border-collapse:collapse\" class=\"hight-light-first-column all magic-5\">\n<tbody>\n<tr>\n<td rowspan=\"1\" colspan=\"1\">\n<div>Product name<\/div>\n<\/td>\n<td rowspan=\"1\" colspan=\"1\">\n<div>X9 Max Two Wheels Portable foldable Electric Scooter<\/div>\n<\/td>\n<\/tr>\n<tr>\n<td rowspan=\"1\" colspan=\"1\">\n<div>Neto svars<\/div>\n<\/td>\n<td rowspan=\"1\" colspan=\"1\">\n<div>About 23kg<\/div>\n<\/td>\n<\/tr>\n<tr>\n<td rowspan=\"1\" colspan=\"1\">\n<div>Motors<\/div>\n<\/td>\n<td rowspan=\"1\" colspan=\"1\">\n<div>1100W<\/div>\n<\/td>\n<\/tr>\n<tr>\n<td rowspan=\"1\" colspan=\"1\">\n<div>Speed<\/div>\n<\/td>\n<td rowspan=\"1\" colspan=\"1\">\n<div>40km\/h<\/div>\n<\/td>\n<\/tr>\n<tr>\n<td rowspan=\"1\" colspan=\"1\">\n<div>Rated power<\/div>\n<\/td>\n<td rowspan=\"1\" colspan=\"1\">\n<div>500W \/ 550W<\/div>\n<\/td>\n<\/tr>\n<tr>\n<td rowspan=\"1\" colspan=\"1\">\n<div>Akumulatora ietilp\u012bba<\/div>\n<\/td>\n<td rowspan=\"1\" colspan=\"1\">\n<div>36V OR 48V \/15.6Ah lithium battery<\/div>\n<\/td>\n<\/tr>\n<tr>\n<td rowspan=\"1\" colspan=\"1\">\n<div>Uzl\u0101des laiks<\/div>\n<\/td>\n<td rowspan=\"1\" colspan=\"1\">\n<div>5-6 hours<\/div>\n<\/td>\n<\/tr>\n<tr>\n<td rowspan=\"1\" colspan=\"1\">\n<div>Max Range<\/div>\n<\/td>\n<td rowspan=\"1\" colspan=\"1\">\n<div>100km(The battery can support up to 120km)<\/div>\n<\/td>\n<\/tr>\n<\/tbody>\n<\/table>\n<\/div>\n<\/div>\n<div>\n<div>\n<div><img decoding=\"async\" class=\"magic-10\" src=\"https:\/\/ae01.alicdn.com\/kf\/Sa99757f69167466e9f16349cd032f057U.jpg?width=800&amp;height=800&amp;hash=1600\" slate-data-type=\"image\"\/><\/div>\n<div><img decoding=\"async\" class=\"magic-10\" src=\"https:\/\/ae01.alicdn.com\/kf\/Se2703765170345208187417efa3bcaf1G.jpg?width=790&amp;height=380&amp;hash=1170\" slate-data-type=\"image\"\/><\/div>\n<div><img decoding=\"async\" class=\"magic-10\" src=\"https:\/\/ae01.alicdn.com\/kf\/S380e75bbb08f4724aaac3622e1a51822H.jpg?width=790&amp;height=666&amp;hash=1456\" slate-data-type=\"image\"\/><\/div>\n<div><img decoding=\"async\" class=\"magic-10\" src=\"https:\/\/ae01.alicdn.com\/kf\/Sd68318119e624186b9815c8e966c4dbb8.jpg?width=790&amp;height=1491&amp;hash=2281\" slate-data-type=\"image\"\/><\/div>\n<div><img decoding=\"async\" class=\"magic-10\" src=\"https:\/\/ae01.alicdn.com\/kf\/S26c54eaf67ee47099cd185b46345a7fbq.jpg?width=790&amp;height=1580&amp;hash=2370\" slate-data-type=\"image\"\/><\/div>\n<div><img decoding=\"async\" class=\"magic-10\" src=\"https:\/\/ae01.alicdn.com\/kf\/S122eeab5d24f4258a3405da78f0ee3c3O.jpg?width=790&amp;height=482&amp;hash=1272\" slate-data-type=\"image\"\/><\/div>\n<div><img decoding=\"async\" class=\"magic-10\" src=\"https:\/\/ae01.alicdn.com\/kf\/S27a88920fd0b460f9d3d9b71b16464e10.jpg?width=790&amp;height=1139&amp;hash=1929\" slate-data-type=\"image\"\/><\/div>\n<div><img decoding=\"async\" class=\"magic-10\" src=\"https:\/\/ae01.alicdn.com\/kf\/S202a76d29e6e4ea0b0c5e2194c15d178u.jpg?width=790&amp;height=900&amp;hash=1690\" slate-data-type=\"image\"\/><\/div>\n<div><img decoding=\"async\" class=\"magic-10\" src=\"https:\/\/ae01.alicdn.com\/kf\/Sd9dc622e8b2340df8ec0a339905338742.jpg?width=790&amp;height=1295&amp;hash=2085\" slate-data-type=\"image\"\/><\/div>\n<div><img decoding=\"async\" class=\"magic-10\" src=\"https:\/\/ae01.alicdn.com\/kf\/S5fdce5ab38944e35b6295e13fb2cf986u.jpg?width=790&amp;height=1082&amp;hash=1872\" slate-data-type=\"image\"\/><\/div>\n<\/div>\n<\/div>\n<div>\n<div>\n<div>\n<div>\n<div>\n<div><img decoding=\"async\" class=\"magic-12\" src=\"https:\/\/ae01.alicdn.com\/kf\/Sec8966b982f64bc7889b4d9c34c22077c.jpg?width=790&amp;height=1476&amp;hash=2266\" slate-data-type=\"image\"\/><\/div>\n<\/div>\n<\/div>\n<\/div>\n<\/div>\n<\/div>\n<div>\n<div>\n<div>\n<div>\n<div>\n<div><img decoding=\"async\" class=\"magic-14\" src=\"https:\/\/ae01.alicdn.com\/kf\/Sd3df9ad16aae43a58d0288129e1d58a7f.jpg?width=790&amp;height=1314&amp;hash=2104\" slate-data-type=\"image\"\/><\/div>\n<\/div>\n<\/div>\n<\/div>\n<\/div>\n<\/div>\n<div>\n<div>\n<div>\n<div>\n<div>\n<div><img decoding=\"async\" class=\"magic-16\" src=\"https:\/\/ae01.alicdn.com\/kf\/Sb76cedb813984b2ca16213b4f1916763N.jpg?width=790&amp;height=980&amp;hash=1770\" slate-data-type=\"image\"\/><\/div>\n<\/div>\n<\/div>\n<\/div>\n<\/div>\n<\/div>\n<div>\n<div>\n<div>\n<div>\n<div>\n<div><img decoding=\"async\" class=\"magic-18\" src=\"https:\/\/ae01.alicdn.com\/kf\/Sff9cdba6c173432080f0ac9574dbcce4p.jpg?width=790&amp;height=732&amp;hash=1522\" slate-data-type=\"image\"\/><\/div>\n<\/div>\n<\/div>\n<\/div>\n<\/div>\n<\/div>\n<div>\n<div>\n<div>\n<div>\n<div>\n<div><img decoding=\"async\" class=\"magic-20\" src=\"https:\/\/ae01.alicdn.com\/kf\/Sfa12f2355d85417eb375fb0d92d5964et.jpg?width=790&amp;height=931&amp;hash=1721\" slate-data-type=\"image\"\/><\/div>\n<\/div>\n<\/div>\n<\/div>\n<\/div>\n<\/div>\n<div>\n<div>\n<div>\n<div>\n<div>\n<div><img decoding=\"async\" class=\"magic-22\" src=\"https:\/\/ae01.alicdn.com\/kf\/S0b6226f6d3004a72bc9e7a2372b5b70aH.jpg?width=790&amp;height=648&amp;hash=1438\" slate-data-type=\"image\"\/><\/div>\n<\/div>\n<\/div>\n<\/div>\n<\/div>\n<\/div>\n<div>\n<div>\n<div>\n<div>\n<div>\n<div><img decoding=\"async\" class=\"magic-24\" src=\"https:\/\/ae01.alicdn.com\/kf\/S33955e4bb8d74e20b1d4647021977980s.jpg?width=790&amp;height=891&amp;hash=1681\" slate-data-type=\"image\"\/><\/div>\n<\/div>\n<\/div>\n<\/div>\n<\/div>\n<\/div>\n<div>\n<div>\n<div>\n<div>\n<div>\n<div><img decoding=\"async\" class=\"magic-26\" src=\"https:\/\/ae01.alicdn.com\/kf\/S218b5d242d2e47409acdb2682685d7der.jpg?width=790&amp;height=816&amp;hash=1606\" slate-data-type=\"image\"\/><\/div>\n<\/div>\n<\/div>\n<\/div>\n<\/div>\n<\/div>\n<div>\n<div>\n<div>\n<div>\n<div>\n<div><img decoding=\"async\" class=\"magic-28\" src=\"https:\/\/ae01.alicdn.com\/kf\/S523f1cbc01274f0ca0197ede71dfb2661.jpg?width=790&amp;height=797&amp;hash=1587\" slate-data-type=\"image\"\/><\/div>\n<\/div>\n<\/div>\n<\/div>\n<\/div>\n<\/div>\n<div>\n<div>\n<div>\n<div>\n<div>\n<div><a target=\"_blank\" href=\"\" class=\"\"><img decoding=\"async\" class=\"magic-30\" src=\"https:\/\/ae01.alicdn.com\/kf\/Sd8d385583f664bd3a26eb3c16d6c888fW.jpg?width=750&amp;height=121&amp;hash=871\" slate-data-type=\"image\"\/><\/a><\/div>\n<\/div>\n<\/div>\n<\/div>\n<\/div>\n<\/div>\n<div>\n<div id=\"ali-anchor-AliMagic-dcs86g\">Sertifik\u0101ti<\/div>\n<\/div>\n<div>\n<div>\n<div>\n<div>\n<div>\n<div><img decoding=\"async\" class=\"magic-32\" src=\"https:\/\/ae01.alicdn.com\/kf\/S87abad56deae4f3fa67b4fc50a5bcbdcv.jpg?width=800&amp;height=586&amp;hash=1386\" slate-data-type=\"image\"\/><\/div>\n<\/div>\n<\/div>\n<\/div>\n<\/div>\n<\/div>\n<div>\n<div id=\"ali-anchor-AliMagic-b63owg\">Izst\u0101de<\/div>\n<\/div>\n<div>\n<div>\n<div>\n<div>\n<div>\n<div><img decoding=\"async\" class=\"magic-34\" src=\"https:\/\/ae01.alicdn.com\/kf\/S6dbbefc55c824023b546fa69af1e90c1Y.jpg?width=750&amp;height=553&amp;hash=1303\" slate-data-type=\"image\"\/><\/div>\n<\/div>\n<\/div>\n<\/div>\n<\/div>\n<\/div>\n<div>\n<div id=\"ali-anchor-AliMagic-1eg3q8\">Uz\u0146\u0113muma profils<\/div>\n<\/div>\n<div>\n<div>\n<div>\n<div>\n<div>\n<div><strong>Shenzhen Kixin Electronics Co. Ltd. <\/strong>ir br\u0101\u013ca uz\u0146\u0113mums <strong>Shenzhen Huanxi Technology Co. Ltd<\/strong>, kas tika dibin\u0101ta 2006. gad\u0101. M\u0113s specializ\u0113jamies viedu elektromobilit\u0101tes produktu ra\u017eo\u0161an\u0101. HX ir rado\u0161as, aizraut\u012bgas dizaina komandas grupa, kas p\u0101rst\u0101v V\u0101ciju, ASV, \u0136\u012bnu un citas valstis ar daudzu gadu pieredzi pasaul\u0113 atz\u012btu z\u012bmolu dizain\u0101 un ra\u017eo\u0161an\u0101.<\/div>\n<\/div>\n<\/div>\n<\/div>\n<\/div>\n<\/div>\n<div>\n<div>\n<div>\n<div>\n<div>\n<div><img decoding=\"async\" class=\"magic-42\" src=\"https:\/\/ae01.alicdn.com\/kf\/S9a2fbf48d7f942cc98b474f565b9772b0.jpg?width=757&amp;height=477&amp;hash=1234\" slate-data-type=\"image\"\/><\/div>\n<\/div>\n<\/div>\n<\/div>\n<\/div>\n<\/div>\n<div>\u00a0<\/div>\n<div>\n<div>\n<div>\n<div>\n<div>\n<div><img decoding=\"async\" class=\"magic-44\" src=\"https:\/\/ae01.alicdn.com\/kf\/S4a52ffd80e0d4a159689029292a62efft.jpg?width=800&amp;height=2425&amp;hash=3225\" slate-data-type=\"image\"\/><\/div>\n<\/div>\n<\/div>\n<\/div>\n<\/div>\n<\/div>\n<div>\n<div id=\"ali-anchor-AliMagic-hgdogw\">Klientu atsauksmes<\/div>\n<\/div>\n<div>\n<div>\n<div>\n<div>\n<div>\n<div><img decoding=\"async\" class=\"magic-46\" src=\"https:\/\/ae01.alicdn.com\/kf\/Sc62bb228239f456fb9af3ede54e4b047i.jpg?width=800&amp;height=1177&amp;hash=1977\" slate-data-type=\"image\"\/><\/div>\n<\/div>\n<\/div>\n<\/div>\n<\/div>\n<\/div>\n<div>\n<div>\n<div>\n<div>\n<div>\n<div><img decoding=\"async\" class=\"magic-48\" src=\"https:\/\/ae01.alicdn.com\/kf\/S23fe420cca60454395904407b7a6d23cY.jpg?width=612&amp;height=660&amp;hash=1272\" slate-data-type=\"image\"\/><\/div>\n<div><img decoding=\"async\" class=\"magic-50\" src=\"https:\/\/ae01.alicdn.com\/kf\/S79d8203a0e904862b3fb63043893d213w.jpg?width=658&amp;height=965&amp;hash=1623\" slate-data-type=\"image\"\/><\/div>\n<div><img decoding=\"async\" class=\"magic-51\" src=\"https:\/\/ae01.alicdn.com\/kf\/S9115ab753bf7478fa4ea29cf411e8673L.jpg?width=750&amp;height=1000&amp;hash=1750\" slate-data-type=\"image\"\/><\/div>\n<\/div>\n<\/div>\n<\/div>\n<\/div>\n<\/div>\n<div>\n<div>\n<div>\n<div>\n<div>\n<div><a target=\"_blank\" href=\"\" class=\"\"><img decoding=\"async\" class=\"magic-30\" src=\"https:\/\/ae01.alicdn.com\/kf\/Sd8d385583f664bd3a26eb3c16d6c888fW.jpg?width=750&amp;height=121&amp;hash=871\" slate-data-type=\"image\"\/><\/a><\/div>\n<\/div>\n<\/div>\n<\/div>\n<\/div>\n<\/div>\n<\/div>\n<div><\/div>\n<\/div>\n<\/div>\n<p><\/p>","protected":false},"excerpt":{"rendered":"<p>Tire Size:&nbsp;10 inch Model Number:&nbsp;X9 Category:&nbsp;Two-wheel Scooter Applicable People:&nbsp;Unisex Range Per Charge:&nbsp;60-80km Charging Time:&nbsp;6-8h Voltage:&nbsp;48v Folded:&nbsp;YES Origin:&nbsp;Mainland China Power (W):&nbsp;501-1000w Place of Origin:&nbsp;Guangdong, China Brand:&nbsp;HX Model Number:&nbsp;X9 Power:&nbsp;501-1000w Voltage:&nbsp;36V, 48V<\/p>","protected":false},"featured_media":8431,"comment_status":"open","ping_status":"closed","template":"","meta":{"_acf_changed":false},"product_brand":[],"product_cat":[469],"product_tag":[],"class_list":{"0":"post-8430","1":"product","2":"type-product","3":"status-publish","4":"has-post-thumbnail","6":"product_cat-electric-city-scooters","8":"first","9":"instock","10":"shipping-taxable","11":"purchasable","12":"product-type-variable"},"acf":[],"_links":{"self":[{"href":"https:\/\/www.electricstore.eu\/lv\/wp-json\/wp\/v2\/product\/8430","targetHints":{"allow":["GET"]}}],"collection":[{"href":"https:\/\/www.electricstore.eu\/lv\/wp-json\/wp\/v2\/product"}],"about":[{"href":"https:\/\/www.electricstore.eu\/lv\/wp-json\/wp\/v2\/types\/product"}],"replies":[{"embeddable":true,"href":"https:\/\/www.electricstore.eu\/lv\/wp-json\/wp\/v2\/comments?post=8430"}],"wp:featuredmedia":[{"embeddable":true,"href":"https:\/\/www.electricstore.eu\/lv\/wp-json\/wp\/v2\/media\/8431"}],"wp:attachment":[{"href":"https:\/\/www.electricstore.eu\/lv\/wp-json\/wp\/v2\/media?parent=8430"}],"wp:term":[{"taxonomy":"product_brand","embeddable":true,"href":"https:\/\/www.electricstore.eu\/lv\/wp-json\/wp\/v2\/product_brand?post=8430"},{"taxonomy":"product_cat","embeddable":true,"href":"https:\/\/www.electricstore.eu\/lv\/wp-json\/wp\/v2\/product_cat?post=8430"},{"taxonomy":"product_tag","embeddable":true,"href":"https:\/\/www.electricstore.eu\/lv\/wp-json\/wp\/v2\/product_tag?post=8430"}],"curies":[{"name":"wp","href":"https:\/\/api.w.org\/{rel}","templated":true}]}}