{"id":8422,"date":"2025-05-19T20:30:47","date_gmt":"2025-05-19T20:30:47","guid":{"rendered":"https:\/\/electricstore.eu\/product\/uncategorized\/x9plus-max-48v-550w-15-6ah-70km\/"},"modified":"2025-05-21T05:41:29","modified_gmt":"2025-05-21T05:41:29","slug":"x9plus-max-48v-550w-15-6ah-70km","status":"publish","type":"product","link":"https:\/\/www.electricstore.eu\/lv\/p\/scooters\/electric-city-scooters\/x9plus-max-48v-550w-15-6ah-70km\/","title":{"rendered":"Kixin X9plus 550W 36V 15.6Ah 40km\/h 70km 10 collu divrite\u0146u elektriskais skrejritenis"},"content":{"rendered":"<div class=\"product-specs-list-container\">\n<ul class=\"product-specs-list util-clearfix\">\n<li class=\"product-prop line-limit-length\"><span\n                                        class=\"property-title\">Mode\u013ca numurs:&nbsp;<\/span><span\n                                        class=\"property-desc line-limit-length\">X9plus<\/span>\n                            <\/li>\n<li class=\"product-prop line-limit-length\"><span\n                                        class=\"property-title\">Kategorija:&nbsp;<\/span><span\n                                        class=\"property-desc line-limit-length\">Divrite\u0146u sk\u016bteris<\/span>\n                            <\/li>\n<li class=\"product-prop line-limit-length\"><span\n                                        class=\"property-title\">Piem\u0113rojamie cilv\u0113ki:&nbsp;<\/span><span\n                                        class=\"property-desc line-limit-length\">Unisex<\/span>\n                            <\/li>\n<li class=\"product-prop line-limit-length\"><span\n                                        class=\"property-title\">Diapazons ar vienu uzl\u0101di:&nbsp;<\/span><span\n                                        class=\"property-desc line-limit-length\">60\u201380 km<\/span>\n                            <\/li>\n<li class=\"product-prop line-limit-length\"><span\n                                        class=\"property-title\">Uzl\u0101des laiks:&nbsp;<\/span><span\n                                        class=\"property-desc line-limit-length\">6\u20138 stundas<\/span>\n                            <\/li>\n<li class=\"product-prop line-limit-length\"><span\n                                        class=\"property-title\">Spriegums:&nbsp;<\/span><span\n                                        class=\"property-desc line-limit-length\">36 V<\/span>\n                            <\/li>\n<li class=\"product-prop line-limit-length\"><span\n                                        class=\"property-title\">Saloc\u012bts:&nbsp;<\/span><span\n                                        class=\"property-desc line-limit-length\">J\u0100<\/span>\n                            <\/li>\n<li class=\"product-prop line-limit-length\"><span\n                                        class=\"property-title\">Izcelsme:&nbsp;<\/span><span\n                                        class=\"property-desc line-limit-length\">Kontinent\u0101l\u0101 \u0136\u012bna<\/span>\n                            <\/li>\n<li class=\"product-prop line-limit-length\"><span\n                                        class=\"property-title\">Jauda (W):&nbsp;<\/span><span\n                                        class=\"property-desc line-limit-length\">501\u20131000 W<\/span>\n                            <\/li>\n<li class=\"product-prop line-limit-length\"><span\n                                        class=\"property-title\">Izcelsmes vieta:&nbsp;<\/span><span\n                                        class=\"property-desc line-limit-length\">Guangdong, \u0136\u012bna<\/span>\n                            <\/li>\n<li class=\"product-prop line-limit-length\"><span\n                                        class=\"property-title\">Z\u012bmols:&nbsp;<\/span><span\n                                        class=\"property-desc line-limit-length\">Kixin<\/span>\n                            <\/li>\n<li class=\"product-prop line-limit-length\"><span\n                                        class=\"property-title\">Mode\u013ca numurs:&nbsp;<\/span><span\n                                        class=\"property-desc line-limit-length\">X9plus<\/span>\n                            <\/li>\n<li class=\"product-prop line-limit-length\"><span\n                                        class=\"property-title\">Uzl\u0101des laiks:&nbsp;<\/span><span\n                                        class=\"property-desc line-limit-length\">8-9h<\/span>\n                            <\/li>\n<li class=\"product-prop line-limit-length\"><span\n                                        class=\"property-title\">Salok\u0101ms:&nbsp;<\/span><span\n                                        class=\"property-desc line-limit-length\">J\u0101<\/span>\n                            <\/li>\n<li class=\"product-prop line-limit-length\"><span\n                                        class=\"property-title\">Diapazons ar vienu uzl\u0101di:&nbsp;<\/span><span\n                                        class=\"property-desc line-limit-length\">70km<\/span>\n                            <\/li>\n<li class=\"product-prop line-limit-length\"><span\n                                        class=\"property-title\">Maksim\u0101lais \u0101trums:&nbsp;<\/span><span\n                                        class=\"property-desc line-limit-length\">31\u201340 km\/h<\/span>\n                            <\/li>\n<li class=\"product-prop line-limit-length\"><span\n                                        class=\"property-title\">Kategorija:&nbsp;<\/span><span\n                                        class=\"property-desc line-limit-length\">Divrite\u0146u sk\u016bteris<\/span>\n                            <\/li>\n<li class=\"product-prop line-limit-length\"><span\n                                        class=\"property-title\">Piem\u0113rojams p\u016blim:&nbsp;<\/span><span\n                                        class=\"property-desc line-limit-length\">Unisex<\/span>\n                            <\/li>\n<li class=\"product-prop line-limit-length\"><span\n                                        class=\"property-title\">Viedais tips:&nbsp;<\/span><span\n                                        class=\"property-desc line-limit-length\">Electronic, Portable<\/span>\n                            <\/li>\n<li class=\"product-prop line-limit-length\"><span\n                                        class=\"property-title\">Akumulatora ietilp\u012bba:&nbsp;<\/span><span\n                                        class=\"property-desc line-limit-length\">36V-15.6AH<\/span>\n                            <\/li>\n<li class=\"product-prop line-limit-length\"><span\n                                        class=\"property-title\">Patent\u0113ts produkts:&nbsp;<\/span><span\n                                        class=\"property-desc line-limit-length\">N\u0112<\/span>\n                            <\/li>\n<li class=\"product-prop line-limit-length\"><span\n                                        class=\"property-title\">Produkta nosaukums:&nbsp;<\/span><span\n                                        class=\"property-desc line-limit-length\">Kixin X9plus folding Electric Scooter for Adult<\/span>\n                            <\/li>\n<li class=\"product-prop line-limit-length\"><span\n                                        class=\"property-title\">Maksim\u0101lais \u0101trums:&nbsp;<\/span><span\n                                        class=\"property-desc line-limit-length\">40km\/h<\/span>\n                            <\/li>\n<li class=\"product-prop line-limit-length\"><span\n                                        class=\"property-title\">Akumulators:&nbsp;<\/span><span\n                                        class=\"property-desc line-limit-length\">36V 15.6Ah<\/span>\n                            <\/li>\n<li class=\"product-prop line-limit-length\"><span\n                                        class=\"property-title\">Diapazons:&nbsp;<\/span><span\n                                        class=\"property-desc line-limit-length\">70 km<\/span>\n                            <\/li>\n<li class=\"product-prop line-limit-length\"><span\n                                        class=\"property-title\">Motora jauda:&nbsp;<\/span><span\n                                        class=\"property-desc line-limit-length\">500 W<\/span>\n                            <\/li>\n<li class=\"product-prop line-limit-length\"><span\n                                        class=\"property-title\">Riepas:&nbsp;<\/span><span\n                                        class=\"property-desc line-limit-length\">10 Inch  wheels<\/span>\n                            <\/li>\n<li class=\"product-prop line-limit-length\"><span\n                                        class=\"property-title\">Sertifik\u0101cija:&nbsp;<\/span><span\n                                        class=\"property-desc line-limit-length\">CE\/FCC\/ROHS<\/span>\n                            <\/li>\n<li class=\"product-prop line-limit-length\"><span\n                                        class=\"property-title\">Brem\u017eu sist\u0113ma:&nbsp;<\/span><span\n                                        class=\"property-desc line-limit-length\">E-ABS anti-lock electronic brake, double disc brake, pedal brake<\/span>\n                            <\/li>\n<li class=\"product-prop line-limit-length\"><span\n                                        class=\"property-title\">Kalnu k\u0101p\u0161ana:&nbsp;<\/span><span\n                                        class=\"property-desc line-limit-length\">25\u00b0<\/span>\n                            <\/li>\n<li class=\"product-prop line-limit-length\"><span\n                                        class=\"property-title\">Sertifik\u0101ts:&nbsp;<\/span><span\n                                        class=\"property-desc line-limit-length\"><\/span>\n                            <\/li>\n<\/ul><\/div>\n<div class=\"detailmodule_html\">\n<div class=\"detail-desc-decorate-richtext\">\n<div id=\"detail_decorate_root\">\n<div>\u00a0<\/div>\n<div>\n<div id=\"ali-anchor-AliMagic-u6ee3c\">Specifik\u0101cija<\/div>\n<\/div>\n<div>\n<div>\n<table style=\"border-collapse:collapse\" class=\"has-title all magic-1\">\n<tbody>\n<tr>\n<td rowspan=\"1\" colspan=\"1\">\n<div>prece<\/div>\n<\/td>\n<td rowspan=\"1\" colspan=\"1\">\n<div>v\u0113rt\u012bba<\/div>\n<\/td>\n<\/tr>\n<tr>\n<td rowspan=\"1\" colspan=\"1\">\n<div>Salok\u0101ms<\/div>\n<\/td>\n<td rowspan=\"1\" colspan=\"1\">\n<div>J\u0101<\/div>\n<\/td>\n<\/tr>\n<tr>\n<td rowspan=\"1\" colspan=\"1\">\n<div>Diapazons ar vienu uzl\u0101di<\/div>\n<\/td>\n<td rowspan=\"1\" colspan=\"1\">\n<div>70km<\/div>\n<\/td>\n<\/tr>\n<tr>\n<td rowspan=\"1\" colspan=\"1\">\n<div>Maksim\u0101lais \u0101trums<\/div>\n<\/td>\n<td rowspan=\"1\" colspan=\"1\">\n<div>&lt; 40km\/h<\/div>\n<\/td>\n<\/tr>\n<tr>\n<td rowspan=\"1\" colspan=\"1\">\n<div>Izcelsmes vieta<\/div>\n<\/td>\n<td rowspan=\"1\" colspan=\"1\">\n<div>\u0136\u012bna<\/div>\n<\/td>\n<\/tr>\n<tr>\n<td rowspan=\"1\" colspan=\"1\">\n<div>\u00a0<\/div>\n<\/td>\n<td rowspan=\"1\" colspan=\"1\">\n<div>Guangdong<\/div>\n<\/td>\n<\/tr>\n<tr>\n<td rowspan=\"1\" colspan=\"1\">\n<div>Viedais tips<\/div>\n<\/td>\n<td rowspan=\"1\" colspan=\"1\">\n<div>Elektronisks<\/div>\n<\/td>\n<\/tr>\n<tr>\n<td rowspan=\"1\" colspan=\"1\">\n<div>Z\u012bmola nosaukums<\/div>\n<\/td>\n<td rowspan=\"1\" colspan=\"1\">\n<div>Kixin<\/div>\n<\/td>\n<\/tr>\n<tr>\n<td rowspan=\"1\" colspan=\"1\">\n<div>Mode\u013ca numurs<\/div>\n<\/td>\n<td rowspan=\"1\" colspan=\"1\">\n<div>Kixin X9plus<\/div>\n<\/td>\n<\/tr>\n<tr>\n<td rowspan=\"1\" colspan=\"1\">\n<div>Uzl\u0101des laiks<\/div>\n<\/td>\n<td rowspan=\"1\" colspan=\"1\">\n<div>8-9h<\/div>\n<\/td>\n<\/tr>\n<tr>\n<td rowspan=\"1\" colspan=\"1\">\n<div>Kategorija<\/div>\n<\/td>\n<td rowspan=\"1\" colspan=\"1\">\n<div>Two-wheel Electric Scooter<\/div>\n<\/td>\n<\/tr>\n<tr>\n<td rowspan=\"1\" colspan=\"1\">\n<div>Piem\u0113rojamie cilv\u0113ki<\/div>\n<\/td>\n<td rowspan=\"1\" colspan=\"1\">\n<div>Unisex<\/div>\n<\/td>\n<\/tr>\n<tr>\n<td rowspan=\"1\" colspan=\"1\">\n<div>Akumulatora ietilp\u012bba<\/div>\n<\/td>\n<td rowspan=\"1\" colspan=\"1\">\n<div>36V &#8211; 15.6Ah<\/div>\n<\/td>\n<\/tr>\n<tr>\n<td rowspan=\"1\" colspan=\"1\">\n<div>Product name<\/div>\n<\/td>\n<td rowspan=\"1\" colspan=\"1\">\n<div>Kixin X9plus folding Electric Scooter for Adult<\/div>\n<\/td>\n<\/tr>\n<tr>\n<td rowspan=\"1\" colspan=\"1\">\n<div>Motora jauda<\/div>\n<\/td>\n<td rowspan=\"1\" colspan=\"1\">\n<div>500 W<\/div>\n<\/td>\n<\/tr>\n<tr>\n<td rowspan=\"1\" colspan=\"1\">\n<div>Riepas<\/div>\n<\/td>\n<td rowspan=\"1\" colspan=\"1\">\n<div>10 Inch wheels<\/div>\n<\/td>\n<\/tr>\n<tr>\n<td rowspan=\"1\" colspan=\"1\">\n<div>Certification<\/div>\n<\/td>\n<td rowspan=\"1\" colspan=\"1\">\n<div>CE\/FCC\/ROHS<\/div>\n<\/td>\n<\/tr>\n<tr>\n<td rowspan=\"1\" colspan=\"1\">\n<div>Brake System<\/div>\n<\/td>\n<td rowspan=\"1\" colspan=\"1\">\n<div>Electronic brake and pedal brake<\/div>\n<\/td>\n<\/tr>\n<tr>\n<td rowspan=\"1\" colspan=\"1\">\n<div>Hill Climbing<\/div>\n<\/td>\n<td rowspan=\"1\" colspan=\"1\">\n<div>25<\/div>\n<\/td>\n<\/tr>\n<\/tbody>\n<\/table>\n<\/div>\n<\/div>\n<div>\n<div>\n<div><img decoding=\"async\" class=\"magic-6\" src=\"https:\/\/ae01.alicdn.com\/kf\/Sd89d8b1d2ed741458f435dda7006b203m.jpg?width=800&amp;height=235&amp;hash=1035\" slate-data-type=\"image\"\/><\/div>\n<div><img decoding=\"async\" class=\"magic-6\" src=\"https:\/\/ae01.alicdn.com\/kf\/S2b4141c4ea1a4594a9c0a20b97b4b5c5S.jpg?width=800&amp;height=781&amp;hash=1581\" slate-data-type=\"image\"\/><\/div>\n<div><img decoding=\"async\" class=\"magic-6\" src=\"https:\/\/ae01.alicdn.com\/kf\/Se2d82a17bd36462ca1a35613eddd0c88P.jpg?width=800&amp;height=503&amp;hash=1303\" slate-data-type=\"image\"\/><\/div>\n<div><img decoding=\"async\" class=\"magic-6\" src=\"https:\/\/ae01.alicdn.com\/kf\/S9ce7cfa5d5204ad597ae5533dc372607v.jpg?width=800&amp;height=850&amp;hash=1650\" slate-data-type=\"image\"\/><\/div>\n<div><img decoding=\"async\" class=\"magic-6\" src=\"https:\/\/ae01.alicdn.com\/kf\/Sdb00bf25ed48402895a9b62c1d60c197z.jpg?width=800&amp;height=800&amp;hash=1600\" slate-data-type=\"image\"\/><\/div>\n<div><img decoding=\"async\" class=\"magic-6\" src=\"https:\/\/ae01.alicdn.com\/kf\/S37af4b2b667a45ef94699d3921011b15E.jpg?width=800&amp;height=800&amp;hash=1600\" slate-data-type=\"image\"\/><\/div>\n<div><img decoding=\"async\" class=\"magic-6\" src=\"https:\/\/ae01.alicdn.com\/kf\/Sd3bd003751cf4ff193e4a6aba29960eaK.jpg?width=790&amp;height=816&amp;hash=1606\" slate-data-type=\"image\"\/><\/div>\n<div><img decoding=\"async\" class=\"magic-6\" src=\"https:\/\/ae01.alicdn.com\/kf\/S368c437a0805460e81e8bb0ddc2dd902w.jpg?width=790&amp;height=891&amp;hash=1681\" slate-data-type=\"image\"\/><\/div>\n<div><img decoding=\"async\" class=\"magic-6\" src=\"https:\/\/ae01.alicdn.com\/kf\/Sdaddf8531d3347fdb7bef8003780729dH.jpg?width=790&amp;height=797&amp;hash=1587\" slate-data-type=\"image\"\/><\/div>\n<div><img decoding=\"async\" class=\"magic-6\" src=\"https:\/\/ae01.alicdn.com\/kf\/Sfca15b3ce439485ea9d32e83d13e0c413.jpg?width=790&amp;height=1431&amp;hash=2221\" slate-data-type=\"image\"\/><\/div>\n<\/div>\n<\/div>\n<div>\n<div>\n<div>\n<div>\n<div>\n<div><img decoding=\"async\" class=\"magic-9\" src=\"https:\/\/ae01.alicdn.com\/kf\/S0d9dce6f77fa45b8baad23d0dfa976abU.jpg?width=750&amp;height=230&amp;hash=980\" slate-data-type=\"image\"\/><\/div>\n<\/div>\n<\/div>\n<\/div>\n<\/div>\n<\/div>\n<div>\n<div>\n<div>\n<div>\n<div>\n<div><img decoding=\"async\" class=\"magic-11\" src=\"https:\/\/ae01.alicdn.com\/kf\/Sdf4934baeec7406e89ce02691907a8efu.jpg?width=790&amp;height=1228&amp;hash=2018\" slate-data-type=\"image\"\/><\/div>\n<\/div>\n<\/div>\n<\/div>\n<\/div>\n<\/div>\n<div>\n<div>\n<div>\n<div>\n<div>\n<div><img decoding=\"async\" class=\"magic-13\" src=\"https:\/\/ae01.alicdn.com\/kf\/Sc26c9d8d2a114e43a45fb1a0cef8f8e0m.jpg?width=612&amp;height=660&amp;hash=1272\" slate-data-type=\"image\"\/><\/div>\n<\/div>\n<\/div>\n<\/div>\n<\/div>\n<\/div>\n<div>\n<div>\n<div>\n<div>\n<div>\n<div><img decoding=\"async\" class=\"magic-15\" src=\"https:\/\/ae01.alicdn.com\/kf\/S38515ae9b61e4c1e9d561f57f5ae0cfe4.jpg?width=720&amp;height=720&amp;hash=1440\" slate-data-type=\"image\"\/><\/div>\n<\/div>\n<\/div>\n<\/div>\n<\/div>\n<\/div>\n<div>\n<div>\n<div>\n<div>\n<div>\n<div><img decoding=\"async\" class=\"magic-17\" src=\"https:\/\/ae01.alicdn.com\/kf\/S6ab6da53b5d04e4a9bc7f9322c2d28f60.jpg?width=539&amp;height=720&amp;hash=1259\" slate-data-type=\"image\"\/><\/div>\n<\/div>\n<\/div>\n<\/div>\n<\/div>\n<\/div>\n<div>\n<div>\n<div>\n<div>\n<div>\n<div><img decoding=\"async\" class=\"magic-19\" src=\"https:\/\/ae01.alicdn.com\/kf\/Se0c096e1bde5416e9a9525157b6c1cfbF.jpg?width=750&amp;height=121&amp;hash=871\" slate-data-type=\"image\"\/><\/div>\n<\/div>\n<\/div>\n<\/div>\n<\/div>\n<\/div>\n<div>\u00a0<\/div>\n<div>\n<div>\n<div>\n<div>\n<div>\n<div><img decoding=\"async\" class=\"magic-23\" src=\"https:\/\/ae01.alicdn.com\/kf\/Seffe0af646164c8bb33f38a96a1bebc6x.jpg?width=800&amp;height=2308&amp;hash=3108\" slate-data-type=\"image\"\/><\/div>\n<\/div>\n<\/div>\n<\/div>\n<\/div>\n<\/div>\n<div>\n<div>\n<div>\n<div>\n<div>\n<div><img decoding=\"async\" class=\"magic-25\" src=\"https:\/\/ae01.alicdn.com\/kf\/Sc871db18893742888b19091201c1cb52X.jpg?width=800&amp;height=586&amp;hash=1386\" slate-data-type=\"image\"\/><\/div>\n<\/div>\n<\/div>\n<\/div>\n<\/div>\n<\/div>\n<div>\n<div>\n<div>\n<div>\n<div>\n<div><img decoding=\"async\" class=\"magic-27\" src=\"https:\/\/ae01.alicdn.com\/kf\/S842d7cd425b9484e82b8343052778804S.jpg?width=750&amp;height=838&amp;hash=1588\" slate-data-type=\"image\"\/><\/div>\n<\/div>\n<\/div>\n<\/div>\n<\/div>\n<\/div>\n<div>\n<div>\n<div>\n<div>\n<div>\n<div><img decoding=\"async\" class=\"magic-29\" src=\"https:\/\/ae01.alicdn.com\/kf\/Scbe2888f1bc749d4b80efb4dd0c79ffbx.jpg?width=800&amp;height=928&amp;hash=1728\" slate-data-type=\"image\"\/><\/div>\n<\/div>\n<\/div>\n<\/div>\n<\/div>\n<\/div>\n<div>\n<div>\n<div>\n<div>\n<div>\n<div><img decoding=\"async\" class=\"magic-19\" src=\"https:\/\/ae01.alicdn.com\/kf\/Se0c096e1bde5416e9a9525157b6c1cfbF.jpg?width=750&amp;height=121&amp;hash=871\" slate-data-type=\"image\"\/><\/div>\n<\/div>\n<\/div>\n<\/div>\n<\/div>\n<\/div>\n<\/div>\n<div><\/div>\n<\/div>\n<\/div>\n<p><\/p>","protected":false},"excerpt":{"rendered":"<p>Model Number:&nbsp;X9plus Category:&nbsp;Two-wheel Scooter Applicable People:&nbsp;Unisex Range Per Charge:&nbsp;60-80km Charging Time:&nbsp;6-8h Voltage:&nbsp;36v Folded:&nbsp;YES Origin:&nbsp;Mainland China Power (W):&nbsp;501-1000w Place of Origin:&nbsp;Guangdong, China Brand:&nbsp;Kixin Model Number:&nbsp;X9plus Charging Time:&nbsp;8-9h Foldable:&nbsp;Yes Range Per Charge:&nbsp;70km<\/p>","protected":false},"featured_media":8424,"comment_status":"open","ping_status":"closed","template":"","meta":{"_acf_changed":false},"product_brand":[],"product_cat":[469],"product_tag":[],"class_list":{"0":"post-8422","1":"product","2":"type-product","3":"status-publish","4":"has-post-thumbnail","6":"product_cat-electric-city-scooters","8":"first","9":"instock","10":"shipping-taxable","11":"purchasable","12":"product-type-variable"},"acf":[],"_links":{"self":[{"href":"https:\/\/www.electricstore.eu\/lv\/wp-json\/wp\/v2\/product\/8422","targetHints":{"allow":["GET"]}}],"collection":[{"href":"https:\/\/www.electricstore.eu\/lv\/wp-json\/wp\/v2\/product"}],"about":[{"href":"https:\/\/www.electricstore.eu\/lv\/wp-json\/wp\/v2\/types\/product"}],"replies":[{"embeddable":true,"href":"https:\/\/www.electricstore.eu\/lv\/wp-json\/wp\/v2\/comments?post=8422"}],"wp:featuredmedia":[{"embeddable":true,"href":"https:\/\/www.electricstore.eu\/lv\/wp-json\/wp\/v2\/media\/8424"}],"wp:attachment":[{"href":"https:\/\/www.electricstore.eu\/lv\/wp-json\/wp\/v2\/media?parent=8422"}],"wp:term":[{"taxonomy":"product_brand","embeddable":true,"href":"https:\/\/www.electricstore.eu\/lv\/wp-json\/wp\/v2\/product_brand?post=8422"},{"taxonomy":"product_cat","embeddable":true,"href":"https:\/\/www.electricstore.eu\/lv\/wp-json\/wp\/v2\/product_cat?post=8422"},{"taxonomy":"product_tag","embeddable":true,"href":"https:\/\/www.electricstore.eu\/lv\/wp-json\/wp\/v2\/product_tag?post=8422"}],"curies":[{"name":"wp","href":"https:\/\/api.w.org\/{rel}","templated":true}]}}