{"id":8415,"date":"2025-05-19T20:30:44","date_gmt":"2025-05-19T20:30:44","guid":{"rendered":"https:\/\/electricstore.eu\/product\/uncategorized\/hx-x7-foldable-electric-scooter-36v-5ah\/"},"modified":"2025-05-21T05:41:29","modified_gmt":"2025-05-21T05:41:29","slug":"hx-x7-foldable-electric-scooter-36v-5ah","status":"publish","type":"product","link":"https:\/\/www.electricstore.eu\/lv\/p\/scooters\/electric-city-scooters\/hx-x7-foldable-electric-scooter-36v-5ah\/","title":{"rendered":"HX X7 350W 36V 5Ah 25km\/h 40-60km 10 collu salok\u0101ms elektriskais skrejritenis"},"content":{"rendered":"<div class=\"product-specs-list-container\">\n<ul class=\"product-specs-list util-clearfix\">\n<li class=\"product-prop line-limit-length\"><span\n                                        class=\"property-title\">Riepu izm\u0113rs:&nbsp;<\/span><span\n                                        class=\"property-desc line-limit-length\">10 collas<\/span>\n                            <\/li>\n<li class=\"product-prop line-limit-length\"><span\n                                        class=\"property-title\">Mode\u013ca numurs:&nbsp;<\/span><span\n                                        class=\"property-desc line-limit-length\">X7<\/span>\n                            <\/li>\n<li class=\"product-prop line-limit-length\"><span\n                                        class=\"property-title\">Kategorija:&nbsp;<\/span><span\n                                        class=\"property-desc line-limit-length\">Divrite\u0146u sk\u016bteris<\/span>\n                            <\/li>\n<li class=\"product-prop line-limit-length\"><span\n                                        class=\"property-title\">Piem\u0113rojamie cilv\u0113ki:&nbsp;<\/span><span\n                                        class=\"property-desc line-limit-length\">V\u012aRIE\u0160I<\/span>\n                            <\/li>\n<li class=\"product-prop line-limit-length\"><span\n                                        class=\"property-title\">Diapazons ar vienu uzl\u0101di:&nbsp;<\/span><span\n                                        class=\"property-desc line-limit-length\">40\u201360 km<\/span>\n                            <\/li>\n<li class=\"product-prop line-limit-length\"><span\n                                        class=\"property-title\">Uzl\u0101des laiks:&nbsp;<\/span><span\n                                        class=\"property-desc line-limit-length\">6\u20138 stundas<\/span>\n                            <\/li>\n<li class=\"product-prop line-limit-length\"><span\n                                        class=\"property-title\">Spriegums:&nbsp;<\/span><span\n                                        class=\"property-desc line-limit-length\">36 V<\/span>\n                            <\/li>\n<li class=\"product-prop line-limit-length\"><span\n                                        class=\"property-title\">Saloc\u012bts:&nbsp;<\/span><span\n                                        class=\"property-desc line-limit-length\">J\u0100<\/span>\n                            <\/li>\n<li class=\"product-prop line-limit-length\"><span\n                                        class=\"property-title\">Izcelsme:&nbsp;<\/span><span\n                                        class=\"property-desc line-limit-length\">Kontinent\u0101l\u0101 \u0136\u012bna<\/span>\n                            <\/li>\n<li class=\"product-prop line-limit-length\"><span\n                                        class=\"property-title\">Jauda (W):&nbsp;<\/span><span\n                                        class=\"property-desc line-limit-length\">501\u20131000 W<\/span>\n                            <\/li>\n<li class=\"product-prop line-limit-length\"><span\n                                        class=\"property-title\">Z\u012bmola nosaukums:&nbsp;<\/span><span\n                                        class=\"property-desc line-limit-length\">HUANCI<\/span>\n                            <\/li>\n<li class=\"product-prop line-limit-length\"><span\n                                        class=\"property-title\">Funkcijas:&nbsp;<\/span><span\n                                        class=\"property-desc line-limit-length\">jaud\u012bgs elektriskais skrejritenis<\/span>\n                            <\/li>\n<li class=\"product-prop line-limit-length\"><span\n                                        class=\"property-title\">Specifik\u0101cijas:&nbsp;<\/span><span\n                                        class=\"property-desc line-limit-length\">elektriskais sk\u016bteris<\/span>\n                            <\/li>\n<li class=\"product-prop line-limit-length\"><span\n                                        class=\"property-title\">Lietojums:&nbsp;<\/span><span\n                                        class=\"property-desc line-limit-length\">pieaugu\u0161o elektriskie skritu\u013cd\u0113\u013ci<\/span>\n                            <\/li>\n<li class=\"product-prop line-limit-length\"><span\n                                        class=\"property-title\">Funkcijas:&nbsp;<\/span><span\n                                        class=\"property-desc line-limit-length\">elektriskie skrejrite\u0146i<\/span>\n                            <\/li>\n<li class=\"product-prop line-limit-length\"><span\n                                        class=\"property-title\">Materi\u0101ls:&nbsp;<\/span><span\n                                        class=\"property-desc line-limit-length\">Alum\u012bnija sakaus\u0113jums<\/span>\n                            <\/li>\n<li class=\"product-prop line-limit-length\"><span\n                                        class=\"property-title\">Lietojumi:&nbsp;<\/span><span\n                                        class=\"property-desc line-limit-length\">pieaugu\u0161o elektriskais skrejritenis<\/span>\n                            <\/li>\n<li class=\"product-prop line-limit-length\"><span\n                                        class=\"property-title\">K\u0101p\u0161anas sl\u012bpuma le\u0146\u0137is:&nbsp;<\/span><span\n                                        class=\"property-desc line-limit-length\">15 gr\u0101di<\/span>\n                            <\/li>\n<li class=\"product-prop line-limit-length\"><span\n                                        class=\"property-title\">Motors:&nbsp;<\/span><span\n                                        class=\"property-desc line-limit-length\">350 W bezsuku<\/span>\n                            <\/li>\n<li class=\"product-prop line-limit-length\"><span\n                                        class=\"property-title\">Motora piedzi\u0146a:&nbsp;<\/span><span\n                                        class=\"property-desc line-limit-length\">Priek\u0161\u0113jo rite\u0146u piedzi\u0146a<\/span>\n                            <\/li>\n<li class=\"product-prop line-limit-length\"><span\n                                        class=\"property-title\">Saloc\u012b\u0161anas veids:&nbsp;<\/span><span\n                                        class=\"property-desc line-limit-length\">3 sekundes \u0101tri salieciet<\/span>\n                            <\/li>\n<li class=\"product-prop line-limit-length\"><span\n                                        class=\"property-title\">\u016adensnecaurlaid\u012bbas l\u012bmenis:&nbsp;<\/span><span\n                                        class=\"property-desc line-limit-length\">IP54<\/span>\n                            <\/li>\n<li class=\"product-prop line-limit-length\"><span\n                                        class=\"property-title\">Sertifik\u0101ts:&nbsp;<\/span><span\n                                        class=\"property-desc line-limit-length\"><\/span>\n                            <\/li>\n<\/ul><\/div>\n<div class=\"detailmodule_html\">\n<div class=\"detail-desc-decorate-richtext\">\n<p><strong><span style=\"font-size:22px\">HX X7 350W salok\u0101ms elektriskais skrejritenis ar 10 collu riep\u0101m, pieaugu\u0161o e-skrejritenis, 36V, 5AH, elektriskais skrejritenis, maksim\u0101lais \u0101trums 25KM\/HE skrejritenis<\/span><\/strong><\/p>\n<p><strong><span style=\"font-size:18px\">Par pieg\u0101di:<\/span><\/strong><\/p>\n<p><span style=\"font-size:18px\">Krievija\/apm\u0113ram 30 dienas.<\/span><\/p>\n<p><span style=\"font-size:18px\">Dienvidkoreja\/Jap\u0101na apm\u0113ram 15 dienas.<\/span><\/p>\n<p><span style=\"font-size:18px\">Taizeme un Vjetnama apm\u0113ram 15 dienas.<\/span><\/p>\n<p><span style=\"font-size:18px\">Kan\u0101d\u0101 apm\u0113ram 50 dienas.<\/span><\/p>\n<p><span style=\"font-size:18px\">ES valst\u012bs 3\u20137 dienas.<\/span><\/p>\n<p><span style=\"font-size:18px\">Meksika apm\u0113ram 50 dienas.<\/span><\/p>\n<p><span style=\"font-size:18px\">Amerikas Savienot\u0101s Valstis 30\u201340 dienas.<\/span><\/p>\n<p><strong><span style=\"font-size:18px\">Funkcijas:<\/span><\/strong><\/p>\n<p><span style=\"font-size:18px\">350 W bezsuku motors<\/span><\/p>\n<p><span style=\"font-size:18px\">36 V 5 Ah jaud\u012bgs akumulators<\/span><\/p>\n<p><span style=\"font-size:18px\">Akumulatora nobraukums L\u012bdz 25 km<\/span><\/p>\n<p><span style=\"font-size:18px\">3 \u0101truma re\u017e\u012bmi, maksim\u0101lais \u0101trums l\u012bdz 25 km\/h<\/span><\/p>\n<p><span style=\"font-size:18px\">K\u0101p\u0161anas sl\u012bpuma le\u0146\u0137is l\u012bdz 15 gr\u0101diem<\/span><\/p>\n<p><span style=\"font-size:18px\">10 collu doba riepa<\/span><img fetchpriority=\"high\" decoding=\"async\" width=\"944\" height=\"708\" src=\"https:\/\/ae01.alicdn.com\/kf\/S1bd41f095d804b769add10ed0045eea1Z.jpg?width=1400&amp;height=1050&amp;hash=2450\" slate-data-type=\"image\"\/><img decoding=\"async\" src=\"https:\/\/ae01.alicdn.com\/kf\/S07cfef17a5df4668ba6b2838236fe691q.jpg?width=1400&amp;height=1050&amp;hash=2450\" slate-data-type=\"image\"\/><img decoding=\"async\" src=\"https:\/\/ae01.alicdn.com\/kf\/See8cf87f986248d8a7c8e6fdd7539f3bB.jpg?width=1400&amp;height=1050&amp;hash=2450\" slate-data-type=\"image\"\/><img decoding=\"async\" src=\"https:\/\/ae01.alicdn.com\/kf\/S29221cacd4ce45ea86094ab906ff1e524.jpg?width=1400&amp;height=1050&amp;hash=2450\" slate-data-type=\"image\"\/><img decoding=\"async\" src=\"https:\/\/ae01.alicdn.com\/kf\/Sef9012c3e93f4188a15bc83cbea52e20T.jpg?width=1400&amp;height=1050&amp;hash=2450\" slate-data-type=\"image\"\/><img decoding=\"async\" src=\"https:\/\/ae01.alicdn.com\/kf\/Sa7745e8db8b840a095b045bb5393c1567.jpg?width=1400&amp;height=1050&amp;hash=2450\" slate-data-type=\"image\"\/><img decoding=\"async\" src=\"https:\/\/ae01.alicdn.com\/kf\/S6bf41facb93641d884852e86cb446ce3n.jpg?width=1400&amp;height=1050&amp;hash=2450\" slate-data-type=\"image\"\/><img decoding=\"async\" src=\"https:\/\/ae01.alicdn.com\/kf\/S368374f34a81400992ed0411edadc518Q.jpg?width=1400&amp;height=1050&amp;hash=2450\" slate-data-type=\"image\"\/><img decoding=\"async\" src=\"https:\/\/ae01.alicdn.com\/kf\/S6b34a3b963604a7bbeeea6955ff5ad9bM.jpg?width=1400&amp;height=1050&amp;hash=2450\" slate-data-type=\"image\"\/><img decoding=\"async\" src=\"https:\/\/ae01.alicdn.com\/kf\/S68ea25433e1f4f0f86726d14dc550b7ap.jpg?width=1400&amp;height=1050&amp;hash=2450\" slate-data-type=\"image\"\/><img decoding=\"async\" src=\"https:\/\/ae01.alicdn.com\/kf\/S97095a545a7b4d21a47cbabaf6d98a9bQ.jpg?width=1400&amp;height=1050&amp;hash=2450\" slate-data-type=\"image\"\/><img decoding=\"async\" src=\"https:\/\/ae01.alicdn.com\/kf\/Se06d82b7bce441a9a39cba9df4a65f79Y.jpg?width=1400&amp;height=1050&amp;hash=2450\" slate-data-type=\"image\"\/><\/p>\n<div><\/div>\n<\/div>\n<\/div>\n<p><\/p>","protected":false},"excerpt":{"rendered":"<p>Tire Size:&nbsp;10 inch Model Number:&nbsp;X7 Category:&nbsp;Two-wheel Scooter Applicable People:&nbsp;MEN Range Per Charge:&nbsp;40-60km Charging Time:&nbsp;6-8h Voltage:&nbsp;36v Folded:&nbsp;YES Origin:&nbsp;Mainland China Power (W):&nbsp;501-1000w Brand Name:&nbsp;HUANCI Features:&nbsp;powerful electric scooter Specifications:&nbsp;scooter electric Usages:&nbsp;adult electric skateboards<\/p>","protected":false},"featured_media":8417,"comment_status":"open","ping_status":"closed","template":"","meta":{"_acf_changed":false},"product_brand":[],"product_cat":[469],"product_tag":[],"class_list":{"0":"post-8415","1":"product","2":"type-product","3":"status-publish","4":"has-post-thumbnail","6":"product_cat-electric-city-scooters","8":"first","9":"instock","10":"shipping-taxable","11":"purchasable","12":"product-type-variable"},"acf":[],"_links":{"self":[{"href":"https:\/\/www.electricstore.eu\/lv\/wp-json\/wp\/v2\/product\/8415","targetHints":{"allow":["GET"]}}],"collection":[{"href":"https:\/\/www.electricstore.eu\/lv\/wp-json\/wp\/v2\/product"}],"about":[{"href":"https:\/\/www.electricstore.eu\/lv\/wp-json\/wp\/v2\/types\/product"}],"replies":[{"embeddable":true,"href":"https:\/\/www.electricstore.eu\/lv\/wp-json\/wp\/v2\/comments?post=8415"}],"wp:featuredmedia":[{"embeddable":true,"href":"https:\/\/www.electricstore.eu\/lv\/wp-json\/wp\/v2\/media\/8417"}],"wp:attachment":[{"href":"https:\/\/www.electricstore.eu\/lv\/wp-json\/wp\/v2\/media?parent=8415"}],"wp:term":[{"taxonomy":"product_brand","embeddable":true,"href":"https:\/\/www.electricstore.eu\/lv\/wp-json\/wp\/v2\/product_brand?post=8415"},{"taxonomy":"product_cat","embeddable":true,"href":"https:\/\/www.electricstore.eu\/lv\/wp-json\/wp\/v2\/product_cat?post=8415"},{"taxonomy":"product_tag","embeddable":true,"href":"https:\/\/www.electricstore.eu\/lv\/wp-json\/wp\/v2\/product_tag?post=8415"}],"curies":[{"name":"wp","href":"https:\/\/api.w.org\/{rel}","templated":true}]}}