{"id":8401,"date":"2025-05-19T20:30:33","date_gmt":"2025-05-19T20:30:33","guid":{"rendered":"https:\/\/electricstore.eu\/product\/uncategorized\/humsienk-lifepo4-lithium-battery-24v-100ah\/"},"modified":"2025-05-20T13:37:37","modified_gmt":"2025-05-20T13:37:37","slug":"humsienk-lifepo4-lithium-battery-24v-100ah","status":"publish","type":"product","link":"https:\/\/www.electricstore.eu\/lv\/p\/batteries\/lifepo4-batteries\/100-200ah-lifepo4-batteries\/humsienk-lifepo4-lithium-battery-24v-100ah\/","title":{"rendered":"Humsienk 100Ah 24V LiFePO4 akumulators"},"content":{"rendered":"<div class=\"product-specs-list-container\">\n<ul class=\"product-specs-list util-clearfix\">\n<li class=\"product-prop line-limit-length\"><span\n                                        class=\"property-title\">Augstas ba\u017eas izraiso\u0161a \u0137\u012bmiska viela:&nbsp;<\/span><span\n                                        class=\"property-desc line-limit-length\">Neviens<\/span>\n                            <\/li>\n<li class=\"product-prop line-limit-length\"><span\n                                        class=\"property-title\">Nomin\u0101l\u0101 ietilp\u012bba:&nbsp;<\/span><span\n                                        class=\"property-desc line-limit-length\">100 Ah<\/span>\n                            <\/li>\n<li class=\"product-prop line-limit-length\"><span\n                                        class=\"property-title\">Svars:&nbsp;<\/span><span\n                                        class=\"property-desc line-limit-length\">44,0 m\u0101rci\u0146as \/ 19,96 kg<\/span>\n                            <\/li>\n<li class=\"product-prop line-limit-length\"><span\n                                        class=\"property-title\">Spriegums:&nbsp;<\/span><span\n                                        class=\"property-desc line-limit-length\">24 V<\/span>\n                            <\/li>\n<li class=\"product-prop line-limit-length\"><span\n                                        class=\"property-title\">Izm\u0113rs:&nbsp;<\/span><span\n                                        class=\"property-desc line-limit-length\">21,8 x 9,4 x 11,8 collas<\/span>\n                            <\/li>\n<li class=\"product-prop line-limit-length\"><span\n                                        class=\"property-title\">Pielietojums:&nbsp;<\/span><span\n                                        class=\"property-desc line-limit-length\">\u0100ra baro\u0161anas avots<\/span>\n                            <\/li>\n<li class=\"product-prop line-limit-length\"><span\n                                        class=\"property-title\">Mode\u013ca numurs:&nbsp;<\/span><span\n                                        class=\"property-desc line-limit-length\">24 V 100 Ah<\/span>\n                            <\/li>\n<li class=\"product-prop line-limit-length\"><span\n                                        class=\"property-title\">Tips:&nbsp;<\/span><span\n                                        class=\"property-desc line-limit-length\">LiFePO4<\/span>\n                            <\/li>\n<li class=\"product-prop line-limit-length\"><span\n                                        class=\"property-title\">Z\u012bmola nosaukums:&nbsp;<\/span><span\n                                        class=\"property-desc line-limit-length\">Humsienks<\/span>\n                            <\/li>\n<li class=\"product-prop line-limit-length\"><span\n                                        class=\"property-title\">Izcelsme:&nbsp;<\/span><span\n                                        class=\"property-desc line-limit-length\">Kontinent\u0101l\u0101 \u0136\u012bna<\/span>\n                            <\/li>\n<li class=\"product-prop line-limit-length\"><span\n                                        class=\"property-title\">Nomin\u0101lais spriegums:&nbsp;<\/span><span\n                                        class=\"property-desc line-limit-length\">Citi<\/span>\n                            <\/li>\n<li class=\"product-prop line-limit-length\"><span\n                                        class=\"property-title\">\u016adensiztur\u012bgs:&nbsp;<\/span><span\n                                        class=\"property-desc line-limit-length\">IP65<\/span>\n                            <\/li>\n<li class=\"product-prop line-limit-length\"><span\n                                        class=\"property-title\">Funkcijas:&nbsp;<\/span><span\n                                        class=\"property-desc line-limit-length\">P\u0101rn\u0113s\u0101jams Efekt\u012bvs Dro\u0161\u0101ks Iztur\u012bgs Videi draudz\u012bgs Daudzpus\u012bgs<\/span>\n                            <\/li>\n<\/ul><\/div>\n<p><strong><span style=\"font-size:18px;font-family:arial, helvetica, sans-serif\">A+ klases automobi\u013cu \u0161\u016bnas: <\/span><\/strong><\/p>\n<p><span style=\"font-size:18px;font-family:arial, helvetica, sans-serif\">Humsienk 24V 100AhLiFePO4 akumulators ir apr\u012bkots ar A+ klases automobi\u013cu LiFePO4 \u0161\u016bn\u0101m, kas garant\u0113 augst\u0101k\u0101 l\u012bme\u0146a dro\u0161\u012bbu, ener\u0123ijas bl\u012bvumu, jaudu un stabilit\u0101ti. \u0160is akumulators nodro\u0161ina uzticamu un ilgsto\u0161u jaudu ar minim\u0101lu pa\u0161izl\u0101des \u0101trumu tikai 3% m\u0113nes\u012b. Tam ir sp\u0113c\u012bga aizsardz\u012bba pret p\u0101rl\u0101d\u0113\u0161anu, p\u0101rm\u0113r\u012bgu izl\u0101di, p\u0101rslodzi un \u012bssavienojumiem, pied\u0101v\u0101jot sirdsmieru un uzticamu veiktsp\u0113ju.<\/span><\/p>\n<p><\/p>\n<p><strong><span style=\"font-size:18px;font-family:arial, helvetica, sans-serif\">Vied\u0101 BMS sist\u0113ma:<\/span><\/strong><\/p>\n<p><span style=\"font-size:18px;font-family:arial, helvetica, sans-serif\">Tas ir apr\u012bkots ar augstas veiktsp\u0113jas 100 A akumulatora p\u0101rvald\u012bbas sist\u0113mu (BMS), kas p\u0101rvalda uzl\u0101des un izl\u0101des ciklus, vienlaikus aizsarg\u0101jot akumulatoru no p\u0101rl\u0101d\u0113\u0161anas, p\u0101rizl\u0101des un \u012bssavienojumiem. \u0160\u012b uzlabot\u0101 BMS uzlabo gan dro\u0161\u012bbu, gan efektivit\u0101ti.<\/span><\/p>\n<p><\/p>\n<p><strong><span style=\"font-size:18px;font-family:arial, helvetica, sans-serif\">Ilgm\u016b\u017e\u012bba: <\/span><\/strong><\/p>\n<p><span style=\"font-size:18px;font-family:arial, helvetica, sans-serif\">Ar kalpo\u0161anas laiku l\u012bdz 10 gadiem un no 5000 l\u012bdz 15\u00a0000 uzl\u0101des cikliem \u0161is akumulators vis\u0101 t\u0101 kalpo\u0161anas laik\u0101 sara\u017eo kop\u0101 12\u00a0800 kWh ener\u0123ijas (2560\u00a0Wh x 5000 cikli). \u0160is ilgm\u016b\u017e\u012bba noz\u012bm\u0113 iev\u0113rojamu izmaksu ietaup\u012bjumu, nodro\u0161inot l\u012bdz pat 50% ener\u0123ijas ietaup\u012bjumu sal\u012bdzin\u0101jum\u0101 ar komun\u0101lo pakalpojumu elektrot\u012bklu.<\/span><\/p>\n<p><\/p>\n<p><strong><span style=\"font-size:18px;font-family:arial, helvetica, sans-serif\">Izmaksu zi\u0146\u0101 efekt\u012bvs: <\/span><\/strong><\/p>\n<p><span style=\"font-size:18px;font-family:arial, helvetica, sans-serif\">WattCycle 24 V 100 Ah akumulators ir ar\u012b izmaksu zi\u0146\u0101 efekt\u012bvs, pied\u0101v\u0101jot stabilu ener\u0123ijas uzkr\u0101\u0161anu kemperiem, j\u016bras vajadz\u012bb\u0101m vai lieto\u0161anai \u0101rpus t\u012bkla. Tas ir viegls, sverot tikai 20 kg.<\/span><\/p>\n<p><\/p>\n<p><strong><span style=\"font-size:18px;font-family:arial, helvetica, sans-serif\">Viegls: <\/span><\/strong><\/p>\n<p><span style=\"font-size:18px;font-family:arial, helvetica, sans-serif\">24 V 100 Ah litija akumulators sver tikai 1\/3 no sal\u012bdzin\u0101ma svina-sk\u0101bes akumulatora ar t\u0101du pa\u0161u ietilp\u012bbu, nedaudz viegl\u0101ks nek\u0101 2 WattCycle 12 V 100 Ah LiFePO4 akumulatoru iepakojumi.<\/span><\/p>\n<p><\/p>\n<p><strong><span style=\"font-size:18px;font-family:arial, helvetica, sans-serif\">Augsts ener\u0123ijas bl\u012bvums: <\/span><\/strong><\/p>\n<p><span style=\"font-size:18px;font-family:arial, helvetica, sans-serif\">Akumulatoram ir augsts ener\u0123ijas bl\u012bvums \u2014 60\u00a0Wh\/lb (2560\u00a0Wh \/ 44\u00a0lbs \u2248 58\u00a0Wh\/lb).<\/span><\/p>\n<p><\/p>\n<p><strong><span style=\"font-size:18px;font-family:arial, helvetica, sans-serif\">\u0100tr\u0101s uzl\u0101des iesp\u0113jas: <\/span><\/strong><\/p>\n<p><span style=\"font-size:18px;font-family:arial, helvetica, sans-serif\">Tas atbalsta \u0101tru uzl\u0101di, kas nodro\u0161ina \u0101tr\u0101ku apgroz\u012bjuma laiku un samazina d\u012bkst\u0101ves laiku starp lieto\u0161anas reiz\u0113m.<\/span><\/p>\n<p><img decoding=\"async\" src=\"https:\/\/ae01.alicdn.com\/kf\/S919f57880b3a4421a3befbed3acce9410.jpg\" slate-data-type=\"image\"\/><img decoding=\"async\" src=\"https:\/\/ae01.alicdn.com\/kf\/Sd5ba8ef3527a4510bc9efcf32b8eb861V.jpg\" slate-data-type=\"image\"\/><img decoding=\"async\" src=\"https:\/\/ae01.alicdn.com\/kf\/S33645654898f4b5bb389c1657e83b85ct.jpg\" slate-data-type=\"image\"\/><img decoding=\"async\" src=\"https:\/\/ae01.alicdn.com\/kf\/S3452eb79bd874b4a8e1784c7bfa4eaee0.jpg\" slate-data-type=\"image\"\/><img decoding=\"async\" src=\"https:\/\/ae01.alicdn.com\/kf\/S22323eb9d9aa4931b005adb08bee883cO.jpg\" slate-data-type=\"image\"\/><img decoding=\"async\" src=\"https:\/\/ae01.alicdn.com\/kf\/S68d6d344d5c54aa0833e3e993ed0b15c8.jpg\" slate-data-type=\"image\"\/><\/p>","protected":false},"excerpt":{"rendered":"<p>Hign-concerned Chemical:&nbsp;None Nominal Capacity:&nbsp;100Ah Weight:&nbsp;44.0 lbs \/ 19.96kg Voltage:&nbsp;24V Size:&nbsp;21.8 x 9.4 x 11.8 inches Application:&nbsp;Outdoor Power Supply Model Number:&nbsp;24V 100Ah Type:&nbsp;LiFePO4 Brand Name:&nbsp;Humsienk Origin:&nbsp;Mainland China Rated Voltage:&nbsp;Others Waterproof:&nbsp;IP65 Features:&nbsp;Portable<\/p>","protected":false},"featured_media":8402,"comment_status":"open","ping_status":"closed","template":"","meta":{"_acf_changed":false},"product_brand":[],"product_cat":[237],"product_tag":[],"class_list":{"0":"post-8401","1":"product","2":"type-product","3":"status-publish","4":"has-post-thumbnail","6":"product_cat-100-200ah-lifepo4-batteries","8":"first","9":"instock","10":"shipping-taxable","11":"purchasable","12":"product-type-simple"},"acf":[],"_links":{"self":[{"href":"https:\/\/www.electricstore.eu\/lv\/wp-json\/wp\/v2\/product\/8401","targetHints":{"allow":["GET"]}}],"collection":[{"href":"https:\/\/www.electricstore.eu\/lv\/wp-json\/wp\/v2\/product"}],"about":[{"href":"https:\/\/www.electricstore.eu\/lv\/wp-json\/wp\/v2\/types\/product"}],"replies":[{"embeddable":true,"href":"https:\/\/www.electricstore.eu\/lv\/wp-json\/wp\/v2\/comments?post=8401"}],"wp:featuredmedia":[{"embeddable":true,"href":"https:\/\/www.electricstore.eu\/lv\/wp-json\/wp\/v2\/media\/8402"}],"wp:attachment":[{"href":"https:\/\/www.electricstore.eu\/lv\/wp-json\/wp\/v2\/media?parent=8401"}],"wp:term":[{"taxonomy":"product_brand","embeddable":true,"href":"https:\/\/www.electricstore.eu\/lv\/wp-json\/wp\/v2\/product_brand?post=8401"},{"taxonomy":"product_cat","embeddable":true,"href":"https:\/\/www.electricstore.eu\/lv\/wp-json\/wp\/v2\/product_cat?post=8401"},{"taxonomy":"product_tag","embeddable":true,"href":"https:\/\/www.electricstore.eu\/lv\/wp-json\/wp\/v2\/product_tag?post=8401"}],"curies":[{"name":"wp","href":"https:\/\/api.w.org\/{rel}","templated":true}]}}