{"id":8387,"date":"2025-05-19T20:30:27","date_gmt":"2025-05-19T20:30:27","guid":{"rendered":"https:\/\/electricstore.eu\/product\/uncategorized\/humsienk-12v-200ah-2560wh\/"},"modified":"2025-05-21T05:39:57","modified_gmt":"2025-05-21T05:39:57","slug":"humsienk-12v-200ah-2560wh","status":"publish","type":"product","link":"https:\/\/www.electricstore.eu\/lv\/p\/batteries\/lifepo4-batteries\/100-200ah-lifepo4-batteries\/humsienk-12v-200ah-2560wh\/","title":{"rendered":"Humsienk 200Ah 12V LiFePO4 akumulators"},"content":{"rendered":"<div class=\"product-specs-list-container\">\n<ul class=\"product-specs-list util-clearfix\">\n<li class=\"product-prop line-limit-length\"><span\n                                        class=\"property-title\">Augstas ba\u017eas izraiso\u0161a \u0137\u012bmiska viela:&nbsp;<\/span><span\n                                        class=\"property-desc line-limit-length\">Neviens<\/span>\n                            <\/li>\n<li class=\"product-prop line-limit-length\"><span\n                                        class=\"property-title\">Nomin\u0101l\u0101 ietilp\u012bba:&nbsp;<\/span><span\n                                        class=\"property-desc line-limit-length\">200 Ah<\/span>\n                            <\/li>\n<li class=\"product-prop line-limit-length\"><span\n                                        class=\"property-title\">Svars:&nbsp;<\/span><span\n                                        class=\"property-desc line-limit-length\">45,20 m\u0101rci\u0146as \/ 20,5 kg<\/span>\n                            <\/li>\n<li class=\"product-prop line-limit-length\"><span\n                                        class=\"property-title\">Spriegums:&nbsp;<\/span><span\n                                        class=\"property-desc line-limit-length\">12,8 V<\/span>\n                            <\/li>\n<li class=\"product-prop line-limit-length\"><span\n                                        class=\"property-title\">Izm\u0113rs:&nbsp;<\/span><span\n                                        class=\"property-desc line-limit-length\">21,0 x 8,2 x 8,5 collas<\/span>\n                            <\/li>\n<li class=\"product-prop line-limit-length\"><span\n                                        class=\"property-title\">Pielietojums:&nbsp;<\/span><span\n                                        class=\"property-desc line-limit-length\">Daudzpus\u012bgs<\/span>\n                            <\/li>\n<li class=\"product-prop line-limit-length\"><span\n                                        class=\"property-title\">Mode\u013ca numurs:&nbsp;<\/span><span\n                                        class=\"property-desc line-limit-length\">12 V 200 Ah<\/span>\n                            <\/li>\n<li class=\"product-prop line-limit-length\"><span\n                                        class=\"property-title\">Tips:&nbsp;<\/span><span\n                                        class=\"property-desc line-limit-length\">LiFePO4<\/span>\n                            <\/li>\n<li class=\"product-prop line-limit-length\"><span\n                                        class=\"property-title\">Z\u012bmola nosaukums:&nbsp;<\/span><span\n                                        class=\"property-desc line-limit-length\">Humsienks<\/span>\n                            <\/li>\n<li class=\"product-prop line-limit-length\"><span\n                                        class=\"property-title\">Izcelsme:&nbsp;<\/span><span\n                                        class=\"property-desc line-limit-length\">Kontinent\u0101l\u0101 \u0136\u012bna<\/span>\n                            <\/li>\n<li class=\"product-prop line-limit-length\"><span\n                                        class=\"property-title\">Nomin\u0101lais spriegums:&nbsp;<\/span><span\n                                        class=\"property-desc line-limit-length\">Citi<\/span>\n                            <\/li>\n<li class=\"product-prop line-limit-length\"><span\n                                        class=\"property-title\">\u016adensiztur\u012bbas v\u0113rt\u0113jums:&nbsp;<\/span><span\n                                        class=\"property-desc line-limit-length\">IP65<\/span>\n                            <\/li>\n<li class=\"product-prop line-limit-length\"><span\n                                        class=\"property-title\">Garantija:&nbsp;<\/span><span\n                                        class=\"property-desc line-limit-length\">5 gadi<\/span>\n                            <\/li>\n<li class=\"product-prop line-limit-length\"><span\n                                        class=\"property-title\">Ener\u0123ija:&nbsp;<\/span><span\n                                        class=\"property-desc line-limit-length\">2560 Wh<\/span>\n                            <\/li>\n<\/ul><\/div>\n<p style=\"font-family:&quot;TT Norms Pro&quot;, &quot;Open Sans&quot;, Roboto, Arial, Helvetica, sans-serif, SimSun;font-size:14px;font-weight:400;letter-spacing:normal;line-height:inherit;text-align:start;white-space:normal;color:rgb(34, 34, 34);background-color:rgb(255, 255, 255);margin:0px;margin-bottom:0px;margin-top:0px;margin-left:0px;margin-right:0px;padding:0px;padding-bottom:0px;padding-top:0px;padding-left:0px;padding-right:0px;box-sizing:border-box\" align=\"start\"><span style=\"color:rgb(244, 78, 59);font-size:22px;font-family:arial, helvetica, sans-serif\"><strong>L\u016bdzu, \u0146emiet v\u0113r\u0101:<\/strong><\/span><\/p>\n<p style=\"font-family:&quot;TT Norms Pro&quot;, &quot;Open Sans&quot;, Roboto, Arial, Helvetica, sans-serif, SimSun;font-size:14px;font-weight:400;letter-spacing:normal;line-height:inherit;text-align:start;white-space:normal;color:rgb(34, 34, 34);background-color:rgb(255, 255, 255);margin:0px;margin-bottom:0px;margin-top:0px;margin-left:0px;margin-right:0px;padding:0px;padding-bottom:0px;padding-top:0px;padding-left:0px;padding-right:0px;box-sizing:border-box\" align=\"start\"><u><span style=\"color:rgb(244, 78, 59);font-size:22px;font-family:arial, helvetica, sans-serif\"><strong>Pa\u0161laik m\u0113s NEP\u0100RVAD\u0100JAM s\u016bt\u012bjumus uz A\u013casku, Havaju sal\u0101m un Puertoriko!!<\/strong><\/span><\/u><\/p>\n<p><\/p>\n<p><strong><span style=\"font-size:18px\">Automobi\u013cu A+ klases LiFePO4 \u0161\u016bnas: <\/span><\/strong><\/p>\n<p><span style=\"font-size:18px\">M\u016bsu baterijas ir izgatavotas no dro\u0161as, netoksiskas un videi draudz\u012bgas 100% ener\u0123ijas, kas pied\u0101v\u0101 augst\u0101ku \u0137\u012bmisko stabilit\u0101ti, garant\u0113jot kvalit\u0101ti un dro\u0161\u012bbu.<\/span><\/p>\n<p><\/p>\n<p><strong><span style=\"font-size:18px\">Ilgs kalpo\u0161anas laiks un dzi\u013ca izl\u0101de: <\/span><\/strong><\/p>\n<p><span style=\"font-size:18px\">\u0160is akumulators nodro\u0161ina 5000 l\u012bdz 15\u00a0000 ciklus ar 10 gadu kalpo\u0161anas laiku, iev\u0113rojami ilg\u0101k nek\u0101 svina-sk\u0101bes akumulatori \u2013 pat piecas reizes \u2013, vienlaikus atbalstot 100% izl\u0101des dzi\u013cuma (DOD) standartu.<\/span><\/p>\n<p><\/p>\n<p><strong><span style=\"font-size:18px\">Viegls un ar lielu ietilp\u012bbu: <\/span><\/strong><\/p>\n<p><span style=\"font-size:18px\">\u0160is akumulators, kas sver tikai 45,20 m\u0101rci\u0146as (aptuveni 20,7 kg), ir tikai 1\/3 viegl\u0101ks nek\u0101 svina-sk\u0101bes alternat\u012bvie akumulatori, un t\u0101 ener\u0123ijas bl\u012bvums ir 56,63 Wh\/m\u0101rci\u0146a (aptuveni 56,63 Wh\/m\u0101rci\u0146a). Tas ir ide\u0101li piem\u0113rots kemperiem, velc\u0113\u0161anas motoriem, j\u016bras un \u0101rpust\u012bkla lietojumiem.<\/span><\/p>\n<p><\/p>\n<p><span style=\"font-size:18px\"><strong>Augsta ener\u0123ijas jauda: <\/strong><\/span><\/p>\n<p><span style=\"font-size:18px\">Viens Humsienk 12 V 200 Ah akumulators pied\u0101v\u0101 ener\u0123ijas ekvivalentu diviem 12 V 100 Ah litija akumulatoriem, nodro\u0161inot 2,56 kWh ener\u0123ijas. Tas atbalsta l\u012bdz pat 4P4S savienojumu, \u013caujot izveidot 48 V 800 Ah akumulatoru banku ar 38,4 kWh ener\u0123iju, lai atvieglotu sist\u0113mas iestat\u012b\u0161anu un nodro\u0161in\u0101tu uzticamu rezerves baro\u0161anu.<\/span><\/p>\n<p><\/p>\n<p><span style=\"font-size:18px\"><strong>Visaptvero\u0161a aizsardz\u012bba: <\/strong><\/span><\/p>\n<p><span style=\"font-size:18px\">Ieb\u016bv\u0113t\u0101 200A BMS nodro\u0161ina visaptvero\u0161u aizsardz\u012bbu pret p\u0101rl\u0101d\u0113\u0161anu, p\u0101rl\u0101d\u0113\u0161anu, p\u0101rslodzi, augstu temperat\u016bru un \u012bssavienojumiem.<\/span><\/p>\n<p><\/p>\n<p><span style=\"font-size:18px\"><strong>Darba temperat\u016bra: <\/strong><\/span><\/p>\n<p><span style=\"font-size:18px\">Uzl\u0101de: 0\u00b0C~50\u00b0C; Izl\u0101de: -20\u00b0C~55\u00b0C.<\/span><\/p>\n<p><\/p>\n<p><span style=\"font-size:18px\"><strong>\u0100tra uzl\u0101de: <\/strong><\/span><\/p>\n<p><span style=\"font-size:18px\">Optim\u0101lai veiktsp\u0113jai ieteicams 12 V 20 A litija l\u0101d\u0113t\u0101js, kas piln\u012bb\u0101 uzl\u0101d\u0113s akumulatoru 10 stund\u0101s.<\/span><\/p>\n<p><\/p>\n<p><span style=\"font-size:18px\"><strong>Uzticama kvalit\u0101te un atbalsts: <\/strong><\/span><\/p>\n<p><span style=\"font-size:18px\">Humsienk akumulatoriem ir 5 gadu bezmaksas garantija un m\u016b\u017ea tehniskais atbalsts. M\u016bsu \u012bpa\u0161\u0101 atbalsta komanda ir pieejama, lai atbild\u0113tu uz visiem jaut\u0101jumiem vai ba\u017e\u0101m, nodro\u0161inot j\u016bsu apmierin\u0101t\u012bbu ar m\u016bsu p\u0113cp\u0101rdo\u0161anas servisu.<\/span><\/p>\n<p><img decoding=\"async\" src=\"https:\/\/ae01.alicdn.com\/kf\/S1fac32fcef384e9eb1ca82daaf1d1fd5r.jpg\" slate-data-type=\"image\"\/><img decoding=\"async\" src=\"https:\/\/ae01.alicdn.com\/kf\/S6fada2562b9a442082f35c1a7e30e94ek.jpg\" slate-data-type=\"image\"\/><img decoding=\"async\" src=\"https:\/\/ae01.alicdn.com\/kf\/Sec3163d73c474a368be4dd3162271ce4z.jpg\" slate-data-type=\"image\"\/><img decoding=\"async\" src=\"https:\/\/ae01.alicdn.com\/kf\/Scd29b807162c4b2c87f15535c642cfeea.jpg\" slate-data-type=\"image\"\/><img decoding=\"async\" src=\"https:\/\/ae01.alicdn.com\/kf\/S6f4ac116b3cc4bcea3506fe550ee63786.jpg\" slate-data-type=\"image\"\/><img decoding=\"async\" src=\"https:\/\/ae01.alicdn.com\/kf\/Sdd8defcc116d40d2bbed41da8a4cbe48o.jpg\" slate-data-type=\"image\"\/><\/p>","protected":false},"excerpt":{"rendered":"<p>Hign-concerned Chemical:&nbsp;None Nominal Capacity:&nbsp;200Ah Weight:&nbsp;45.20lbs \/ 20.5kg Voltage:&nbsp;12.8V Size:&nbsp;21.0 x 8.2x 8.5 Inches Application:&nbsp;Versatile Model Number:&nbsp;12V 200Ah Type:&nbsp;LiFePO4 Brand Name:&nbsp;Humsienk Origin:&nbsp;Mainland China Rated Voltage:&nbsp;Others Waterproof Rating:&nbsp;IP65 Warranty:&nbsp;5 years Energy:&nbsp;2560Wh Please<\/p>","protected":false},"featured_media":8389,"comment_status":"open","ping_status":"closed","template":"","meta":{"_acf_changed":false},"product_brand":[],"product_cat":[237],"product_tag":[],"class_list":{"0":"post-8387","1":"product","2":"type-product","3":"status-publish","4":"has-post-thumbnail","6":"product_cat-100-200ah-lifepo4-batteries","8":"first","9":"instock","10":"shipping-taxable","11":"purchasable","12":"product-type-variable"},"acf":[],"_links":{"self":[{"href":"https:\/\/www.electricstore.eu\/lv\/wp-json\/wp\/v2\/product\/8387","targetHints":{"allow":["GET"]}}],"collection":[{"href":"https:\/\/www.electricstore.eu\/lv\/wp-json\/wp\/v2\/product"}],"about":[{"href":"https:\/\/www.electricstore.eu\/lv\/wp-json\/wp\/v2\/types\/product"}],"replies":[{"embeddable":true,"href":"https:\/\/www.electricstore.eu\/lv\/wp-json\/wp\/v2\/comments?post=8387"}],"wp:featuredmedia":[{"embeddable":true,"href":"https:\/\/www.electricstore.eu\/lv\/wp-json\/wp\/v2\/media\/8389"}],"wp:attachment":[{"href":"https:\/\/www.electricstore.eu\/lv\/wp-json\/wp\/v2\/media?parent=8387"}],"wp:term":[{"taxonomy":"product_brand","embeddable":true,"href":"https:\/\/www.electricstore.eu\/lv\/wp-json\/wp\/v2\/product_brand?post=8387"},{"taxonomy":"product_cat","embeddable":true,"href":"https:\/\/www.electricstore.eu\/lv\/wp-json\/wp\/v2\/product_cat?post=8387"},{"taxonomy":"product_tag","embeddable":true,"href":"https:\/\/www.electricstore.eu\/lv\/wp-json\/wp\/v2\/product_tag?post=8387"}],"curies":[{"name":"wp","href":"https:\/\/api.w.org\/{rel}","templated":true}]}}