{"id":8316,"date":"2025-05-19T20:29:57","date_gmt":"2025-05-19T20:29:57","guid":{"rendered":"https:\/\/electricstore.eu\/product\/uncategorized\/gaiaray-eve-3-2v-50ah-lifepo4\/"},"modified":"2025-05-21T05:39:59","modified_gmt":"2025-05-21T05:39:59","slug":"gaiaray-eve-3-2v-50ah-lifepo4","status":"publish","type":"product","link":"https:\/\/www.electricstore.eu\/lv\/p\/batteries\/lifepo4-batteries\/lifepo4-battery-cells\/gaiaray-eve-3-2v-50ah-lifepo4\/","title":{"rendered":"GaiaRay LF50K 150Ah 3.2V LiFePO4 akumulatora elementi"},"content":{"rendered":"<div class=\"product-specs-list-container\">\n<ul class=\"product-specs-list util-clearfix\">\n<li class=\"product-prop line-limit-length\"><span\n                                        class=\"property-title\">Augstas ba\u017eas izraiso\u0161a \u0137\u012bmiska viela:&nbsp;<\/span><span\n                                        class=\"property-desc line-limit-length\">Neviens<\/span>\n                            <\/li>\n<li class=\"product-prop line-limit-length\"><span\n                                        class=\"property-title\">Komplekts:&nbsp;<\/span><span\n                                        class=\"property-desc line-limit-length\">1.\u00a0paka<\/span>\n                            <\/li>\n<li class=\"product-prop line-limit-length\"><span\n                                        class=\"property-title\">Izm\u0113rs:&nbsp;<\/span><span\n                                        class=\"property-desc line-limit-length\">F<\/span>\n                            <\/li>\n<li class=\"product-prop line-limit-length\"><span\n                                        class=\"property-title\">Rezerves akumulators:&nbsp;<\/span><span\n                                        class=\"property-desc line-limit-length\">N\u0113<\/span>\n                            <\/li>\n<li class=\"product-prop line-limit-length\"><span\n                                        class=\"property-title\">Komplekta veids:&nbsp;<\/span><span\n                                        class=\"property-desc line-limit-length\">Tikai baterijas<\/span>\n                            <\/li>\n<li class=\"product-prop line-limit-length\"><span\n                                        class=\"property-title\">Tips:&nbsp;<\/span><span\n                                        class=\"property-desc line-limit-length\">LiFePO4<\/span>\n                            <\/li>\n<li class=\"product-prop line-limit-length\"><span\n                                        class=\"property-title\">Nomin\u0101l\u0101 ietilp\u012bba:&nbsp;<\/span><span\n                                        class=\"property-desc line-limit-length\">50Ah<\/span>\n                            <\/li>\n<li class=\"product-prop line-limit-length\"><span\n                                        class=\"property-title\">Mode\u013ca numurs:&nbsp;<\/span><span\n                                        class=\"property-desc line-limit-length\">LF50K<\/span>\n                            <\/li>\n<li class=\"product-prop line-limit-length\"><span\n                                        class=\"property-title\">Z\u012bmola nosaukums:&nbsp;<\/span><span\n                                        class=\"property-desc line-limit-length\">GaiaRay<\/span>\n                            <\/li>\n<li class=\"product-prop line-limit-length\"><span\n                                        class=\"property-title\">Izcelsme:&nbsp;<\/span><span\n                                        class=\"property-desc line-limit-length\">Kontinent\u0101l\u0101 \u0136\u012bna<\/span>\n                            <\/li>\n<li class=\"product-prop line-limit-length\"><span\n                                        class=\"property-title\">Nomin\u0101lais spriegums:&nbsp;<\/span><span\n                                        class=\"property-desc line-limit-length\">3,2 V<\/span>\n                            <\/li>\n<li class=\"product-prop line-limit-length\"><span\n                                        class=\"property-title\">Nomin\u0101l\u0101 ietilp\u012bba:&nbsp;<\/span><span\n                                        class=\"property-desc line-limit-length\">50Ah<\/span>\n                            <\/li>\n<li class=\"product-prop line-limit-length\"><span\n                                        class=\"property-title\">Nov\u0113rt\u0113jums:&nbsp;<\/span><span\n                                        class=\"property-desc line-limit-length\">A klase<\/span>\n                            <\/li>\n<li class=\"product-prop line-limit-length\"><span\n                                        class=\"property-title\">Uzl\u0101des str\u0101va:&nbsp;<\/span><span\n                                        class=\"property-desc line-limit-length\">3C-5C<\/span>\n                            <\/li>\n<li class=\"product-prop line-limit-length\"><span\n                                        class=\"property-title\">Izl\u0101des str\u0101va:&nbsp;<\/span><span\n                                        class=\"property-desc line-limit-length\">3C-5C<\/span>\n                            <\/li>\n<li class=\"product-prop line-limit-length\"><span\n                                        class=\"property-title\">Uzl\u0101des darba temperat\u016bra:&nbsp;<\/span><span\n                                        class=\"property-desc line-limit-length\">0\u201355\u00a0\u00b0C<\/span>\n                            <\/li>\n<li class=\"product-prop line-limit-length\"><span\n                                        class=\"property-title\">Izl\u0101des darba temperat\u016bra:&nbsp;<\/span><span\n                                        class=\"property-desc line-limit-length\">-20~55\u00b0C<\/span>\n                            <\/li>\n<\/ul><\/div>\n<div class=\"detailmodule_dynamic\"><kse:widget data-widget-type=\"customText\" id=\"1005000021400404\" type=\"custom\"><\/kse:widget><\/div>\n<div class=\"detailmodule_html\">\n<div class=\"detail-desc-decorate-richtext\">\n<p style=\"text-align:left\" align=\"left\"><i><span style=\"font-size:20px\"><strong>Modelis: LF50K<\/strong><\/span><\/i><\/p>\n<p style=\"text-align:left\" align=\"left\"><i><span style=\"font-size:20px\"><strong>Maksim\u0101lais uzl\u0101des spriegums: 3,65 V<\/strong><\/span><\/i><\/p>\n<p style=\"text-align:left\" align=\"left\"><i><span style=\"font-size:20px\"><strong>Svars: 1390+50g<\/strong><\/span><\/i><\/p>\n<p style=\"text-align:left\" align=\"left\"><i><span style=\"font-size:20px\"><strong>Maksim\u0101l\u0101 izl\u0101des str\u0101va: 315A<\/strong><\/span><\/i><\/p>\n<p style=\"text-align:left\" align=\"left\"><i><span style=\"font-size:20px\"><strong>Izl\u0101des temperat\u016bra: -30&#039;C~60\u00b0<\/strong><\/span><\/i><\/p>\n<p style=\"text-align:left\" align=\"left\"><i><span style=\"font-size:20px\"><strong>Nomin\u0101lais spriegums: 3,2 V<\/strong><\/span><\/i><\/p>\n<p style=\"text-align:left\" align=\"left\"><i><span style=\"font-size:20px\"><strong>Uzl\u0101des temperat\u016bra: -5&#039;C-60\u00b0<\/strong><\/span><\/i><\/p>\n<p style=\"text-align:left\" align=\"left\"><i><span style=\"font-size:20px\"><strong>Re\u0101l\u0101 ietilp\u012bba: 150Ah<\/strong><\/span><\/i><\/p>\n<p style=\"text-align:left\" align=\"left\"><i><span style=\"font-size:20px\"><strong>Mai\u0146str\u0101vas pretest\u012bbas pretest\u012bba: \u22640,7 mQ<\/strong><\/span><\/i><\/p>\n<p style=\"text-align:left\" align=\"left\"><i><span style=\"font-size:20px\"><strong>Izm\u0113ri (G*P*A): 185,8*138,3*31,4 mm<\/strong><\/span><\/i><\/p>\n<p style=\"text-align:left\" align=\"left\"><i><span style=\"font-size:20px\"><strong>Gaiaray EVE 3.2V 50AH litija dzelzs fosf\u0101ta akumulators LF50K litija akumulators LiFePo4 m\u0101jas ener\u0123ijas uzglab\u0101\u0161anas saules baterij\u0101m<\/strong><\/span><\/i><\/p>\n<p style=\"text-align:left\" align=\"left\"><i><span style=\"font-size:20px\"><strong>Mums ir noliktavas Polij\u0101 un Ukrain\u0101, Eirop\u0101. Preces var tikt pieg\u0101d\u0101tas 3\u20137 dienu laik\u0101 no Eiropas valst\u012bm.<\/strong><\/span><\/i><\/p>\n<p><span style=\"background-color:rgb(247, 247, 247);color:rgb(17, 17, 17);font-size:24px;font-family:Arial, Helvetica, sans-serif\">Padoms: Eirop\u0101 ir noliktava, j\u016bs varat izv\u0113l\u0113ties pieg\u0101d\u0101t no \u0136\u012bnas, m\u0113s to nos\u016bt\u012bsim jums no Polijas noliktavas, un laiks var tikt pieg\u0101d\u0101ts 3\u20137 dienu laik\u0101.<\/span><\/p>\n<p style=\"text-align:left\" align=\"left\"><i><span style=\"font-size:20px\"><strong>No \u0136\u012bnas uz Eiropu: 50\u201360 dienas<\/strong><\/span><\/i><\/p>\n<p style=\"text-align:left\" align=\"left\"><i><span style=\"font-size:20px\"><strong>Jap\u0101na: 7\u201315 dienas<\/strong><\/span><\/i><\/p>\n<p style=\"text-align:left\" align=\"left\"><i><span style=\"font-size:20px\"><strong>Koreja: 7\u201315 dienas<\/strong><\/span><\/i><\/p>\n<p style=\"text-align:left\" align=\"left\"><i><span style=\"font-size:20px\"><strong>Krievija: 40\u201350 dienas<\/strong><\/span><\/i><\/p>\n<p style=\"text-align:left\" align=\"left\"><i><span style=\"font-size:20px\"><strong>ASV: 50\u201360 dienas<\/strong><\/span><\/i><\/p>\n<p style=\"text-align:left\" align=\"left\"><i><span style=\"font-size:20px\"><strong>Kan\u0101da Kan\u0101da: 50\u201360 dienas<\/strong><\/span><\/i><\/p>\n<p style=\"text-align:left\" align=\"left\"><i><span style=\"font-size:20px\"><strong>Austr\u0101lija: 50\u201360 dienas<\/strong><\/span><\/i><\/p>\n<p style=\"text-align:left\" align=\"left\"><i><span style=\"font-size:20px\"><strong>Ukraina: 60\u201370 dienas<\/strong><\/span><\/i><\/p>\n<p style=\"text-align:left\" align=\"left\"><i><span style=\"font-size:20px\"><strong>V\u0113rt\u012bgi padomi: Ukraina izv\u0113las gaisa transportu 7\u201315 dienu laik\u0101, lai nok\u013c\u016btu galam\u0113r\u0137\u012b!<\/strong><\/span><\/i><\/p>\n<p><img decoding=\"async\" src=\"https:\/\/ae01.alicdn.com\/kf\/S8805556a88ef4954ae6bf43618f4d9f68.jpg\" slate-data-type=\"image\"\/><\/p>\n<div><img decoding=\"async\" src=\"https:\/\/ae01.alicdn.com\/kf\/Sa81ee990624a49718bcc18fd48bf1a58n.jpg\" slate-data-type=\"image\"\/><\/div>\n<p><img decoding=\"async\" src=\"https:\/\/ae01.alicdn.com\/kf\/S383c255afa0f496ca224790dc7dd2d31k.jpg\" slate-data-type=\"image\"\/><img decoding=\"async\" src=\"https:\/\/ae01.alicdn.com\/kf\/Sbb5931b5e25a41a8bc77debd563bdbf0I.jpg\" slate-data-type=\"image\"\/><img decoding=\"async\" src=\"https:\/\/ae01.alicdn.com\/kf\/S423355189db4456788b7af3633e782375.jpg\" slate-data-type=\"image\"\/><img decoding=\"async\" src=\"https:\/\/ae01.alicdn.com\/kf\/S06182a503a71488db894cb863e287518B.jpg\" slate-data-type=\"image\"\/><img decoding=\"async\" src=\"https:\/\/ae01.alicdn.com\/kf\/Sa20de9ef1ac1486388183dccef5f6f72D.jpg\" slate-data-type=\"image\"\/><img decoding=\"async\" src=\"https:\/\/ae01.alicdn.com\/kf\/S53887c48e74f4e85862fdf8d8d70ec7c3.jpg\" slate-data-type=\"image\"\/><img decoding=\"async\" src=\"https:\/\/ae01.alicdn.com\/kf\/S328d0e391e8c46a491d661c287b79a96c.jpg\" slate-data-type=\"image\"\/><img decoding=\"async\" src=\"https:\/\/ae01.alicdn.com\/kf\/Sda4bb0b5abd14d0ca32990fb67d2ef7a2.jpg\" slate-data-type=\"image\"\/><img decoding=\"async\" src=\"https:\/\/ae01.alicdn.com\/kf\/S7a5b854e3ccb4d8caab3cbdb3247b0ccC.jpg\" slate-data-type=\"image\"\/><img fetchpriority=\"high\" decoding=\"async\" width=\"1000\" height=\"1349\" src=\"https:\/\/ae01.alicdn.com\/kf\/S0cbfad07f3404acfb79b530599804c09J.jpg\" slate-data-type=\"image\"\/><img decoding=\"async\" width=\"1000\" height=\"1792\" src=\"https:\/\/ae01.alicdn.com\/kf\/S4fb9783f0f51452784a47a197cc74b03h.jpg\" slate-data-type=\"image\"\/><\/p>\n<p><img decoding=\"async\" src=\"https:\/\/ae01.alicdn.com\/kf\/Sda4bb0b5abd14d0ca32990fb67d2ef7a2.jpg\" slate-data-type=\"image\"\/><img decoding=\"async\" src=\"https:\/\/ae01.alicdn.com\/kf\/S7a5b854e3ccb4d8caab3cbdb3247b0ccC.jpg\" slate-data-type=\"image\"\/><img decoding=\"async\" src=\"https:\/\/ae01.alicdn.com\/kf\/S999e99335961489dbd66ec23c5d4d036n.jpg\" slate-data-type=\"image\"\/><\/p>\n<\/div>\n<\/div>\n<p><\/p>","protected":false},"excerpt":{"rendered":"<p>Hign-concerned Chemical:&nbsp;None Bundle:&nbsp;Bundle 1 Size:&nbsp;F Replacement Battery:&nbsp;No Set Type:&nbsp;Batteries Only Type:&nbsp;LiFePO4 Nominal Capacity:&nbsp;50Ah Model Number:&nbsp;LF50K Brand Name:&nbsp;GaiaRay Origin:&nbsp;Mainland China Rated voltage:&nbsp;3.2V Rated capacity:&nbsp;50Ah Grade:&nbsp;Grade A Charging current:&nbsp;3C-5C Discharge current:&nbsp;3C-5C Charge<\/p>","protected":false},"featured_media":8240,"comment_status":"open","ping_status":"closed","template":"","meta":{"_acf_changed":false},"product_brand":[],"product_cat":[235],"product_tag":[],"class_list":{"0":"post-8316","1":"product","2":"type-product","3":"status-publish","4":"has-post-thumbnail","6":"product_cat-lifepo4-battery-cells","8":"first","9":"instock","10":"shipping-taxable","11":"purchasable","12":"product-type-variable"},"acf":[],"_links":{"self":[{"href":"https:\/\/www.electricstore.eu\/lv\/wp-json\/wp\/v2\/product\/8316","targetHints":{"allow":["GET"]}}],"collection":[{"href":"https:\/\/www.electricstore.eu\/lv\/wp-json\/wp\/v2\/product"}],"about":[{"href":"https:\/\/www.electricstore.eu\/lv\/wp-json\/wp\/v2\/types\/product"}],"replies":[{"embeddable":true,"href":"https:\/\/www.electricstore.eu\/lv\/wp-json\/wp\/v2\/comments?post=8316"}],"wp:featuredmedia":[{"embeddable":true,"href":"https:\/\/www.electricstore.eu\/lv\/wp-json\/wp\/v2\/media\/8240"}],"wp:attachment":[{"href":"https:\/\/www.electricstore.eu\/lv\/wp-json\/wp\/v2\/media?parent=8316"}],"wp:term":[{"taxonomy":"product_brand","embeddable":true,"href":"https:\/\/www.electricstore.eu\/lv\/wp-json\/wp\/v2\/product_brand?post=8316"},{"taxonomy":"product_cat","embeddable":true,"href":"https:\/\/www.electricstore.eu\/lv\/wp-json\/wp\/v2\/product_cat?post=8316"},{"taxonomy":"product_tag","embeddable":true,"href":"https:\/\/www.electricstore.eu\/lv\/wp-json\/wp\/v2\/product_tag?post=8316"}],"curies":[{"name":"wp","href":"https:\/\/api.w.org\/{rel}","templated":true}]}}