{"id":7803,"date":"2025-05-15T19:58:15","date_gmt":"2025-05-15T19:58:15","guid":{"rendered":"https:\/\/electricstore.eu\/product\/evercross-tech-ev13m-150w-8-16-km-h-12km-12-children-electric-motorbike\/"},"modified":"2025-05-21T06:07:41","modified_gmt":"2025-05-21T06:07:41","slug":"evercross-tech-ev13m-150w-8-16-km-h-12km-12-children-electric-motorbike","status":"publish","type":"product","link":"https:\/\/www.electricstore.eu\/lv\/p\/motorbikes\/electric-children-motorbikes\/evercross-tech-ev13m-150w-8-16-km-h-12km-12-children-electric-motorbike\/","title":{"rendered":"EVERCROSS TECH EV13M 150W 14V 5.2Ah 16km\/h 12km 12 collu b\u0113rnu elektriskais motocikls"},"content":{"rendered":"<div class=\"product-specs-list-container\">\n<ul class=\"product-specs-list util-clearfix\">\n<li class=\"product-prop line-limit-length\"><span\n                                        class=\"property-title\">Mode\u013ca numurs:&nbsp;<\/span><span\n                                        class=\"property-desc line-limit-length\">EV13M<\/span>\n                            <\/li>\n<li class=\"product-prop line-limit-length\"><span\n                                        class=\"property-title\">Nomin\u0101l\u0101 pasa\u017eieru ietilp\u012bba:&nbsp;<\/span><span\n                                        class=\"property-desc line-limit-length\">Viena s\u0113dvieta<\/span>\n                            <\/li>\n<li class=\"product-prop line-limit-length\"><span\n                                        class=\"property-title\">Stils:&nbsp;<\/span><span\n                                        class=\"property-desc line-limit-length\">Standarta tips<\/span>\n                            <\/li>\n<li class=\"product-prop line-limit-length\"><span\n                                        class=\"property-title\">Maksim\u0101lais \u0101trums:&nbsp;<\/span><span\n                                        class=\"property-desc line-limit-length\">&lt;25 km\/h<\/span>\n                            <\/li>\n<li class=\"product-prop line-limit-length\"><span\n                                        class=\"property-title\">Diapazons p\u0113c jaudas:&nbsp;<\/span><span\n                                        class=\"property-desc line-limit-length\">10\u201330 km<\/span>\n                            <\/li>\n<li class=\"product-prop line-limit-length\"><span\n                                        class=\"property-title\">Jauda:&nbsp;<\/span><span\n                                        class=\"property-desc line-limit-length\">&lt; 200\u00a0W<\/span>\n                            <\/li>\n<li class=\"product-prop line-limit-length\"><span\n                                        class=\"property-title\">Baro\u0161anas avots:&nbsp;<\/span><span\n                                        class=\"property-desc line-limit-length\">litija akumulators<\/span>\n                            <\/li>\n<li class=\"product-prop line-limit-length\"><span\n                                        class=\"property-title\">Spriegums:&nbsp;<\/span><span\n                                        class=\"property-desc line-limit-length\">14<\/span>\n                            <\/li>\n<li class=\"product-prop line-limit-length\"><span\n                                        class=\"property-title\">Z\u012bmola nosaukums:&nbsp;<\/span><span\n                                        class=\"property-desc line-limit-length\">EVERCROSS TECH<\/span>\n                            <\/li>\n<li class=\"product-prop line-limit-length\"><span\n                                        class=\"property-title\">Baro\u0161anas avots:&nbsp;<\/span><span\n                                        class=\"property-desc line-limit-length\">litija akumulators<\/span>\n                            <\/li>\n<li class=\"product-prop line-limit-length\"><span\n                                        class=\"property-title\">Motors:&nbsp;<\/span><span\n                                        class=\"property-desc line-limit-length\">Bezsuku<\/span>\n                            <\/li>\n<li class=\"product-prop line-limit-length\"><span\n                                        class=\"property-title\">Izcelsme:&nbsp;<\/span><span\n                                        class=\"property-desc line-limit-length\">Kontinent\u0101l\u0101 \u0136\u012bna<\/span>\n                            <\/li>\n<li class=\"product-prop line-limit-length\"><span\n                                        class=\"property-title\">Saloc\u012bts:&nbsp;<\/span><span\n                                        class=\"property-desc line-limit-length\">N\u0113<\/span>\n                            <\/li>\n<li class=\"product-prop line-limit-length\"><span\n                                        class=\"property-title\">Rite\u0146a izm\u0113rs:&nbsp;<\/span><span\n                                        class=\"property-desc line-limit-length\">12 collas<\/span>\n                            <\/li>\n<li class=\"product-prop line-limit-length\"><span\n                                        class=\"property-title\">R\u0101mja materi\u0101ls:&nbsp;<\/span><span\n                                        class=\"property-desc line-limit-length\">Alum\u012bnija sakaus\u0113jums<\/span>\n                            <\/li>\n<\/ul><\/div>\n<div class=\"detailmodule_html\">\n<div class=\"detail-desc-decorate-richtext\">\n<p style=\"font-family:DeepSeek-CJK-patch, Inter, system-ui, -apple-system, BlinkMacSystemFont, &quot;Segoe UI&quot;, Roboto, &quot;Noto Sans&quot;, Ubuntu, Cantarell, &quot;Helvetica Neue&quot;, Oxygen, &quot;Open Sans&quot;, sans-serif;font-size:16.002px;font-weight:400;letter-spacing:normal;line-height:var(--ds-md-line-height);text-align:start;white-space:normal;color:rgb(64, 64, 64);margin:calc(var(--ds-md-zoom)*12px)0\" align=\"start\"><strong>Jaud\u012bgs 150 W motors un disku bremzes<\/strong><\/p>\n<p style=\"font-family:DeepSeek-CJK-patch, Inter, system-ui, -apple-system, BlinkMacSystemFont, &quot;Segoe UI&quot;, Roboto, &quot;Noto Sans&quot;, Ubuntu, Cantarell, &quot;Helvetica Neue&quot;, Oxygen, &quot;Open Sans&quot;, sans-serif;font-size:16.002px;font-weight:400;letter-spacing:normal;line-height:var(--ds-md-line-height);text-align:start;white-space:normal;color:rgb(64, 64, 64);margin:calc(var(--ds-md-zoom)*12px)0\" align=\"start\">Atkl\u0101jiet m\u016bsu iztur\u012bgo 150 W dzin\u0113ju ar vienm\u0113r\u012bgu un uzticamu veiktsp\u0113ju apvienojum\u0101 ar disku brem\u017eu sist\u0113mu optim\u0101lai dro\u0161\u012bbai. J\u016bsu b\u0113rns g\u016bs labumu no atsauc\u012bgas un kontrol\u0113tas brauk\u0161anas pat liel\u0101 \u0101trum\u0101.<\/p>\n<p><\/p>\n<p style=\"font-family:DeepSeek-CJK-patch, Inter, system-ui, -apple-system, BlinkMacSystemFont, &quot;Segoe UI&quot;, Roboto, &quot;Noto Sans&quot;, Ubuntu, Cantarell, &quot;Helvetica Neue&quot;, Oxygen, &quot;Open Sans&quot;, sans-serif;font-size:16.002px;font-weight:400;letter-spacing:normal;line-height:var(--ds-md-line-height);text-align:start;white-space:normal;color:rgb(64, 64, 64);margin:calc(var(--ds-md-zoom)*12px)0\" align=\"start\"><strong>2 m\u0113rogojami \u0101truma re\u017e\u012bmi<\/strong><br \/>Ar diviem regul\u0113jamiem \u0101trumiem (8 km\/h un 16 km\/h) \u0161is transportl\u012bdzeklis \u013cauj jaunajiem pilotiem att\u012bst\u012bties sav\u0101 temp\u0101. Lieliski piem\u0113rots, lai progres\u0113tu ar p\u0101rliec\u012bbu, vienlaikus saglab\u0101jot aizraujo\u0161u un dro\u0161u brauk\u0161anas pieredzi.<\/p>\n<p><\/p>\n<p style=\"font-family:DeepSeek-CJK-patch, Inter, system-ui, -apple-system, BlinkMacSystemFont, &quot;Segoe UI&quot;, Roboto, &quot;Noto Sans&quot;, Ubuntu, Cantarell, &quot;Helvetica Neue&quot;, Oxygen, &quot;Open Sans&quot;, sans-serif;font-size:16.002px;font-weight:400;letter-spacing:normal;line-height:var(--ds-md-line-height);text-align:start;white-space:normal;color:rgb(64, 64, 64);margin:calc(var(--ds-md-zoom)*12px)0\" align=\"start\"><strong>Ilgtermi\u0146a autonomija<\/strong><br \/>Apr\u012bkots ar augstas ietilp\u012bbas akumulatoru 14,4 V\/5,2 Ah (74,88 Wh), EV13M pied\u0101v\u0101 l\u012bdz pat 12 km darb\u012bbas r\u0101diusu. Vair\u0101k sp\u0113les, maz\u0101k p\u0101rtraukumu j\u016bsu mazajiem piedz\u012bvojumiem!<\/p>\n<p><\/p>\n<p style=\"font-family:DeepSeek-CJK-patch, Inter, system-ui, -apple-system, BlinkMacSystemFont, &quot;Segoe UI&quot;, Roboto, &quot;Noto Sans&quot;, Ubuntu, Cantarell, &quot;Helvetica Neue&quot;, Oxygen, &quot;Open Sans&quot;, sans-serif;font-size:16.002px;font-weight:400;letter-spacing:normal;line-height:var(--ds-md-line-height);text-align:start;white-space:normal;color:rgb(64, 64, 64);margin:calc(var(--ds-md-zoom)*12px)0\" align=\"start\"><strong>Ide\u0101ls izm\u0113rs 3\u201312 gadus veciem b\u0113rniem<\/strong><br \/>\u012apa\u0161i izstr\u0101d\u0101ts b\u0113rniem: kompakti izm\u0113ri (92,5 \u00d7 54 \u00d7 64,5 cm) un viegls svars (11,5 kg). Iztur svaru l\u012bdz 40 kg, ide\u0101li piem\u0113rots 3\u201312 gadus veciem b\u0113rniem.<\/p>\n<p><\/p>\n<p style=\"font-family:DeepSeek-CJK-patch, Inter, system-ui, -apple-system, BlinkMacSystemFont, &quot;Segoe UI&quot;, Roboto, &quot;Noto Sans&quot;, Ubuntu, Cantarell, &quot;Helvetica Neue&quot;, Oxygen, &quot;Open Sans&quot;, sans-serif;font-size:16.002px;font-weight:400;letter-spacing:normal;line-height:var(--ds-md-line-height);text-align:start;white-space:normal;color:rgb(64, 64, 64);margin:calc(var(--ds-md-zoom)*12px)0\" align=\"start\"><strong>12 collu bezce\u013cu riepas<\/strong><br \/>Ar iztur\u012bgaj\u0101m 12 collu riep\u0101m \u0161is transportl\u012bdzeklis apvieno brauk\u0161anu pa reljefu: z\u0101li, ietv\u0113m vai viegliem ce\u013ciem. Ide\u0101ls sabiedrotais stabiliem un pat\u012bkamiem piedz\u012bvojumiem br\u012bv\u0101 dab\u0101.<\/p>\n<\/div>\n<\/div>","protected":false},"excerpt":{"rendered":"<p>Model Number:&nbsp;EV13M Rated Passenger Capacity:&nbsp;One Seat Style:&nbsp;Standard Type Max Speed:&nbsp;&lt;25km\/h Range per Power:&nbsp;10 &#8211; 30 km Wattage:&nbsp;&lt; 200W Power Supply:&nbsp;lithium battery Voltage:&nbsp;14 Brand Name:&nbsp;EVERCROSS TECH Power Source:&nbsp;lithium battery Motor:&nbsp;Brushless Origin:&nbsp;Mainland<\/p>","protected":false},"featured_media":7804,"comment_status":"open","ping_status":"closed","template":"","meta":{"_acf_changed":false},"product_brand":[],"product_cat":[313],"product_tag":[327],"class_list":{"0":"post-7803","1":"product","2":"type-product","3":"status-publish","4":"has-post-thumbnail","6":"product_cat-electric-children-motorbikes","7":"product_tag-evercross","9":"first","10":"instock","11":"shipping-taxable","12":"purchasable","13":"product-type-variable"},"acf":[],"_links":{"self":[{"href":"https:\/\/www.electricstore.eu\/lv\/wp-json\/wp\/v2\/product\/7803","targetHints":{"allow":["GET"]}}],"collection":[{"href":"https:\/\/www.electricstore.eu\/lv\/wp-json\/wp\/v2\/product"}],"about":[{"href":"https:\/\/www.electricstore.eu\/lv\/wp-json\/wp\/v2\/types\/product"}],"replies":[{"embeddable":true,"href":"https:\/\/www.electricstore.eu\/lv\/wp-json\/wp\/v2\/comments?post=7803"}],"wp:featuredmedia":[{"embeddable":true,"href":"https:\/\/www.electricstore.eu\/lv\/wp-json\/wp\/v2\/media\/7804"}],"wp:attachment":[{"href":"https:\/\/www.electricstore.eu\/lv\/wp-json\/wp\/v2\/media?parent=7803"}],"wp:term":[{"taxonomy":"product_brand","embeddable":true,"href":"https:\/\/www.electricstore.eu\/lv\/wp-json\/wp\/v2\/product_brand?post=7803"},{"taxonomy":"product_cat","embeddable":true,"href":"https:\/\/www.electricstore.eu\/lv\/wp-json\/wp\/v2\/product_cat?post=7803"},{"taxonomy":"product_tag","embeddable":true,"href":"https:\/\/www.electricstore.eu\/lv\/wp-json\/wp\/v2\/product_tag?post=7803"}],"curies":[{"name":"wp","href":"https:\/\/api.w.org\/{rel}","templated":true}]}}