{"id":7719,"date":"2025-05-15T19:52:01","date_gmt":"2025-05-15T19:52:01","guid":{"rendered":"https:\/\/electricstore.eu\/product\/cmacewheel-f26-48v-17ah-110km-electric-city-bike\/"},"modified":"2025-05-20T13:11:03","modified_gmt":"2025-05-20T13:11:03","slug":"cmacewheel-f26-48v-17ah-110km-electric-city-bike","status":"publish","type":"product","link":"https:\/\/www.electricstore.eu\/lv\/p\/bikes\/electric-city-bikes\/cmacewheel-f26-48v-17ah-110km-electric-city-bike\/","title":{"rendered":"CMACEWHEEL F26 500W 48V 17Ah 38-42km\/h 110km 29\u2033 elektriskais pils\u0113tas velosip\u0113ds"},"content":{"rendered":"<div class=\"product-specs-list-container\">\n<ul class=\"product-specs-list util-clearfix\">\n<li class=\"product-prop line-limit-length\"><span\n                                        class=\"property-title\">Mode\u013ca numurs:&nbsp;<\/span><span\n                                        class=\"property-desc line-limit-length\">F26<\/span>\n                            <\/li>\n<li class=\"product-prop line-limit-length\"><span\n                                        class=\"property-title\">Nomin\u0101l\u0101 pasa\u017eieru ietilp\u012bba:&nbsp;<\/span><span\n                                        class=\"property-desc line-limit-length\">Divviet\u012bgs<\/span>\n                            <\/li>\n<li class=\"product-prop line-limit-length\"><span\n                                        class=\"property-title\">Stils:&nbsp;<\/span><span\n                                        class=\"property-desc line-limit-length\">Standarta tips<\/span>\n                            <\/li>\n<li class=\"product-prop line-limit-length\"><span\n                                        class=\"property-title\">Maksim\u0101lais \u0101trums:&nbsp;<\/span><span\n                                        class=\"property-desc line-limit-length\">30\u201350 km\/h<\/span>\n                            <\/li>\n<li class=\"product-prop line-limit-length\"><span\n                                        class=\"property-title\">Diapazons p\u0113c jaudas:&nbsp;<\/span><span\n                                        class=\"property-desc line-limit-length\">&gt; 60 km<\/span>\n                            <\/li>\n<li class=\"product-prop line-limit-length\"><span\n                                        class=\"property-title\">Jauda:&nbsp;<\/span><span\n                                        class=\"property-desc line-limit-length\">200\u2013250\u00a0W<\/span>\n                            <\/li>\n<li class=\"product-prop line-limit-length\"><span\n                                        class=\"property-title\">Baro\u0161anas avots:&nbsp;<\/span><span\n                                        class=\"property-desc line-limit-length\">litija akumulators<\/span>\n                            <\/li>\n<li class=\"product-prop line-limit-length\"><span\n                                        class=\"property-title\">Spriegums:&nbsp;<\/span><span\n                                        class=\"property-desc line-limit-length\">48 V<\/span>\n                            <\/li>\n<li class=\"product-prop line-limit-length\"><span\n                                        class=\"property-title\">Izcelsme:&nbsp;<\/span><span\n                                        class=\"property-desc line-limit-length\">Kontinent\u0101l\u0101 \u0136\u012bna<\/span>\n                            <\/li>\n<li class=\"product-prop line-limit-length\"><span\n                                        class=\"property-title\">Saloc\u012bts:&nbsp;<\/span><span\n                                        class=\"property-desc line-limit-length\">N\u0113<\/span>\n                            <\/li>\n<li class=\"product-prop line-limit-length\"><span\n                                        class=\"property-title\">Motors:&nbsp;<\/span><span\n                                        class=\"property-desc line-limit-length\">Bezsuku<\/span>\n                            <\/li>\n<li class=\"product-prop line-limit-length\"><span\n                                        class=\"property-title\">Rite\u0146a izm\u0113rs:&nbsp;<\/span><span\n                                        class=\"property-desc line-limit-length\">29&#039;&#039;<\/span>\n                            <\/li>\n<li class=\"product-prop line-limit-length\"><span\n                                        class=\"property-title\">R\u0101mja materi\u0101ls:&nbsp;<\/span><span\n                                        class=\"property-desc line-limit-length\">Alum\u012bnija sakaus\u0113jums<\/span>\n                            <\/li>\n<li class=\"product-prop line-limit-length\"><span\n                                        class=\"property-title\">Z\u012bmola nosaukums:&nbsp;<\/span><span\n                                        class=\"property-desc line-limit-length\">CMACEWHEEL<\/span>\n                            <\/li>\n<\/ul><\/div>\n<div class=\"detailmodule_html\">\n<div class=\"detail-desc-decorate-richtext\">\n<p style=\"text-align:center\" align=\"center\"><strong><span style=\"font-size:20px;font-family:tahoma, geneva, sans-serif\">CMACEWHEEL F26 Electric Bike 27.5*2.1 inch Tires 500W Strong Power E-Bike 42km\/h Max Speed 48V 17Ah Lithium Battery 110km Range<\/span><\/strong><\/p>\n<div><\/div>\n<div style=\"font-family:arial, helvetica, sans-serif;font-size:medium;line-height:inherit;color:rgb(0, 0, 0);border:0px;margin:0px;margin-bottom:0px;margin-top:0px;margin-left:0px;margin-right:0px;padding:0px;padding-bottom:0px;padding-top:0px;padding-left:0px;padding-right:0px;box-sizing:content-box\">\n<div style=\"text-align:right;border:0px;margin:0px;margin-bottom:0px;margin-top:0px;margin-left:0px;margin-right:0px;padding:0px;padding-bottom:0px;padding-top:0px;padding-left:0px;padding-right:0px;box-sizing:content-box\" align=\"right\">\n<div style=\"font-family:arial, helvetica, sans-serif;font-size:inherit;font-weight:inherit;line-height:inherit;border:0px;margin:0px;margin-bottom:0px;margin-top:0px;margin-left:0px;margin-right:0px;padding:0px;padding-bottom:0px;padding-top:0px;padding-left:0px;padding-right:0px;box-sizing:content-box\">\n<p style=\"font-family:arial;font-size:22px;font-weight:bold;line-height:inherit;color:rgb(255, 255, 255);background-color:rgb(13, 34, 65);border:0px;margin:0px;margin-bottom:0px;margin-top:0px;margin-left:0px;margin-right:0px;padding:5px 10px;padding-bottom:5px;padding-top:5px;padding-left:10px;padding-right:10px;float:left;box-sizing:border-box\"><span style=\"font-size:18px;font-family:tahoma, geneva, sans-serif\">&gt;&gt;Produkta galven\u0101s iez\u012bmes<\/span><\/p>\n<\/div>\n<div style=\"font-family:arial, helvetica, sans-serif;font-size:inherit;font-weight:inherit;line-height:inherit;background-color:rgb(13, 34, 65);border:0px;margin:2px 0px 0px;margin-bottom:0px;margin-top:2px;margin-left:0px;margin-right:0px;padding:0px;padding-bottom:0px;padding-top:0px;padding-left:0px;padding-right:0px;overflow:hidden;width:1407px;height:3px;box-sizing:content-box\"><\/div>\n<div style=\"font-family:arial, helvetica, sans-serif;font-size:inherit;font-weight:inherit;line-height:inherit;border:1px solid rgb(16, 42, 81);margin:2px auto;margin-bottom:2px;margin-top:2px;margin-left:auto;margin-right:auto;padding:10px;padding-bottom:10px;padding-top:10px;padding-left:10px;padding-right:10px;height:auto;box-sizing:content-box\">\n<p style=\"text-align:left\" align=\"left\"><span style=\"background-color:rgb(255, 255, 255);color:rgb(51, 51, 51);font-size:18px;font-family:&quot;times new roman&quot;, times, serif\">1. 17Ah large battery provides 40-60km mileage of pure electric mode and 70-100km mileage of power assistance mode.<\/span><br \/><span style=\"background-color:rgb(255, 255, 255);color:rgb(51, 51, 51);font-size:18px;font-family:&quot;times new roman&quot;, times, serif\">2. 500W strong motor empowers each at a faster speed, providing more freedom and more fun.<\/span><br \/><span style=\"background-color:rgb(255, 255, 255);color:rgb(51, 51, 51);font-size:18px;font-family:&quot;times new roman&quot;, times, serif\">3. Max speed CMACEWHEEL F26 can reach 38-42km per hour, which brings you a different speed experience.<\/span><br \/><span style=\"background-color:rgb(255, 255, 255);color:rgb(51, 51, 51);font-size:18px;font-family:&quot;times new roman&quot;, times, serif\">4. Aluminum alloy body, CMACEWHEEL F26 is extremely lightweight, and weighs only 27.5kg.<\/span><\/p>\n<\/div>\n<\/div>\n<\/div>\n<div><\/div>\n<div style=\"font-family:arial, helvetica, sans-serif;font-size:medium;line-height:inherit;color:rgb(0, 0, 0);border:0px;margin:0px;margin-bottom:0px;margin-top:0px;margin-left:0px;margin-right:0px;padding:0px;padding-bottom:0px;padding-top:0px;padding-left:0px;padding-right:0px;box-sizing:content-box\">\n<div style=\"text-align:right;border:0px;margin:0px;margin-bottom:0px;margin-top:0px;margin-left:0px;margin-right:0px;padding:0px;padding-bottom:0px;padding-top:0px;padding-left:0px;padding-right:0px;box-sizing:content-box\" align=\"right\">\n<div style=\"font-family:arial, helvetica, sans-serif;font-size:inherit;font-weight:inherit;line-height:inherit;border:0px;margin:0px;margin-bottom:0px;margin-top:0px;margin-left:0px;margin-right:0px;padding:0px;padding-bottom:0px;padding-top:0px;padding-left:0px;padding-right:0px;box-sizing:content-box\">\n<p style=\"font-family:arial;font-size:22px;font-weight:bold;line-height:inherit;color:rgb(255, 255, 255);background-color:rgb(13, 34, 65);border:0px;margin:0px;margin-bottom:0px;margin-top:0px;margin-left:0px;margin-right:0px;padding:5px 10px;padding-bottom:5px;padding-top:5px;padding-left:10px;padding-right:10px;float:left;box-sizing:border-box\"><span style=\"font-size:18px;font-family:tahoma, geneva, sans-serif\">&gt;&gt;Product Specification<\/span><\/p>\n<\/div>\n<div style=\"font-family:arial, helvetica, sans-serif;font-size:inherit;font-weight:inherit;line-height:inherit;background-color:rgb(13, 34, 65);border:0px;margin:2px 0px 0px;margin-bottom:0px;margin-top:2px;margin-left:0px;margin-right:0px;padding:0px;padding-bottom:0px;padding-top:0px;padding-left:0px;padding-right:0px;overflow:hidden;width:1407px;height:3px;box-sizing:content-box\"><\/div>\n<\/div>\n<\/div>\n<div><\/div>\n<table style=\"border-collapse:collapse;border:1px solid rgb(221, 221, 221);width:378.02pt\" width=\"504\" height=\"420\" border=\"1\" cellpadding=\"0\" cellspacing=\"0\">\n<colgroup>\n<col width=\"72\"\/><\/colgroup>\n<tbody>\n<tr height=\"20\" style=\"height:20\">\n<td style=\"width:378pt;height:15pt\" class=\"et2\" width=\"504\" height=\"20\" colspan=\"7\">\n<p><span style=\"font-size:18px;font-family:&quot;times new roman&quot;, times, serif\">Brand Name:CMACEWHEEL<\/span><\/p>\n<\/td>\n<\/tr>\n<tr height=\"20\" style=\"height:20\">\n<td style=\"height:15pt\" class=\"et2\" height=\"20\" colspan=\"7\">\n<p><span style=\"font-size:18px;font-family:&quot;times new roman&quot;, times, serif\">Model Number:F26<\/span><\/p>\n<\/td>\n<\/tr>\n<tr height=\"20\" style=\"height:20\">\n<td style=\"height:15pt\" class=\"et2\" height=\"20\" colspan=\"7\">\n<p><span style=\"font-size:18px;font-family:&quot;times new roman&quot;, times, serif\">Frame Material:Aluminum Alloy<\/span><\/p>\n<\/td>\n<\/tr>\n<tr height=\"20\" style=\"height:20\">\n<td style=\"height:15pt\" class=\"et2\" height=\"20\" colspan=\"7\">\n<p><span style=\"font-size:18px;font-family:&quot;times new roman&quot;, times, serif\">Color:silver-gray<\/span><\/p>\n<\/td>\n<\/tr>\n<tr height=\"20\" style=\"height:20\">\n<td style=\"height:15pt\" class=\"et2\" height=\"20\" colspan=\"7\">\n<p><span style=\"font-size:18px;font-family:&quot;times new roman&quot;, times, serif\">Battery: 17AH<\/span><\/p>\n<\/td>\n<\/tr>\n<tr height=\"20\" style=\"height:20\">\n<td style=\"height:15pt\" class=\"et2\" height=\"20\" colspan=\"7\">\n<p><span style=\"font-size:18px;font-family:&quot;times new roman&quot;, times, serif\">Battery Voltage:48V(54V)<\/span><\/p>\n<\/td>\n<\/tr>\n<tr height=\"20\" style=\"height:20\">\n<td style=\"height:15pt\" class=\"et2\" height=\"20\" colspan=\"7\">\n<p><span style=\"font-size:18px;font-family:&quot;times new roman&quot;, times, serif\">Charger voltage:100-240V2A<\/span><\/p>\n<\/td>\n<\/tr>\n<tr height=\"20\" style=\"height:20\">\n<td style=\"height:15pt\" class=\"et2\" height=\"20\" colspan=\"7\">\n<p><span style=\"font-size:18px;font-family:&quot;times new roman&quot;, times, serif\">Motor Wattage:250-500 W<\/span><\/p>\n<\/td>\n<\/tr>\n<tr height=\"20\" style=\"height:20\">\n<td style=\"height:15pt\" class=\"et2\" height=\"20\" colspan=\"7\">\n<p><span style=\"font-size:18px;font-family:&quot;times new roman&quot;, times, serif\">Gears:Five gears<\/span><\/p>\n<\/td>\n<\/tr>\n<tr height=\"20\" style=\"height:20\">\n<td style=\"height:15pt\" class=\"et2\" height=\"20\" colspan=\"7\">\n<p><span style=\"font-size:18px;font-family:&quot;times new roman&quot;, times, serif\">Tyre:CST 27.5*2.1\/29*2.1<\/span><\/p>\n<\/td>\n<\/tr>\n<tr height=\"20\" style=\"height:20\">\n<td style=\"height:15pt\" class=\"et2\" height=\"20\" colspan=\"7\">\n<p><span style=\"font-size:18px;font-family:&quot;times new roman&quot;, times, serif\">Brake:Oil brake<\/span><\/p>\n<\/td>\n<\/tr>\n<tr height=\"20\" style=\"height:20\">\n<td style=\"height:15pt\" class=\"et2\" height=\"20\" colspan=\"7\">\n<p><span style=\"font-size:18px;font-family:&quot;times new roman&quot;, times, serif\">Gradeability:30\u00b0<\/span><\/p>\n<\/td>\n<\/tr>\n<tr height=\"20\" style=\"height:20\">\n<td style=\"height:15pt\" class=\"et2\" height=\"20\" colspan=\"7\">\n<p><span style=\"font-size:18px;font-family:&quot;times new roman&quot;, times, serif\">Max speed:38-42 km\/h<\/span><\/p>\n<\/td>\n<\/tr>\n<tr height=\"20\" style=\"height:20\">\n<td style=\"height:15pt\" class=\"et2\" height=\"20\" colspan=\"7\">\n<p><span style=\"font-size:18px;font-family:&quot;times new roman&quot;, times, serif\">mileage of pure electric:40-60KM<\/span><\/p>\n<\/td>\n<\/tr>\n<tr height=\"20\" style=\"height:20\">\n<td style=\"height:15pt\" class=\"et2\" height=\"20\" colspan=\"7\">\n<p><span style=\"font-size:18px;font-family:&quot;times new roman&quot;, times, serif\">mileage of assistance:70-110KM<\/span><\/p>\n<\/td>\n<\/tr>\n<tr height=\"20\" style=\"height:20\">\n<td style=\"height:15pt\" class=\"et2\" height=\"20\" colspan=\"7\">\n<p><span style=\"font-size:18px;font-family:&quot;times new roman&quot;, times, serif\">Net weight of the ebike:27.5kg<\/span><\/p>\n<\/td>\n<\/tr>\n<tr height=\"20\" style=\"height:20\">\n<td style=\"height:15pt\" class=\"et2\" height=\"20\" colspan=\"7\">\n<p><span style=\"font-size:18px;font-family:&quot;times new roman&quot;, times, serif\">Weight of battery:4.2kg<\/span><\/p>\n<\/td>\n<\/tr>\n<tr height=\"20\" style=\"height:20\">\n<td style=\"height:15pt\" class=\"et2\" height=\"20\" colspan=\"7\">\n<p><span style=\"font-size:18px;font-family:&quot;times new roman&quot;, times, serif\">Gross weight:35kg<\/span><\/p>\n<\/td>\n<\/tr>\n<tr height=\"20\" style=\"height:20\">\n<td style=\"height:15pt\" class=\"et2\" height=\"20\" colspan=\"7\">\n<p><span style=\"font-size:18px;font-family:&quot;times new roman&quot;, times, serif\">Package size:160\u00d724\u00d786cm<\/span><\/p>\n<\/td>\n<\/tr>\n<tr height=\"20\" style=\"height:20\">\n<td style=\"height:15pt\" class=\"et2\" height=\"20\" colspan=\"7\">\n<p><span style=\"font-size:18px;font-family:&quot;times new roman&quot;, times, serif\">Packing mode:disassemble the front wheel<\/span><\/p>\n<\/td>\n<\/tr>\n<tr height=\"20\" style=\"height:20\">\n<td style=\"height:15pt\" class=\"et2\" height=\"20\" colspan=\"7\">\n<p><span style=\"font-size:18px;font-family:&quot;times new roman&quot;, times, serif\">Battery capacity:48V 17AH<\/span><\/p>\n<\/td>\n<\/tr>\n<\/tbody>\n<\/table>\n<div><\/div>\n<div style=\"font-family:arial, helvetica, sans-serif;font-size:medium;line-height:inherit;color:rgb(0, 0, 0);border:0px;margin:0px;margin-bottom:0px;margin-top:0px;margin-left:0px;margin-right:0px;padding:0px;padding-bottom:0px;padding-top:0px;padding-left:0px;padding-right:0px;box-sizing:content-box\">\n<div style=\"text-align:right;border:0px;margin:0px;margin-bottom:0px;margin-top:0px;margin-left:0px;margin-right:0px;padding:0px;padding-bottom:0px;padding-top:0px;padding-left:0px;padding-right:0px;box-sizing:content-box\" align=\"right\">\n<div style=\"font-family:arial, helvetica, sans-serif;font-size:inherit;font-weight:inherit;line-height:inherit;border:0px;margin:0px;margin-bottom:0px;margin-top:0px;margin-left:0px;margin-right:0px;padding:0px;padding-bottom:0px;padding-top:0px;padding-left:0px;padding-right:0px;box-sizing:content-box\">\n<p style=\"font-family:arial;font-size:22px;font-weight:bold;line-height:inherit;color:rgb(255, 255, 255);background-color:rgb(13, 34, 65);border:0px;margin:0px;margin-bottom:0px;margin-top:0px;margin-left:0px;margin-right:0px;padding:5px 10px;padding-bottom:5px;padding-top:5px;padding-left:10px;padding-right:10px;float:left;box-sizing:border-box\"><span style=\"font-size:20px;font-family:tahoma, geneva, sans-serif\">&gt;&gt;Produkta att\u0113ls un apraksts<\/span><\/p>\n<\/div>\n<div style=\"font-family:arial, helvetica, sans-serif;font-size:inherit;font-weight:inherit;line-height:inherit;background-color:rgb(13, 34, 65);border:0px;margin:2px 0px 0px;margin-bottom:0px;margin-top:2px;margin-left:0px;margin-right:0px;padding:0px;padding-bottom:0px;padding-top:0px;padding-left:0px;padding-right:0px;overflow:hidden;width:1407px;height:3px;box-sizing:content-box\"><\/div>\n<\/div>\n<\/div>\n<div style=\"font-family:&quot;Open Sans&quot;, Roboto, Arial, Helvetica, sans-serif, SimSun;font-size:14px;font-weight:400;letter-spacing:normal;text-align:start;white-space:normal;color:rgb(0, 0, 0);margin:0px;margin-bottom:0px;margin-top:0px;margin-left:0px;margin-right:0px;padding:0px;padding-bottom:0px;padding-top:0px;padding-left:0px;padding-right:0px;display:block;box-sizing:border-box\" align=\"start\">\n<div style=\"margin:0px;margin-bottom:0px;margin-top:0px;margin-left:0px;margin-right:0px;padding:0px;padding-bottom:0px;padding-top:0px;padding-left:0px;padding-right:0px;box-sizing:border-box\">\n<div id=\"product-description\" style=\"background-color:rgb(255, 255, 255);margin:0px 0px 16px;margin-bottom:16px;margin-top:0px;margin-left:0px;margin-right:0px;padding:20px;padding-bottom:20px;padding-top:20px;padding-left:20px;padding-right:20px;overflow:hidden;width:984px;position:relative;box-sizing:border-box\">\n<div style=\"margin:0px;margin-bottom:0px;margin-top:0px;margin-left:0px;margin-right:0px;padding:0px;padding-bottom:0px;padding-top:0px;padding-left:0px;padding-right:0px;box-sizing:border-box\">\n<p style=\"font-size:14px;font-weight:400;line-height:inherit;margin:0px;margin-bottom:0px;margin-top:0px;margin-left:0px;margin-right:0px;padding:0px;padding-bottom:0px;padding-top:0px;padding-left:0px;padding-right:0px;box-sizing:border-box\" class=\"MsoNormal\"><img decoding=\"async\" src=\"https:\/\/ae01.alicdn.com\/kf\/Sa514ab006c9c4ee2859b9ffabf7256e5T.jpg\" slate-data-type=\"image\"\/><img decoding=\"async\" src=\"https:\/\/ae01.alicdn.com\/kf\/S696bf3443f804466b159d5d72c51d0deQ.jpg\" slate-data-type=\"image\"\/><img decoding=\"async\" src=\"https:\/\/ae01.alicdn.com\/kf\/Sbe4fa2cb476a410ebb0e7d93b44d2e90w.jpg?width=1000&amp;height=1000&amp;hash=2000\" slate-data-type=\"image\"\/><img decoding=\"async\" src=\"https:\/\/ae01.alicdn.com\/kf\/S80b08d60dfc9421e9aa05c13bf9485abU.jpg?width=1000&amp;height=1000&amp;hash=2000\" slate-data-type=\"image\"\/><img decoding=\"async\" src=\"https:\/\/ae01.alicdn.com\/kf\/S2aa65a4190e14a0c96dd9196da5483d6m.jpg?width=1000&amp;height=1000&amp;hash=2000\" slate-data-type=\"image\"\/><img decoding=\"async\" src=\"https:\/\/ae01.alicdn.com\/kf\/S47f426f666d2477dbbe9d6c557a75a81Q.jpg\" slate-data-type=\"image\"\/><img decoding=\"async\" src=\"https:\/\/ae01.alicdn.com\/kf\/S38cf89391a3b4d219c9cd61f333e45e5M.jpg?width=1000&amp;height=1000&amp;hash=2000\" slate-data-type=\"image\"\/><img decoding=\"async\" src=\"https:\/\/ae01.alicdn.com\/kf\/Sa41b394625a34bc48dd5e96af26e3fceQ.jpg?width=1000&amp;height=1000&amp;hash=2000\" slate-data-type=\"image\"\/><img decoding=\"async\" src=\"https:\/\/ae01.alicdn.com\/kf\/S2c53e9ba798049c4afa2b3f029436684P.jpg?width=1000&amp;height=1500&amp;hash=2500\" slate-data-type=\"image\"\/><img decoding=\"async\" src=\"https:\/\/ae01.alicdn.com\/kf\/S8f15024d8fe9462cab899e08e7859effQ.jpg?width=1000&amp;height=1000&amp;hash=2000\" slate-data-type=\"image\"\/><\/p>\n<\/div>\n<\/div>\n<\/div>\n<\/div>\n<div><\/div>\n<\/div>\n<\/div>\n<p><\/p>","protected":false},"excerpt":{"rendered":"<p>Model Number:&nbsp;F26 Rated Passenger Capacity:&nbsp;Two Seat Style:&nbsp;Standard Type Max Speed:&nbsp;30-50km\/h Range per Power:&nbsp;&gt; 60 km Wattage:&nbsp;200 &#8211; 250w Power Supply:&nbsp;lithium battery Voltage:&nbsp;48V Origin:&nbsp;Mainland China Folded:&nbsp;No Motor:&nbsp;Brushless Wheel Size:&nbsp;29&#039;&#039; Frame Material:&nbsp;Aluminum<\/p>","protected":false},"featured_media":7720,"comment_status":"open","ping_status":"closed","template":"","meta":{"_acf_changed":false},"product_brand":[],"product_cat":[298],"product_tag":[304],"class_list":{"0":"post-7719","1":"product","2":"type-product","3":"status-publish","4":"has-post-thumbnail","6":"product_cat-electric-city-bikes","7":"product_tag-cmacewheel","9":"first","10":"instock","11":"shipping-taxable","12":"purchasable","13":"product-type-simple"},"acf":[],"_links":{"self":[{"href":"https:\/\/www.electricstore.eu\/lv\/wp-json\/wp\/v2\/product\/7719","targetHints":{"allow":["GET"]}}],"collection":[{"href":"https:\/\/www.electricstore.eu\/lv\/wp-json\/wp\/v2\/product"}],"about":[{"href":"https:\/\/www.electricstore.eu\/lv\/wp-json\/wp\/v2\/types\/product"}],"replies":[{"embeddable":true,"href":"https:\/\/www.electricstore.eu\/lv\/wp-json\/wp\/v2\/comments?post=7719"}],"wp:featuredmedia":[{"embeddable":true,"href":"https:\/\/www.electricstore.eu\/lv\/wp-json\/wp\/v2\/media\/7720"}],"wp:attachment":[{"href":"https:\/\/www.electricstore.eu\/lv\/wp-json\/wp\/v2\/media?parent=7719"}],"wp:term":[{"taxonomy":"product_brand","embeddable":true,"href":"https:\/\/www.electricstore.eu\/lv\/wp-json\/wp\/v2\/product_brand?post=7719"},{"taxonomy":"product_cat","embeddable":true,"href":"https:\/\/www.electricstore.eu\/lv\/wp-json\/wp\/v2\/product_cat?post=7719"},{"taxonomy":"product_tag","embeddable":true,"href":"https:\/\/www.electricstore.eu\/lv\/wp-json\/wp\/v2\/product_tag?post=7719"}],"curies":[{"name":"wp","href":"https:\/\/api.w.org\/{rel}","templated":true}]}}