{"id":7695,"date":"2025-05-15T19:43:27","date_gmt":"2025-05-15T19:43:27","guid":{"rendered":"https:\/\/electricstore.eu\/product\/hx-c1-200w-21-6v-5-2ah-childrens-electric-scooter-pink\/"},"modified":"2025-05-20T13:11:12","modified_gmt":"2025-05-20T13:11:12","slug":"hx-c1-200w-21-6v-5-2ah-childrens-electric-scooter-pink","status":"publish","type":"product","link":"https:\/\/www.electricstore.eu\/lv\/p\/scooters\/electric-children-scooters\/hx-c1-200w-21-6v-5-2ah-childrens-electric-scooter-pink\/","title":{"rendered":"HX C1 200W 24V 5Ah 15km\/h 10-15km 8 collu b\u0113rnu elektriskais skrejritenis"},"content":{"rendered":"<div class=\"product-specs-list-container\">\n<ul class=\"product-specs-list util-clearfix\">\n<li class=\"product-prop line-limit-length\"><span\n                                        class=\"property-title\">Riepu izm\u0113rs:&nbsp;<\/span><span\n                                        class=\"property-desc line-limit-length\">8 collas<\/span>\n                            <\/li>\n<li class=\"product-prop line-limit-length\"><span\n                                        class=\"property-title\">Mode\u013ca numurs:&nbsp;<\/span><span\n                                        class=\"property-desc line-limit-length\">C1<\/span>\n                            <\/li>\n<li class=\"product-prop line-limit-length\"><span\n                                        class=\"property-title\">Kategorija:&nbsp;<\/span><span\n                                        class=\"property-desc line-limit-length\">Divrite\u0146u sk\u016bteris<\/span>\n                            <\/li>\n<li class=\"product-prop line-limit-length\"><span\n                                        class=\"property-title\">Piem\u0113rojamie cilv\u0113ki:&nbsp;<\/span><span\n                                        class=\"property-desc line-limit-length\">V\u012aRIE\u0160I<\/span>\n                            <\/li>\n<li class=\"product-prop line-limit-length\"><span\n                                        class=\"property-title\">Diapazons ar vienu uzl\u0101di:&nbsp;<\/span><span\n                                        class=\"property-desc line-limit-length\">40\u201360 km<\/span>\n                            <\/li>\n<li class=\"product-prop line-limit-length\"><span\n                                        class=\"property-title\">Uzl\u0101des laiks:&nbsp;<\/span><span\n                                        class=\"property-desc line-limit-length\">6\u20138 stundas<\/span>\n                            <\/li>\n<li class=\"product-prop line-limit-length\"><span\n                                        class=\"property-title\">Spriegums:&nbsp;<\/span><span\n                                        class=\"property-desc line-limit-length\">24v<\/span>\n                            <\/li>\n<li class=\"product-prop line-limit-length\"><span\n                                        class=\"property-title\">Saloc\u012bts:&nbsp;<\/span><span\n                                        class=\"property-desc line-limit-length\">J\u0100<\/span>\n                            <\/li>\n<li class=\"product-prop line-limit-length\"><span\n                                        class=\"property-title\">Izcelsme:&nbsp;<\/span><span\n                                        class=\"property-desc line-limit-length\">Kontinent\u0101l\u0101 \u0136\u012bna<\/span>\n                            <\/li>\n<li class=\"product-prop line-limit-length\"><span\n                                        class=\"property-title\">Jauda (W):&nbsp;<\/span><span\n                                        class=\"property-desc line-limit-length\">100-200w<\/span>\n                            <\/li>\n<li class=\"product-prop line-limit-length\"><span\n                                        class=\"property-title\">Izcelsmes vieta:&nbsp;<\/span><span\n                                        class=\"property-desc line-limit-length\">Anhui, \u0136\u012bna<\/span>\n                            <\/li>\n<li class=\"product-prop line-limit-length\"><span\n                                        class=\"property-title\">Z\u012bmols:&nbsp;<\/span><span\n                                        class=\"property-desc line-limit-length\">kixin<\/span>\n                            <\/li>\n<li class=\"product-prop line-limit-length\"><span\n                                        class=\"property-title\">Mode\u013ca numurs:&nbsp;<\/span><span\n                                        class=\"property-desc line-limit-length\">C1<\/span>\n                            <\/li>\n<li class=\"product-prop line-limit-length\"><span\n                                        class=\"property-title\">Uzl\u0101des laiks:&nbsp;<\/span><span\n                                        class=\"property-desc line-limit-length\">5\u20136 stundas<\/span>\n                            <\/li>\n<li class=\"product-prop line-limit-length\"><span\n                                        class=\"property-title\">Salok\u0101ms:&nbsp;<\/span><span\n                                        class=\"property-desc line-limit-length\">J\u0101<\/span>\n                            <\/li>\n<li class=\"product-prop line-limit-length\"><span\n                                        class=\"property-title\">Diapazons ar vienu uzl\u0101di:&nbsp;<\/span><span\n                                        class=\"property-desc line-limit-length\">10-15km<\/span>\n                            <\/li>\n<li class=\"product-prop line-limit-length\"><span\n                                        class=\"property-title\">Maksim\u0101lais \u0101trums:&nbsp;<\/span><span\n                                        class=\"property-desc line-limit-length\">15km\/h<\/span>\n                            <\/li>\n<li class=\"product-prop line-limit-length\"><span\n                                        class=\"property-title\">Kategorija:&nbsp;<\/span><span\n                                        class=\"property-desc line-limit-length\">Elektriskais skrejritenis<\/span>\n                            <\/li>\n<li class=\"product-prop line-limit-length\"><span\n                                        class=\"property-title\">Piem\u0113rojams p\u016blim:&nbsp;<\/span><span\n                                        class=\"property-desc line-limit-length\">Child<\/span>\n                            <\/li>\n<li class=\"product-prop line-limit-length\"><span\n                                        class=\"property-title\">Viedais tips:&nbsp;<\/span><span\n                                        class=\"property-desc line-limit-length\">Elektronisks<\/span>\n                            <\/li>\n<li class=\"product-prop line-limit-length\"><span\n                                        class=\"property-title\">Akumulatora ietilp\u012bba:&nbsp;<\/span><span\n                                        class=\"property-desc line-limit-length\">5 Ah<\/span>\n                            <\/li>\n<li class=\"product-prop line-limit-length\"><span\n                                        class=\"property-title\">Patent\u0113ts produkts:&nbsp;<\/span><span\n                                        class=\"property-desc line-limit-length\">N\u0112<\/span>\n                            <\/li>\n<li class=\"product-prop line-limit-length\"><span\n                                        class=\"property-title\">Materi\u0101ls:&nbsp;<\/span><span\n                                        class=\"property-desc line-limit-length\">Structural Steel<\/span>\n                            <\/li>\n<li class=\"product-prop line-limit-length\"><span\n                                        class=\"property-title\">Riepu izm\u0113rs:&nbsp;<\/span><span\n                                        class=\"property-desc line-limit-length\">8 collas<\/span>\n                            <\/li>\n<li class=\"product-prop line-limit-length\"><span\n                                        class=\"property-title\">Motors:&nbsp;<\/span><span\n                                        class=\"property-desc line-limit-length\">200 W<\/span>\n                            <\/li>\n<li class=\"product-prop line-limit-length\"><span\n                                        class=\"property-title\">N.W:&nbsp;<\/span><span\n                                        class=\"property-desc line-limit-length\">10kg<\/span>\n                            <\/li>\n<li class=\"product-prop line-limit-length\"><span\n                                        class=\"property-title\">Diapazons:&nbsp;<\/span><span\n                                        class=\"property-desc line-limit-length\">10-15 km<\/span>\n                            <\/li>\n<li class=\"product-prop line-limit-length\"><span\n                                        class=\"property-title\">Akumulators:&nbsp;<\/span><span\n                                        class=\"property-desc line-limit-length\">24V 5AH<\/span>\n                            <\/li>\n<li class=\"product-prop line-limit-length\"><span\n                                        class=\"property-title\">Maksim\u0101l\u0101 slodze:&nbsp;<\/span><span\n                                        class=\"property-desc line-limit-length\">100 kg<\/span>\n                            <\/li>\n<li class=\"product-prop line-limit-length\"><span\n                                        class=\"property-title\">Open Size:&nbsp;<\/span><span\n                                        class=\"property-desc line-limit-length\">94*47.5*103cm<\/span>\n                            <\/li>\n<li class=\"product-prop line-limit-length\"><span\n                                        class=\"property-title\">Applicable height:&nbsp;<\/span><span\n                                        class=\"property-desc line-limit-length\">120-16cm<\/span>\n                            <\/li>\n<li class=\"product-prop line-limit-length\"><span\n                                        class=\"property-title\">K\u0101p\u0161anas sp\u0113ja:&nbsp;<\/span><span\n                                        class=\"property-desc line-limit-length\">10\u00b0<\/span>\n                            <\/li>\n<li class=\"product-prop line-limit-length\"><span\n                                        class=\"property-title\">Sertifik\u0101ts:&nbsp;<\/span><span\n                                        class=\"property-desc line-limit-length\"><\/span>\n                            <\/li>\n<\/ul><\/div>\n<div class=\"detailmodule_html\">\n<div class=\"detail-desc-decorate-richtext\">\n<div id=\"detail_decorate_root\">\n<div>\u00a0<\/div>\n<div>\n<div id=\"ali-anchor-AliMagic-fdtnlw\">Produkta apraksts<\/div>\n<\/div>\n<div>\n<div>\n<div><img decoding=\"async\" class=\"magic-3\" src=\"https:\/\/ae01.alicdn.com\/kf\/S0920da7b96cd41acb1c945a14301ede90.jpg?width=1080&amp;height=2127&amp;hash=3207\" slate-data-type=\"image\"\/><\/div>\n<div><img decoding=\"async\" class=\"magic-3\" src=\"https:\/\/ae01.alicdn.com\/kf\/S6b0e1e0d498f4418951d2636885d64c1x.jpg?width=1080&amp;height=1932&amp;hash=3012\" slate-data-type=\"image\"\/><\/div>\n<div><img decoding=\"async\" class=\"magic-3\" src=\"https:\/\/ae01.alicdn.com\/kf\/Se70ebd0e0d59408ab480463e9ddb5774u.jpg?width=1080&amp;height=1700&amp;hash=2780\" slate-data-type=\"image\"\/><\/div>\n<div><img decoding=\"async\" class=\"magic-3\" src=\"https:\/\/ae01.alicdn.com\/kf\/S9b3fd279eca34ecb8aa55857a01d7659c.jpg?width=1080&amp;height=2245&amp;hash=3325\" slate-data-type=\"image\"\/><\/div>\n<div><img decoding=\"async\" class=\"magic-3\" src=\"https:\/\/ae01.alicdn.com\/kf\/S3ba39dc8d2104df5923af37eb5730d11g.jpg?width=1080&amp;height=1757&amp;hash=2837\" slate-data-type=\"image\"\/><\/div>\n<div><img decoding=\"async\" class=\"magic-3\" src=\"https:\/\/ae01.alicdn.com\/kf\/Sa5c9b90d0c5045198beda021557772493.jpg?width=1080&amp;height=1633&amp;hash=2713\" slate-data-type=\"image\"\/><\/div>\n<div><img decoding=\"async\" class=\"magic-3\" src=\"https:\/\/ae01.alicdn.com\/kf\/S2d97091d1ca5403291b1c84b7336fe3bB.jpg?width=1080&amp;height=1918&amp;hash=2998\" slate-data-type=\"image\"\/><\/div>\n<div><img decoding=\"async\" class=\"magic-3\" src=\"https:\/\/ae01.alicdn.com\/kf\/S25077da84ef34b9aa3898b794009dfc4Y.jpg?width=1080&amp;height=1983&amp;hash=3063\" slate-data-type=\"image\"\/><\/div>\n<div><img decoding=\"async\" class=\"magic-3\" src=\"https:\/\/ae01.alicdn.com\/kf\/S7e584ede0ea44775a8a29c8a6cd19b36l.jpg?width=1080&amp;height=2195&amp;hash=3275\" slate-data-type=\"image\"\/><\/div>\n<div><img decoding=\"async\" class=\"magic-3\" src=\"https:\/\/ae01.alicdn.com\/kf\/Scee143e0027e4c9bbe2c94e7aaa06097L.jpg?width=1080&amp;height=1439&amp;hash=2519\" slate-data-type=\"image\"\/><\/div>\n<\/div>\n<\/div>\n<div>\n<div id=\"ali-anchor-AliMagic-bbu3j8\">Specifik\u0101cija<\/div>\n<\/div>\n<div>\n<div>\n<table style=\"border-collapse:collapse\" class=\"all magic-4\">\n<tbody>\n<tr>\n<td rowspan=\"1\" colspan=\"1\">\n<div>Akumulatora ietilp\u012bba<\/div>\n<\/td>\n<td rowspan=\"1\" colspan=\"1\">\n<div>5 Ah<\/div>\n<\/td>\n<\/tr>\n<tr>\n<td rowspan=\"1\" colspan=\"1\">\n<div>Motors<\/div>\n<\/td>\n<td rowspan=\"1\" colspan=\"1\">\n<div>24 V<\/div>\n<\/td>\n<\/tr>\n<tr>\n<td rowspan=\"1\" colspan=\"1\">\n<div>Uzl\u0101des laiks<\/div>\n<\/td>\n<td rowspan=\"1\" colspan=\"1\">\n<div>5-6 hours<\/div>\n<\/td>\n<\/tr>\n<tr>\n<td rowspan=\"1\" colspan=\"1\">\n<div>Maksim\u0101l\u0101 slodze<\/div>\n<\/td>\n<td rowspan=\"1\" colspan=\"1\">\n<div>100\u00a0kg<\/div>\n<\/td>\n<\/tr>\n<tr>\n<td rowspan=\"1\" colspan=\"1\">\n<div>Max range<\/div>\n<\/td>\n<td rowspan=\"1\" colspan=\"1\">\n<div>15KM<\/div>\n<\/td>\n<\/tr>\n<tr>\n<td rowspan=\"1\" colspan=\"1\">\n<div>Riepa<\/div>\n<\/td>\n<td rowspan=\"1\" colspan=\"1\">\n<div>8 Inch\u00a0<\/div>\n<\/td>\n<\/tr>\n<\/tbody>\n<\/table>\n<\/div>\n<\/div>\n<div>\n<div id=\"ali-anchor-AliMagic-6tg71n\">Uz\u0146\u0113muma profils<\/div>\n<\/div>\n<div>\n<div>\n<div>\n<div>\n<div>\n<div><img decoding=\"async\" class=\"magic-10\" src=\"https:\/\/ae01.alicdn.com\/kf\/S4e793c0de76f4b88a482a65c00b9d101n.jpg?width=2342&amp;height=2242&amp;hash=4584\" slate-data-type=\"image\"\/><\/div>\n<\/div>\n<div>\n<div>\n<div>\u00a0<\/div>\n<div>E-ONE ir uz\u0146\u0113mums, kas galvenok\u0101rt nodarbojas ar jaunu ener\u0123ijas produktu eksportu. Uz\u0146\u0113mums atrodas Anhui provinces galvaspils\u0113t\u0101 Hefei, E-ONE. <strong>ir ofici\u0101li pilnvarota <\/strong>caur t\u0101diem labi paz\u012bstamiem nozares z\u012bmoliem k\u0101 <strong>Segway-Ninebot, Intex, DYU, HIMO, Kugoo<\/strong> un da\u017ei citi atz\u012bti. Galvenok\u0101rt m\u016bsu piln\u012bg\u0101 ilgtsp\u0113j\u012bgu, za\u013co un t\u012bro produktu s\u0113rija aptver <strong>elektriskie skrejrite\u0146i, elektriskie pa\u0161balans\u0113jo\u0161ie skrejrite\u0146i, elektriskie vienrite\u0146i,<\/strong> <span><strong>elektriskie kartingi<\/strong><\/span> <strong>, elektriskie velosip\u0113di, elektriskie motocikli<\/strong>Ar visiem pieejamajiem saist\u012btajiem sertifik\u0101tiem, kas noteikti liek mums p\u0101rdot m\u016bsu uz kvalit\u0101ti orient\u0113tos produktus vis\u0101 pasaul\u0113.<\/div>\n<\/div>\n<\/div>\n<\/div>\n<\/div>\n<\/div>\n<\/div>\n<div>\n<div>\n<div>\n<div>\n<div><img decoding=\"async\" class=\"magic-14\" src=\"https:\/\/ae01.alicdn.com\/kf\/S68ac18a75b094e669ae761d7495416f8w.jpg?width=1200&amp;height=450&amp;hash=1650\" slate-data-type=\"image\"\/><\/div>\n<div>\n<div><img decoding=\"async\" class=\"magic-16\" src=\"https:\/\/ae01.alicdn.com\/kf\/Sd01d98a5d2e34d649f49394465343dbe4.jpg?width=693&amp;height=978&amp;hash=1671\" slate-data-type=\"image\"\/><\/div>\n<div><img decoding=\"async\" class=\"magic-18\" src=\"https:\/\/ae01.alicdn.com\/kf\/S3674a5ba838d4dd18bd1e5064ce9acd0Y.jpg?width=696&amp;height=980&amp;hash=1676\" slate-data-type=\"image\"\/><\/div>\n<\/div>\n<\/div>\n<\/div>\n<\/div>\n<\/div>\n<div>\n<div id=\"ali-anchor-AliMagic-tx58ux\">Izst\u0101de<\/div>\n<\/div>\n<div>\n<div>\n<div>\n<div>\n<div>\n<div><img decoding=\"async\" class=\"magic-20\" src=\"https:\/\/ae01.alicdn.com\/kf\/Scc76444e41d347fbad43d728c374f28cx.jpg?width=940&amp;height=562&amp;hash=1502\" slate-data-type=\"image\"\/><\/div>\n<\/div>\n<\/div>\n<\/div>\n<\/div>\n<\/div>\n<div>\n<div id=\"ali-anchor-AliMagic-pyg24g\">Produkta iepakojums<\/div>\n<\/div>\n<div>\n<div>\n<div>\n<div>\n<div>\n<div><img decoding=\"async\" class=\"magic-23\" src=\"https:\/\/ae01.alicdn.com\/kf\/S603c352f31ec4ee7928249922cde2535G.jpg?width=1280&amp;height=960&amp;hash=2240\" slate-data-type=\"image\"\/><\/div>\n<div><img decoding=\"async\" class=\"magic-25\" src=\"https:\/\/ae01.alicdn.com\/kf\/S95bfd1d7a07f4f3d9b400cf282483639t.jpg?width=800&amp;height=800&amp;hash=1600\" slate-data-type=\"image\"\/><\/div>\n<\/div>\n<div><img decoding=\"async\" class=\"magic-27\" src=\"https:\/\/ae01.alicdn.com\/kf\/Sf819f886e9ee42da834170d7fbd1b7ach.jpg?width=600&amp;height=800&amp;hash=1400\" slate-data-type=\"image\"\/><\/div>\n<\/div>\n<\/div>\n<\/div>\n<\/div>\n<div>\n<div>\n<div>\n<div>\n<div>\n<div><img decoding=\"async\" class=\"magic-29\" src=\"https:\/\/ae01.alicdn.com\/kf\/S84939f2b10d24bd89ebbf28984b35e9cV.jpg?width=600&amp;height=800&amp;hash=1400\" slate-data-type=\"image\"\/><\/div>\n<\/div>\n<div>\n<div>\n<div>\n<div>\u00a0<\/div>\n<div>\u00a0<\/div>\n<div>\u00a0<\/div>\n<div>\u00a0<\/div>\n<div><span><strong>Lai lab\u0101k nodro\u0161in\u0101tu j\u016bsu pre\u010du dro\u0161\u012bbu, pied\u0101v\u0101jam profesion\u0101lus, videi draudz\u012bgus, \u0113rtus un efekt\u012bvus iepako\u0161anas pakalpojumus.<br \/>tiks nodro\u0161in\u0101ts.<\/strong><\/span><\/div>\n<\/div>\n<\/div>\n<\/div>\n<\/div>\n<\/div>\n<\/div>\n<\/div>\n<div>\n<div id=\"ali-anchor-AliMagic-5xyhcf\">Bie\u017ei uzdotie jaut\u0101jumi<\/div>\n<\/div>\n<div>\n<div>\n<div>\n<h3 class=\"magic-31\"><\/h3>\n<div>\n<div>\n<div><strong>Q<\/strong>: Vai j\u016bs esat ra\u017eot\u0101js? <strong>A<\/strong>J\u0101, m\u0113s esam ra\u017eot\u0101ji. M\u0113s varam nodro\u0161in\u0101t OEM\/ODM piel\u0101gotus pakalpojumus atbilsto\u0161i m\u016bsu klientu da\u017e\u0101daj\u0101m lietojumprogramm\u0101m un pras\u012bb\u0101m. Visi m\u016bsu produkti ir piln\u012bb\u0101 patent\u0113ti, dizainu, aparat\u016bru un programmat\u016bru, veidni, mont\u0101\u017eu veic m\u016bsu pa\u0161u komanda. <strong>Q<\/strong>: K\u0101ds ir minim\u0101lais pas\u016bt\u012bjums (MOQ)? <strong>A<\/strong>Standarta produktiem m\u0113s pie\u0146emam vienu vien\u012bbu. Ja nepiecie\u0161ams, varam tos piel\u0101got ar j\u016bsu logotipu. Ja nepiecie\u0161ams OEM, m\u016bsu p\u0101rdo\u0161anas noda\u013ca redz\u0113s detaliz\u0113tas pras\u012bbas un apstiprin\u0101s jums MOQ. <strong>Q<\/strong>: Vai m\u0113s varam sa\u0146emt bezmaksas paraugu? <strong>A<\/strong>Atvainojiet, parasti m\u0113s nenodro\u0161in\u0101m bezmaksas paraugu. Ja klients apstiprina specifik\u0101ciju un cenu, vi\u0146\u0161 vispirms var pas\u016bt\u012bt paraugu test\u0113\u0161anai un nov\u0113rt\u0113\u0161anai. <strong>Q<\/strong>: K\u0101 pas\u016bt\u012bt un apmaks\u0101t? <strong>A<\/strong>M\u0113s pie\u0146emam T\/T (bankas p\u0101rskait\u012bjumu), Alibaba tie\u0161saist\u0113, Western Union 1 Trade Assurance <strong>Q<\/strong>: K\u0101da ir j\u016bsu produktu garantija? <strong>A<\/strong>: M\u0113s pied\u0101v\u0101jam 24 m\u0113ne\u0161u garantiju p\u0113c nos\u016bt\u012b\u0161anas. <strong>Q<\/strong>Cik ilgs laiks b\u016bs nepiecie\u0161ams pieg\u0101dei? <strong>A<\/strong>Ra\u017eo\u0161anas izpildes laiks ir aptuveni 3\u201310 dienas atkar\u012bb\u0101 no pras\u012bb\u0101m, un pieg\u0101des laiks ar DHL\/UPS\/FEDEX\/TNT ir aptuveni 3\u20137 darba dienas. Da\u017e\u0101s att\u0101l\u0101s viet\u0101s pieg\u0101des laiks var b\u016bt nedaudz ilg\u0101ks. <strong>Q<\/strong> K\u0101 salabot ier\u012bci, ja rodas probl\u0113mas? <strong>A<\/strong>: M\u0113s nodro\u0161in\u0101sim tehnisko atbalstu tie\u0161saist\u0113, lai atrisin\u0101tu probl\u0113mu; Ja rodas aparat\u016bras probl\u0113ma, m\u0113s var\u0113tu nos\u016bt\u012bt deta\u013cas vai komponentus un iem\u0101c\u012bt klientam tos uzst\u0101d\u012bt, ja vi\u0146iem ir tehni\u0137is, vai ar\u012b vi\u0146i var nos\u016bt\u012bt mums atpaka\u013c, lai to nov\u0113rstu. <strong>Q<\/strong>Vai j\u016bs varat piel\u0101got un izplat\u012bt m\u016bsu produktu? <strong>A<\/strong>M\u0113s esam profesion\u0101la e-velosip\u0113du ra\u017eo\u0161ana ar 8 gadu ra\u017eo\u0161anas pieredzi, atbalst\u0101m jebk\u0101du produktu piel\u0101go\u0161anu, izplat\u012b\u0161anu un vairumtirdzniec\u012bbu.<\/div>\n<\/div>\n<\/div>\n<\/div>\n<\/div>\n<\/div>\n<div id=\"42229223123\"><\/div>\n<div>\u00a0<\/div>\n<\/div>\n<div><\/div>\n<\/div>\n<\/div>\n<p><\/p>","protected":false},"excerpt":{"rendered":"<p>Tire Size:&nbsp;8 inch Model Number:&nbsp;C1 Category:&nbsp;Two-wheel Scooter Applicable People:&nbsp;MEN Range Per Charge:&nbsp;40-60km Charging Time:&nbsp;6-8h Voltage:&nbsp;24v Folded:&nbsp;YES Origin:&nbsp;Mainland China Power (W):&nbsp;100-200w Place of Origin:&nbsp;Anhui, China Brand:&nbsp;kixin Model Number:&nbsp;C1 Charging Time:&nbsp;5-6h Foldable:&nbsp;Yes<\/p>","protected":false},"featured_media":7696,"comment_status":"open","ping_status":"closed","template":"","meta":{"_acf_changed":false},"product_brand":[],"product_cat":[302],"product_tag":[303],"class_list":{"0":"post-7695","1":"product","2":"type-product","3":"status-publish","4":"has-post-thumbnail","6":"product_cat-electric-children-scooters","7":"product_tag-hx","9":"first","10":"instock","11":"shipping-taxable","12":"purchasable","13":"product-type-simple"},"acf":[],"_links":{"self":[{"href":"https:\/\/www.electricstore.eu\/lv\/wp-json\/wp\/v2\/product\/7695","targetHints":{"allow":["GET"]}}],"collection":[{"href":"https:\/\/www.electricstore.eu\/lv\/wp-json\/wp\/v2\/product"}],"about":[{"href":"https:\/\/www.electricstore.eu\/lv\/wp-json\/wp\/v2\/types\/product"}],"replies":[{"embeddable":true,"href":"https:\/\/www.electricstore.eu\/lv\/wp-json\/wp\/v2\/comments?post=7695"}],"wp:featuredmedia":[{"embeddable":true,"href":"https:\/\/www.electricstore.eu\/lv\/wp-json\/wp\/v2\/media\/7696"}],"wp:attachment":[{"href":"https:\/\/www.electricstore.eu\/lv\/wp-json\/wp\/v2\/media?parent=7695"}],"wp:term":[{"taxonomy":"product_brand","embeddable":true,"href":"https:\/\/www.electricstore.eu\/lv\/wp-json\/wp\/v2\/product_brand?post=7695"},{"taxonomy":"product_cat","embeddable":true,"href":"https:\/\/www.electricstore.eu\/lv\/wp-json\/wp\/v2\/product_cat?post=7695"},{"taxonomy":"product_tag","embeddable":true,"href":"https:\/\/www.electricstore.eu\/lv\/wp-json\/wp\/v2\/product_tag?post=7695"}],"curies":[{"name":"wp","href":"https:\/\/api.w.org\/{rel}","templated":true}]}}