{"id":7661,"date":"2025-05-15T19:33:34","date_gmt":"2025-05-15T19:33:34","guid":{"rendered":"https:\/\/electricstore.eu\/product\/gaiaray-6ah-12v-lifepo4-battery\/"},"modified":"2025-05-21T05:40:10","modified_gmt":"2025-05-21T05:40:10","slug":"gaiaray-6ah-12v-lifepo4-battery","status":"publish","type":"product","link":"https:\/\/www.electricstore.eu\/lv\/p\/batteries\/lifepo4-batteries\/100ah\/gaiaray-6ah-12v-lifepo4-battery\/","title":{"rendered":"Gaiaray 6Ah 12V LiFePO4 akumulators"},"content":{"rendered":"<div class=\"product-specs-list-container\">\n<ul class=\"product-specs-list util-clearfix\">\n<li class=\"product-prop line-limit-length\"><span\n                                        class=\"property-title\">Augstas ba\u017eas izraiso\u0161a \u0137\u012bmiska viela:&nbsp;<\/span><span\n                                        class=\"property-desc line-limit-length\">Neviens<\/span>\n                            <\/li>\n<li class=\"product-prop line-limit-length\"><span\n                                        class=\"property-title\">Nomin\u0101l\u0101 ietilp\u012bba:&nbsp;<\/span><span\n                                        class=\"property-desc line-limit-length\">12v<\/span>\n                            <\/li>\n<li class=\"product-prop line-limit-length\"><span\n                                        class=\"property-title\">Svars:&nbsp;<\/span><span\n                                        class=\"property-desc line-limit-length\">1kg<\/span>\n                            <\/li>\n<li class=\"product-prop line-limit-length\"><span\n                                        class=\"property-title\">Spriegums:&nbsp;<\/span><span\n                                        class=\"property-desc line-limit-length\">12v<\/span>\n                            <\/li>\n<li class=\"product-prop line-limit-length\"><span\n                                        class=\"property-title\">Pielietojums:&nbsp;<\/span><span\n                                        class=\"property-desc line-limit-length\">Electric Bicycle,E-scooter,RV,Marine Boat,Trolling Motor<\/span>\n                            <\/li>\n<li class=\"product-prop line-limit-length\"><span\n                                        class=\"property-title\">Mode\u013ca numurs:&nbsp;<\/span><span\n                                        class=\"property-desc line-limit-length\">J212<\/span>\n                            <\/li>\n<li class=\"product-prop line-limit-length\"><span\n                                        class=\"property-title\">Tips:&nbsp;<\/span><span\n                                        class=\"property-desc line-limit-length\">Lead-acid<\/span>\n                            <\/li>\n<li class=\"product-prop line-limit-length\"><span\n                                        class=\"property-title\">Z\u012bmola nosaukums:&nbsp;<\/span><span\n                                        class=\"property-desc line-limit-length\">GaiaRay<\/span>\n                            <\/li>\n<li class=\"product-prop line-limit-length\"><span\n                                        class=\"property-title\">Izcelsme:&nbsp;<\/span><span\n                                        class=\"property-desc line-limit-length\">Kontinent\u0101l\u0101 \u0136\u012bna<\/span>\n                            <\/li>\n<li class=\"product-prop line-limit-length\"><span\n                                        class=\"property-title\">Nomin\u0101lais spriegums:&nbsp;<\/span><span\n                                        class=\"property-desc line-limit-length\">14.8V<\/span>\n                            <\/li>\n<\/ul><\/div>\n<div class=\"detailmodule_html\">\n<div class=\"detail-desc-decorate-richtext\">\n<p><span style=\"font-size:20px\">Gaiaray New 12V 6Ah LiFePo4 Battery with built-in BMS rechargeable battery for children&#x27;s scooters, boats, motorcycles, tax-free<\/span><\/p>\n<div style=\"margin:0px;margin-bottom:0px;margin-top:0px;margin-left:0px;margin-right:0px;padding:0px;padding-bottom:0px;padding-top:0px;padding-left:0px;padding-right:0px;box-sizing:content-box\" class=\"detailmodule_text-image\">\n<p style=\"font-family:&quot;TT Norms Pro&quot;, &quot;Open Sans&quot;, Roboto, Arial, Helvetica, sans-serif, SimSun;font-size:13px;font-weight:400;letter-spacing:normal;line-height:inherit;text-align:start;white-space:normal;color:rgb(208, 2, 27);background-color:rgb(255, 255, 255);margin:0px;margin-bottom:0px;margin-top:0px;margin-left:0px;margin-right:0px;padding:0px;padding-bottom:0px;padding-top:0px;padding-left:0px;padding-right:0px;box-sizing:border-box\" align=\"start\"><span style=\"font-size:20px;font-family:arial, helvetica, sans-serif\"><strong>Efficient Performance\uff1a<\/strong><\/span><\/p>\n<p style=\"font-family:&quot;TT Norms Pro&quot;, &quot;Open Sans&quot;, Roboto, Arial, Helvetica, sans-serif, SimSun;font-size:13px;font-weight:400;letter-spacing:normal;line-height:inherit;text-align:start;white-space:normal;color:rgb(34, 34, 34);background-color:rgb(255, 255, 255);margin:0px;margin-bottom:0px;margin-top:0px;margin-left:0px;margin-right:0px;padding:0px;padding-bottom:0px;padding-top:0px;padding-left:0px;padding-right:0px;box-sizing:border-box\" align=\"start\"><span style=\"font-size:20px;font-family:arial, helvetica, sans-serif\">LiFePO4 Battery can perfectly replace traditional lead batteries. LiFePO4 Cells with higher energy density, better stability make the batteries good enough at high temperature performance, high power output, low self-discharge rate.LiFePO4 Battery can be 96%-99% discharged while lead acid battery can discharge only 40% to 50%.<\/span><\/p>\n<\/div>\n<div style=\"margin:0px;margin-bottom:0px;margin-top:0px;margin-left:0px;margin-right:0px;padding:0px;padding-bottom:0px;padding-top:0px;padding-left:0px;padding-right:0px;box-sizing:content-box\" class=\"detailmodule_text-image\"><\/div>\n<div style=\"margin:0px;margin-bottom:0px;margin-top:0px;margin-left:0px;margin-right:0px;padding:0px;padding-bottom:0px;padding-top:0px;padding-left:0px;padding-right:0px;box-sizing:content-box\" class=\"detailmodule_text-image\">\n<p style=\"font-size:16px;line-height:inherit;color:rgb(208, 2, 27);margin:0px;margin-bottom:0px;margin-top:0px;margin-left:0px;margin-right:0px;padding:0px;padding-bottom:0px;padding-top:0px;padding-left:0px;padding-right:0px;box-sizing:border-box\"><strong>12V 6Ah LiPO4 Battery<\/strong><\/p>\n<p style=\"font-size:13px;line-height:inherit;margin:0px;margin-bottom:0px;margin-top:0px;margin-left:0px;margin-right:0px;padding:0px;padding-bottom:0px;padding-top:0px;padding-left:0px;padding-right:0px;box-sizing:border-box\"><span style=\"font-size:20px;font-family:arial, helvetica, sans-serif\">Nomin\u0101lais spriegums: 12,8 V<br \/>Nominal Capacity: 6Ah<br \/>Built-in BMS:4S15A<br \/>Energy: 76.8Wh<br \/>Cycle Life: \uff1e4000 cycles at 0.5C<br \/>Charge Voltage: 14.6\u00b10.2V<br \/>Suggest Charge Current: 0.5C(3A)<br \/>Max. Discharge\/Charge Current: 10A<br \/>Max. Pulse Current: 20A(\uff1c3S)<br \/>Discharge Cut-off Voltage: 10.0V<br \/>Charge Temperature: 0 to 45\u2103 (32 to 113\u2109)<br \/>Discharge Temperature: -20 to 60\u2103 (-4 to 140\u2109)<br \/>Storage Temperature: 0 to 45\u2103 (32 to 113\u2109)<br \/>\u016adens putek\u013cu iztur\u012bba: IP5<br \/>Case Material: ABS<br \/>Dimension (L\/W\/H): L:151mm*W:65mm*H:100mm<br \/>Weight: Approx. 0.75kg<br \/>Terminal Type: F2<\/span><\/p>\n<div style=\"margin:0px;margin-bottom:0px;margin-top:0px;margin-left:0px;margin-right:0px;padding:0px;padding-bottom:0px;padding-top:0px;padding-left:0px;padding-right:0px;box-sizing:content-box\"><img decoding=\"async\" src=\"https:\/\/ae01.alicdn.com\/kf\/S697402c1550147609fafd6665daed34fO.jpg\" slate-data-type=\"image\"\/><img decoding=\"async\" src=\"https:\/\/ae01.alicdn.com\/kf\/S3fafb04bf5db4efc9135ce791296555d4.jpg\" slate-data-type=\"image\"\/><img decoding=\"async\" src=\"https:\/\/ae01.alicdn.com\/kf\/S32abe70b53b24e1aa567856138fe600fa.jpg\" slate-data-type=\"image\"\/><img decoding=\"async\" src=\"https:\/\/ae01.alicdn.com\/kf\/S909f29fb2c4d47e291beef3b4b440b4eQ.jpg\" slate-data-type=\"image\"\/><img decoding=\"async\" src=\"https:\/\/ae01.alicdn.com\/kf\/Sf26a8ab905014bbb99c8a92d6db8b43fP.jpg\" slate-data-type=\"image\"\/><img decoding=\"async\" src=\"https:\/\/ae01.alicdn.com\/kf\/S98227e933a724425a9a337a6a2a42572x.jpg\" slate-data-type=\"image\"\/><img decoding=\"async\" src=\"https:\/\/ae01.alicdn.com\/kf\/S5fd84ecd91124f5eb616747dd971cb3aJ.jpg\" slate-data-type=\"image\"\/><img decoding=\"async\" src=\"https:\/\/ae01.alicdn.com\/kf\/S656b3d661da64520beeae103c6db2105S.jpg\" slate-data-type=\"image\"\/><\/div>\n<\/div>\n<\/div>\n<\/div>\n<p><\/p>","protected":false},"excerpt":{"rendered":"<p>Hign-concerned Chemical:&nbsp;None Nominal Capacity:&nbsp;12v Weight:&nbsp;1kg Voltage:&nbsp;12v Application:&nbsp;Electric Bicycle,E-scooter,RV,Marine Boat,Trolling Motor Model Number:&nbsp;J212 Type:&nbsp;Lead-acid Brand Name:&nbsp;GaiaRay Origin:&nbsp;Mainland China Rated Voltage:&nbsp;14.8V Gaiaray New 12V 6Ah LiFePo4 Battery with built-in BMS rechargeable battery<\/p>","protected":false},"featured_media":7664,"comment_status":"open","ping_status":"closed","template":"","meta":{"_acf_changed":false},"product_brand":[],"product_cat":[236],"product_tag":[271],"class_list":{"0":"post-7661","1":"product","2":"type-product","3":"status-publish","4":"has-post-thumbnail","6":"product_cat-100ah","7":"product_tag-gaiary","9":"first","10":"instock","11":"shipping-taxable","12":"purchasable","13":"product-type-variable"},"acf":[],"_links":{"self":[{"href":"https:\/\/www.electricstore.eu\/lv\/wp-json\/wp\/v2\/product\/7661","targetHints":{"allow":["GET"]}}],"collection":[{"href":"https:\/\/www.electricstore.eu\/lv\/wp-json\/wp\/v2\/product"}],"about":[{"href":"https:\/\/www.electricstore.eu\/lv\/wp-json\/wp\/v2\/types\/product"}],"replies":[{"embeddable":true,"href":"https:\/\/www.electricstore.eu\/lv\/wp-json\/wp\/v2\/comments?post=7661"}],"wp:featuredmedia":[{"embeddable":true,"href":"https:\/\/www.electricstore.eu\/lv\/wp-json\/wp\/v2\/media\/7664"}],"wp:attachment":[{"href":"https:\/\/www.electricstore.eu\/lv\/wp-json\/wp\/v2\/media?parent=7661"}],"wp:term":[{"taxonomy":"product_brand","embeddable":true,"href":"https:\/\/www.electricstore.eu\/lv\/wp-json\/wp\/v2\/product_brand?post=7661"},{"taxonomy":"product_cat","embeddable":true,"href":"https:\/\/www.electricstore.eu\/lv\/wp-json\/wp\/v2\/product_cat?post=7661"},{"taxonomy":"product_tag","embeddable":true,"href":"https:\/\/www.electricstore.eu\/lv\/wp-json\/wp\/v2\/product_tag?post=7661"}],"curies":[{"name":"wp","href":"https:\/\/api.w.org\/{rel}","templated":true}]}}