{"id":7628,"date":"2025-05-15T19:33:19","date_gmt":"2025-05-15T19:33:19","guid":{"rendered":"https:\/\/electricstore.eu\/product\/gaiaray-4-32pcs-3-2v-280ah-lifepo4-battery-cells\/"},"modified":"2025-05-21T05:40:12","modified_gmt":"2025-05-21T05:40:12","slug":"gaiaray-4-32pcs-3-2v-280ah-lifepo4-battery-cells","status":"publish","type":"product","link":"https:\/\/www.electricstore.eu\/lv\/p\/batteries\/lifepo4-batteries\/lifepo4-battery-cells\/gaiaray-4-32pcs-3-2v-280ah-lifepo4-battery-cells\/","title":{"rendered":"GaiaRay LF280K 280Ah 3.2V LiFePO4 akumulatora elements"},"content":{"rendered":"<div class=\"product-specs-list-container\">\n<ul class=\"product-specs-list util-clearfix\">\n<li class=\"product-prop line-limit-length\"><span\n                                        class=\"property-title\">Connection:&nbsp;<\/span><span\n                                        class=\"property-desc line-limit-length\">Citi<\/span>\n                            <\/li>\n<li class=\"product-prop line-limit-length\"><span\n                                        class=\"property-title\">Augstas ba\u017eas izraiso\u0161a \u0137\u012bmiska viela:&nbsp;<\/span><span\n                                        class=\"property-desc line-limit-length\">Neviens<\/span>\n                            <\/li>\n<li class=\"product-prop line-limit-length\"><span\n                                        class=\"property-title\">Nomin\u0101l\u0101 ietilp\u012bba:&nbsp;<\/span><span\n                                        class=\"property-desc line-limit-length\">280AH<\/span>\n                            <\/li>\n<li class=\"product-prop line-limit-length\"><span\n                                        class=\"property-title\">Svars:&nbsp;<\/span><span\n                                        class=\"property-desc line-limit-length\">5,5\u00a0kg<\/span>\n                            <\/li>\n<li class=\"product-prop line-limit-length\"><span\n                                        class=\"property-title\">Spriegums:&nbsp;<\/span><span\n                                        class=\"property-desc line-limit-length\">3,2 V<\/span>\n                            <\/li>\n<li class=\"product-prop line-limit-length\"><span\n                                        class=\"property-title\">Izm\u0113rs:&nbsp;<\/span><span\n                                        class=\"property-desc line-limit-length\">173 * 71 * 204 mm<\/span>\n                            <\/li>\n<li class=\"product-prop line-limit-length\"><span\n                                        class=\"property-title\">Pielietojums:&nbsp;<\/span><span\n                                        class=\"property-desc line-limit-length\">RV,Marine Boat,Trolling Motor,Solar Power Storage,Off-Grid Solar Power System,Others<\/span>\n                            <\/li>\n<li class=\"product-prop line-limit-length\"><span\n                                        class=\"property-title\">Mode\u013ca numurs:&nbsp;<\/span><span\n                                        class=\"property-desc line-limit-length\">LF280K<\/span>\n                            <\/li>\n<li class=\"product-prop line-limit-length\"><span\n                                        class=\"property-title\">Tips:&nbsp;<\/span><span\n                                        class=\"property-desc line-limit-length\">LiFePO4<\/span>\n                            <\/li>\n<li class=\"product-prop line-limit-length\"><span\n                                        class=\"property-title\">Z\u012bmola nosaukums:&nbsp;<\/span><span\n                                        class=\"property-desc line-limit-length\">GaiaRay<\/span>\n                            <\/li>\n<li class=\"product-prop line-limit-length\"><span\n                                        class=\"property-title\">Izcelsme:&nbsp;<\/span><span\n                                        class=\"property-desc line-limit-length\">Kontinent\u0101l\u0101 \u0136\u012bna<\/span>\n                            <\/li>\n<li class=\"product-prop line-limit-length\"><span\n                                        class=\"property-title\">Nomin\u0101lais spriegums:&nbsp;<\/span><span\n                                        class=\"property-desc line-limit-length\">Citi<\/span>\n                            <\/li>\n<li class=\"product-prop line-limit-length\"><span\n                                        class=\"property-title\">Nomin\u0101l\u0101 ietilp\u012bba:&nbsp;<\/span><span\n                                        class=\"property-desc line-limit-length\">280AH<\/span>\n                            <\/li>\n<li class=\"product-prop line-limit-length\"><span\n                                        class=\"property-title\">Svars:&nbsp;<\/span><span\n                                        class=\"property-desc line-limit-length\">5.6KG<\/span>\n                            <\/li>\n<li class=\"product-prop line-limit-length\"><span\n                                        class=\"property-title\">Izm\u0113rs:&nbsp;<\/span><span\n                                        class=\"property-desc line-limit-length\">173 * 71 * 204 mm<\/span>\n                            <\/li>\n<li class=\"product-prop line-limit-length\"><span\n                                        class=\"property-title\">Uzl\u0101des\/izl\u0101des izsl\u0113g\u0161anas spriegums::&nbsp;<\/span><span\n                                        class=\"property-desc line-limit-length\">3,65 V\/2,5 V<\/span>\n                            <\/li>\n<li class=\"product-prop line-limit-length\"><span\n                                        class=\"property-title\">Skr\u016bves izm\u0113rs:&nbsp;<\/span><span\n                                        class=\"property-desc line-limit-length\">M6<\/span>\n                            <\/li>\n<li class=\"product-prop line-limit-length\"><span\n                                        class=\"property-title\">Cikla dz\u012bve:&nbsp;<\/span><span\n                                        class=\"property-desc line-limit-length\">8000 cikls<\/span>\n                            <\/li>\n<li class=\"product-prop line-limit-length\"><span\n                                        class=\"property-title\">Piem\u0113rots sist\u0113mai:&nbsp;<\/span><span\n                                        class=\"property-desc line-limit-length\">12 V 24 V 48 V 72 V 96 V 108 V saules ener\u0123ijas uzglab\u0101\u0161anas sist\u0113ma<\/span>\n                            <\/li>\n<li class=\"product-prop line-limit-length\"><span\n                                        class=\"property-title\">Pieteikums:&nbsp;<\/span><span\n                                        class=\"property-desc line-limit-length\">RV Mikroautobusi Kemperi Elektroautobusi Laivas Jahtas Golfa rati\u0146i Iekr\u0101v\u0113ji Saules baterijas<\/span>\n                            <\/li>\n<\/ul><\/div>\n<div class=\"detailmodule_text\">\n<p style=\"font-size:20px;font-weight:bold;text-align:center;color:rgb(245, 166, 35);display:block;width:100%\" align=\"center\">[Apraksts]<\/p>\n<\/div>\n<div class=\"detailmodule_text\">\n<p style=\"font-size:16px;font-weight:bold;color:rgb(0, 0, 0)\">Produkta apraksts<\/p>\n<\/div>\n<div class=\"detailmodule_text\">\n<p style=\"font-size:16px;font-weight:bold\">Apexium REPT280AH lifepo4 Battery Pack<\/p>\n<\/div>\n<div class=\"detailmodule_text\">\n<p style=\"font-size:16px;font-weight:bold\">Actual capacity 280AH<\/p>\n<\/div>\n<div class=\"detailmodule_text\">\n<p style=\"font-size:16px;font-weight:bold\">Nomin\u0101lais spriegums 3,2 V<\/p>\n<\/div>\n<div class=\"detailmodule_text\">\n<p style=\"font-size:16px;font-weight:bold\">High life expectancy 8000-10000cycles<\/p>\n<\/div>\n<div class=\"detailmodule_text\">\n<p style=\"font-size:16px;font-weight:bold\">Maksim\u0101lais uzl\u0101des spriegums 3,65 V<\/p>\n<\/div>\n<div class=\"detailmodule_text\">\n<p style=\"font-size:16px;font-weight:bold\">Mai\u0146str\u0101vas pretest\u012bba 0,25 mOhm<\/p>\n<\/div>\n<div class=\"detailmodule_text\">\n<p style=\"font-size:16px;font-weight:bold\">Uzl\u0101des temperat\u016bra -5\u201360 \u00b0C<\/p>\n<\/div>\n<div class=\"detailmodule_text\">\n<p style=\"font-size:16px;font-weight:bold\">Weight 5.6kg<\/p>\n<\/div>\n<div class=\"detailmodule_text\">\n<p style=\"font-size:16px;font-weight:bold\">Izm\u0113ri 202 * 172 * 72 mm<\/p>\n<\/div>\n<div class=\"detailmodule_text\">\n<p style=\"font-size:16px;font-weight:bold\">\u5546\u54c1\u4ee3\u91d1\u306b\u306f\u65e5\u672c\u56fd\u5185\u3067\u306e\u6d88\u8cbb\u7a0e\u306f\u542b\u307e\u308c\u3066\u304a\u308a\u307e\u305b\u3093\u306e\u3067\u3001\u3054\u4e86\u627f\u3044\u305f\u3060\u3051\u308b\u65b9\u306e\u307f\u767a\u9001\u3055\u305b\u3066\u3044\u305f\u3060\u304d\u307e\u3059\u3002<\/p>\n<\/div>\n<div class=\"detailmodule_text\">\n<p style=\"font-family:OpenSans;font-size:14px;font-weight:300;line-height:20px;white-space:pre-wrap;color:rgb(0, 0, 0);margin-bottom:12px\" class=\"detail-desc-decorate-content\">Ukrainu var nos\u016bt\u012bt no Polijas noliktav\u0101m, un to var pieg\u0101d\u0101t 3\u20137 dienu laik\u0101 p\u0113c ieg\u0101des.<\/p>\n<\/div>\n<div class=\"detailmodule_image\"><img decoding=\"async\" class=\"detail-desc-decorate-image\" src=\"https:\/\/ae01.alicdn.com\/kf\/S9ecd6cccf952482cbff40e3d530a1576R.jpg\" slate-data-type=\"image\"\/><\/div>\n<div class=\"detailmodule_text\">\n<p style=\"font-size:16px;font-weight:bold\">Gaiaray EVE Grade A 3.2V 100AH 120AH 280AH Battery LiFePO4 Lithium Iron Phospha For 12V 24V 4S E-scooter RV Solar Energy Stora<\/p>\n<\/div>\n<div class=\"detailmodule_text\">\n<p style=\"font-size:16px;font-weight:bold\">Q:WhydoIneedtosupplementtheshippingcost?<\/p>\n<\/div>\n<div class=\"detailmodule_text\">\n<p style=\"font-size:13px;font-weight:bold\">Answer:Remote areas need additional surcharge,please send your address to confirm before purchasing,otherwise please do not place an order<\/p>\n<\/div>\n<div class=\"detailmodule_text\">\n<p style=\"font-size:16px;font-weight:bold\">Tips:\u2708We have 100ah,280ah in stock in our warehouse in Poland,EU countries can be purchased directly,arrival 3-7 days.<\/p>\n<\/div>\n<div class=\"detailmodule_text\">\n<p style=\"font-size:16px;font-weight:bold;color:rgb(0, 0, 0)\">Pieg\u0101des laiks<\/p>\n<\/div>\n<div class=\"detailmodule_text\">\n<p style=\"font-size:16px;font-weight:bold;color:rgb(0, 0, 0)\">No \u0136\u012bnas uz Eiropu: 50\u201360 dienas<\/p>\n<\/div>\n<div class=\"detailmodule_text\">\n<p style=\"font-size:16px;font-weight:bold;color:rgb(0, 0, 0)\">Jap\u0101na: 7\u201315 dienas<\/p>\n<\/div>\n<div class=\"detailmodule_text\">\n<p style=\"font-size:16px;font-weight:bold;color:rgb(0, 0, 0)\">Koreja: 7\u201315 dienas<\/p>\n<\/div>\n<div class=\"detailmodule_text\">\n<p style=\"font-size:16px;font-weight:bold;color:rgb(0, 0, 0)\">Krievija: 40\u201350 dienas<\/p>\n<\/div>\n<div class=\"detailmodule_text\">\n<p style=\"font-size:16px;font-weight:bold;color:rgb(0, 0, 0)\">ASV: 50\u201360 dienas<\/p>\n<\/div>\n<div class=\"detailmodule_text\">\n<p style=\"font-size:16px;font-weight:bold;color:rgb(0, 0, 0)\">Kan\u0101da Kan\u0101da: 50\u201360 dienas<\/p>\n<\/div>\n<div class=\"detailmodule_text\">\n<p style=\"font-size:16px;font-weight:bold;color:rgb(0, 0, 0)\">Austr\u0101lija: 50\u201360 dienas<\/p>\n<\/div>\n<div class=\"detailmodule_text\">\n<p style=\"font-size:16px;font-weight:bold;color:rgb(0, 0, 0)\">Ukraina: 60\u201370 dienas<\/p>\n<\/div>\n<div class=\"detailmodule_text\">\n<p style=\"font-size:16px;font-weight:bold;color:rgb(0, 0, 0)\">V\u0113rt\u012bgi padomi: Ukraina izv\u0113las gaisa transportu 7\u201315 dienu laik\u0101, lai nok\u013c\u016btu galam\u0113r\u0137\u012b!<\/p>\n<\/div>\n<div class=\"detailmodule_text\">\n<p style=\"font-size:16px;font-weight:bold\">Warm Tips<\/p>\n<\/div>\n<div class=\"detailmodule_text\">\n<p style=\"font-size:16px;font-weight:bold\">Q: Why do you need to pay extra fees in the European Union<\/p>\n<\/div>\n<div class=\"detailmodule_image\"><img decoding=\"async\" class=\"detail-desc-decorate-image\" src=\"https:\/\/ae01.alicdn.com\/kf\/S2c55404059a1490896241d537b7f052ar.jpg\" slate-data-type=\"image\"\/><\/div>\n<div class=\"detailmodule_image\"><img decoding=\"async\" style=\"margin-bottom:10px\" class=\"detail-desc-decorate-image\" src=\"https:\/\/ae01.alicdn.com\/kf\/Sb7f7abd4cafe46c4955ab2fc4decb35fN.jpg\" slate-data-type=\"image\"\/><img decoding=\"async\" style=\"margin-bottom:10px\" class=\"detail-desc-decorate-image\" src=\"https:\/\/ae01.alicdn.com\/kf\/S4d0f74e89b97413bb5008e972e4824bbS.jpg\" slate-data-type=\"image\"\/><img decoding=\"async\" class=\"detail-desc-decorate-image\" src=\"https:\/\/ae01.alicdn.com\/kf\/Se6070fd68bc24190845528d16ae8e61c2.jpg\" slate-data-type=\"image\"\/><\/div>\n<div class=\"detailmodule_image\"><img fetchpriority=\"high\" decoding=\"async\" class=\"detail-desc-decorate-image\" width=\"1000\" height=\"1000\" src=\"https:\/\/ae01.alicdn.com\/kf\/S4ce68901942c4924ae926283e7b70cd1g.jpg\" slate-data-type=\"image\"\/><img decoding=\"async\" class=\"detail-desc-decorate-image\" width=\"1000\" height=\"1000\" src=\"https:\/\/ae01.alicdn.com\/kf\/S64fa33490fdb4f35868a049564bcc2330.jpg\" slate-data-type=\"image\"\/><img decoding=\"async\" class=\"detail-desc-decorate-image\" src=\"https:\/\/ae01.alicdn.com\/kf\/Sf1e1fc0d53664845ae05fbd93a369acd2.jpg\" slate-data-type=\"image\"\/><img decoding=\"async\" class=\"detail-desc-decorate-image\" src=\"https:\/\/ae01.alicdn.com\/kf\/S3f16c1c71264487ca375043e8f58b075d.jpg\" slate-data-type=\"image\"\/><\/div>\n<div class=\"detailmodule_image\"><img decoding=\"async\" class=\"detail-desc-decorate-image\" src=\"https:\/\/ae01.alicdn.com\/kf\/S3bd9415f10ea4faab1a0d7813692f4d6P.jpg\" slate-data-type=\"image\"\/><img decoding=\"async\" class=\"detail-desc-decorate-image\" src=\"https:\/\/ae01.alicdn.com\/kf\/Sb54e82fbf2e440edb64e7e7821f2fe89h.png\" slate-data-type=\"image\"\/><img decoding=\"async\" class=\"detail-desc-decorate-image\" src=\"https:\/\/ae01.alicdn.com\/kf\/S3af62ed51a6c4c9aaf6b1a74f942731d7.jpg\" slate-data-type=\"image\"\/><img decoding=\"async\" class=\"detail-desc-decorate-image\" src=\"https:\/\/ae01.alicdn.com\/kf\/Sa525f81f13fa45d5a4d28e743ba1abd0r.jpg\" slate-data-type=\"image\"\/><img decoding=\"async\" class=\"detail-desc-decorate-image\" src=\"https:\/\/ae01.alicdn.com\/kf\/Sd38090f9a3a04d9cbe8750c62a40b127u.jpg\" slate-data-type=\"image\"\/><img decoding=\"async\" class=\"detail-desc-decorate-image\" src=\"https:\/\/ae01.alicdn.com\/kf\/Sc1f01b78a31c4945a44765c40f701120P.jpg\" slate-data-type=\"image\"\/><img decoding=\"async\" class=\"detail-desc-decorate-image\" src=\"https:\/\/ae01.alicdn.com\/kf\/S2fd873fa2d0647c38d6b0b7c2e150b78d.jpg\" slate-data-type=\"image\"\/><\/div>\n<p><\/p>","protected":false},"excerpt":{"rendered":"<p>Connection:&nbsp;Others Hign-concerned Chemical:&nbsp;None Nominal Capacity:&nbsp;280AH Weight:&nbsp;5.5KG Voltage:&nbsp;3.2v Size:&nbsp;173*71*204mm Application:&nbsp;RV,Marine Boat,Trolling Motor,Solar Power Storage,Off-Grid Solar Power System,Others Model Number:&nbsp;LF280K Type:&nbsp;LiFePO4 Brand Name:&nbsp;GaiaRay Origin:&nbsp;Mainland China Rated Voltage:&nbsp;Others Nominal Capacity:&nbsp;280AH Weight:&nbsp;5.6KG Dimension:&nbsp;173*71*204mm Charge\/discharge<\/p>","protected":false},"featured_media":7629,"comment_status":"open","ping_status":"closed","template":"","meta":{"_acf_changed":false},"product_brand":[],"product_cat":[235],"product_tag":[271],"class_list":{"0":"post-7628","1":"product","2":"type-product","3":"status-publish","4":"has-post-thumbnail","6":"product_cat-lifepo4-battery-cells","7":"product_tag-gaiary","9":"first","10":"instock","11":"shipping-taxable","12":"purchasable","13":"product-type-variable"},"acf":[],"_links":{"self":[{"href":"https:\/\/www.electricstore.eu\/lv\/wp-json\/wp\/v2\/product\/7628","targetHints":{"allow":["GET"]}}],"collection":[{"href":"https:\/\/www.electricstore.eu\/lv\/wp-json\/wp\/v2\/product"}],"about":[{"href":"https:\/\/www.electricstore.eu\/lv\/wp-json\/wp\/v2\/types\/product"}],"replies":[{"embeddable":true,"href":"https:\/\/www.electricstore.eu\/lv\/wp-json\/wp\/v2\/comments?post=7628"}],"wp:featuredmedia":[{"embeddable":true,"href":"https:\/\/www.electricstore.eu\/lv\/wp-json\/wp\/v2\/media\/7629"}],"wp:attachment":[{"href":"https:\/\/www.electricstore.eu\/lv\/wp-json\/wp\/v2\/media?parent=7628"}],"wp:term":[{"taxonomy":"product_brand","embeddable":true,"href":"https:\/\/www.electricstore.eu\/lv\/wp-json\/wp\/v2\/product_brand?post=7628"},{"taxonomy":"product_cat","embeddable":true,"href":"https:\/\/www.electricstore.eu\/lv\/wp-json\/wp\/v2\/product_cat?post=7628"},{"taxonomy":"product_tag","embeddable":true,"href":"https:\/\/www.electricstore.eu\/lv\/wp-json\/wp\/v2\/product_tag?post=7628"}],"curies":[{"name":"wp","href":"https:\/\/api.w.org\/{rel}","templated":true}]}}