{"id":7539,"date":"2025-05-15T19:32:26","date_gmt":"2025-05-15T19:32:26","guid":{"rendered":"https:\/\/electricstore.eu\/product\/usamr-60ah-12v-lifepo4-battery\/"},"modified":"2025-05-21T05:40:16","modified_gmt":"2025-05-21T05:40:16","slug":"usamr-60ah-12v-lifepo4-battery","status":"publish","type":"product","link":"https:\/\/www.electricstore.eu\/lv\/p\/batteries\/lifepo4-batteries\/100ah\/usamr-60ah-12v-lifepo4-battery\/","title":{"rendered":"USAMR 60Ah 12V LiFePO4 akumulators"},"content":{"rendered":"<div class=\"product-specs-list-container\">\n<ul class=\"product-specs-list util-clearfix\">\n<li class=\"product-prop line-limit-length\"><span\n                                        class=\"property-title\">Nomin\u0101l\u0101 ietilp\u012bba:&nbsp;<\/span><span\n                                        class=\"property-desc line-limit-length\">50AH<\/span>\n                            <\/li>\n<li class=\"product-prop line-limit-length\"><span\n                                        class=\"property-title\">Svars:&nbsp;<\/span><span\n                                        class=\"property-desc line-limit-length\">About 7.3kg<\/span>\n                            <\/li>\n<li class=\"product-prop line-limit-length\"><span\n                                        class=\"property-title\">Izm\u0113rs:&nbsp;<\/span><span\n                                        class=\"property-desc line-limit-length\">230x230x180mm<\/span>\n                            <\/li>\n<li class=\"product-prop line-limit-length\"><span\n                                        class=\"property-title\">Pielietojums:&nbsp;<\/span><span\n                                        class=\"property-desc line-limit-length\">EV, RV, j\u016bras laivas, velc\u0113\u0161anas motors, m\u0101jas ener\u0123ija, saules ener\u0123ijas uzglab\u0101\u0161ana, saules ener\u0123ijas sist\u0113ma bez t\u012bkla, citi<\/span>\n                            <\/li>\n<li class=\"product-prop line-limit-length\"><span\n                                        class=\"property-title\">Mode\u013ca numurs:&nbsp;<\/span><span\n                                        class=\"property-desc line-limit-length\">12 V Liferpo4 akumulators<\/span>\n                            <\/li>\n<li class=\"product-prop line-limit-length\"><span\n                                        class=\"property-title\">Tips:&nbsp;<\/span><span\n                                        class=\"property-desc line-limit-length\">LiFePO4<\/span>\n                            <\/li>\n<li class=\"product-prop line-limit-length\"><span\n                                        class=\"property-title\">Z\u012bmola nosaukums:&nbsp;<\/span><span\n                                        class=\"property-desc line-limit-length\">Likctt<\/span>\n                            <\/li>\n<li class=\"product-prop line-limit-length\"><span\n                                        class=\"property-title\">Izcelsme:&nbsp;<\/span><span\n                                        class=\"property-desc line-limit-length\">Kontinent\u0101l\u0101 \u0136\u012bna<\/span>\n                            <\/li>\n<\/ul><\/div>\n<div class=\"detailmodule_html\">\n<div class=\"detail-desc-decorate-richtext\">\n<p class=\"word-break white-space mt-10\" style=\"color:#ff0000;\">P\u0101rvad\u0101jumi Eiropas Savien\u012bb\u0101, Apvienotaj\u0101 Karalist\u0113, Amerikas Savienotaj\u0101s Valst\u012bs, Kan\u0101d\u0101 un \u0100zij\u0101 BEZ NODOK\u013bIEM.<\/p>\n<p class=\"word-break white-space mt-10\" style=\"color:#434649;\">ES noliktava (Polijas noliktava) ir ieradusies. Draugi, kuriem t\u0101 ir nepiecie\u0161ama, var veikt pas\u016bt\u012bjumu jau tagad. Vispirms veiciet pas\u016bt\u012bjumu un vispirms organiz\u0113jiet pieg\u0101di. Preces var\u0113siet sa\u0146emt 3\u20137 dienu laik\u0101 p\u0113c nos\u016bt\u012b\u0161anas.<\/p>\n<p class=\"word-break white-space mt-10\" style=\"text-align:left;color:#434649;font-size:16px;font-weight:bold;\">Akumulatora tips:<\/p>\n<p class=\"word-break white-space mt-10\" style=\"text-align:left;color:#434649;font-size:16px;font-weight:bold;\">Akumulatora ietilp\u012bba: 50ah<\/p>\n<p class=\"word-break white-space mt-10\" style=\"text-align:left;color:#434649;font-size:16px;font-weight:bold;\">Akumulatora izm\u0113rs: 230 * 230 * 180 mm (+\/- 10 mm)<\/p>\n<p class=\"word-break white-space mt-10\" style=\"text-align:left;color:#434649;font-size:16px;font-weight:bold;\">Weight:7.3kg(+\/-0.5kg)<\/p>\n<p class=\"word-break white-space mt-10\" style=\"text-align:left;color:#434649;font-size:16px;font-weight:bold;\">Ieb\u016bv\u0113ts: 3,2 V LiFePO4 akumulators<\/p>\n<p class=\"word-break white-space mt-10\" style=\"text-align:left;color:#434649;font-size:16px;font-weight:bold;\">Nomin\u0101lais spriegums: 12,8 V<\/p>\n<p class=\"word-break white-space mt-10\" style=\"text-align:left;color:#434649;font-size:16px;font-weight:bold;\">Maksim\u0101l\u0101 uzl\u0101des str\u0101va: 50A<\/p>\n<p class=\"word-break white-space mt-10\" style=\"text-align:left;color:#434649;font-size:16px;font-weight:bold;\">Moment\u0101n\u0101 izl\u0101des str\u0101va: 200A<\/p>\n<p class=\"word-break white-space mt-10\" style=\"text-align:left;color:#434649;font-size:16px;font-weight:bold;\">Nep\u0101rtraukta izl\u0101des str\u0101va: 100A<\/p>\n<p class=\"word-break white-space mt-10\" style=\"text-align:left;color:#434649;font-size:16px;font-weight:bold;\">Kalpo\u0161anas laiks: 6000 cikli vai vair\u0101k<\/p>\n<p class=\"word-break white-space mt-10\" style=\"text-align:left;color:#434649;font-size:16px;font-weight:bold;\">Korpusa materi\u0101ls: Matel<\/p>\n<p class=\"word-break white-space mt-10\" style=\"text-align:left;color:#434649;font-size:16px;font-weight:bold;\">Uzl\u0101des temperat\u016bra: 0~45\u00b0C<\/p>\n<p class=\"word-break white-space mt-10\" style=\"text-align:left;color:#434649;font-size:16px;font-weight:bold;\">Izl\u0101des temperat\u016bra: -20~60\u00b0C<\/p>\n<p class=\"word-break white-space mt-10\" style=\"text-align:left;color:#434649;font-size:16px;font-weight:bold;\">Uzglab\u0101\u0161anas temperat\u016bra: -20~65 \u00b0C<\/p>\n<p class=\"word-break white-space mt-10\" style=\"text-align:left;color:#434649;font-size:16px;font-weight:bold;\">Darba sprieguma diapazons: 8,0 V\u201314,6 V<\/p>\n<p class=\"word-break white-space mt-10\" style=\"text-align:left;color:#434649;font-size:16px;font-weight:bold;\">P\u0101rslodzes aizsardz\u012bbas spriegums: 14,6 V \u00b1 0,05 V<\/p>\n<p class=\"word-break white-space mt-10\" style=\"text-align:left;color:#434649;font-size:16px;font-weight:bold;\">Aizsardz\u012bbas spriegums pret p\u0101rslodzi: 8,0 V \u00b1 0,05 V<\/p>\n<p class=\"word-break white-space mt-10\" style=\"text-align:left;color:#434649;font-size:16px;font-weight:bold;\">Aizsarg\u0101t akumulatora temperat\u016bru: 60\u00b0C plus 5\u00b0C<\/p>\n<p class=\"word-break white-space mt-10\" style=\"text-align:left;color:#434649;font-size:16px;font-weight:bold;\">Izeja un parametri: augstas str\u0101vas pozit\u012bvais\/negat\u012bvais savienojuma kolonna (sarkans pozit\u012bvs, melns negat\u012bvs)<\/p>\n<p><img fetchpriority=\"high\" decoding=\"async\" height=\"1000\" referrerpolicy=\"no-referrer\" src=\"https:\/\/ae01.alicdn.com\/kf\/S9101329362e249398fd44c27a0ea40e9J.jpg?width=1000&amp;height=1000&amp;hash=2000\" style=\"width: 100%; height: auto; vertical-align: middle;\" width=\"1000\"><img decoding=\"async\" height=\"1000\" referrerpolicy=\"no-referrer\" src=\"https:\/\/ae01.alicdn.com\/kf\/S3f2239c1872b4d93a0bc0cefd7defbccF.jpg?width=1000&amp;height=1000&amp;hash=2000\" style=\"width: 100%; height: auto; vertical-align: middle;\" width=\"1000\"><img decoding=\"async\" height=\"1000\" referrerpolicy=\"no-referrer\" src=\"https:\/\/ae01.alicdn.com\/kf\/Sb950945b25a6469cafda2a1c53f8af15D.jpg?width=1000&amp;height=1000&amp;hash=2000\" style=\"width: 100%; height: auto; vertical-align: middle;\" width=\"1000\"><\/p>\n<p class=\"word-break white-space mt-10\" style=\"color:#434649;\">Battery capacity:60ah<\/p>\n<p class=\"word-break white-space mt-10\" style=\"text-align:left;color:#434649;font-size:16px;font-weight:bold;\">Battery size:240*200*130mm (+\/-10mm)<\/p>\n<p class=\"word-break white-space mt-10\" style=\"text-align:left;color:#434649;font-size:16px;font-weight:bold;\">Weight:6kg(+\/-0.5kg)<\/p>\n<p class=\"word-break white-space mt-10\" style=\"text-align:left;color:#434649;font-size:16px;font-weight:bold;\">Ieb\u016bv\u0113ts: 3,2 V LiFePO4 akumulators<\/p>\n<p class=\"word-break white-space mt-10\" style=\"text-align:left;color:#434649;font-size:16px;font-weight:bold;\">Nomin\u0101lais spriegums: 12,8 V<\/p>\n<p class=\"word-break white-space mt-10\" style=\"text-align:left;color:#434649;font-size:16px;font-weight:bold;\">Maksim\u0101l\u0101 uzl\u0101des str\u0101va: 50A<\/p>\n<p class=\"word-break white-space mt-10\" style=\"text-align:left;color:#434649;font-size:16px;font-weight:bold;\">Moment\u0101n\u0101 izl\u0101des str\u0101va: 200A<\/p>\n<p class=\"word-break white-space mt-10\" style=\"text-align:left;color:#434649;font-size:16px;font-weight:bold;\">Nep\u0101rtraukta izl\u0101des str\u0101va: 100A<\/p>\n<p class=\"word-break white-space mt-10\" style=\"text-align:left;color:#434649;font-size:16px;font-weight:bold;\">Kalpo\u0161anas laiks: 6000 cikli vai vair\u0101k<\/p>\n<p class=\"word-break white-space mt-10\" style=\"text-align:left;color:#434649;font-size:16px;font-weight:bold;\">Uzl\u0101des temperat\u016bra: 0~45\u00b0C<\/p>\n<p class=\"word-break white-space mt-10\" style=\"text-align:left;color:#434649;font-size:16px;font-weight:bold;\">Izl\u0101des temperat\u016bra: -20~60\u00b0C<\/p>\n<p class=\"word-break white-space mt-10\" style=\"text-align:left;color:#434649;font-size:16px;font-weight:bold;\">Uzglab\u0101\u0161anas temperat\u016bra: -20~65 \u00b0C<\/p>\n<p class=\"word-break white-space mt-10\" style=\"text-align:left;color:#434649;font-size:16px;font-weight:bold;\">Darba sprieguma diapazons: 8,0 V\u201314,6 V<\/p>\n<p class=\"word-break white-space mt-10\" style=\"text-align:left;color:#434649;font-size:16px;font-weight:bold;\">P\u0101rslodzes aizsardz\u012bbas spriegums: 14,6 V \u00b1 0,05 V<\/p>\n<p class=\"word-break white-space mt-10\" style=\"text-align:left;color:#434649;font-size:16px;font-weight:bold;\">Aizsardz\u012bbas spriegums pret p\u0101rslodzi: 8,0 V \u00b1 0,05 V<\/p>\n<p class=\"word-break white-space mt-10\" style=\"text-align:left;color:#434649;font-size:16px;font-weight:bold;\">Aizsarg\u0101t akumulatora temperat\u016bru: 60\u00b0C plus 5\u00b0C<\/p>\n<p class=\"word-break white-space mt-10\" style=\"text-align:left;color:#434649;font-size:16px;font-weight:bold;\">Izeja un parametri: augstas str\u0101vas pozit\u012bvais\/negat\u012bvais savienojuma kolonna (sarkans pozit\u012bvs, melns negat\u012bvs)<\/p>\n<p><img loading=\"lazy\" decoding=\"async\" height=\"1000\" referrerpolicy=\"no-referrer\" src=\"https:\/\/ae01.alicdn.com\/kf\/S39b151d96098468abea8456976b3318bn.jpg?width=1000&amp;height=1000&amp;hash=2000\" style=\"width: 100%; height: auto; vertical-align: middle;\" width=\"1000\"><img loading=\"lazy\" decoding=\"async\" height=\"1000\" referrerpolicy=\"no-referrer\" src=\"https:\/\/ae01.alicdn.com\/kf\/Sf162493e05d74f3fa5cc0dff080880f9z.jpg?width=1000&amp;height=1000&amp;hash=2000\" style=\"width: 100%; height: auto; vertical-align: middle;\" width=\"1000\"><img loading=\"lazy\" decoding=\"async\" height=\"1000\" referrerpolicy=\"no-referrer\" src=\"https:\/\/ae01.alicdn.com\/kf\/S12cda80d153141aea12690703c23fd35c.jpg?width=1000&amp;height=1000&amp;hash=2000\" style=\"width: 100%; height: auto; vertical-align: middle;\" width=\"1000\"><\/p>\n<p class=\"word-break white-space mt-10\" style=\"color:#434649;\">Elektrisk\u0101s ener\u0123ijas pielietojums<\/p>\n<p class=\"word-break white-space mt-10\" style=\"text-align:left;color:#434649;font-size:16px;font-weight:bold;\">\u25cf Iedarbiniet akumulatora motoru<\/p>\n<p class=\"word-break white-space mt-10\" style=\"text-align:left;color:#434649;font-size:16px;font-weight:bold;\">\u25cf Komerci\u0101lie autobusi un autobusi:<\/p>\n<p class=\"word-break white-space mt-10\" style=\"text-align:left;color:#434649;font-size:16px;font-weight:bold;\">Elektroautomobi\u013ci, elektriskie autobusi, golfa rati\u0146i\/elektriskie velosip\u0113di, motorolleri, kemperi, AGV, j\u016bras k\u0101jnieki, autobusi, dz\u012bvojam\u0101s piekabes, rati\u0146kr\u0113sli,<\/p>\n<p class=\"word-break white-space mt-10\" style=\"text-align:left;color:#434649;font-size:16px;font-weight:bold;\">Elektroniskie kravas automobi\u013ci, elektronisk\u0101s slauc\u012b\u0161anas ma\u0161\u012bnas, gr\u012bdas t\u012br\u012bt\u0101ji, elektroniskie staigul\u012b\u0161i utt.<\/p>\n<p class=\"word-break white-space mt-10\" style=\"text-align:left;color:#434649;font-size:16px;font-weight:bold;\">\u25cf Inteli\u0123ents robots<\/p>\n<p class=\"word-break white-space mt-10\" style=\"text-align:left;color:#434649;font-size:16px;font-weight:bold;\">\u25cf Elektroinstrumenti: elektriskie urbji, rota\u013clietas<\/p>\n<p class=\"word-break white-space mt-10\" style=\"text-align:left;color:#434649;font-size:16px;font-weight:bold;\">Ener\u0123ijas uzglab\u0101\u0161ana<\/p>\n<p class=\"word-break white-space mt-10\" style=\"text-align:left;color:#434649;font-size:16px;font-weight:bold;\">\u25cf Saules v\u0113ja ener\u0123ijas sist\u0113ma<\/p>\n<p class=\"word-break white-space mt-10\" style=\"text-align:left;color:#434649;font-size:16px;font-weight:bold;\">\u25cf Pils\u0113tas re\u017e\u0123is (iesl\u0113gts\/izsl\u0113gts)<\/p>\n<p class=\"word-break white-space mt-10\" style=\"text-align:left;color:#434649;font-size:16px;font-weight:bold;\">Rezerves sist\u0113ma un UPS<\/p>\n<p class=\"word-break white-space mt-10\" style=\"text-align:left;color:#434649;font-size:16px;font-weight:bold;\">\u25cf Telekomunik\u0101ciju b\u0101ze, kabe\u013ctelev\u012bzijas sist\u0113ma, datoru serveru centrs, medic\u012bnas iek\u0101rtas, milit\u0101rais apr\u012bkojums<\/p>\n<p class=\"word-break white-space mt-10\" style=\"text-align:left;color:#434649;font-size:16px;font-weight:bold;\">\u25cf Dro\u0161\u012bba un elektronika, mobilais tirdzniec\u012bbas punkts, kalnr\u016bpniec\u012bbas apgaismojums \/ luktur\u012btis \/ LED apgaismojums \/ av\u0101rijas apgaismojums<\/p>\n<p class=\"word-break white-space mt-10\" style=\"text-align:left;color:#434649;font-size:16px;font-weight:bold;\">Produkta priek\u0161roc\u012bbas:<\/p>\n<p class=\"word-break white-space mt-10\" style=\"text-align:left;color:#434649;font-size:16px;font-weight:bold;\">Viegli p\u0101rn\u0113s\u0101jams, liela ietilp\u012bba, augsta atbr\u012bvo\u0161anas platforma, ilgs darba laiks, ilgs kalpo\u0161anas laiks, dro\u0161\u012bba un vides aizsardz\u012bba<\/p>\n<p><img loading=\"lazy\" decoding=\"async\" height=\"1000\" referrerpolicy=\"no-referrer\" src=\"https:\/\/ae01.alicdn.com\/kf\/S27b23c2fe70a4c37899b54c92940cb610.jpg\" style=\"width: 100%; height: auto; vertical-align: middle;\" width=\"1000\"><\/div>\n<\/div>","protected":false},"excerpt":{"rendered":"<p>Nominal Capacity:&nbsp;50AH Weight:&nbsp;About 7.3kg Size:&nbsp;230x230x180mm Application:&nbsp;EV,RV,Marine Boat,Trolling Motor,Home Energy,Solar Power Storage,Off-Grid Solar Power System,Others Model Number:&nbsp;12V Liferpo4 Battery Type:&nbsp;LiFePO4 Brand Name:&nbsp;Likctt Origin:&nbsp;Mainland China Transportation in the European Union, United Kingdom,the<\/p>","protected":false},"featured_media":7533,"comment_status":"open","ping_status":"closed","template":"","meta":{"_acf_changed":false},"product_brand":[],"product_cat":[236],"product_tag":[243],"class_list":{"0":"post-7539","1":"product","2":"type-product","3":"status-publish","4":"has-post-thumbnail","6":"product_cat-100ah","7":"product_tag-usamr","9":"first","10":"instock","11":"shipping-taxable","12":"purchasable","13":"product-type-variable"},"acf":[],"_links":{"self":[{"href":"https:\/\/www.electricstore.eu\/lv\/wp-json\/wp\/v2\/product\/7539","targetHints":{"allow":["GET"]}}],"collection":[{"href":"https:\/\/www.electricstore.eu\/lv\/wp-json\/wp\/v2\/product"}],"about":[{"href":"https:\/\/www.electricstore.eu\/lv\/wp-json\/wp\/v2\/types\/product"}],"replies":[{"embeddable":true,"href":"https:\/\/www.electricstore.eu\/lv\/wp-json\/wp\/v2\/comments?post=7539"}],"wp:featuredmedia":[{"embeddable":true,"href":"https:\/\/www.electricstore.eu\/lv\/wp-json\/wp\/v2\/media\/7533"}],"wp:attachment":[{"href":"https:\/\/www.electricstore.eu\/lv\/wp-json\/wp\/v2\/media?parent=7539"}],"wp:term":[{"taxonomy":"product_brand","embeddable":true,"href":"https:\/\/www.electricstore.eu\/lv\/wp-json\/wp\/v2\/product_brand?post=7539"},{"taxonomy":"product_cat","embeddable":true,"href":"https:\/\/www.electricstore.eu\/lv\/wp-json\/wp\/v2\/product_cat?post=7539"},{"taxonomy":"product_tag","embeddable":true,"href":"https:\/\/www.electricstore.eu\/lv\/wp-json\/wp\/v2\/product_tag?post=7539"}],"curies":[{"name":"wp","href":"https:\/\/api.w.org\/{rel}","templated":true}]}}