{"id":7480,"date":"2025-05-15T19:31:47","date_gmt":"2025-05-15T19:31:47","guid":{"rendered":"https:\/\/electricstore.eu\/product\/usamr-8pcs-3-2v-350ah-lifepo4-battery-cells\/"},"modified":"2025-05-20T13:34:09","modified_gmt":"2025-05-20T13:34:09","slug":"usamr-8pcs-3-2v-350ah-lifepo4-battery-cells","status":"publish","type":"product","link":"https:\/\/www.electricstore.eu\/lv\/p\/batteries\/lifepo4-batteries\/lifepo4-battery-cells\/usamr-8pcs-3-2v-350ah-lifepo4-battery-cells\/","title":{"rendered":"Likctt 350Ah 3.2V LiFePO4 akumulatora elementi"},"content":{"rendered":"<div class=\"product-specs-list-container\">\n<ul class=\"product-specs-list util-clearfix\">\n<li class=\"product-prop line-limit-length\"><span\n                                        class=\"property-title\">Nomin\u0101l\u0101 ietilp\u012bba:&nbsp;<\/span><span\n                                        class=\"property-desc line-limit-length\">350AH<\/span>\n                            <\/li>\n<li class=\"product-prop line-limit-length\"><span\n                                        class=\"property-title\">Svars:&nbsp;<\/span><span\n                                        class=\"property-desc line-limit-length\">Apm\u0113ram 5,6\u00a0kg<\/span>\n                            <\/li>\n<li class=\"product-prop line-limit-length\"><span\n                                        class=\"property-title\">Izm\u0113rs:&nbsp;<\/span><span\n                                        class=\"property-desc line-limit-length\">174 * 72 * 207 mm<\/span>\n                            <\/li>\n<li class=\"product-prop line-limit-length\"><span\n                                        class=\"property-title\">Pielietojums:&nbsp;<\/span><span\n                                        class=\"property-desc line-limit-length\">EV, RV, j\u016bras laivas, velc\u0113\u0161anas motors, m\u0101jas ener\u0123ija, saules ener\u0123ijas uzglab\u0101\u0161ana, saules ener\u0123ijas sist\u0113ma bez t\u012bkla, citi<\/span>\n                            <\/li>\n<li class=\"product-prop line-limit-length\"><span\n                                        class=\"property-title\">Mode\u013ca numurs:&nbsp;<\/span><span\n                                        class=\"property-desc line-limit-length\">3,2 V Liferpo4 akumulators<\/span>\n                            <\/li>\n<li class=\"product-prop line-limit-length\"><span\n                                        class=\"property-title\">Tips:&nbsp;<\/span><span\n                                        class=\"property-desc line-limit-length\">LiFePO4<\/span>\n                            <\/li>\n<li class=\"product-prop line-limit-length\"><span\n                                        class=\"property-title\">Z\u012bmola nosaukums:&nbsp;<\/span><span\n                                        class=\"property-desc line-limit-length\">Likctt<\/span>\n                            <\/li>\n<li class=\"product-prop line-limit-length\"><span\n                                        class=\"property-title\">Izcelsme:&nbsp;<\/span><span\n                                        class=\"property-desc line-limit-length\">Kontinent\u0101l\u0101 \u0136\u012bna<\/span>\n                            <\/li>\n<\/ul><\/div>\n<div class=\"detailmodule_html\">\n<div class=\"detail-desc-decorate-richtext\">\n<p class=\"word-break white-space mt-10\" style=\"text-align:left;color:#ff0000;font-size:16px;font-weight:bold;\">Piez\u012bme: \u0160is produkts ir pieejams A un B stilos, un m\u0113s to pieg\u0101d\u0101sim nejau\u0161\u0101 sec\u012bb\u0101.<\/p>\n<p><img fetchpriority=\"high\" decoding=\"async\" height=\"1000\" referrerpolicy=\"no-referrer\" src=\"https:\/\/ae01.alicdn.com\/kf\/S1532e78c3f4b497c8d6cc18c643be48co.jpg\" style=\"width: 100%; height: auto; vertical-align: middle;\" width=\"1000\"><\/p>\n<p class=\"word-break white-space mt-10\" style=\"color:#434649;\">ES noliktava (V\u0101cijas noliktava) ir ieradusies (350AH) 200 gab. Draugi, kuriem tas ir nepiecie\u0161ams, var veikt pas\u016bt\u012bjumu jau tagad. Vispirms veiciet pas\u016bt\u012bjumu un vispirms organiz\u0113jiet pieg\u0101di. Preces var\u0113siet sa\u0146emt 3\u20137 dienu laik\u0101 p\u0113c nos\u016bt\u012b\u0161anas.<\/p>\n<p class=\"word-break white-space mt-10\" style=\"text-align:left;color:#434649;font-size:13px;font-weight:normal;\">Produkta specifik\u0101cijas<br \/>\nProdukta nosaukums: litija fosf\u0101ta dzelzs<br \/>\nNov\u0113rt\u0113jums: A pak\u0101pe<br \/>\nKvalit\u0101te: piln\u012bgi jauna<br \/>\nMateri\u0101ls: alum\u012bnijs<br \/>\nNomin\u0101l\u0101 ietilp\u012bba: 350Ah<br \/>\nMinim\u0101l\u0101 ietilp\u012bba: 350 Ah<br \/>\nIek\u0161\u0113j\u0101 pretest\u012bba: 0,1\u20130,5 m\u03a9<br \/>\nNomin\u0101lais spriegums: 3,2 V<br \/>\nIzm\u0113rs (G * P * A): 174 * 72 * 207 mm (+\/- 10 mm)<br \/>\nAkumulatora svars: aptuveni 5,6 kg<br \/>\nIeteicam\u0101 str\u0101vas konstante: 350A (1C)<br \/>\nIzl\u0101des p\u0101rtrauk\u0161anas spriegums: 2,5 V<br \/>\nIeteicam\u0101 past\u0101v\u012bg\u0101 str\u0101va: 350A (1C)<br \/>\nUzl\u0101des spriegums: 3,65 V<br \/>\nMaksim\u0101l\u0101 nep\u0101rtraukt\u0101 izl\u0101des str\u0101va: 350 A (1 C)<br \/>\nDz\u012bves cikls (90% DOD): 6000<br \/>\nUzl\u0101des temperat\u016bra: -5~60\u00b0C<br \/>\nIzl\u0101des temperat\u016bra: -30~60\u00b0C<br \/>\nPar DIY projektiem: T\u0101 k\u0101 DIY projektiem akumulatora pozit\u012bvo un negat\u012bvo polu sametin\u0101\u0161anai tiek izmantots l\u0101zers, da\u017e\u0101s metin\u0101\u0161anas viet\u0101s ir metin\u0101\u0161anas p\u0113das, kas neietekm\u0113s akumulatora lieto\u0161anu. L\u016bdzu, iepaz\u012bstieties ar to.<br \/>\nPielietojuma joma: Dzin\u0113ja iedarbin\u0101\u0161anas akumulatori, elektriskie velosip\u0113di\/motocikli\/sk\u016bteri, golfa rati\u0146i\/treni\u0146i, elektroinstrumenti\/Saules un v\u0113ja ener\u0123ijas sist\u0113mas, kemperi, karav\u0101nas\/Rezerves sist\u0113mas un UPS.<br \/>\nPiez\u012bme: Katram akumulatoram bez maksas ir pievienots 1 met\u0101la savienot\u0101js + 2 met\u0101la uzgrie\u017e\u0146i + 2 plakanas papl\u0101ksnes.<\/p>\n<p><img decoding=\"async\" height=\"1000\" referrerpolicy=\"no-referrer\" src=\"https:\/\/ae01.alicdn.com\/kf\/S26bb706e116d40c488e753e2e4203b9dK.jpg\" style=\"width: 100%; height: auto; vertical-align: middle;\" width=\"1000\"><img decoding=\"async\" height=\"1000\" referrerpolicy=\"no-referrer\" src=\"https:\/\/ae01.alicdn.com\/kf\/Sb27b7d4064b943fd83b1fba731473704K.jpg\" style=\"width: 100%; height: auto; vertical-align: middle;\" width=\"1000\"><img loading=\"lazy\" decoding=\"async\" height=\"1000\" referrerpolicy=\"no-referrer\" src=\"https:\/\/ae01.alicdn.com\/kf\/S358fa734cc1f4bb382f471fda4b30b4dK.jpg\" style=\"width: 100%; height: auto; vertical-align: middle;\" width=\"1000\"><img loading=\"lazy\" decoding=\"async\" height=\"1000\" referrerpolicy=\"no-referrer\" src=\"https:\/\/ae01.alicdn.com\/kf\/Sa67775ecc16043abbe1953f07e8d7937N.jpg\" style=\"width: 100%; height: auto; vertical-align: middle;\" width=\"1000\"><img loading=\"lazy\" decoding=\"async\" height=\"1000\" referrerpolicy=\"no-referrer\" src=\"https:\/\/ae01.alicdn.com\/kf\/S68e8016d2ba743e2b7b98ee5d3ce7258p.jpg\" style=\"width: 100%; height: auto; vertical-align: middle;\" width=\"1000\"><img loading=\"lazy\" decoding=\"async\" height=\"1000\" referrerpolicy=\"no-referrer\" src=\"https:\/\/ae01.alicdn.com\/kf\/S55edc1cfe069408897e51df3b8ad42b3I.jpg\" style=\"width: 100%; height: auto; vertical-align: middle;\" width=\"1000\"><img loading=\"lazy\" decoding=\"async\" height=\"1000\" referrerpolicy=\"no-referrer\" src=\"https:\/\/ae01.alicdn.com\/kf\/S4ceaef45ee774471a6ea50ec9d040b9cV.jpg\" style=\"width: 100%; height: auto; vertical-align: middle;\" width=\"1000\"><img loading=\"lazy\" decoding=\"async\" height=\"1000\" referrerpolicy=\"no-referrer\" src=\"https:\/\/ae01.alicdn.com\/kf\/Sad2d94d572004438ba560a76eb2bce0cY.jpg\" style=\"width: 100%; height: auto; vertical-align: middle;\" width=\"1000\"><img loading=\"lazy\" decoding=\"async\" height=\"1000\" referrerpolicy=\"no-referrer\" src=\"https:\/\/ae01.alicdn.com\/kf\/S2f9d60010e614866be6425608b5e1c3dR.jpg\" style=\"width: 100%; height: auto; vertical-align: middle;\" width=\"1000\"><img loading=\"lazy\" decoding=\"async\" height=\"1000\" referrerpolicy=\"no-referrer\" src=\"https:\/\/ae01.alicdn.com\/kf\/S92c3b30a902949efaad240200ffff083e.jpg\" style=\"width: 100%; height: auto; vertical-align: middle;\" width=\"1000\"><img loading=\"lazy\" decoding=\"async\" height=\"1000\" referrerpolicy=\"no-referrer\" src=\"https:\/\/ae01.alicdn.com\/kf\/Se67c36ca8cf740d29a0a1e9c0720b276H.jpg\" style=\"width: 100%; height: auto; vertical-align: middle;\" width=\"1000\"><img loading=\"lazy\" decoding=\"async\" height=\"1000\" referrerpolicy=\"no-referrer\" src=\"https:\/\/ae01.alicdn.com\/kf\/Se25f70b2a8e0459da01a28566215c2661.jpg\" style=\"width: 100%; height: auto; vertical-align: middle;\" width=\"1000\"><img loading=\"lazy\" decoding=\"async\" height=\"1000\" referrerpolicy=\"no-referrer\" src=\"https:\/\/ae01.alicdn.com\/kf\/Sdf45bcf43bdb4e6cb4df66e9bb09fdbbp.jpg\" style=\"width: 100%; height: auto; vertical-align: middle;\" width=\"1000\"><\/div>\n<\/div>","protected":false},"excerpt":{"rendered":"<p>Nominal Capacity:&nbsp;350AH Weight:&nbsp;About 5.6KG Size:&nbsp;174*72*207mm Application:&nbsp;EV,RV,Marine Boat,Trolling Motor,Home Energy,Solar Power Storage,Off-Grid Solar Power System,Others Model Number:&nbsp;3.2V Liferpo4 Battery Type:&nbsp;LiFePO4 Brand Name:&nbsp;Likctt Origin:&nbsp;Mainland China Note: This product is available in A<\/p>","protected":false},"featured_media":7481,"comment_status":"open","ping_status":"closed","template":"","meta":{"_acf_changed":false},"product_brand":[],"product_cat":[235],"product_tag":[243],"class_list":{"0":"post-7480","1":"product","2":"type-product","3":"status-publish","4":"has-post-thumbnail","6":"product_cat-lifepo4-battery-cells","7":"product_tag-usamr","9":"first","10":"instock","11":"shipping-taxable","12":"purchasable","13":"product-type-simple"},"acf":[],"_links":{"self":[{"href":"https:\/\/www.electricstore.eu\/lv\/wp-json\/wp\/v2\/product\/7480","targetHints":{"allow":["GET"]}}],"collection":[{"href":"https:\/\/www.electricstore.eu\/lv\/wp-json\/wp\/v2\/product"}],"about":[{"href":"https:\/\/www.electricstore.eu\/lv\/wp-json\/wp\/v2\/types\/product"}],"replies":[{"embeddable":true,"href":"https:\/\/www.electricstore.eu\/lv\/wp-json\/wp\/v2\/comments?post=7480"}],"wp:featuredmedia":[{"embeddable":true,"href":"https:\/\/www.electricstore.eu\/lv\/wp-json\/wp\/v2\/media\/7481"}],"wp:attachment":[{"href":"https:\/\/www.electricstore.eu\/lv\/wp-json\/wp\/v2\/media?parent=7480"}],"wp:term":[{"taxonomy":"product_brand","embeddable":true,"href":"https:\/\/www.electricstore.eu\/lv\/wp-json\/wp\/v2\/product_brand?post=7480"},{"taxonomy":"product_cat","embeddable":true,"href":"https:\/\/www.electricstore.eu\/lv\/wp-json\/wp\/v2\/product_cat?post=7480"},{"taxonomy":"product_tag","embeddable":true,"href":"https:\/\/www.electricstore.eu\/lv\/wp-json\/wp\/v2\/product_tag?post=7480"}],"curies":[{"name":"wp","href":"https:\/\/api.w.org\/{rel}","templated":true}]}}