{"id":25739,"date":"2025-05-20T19:01:00","date_gmt":"2025-05-20T19:01:00","guid":{"rendered":"https:\/\/electricstore.eu\/p\/uncategorized\/isinwheel-gt1-electric-scooter-800w-powerful-motor-48v10ah-battery-40km-h-speed-10-inch-tire-foldable-smart-app-adult-e-scooter\/"},"modified":"2025-05-20T19:01:02","modified_gmt":"2025-05-20T19:01:02","slug":"isinwheel-gt1-electric-scooter-800w-powerful-motor-48v10ah-battery-40km-h-speed-10-inch-tire-foldable-smart-app-adult-e-scooter","status":"publish","type":"product","link":"https:\/\/www.electricstore.eu\/lv\/p\/scooters\/isinwheel-gt1-electric-scooter-800w-powerful-motor-48v10ah-battery-40km-h-speed-10-inch-tire-foldable-smart-app-adult-e-scooter\/","title":{"rendered":"isinwheel GT1 elektriskais skrejritenis 800 W jaud\u012bgs motors 48 V 10 Ah akumulators 40 km\/h \u0101trums 10 collu riepas salok\u0101ms viedais e-skrejritenis pieaugu\u0161ajiem"},"content":{"rendered":"<div class=\"product-specs-list-container\">\n<ul class=\"product-specs-list util-clearfix\">\n<li class=\"product-prop line-limit-length\"><span\n                                        class=\"property-title\">Riepu izm\u0113rs:&nbsp;<\/span><span\n                                        class=\"property-desc line-limit-length\">10 collas<\/span>\n                            <\/li>\n<li class=\"product-prop line-limit-length\"><span\n                                        class=\"property-title\">Mode\u013ca numurs:&nbsp;<\/span><span\n                                        class=\"property-desc line-limit-length\">isinwheel GT1<\/span>\n                            <\/li>\n<li class=\"product-prop line-limit-length\"><span\n                                        class=\"property-title\">Kategorija:&nbsp;<\/span><span\n                                        class=\"property-desc line-limit-length\">Divrite\u0146u sk\u016bteris<\/span>\n                            <\/li>\n<li class=\"product-prop line-limit-length\"><span\n                                        class=\"property-title\">Piem\u0113rojamie cilv\u0113ki:&nbsp;<\/span><span\n                                        class=\"property-desc line-limit-length\">Unisex<\/span>\n                            <\/li>\n<li class=\"product-prop line-limit-length\"><span\n                                        class=\"property-title\">Diapazons ar vienu uzl\u0101di:&nbsp;<\/span><span\n                                        class=\"property-desc line-limit-length\">40\u201360 km<\/span>\n                            <\/li>\n<li class=\"product-prop line-limit-length\"><span\n                                        class=\"property-title\">Uzl\u0101des laiks:&nbsp;<\/span><span\n                                        class=\"property-desc line-limit-length\">6\u20138 stundas<\/span>\n                            <\/li>\n<li class=\"product-prop line-limit-length\"><span\n                                        class=\"property-title\">Spriegums:&nbsp;<\/span><span\n                                        class=\"property-desc line-limit-length\">48 V<\/span>\n                            <\/li>\n<li class=\"product-prop line-limit-length\"><span\n                                        class=\"property-title\">Saloc\u012bts:&nbsp;<\/span><span\n                                        class=\"property-desc line-limit-length\">J\u0100<\/span>\n                            <\/li>\n<li class=\"product-prop line-limit-length\"><span\n                                        class=\"property-title\">Izcelsme:&nbsp;<\/span><span\n                                        class=\"property-desc line-limit-length\">Kontinent\u0101l\u0101 \u0136\u012bna<\/span>\n                            <\/li>\n<li class=\"product-prop line-limit-length\"><span\n                                        class=\"property-title\">Jauda (W):&nbsp;<\/span><span\n                                        class=\"property-desc line-limit-length\">501\u20131000 W<\/span>\n                            <\/li>\n<li class=\"product-prop line-limit-length\"><span\n                                        class=\"property-title\">R\u0101mis:&nbsp;<\/span><span\n                                        class=\"property-desc line-limit-length\">Alum\u012bnija sakaus\u0113jums<\/span>\n                            <\/li>\n<li class=\"product-prop line-limit-length\"><span\n                                        class=\"property-title\">Motors:&nbsp;<\/span><span\n                                        class=\"property-desc line-limit-length\">800 W<\/span>\n                            <\/li>\n<li class=\"product-prop line-limit-length\"><span\n                                        class=\"property-title\">Akumulators:&nbsp;<\/span><span\n                                        class=\"property-desc line-limit-length\">48V10Ah<\/span>\n                            <\/li>\n<li class=\"product-prop line-limit-length\"><span\n                                        class=\"property-title\">K\u0101p\u0161anas pak\u0101pe:&nbsp;<\/span><span\n                                        class=\"property-desc line-limit-length\">35\u00b0<\/span>\n                            <\/li>\n<li class=\"product-prop line-limit-length\"><span\n                                        class=\"property-title\">Maksim\u0101l\u0101 slodze:&nbsp;<\/span><span\n                                        class=\"property-desc line-limit-length\">120 kg<\/span>\n                            <\/li>\n<li class=\"product-prop line-limit-length\"><span\n                                        class=\"property-title\">Displejs:&nbsp;<\/span><span\n                                        class=\"property-desc line-limit-length\">LED<\/span>\n                            <\/li>\n<li class=\"product-prop line-limit-length\"><span\n                                        class=\"property-title\">Sertifik\u0101ts:&nbsp;<\/span><span\n                                        class=\"property-desc line-limit-length\"><\/span>\n                            <\/li>\n<\/ul><\/div>\n<h1 style=\"text-align:center\" align=\"center\"><span style=\"background-color:rgb(255, 255, 255);color:rgb(0, 0, 0);font-size:medium;font-family:&quot;Microsoft YaHei&quot;\"><strong><span style=\"background-color:rgb(255, 255, 255);font-family:&quot;times new roman&quot;, times, serif\"><span style=\"background-color:rgb(255, 255, 255);font-size:24px\">isinwheel GT1 elektriskais skrejritenis 800 W jaud\u012bgs motors 48 V 10 Ah akumulators 40 km\/h \u0101trums 10 collu riepas salok\u0101ms viedais e-skrejritenis pieaugu\u0161ajiem<\/span><\/span><\/strong><\/span><\/h1>\n<p style=\"text-align:left\" align=\"left\"><span style=\"background-color:rgb(255, 255, 255);color:rgb(0, 0, 0);font-size:medium;font-family:&quot;Microsoft YaHei&quot;\"><strong><span style=\"background-color:rgb(255, 255, 255);font-family:&quot;times new roman&quot;, times, serif\"><span style=\"background-color:rgb(255, 255, 255);font-size:24px\"><\/span><\/span><\/strong><\/span><img decoding=\"async\" src=\"https:\/\/ae01.alicdn.com\/kf\/Sdd8410675d2740aca082166d5ec9516eM.jpg\" slate-data-type=\"image\"\/><span style=\"background-color:rgb(255, 255, 255);color:rgb(0, 0, 0);font-size:medium;font-family:&quot;Microsoft YaHei&quot;\"><strong><span style=\"background-color:rgb(255, 255, 255);font-family:&quot;times new roman&quot;, times, serif\"><span style=\"background-color:rgb(255, 255, 255);font-size:24px\"><\/span><\/span><\/strong><\/span><img decoding=\"async\" src=\"https:\/\/ae01.alicdn.com\/kf\/S63eea004c6dd45f0b8d3383cd220961fi.jpg\" slate-data-type=\"image\"\/><span style=\"background-color:rgb(255, 255, 255);color:rgb(0, 0, 0);font-size:medium;font-family:&quot;Microsoft YaHei&quot;\"><strong><span style=\"background-color:rgb(255, 255, 255);font-family:&quot;times new roman&quot;, times, serif\"><span style=\"background-color:rgb(255, 255, 255);font-size:24px\"><\/span><\/span><\/strong><\/span><img decoding=\"async\" src=\"https:\/\/ae01.alicdn.com\/kf\/S227c5c1aa97f4a7e9686a01ae9481ce5x.jpg\" slate-data-type=\"image\"\/><span style=\"background-color:rgb(255, 255, 255);color:rgb(0, 0, 0);font-size:medium;font-family:&quot;Microsoft YaHei&quot;\"><strong><span style=\"background-color:rgb(255, 255, 255);font-family:&quot;times new roman&quot;, times, serif\"><span style=\"background-color:rgb(255, 255, 255);font-size:24px\"><\/span><\/span><\/strong><\/span><img decoding=\"async\" src=\"https:\/\/ae01.alicdn.com\/kf\/Se027e05f565e4876a9b939514e8a03a0f.jpg\" slate-data-type=\"image\"\/><span style=\"background-color:rgb(255, 255, 255);color:rgb(0, 0, 0);font-size:medium;font-family:&quot;Microsoft YaHei&quot;\"><strong><span style=\"background-color:rgb(255, 255, 255);font-family:&quot;times new roman&quot;, times, serif\"><span style=\"background-color:rgb(255, 255, 255);font-size:24px\"><\/span><\/span><\/strong><\/span><img decoding=\"async\" src=\"https:\/\/ae01.alicdn.com\/kf\/S6e13d8ce4ca145e58d37498c91a29c0dz.jpg\" slate-data-type=\"image\"\/><span style=\"background-color:rgb(255, 255, 255);color:rgb(0, 0, 0);font-size:medium;font-family:&quot;Microsoft YaHei&quot;\"><strong><span style=\"background-color:rgb(255, 255, 255);font-family:&quot;times new roman&quot;, times, serif\"><span style=\"background-color:rgb(255, 255, 255);font-size:24px\"><\/span><\/span><\/strong><\/span><img decoding=\"async\" src=\"https:\/\/ae01.alicdn.com\/kf\/S2b72e47f1a1e4b8e8d98fec165c48accY.jpg\" slate-data-type=\"image\"\/><span style=\"background-color:rgb(255, 255, 255);color:rgb(0, 0, 0);font-size:medium;font-family:&quot;Microsoft YaHei&quot;\"><strong><span style=\"background-color:rgb(255, 255, 255);font-family:&quot;times new roman&quot;, times, serif\"><span style=\"background-color:rgb(255, 255, 255);font-size:24px\"><\/span><\/span><\/strong><\/span><img decoding=\"async\" src=\"https:\/\/ae01.alicdn.com\/kf\/Sdee0d3c1d3f24a5a9af67d1c2a504839L.jpg\" slate-data-type=\"image\"\/><span style=\"background-color:rgb(255, 255, 255);color:rgb(0, 0, 0);font-size:medium;font-family:&quot;Microsoft YaHei&quot;\"><strong><span style=\"background-color:rgb(255, 255, 255);font-family:&quot;times new roman&quot;, times, serif\"><span style=\"background-color:rgb(255, 255, 255);font-size:24px\"><\/span><\/span><\/strong><\/span><img decoding=\"async\" src=\"https:\/\/ae01.alicdn.com\/kf\/S9d2b9e4fea0647f3a4ffc24f229e2a3eL.jpg\" slate-data-type=\"image\"\/><span style=\"background-color:rgb(255, 255, 255);color:rgb(0, 0, 0);font-size:medium;font-family:&quot;Microsoft YaHei&quot;\"><strong><span style=\"background-color:rgb(255, 255, 255);font-family:&quot;times new roman&quot;, times, serif\"><span style=\"background-color:rgb(255, 255, 255);font-size:24px\"><\/span><\/span><\/strong><\/span><img decoding=\"async\" src=\"https:\/\/ae01.alicdn.com\/kf\/S177185492bbe4051997c8012a76556bdr.jpg\" slate-data-type=\"image\"\/><span style=\"background-color:rgb(255, 255, 255);color:rgb(0, 0, 0);font-size:medium;font-family:&quot;Microsoft YaHei&quot;\"><strong><span style=\"background-color:rgb(255, 255, 255);font-family:&quot;times new roman&quot;, times, serif\"><span style=\"background-color:rgb(255, 255, 255);font-size:24px\"><\/span><\/span><\/strong><\/span><img decoding=\"async\" src=\"https:\/\/ae01.alicdn.com\/kf\/Sd24621c7932f48319fa3003eb106bcf9C.jpg\" slate-data-type=\"image\"\/><span style=\"background-color:rgb(255, 255, 255);color:rgb(0, 0, 0);font-size:medium;font-family:&quot;Microsoft YaHei&quot;\"><strong><span style=\"background-color:rgb(255, 255, 255);font-family:&quot;times new roman&quot;, times, serif\"><span style=\"background-color:rgb(255, 255, 255);font-size:24px\"><\/span><\/span><\/strong><\/span><img decoding=\"async\" src=\"https:\/\/ae01.alicdn.com\/kf\/Sb0d597cd72d14c049fafdac8f65d2580R.jpg\" slate-data-type=\"image\"\/><span style=\"background-color:rgb(255, 255, 255);color:rgb(0, 0, 0);font-size:medium;font-family:&quot;Microsoft YaHei&quot;\"><strong><span style=\"background-color:rgb(255, 255, 255);font-family:&quot;times new roman&quot;, times, serif\"><span style=\"background-color:rgb(255, 255, 255);font-size:24px\"><\/span><\/span><\/strong><\/span><img decoding=\"async\" src=\"https:\/\/ae01.alicdn.com\/kf\/S99a333eea5f54e68942ae68fcf0fd343v.jpg\" slate-data-type=\"image\"\/><span style=\"background-color:rgb(255, 255, 255);color:rgb(0, 0, 0);font-size:medium;font-family:&quot;Microsoft YaHei&quot;\"><strong><span style=\"background-color:rgb(255, 255, 255);font-family:&quot;times new roman&quot;, times, serif\"><span style=\"background-color:rgb(255, 255, 255);font-size:24px\"><\/span><\/span><\/strong><\/span><img decoding=\"async\" src=\"https:\/\/ae01.alicdn.com\/kf\/Sb79ed211229b41d898e16dd6d905e3fcm.jpg\" slate-data-type=\"image\"\/><span style=\"background-color:rgb(255, 255, 255);color:rgb(0, 0, 0);font-size:medium;font-family:&quot;Microsoft YaHei&quot;\"><strong><span style=\"background-color:rgb(255, 255, 255);font-family:&quot;times new roman&quot;, times, serif\"><span style=\"background-color:rgb(255, 255, 255);font-size:24px\"><\/span><\/span><\/strong><\/span><img decoding=\"async\" src=\"https:\/\/ae01.alicdn.com\/kf\/Sbc7bc9e71d27418ea700a29a7367e7aeg.jpg\" slate-data-type=\"image\"\/><span style=\"background-color:rgb(255, 255, 255);color:rgb(0, 0, 0);font-size:medium;font-family:&quot;Microsoft YaHei&quot;\"><strong><span style=\"background-color:rgb(255, 255, 255);font-family:&quot;times new roman&quot;, times, serif\"><span style=\"background-color:rgb(255, 255, 255);font-size:24px\"><\/span><\/span><\/strong><\/span><img decoding=\"async\" src=\"https:\/\/ae01.alicdn.com\/kf\/Sc114bb1aa9234542ad8b25835d534708N.jpg\" slate-data-type=\"image\"\/><span style=\"background-color:rgb(255, 255, 255);color:rgb(0, 0, 0);font-size:medium;font-family:&quot;Microsoft YaHei&quot;\"><strong><span style=\"background-color:rgb(255, 255, 255);font-family:&quot;times new roman&quot;, times, serif\"><span style=\"background-color:rgb(255, 255, 255);font-size:24px\"><\/span><\/span><\/strong><\/span><img decoding=\"async\" src=\"https:\/\/ae01.alicdn.com\/kf\/S6143eeeb94e345a7ab7707c5b32c8ae05.jpg\" slate-data-type=\"image\"\/><span style=\"background-color:rgb(255, 255, 255);color:rgb(0, 0, 0);font-size:medium;font-family:&quot;Microsoft YaHei&quot;\"><strong><span style=\"background-color:rgb(255, 255, 255);font-family:&quot;times new roman&quot;, times, serif\"><span style=\"background-color:rgb(255, 255, 255);font-size:24px\"><\/span><\/span><\/strong><\/span><img decoding=\"async\" src=\"https:\/\/ae01.alicdn.com\/kf\/S8271bc027bc041e997bc1da4733058ffA.jpg\" slate-data-type=\"image\"\/><span style=\"background-color:rgb(255, 255, 255);color:rgb(0, 0, 0);font-size:medium;font-family:&quot;Microsoft YaHei&quot;\"><strong><span style=\"background-color:rgb(255, 255, 255);font-family:&quot;times new roman&quot;, times, serif\"><span style=\"background-color:rgb(255, 255, 255);font-size:24px\"><\/span><\/span><\/strong><\/span><img decoding=\"async\" src=\"https:\/\/ae01.alicdn.com\/kf\/S062d873c802f46a8b6ee75ec9a3984505.jpg\" slate-data-type=\"image\"\/><span style=\"background-color:rgb(255, 255, 255);color:rgb(0, 0, 0);font-size:medium;font-family:&quot;Microsoft YaHei&quot;\"><strong><span style=\"background-color:rgb(255, 255, 255);font-family:&quot;times new roman&quot;, times, serif\"><span style=\"background-color:rgb(255, 255, 255);font-size:24px\"><\/span><\/span><\/strong><\/span><img decoding=\"async\" src=\"https:\/\/ae01.alicdn.com\/kf\/Sdc4d915856ca47b6af207842f1ca6fb2G.jpg\" slate-data-type=\"image\"\/><span style=\"background-color:rgb(255, 255, 255);color:rgb(0, 0, 0);font-size:medium;font-family:&quot;Microsoft YaHei&quot;\"><strong><span style=\"background-color:rgb(255, 255, 255);font-family:&quot;times new roman&quot;, times, serif\"><span style=\"background-color:rgb(255, 255, 255);font-size:24px\"><\/span><\/span><\/strong><\/span><img decoding=\"async\" src=\"https:\/\/ae01.alicdn.com\/kf\/Sa977ae4106d34aa29feaa80b77acf015t.jpg\" slate-data-type=\"image\"\/><span style=\"background-color:rgb(255, 255, 255);color:rgb(0, 0, 0);font-size:medium;font-family:&quot;Microsoft YaHei&quot;\"><strong><span style=\"background-color:rgb(255, 255, 255);font-family:&quot;times new roman&quot;, times, serif\"><span style=\"background-color:rgb(255, 255, 255);font-size:24px\"><\/span><\/span><\/strong><\/span><img decoding=\"async\" src=\"https:\/\/ae01.alicdn.com\/kf\/S427fd7bf47804264bae80f3243f29f954.jpg\" slate-data-type=\"image\"\/><span style=\"background-color:rgb(255, 255, 255);color:rgb(0, 0, 0);font-size:medium;font-family:&quot;Microsoft YaHei&quot;\"><strong><span style=\"background-color:rgb(255, 255, 255);font-family:&quot;times new roman&quot;, times, serif\"><span style=\"background-color:rgb(255, 255, 255);font-size:24px\"><\/span><\/span><\/strong><\/span><img decoding=\"async\" src=\"https:\/\/ae01.alicdn.com\/kf\/Se1c198c0d67f452184eea783fb59534c6.jpg\" slate-data-type=\"image\"\/><span style=\"background-color:rgb(255, 255, 255);color:rgb(0, 0, 0);font-size:medium;font-family:&quot;Microsoft YaHei&quot;\"><strong><span style=\"background-color:rgb(255, 255, 255);font-family:&quot;times new roman&quot;, times, serif\"><span style=\"background-color:rgb(255, 255, 255);font-size:24px\"><\/span><\/span><\/strong><\/span><\/p>\n<p><\/p>","protected":false},"excerpt":{"rendered":"<p>Tire Size:&nbsp;10 inch Model Number:&nbsp;isinwheel GT1 Category:&nbsp;Two-wheel Scooter Applicable People:&nbsp;Unisex Range Per Charge:&nbsp;40-60km Charging Time:&nbsp;6-8h Voltage:&nbsp;48v Folded:&nbsp;YES Origin:&nbsp;Mainland China Power (W):&nbsp;501-1000w Frame:&nbsp;Aluminum alloy Motor:&nbsp;800W Battery:&nbsp;48V10Ah Climbing grade:&nbsp;35\u00b0 Max Load:&nbsp;120kg Display:&nbsp;LED<\/p>","protected":false},"featured_media":25741,"comment_status":"open","ping_status":"closed","template":"","meta":{"_acf_changed":false},"product_brand":[],"product_cat":[297],"product_tag":[],"class_list":{"0":"post-25739","1":"product","2":"type-product","3":"status-publish","4":"has-post-thumbnail","6":"product_cat-scooters","8":"first","9":"instock","10":"shipping-taxable","11":"purchasable","12":"product-type-simple"},"acf":[],"_links":{"self":[{"href":"https:\/\/www.electricstore.eu\/lv\/wp-json\/wp\/v2\/product\/25739","targetHints":{"allow":["GET"]}}],"collection":[{"href":"https:\/\/www.electricstore.eu\/lv\/wp-json\/wp\/v2\/product"}],"about":[{"href":"https:\/\/www.electricstore.eu\/lv\/wp-json\/wp\/v2\/types\/product"}],"replies":[{"embeddable":true,"href":"https:\/\/www.electricstore.eu\/lv\/wp-json\/wp\/v2\/comments?post=25739"}],"wp:featuredmedia":[{"embeddable":true,"href":"https:\/\/www.electricstore.eu\/lv\/wp-json\/wp\/v2\/media\/25741"}],"wp:attachment":[{"href":"https:\/\/www.electricstore.eu\/lv\/wp-json\/wp\/v2\/media?parent=25739"}],"wp:term":[{"taxonomy":"product_brand","embeddable":true,"href":"https:\/\/www.electricstore.eu\/lv\/wp-json\/wp\/v2\/product_brand?post=25739"},{"taxonomy":"product_cat","embeddable":true,"href":"https:\/\/www.electricstore.eu\/lv\/wp-json\/wp\/v2\/product_cat?post=25739"},{"taxonomy":"product_tag","embeddable":true,"href":"https:\/\/www.electricstore.eu\/lv\/wp-json\/wp\/v2\/product_tag?post=25739"}],"curies":[{"name":"wp","href":"https:\/\/api.w.org\/{rel}","templated":true}]}}