{"id":25729,"date":"2025-05-20T19:00:53","date_gmt":"2025-05-20T19:00:53","guid":{"rendered":"https:\/\/electricstore.eu\/p\/uncategorized\/wltoys-c8805-114-rc-car-4wd-brushless-electric-70km-h-high-speed-off-road-2-4g-remote-control-cars-drift-monster-truck-for-kids\/"},"modified":"2025-05-20T19:06:33","modified_gmt":"2025-05-20T19:06:33","slug":"wltoys-c8805-114-rc-car-4wd-brushless-electric-70km-h-high-speed-off-road-2-4g-remote-control-cars-drift-monster-truck-for-kids","status":"publish","type":"product","link":"https:\/\/www.electricstore.eu\/lv\/p\/rc\/rc-cars\/wltoys-c8805-114-rc-car-4wd-brushless-electric-70km-h-high-speed-off-road-2-4g-remote-control-cars-drift-monster-truck-for-kids\/","title":{"rendered":"Wltoys C8805 1:14 RC automa\u0161\u012bna 4WD bezsuku elektriskais 70km\/h \u0101trgaitas bezce\u013cu 2.4G t\u0101lvad\u012bbas automa\u0161\u012bnas drifta monstru kravas automa\u0161\u012bna b\u0113rniem"},"content":{"rendered":"<div class=\"product-specs-list-container\">\n<ul class=\"product-specs-list util-clearfix\">\n<li class=\"product-prop line-limit-length\"><span\n                                        class=\"property-title\">Augstas ba\u017eas izraiso\u0161a \u0137\u012bmiska viela:&nbsp;<\/span><span\n                                        class=\"property-desc line-limit-length\">Neviens<\/span>\n                            <\/li>\n<li class=\"product-prop line-limit-length\"><span\n                                        class=\"property-title\">CE:&nbsp;<\/span><span\n                                        class=\"property-desc line-limit-length\">Sertifik\u0101ts<\/span>\n                            <\/li>\n<li class=\"product-prop line-limit-length\"><span\n                                        class=\"property-title\">Ir elektrisks:&nbsp;<\/span><span\n                                        class=\"property-desc line-limit-length\">litija akumulators<\/span>\n                            <\/li>\n<li class=\"product-prop line-limit-length\"><span\n                                        class=\"property-title\">Sv\u012btrkods:&nbsp;<\/span><span\n                                        class=\"property-desc line-limit-length\">N\u0113<\/span>\n                            <\/li>\n<li class=\"product-prop line-limit-length\"><span\n                                        class=\"property-title\">Droseles servo:&nbsp;<\/span><span\n                                        class=\"property-desc line-limit-length\">2847 bezsuku motors (4000 kV v\u0113rt\u012bba)<\/span>\n                            <\/li>\n<li class=\"product-prop line-limit-length\"><span\n                                        class=\"property-title\">St\u016bres pastiprin\u0101t\u0101js:&nbsp;<\/span><span\n                                        class=\"property-desc line-limit-length\">Tr\u012bs vadu 17G digit\u0101lais servo<\/span>\n                            <\/li>\n<li class=\"product-prop line-limit-length\"><span\n                                        class=\"property-title\">Jauda:&nbsp;<\/span><span\n                                        class=\"property-desc line-limit-length\">70 km\/h<\/span>\n                            <\/li>\n<li class=\"product-prop line-limit-length\"><span\n                                        class=\"property-title\">Asamblejas \u0161tats:&nbsp;<\/span><span\n                                        class=\"property-desc line-limit-length\">Gatavs lieto\u0161anai<\/span>\n                            <\/li>\n<li class=\"product-prop line-limit-length\"><span\n                                        class=\"property-title\">Lidojuma laiks:&nbsp;<\/span><span\n                                        class=\"property-desc line-limit-length\">15\u201318 min\u016btes (nep\u0101rtraukta skrie\u0161ana piln\u0101 \u0101trum\u0101)<\/span>\n                            <\/li>\n<li class=\"product-prop line-limit-length\"><span\n                                        class=\"property-title\">Att\u0101lais att\u0101lums:&nbsp;<\/span><span\n                                        class=\"property-desc line-limit-length\">\u2265120 m<\/span>\n                            <\/li>\n<li class=\"product-prop line-limit-length\"><span\n                                        class=\"property-title\">M\u0113rogs:&nbsp;<\/span><span\n                                        class=\"property-desc line-limit-length\">1:14<\/span>\n                            <\/li>\n<li class=\"product-prop line-limit-length\"><span\n                                        class=\"property-title\">Izm\u0113ri:&nbsp;<\/span><span\n                                        class=\"property-desc line-limit-length\">34,5 * 20,5 * 14,8 CM<\/span>\n                            <\/li>\n<li class=\"product-prop line-limit-length\"><span\n                                        class=\"property-title\">Mode\u013ca numurs:&nbsp;<\/span><span\n                                        class=\"property-desc line-limit-length\">C8805;MJX 140209\/14210<\/span>\n                            <\/li>\n<li class=\"product-prop line-limit-length\"><span\n                                        class=\"property-title\">Komplekt\u0101 ietilpst:&nbsp;<\/span><span\n                                        class=\"property-desc line-limit-length\">Ori\u0123in\u0101l\u0101 kaste, baterijas, lieto\u0161anas instrukcija, l\u0101d\u0113t\u0101js, t\u0101lvad\u012bbas pults, USB kabelis<\/span>\n                            <\/li>\n<li class=\"product-prop line-limit-length\"><span\n                                        class=\"property-title\">Vad\u012bbas kan\u0101li:&nbsp;<\/span><span\n                                        class=\"property-desc line-limit-length\">4 kan\u0101li<\/span>\n                            <\/li>\n<li class=\"product-prop line-limit-length\"><span\n                                        class=\"property-title\">Kontroliera re\u017e\u012bms:&nbsp;<\/span><span\n                                        class=\"property-desc line-limit-length\">RE\u017d\u012aMS2<\/span>\n                            <\/li>\n<li class=\"product-prop line-limit-length\"><span\n                                        class=\"property-title\">T\u0101lvad\u012bbas pults:&nbsp;<\/span><span\n                                        class=\"property-desc line-limit-length\">J\u0101<\/span>\n                            <\/li>\n<li class=\"product-prop line-limit-length\"><span\n                                        class=\"property-title\">Materi\u0101ls:&nbsp;<\/span><span\n                                        class=\"property-desc line-limit-length\">Met\u0101ls, plastmasa, gumija<\/span>\n                            <\/li>\n<li class=\"product-prop line-limit-length\"><span\n                                        class=\"property-title\">Z\u012bmola nosaukums:&nbsp;<\/span><span\n                                        class=\"property-desc line-limit-length\">WDSZKMYF<\/span>\n                            <\/li>\n<li class=\"product-prop line-limit-length\"><span\n                                        class=\"property-title\">Ieteicamais vecums:&nbsp;<\/span><span\n                                        class=\"property-desc line-limit-length\">14+ gadi<\/span>\n                            <\/li>\n<li class=\"product-prop line-limit-length\"><span\n                                        class=\"property-title\">Izcelsme:&nbsp;<\/span><span\n                                        class=\"property-desc line-limit-length\">Kontinent\u0101l\u0101 \u0136\u012bna<\/span>\n                            <\/li>\n<li class=\"product-prop line-limit-length\"><span\n                                        class=\"property-title\">Dizains:&nbsp;<\/span><span\n                                        class=\"property-desc line-limit-length\">Dirtbike<\/span>\n                            <\/li>\n<li class=\"product-prop line-limit-length\"><span\n                                        class=\"property-title\">Tips:&nbsp;<\/span><span\n                                        class=\"property-desc line-limit-length\">Automa\u0161\u012bna<\/span>\n                            <\/li>\n<li class=\"product-prop line-limit-length\"><span\n                                        class=\"property-title\">Funkcijas:&nbsp;<\/span><span\n                                        class=\"property-desc line-limit-length\">T\u0100LVAD\u012aBAS PULTS<\/span>\n                            <\/li>\n<\/ul><\/div>\n<p><span style=\"color:rgba(244,78,59,255);font-size:18px\"><strong>lietas, kur\u0101m j\u0101piev\u0113r\u0161 uzman\u012bba:<\/strong><\/span><\/p>\n<p><span style=\"color:rgba(244,78,59,255)\">1: Uzl\u0101des aizsardz\u012bba: past\u0101v\u012bga str\u0101vas un past\u0101v\u012bga sprieguma l\u012bdzsvarota uzl\u0101de, kas nodro\u0161ina aizsardz\u012bbu pret akumulatora p\u0101rl\u0101d\u0113\u0161anu un p\u0101rslodzi.<\/span><\/p>\n<p><span style=\"color:rgba(244,78,59,255)\">2: Motora aizsardz\u012bba pret iestr\u0113g\u0161anu: P\u0101rslodzes gad\u012bjum\u0101 motors p\u0101rst\u0101j darboties.<\/span><\/p>\n<p><span style=\"color:rgba(244,78,59,255)\">3: Aizsardz\u012bba pret augstu temperat\u016bru: Kad darba temperat\u016bra ir augst\u0101ka par iestat\u012bto st\u0101vokli, piedzi\u0146as vad\u012bbas \u0137\u0113de p\u0101rst\u0101j darboties un ats\u0101k darbu p\u0113c tam, kad temperat\u016bra nokr\u012btas l\u012bdz dro\u0161ai v\u0113rt\u012bbai.<\/span><\/p>\n<p><span style=\"color:rgba(244,78,59,255)\">4: Sprieguma samazin\u0101\u0161anas un str\u0101vas padeves p\u0101rtrauk\u0161anas funkcija autom\u0101tiski izsl\u0113dzas, kad akumulatora spriegums ir zem 6,3\u20136,4 V, lai nov\u0113rstu boj\u0101jumus, ko rada p\u0101rl\u0101d\u0113\u0161ana.<\/span><\/p>\n<p><\/p>\n<p><span style=\"color:rgb(244, 78, 59);font-size:20px\"><strong>JJRC C8805 1:16 RC automa\u0161\u012bna 4WD Thunder \u0100trgaitas apvidus auto Bezsuku pilnpiedzi\u0146a Thunder apvidus auto RC rota\u013clieta<\/strong><\/span><\/p>\n<p><span style=\"color:rgb(0, 0, 0);font-size:14px;font-family:OpenSans\">Maksim\u0101lais \u0101trums: 70 km\/h<\/span><br \/><span style=\"color:rgb(0, 0, 0);font-size:14px;font-family:OpenSans\">Lieto\u0161anas laiks: aptuveni 15\u201318 min\u016btes<\/span><br \/><span style=\"color:rgb(0, 0, 0);font-size:14px;font-family:OpenSans\">Uzl\u0101des laiks: aptuveni 1,5 stundas<\/span><br \/><span style=\"color:rgb(0, 0, 0);font-size:14px;font-family:OpenSans\">T\u0101lvad\u012bbas pults re\u017e\u012bms: 2.4G t\u0101lvad\u012bbas pults<\/span><br \/><span style=\"color:rgb(0, 0, 0);font-size:14px;font-family:OpenSans\">T\u0101lvad\u012bbas pults att\u0101lums: \u2265120 m<\/span><br \/><span style=\"color:rgb(0, 0, 0);font-size:14px;font-family:OpenSans\">Piedzi\u0146as motors: 2847 bezsuku motors (4000 kV v\u0113rt\u012bba)<\/span><br \/><span style=\"color:rgb(0, 0, 0);font-size:14px;font-family:OpenSans\">Akumulators: 7,4 V 1500 mAh 15C<\/span><br \/><span style=\"color:rgb(0, 0, 0);font-size:14px;font-family:OpenSans\">T\u0101lvad\u012bbas pults baterijas: &#039;AA&#039; baterijas *3 (nav iek\u013cautas komplekt\u0101)<\/span><br \/><span style=\"color:rgb(0, 0, 0);font-size:14px;font-family:OpenSans\">Rite\u0146u garenb\u0101ze: 188 mm<\/span><br \/><span style=\"color:rgb(0, 0, 0);font-size:14px;font-family:OpenSans\">Rite\u0146a diametrs: 85 mm<\/span><br \/><span style=\"color:rgb(0, 0, 0);font-size:14px;font-family:OpenSans\">Korpusa izm\u0113rs: 34,5 * 20,5 * 14,8 cm<\/span><\/p>\n<p><\/p>\n<p><strong>Funkcija<\/strong>:<\/p>\n<p>1. Pie\u0146emot simul\u0101cijas strukt\u016bras dizainu, tam ir re\u0101la automa\u0161\u012bnas vad\u0101m\u012bbas saj\u016bta, pan\u0101kot piln\u012bgu proporcion\u0101lu nep\u0101rtraukti main\u012bgu transmisiju, brauk\u0161anu liel\u0101 \u0101trum\u0101, strauju pa\u0101trin\u0101jumu, pal\u0113nin\u0101jumu, bremz\u0113\u0161anu, atpaka\u013cgaitu, pagriezienu pa kreisi, pagriezienu pa labi;<\/p>\n<p>2. Piem\u0113rojam\u0101s vietas: l\u012bdzena zeme, smil\u0161aina zeme, dub\u013caina zeme, z\u0101l\u0101ji.<\/p>\n<p>3. \u010cetru rite\u0146u piedzi\u0146a: priek\u0161\u0113j\u0101 un aizmugur\u0113j\u0101 vertik\u0101l\u0101 atsperu amortiz\u0101cija, dubultsviru neatkar\u012bga piekares sist\u0113ma;<\/p>\n<p>4. 2.4G pilna m\u0113roga sinhron\u0101 t\u0101lvad\u012bbas sist\u0113ma Piln\u012bb\u0101 proporcion\u0101la drosele\/st\u016br\u0113\u0161ana;<\/p>\n<p>5. 2.4G \u0161\u013cakatu necaurlaid\u012bgs \u010detrvirzienu 30A integr\u0113ts elektriskais vad\u012bbas\/uztv\u0113r\u0113js;<\/p>\n<p>6. Priek\u0161\u0113j\u0101 rite\u0146a \u0161\u0137\u0113rslodveida \u0161arn\u012bra kard\u0101na piedzi\u0146as v\u0101rpsta, aizmugur\u0113j\u0101 rite\u0146a sadal\u012bt\u0101 su\u0146a kaula piedzi\u0146as v\u0101rpsta;<\/p>\n<p>7. Tr\u012bsvadu 17G servomotors;<\/p>\n<p>8. \u012apa\u0161i jaud\u012bga akumulatora jauda: 7,4 V, 18650\u20131500 mAh litija jonu akumulators (T spraudnis), izl\u0101des \u0101trums 10 \u00b0C;<\/p>\n<p>9. Visa automa\u0161\u012bna izmanto 16 lod\u012b\u0161u gult\u0146us;<\/p>\n<p>10. Met\u0101la otr\u0101 st\u0101va pl\u0101tne, met\u0101la priek\u0161\u0113j\u0101s un aizmugur\u0113j\u0101s sviras kods, met\u0101la vid\u0113j\u0101 transmisijas v\u0101rpsta;<\/p>\n<p>11. Automa\u0161\u012bnas korpuss ir izgatavots no augstas iztur\u012bbas spr\u0101dziendro\u0161a PVC korpusa;<\/p>\n<p>12. Apr\u012bkots ar LED priek\u0161\u0113jiem lukturiem, LED jumta lukturiem un LED aizmugur\u0113jiem lukturiem uz automa\u0161\u012bnas korpusa; (tr\u012bs re\u017e\u012bmi: past\u0101v\u012bga gaisma, l\u0113na mirgo\u0161ana, mirgo\u0161ana);<\/p>\n<p>13. Imit\u0113tas bezce\u013cu riepas ar sp\u0113c\u012bgu sa\u0137eri; 14. Automa\u0161\u012bnas karkass ir piln\u012bb\u0101 nosl\u0113gtas strukt\u016bras, kas nodro\u0161ina lab\u0101ku amortiz\u0101ciju, kad automa\u0161\u012bna sa\u0146em triecienu no priek\u0161puses, nov\u0113r\u0161ot rite\u0146u deta\u013cu boj\u0101jumus, ko rada sp\u0113c\u012bgi trieciena sp\u0113ki.<\/p>\n<p>15. T\u0101lvad\u012bbas st\u016bre ir apr\u012bkota ar p\u0101rsl\u0113g\u0161anas meh\u0101nismu, kas \u013cauj sp\u0113l\u0113t\u0101jiem pan\u0101kt vad\u012bbu ar vienu roku, piln\u012bb\u0101 atbr\u012bvojot manu\u0101l\u0101s vad\u012bbas ierobe\u017eojumus.<\/p>\n<p>16. Apr\u012bkots ar 3,2 collu bezce\u013cu rite\u0146iem un paaugstin\u0101tu \u0161asiju, ir uzlabota transportl\u012bdzek\u013ca caurbraucam\u012bba, \u013caujot tam iekarot daudzveid\u012bg\u0101kus ce\u013ca apst\u0101k\u013cus.<\/p>\n<p>17. T\u0101lvad\u012bbas pult\u012b ir rot\u0113jo\u0161a st\u016bres prec\u012bz\u0101s regul\u0113\u0161anas poga un \u0101truma ierobe\u017eojuma prec\u012bz\u0101s regul\u0113\u0161anas poga, kas nodro\u0161ina prec\u012bz\u0101ku un delik\u0101t\u0101ku regul\u0113\u0161anu.<\/p>\n<p>18. St\u016bres le\u0146\u0137is ir liel\u0101ks, padarot automa\u0161\u012bnu elast\u012bg\u0101ku pagriezienos un nodro\u0161inot lab\u0101ku pieredzi, kur braukt.<\/p>\n<p>19. ESC\/akumulatora pievieno\u0161anas spraudnim ir mode\u013ca l\u012bme\u0146a T veida spraudnis, kas padara str\u0101vas izeju stabil\u0101ku.<\/p>\n<p><\/p>\n<p><strong>detaliz\u0113ts saraksts:<\/strong><\/p>\n<p>1) Viss transportl\u012bdzeklis; 2) T\u0101lvad\u012bbas pults; 3) \u0136\u012bnie\u0161u un ang\u013cu valodas rokasgr\u0101matas; 4) Litija baterijas; 5) USB balans\u0113ta uzl\u0101de; 6) Aizmugur\u0113jais sp\u0101rns; 7) St\u016bre ar paceltu galvu; 8) Triecienu absorbcijas regul\u0113\u0161anas spr\u0101dzes gredzens; 9) Met\u0101la tapa; 10) Se\u0161st\u016bra uzmava; 11) Vadotnes ieliktnis<\/p>\n<p><\/p>\n<p><img decoding=\"async\" src=\"https:\/\/ae01.alicdn.com\/kf\/Sc71dfb64a76a46a19018596500a83a0fV.jpg\" slate-data-type=\"image\"\/><img decoding=\"async\" src=\"https:\/\/ae01.alicdn.com\/kf\/S88beb12314a841d396bf94e10f36ad05z.jpg\" slate-data-type=\"image\"\/><img decoding=\"async\" src=\"https:\/\/ae01.alicdn.com\/kf\/Sb87684194a074c389e5cedb2d37cdb3aH.jpg\" slate-data-type=\"image\"\/><img decoding=\"async\" src=\"https:\/\/ae01.alicdn.com\/kf\/Sdcfacccc86574ccda4f79bf7af7a47d4S.jpg\" slate-data-type=\"image\"\/><img decoding=\"async\" src=\"https:\/\/ae01.alicdn.com\/kf\/Sf16c8c8650db4f73ab2423c185ccc338b.jpg\" slate-data-type=\"image\"\/><img decoding=\"async\" src=\"https:\/\/ae01.alicdn.com\/kf\/S1a0e070fdce545b3b9437d6836b6c1b1g.jpg\" slate-data-type=\"image\"\/><img decoding=\"async\" src=\"https:\/\/ae01.alicdn.com\/kf\/S6012b61ef46a4acbaf97a6bf0007175cY.jpg\" slate-data-type=\"image\"\/><img decoding=\"async\" src=\"https:\/\/ae01.alicdn.com\/kf\/S24a8a52693bb40bd93be9abdbc20382br.jpg\" slate-data-type=\"image\"\/><img decoding=\"async\" src=\"https:\/\/ae01.alicdn.com\/kf\/S2be97ade9015493985ba27745309130d8.jpg\" slate-data-type=\"image\"\/><img decoding=\"async\" src=\"https:\/\/ae01.alicdn.com\/kf\/S3fb7280a9b6e429db582306ebb2ccef52.jpg\" slate-data-type=\"image\"\/><img decoding=\"async\" src=\"https:\/\/ae01.alicdn.com\/kf\/S4dc0d4a040024f2ca8813e87b693c093q.jpg\" slate-data-type=\"image\"\/><img decoding=\"async\" src=\"https:\/\/ae01.alicdn.com\/kf\/Sf1951f138a3c4cc79b27f371d883feefa.jpg\" slate-data-type=\"image\"\/><img decoding=\"async\" src=\"https:\/\/ae01.alicdn.com\/kf\/Sb4b4601642444883a6a5d4fe32508187x.jpg\" slate-data-type=\"image\"\/><img decoding=\"async\" src=\"https:\/\/ae01.alicdn.com\/kf\/S2772c61e4b1f4192804a41f464ce92d2R.jpg\" slate-data-type=\"image\"\/><img decoding=\"async\" src=\"https:\/\/ae01.alicdn.com\/kf\/S87a5498d2efb45adb52a39d6875fee0bf.jpg\" slate-data-type=\"image\"\/><img decoding=\"async\" src=\"https:\/\/ae01.alicdn.com\/kf\/S155407d4d5d0402a94811b78984f69e3B.jpg\" slate-data-type=\"image\"\/><\/p>\n<p><\/p>\n<p><\/p>","protected":false},"excerpt":{"rendered":"<p>Hign-concerned Chemical:&nbsp;None CE:&nbsp;Certificate Is Electric:&nbsp;lithium battery Barcode:&nbsp;No Throttle servo:&nbsp;2847 brushless motor (4000 KV value) Steering servo:&nbsp;Three wire 17G digital servo Power:&nbsp;70km\/h State of Assembly:&nbsp;Ready-to-Go Flight Time:&nbsp;15-18 minutes (continuous full speed<\/p>","protected":false},"featured_media":25731,"comment_status":"open","ping_status":"closed","template":"","meta":{"_acf_changed":false},"product_brand":[],"product_cat":[519],"product_tag":[],"class_list":{"0":"post-25729","1":"product","2":"type-product","3":"status-publish","4":"has-post-thumbnail","6":"product_cat-rc-cars","8":"first","9":"instock","10":"shipping-taxable","11":"purchasable","12":"product-type-variable"},"acf":[],"_links":{"self":[{"href":"https:\/\/www.electricstore.eu\/lv\/wp-json\/wp\/v2\/product\/25729","targetHints":{"allow":["GET"]}}],"collection":[{"href":"https:\/\/www.electricstore.eu\/lv\/wp-json\/wp\/v2\/product"}],"about":[{"href":"https:\/\/www.electricstore.eu\/lv\/wp-json\/wp\/v2\/types\/product"}],"replies":[{"embeddable":true,"href":"https:\/\/www.electricstore.eu\/lv\/wp-json\/wp\/v2\/comments?post=25729"}],"wp:featuredmedia":[{"embeddable":true,"href":"https:\/\/www.electricstore.eu\/lv\/wp-json\/wp\/v2\/media\/25731"}],"wp:attachment":[{"href":"https:\/\/www.electricstore.eu\/lv\/wp-json\/wp\/v2\/media?parent=25729"}],"wp:term":[{"taxonomy":"product_brand","embeddable":true,"href":"https:\/\/www.electricstore.eu\/lv\/wp-json\/wp\/v2\/product_brand?post=25729"},{"taxonomy":"product_cat","embeddable":true,"href":"https:\/\/www.electricstore.eu\/lv\/wp-json\/wp\/v2\/product_cat?post=25729"},{"taxonomy":"product_tag","embeddable":true,"href":"https:\/\/www.electricstore.eu\/lv\/wp-json\/wp\/v2\/product_tag?post=25729"}],"curies":[{"name":"wp","href":"https:\/\/api.w.org\/{rel}","templated":true}]}}