{"id":25726,"date":"2025-05-20T19:00:50","date_gmt":"2025-05-20T19:00:50","guid":{"rendered":"https:\/\/electricstore.eu\/p\/uncategorized\/hyper-go-mjx-14210-v2-0-1-14-rc-car-55km-h-high-speed-brushless-2-4g-remote-control-4wd-off-road-racing-rc-truck-electric-toy\/"},"modified":"2025-05-20T19:06:07","modified_gmt":"2025-05-20T19:06:07","slug":"hyper-go-mjx-14210-v2-0-1-14-rc-car-55km-h-high-speed-brushless-2-4g-remote-control-4wd-off-road-racing-rc-truck-electric-toy","status":"publish","type":"product","link":"https:\/\/www.electricstore.eu\/lv\/p\/rc\/rc-cars\/hyper-go-mjx-14210-v2-0-1-14-rc-car-55km-h-high-speed-brushless-2-4g-remote-control-4wd-off-road-racing-rc-truck-electric-toy\/","title":{"rendered":"Hyper Go MJX 14210 V2.0 1\/14 RC automa\u0161\u012bna 55KM\/H \u0101trgaitas bezsuku 2.4G t\u0101lvad\u012bbas pults 4WD bezce\u013cu sac\u012bk\u0161u RC kravas automa\u0161\u012bna elektrisk\u0101 rota\u013clieta"},"content":{"rendered":"<div class=\"product-specs-list-container\">\n<ul class=\"product-specs-list util-clearfix\">\n<li class=\"product-prop line-limit-length\"><span\n                                        class=\"property-title\">Augstas ba\u017eas izraiso\u0161a \u0137\u012bmiska viela:&nbsp;<\/span><span\n                                        class=\"property-desc line-limit-length\">Neviens<\/span>\n                            <\/li>\n<li class=\"product-prop line-limit-length\"><span\n                                        class=\"property-title\">CE:&nbsp;<\/span><span\n                                        class=\"property-desc line-limit-length\">Sertifik\u0101ts<\/span>\n                            <\/li>\n<li class=\"product-prop line-limit-length\"><span\n                                        class=\"property-title\">Ir elektrisks:&nbsp;<\/span><span\n                                        class=\"property-desc line-limit-length\">litija akumulators<\/span>\n                            <\/li>\n<li class=\"product-prop line-limit-length\"><span\n                                        class=\"property-title\">Sv\u012btrkods:&nbsp;<\/span><span\n                                        class=\"property-desc line-limit-length\">N\u0113<\/span>\n                            <\/li>\n<li class=\"product-prop line-limit-length\"><span\n                                        class=\"property-title\">Droseles servo:&nbsp;<\/span><span\n                                        class=\"property-desc line-limit-length\">2852 bezsuku motors<\/span>\n                            <\/li>\n<li class=\"product-prop line-limit-length\"><span\n                                        class=\"property-title\">St\u016bres pastiprin\u0101t\u0101js:&nbsp;<\/span><span\n                                        class=\"property-desc line-limit-length\">19 g digit\u0101l\u0101 servo (2,2 kg cm2)<\/span>\n                            <\/li>\n<li class=\"product-prop line-limit-length\"><span\n                                        class=\"property-title\">Jauda:&nbsp;<\/span><span\n                                        class=\"property-desc line-limit-length\">55 km\/h<\/span>\n                            <\/li>\n<li class=\"product-prop line-limit-length\"><span\n                                        class=\"property-title\">Asamblejas \u0161tats:&nbsp;<\/span><span\n                                        class=\"property-desc line-limit-length\">Gatavs lieto\u0161anai<\/span>\n                            <\/li>\n<li class=\"product-prop line-limit-length\"><span\n                                        class=\"property-title\">Lidojuma laiks:&nbsp;<\/span><span\n                                        class=\"property-desc line-limit-length\">\u2265 13 min\u016btes (pilns \u0101trums)<\/span>\n                            <\/li>\n<li class=\"product-prop line-limit-length\"><span\n                                        class=\"property-title\">Riepu sliedes:&nbsp;<\/span><span\n                                        class=\"property-desc line-limit-length\">188 mm<\/span>\n                            <\/li>\n<li class=\"product-prop line-limit-length\"><span\n                                        class=\"property-title\">Rite\u0146u b\u0101ze:&nbsp;<\/span><span\n                                        class=\"property-desc line-limit-length\">198 mm<\/span>\n                            <\/li>\n<li class=\"product-prop line-limit-length\"><span\n                                        class=\"property-title\">Att\u0101lais att\u0101lums:&nbsp;<\/span><span\n                                        class=\"property-desc line-limit-length\">\u2265120 m<\/span>\n                            <\/li>\n<li class=\"product-prop line-limit-length\"><span\n                                        class=\"property-title\">M\u0113rogs:&nbsp;<\/span><span\n                                        class=\"property-desc line-limit-length\">1:14<\/span>\n                            <\/li>\n<li class=\"product-prop line-limit-length\"><span\n                                        class=\"property-title\">Izm\u0113ri:&nbsp;<\/span><span\n                                        class=\"property-desc line-limit-length\">320 * 230 * 124 mm<\/span>\n                            <\/li>\n<li class=\"product-prop line-limit-length\"><span\n                                        class=\"property-title\">Griezes moments:&nbsp;<\/span><span\n                                        class=\"property-desc line-limit-length\">k\u0101 par\u0101d\u012bts<\/span>\n                            <\/li>\n<li class=\"product-prop line-limit-length\"><span\n                                        class=\"property-title\">Mode\u013ca numurs:&nbsp;<\/span><span\n                                        class=\"property-desc line-limit-length\">MJX Hyper Go 14210 14209<\/span>\n                            <\/li>\n<li class=\"product-prop line-limit-length\"><span\n                                        class=\"property-title\">Vad\u012bbas kan\u0101li:&nbsp;<\/span><span\n                                        class=\"property-desc line-limit-length\">4 kan\u0101li<\/span>\n                            <\/li>\n<li class=\"product-prop line-limit-length\"><span\n                                        class=\"property-title\">Kontroliera re\u017e\u012bms:&nbsp;<\/span><span\n                                        class=\"property-desc line-limit-length\">RE\u017d\u012aMS2<\/span>\n                            <\/li>\n<li class=\"product-prop line-limit-length\"><span\n                                        class=\"property-title\">T\u0101lvad\u012bbas pults:&nbsp;<\/span><span\n                                        class=\"property-desc line-limit-length\">J\u0101<\/span>\n                            <\/li>\n<li class=\"product-prop line-limit-length\"><span\n                                        class=\"property-title\">Materi\u0101ls:&nbsp;<\/span><span\n                                        class=\"property-desc line-limit-length\">Met\u0101ls, plastmasa, gumija<\/span>\n                            <\/li>\n<li class=\"product-prop line-limit-length\"><span\n                                        class=\"property-title\">Z\u012bmola nosaukums:&nbsp;<\/span><span\n                                        class=\"property-desc line-limit-length\">WDSZKMYF<\/span>\n                            <\/li>\n<li class=\"product-prop line-limit-length\"><span\n                                        class=\"property-title\">Ieteicamais vecums:&nbsp;<\/span><span\n                                        class=\"property-desc line-limit-length\">14+ gadi<\/span>\n                            <\/li>\n<li class=\"product-prop line-limit-length\"><span\n                                        class=\"property-title\">Izcelsme:&nbsp;<\/span><span\n                                        class=\"property-desc line-limit-length\">Kontinent\u0101l\u0101 \u0136\u012bna<\/span>\n                            <\/li>\n<li class=\"product-prop line-limit-length\"><span\n                                        class=\"property-title\">Dizains:&nbsp;<\/span><span\n                                        class=\"property-desc line-limit-length\">Dirtbike<\/span>\n                            <\/li>\n<li class=\"product-prop line-limit-length\"><span\n                                        class=\"property-title\">Tips:&nbsp;<\/span><span\n                                        class=\"property-desc line-limit-length\">Automa\u0161\u012bna<\/span>\n                            <\/li>\n<li class=\"product-prop line-limit-length\"><span\n                                        class=\"property-title\">Funkcijas:&nbsp;<\/span><span\n                                        class=\"property-desc line-limit-length\">T\u0100LVAD\u012aBAS PULTS<\/span>\n                            <\/li>\n<\/ul><\/div>\n<p><span style=\"color:rgb(244, 78, 59);font-size:22px\"><strong>Hyper Go MJX 14210 V2.0 1\/14 RC automa\u0161\u012bna 55KM\/H \u0101trgaitas bezsuku 2.4G t\u0101lvad\u012bbas pults 4WD bezce\u013cu sac\u012bk\u0161u RC kravas automa\u0161\u012bna elektrisk\u0101 rota\u013clieta<\/strong><\/span><\/p>\n<p><\/p>\n<p><strong><span style=\"color:rgb(0, 0, 0);font-size:16px\">Produkta apraksts<\/span><\/strong><\/p>\n<p><\/p>\n<p><span style=\"color:rgb(0, 0, 0);font-size:16px\"> <\/span><span style=\"color:rgba(244,78,59,255);font-size:16px\">Funkcijas:<\/span><\/p>\n<p><\/p>\n<p><span style=\"color:rgba(244,78,59,255);font-size:16px\">1. Pilnmet\u0101la hidrauliskais amortizators;<\/span><\/p>\n<p><\/p>\n<p><span style=\"color:rgba(244,78,59,255);font-size:16px\">2. Standarta 2S akumulators 55 km\/h, atbalsta 3S akumulatoru, maksim\u0101lais \u0101trums l\u012bdz 80 km\/h<\/span><\/p>\n<p><\/p>\n<p><span style=\"color:rgba(244,78,59,255);font-size:16px\">3. 45A neatkar\u012bgs bezkontaktu ESC + 2852 4400KV \u010detrpolu bezkontaktu motors;<\/span><\/p>\n<p><\/p>\n<p><span style=\"color:rgba(244,78,59,255);font-size:16px\">4. Met\u0101la pretsadursmes galva;<\/span><\/p>\n<p><\/p>\n<p><span style=\"color:rgba(244,78,59,255);font-size:16px\">5. Pilnmet\u0101la transmisijas sist\u0113ma (met\u0101la p\u0101rnesumu diferenci\u0101lis);<\/span><\/p>\n<p><\/p>\n<p><span style=\"color:rgba(244,78,59,255);font-size:16px\">6. Standarta neatkar\u012bgs uztv\u0113r\u0113js, viegli modific\u0113jams.<\/span><\/p>\n<p><\/p>\n<p><span style=\"color:rgb(0, 0, 0);font-size:16px\">Pamatparametri:<\/span><\/p>\n<p><\/p>\n<p><span style=\"color:rgb(0, 0, 0);font-size:16px\">Produkta mode\u013ca Nr.: 14210<\/span><\/p>\n<p><\/p>\n<p><span style=\"color:rgb(0, 0, 0);font-size:16px\">M\u0113rogs: 1\/14<\/span><\/p>\n<p><\/p>\n<p><span style=\"color:rgb(0, 0, 0);font-size:16px\">Maksim\u0101lais \u0101trums: 80 km\/h<\/span><\/p>\n<p><\/p>\n<p><span style=\"color:rgb(0, 0, 0);font-size:16px\">T\u0101lvad\u012bbas pults att\u0101lums: 120 m<\/span><\/p>\n<p><\/p>\n<p><span style=\"color:rgb(0, 0, 0);font-size:16px\">Maksim\u0101lais lieto\u0161anas laiks: 15 min\u016btes<\/span><\/p>\n<p><\/p>\n<p><span style=\"color:rgb(0, 0, 0);font-size:16px\">Uzl\u0101des laiks: 4 stundas (izmantojot 5 V 2 A l\u0101d\u0113t\u0101ju)<\/span><\/p>\n<p><\/p>\n<p><span style=\"color:rgb(0, 0, 0);font-size:16px\">Uzl\u0101des metode: USB uzl\u0101des kabelis<\/span><\/p>\n<p><\/p>\n<p><span style=\"color:rgb(0, 0, 0);font-size:16px\">Izm\u0113ri un specifik\u0101cijas:<\/span><\/p>\n<p><\/p>\n<p><\/p>\n<p><strong><span style=\"color:rgb(0, 0, 0);font-size:16px\">14210:<\/span><\/strong><\/p>\n<p><\/p>\n<p><span style=\"color:rgb(0, 0, 0);font-size:16px\">Izstr\u0101d\u0101juma izm\u0113rs (mm) 320 * 230 * 124 mm<\/span><\/p>\n<p><\/p>\n<p><span style=\"color:rgb(0, 0, 0);font-size:16px\">Rite\u0146u garenb\u0101ze (mm) 188 mm<\/span><\/p>\n<p><\/p>\n<p><span style=\"color:rgb(0, 0, 0);font-size:16px\">Rite\u0146u b\u0101ze (mm) 198 mm<\/span><\/p>\n<p><\/p>\n<p><span style=\"color:rgb(0, 0, 0);font-size:16px\">Riepas diametrs (mm) 90 mm<\/span><\/p>\n<p><\/p>\n<p><span style=\"color:rgb(0, 0, 0);font-size:16px\">Transportl\u012bdzek\u013ca svars 1410 g<\/span><\/p>\n<p><\/p>\n<p><strong><span style=\"color:rgb(0, 0, 0);font-size:16px\">Konfigur\u0113t:<\/span><\/strong><\/p>\n<p><\/p>\n<p><span style=\"color:rgb(0, 0, 0);font-size:16px\">Motora specifik\u0101cijas: bezkontaktu motors 2852 4400KV 4 poli<\/span><\/p>\n<p><\/p>\n<p><span style=\"color:rgb(0, 0, 0);font-size:16px\">Motora dzes\u0113\u0161anas alum\u012bnija radiators + ventilators<\/span><\/p>\n<p><\/p>\n<p><span style=\"color:rgb(0, 0, 0);font-size:16px\">ESC 45A bezkontaktu ESC (met\u0101la siltuma izklied\u0113t\u0101js)<\/span><\/p>\n<p><\/p>\n<p><span style=\"color:rgb(0, 0, 0);font-size:16px\">Servo specifik\u0101cija: 19g digit\u0101lais servo<\/span><\/p>\n<p><\/p>\n<p><span style=\"color:rgb(0, 0, 0);font-size:16px\">T\u0101lvad\u012bbas pults 2,4 GHz<\/span><\/p>\n<p><\/p>\n<p><span style=\"color:rgb(0, 0, 0);font-size:16px\">T\u0101lvad\u012bbas pults baterijas 1,5 AA * 2<\/span><\/p>\n<p><\/p>\n<p><span style=\"color:rgb(0, 0, 0);font-size:16px\">Automa\u0161\u012bnas akumulatora specifik\u0101cijas 7,4 V 3000 mAh 2S 25C<\/span><\/p>\n<p><\/p>\n<p><strong><span style=\"color:rgb(0, 0, 0);font-size:16px\">iepako\u0161anas saraksts:<\/span><\/strong><\/p>\n<p><\/p>\n<p><span style=\"color:rgb(0, 0, 0);font-size:16px\">Automa\u0161\u012bna*1<\/span><\/p>\n<p><\/p>\n<p><span style=\"color:rgb(0, 0, 0);font-size:16px\">T\u0101lvad\u012bbas pults*1<\/span><\/p>\n<p><\/p>\n<p><span style=\"color:rgb(0, 0, 0);font-size:16px\">akumulators*1;<\/span><\/p>\n<p><\/p>\n<p><span style=\"color:rgb(0, 0, 0);font-size:16px\">aizmugur\u0113jais sp\u0101rns*1;<\/span><\/p>\n<p><\/p>\n<p><span style=\"color:rgb(0, 0, 0);font-size:16px\">Manu\u0101li*1;<\/span><\/p>\n<p><\/p>\n<p><span style=\"color:rgb(0, 0, 0);font-size:16px\">USB uzl\u0101des kabelis*1;<\/span><\/p>\n<p><\/p>\n<p><span style=\"color:rgb(0, 0, 0);font-size:16px\">Se\u0161st\u016bra uzgrie\u017e\u0146u atsl\u0113ga * 1;<\/span><\/p>\n<p><\/p>\n<p><span style=\"color:rgb(0, 0, 0);font-size:16px\">Head-up st\u016bres piederumi*1;<\/span><\/p>\n<p><\/p>\n<p><span style=\"color:rgb(0, 0, 0);font-size:16px\">Skr\u016bvgriezis*1<\/span><\/p>\n<p><\/p>\n<p><span style=\"color:rgb(0, 0, 0);font-size:16px\">Riepas * 2 (ieskaitot virsb\u016bves riepu)<\/span><\/p>\n<p><\/p>\n<p style=\"font-family:&quot;TT Norms Pro&quot;, &quot;Open Sans&quot;, Roboto, Arial, Helvetica, sans-serif, SimSun;font-size:14px;font-weight:400;letter-spacing:normal;line-height:inherit;text-align:start;white-space:normal;color:rgb(34, 34, 34);margin:0px;margin-bottom:0px;margin-top:0px;margin-left:0px;margin-right:0px;padding:0px;padding-bottom:0px;padding-top:0px;padding-left:0px;padding-right:0px;box-sizing:border-box\" align=\"start\"><img decoding=\"async\" style=\"border:0px;margin:0px;margin-bottom:0px;margin-top:0px;margin-left:0px;margin-right:0px;padding:0px;padding-bottom:0px;padding-top:0px;padding-left:0px;padding-right:0px;max-width:100%;box-sizing:border-box\" src=\"https:\/\/ae01.alicdn.com\/kf\/Ad3bddfd9b72b4845a536d4672df29bb3t.jpg\" slate-data-type=\"image\"\/><img decoding=\"async\" style=\"border:0px;margin:0px;margin-bottom:0px;margin-top:0px;margin-left:0px;margin-right:0px;padding:0px;padding-bottom:0px;padding-top:0px;padding-left:0px;padding-right:0px;max-width:100%;box-sizing:border-box\" src=\"https:\/\/ae01.alicdn.com\/kf\/Ae34950f5cb2543d199148235983484b4B.jpg\" slate-data-type=\"image\"\/><img decoding=\"async\" style=\"border:0px;margin:0px;margin-bottom:0px;margin-top:0px;margin-left:0px;margin-right:0px;padding:0px;padding-bottom:0px;padding-top:0px;padding-left:0px;padding-right:0px;max-width:100%;box-sizing:border-box\" src=\"https:\/\/ae01.alicdn.com\/kf\/A1741f0c3661542139a1b13ff7d43eff9x.jpg\" slate-data-type=\"image\"\/><img decoding=\"async\" style=\"border:0px;margin:0px;margin-bottom:0px;margin-top:0px;margin-left:0px;margin-right:0px;padding:0px;padding-bottom:0px;padding-top:0px;padding-left:0px;padding-right:0px;max-width:100%;box-sizing:border-box\" src=\"https:\/\/ae01.alicdn.com\/kf\/A174a908ee32d40a4aac656a63a2f6d8bC.jpg\" slate-data-type=\"image\"\/><img decoding=\"async\" style=\"border:0px;margin:0px;margin-bottom:0px;margin-top:0px;margin-left:0px;margin-right:0px;padding:0px;padding-bottom:0px;padding-top:0px;padding-left:0px;padding-right:0px;max-width:100%;box-sizing:border-box\" src=\"https:\/\/ae01.alicdn.com\/kf\/A9a18b8ff6a764a98bf107dbb3728b009i.jpg\" slate-data-type=\"image\"\/><img decoding=\"async\" style=\"border:0px;margin:0px;margin-bottom:0px;margin-top:0px;margin-left:0px;margin-right:0px;padding:0px;padding-bottom:0px;padding-top:0px;padding-left:0px;padding-right:0px;max-width:100%;box-sizing:border-box\" src=\"https:\/\/ae01.alicdn.com\/kf\/A4c8eba9294014111994c12bfba7aded3B.jpg\" slate-data-type=\"image\"\/><img decoding=\"async\" style=\"border:0px;margin:0px;margin-bottom:0px;margin-top:0px;margin-left:0px;margin-right:0px;padding:0px;padding-bottom:0px;padding-top:0px;padding-left:0px;padding-right:0px;max-width:100%;box-sizing:border-box\" src=\"https:\/\/ae01.alicdn.com\/kf\/A1bcaece87e1f48d5bbc9030b317674b4A.jpg\" slate-data-type=\"image\"\/><img decoding=\"async\" style=\"border:0px;margin:0px;margin-bottom:0px;margin-top:0px;margin-left:0px;margin-right:0px;padding:0px;padding-bottom:0px;padding-top:0px;padding-left:0px;padding-right:0px;max-width:100%;box-sizing:border-box\" src=\"https:\/\/ae01.alicdn.com\/kf\/A26ae147906f549c0b337a98524bbc7f8V.jpg\" slate-data-type=\"image\"\/><img decoding=\"async\" style=\"border:0px;margin:0px;margin-bottom:0px;margin-top:0px;margin-left:0px;margin-right:0px;padding:0px;padding-bottom:0px;padding-top:0px;padding-left:0px;padding-right:0px;max-width:100%;box-sizing:border-box\" src=\"https:\/\/ae01.alicdn.com\/kf\/A1fda068dace84fa79091c945c904724fk.jpg\" slate-data-type=\"image\"\/><img decoding=\"async\" style=\"border:0px;margin:0px;margin-bottom:0px;margin-top:0px;margin-left:0px;margin-right:0px;padding:0px;padding-bottom:0px;padding-top:0px;padding-left:0px;padding-right:0px;max-width:100%;box-sizing:border-box\" src=\"https:\/\/ae01.alicdn.com\/kf\/A0ae556d91ffb4c348be427abdd2b547bc.jpg\" slate-data-type=\"image\"\/><img decoding=\"async\" style=\"border:0px;margin:0px;margin-bottom:0px;margin-top:0px;margin-left:0px;margin-right:0px;padding:0px;padding-bottom:0px;padding-top:0px;padding-left:0px;padding-right:0px;max-width:100%;box-sizing:border-box\" src=\"https:\/\/ae01.alicdn.com\/kf\/Aa3e13f7814cd49009da1e0ea8336b841e.jpg\" slate-data-type=\"image\"\/><img decoding=\"async\" style=\"border:0px;margin:0px;margin-bottom:0px;margin-top:0px;margin-left:0px;margin-right:0px;padding:0px;padding-bottom:0px;padding-top:0px;padding-left:0px;padding-right:0px;max-width:100%;box-sizing:border-box\" src=\"https:\/\/ae01.alicdn.com\/kf\/A14f69ad1bd1b438bb4daa4b42597dfc7J.jpg\" slate-data-type=\"image\"\/><img decoding=\"async\" style=\"border:0px;margin:0px;margin-bottom:0px;margin-top:0px;margin-left:0px;margin-right:0px;padding:0px;padding-bottom:0px;padding-top:0px;padding-left:0px;padding-right:0px;max-width:100%;box-sizing:border-box\" src=\"https:\/\/ae01.alicdn.com\/kf\/Aa1f26019fa6746a788e33feb6adbe4a5B.jpg\" slate-data-type=\"image\"\/><img decoding=\"async\" style=\"border:0px;margin:0px;margin-bottom:0px;margin-top:0px;margin-left:0px;margin-right:0px;padding:0px;padding-bottom:0px;padding-top:0px;padding-left:0px;padding-right:0px;max-width:100%;box-sizing:border-box\" src=\"https:\/\/ae01.alicdn.com\/kf\/A774081aed8b942e7acaf49610db62bdcp.jpg\" slate-data-type=\"image\"\/><img decoding=\"async\" style=\"border:0px;margin:0px;margin-bottom:0px;margin-top:0px;margin-left:0px;margin-right:0px;padding:0px;padding-bottom:0px;padding-top:0px;padding-left:0px;padding-right:0px;max-width:100%;box-sizing:border-box\" src=\"https:\/\/ae01.alicdn.com\/kf\/A5049f32fb51c4b6893c15cd2091d39c6m.jpg\" slate-data-type=\"image\"\/><img decoding=\"async\" style=\"border:0px;margin:0px;margin-bottom:0px;margin-top:0px;margin-left:0px;margin-right:0px;padding:0px;padding-bottom:0px;padding-top:0px;padding-left:0px;padding-right:0px;max-width:100%;box-sizing:border-box\" src=\"https:\/\/ae01.alicdn.com\/kf\/A32563d52304747c8b5e86699d4af4df8G.jpg\" slate-data-type=\"image\"\/><img decoding=\"async\" style=\"border:0px;margin:0px;margin-bottom:0px;margin-top:0px;margin-left:0px;margin-right:0px;padding:0px;padding-bottom:0px;padding-top:0px;padding-left:0px;padding-right:0px;max-width:100%;box-sizing:border-box\" src=\"https:\/\/ae01.alicdn.com\/kf\/A6f008b1d035a433e99610ffe78870e9bC.jpg\" slate-data-type=\"image\"\/><img decoding=\"async\" style=\"border:0px;margin:0px;margin-bottom:0px;margin-top:0px;margin-left:0px;margin-right:0px;padding:0px;padding-bottom:0px;padding-top:0px;padding-left:0px;padding-right:0px;max-width:100%;box-sizing:border-box\" src=\"https:\/\/ae01.alicdn.com\/kf\/Af2d68fd06cd742e3851b9862f5f2d9e4v.jpg\" slate-data-type=\"image\"\/><img decoding=\"async\" style=\"border:0px;margin:0px;margin-bottom:0px;margin-top:0px;margin-left:0px;margin-right:0px;padding:0px;padding-bottom:0px;padding-top:0px;padding-left:0px;padding-right:0px;max-width:100%;box-sizing:border-box\" src=\"https:\/\/ae01.alicdn.com\/kf\/Abd482e2d7b8b4ebabab44c5b1c1c8530Y.jpg\" slate-data-type=\"image\"\/><img decoding=\"async\" style=\"border:0px;margin:0px;margin-bottom:0px;margin-top:0px;margin-left:0px;margin-right:0px;padding:0px;padding-bottom:0px;padding-top:0px;padding-left:0px;padding-right:0px;max-width:100%;box-sizing:border-box\" src=\"https:\/\/ae01.alicdn.com\/kf\/Aa2e0cb20a73a442fadc49fc9fe285b4dS.jpg\" slate-data-type=\"image\"\/><img decoding=\"async\" style=\"border:0px;margin:0px;margin-bottom:0px;margin-top:0px;margin-left:0px;margin-right:0px;padding:0px;padding-bottom:0px;padding-top:0px;padding-left:0px;padding-right:0px;max-width:100%;box-sizing:border-box\" src=\"https:\/\/ae01.alicdn.com\/kf\/A8740e031b4314d6785c4851ce1970bebW.jpg\" slate-data-type=\"image\"\/><img decoding=\"async\" style=\"border:0px;margin:0px;margin-bottom:0px;margin-top:0px;margin-left:0px;margin-right:0px;padding:0px;padding-bottom:0px;padding-top:0px;padding-left:0px;padding-right:0px;max-width:100%;box-sizing:border-box\" src=\"https:\/\/ae01.alicdn.com\/kf\/Aaddc1c4e75c9467b877f39cd68ee5696u.jpg\" slate-data-type=\"image\"\/><img decoding=\"async\" style=\"border:0px;margin:0px;margin-bottom:0px;margin-top:0px;margin-left:0px;margin-right:0px;padding:0px;padding-bottom:0px;padding-top:0px;padding-left:0px;padding-right:0px;max-width:100%;box-sizing:border-box\" src=\"https:\/\/ae01.alicdn.com\/kf\/A317b6c9d3b83421e9482cd1ab110604ck.jpg\" slate-data-type=\"image\"\/><img decoding=\"async\" style=\"border:0px;margin:0px;margin-bottom:0px;margin-top:0px;margin-left:0px;margin-right:0px;padding:0px;padding-bottom:0px;padding-top:0px;padding-left:0px;padding-right:0px;max-width:100%;box-sizing:border-box\" src=\"https:\/\/ae01.alicdn.com\/kf\/Acda42ec6a24a4bb9ba6997b3d8d9926fn.jpg\" slate-data-type=\"image\"\/><img decoding=\"async\" style=\"border:0px;margin:0px;margin-bottom:0px;margin-top:0px;margin-left:0px;margin-right:0px;padding:0px;padding-bottom:0px;padding-top:0px;padding-left:0px;padding-right:0px;max-width:100%;box-sizing:border-box\" src=\"https:\/\/ae01.alicdn.com\/kf\/A684404bc598e44d5992d7e7fec2bd671V.jpg\" slate-data-type=\"image\"\/><img decoding=\"async\" style=\"border:0px;margin:0px;margin-bottom:0px;margin-top:0px;margin-left:0px;margin-right:0px;padding:0px;padding-bottom:0px;padding-top:0px;padding-left:0px;padding-right:0px;max-width:100%;box-sizing:border-box\" src=\"https:\/\/ae01.alicdn.com\/kf\/A1994c28b1cc6443f86d58d102e26ca20w.jpg\" slate-data-type=\"image\"\/><img decoding=\"async\" style=\"border:0px;margin:0px;margin-bottom:0px;margin-top:0px;margin-left:0px;margin-right:0px;padding:0px;padding-bottom:0px;padding-top:0px;padding-left:0px;padding-right:0px;max-width:100%;box-sizing:border-box\" src=\"https:\/\/ae01.alicdn.com\/kf\/A49629716aaa042fb9c8c13678e1ee374C.jpg\" slate-data-type=\"image\"\/><img decoding=\"async\" style=\"border:0px;margin:0px;margin-bottom:0px;margin-top:0px;margin-left:0px;margin-right:0px;padding:0px;padding-bottom:0px;padding-top:0px;padding-left:0px;padding-right:0px;max-width:100%;box-sizing:border-box\" src=\"https:\/\/ae01.alicdn.com\/kf\/A4523b77d6f6a420d89d497ff253d96b3Z.jpg\" slate-data-type=\"image\"\/><img decoding=\"async\" style=\"border:0px;margin:0px;margin-bottom:0px;margin-top:0px;margin-left:0px;margin-right:0px;padding:0px;padding-bottom:0px;padding-top:0px;padding-left:0px;padding-right:0px;max-width:100%;box-sizing:border-box\" src=\"https:\/\/ae01.alicdn.com\/kf\/A54b8228b68d148eb815d22aa4994b8b4s.jpg\" slate-data-type=\"image\"\/><\/p>","protected":false},"excerpt":{"rendered":"<p>Hign-concerned Chemical:&nbsp;None CE:&nbsp;Certificate Is Electric:&nbsp;lithium battery Barcode:&nbsp;No Throttle servo:&nbsp;2852 brushless motor Steering servo:&nbsp;19g digital servo (2.2kg. cm) Power:&nbsp;55km\/h State of Assembly:&nbsp;Ready-to-Go Flight Time:&nbsp;\u2265 13 minutes (full speed) Tire Track:&nbsp;188mm Wheelbase:&nbsp;198mm<\/p>","protected":false},"featured_media":25727,"comment_status":"open","ping_status":"closed","template":"","meta":{"_acf_changed":false},"product_brand":[],"product_cat":[519],"product_tag":[],"class_list":{"0":"post-25726","1":"product","2":"type-product","3":"status-publish","4":"has-post-thumbnail","6":"product_cat-rc-cars","8":"first","9":"instock","10":"shipping-taxable","11":"purchasable","12":"product-type-simple"},"acf":[],"_links":{"self":[{"href":"https:\/\/www.electricstore.eu\/lv\/wp-json\/wp\/v2\/product\/25726","targetHints":{"allow":["GET"]}}],"collection":[{"href":"https:\/\/www.electricstore.eu\/lv\/wp-json\/wp\/v2\/product"}],"about":[{"href":"https:\/\/www.electricstore.eu\/lv\/wp-json\/wp\/v2\/types\/product"}],"replies":[{"embeddable":true,"href":"https:\/\/www.electricstore.eu\/lv\/wp-json\/wp\/v2\/comments?post=25726"}],"wp:featuredmedia":[{"embeddable":true,"href":"https:\/\/www.electricstore.eu\/lv\/wp-json\/wp\/v2\/media\/25727"}],"wp:attachment":[{"href":"https:\/\/www.electricstore.eu\/lv\/wp-json\/wp\/v2\/media?parent=25726"}],"wp:term":[{"taxonomy":"product_brand","embeddable":true,"href":"https:\/\/www.electricstore.eu\/lv\/wp-json\/wp\/v2\/product_brand?post=25726"},{"taxonomy":"product_cat","embeddable":true,"href":"https:\/\/www.electricstore.eu\/lv\/wp-json\/wp\/v2\/product_cat?post=25726"},{"taxonomy":"product_tag","embeddable":true,"href":"https:\/\/www.electricstore.eu\/lv\/wp-json\/wp\/v2\/product_tag?post=25726"}],"curies":[{"name":"wp","href":"https:\/\/api.w.org\/{rel}","templated":true}]}}