{"id":25696,"date":"2025-05-20T19:00:35","date_gmt":"2025-05-20T19:00:35","guid":{"rendered":"https:\/\/electricstore.eu\/p\/uncategorized\/q130-114-70km-h-4wd-rc-car-with-light-brushless-motor-remote-control-cars-high-speed-drift-monster-truck-toys-for-adults-kids\/"},"modified":"2025-05-20T19:05:50","modified_gmt":"2025-05-20T19:05:50","slug":"q130-114-70km-h-4wd-rc-car-with-light-brushless-motor-remote-control-cars-high-speed-drift-monster-truck-toys-for-adults-kids","status":"publish","type":"product","link":"https:\/\/www.electricstore.eu\/lv\/p\/rc\/rc-cars\/q130-114-70km-h-4wd-rc-car-with-light-brushless-motor-remote-control-cars-high-speed-drift-monster-truck-toys-for-adults-kids\/","title":{"rendered":"Q130 1:14 70KM\/H 4WD RC automa\u0161\u012bna ar vieglu bezsuku motoru T\u0101lvad\u012bbas automa\u0161\u012bnas \u0100trgaitas drifta monster truck rota\u013clieta pieaugu\u0161ajiem un b\u0113rniem"},"content":{"rendered":"<div class=\"product-specs-list-container\">\n<ul class=\"product-specs-list util-clearfix\">\n<li class=\"product-prop line-limit-length\"><span\n                                        class=\"property-title\">Sertifik\u0101ta numurs:&nbsp;<\/span><span\n                                        class=\"property-desc line-limit-length\">K\u0101 par\u0101d\u012bt<\/span>\n                            <\/li>\n<li class=\"product-prop line-limit-length\"><span\n                                        class=\"property-title\">CE:&nbsp;<\/span><span\n                                        class=\"property-desc line-limit-length\">Sertifik\u0101ts<\/span>\n                            <\/li>\n<li class=\"product-prop line-limit-length\"><span\n                                        class=\"property-title\">Ir elektrisks:&nbsp;<\/span><span\n                                        class=\"property-desc line-limit-length\">litija akumulators<\/span>\n                            <\/li>\n<li class=\"product-prop line-limit-length\"><span\n                                        class=\"property-title\">Sv\u012btrkods:&nbsp;<\/span><span\n                                        class=\"property-desc line-limit-length\">N\u0113<\/span>\n                            <\/li>\n<li class=\"product-prop line-limit-length\"><span\n                                        class=\"property-title\">Droseles servo:&nbsp;<\/span><span\n                                        class=\"property-desc line-limit-length\">2847 bezsuku motors\/390 oglek\u013ca suku sp\u0113c\u012bgs magn\u0113tiskais motors<\/span>\n                            <\/li>\n<li class=\"product-prop line-limit-length\"><span\n                                        class=\"property-title\">St\u016bres pastiprin\u0101t\u0101js:&nbsp;<\/span><span\n                                        class=\"property-desc line-limit-length\">Ar suk\u0101m: piecu vadu 17G st\u016bres servo \/ Bezsuk\u0101m: tr\u012bs vadu 17G digit\u0101lais<\/span>\n                            <\/li>\n<li class=\"product-prop line-limit-length\"><span\n                                        class=\"property-title\">Jauda:&nbsp;<\/span><span\n                                        class=\"property-desc line-limit-length\">70\u00a0km\/h vai 50\u00a0km\/h<\/span>\n                            <\/li>\n<li class=\"product-prop line-limit-length\"><span\n                                        class=\"property-title\">Asamblejas \u0161tats:&nbsp;<\/span><span\n                                        class=\"property-desc line-limit-length\">Gatavs lieto\u0161anai<\/span>\n                            <\/li>\n<li class=\"product-prop line-limit-length\"><span\n                                        class=\"property-title\">Lidojuma laiks:&nbsp;<\/span><span\n                                        class=\"property-desc line-limit-length\">15\u201318 min\u016btes (nep\u0101rtraukta skrie\u0161ana piln\u0101 \u0101trum\u0101)<\/span>\n                            <\/li>\n<li class=\"product-prop line-limit-length\"><span\n                                        class=\"property-title\">Riepu sliedes:&nbsp;<\/span><span\n                                        class=\"property-desc line-limit-length\">188 mm<\/span>\n                            <\/li>\n<li class=\"product-prop line-limit-length\"><span\n                                        class=\"property-title\">Rite\u0146u b\u0101ze:&nbsp;<\/span><span\n                                        class=\"property-desc line-limit-length\">185 mm<\/span>\n                            <\/li>\n<li class=\"product-prop line-limit-length\"><span\n                                        class=\"property-title\">Br\u012bdin\u0101jums:&nbsp;<\/span><span\n                                        class=\"property-desc line-limit-length\">Tuk\u0161a uguns<\/span>\n                            <\/li>\n<li class=\"product-prop line-limit-length\"><span\n                                        class=\"property-title\">Att\u0101lais att\u0101lums:&nbsp;<\/span><span\n                                        class=\"property-desc line-limit-length\">120 m<\/span>\n                            <\/li>\n<li class=\"product-prop line-limit-length\"><span\n                                        class=\"property-title\">Garantija:&nbsp;<\/span><span\n                                        class=\"property-desc line-limit-length\">Neviens<\/span>\n                            <\/li>\n<li class=\"product-prop line-limit-length\"><span\n                                        class=\"property-title\">M\u0113rogs:&nbsp;<\/span><span\n                                        class=\"property-desc line-limit-length\">1:14<\/span>\n                            <\/li>\n<li class=\"product-prop line-limit-length\"><span\n                                        class=\"property-title\">Izm\u0113ri:&nbsp;<\/span><span\n                                        class=\"property-desc line-limit-length\">34,5 * 20,5 * 14,8 CM<\/span>\n                            <\/li>\n<li class=\"product-prop line-limit-length\"><span\n                                        class=\"property-title\">Griezes moments:&nbsp;<\/span><span\n                                        class=\"property-desc line-limit-length\">K\u0101 par\u0101d\u012bt<\/span>\n                            <\/li>\n<li class=\"product-prop line-limit-length\"><span\n                                        class=\"property-title\">Mode\u013ca numurs:&nbsp;<\/span><span\n                                        class=\"property-desc line-limit-length\">S344<\/span>\n                            <\/li>\n<li class=\"product-prop line-limit-length\"><span\n                                        class=\"property-title\">Dizains:&nbsp;<\/span><span\n                                        class=\"property-desc line-limit-length\">Dirtbike<\/span>\n                            <\/li>\n<li class=\"product-prop line-limit-length\"><span\n                                        class=\"property-title\">Komplekt\u0101 ietilpst:&nbsp;<\/span><span\n                                        class=\"property-desc line-limit-length\">Baterijas, lieto\u0161anas instrukcija, t\u0101lvad\u012bbas pults, USB kabelis<\/span>\n                            <\/li>\n<li class=\"product-prop line-limit-length\"><span\n                                        class=\"property-title\">Vad\u012bbas kan\u0101li:&nbsp;<\/span><span\n                                        class=\"property-desc line-limit-length\">4 kan\u0101li<\/span>\n                            <\/li>\n<li class=\"product-prop line-limit-length\"><span\n                                        class=\"property-title\">Kontroliera re\u017e\u012bms:&nbsp;<\/span><span\n                                        class=\"property-desc line-limit-length\">RE\u017d\u012aMS2<\/span>\n                            <\/li>\n<li class=\"product-prop line-limit-length\"><span\n                                        class=\"property-title\">Uzl\u0101des spriegums:&nbsp;<\/span><span\n                                        class=\"property-desc line-limit-length\">5 V<\/span>\n                            <\/li>\n<li class=\"product-prop line-limit-length\"><span\n                                        class=\"property-title\">T\u0101lvad\u012bbas pults:&nbsp;<\/span><span\n                                        class=\"property-desc line-limit-length\">J\u0101<\/span>\n                            <\/li>\n<li class=\"product-prop line-limit-length\"><span\n                                        class=\"property-title\">Materi\u0101ls:&nbsp;<\/span><span\n                                        class=\"property-desc line-limit-length\">Met\u0101ls, plastmasa<\/span>\n                            <\/li>\n<li class=\"product-prop line-limit-length\"><span\n                                        class=\"property-title\">Z\u012bmola nosaukums:&nbsp;<\/span><span\n                                        class=\"property-desc line-limit-length\">WDSZKMYF<\/span>\n                            <\/li>\n<li class=\"product-prop line-limit-length\"><span\n                                        class=\"property-title\">Ieteicamais vecums:&nbsp;<\/span><span\n                                        class=\"property-desc line-limit-length\">14+ gadi<\/span>\n                            <\/li>\n<li class=\"product-prop line-limit-length\"><span\n                                        class=\"property-title\">Izcelsme:&nbsp;<\/span><span\n                                        class=\"property-desc line-limit-length\">Kontinent\u0101l\u0101 \u0136\u012bna<\/span>\n                            <\/li>\n<li class=\"product-prop line-limit-length\"><span\n                                        class=\"property-title\">Tips:&nbsp;<\/span><span\n                                        class=\"property-desc line-limit-length\">Automa\u0161\u012bna<\/span>\n                            <\/li>\n<li class=\"product-prop line-limit-length\"><span\n                                        class=\"property-title\">Funkcijas:&nbsp;<\/span><span\n                                        class=\"property-desc line-limit-length\">T\u0100LVAD\u012aBAS PULTS<\/span>\n                            <\/li>\n<\/ul><\/div>\n<div class=\"detailmodule_html\">\n<div class=\"detail-desc-decorate-richtext\">\n<p><\/p>\n<div>\u00a0<\/div>\n<p><span style=\"background-color:rgb(252, 220, 0);color:rgb(244, 78, 59);font-size:18px\"><strong>PIEZ\u012aME:<\/strong><\/span><\/p>\n<p><span style=\"color:rgb(244, 78, 59);font-size:18px\">1. \u0160\u012b nav parasta rota\u013cu t\u0101lvad\u012bbas automa\u0161\u012bna, jo t\u0101lvad\u012bbas automa\u0161\u012bna ir p\u0101r\u0101k \u0101tra, ieteicams t\u0101lvad\u012bbas automa\u0161\u012bnu izmantot atkl\u0101t\u0101s viet\u0101s, lai izvair\u012btos no sadursm\u0113m ar \u0161\u0137\u0113r\u0161\u013ciem.<\/span><\/p>\n<p><span style=\"color:rgb(244, 78, 59);font-size:18px\">2. Mazumtirdzniec\u012bbas iepakojums ir izgatavots no putuplasta kast\u0113m, kas var samazin\u0101t produkta boj\u0101jumus transport\u0113\u0161anas laik\u0101. Ori\u0123in\u0101l\u0101s kastes nav iek\u013cautas.<\/span><\/p>\n<p><\/p>\n<p><\/p>\n<p><strong><span style=\"font-size:18px\">L\u016bdzu, \u0146emiet v\u0113r\u0101, lietojot akumulatoru: (p\u0101rdodu atsevi\u0161\u0137us akumulatorus, l\u016bdzu, sazinieties ar mani, ja nepiecie\u0161ams)<\/span><\/strong><\/p>\n<p><span style=\"font-size:18px\">1. Kad akumulators ir izl\u0101d\u0113jies, tas ir j\u0101uzl\u0101d\u0113 savlaic\u012bgi, lai nodro\u0161in\u0101tu akumulatoram papildu jaudu. Ja akumulators ir piln\u012bb\u0101 izl\u0101d\u0113jies, to nevar\u0113s uzl\u0101d\u0113t.<\/span><\/p>\n<p><span style=\"font-size:18px\">2. Uzl\u0101d\u0113jot akumulatoru, atvienojiet savienojumu no t\u0101lvad\u012bbas pults automa\u0161\u012bnas. Noteikti iz\u0146emiet akumulatoru, lai to uzl\u0101d\u0113tu atsevi\u0161\u0137i.<\/span><\/p>\n<p><span style=\"font-size:18px\">3. Ja neizmantojat t\u0101lvad\u012bbas automa\u0161\u012bnu, l\u016bdzu, atvienojiet akumulatoru no t\u0101lvad\u012bbas automa\u0161\u012bnas vada, nek\u0101d\u0101 gad\u012bjum\u0101 nepievienojiet un piln\u012bb\u0101 uzl\u0101d\u0113jiet akumulatoru, pret\u0113j\u0101 gad\u012bjum\u0101 tas saboj\u0101s akumulatoru.<\/span><\/p>\n<p><\/p>\n<p><\/p>\n<p><strong><span style=\"font-size:18px\">1:14 70KM\/H 4WD RC automa\u0161\u012bna ar LED gaismu un t\u0101lvad\u012bbas pulti, \u0101trgaitas drifta monstru kravas automa\u0161\u012bna b\u0113rniem<\/span><\/strong><\/p>\n<p><\/p>\n<p><\/p>\n<p><span style=\"font-size:18px\">Piez\u012bme: L\u016bdzu, \u0146emiet v\u0113r\u0101, ka pirms pas\u016bt\u012bjuma veik\u0161anas ir j\u0101no\u0161\u0137ir modelis. Mode\u013ca parametri ir \u0161\u0101di:<\/span><\/p>\n<p><\/p>\n<p><\/p>\n<p><span style=\"font-size:18px\">Produkta konfigur\u0101cija: Elektrisks pilnpiedzi\u0146as apvidus auto (UDR)<\/span><\/p>\n<p><span style=\"font-size:18px\">Produkta materi\u0101ls: aparat\u016bra; elektronika; plastmasa<\/span><\/p>\n<p><span style=\"font-size:18px\">Produkta izm\u0113rs: 34,5 * 20,5 * 14,8 CM<\/span><\/p>\n<p><span style=\"font-size:18px\">Kr\u0101sa: zila\/sarkana (ar otu), oran\u017ea (bez oti\u0146as)<\/span><\/p>\n<p><span style=\"font-size:18px\">Korpusa akumulators: birste: 7,4 V 1300 mAh 15C litija jonu akumulators (T spraudnis) Bezbirste: 7,4 V 1500 mAh 15C litija jonu akumulators (T spraudnis)<\/span><\/p>\n<p><span style=\"font-size:18px\">Darb\u012bbas laiks: 15\u201318 min\u016btes (nep\u0101rtraukta pilna \u0101truma darb\u012bba)<\/span><\/p>\n<p><span style=\"font-size:18px\">T\u0101lvad\u012bbas pults baterijas: 3 &quot;AA&quot; (nav iek\u013cautas iepakojum\u0101)<\/span><\/p>\n<p><span style=\"font-size:18px\">Uzl\u0101des laiks: 3\u20133,5 stundas (USB atlikuma uzl\u0101de)<\/span><\/p>\n<p><span style=\"font-size:18px\">Frekvence: 2,4 GHz (atbalsta vair\u0101kas automa\u0161\u012bnas vien\u0101 laukum\u0101)<\/span><\/p>\n<p><span style=\"font-size:18px\">T\u0101lvad\u012bbas pults kategorija: pilna m\u0113roga sinhron\u0101 vad\u012bbas sist\u0113ma (iero\u010du vad\u012bba)<\/span><\/p>\n<p><span style=\"font-size:18px\">ESC\/uztv\u0113r\u0113js: 35A ESC\/uztv\u0113r\u0113ja integr\u0113ta vad\u012bba (\u0161\u013cakatu dro\u0161s)<\/span><\/p>\n<p><span style=\"font-size:18px\">\u0100trums: Birste: 50 km\/h (maksim\u0101lais \u0101trums) Bezbirste: 70 km\/h<\/span><\/p>\n<p><span style=\"font-size:18px\">Gaismas konfigur\u0101cija: LED priek\u0161\u0113jais lukturis, LED kupola apgaismojums, LED aizmugur\u0113jais kupola apgaismojums<\/span><\/p>\n<p><span style=\"font-size:18px\">T\u0101lvad\u012bbas pults att\u0101lums (m): \u2265120 m<\/span><\/p>\n<p><span style=\"font-size:18px\">Motors: ar suk\u0101m: RC390 \u0101trgaitas oglek\u013ca suka ar sp\u0113c\u012bgu magn\u0113tisko elementu (magn\u0113tisk\u0101 aizsardz\u012bba + siltuma izklied\u0113t\u0101js) bezsuku motors: 2847 bezsuku motors (4000 kV v\u0113rt\u012bba)<\/span><\/p>\n<p><span style=\"font-size:18px\">Servo: ar suku: piecu vadu 17G st\u016bres servo, bezsuku: tr\u012bs vadu 17G digit\u0101lais servo<\/span><\/p>\n<p><span style=\"font-size:18px\">Rite\u0146u b\u0101zes parametri: rite\u0146u b\u0101ze: 185 mm; rite\u0146u b\u0101ze: 188 mm; rite\u0146u diametrs: 85 mm<\/span><\/p>\n<p><span style=\"font-size:18px\">Diferenci\u0101l\u0101 strukt\u016bra: plan\u0113tu p\u0101rnesumu diferenci\u0101lis<\/span><\/p>\n<p><\/p>\n<p><span style=\"font-size:18px\">Aizsardz\u012bbas funkcija: 1. uzl\u0101de; 2. trauc\u0113\u0161ana; 3. augsta temperat\u016bra; 4. zems spiediens<\/span><\/p>\n<p><\/p>\n<p><\/p>\n<p><strong><span style=\"font-size:18px\">Funkcija:<\/span><\/strong><\/p>\n<p><\/p>\n<p><span style=\"font-size:18px\">1. Simul\u0101cijas strukt\u016bras dizaina izmanto\u0161ana ar re\u0101lu automa\u0161\u012bnas vad\u012bbas saj\u016btu, lai sasniegtu piln\u012bgu proporcion\u0101lu bezpak\u0101pju \u0101trumu, brauk\u0161anu liel\u0101 \u0101trum\u0101, strauju pa\u0101trin\u0101jumu, pal\u0113nin\u0101jumu, bremz\u0113\u0161anu, atpaka\u013cgaitu, pagriezienu pa kreisi, pagriezienu pa labi.<\/span><\/p>\n<p><span style=\"font-size:18px\">2. Piem\u0113rojam\u0101s vietas: l\u012bdzena virsma, smiltis, dub\u013ci, z\u0101le.<\/span><\/p>\n<p><span style=\"font-size:18px\">3. Pilnpiedzi\u0146a: priek\u0161\u0113j\u0101 un aizmugur\u0113j\u0101 vertik\u0101l\u0101 atsperu amortiz\u0101cija, neatkar\u012bga piekare ar dubultsviru svir\u0101m.<\/span><\/p>\n<p><span style=\"font-size:18px\">4. 2.4G piln\u012bb\u0101 proporcion\u0101la sinhroniz\u0113ta t\u0101lvad\u012bbas pults sist\u0113ma. Piln\u012bb\u0101 proporcion\u0101la drosele\/st\u016br\u0113\u0161ana.<\/span><\/p>\n<p><span style=\"font-size:18px\">5. 2.4G \u0161\u013cakatu necaurlaid\u012bgs \u010detrvirzienu 30A integr\u0113ts ESC\/uztv\u0113r\u0113js.<\/span><\/p>\n<p><span style=\"font-size:18px\">6. Priek\u0161\u0113j\u0101 rite\u0146a \u0161\u0137\u0113rsvirziena lodveida savienojuma piedzi\u0146as v\u0101rpsta, aizmugur\u0113j\u0101 rite\u0146a sadal\u012bt\u0101 su\u0146a kaula piedzi\u0146as v\u0101rpsta.<\/span><\/p>\n<p><span style=\"font-size:18px\">7. Piecu vadu 17G servo.<\/span><\/p>\n<p><span style=\"font-size:18px\">8. Super akumulatora jauda: 7,4 V, 18650\u20131500\/1300 mAh litija jonu akumulators (T spraudnis), izl\u0101des \u0101trums 10 \u00b0C.<\/span><\/p>\n<p><span style=\"font-size:18px\">9. Visa automa\u0161\u012bna ar 16 lod\u012b\u0161u gult\u0146iem.<\/span><\/p>\n<p><span style=\"font-size:18px\">10. Met\u0101la otr\u0101s gr\u012bdas pl\u0101ksne, met\u0101la priek\u0161\u0113j\u0101s un aizmugur\u0113j\u0101s sviras kods, met\u0101la vid\u0113j\u0101 piedzi\u0146as v\u0101rpsta.<\/span><\/p>\n<p><span style=\"font-size:18px\">11. Korpuss ir izgatavots no augstas iztur\u012bbas spr\u0101dziendro\u0161a PVC korpusa.<\/span><\/p>\n<p><span style=\"font-size:18px\">12. Korpuss ir apr\u012bkots ar LED priek\u0161\u0113jiem lukturiem, LED kupola apgaismojumu, LED aizmugur\u0113jo kupola apgaismojumu; (tr\u012bs re\u017e\u012bmi: past\u0101v\u012bga gaisma, l\u0113na mirgo\u0161ana, \u0101tra mirgo\u0161ana).<\/span><\/p>\n<p><span style=\"font-size:18px\">13. Bezce\u013cu riepu simul\u0101cija, sp\u0113c\u012bga sa\u0137ere.<\/span><\/p>\n<p><\/p>\n<p><\/p>\n<p><span style=\"font-size:18px\">Piederumi: 1) visa automa\u0161\u012bna; 2) t\u0101lvad\u012bbas pults; 3) instrukcijas \u0137\u012bnie\u0161u un ang\u013cu valod\u0101; 4) litija akumulators; 5) USB balans\u0113\u0161anas uzl\u0101de; 6) astes da\u013ca; 7) st\u016bre ar skatu uz priek\u0161u; 8) amortizatora regul\u0113\u0161anas spr\u0101dze; 9) met\u0101la tapas; 10) se\u0161st\u016bra uzmava; 11) instrukcijas bro\u0161\u016bras ielikt\u0146a bezkontaktu versija<\/span><\/p>\n<p><\/p>\n<p><\/p>\n<p><strong><span style=\"font-size:18px\">Piez\u012bme:<\/span><\/strong><\/p>\n<p><span style=\"font-size:18px\">1: Uzl\u0101des aizsardz\u012bba: past\u0101v\u012bga str\u0101vas un sprieguma l\u012bdzsvarota uzl\u0101de, aizsardz\u012bbas funkcija pret akumulatora p\u0101rl\u0101d\u0113\u0161anu un p\u0101rslodzi.<\/span><\/p>\n<p><span style=\"font-size:18px\">2: Motora aizsardz\u012bba pret iestr\u0113g\u0161anu: motors p\u0101rst\u0101j darboties, ja tas ir p\u0101rslogots<\/span><\/p>\n<p><span style=\"font-size:18px\">3: aizsardz\u012bba pret augstu temperat\u016bru: ja darba temperat\u016bra p\u0101rsniedz iestat\u012bto v\u0113rt\u012bbu, piedzi\u0146as vad\u012bbas \u0137\u0113de p\u0101rst\u0101j darboties un ats\u0101k darbu p\u0113c tam, kad temperat\u016bra nokr\u012btas l\u012bdz dro\u0161ai v\u0113rt\u012bbai.<\/span><\/p>\n<p><span style=\"font-size:18px\">4: ESC zemsprieguma izsl\u0113g\u0161anas funkcija, akumulatora spriegums ir zem 6,3\u20136,4 V, autom\u0101tiska izsl\u0113g\u0161an\u0101s, lai nov\u0113rstu akumulatora boj\u0101jumus p\u0101rl\u0101d\u0113\u0161an\u0101s laik\u0101. <\/span><\/p>\n<p><img decoding=\"async\" src=\"https:\/\/ae01.alicdn.com\/kf\/Se567db099fec4a92bd20ebfba3621e3bl.jpg?width=1000&amp;height=563&amp;hash=1563\" slate-data-type=\"image\"\/><img decoding=\"async\" src=\"https:\/\/ae01.alicdn.com\/kf\/S53c3d7c524304dd79a1886aa2584f3efC.jpg?width=1920&amp;height=1080&amp;hash=3000\" slate-data-type=\"image\"\/><img decoding=\"async\" src=\"https:\/\/ae01.alicdn.com\/kf\/S9510f83b39cc44f0bbdf6cedf30b7c3c9.jpg?width=1000&amp;height=563&amp;hash=1563\" slate-data-type=\"image\"\/><img decoding=\"async\" src=\"https:\/\/ae01.alicdn.com\/kf\/S9ef33f0694c14d4a9f811426034ff526f.jpg?width=1000&amp;height=1441&amp;hash=2441\" slate-data-type=\"image\"\/><img decoding=\"async\" src=\"https:\/\/ae01.alicdn.com\/kf\/S61f050d298fe420195142a9333e3f435u.jpg?width=1000&amp;height=1400&amp;hash=2400\" slate-data-type=\"image\"\/><img decoding=\"async\" src=\"https:\/\/ae01.alicdn.com\/kf\/S3c618fa993be4c0fb97db5009d3fde1fN.jpg?width=1000&amp;height=1405&amp;hash=2405\" slate-data-type=\"image\"\/><img decoding=\"async\" src=\"https:\/\/ae01.alicdn.com\/kf\/S4c644255151e434392918fb12bcefd9f1.jpg?width=1000&amp;height=1399&amp;hash=2399\" slate-data-type=\"image\"\/><img decoding=\"async\" src=\"https:\/\/ae01.alicdn.com\/kf\/Sa9ab599225c14e41a1e95825a3ebbf8de.jpg?width=1000&amp;height=1397&amp;hash=2397\" slate-data-type=\"image\"\/><img decoding=\"async\" src=\"https:\/\/ae01.alicdn.com\/kf\/Secd4dda439db4628abbe77ce4db4a9ebN.jpg?width=1000&amp;height=1404&amp;hash=2404\" slate-data-type=\"image\"\/><img decoding=\"async\" src=\"https:\/\/ae01.alicdn.com\/kf\/S47a9cbcfd5e54669bda823cf0ac5a039V.jpg?width=1000&amp;height=1397&amp;hash=2397\" slate-data-type=\"image\"\/><img decoding=\"async\" src=\"https:\/\/ae01.alicdn.com\/kf\/Sa76f77c19e0b47f4af0c3be2e78d05bfL.jpg?width=1000&amp;height=1397&amp;hash=2397\" slate-data-type=\"image\"\/><img decoding=\"async\" src=\"https:\/\/ae01.alicdn.com\/kf\/S77000bbb2bf94ed59306cab7def97382g.jpg?width=1000&amp;height=1397&amp;hash=2397\" slate-data-type=\"image\"\/><img decoding=\"async\" src=\"https:\/\/ae01.alicdn.com\/kf\/Scf3666ab514040df8464cccd282a6da95.jpg?width=1000&amp;height=1385&amp;hash=2385\" slate-data-type=\"image\"\/><img decoding=\"async\" src=\"https:\/\/ae01.alicdn.com\/kf\/S9e2e5d55c3424102a3f6b3137de8a594M.jpg?width=1000&amp;height=1449&amp;hash=2449\" slate-data-type=\"image\"\/><img decoding=\"async\" src=\"https:\/\/ae01.alicdn.com\/kf\/S4dfcff3ac53e4d67a744f11cc0708bd8C.jpg?width=1000&amp;height=1761&amp;hash=2761\" slate-data-type=\"image\"\/><img decoding=\"async\" src=\"https:\/\/ae01.alicdn.com\/kf\/S19fc1169693c44a399265a91c9455a2dz.jpg?width=1000&amp;height=1928&amp;hash=2928\" slate-data-type=\"image\"\/><img decoding=\"async\" src=\"https:\/\/ae01.alicdn.com\/kf\/S0ba84fbb3176483396415be9ef4133b3N.jpg?width=1000&amp;height=1080&amp;hash=2080\" slate-data-type=\"image\"\/><img decoding=\"async\" src=\"https:\/\/ae01.alicdn.com\/kf\/S2b682f577c8b494c92ac54f1aec56d32z.jpg?width=1000&amp;height=1639&amp;hash=2639\" slate-data-type=\"image\"\/><img decoding=\"async\" src=\"https:\/\/ae01.alicdn.com\/kf\/S6be2c491d0754d85b25534db2dce6db5E.jpg?width=1000&amp;height=1820&amp;hash=2820\" slate-data-type=\"image\"\/><img decoding=\"async\" src=\"https:\/\/ae01.alicdn.com\/kf\/Saa56d418672947e2bcbafa0cfc1120a1A.jpg?width=1000&amp;height=2258&amp;hash=3258\" slate-data-type=\"image\"\/><img decoding=\"async\" src=\"https:\/\/ae01.alicdn.com\/kf\/S66c5f994236b46929dbcfd1289e1eb141.jpg?width=1000&amp;height=1963&amp;hash=2963\" slate-data-type=\"image\"\/><img decoding=\"async\" src=\"https:\/\/ae01.alicdn.com\/kf\/S9299c24b12654ad5b0a25aec88462a69Y.jpg?width=1000&amp;height=2037&amp;hash=3037\" slate-data-type=\"image\"\/><img decoding=\"async\" src=\"https:\/\/ae01.alicdn.com\/kf\/S8ac5907d9f30484da270822a42d2822cR.jpg?width=1000&amp;height=2072&amp;hash=3072\" slate-data-type=\"image\"\/><img decoding=\"async\" src=\"https:\/\/ae01.alicdn.com\/kf\/Sd5f7a02f4e14434ba3f7335c9a267524K.jpg?width=1000&amp;height=1456&amp;hash=2456\" slate-data-type=\"image\"\/><img decoding=\"async\" src=\"https:\/\/ae01.alicdn.com\/kf\/S81362050aba64a44953c2ec135c0f34bu.jpg?width=1000&amp;height=2296&amp;hash=3296\" slate-data-type=\"image\"\/><img decoding=\"async\" src=\"https:\/\/ae01.alicdn.com\/kf\/S7e943d06e7304a77a66facc4ee541992N.jpg?width=1000&amp;height=1632&amp;hash=2632\" slate-data-type=\"image\"\/><img decoding=\"async\" src=\"https:\/\/ae01.alicdn.com\/kf\/S2c1f060449dc44078676b395f1db3487a.jpg?width=1000&amp;height=1120&amp;hash=2120\" slate-data-type=\"image\"\/><img decoding=\"async\" src=\"https:\/\/ae01.alicdn.com\/kf\/S96c2af7ccf384397a23d085c99f9152b2.jpg?width=1000&amp;height=1099&amp;hash=2099\" slate-data-type=\"image\"\/><img decoding=\"async\" src=\"https:\/\/ae01.alicdn.com\/kf\/S1a23ecc43dfa45f2b167e0d57a62586e3.jpg?width=1000&amp;height=1163&amp;hash=2163\" slate-data-type=\"image\"\/><img decoding=\"async\" src=\"https:\/\/ae01.alicdn.com\/kf\/Sc407db5976c144ccb639172761b2b061O.jpg?width=1000&amp;height=1203&amp;hash=2203\" slate-data-type=\"image\"\/><img decoding=\"async\" src=\"https:\/\/ae01.alicdn.com\/kf\/Sf1a233edfa63481685584aae710cd82fd.jpg?width=1000&amp;height=1495&amp;hash=2495\" slate-data-type=\"image\"\/><\/p>\n<p><\/div>\n<\/div>\n<p><\/p>","protected":false},"excerpt":{"rendered":"<p>Certificate Number:&nbsp;As Show CE:&nbsp;Certificate Is Electric:&nbsp;lithium battery Barcode:&nbsp;No Throttle servo:&nbsp;2847 brushless motor\/390 carbon brush strong magnetic motor Steering servo:&nbsp;Brushed: five-wire 17G steering servo \/ Brushless: three-wire 17G digi Power:&nbsp;70KM\/H or<\/p>","protected":false},"featured_media":25697,"comment_status":"open","ping_status":"closed","template":"","meta":{"_acf_changed":false},"product_brand":[],"product_cat":[519],"product_tag":[],"class_list":{"0":"post-25696","1":"product","2":"type-product","3":"status-publish","4":"has-post-thumbnail","6":"product_cat-rc-cars","8":"first","9":"instock","10":"shipping-taxable","11":"purchasable","12":"product-type-variable"},"acf":[],"_links":{"self":[{"href":"https:\/\/www.electricstore.eu\/lv\/wp-json\/wp\/v2\/product\/25696","targetHints":{"allow":["GET"]}}],"collection":[{"href":"https:\/\/www.electricstore.eu\/lv\/wp-json\/wp\/v2\/product"}],"about":[{"href":"https:\/\/www.electricstore.eu\/lv\/wp-json\/wp\/v2\/types\/product"}],"replies":[{"embeddable":true,"href":"https:\/\/www.electricstore.eu\/lv\/wp-json\/wp\/v2\/comments?post=25696"}],"wp:featuredmedia":[{"embeddable":true,"href":"https:\/\/www.electricstore.eu\/lv\/wp-json\/wp\/v2\/media\/25697"}],"wp:attachment":[{"href":"https:\/\/www.electricstore.eu\/lv\/wp-json\/wp\/v2\/media?parent=25696"}],"wp:term":[{"taxonomy":"product_brand","embeddable":true,"href":"https:\/\/www.electricstore.eu\/lv\/wp-json\/wp\/v2\/product_brand?post=25696"},{"taxonomy":"product_cat","embeddable":true,"href":"https:\/\/www.electricstore.eu\/lv\/wp-json\/wp\/v2\/product_cat?post=25696"},{"taxonomy":"product_tag","embeddable":true,"href":"https:\/\/www.electricstore.eu\/lv\/wp-json\/wp\/v2\/product_tag?post=25696"}],"curies":[{"name":"wp","href":"https:\/\/api.w.org\/{rel}","templated":true}]}}