{"id":25682,"date":"2025-05-20T19:00:31","date_gmt":"2025-05-20T19:00:31","guid":{"rendered":"https:\/\/electricstore.eu\/p\/uncategorized\/16106-116-50km-h-4wd-rc-car-with-led-remote-control-off-road-cars-high-speed-drift-monster-truck-for-kids-vs-wltoys-144001-toys\/"},"modified":"2025-05-20T19:05:50","modified_gmt":"2025-05-20T19:05:50","slug":"16106-116-50km-h-4wd-rc-car-with-led-remote-control-off-road-cars-high-speed-drift-monster-truck-for-kids-vs-wltoys-144001-toys","status":"publish","type":"product","link":"https:\/\/www.electricstore.eu\/lv\/p\/rc\/rc-cars\/16106-116-50km-h-4wd-rc-car-with-led-remote-control-off-road-cars-high-speed-drift-monster-truck-for-kids-vs-wltoys-144001-toys\/","title":{"rendered":"16106 1:16 50KM\/H 4WD RC automa\u0161\u012bna ar LED t\u0101lvad\u012bbas pulti Bezce\u013cu automa\u0161\u012bnas \u0100trgaitas drifta monstru kravas automa\u0161\u012bna b\u0113rniem vs Wltoys 144001 rota\u013clietas"},"content":{"rendered":"<div class=\"product-specs-list-container\">\n<ul class=\"product-specs-list util-clearfix\">\n<li class=\"product-prop line-limit-length\"><span\n                                        class=\"property-title\">Augstas ba\u017eas izraiso\u0161a \u0137\u012bmiska viela:&nbsp;<\/span><span\n                                        class=\"property-desc line-limit-length\">Neviens<\/span>\n                            <\/li>\n<li class=\"product-prop line-limit-length\"><span\n                                        class=\"property-title\">Sertifik\u0101ta numurs:&nbsp;<\/span><span\n                                        class=\"property-desc line-limit-length\">K\u0101 par\u0101d\u012bt<\/span>\n                            <\/li>\n<li class=\"product-prop line-limit-length\"><span\n                                        class=\"property-title\">CE:&nbsp;<\/span><span\n                                        class=\"property-desc line-limit-length\">Sertifik\u0101ts<\/span>\n                            <\/li>\n<li class=\"product-prop line-limit-length\"><span\n                                        class=\"property-title\">Ir elektrisks:&nbsp;<\/span><span\n                                        class=\"property-desc line-limit-length\">litija akumulators<\/span>\n                            <\/li>\n<li class=\"product-prop line-limit-length\"><span\n                                        class=\"property-title\">Sv\u012btrkods:&nbsp;<\/span><span\n                                        class=\"property-desc line-limit-length\">N\u0113<\/span>\n                            <\/li>\n<li class=\"product-prop line-limit-length\"><span\n                                        class=\"property-title\">Droseles servo:&nbsp;<\/span><span\n                                        class=\"property-desc line-limit-length\">K\u0101 par\u0101d\u012bt<\/span>\n                            <\/li>\n<li class=\"product-prop line-limit-length\"><span\n                                        class=\"property-title\">St\u016bres pastiprin\u0101t\u0101js:&nbsp;<\/span><span\n                                        class=\"property-desc line-limit-length\">5 l\u012bnijas, 17 g<\/span>\n                            <\/li>\n<li class=\"product-prop line-limit-length\"><span\n                                        class=\"property-title\">Jauda:&nbsp;<\/span><span\n                                        class=\"property-desc line-limit-length\">RC390 \u0101trgaitas motors<\/span>\n                            <\/li>\n<li class=\"product-prop line-limit-length\"><span\n                                        class=\"property-title\">Asamblejas \u0161tats:&nbsp;<\/span><span\n                                        class=\"property-desc line-limit-length\">Gatavs lieto\u0161anai<\/span>\n                            <\/li>\n<li class=\"product-prop line-limit-length\"><span\n                                        class=\"property-title\">Lidojuma laiks:&nbsp;<\/span><span\n                                        class=\"property-desc line-limit-length\">15\u201318 min\u016btes (nep\u0101rtraukta skrie\u0161ana piln\u0101 \u0101trum\u0101)<\/span>\n                            <\/li>\n<li class=\"product-prop line-limit-length\"><span\n                                        class=\"property-title\">Riepu sliedes:&nbsp;<\/span><span\n                                        class=\"property-desc line-limit-length\">172 mm<\/span>\n                            <\/li>\n<li class=\"product-prop line-limit-length\"><span\n                                        class=\"property-title\">Rite\u0146u b\u0101ze:&nbsp;<\/span><span\n                                        class=\"property-desc line-limit-length\">185 mm<\/span>\n                            <\/li>\n<li class=\"product-prop line-limit-length\"><span\n                                        class=\"property-title\">Br\u012bdin\u0101jums:&nbsp;<\/span><span\n                                        class=\"property-desc line-limit-length\">Neviens<\/span>\n                            <\/li>\n<li class=\"product-prop line-limit-length\"><span\n                                        class=\"property-title\">Att\u0101lais att\u0101lums:&nbsp;<\/span><span\n                                        class=\"property-desc line-limit-length\">80 m<\/span>\n                            <\/li>\n<li class=\"product-prop line-limit-length\"><span\n                                        class=\"property-title\">Garantija:&nbsp;<\/span><span\n                                        class=\"property-desc line-limit-length\">Neviens<\/span>\n                            <\/li>\n<li class=\"product-prop line-limit-length\"><span\n                                        class=\"property-title\">M\u0113rogs:&nbsp;<\/span><span\n                                        class=\"property-desc line-limit-length\">1:16<\/span>\n                            <\/li>\n<li class=\"product-prop line-limit-length\"><span\n                                        class=\"property-title\">Izm\u0113ri:&nbsp;<\/span><span\n                                        class=\"property-desc line-limit-length\">32*20,5*14 CM<\/span>\n                            <\/li>\n<li class=\"product-prop line-limit-length\"><span\n                                        class=\"property-title\">Griezes moments:&nbsp;<\/span><span\n                                        class=\"property-desc line-limit-length\">K\u0101 par\u0101d\u012bt<\/span>\n                            <\/li>\n<li class=\"product-prop line-limit-length\"><span\n                                        class=\"property-title\">Mode\u013ca numurs:&nbsp;<\/span><span\n                                        class=\"property-desc line-limit-length\">S386<\/span>\n                            <\/li>\n<li class=\"product-prop line-limit-length\"><span\n                                        class=\"property-title\">Komplekt\u0101 ietilpst:&nbsp;<\/span><span\n                                        class=\"property-desc line-limit-length\">Baterijas, lieto\u0161anas instrukcija, t\u0101lvad\u012bbas pults, USB kabelis<\/span>\n                            <\/li>\n<li class=\"product-prop line-limit-length\"><span\n                                        class=\"property-title\">Vad\u012bbas kan\u0101li:&nbsp;<\/span><span\n                                        class=\"property-desc line-limit-length\">4 kan\u0101li<\/span>\n                            <\/li>\n<li class=\"product-prop line-limit-length\"><span\n                                        class=\"property-title\">Kontroliera re\u017e\u012bms:&nbsp;<\/span><span\n                                        class=\"property-desc line-limit-length\">RE\u017d\u012aMS2<\/span>\n                            <\/li>\n<li class=\"product-prop line-limit-length\"><span\n                                        class=\"property-title\">Uzl\u0101des spriegums:&nbsp;<\/span><span\n                                        class=\"property-desc line-limit-length\">5 V<\/span>\n                            <\/li>\n<li class=\"product-prop line-limit-length\"><span\n                                        class=\"property-title\">T\u0101lvad\u012bbas pults:&nbsp;<\/span><span\n                                        class=\"property-desc line-limit-length\">J\u0101<\/span>\n                            <\/li>\n<li class=\"product-prop line-limit-length\"><span\n                                        class=\"property-title\">Materi\u0101ls:&nbsp;<\/span><span\n                                        class=\"property-desc line-limit-length\">Met\u0101ls, plastmasa<\/span>\n                            <\/li>\n<li class=\"product-prop line-limit-length\"><span\n                                        class=\"property-title\">Ieteicamais vecums:&nbsp;<\/span><span\n                                        class=\"property-desc line-limit-length\">14+ gadi<\/span>\n                            <\/li>\n<li class=\"product-prop line-limit-length\"><span\n                                        class=\"property-title\">Izcelsme:&nbsp;<\/span><span\n                                        class=\"property-desc line-limit-length\">Kontinent\u0101l\u0101 \u0136\u012bna<\/span>\n                            <\/li>\n<li class=\"product-prop line-limit-length\"><span\n                                        class=\"property-title\">Dizains:&nbsp;<\/span><span\n                                        class=\"property-desc line-limit-length\">Dirtbike<\/span>\n                            <\/li>\n<li class=\"product-prop line-limit-length\"><span\n                                        class=\"property-title\">Tips:&nbsp;<\/span><span\n                                        class=\"property-desc line-limit-length\">Automa\u0161\u012bna<\/span>\n                            <\/li>\n<li class=\"product-prop line-limit-length\"><span\n                                        class=\"property-title\">Funkcijas:&nbsp;<\/span><span\n                                        class=\"property-desc line-limit-length\">T\u0100LVAD\u012aBAS PULTS<\/span>\n                            <\/li>\n<\/ul><\/div>\n<div class=\"detailmodule_html\">\n<div class=\"detail-desc-decorate-richtext\">\n<div>\n<\/div>\n<p><strong><span style=\"color:rgb(0, 0, 0)\">Jaut\u0101jumi un atbildes<\/span><\/strong><\/p>\n<p><span style=\"color:rgb(0, 0, 0)\">1.\u00a0jaut\u0101jums: K\u0101p\u0113c t\u0101lvad\u012bbas automa\u0161\u012bnas riepas ir atsegtas?<\/span><\/p>\n<p><span style=\"color:rgb(0, 0, 0)\">A: [\u012apa\u0161s dizains] Pirkstu sa\u0137ere ir sp\u0113c\u012bga un nav viegli novirz\u0101ma, kas pal\u012bdz uzlabot virsb\u016bves stabilit\u0101ti un riepas sa\u0137eri, braucot l\u012bkumos.<\/span><\/p>\n<p><span style=\"color:rgb(0, 0, 0)\">2. jaut\u0101jums: K\u0101 piel\u0101got t\u0101lvad\u012bbas automa\u0161\u012bnas riepu sl\u012bpumu?<\/span><\/p>\n<p><span style=\"color:rgb(0, 0, 0)\">A: To var regul\u0113t ar t\u0101lvad\u012bbas pults prec\u012bz\u0101s regul\u0113\u0161anas un droseles prec\u012bz\u0101s regul\u0113\u0161anas pog\u0101m.<\/span><\/p>\n<p><span style=\"color:rgb(0, 0, 0)\">3.\u00a0jaut\u0101jums: Ko dar\u012bt, ja nevaru atrast savus piederumus?<\/span><\/p>\n<p><span style=\"color:rgb(0, 0, 0)\">A: L\u016bdzu, vispirms r\u016bp\u012bgi p\u0101rbaudiet iepakojumu; Ja to neatrodat, l\u016bdzu, pal\u012bdziet mums nofilm\u0113t pilnu izpako\u0161anas video, un m\u0113s sazin\u0101simies ar m\u016bsu noliktavu, lai p\u0101rbaud\u012btu \u0161o probl\u0113mu un sniegtu atbilsto\u0161u risin\u0101jumu.<\/span><\/p>\n<p><span style=\"color:rgb(0, 0, 0)\">4.\u00a0jaut\u0101jums: Kas j\u0101dara, ja rodas probl\u0113mas p\u0113c p\u0101rdo\u0161anas?<\/span><\/p>\n<p><span style=\"color:rgb(0, 0, 0)\">A: L\u016bdzu, esiet dro\u0161i, ja rodas k\u0101das probl\u0113mas, m\u0113s vienm\u0113r esam j\u016bsu r\u012bc\u012bb\u0101, lai efekt\u012bv\u0101k atrisin\u0101tu j\u016bsu probl\u0113mu, lai sa\u0146emtu profesion\u0101lu pal\u012bdz\u012bbu. Vi\u0146i atbild\u0113s uz j\u016bsu jaut\u0101jumiem 24 stundu laik\u0101.<\/span><\/p>\n<p><span style=\"color:rgb(0, 0, 0)\">5.\u00a0jaut\u0101jums: Kas j\u0101dara, ja t\u0101lvad\u012bbas pulti nevar savienot ar t\u0101lvad\u012bbas pulti?<\/span><\/p>\n<p><span style=\"color:rgb(0, 0, 0)\">A: L\u016bdzu, p\u0101rliecinieties, vai akumulators ir piln\u012bb\u0101 uzl\u0101d\u0113ts. P\u0113c tam manu\u0101li savienojiet p\u0101r\u012b rota\u013cu automa\u0161\u012bnu un t\u0101lvad\u012bbas pulti. S\u012bk\u0101ku inform\u0101ciju par rota\u013cu automa\u0161\u012bnas saska\u0146o\u0161anu varat skat\u012bt lietot\u0101ja rokasgr\u0101mat\u0101. Varat p\u0101rbaud\u012bt m\u0101tesplates spriegumu, lai analiz\u0113tu probl\u0113mas c\u0113loni.<\/span><\/p>\n<p><span style=\"color:rgb(0, 0, 0)\">6.\u00a0jaut\u0101jums: Kas j\u0101dara, ja rota\u013cu automa\u0161\u012bna var pagriezties, bet nevar p\u0101rvietoties uz priek\u0161u vai atpaka\u013c p\u0113c tam, kad t\u0101lvad\u012bbas pults ir pievienota t\u0101lvad\u012bbas pultij?<\/span><\/p>\n<p><span style=\"color:rgb(0, 0, 0)\">A: L\u016bdzu, vispirms p\u0101rbaudiet, vai akumulators ir piln\u012bb\u0101 uzl\u0101d\u0113ts, un p\u0113c tam p\u0101rbaudiet m\u0101tesplates un motora spriegumu, lai var\u0113tu analiz\u0113t, k\u0101da ir probl\u0113ma.<\/span><\/p>\n<p><span style=\"background-color:rgb(252, 220, 0);color:rgb(244, 78, 59)\"><strong>PIEZ\u012aME:<\/strong><\/span><\/p>\n<p><span style=\"color:rgb(244, 78, 59)\">1. SCY-16106 ide\u0101lais \u0101trums ir 50\u00a0km\/h, ta\u010du faktisko \u0101trumu ietekm\u0113s citi faktori, piem\u0113ram, atra\u0161an\u0101s vieta. SCY-16106 faktiskais \u0101trums ir aptuveni 38\u00a0km\/h.<\/span><\/p>\n<p><span style=\"color:rgb(244, 78, 59)\">2. Mazumtirdzniec\u012bbas iepakojums ir izgatavots no putuplasta kast\u0113m, kas var samazin\u0101t produkta boj\u0101jumus transport\u0113\u0161anas laik\u0101. Ori\u0123in\u0101l\u0101s kastes nav iek\u013cautas.<\/span><\/p>\n<p><strong>Lietojot akumulatoru, l\u016bdzu, \u0146emiet v\u0113r\u0101:<\/strong><\/p>\n<p>P\u0113c produkta sa\u0146em\u0161anas, l\u016bdzu, iz\u0146emiet akumulatoru un uzl\u0101d\u0113jiet to, un p\u0113c uzl\u0101des izmantojiet to.<\/p>\n<p>1. Kad akumulators ir izl\u0101d\u0113jies, tas ir j\u0101uzl\u0101d\u0113 savlaic\u012bgi, lai nodro\u0161in\u0101tu akumulatoram papildu jaudu. Ja akumulators ir piln\u012bb\u0101 izl\u0101d\u0113jies, to nevar\u0113s uzl\u0101d\u0113t.<\/p>\n<p>2. Uzl\u0101d\u0113jot akumulatoru, atvienojiet savienojumu no t\u0101lvad\u012bbas pults automa\u0161\u012bnas. Noteikti iz\u0146emiet akumulatoru, lai to uzl\u0101d\u0113tu atsevi\u0161\u0137i.<\/p>\n<p>3. Ja neizmantojat t\u0101lvad\u012bbas automa\u0161\u012bnu, l\u016bdzu, atvienojiet akumulatoru no t\u0101lvad\u012bbas automa\u0161\u012bnas vada, nek\u0101d\u0101 gad\u012bjum\u0101 nepievienojiet un piln\u012bb\u0101 uzl\u0101d\u0113jiet akumulatoru, pret\u0113j\u0101 gad\u012bjum\u0101 tas saboj\u0101s akumulatoru.<\/p>\n<p>4. Akumulatora ieg\u0101des saite: https:\/\/www.aliexpress.us\/item\/3256805004857810.html?spm=5261.ProductManageOnline.0.0.65ca4edfQ08pDK&amp;gatewayAdapt=glo2usa4itemAdapt&amp;_randl_shipto=US<\/p>\n<p><strong>Iesak\u0101m: pirms pirk\u0161anas uzman\u012bgi noskat\u012bties video un izlas\u012bt m\u016bsu aprakstu<\/strong><\/p>\n<p>Produkta nosaukums: SCY-16106<\/p>\n<p>Izm\u0113rs: 32 * 20,5 * 14 CM<\/p>\n<p>Maksim\u0101lais \u0101trums: 50 km\/h<\/p>\n<p>Akumulators: 7,4 V 1300 mAh<\/p>\n<p>Piedzi\u0146as motors: RC390 \u0101trgaitas oglek\u013ca suku sp\u0113c\u012bgs magn\u0113tiskais (magn\u0113tisk\u0101 aizsardz\u012bba + siltuma izlietne) motors<\/p>\n<p>Darba laiks: 15\u201318 min\u016btes<\/p>\n<p><strong>Funkcijas<\/strong><\/p>\n<p>1. Simul\u0101cijas strukt\u016bras dizaina izmanto\u0161ana ar re\u0101lu automa\u0161\u012bnas vad\u012bbas saj\u016btu, lai sasniegtu pilna m\u0113roga bezpak\u0101pju \u0101trumu, \u0101trgaitas brauk\u0161anu, strauju pa\u0101trin\u0101jumu, pal\u0113nin\u0101jumu, bremz\u0113\u0161anu, atpaka\u013cgaitu, pagriezienu pa kreisi, pagriezienu pa labi.<\/p>\n<p>2. Piem\u0113rojam\u0101s vietas: l\u012bdzena zeme, smiltis, dub\u013ci, z\u0101le.<\/p>\n<p>3. Pilnpiedzi\u0146a: priek\u0161\u0113j\u0101 un aizmugur\u0113j\u0101 vertik\u0101l\u0101 atsperu amortiz\u0101cija, neatkar\u012bga piekare ar dubultsviru svir\u0101m.<\/p>\n<p>4. 2.4G piln\u012bb\u0101 proporcion\u0101la sinhroniz\u0113ta t\u0101lvad\u012bbas pults sist\u0113ma. Piln\u012bb\u0101 proporcion\u0101la drosele\/st\u016br\u0113\u0161ana.<\/p>\n<p>5. 2.4G \u0161\u013cakatu necaurlaid\u012bgs \u010detrvirzienu 30A integr\u0113ts ESC\/uztv\u0113r\u0113js.<\/p>\n<p>6. Priek\u0161\u0113j\u0101 rite\u0146a \u0161\u0137\u0113rsvirziena lodveida savienojuma piedzi\u0146as v\u0101rpsta, aizmugur\u0113j\u0101 rite\u0146a sadal\u012bt\u0101 su\u0146a kaula piedzi\u0146as v\u0101rpsta.<\/p>\n<p>7. Piecu vadu 17G servo.<\/p>\n<p>8. Super akumulatora jauda: 7,4 V, 18650\u20131300 mAh litija jonu akumulators (T spraudnis), izl\u0101des \u0101trums 10 \u00b0C.<\/p>\n<p>9. 16 lod\u012b\u0161u gult\u0146i vis\u0101 transportl\u012bdzekl\u012b.<\/p>\n<p>10. Met\u0101la otr\u0101s gr\u012bdas pl\u0101ksne, met\u0101la priek\u0161\u0113j\u0101s un aizmugur\u0113j\u0101s sviras kods, met\u0101la vid\u0113j\u0101 piedzi\u0146as v\u0101rpsta.<\/p>\n<p>Korpuss ir izgatavots no augstas iztur\u012bbas spr\u0101dziendro\u0161a PVC korpusa + augstas iztur\u012bbas pret ripo\u0161anu skeleta.<\/p>\n<p>11. Korpuss ir apr\u012bkots ar LED priek\u0161\u0113jiem lukturiem, LED jumta priek\u0161\u0113jiem lukturiem, LED jumta aizmugur\u0113jiem lukturiem; (tr\u012bs re\u017e\u012bmi: past\u0101v\u012bga gaisma, l\u0113na mirgo\u0161ana, \u0101tra mirgo\u0161ana)<\/p>\n<p>12. Bezce\u013cu riepu simul\u0101cija, sp\u0113c\u012bga sa\u0137ere.<\/p>\n<p><img decoding=\"async\" src=\"https:\/\/ae01.alicdn.com\/kf\/Sb380b75922034046853d0a7e094248631.jpg?width=1000&amp;height=1441&amp;hash=2441\" slate-data-type=\"image\"\/><img decoding=\"async\" src=\"https:\/\/ae01.alicdn.com\/kf\/S78e5fd6623c448abb866844b09f51dd8P.jpg?width=1000&amp;height=1400&amp;hash=2400\" slate-data-type=\"image\"\/><img decoding=\"async\" src=\"https:\/\/ae01.alicdn.com\/kf\/S74cf5551c3dd46c589b1000e469d8ef5L.jpg?width=1000&amp;height=1405&amp;hash=2405\" slate-data-type=\"image\"\/><img decoding=\"async\" src=\"https:\/\/ae01.alicdn.com\/kf\/Sfd93e3740d334489b426303a395c52fdF.jpg?width=1000&amp;height=1399&amp;hash=2399\" slate-data-type=\"image\"\/><img decoding=\"async\" src=\"https:\/\/ae01.alicdn.com\/kf\/S15141754318b454c8825f46c5c420e8eX.jpg?width=1000&amp;height=1397&amp;hash=2397\" slate-data-type=\"image\"\/><img decoding=\"async\" src=\"https:\/\/ae01.alicdn.com\/kf\/S8a29c57ba47f48119928241c8f39c157o.jpg?width=1000&amp;height=1404&amp;hash=2404\" slate-data-type=\"image\"\/><img decoding=\"async\" src=\"https:\/\/ae01.alicdn.com\/kf\/Sf773cc710b8048e7b73a0c365d81e1b9q.jpg?width=1000&amp;height=1397&amp;hash=2397\" slate-data-type=\"image\"\/><img decoding=\"async\" src=\"https:\/\/ae01.alicdn.com\/kf\/Sab54b4a3686744f384dac0714f51e72fp.jpg?width=1000&amp;height=1799&amp;hash=2799\" slate-data-type=\"image\"\/><img decoding=\"async\" src=\"https:\/\/ae01.alicdn.com\/kf\/Sf734bd064e4f49619411c9f6f2252e4aP.jpg?width=1000&amp;height=1944&amp;hash=2944\" slate-data-type=\"image\"\/><img decoding=\"async\" src=\"https:\/\/ae01.alicdn.com\/kf\/Sa384ea5a78c24d49988ad89359e9b23aT.jpg?width=1000&amp;height=1677&amp;hash=2677\" slate-data-type=\"image\"\/><img decoding=\"async\" src=\"https:\/\/ae01.alicdn.com\/kf\/S5852843b625748a3a014ae5d00f4cc382.jpg?width=1000&amp;height=1851&amp;hash=2851\" slate-data-type=\"image\"\/><img decoding=\"async\" src=\"https:\/\/ae01.alicdn.com\/kf\/Sd8fd64d2b79441c8b7e3c339ee2f311bk.jpg?width=1000&amp;height=2209&amp;hash=3209\" slate-data-type=\"image\"\/><img decoding=\"async\" src=\"https:\/\/ae01.alicdn.com\/kf\/S4f92581c5f844f238eaf4e54b6144661I.jpg?width=1000&amp;height=2011&amp;hash=3011\" slate-data-type=\"image\"\/><img decoding=\"async\" src=\"https:\/\/ae01.alicdn.com\/kf\/S71ffc064cc14406a985585e5361a096cF.jpg?width=1000&amp;height=2039&amp;hash=3039\" slate-data-type=\"image\"\/><img decoding=\"async\" src=\"https:\/\/ae01.alicdn.com\/kf\/S9af29e92d1594a22ac323d1aca4530298.jpg?width=1000&amp;height=1886&amp;hash=2886\" slate-data-type=\"image\"\/><img decoding=\"async\" src=\"https:\/\/ae01.alicdn.com\/kf\/S687e21b96c734a3fa6d1bdda5e1eac80p.jpg?width=1000&amp;height=1616&amp;hash=2616\" slate-data-type=\"image\"\/><img decoding=\"async\" src=\"https:\/\/ae01.alicdn.com\/kf\/S692b55ae25dd4471a1f128ff2de7a0c43.jpg?width=1000&amp;height=2206&amp;hash=3206\" slate-data-type=\"image\"\/><img decoding=\"async\" src=\"https:\/\/ae01.alicdn.com\/kf\/S8a740a41cc01481598e908eae186adbfl.jpg?width=1000&amp;height=1265&amp;hash=2265\" slate-data-type=\"image\"\/><img decoding=\"async\" src=\"https:\/\/ae01.alicdn.com\/kf\/Sdcc86a84a58743c99171b3abeabd13aam.jpg?width=1000&amp;height=1156&amp;hash=2156\" slate-data-type=\"image\"\/><img decoding=\"async\" src=\"https:\/\/ae01.alicdn.com\/kf\/Sf6f0ef33372b4f4896805a193b5b1c14Y.jpg?width=1000&amp;height=1097&amp;hash=2097\" slate-data-type=\"image\"\/><img decoding=\"async\" src=\"https:\/\/ae01.alicdn.com\/kf\/S86e992edd3a54719ac9b4d504e2eb39e9.jpg?width=1000&amp;height=1162&amp;hash=2162\" slate-data-type=\"image\"\/><img decoding=\"async\" src=\"https:\/\/ae01.alicdn.com\/kf\/S7d53844b6e82444faca8781650a8ff74F.jpg?width=1000&amp;height=1197&amp;hash=2197\" slate-data-type=\"image\"\/><img decoding=\"async\" src=\"https:\/\/ae01.alicdn.com\/kf\/S0cd8f57d7dd14de19cb293da8455b1c01.jpg?width=1000&amp;height=1500&amp;hash=2500\" slate-data-type=\"image\"\/><\/p>\n<div>\n<\/div>\n<div><\/div>\n<\/div>\n<\/div>\n<p><\/p>","protected":false},"excerpt":{"rendered":"<p>Hign-concerned Chemical:&nbsp;None Certificate Number:&nbsp;As Show CE:&nbsp;Certificate Is Electric:&nbsp;lithium battery Barcode:&nbsp;No Throttle servo:&nbsp;As Show Steering servo:&nbsp;5 lines,17g Power:&nbsp;RC390 high-speed motor State of Assembly:&nbsp;Ready-to-Go Flight Time:&nbsp;15-18 minutes (continuous full speed running) Tire<\/p>","protected":false},"featured_media":25683,"comment_status":"open","ping_status":"closed","template":"","meta":{"_acf_changed":false},"product_brand":[],"product_cat":[519],"product_tag":[],"class_list":{"0":"post-25682","1":"product","2":"type-product","3":"status-publish","4":"has-post-thumbnail","6":"product_cat-rc-cars","8":"first","9":"instock","10":"shipping-taxable","11":"purchasable","12":"product-type-variable"},"acf":[],"_links":{"self":[{"href":"https:\/\/www.electricstore.eu\/lv\/wp-json\/wp\/v2\/product\/25682","targetHints":{"allow":["GET"]}}],"collection":[{"href":"https:\/\/www.electricstore.eu\/lv\/wp-json\/wp\/v2\/product"}],"about":[{"href":"https:\/\/www.electricstore.eu\/lv\/wp-json\/wp\/v2\/types\/product"}],"replies":[{"embeddable":true,"href":"https:\/\/www.electricstore.eu\/lv\/wp-json\/wp\/v2\/comments?post=25682"}],"wp:featuredmedia":[{"embeddable":true,"href":"https:\/\/www.electricstore.eu\/lv\/wp-json\/wp\/v2\/media\/25683"}],"wp:attachment":[{"href":"https:\/\/www.electricstore.eu\/lv\/wp-json\/wp\/v2\/media?parent=25682"}],"wp:term":[{"taxonomy":"product_brand","embeddable":true,"href":"https:\/\/www.electricstore.eu\/lv\/wp-json\/wp\/v2\/product_brand?post=25682"},{"taxonomy":"product_cat","embeddable":true,"href":"https:\/\/www.electricstore.eu\/lv\/wp-json\/wp\/v2\/product_cat?post=25682"},{"taxonomy":"product_tag","embeddable":true,"href":"https:\/\/www.electricstore.eu\/lv\/wp-json\/wp\/v2\/product_tag?post=25682"}],"curies":[{"name":"wp","href":"https:\/\/api.w.org\/{rel}","templated":true}]}}