{"id":25654,"date":"2025-05-20T19:00:27","date_gmt":"2025-05-20T19:00:27","guid":{"rendered":"https:\/\/electricstore.eu\/p\/uncategorized\/wltoys-16101-pro-116-75km-h-4wd-rc-car-with-led-light-2-4g-remote-control-cars-high-speed-drift-monster-truck-for-children-gift\/"},"modified":"2025-05-20T19:05:50","modified_gmt":"2025-05-20T19:05:50","slug":"wltoys-16101-pro-116-75km-h-4wd-rc-car-with-led-light-2-4g-remote-control-cars-high-speed-drift-monster-truck-for-children-gift","status":"publish","type":"product","link":"https:\/\/www.electricstore.eu\/lv\/p\/rc\/rc-cars\/wltoys-16101-pro-116-75km-h-4wd-rc-car-with-led-light-2-4g-remote-control-cars-high-speed-drift-monster-truck-for-children-gift\/","title":{"rendered":"WLtoys 16101 Pro 1:16 75KM\/H 4WD RC automa\u0161\u012bna ar LED gaismu 2.4G t\u0101lvad\u012bbas pults automa\u0161\u012bnas \u0100trgaitas drifta monstru kravas automa\u0161\u012bna b\u0113rniem D\u0101vana"},"content":{"rendered":"<div class=\"product-specs-list-container\">\n<ul class=\"product-specs-list util-clearfix\">\n<li class=\"product-prop line-limit-length\"><span\n                                        class=\"property-title\">Augstas ba\u017eas izraiso\u0161a \u0137\u012bmiska viela:&nbsp;<\/span><span\n                                        class=\"property-desc line-limit-length\">Neviens<\/span>\n                            <\/li>\n<li class=\"product-prop line-limit-length\"><span\n                                        class=\"property-title\">Sertifik\u0101ta numurs:&nbsp;<\/span><span\n                                        class=\"property-desc line-limit-length\">K\u0101 par\u0101d\u012bt<\/span>\n                            <\/li>\n<li class=\"product-prop line-limit-length\"><span\n                                        class=\"property-title\">CE:&nbsp;<\/span><span\n                                        class=\"property-desc line-limit-length\">Sertifik\u0101ts<\/span>\n                            <\/li>\n<li class=\"product-prop line-limit-length\"><span\n                                        class=\"property-title\">Ir elektrisks:&nbsp;<\/span><span\n                                        class=\"property-desc line-limit-length\">litija akumulators<\/span>\n                            <\/li>\n<li class=\"product-prop line-limit-length\"><span\n                                        class=\"property-title\">Sv\u012btrkods:&nbsp;<\/span><span\n                                        class=\"property-desc line-limit-length\">N\u0113<\/span>\n                            <\/li>\n<li class=\"product-prop line-limit-length\"><span\n                                        class=\"property-title\">Droseles servo:&nbsp;<\/span><span\n                                        class=\"property-desc line-limit-length\">2840 Bezsuku motors<\/span>\n                            <\/li>\n<li class=\"product-prop line-limit-length\"><span\n                                        class=\"property-title\">St\u016bres pastiprin\u0101t\u0101js:&nbsp;<\/span><span\n                                        class=\"property-desc line-limit-length\">Tr\u012bsvadu 17G digit\u0101lais servo<\/span>\n                            <\/li>\n<li class=\"product-prop line-limit-length\"><span\n                                        class=\"property-title\">Jauda:&nbsp;<\/span><span\n                                        class=\"property-desc line-limit-length\">70 km\/h<\/span>\n                            <\/li>\n<li class=\"product-prop line-limit-length\"><span\n                                        class=\"property-title\">Asamblejas \u0161tats:&nbsp;<\/span><span\n                                        class=\"property-desc line-limit-length\">Gatavs lieto\u0161anai<\/span>\n                            <\/li>\n<li class=\"product-prop line-limit-length\"><span\n                                        class=\"property-title\">Lidojuma laiks:&nbsp;<\/span><span\n                                        class=\"property-desc line-limit-length\">15\u201318 min\u016btes<\/span>\n                            <\/li>\n<li class=\"product-prop line-limit-length\"><span\n                                        class=\"property-title\">Riepu sliedes:&nbsp;<\/span><span\n                                        class=\"property-desc line-limit-length\">188 mm<\/span>\n                            <\/li>\n<li class=\"product-prop line-limit-length\"><span\n                                        class=\"property-title\">Rite\u0146u b\u0101ze:&nbsp;<\/span><span\n                                        class=\"property-desc line-limit-length\">185 mm<\/span>\n                            <\/li>\n<li class=\"product-prop line-limit-length\"><span\n                                        class=\"property-title\">Br\u012bdin\u0101jums:&nbsp;<\/span><span\n                                        class=\"property-desc line-limit-length\">Neviens<\/span>\n                            <\/li>\n<li class=\"product-prop line-limit-length\"><span\n                                        class=\"property-title\">Att\u0101lais att\u0101lums:&nbsp;<\/span><span\n                                        class=\"property-desc line-limit-length\">120 miljoni<\/span>\n                            <\/li>\n<li class=\"product-prop line-limit-length\"><span\n                                        class=\"property-title\">Garantija:&nbsp;<\/span><span\n                                        class=\"property-desc line-limit-length\">Neviens<\/span>\n                            <\/li>\n<li class=\"product-prop line-limit-length\"><span\n                                        class=\"property-title\">M\u0113rogs:&nbsp;<\/span><span\n                                        class=\"property-desc line-limit-length\">1:16<\/span>\n                            <\/li>\n<li class=\"product-prop line-limit-length\"><span\n                                        class=\"property-title\">Izm\u0113ri:&nbsp;<\/span><span\n                                        class=\"property-desc line-limit-length\">30*23*11,5 CM<\/span>\n                            <\/li>\n<li class=\"product-prop line-limit-length\"><span\n                                        class=\"property-title\">Griezes moments:&nbsp;<\/span><span\n                                        class=\"property-desc line-limit-length\">K\u0101 par\u0101d\u012bt<\/span>\n                            <\/li>\n<li class=\"product-prop line-limit-length\"><span\n                                        class=\"property-title\">Mode\u013ca numurs:&nbsp;<\/span><span\n                                        class=\"property-desc line-limit-length\">S196<\/span>\n                            <\/li>\n<li class=\"product-prop line-limit-length\"><span\n                                        class=\"property-title\">Komplekt\u0101 ietilpst:&nbsp;<\/span><span\n                                        class=\"property-desc line-limit-length\">Ori\u0123in\u0101l\u0101 kaste, baterijas, lieto\u0161anas instrukcija, t\u0101lvad\u012bbas pults, USB kabelis<\/span>\n                            <\/li>\n<li class=\"product-prop line-limit-length\"><span\n                                        class=\"property-title\">Vad\u012bbas kan\u0101li:&nbsp;<\/span><span\n                                        class=\"property-desc line-limit-length\">4 kan\u0101li<\/span>\n                            <\/li>\n<li class=\"product-prop line-limit-length\"><span\n                                        class=\"property-title\">Kontroliera re\u017e\u012bms:&nbsp;<\/span><span\n                                        class=\"property-desc line-limit-length\">RE\u017d\u012aMS1<\/span>\n                            <\/li>\n<li class=\"product-prop line-limit-length\"><span\n                                        class=\"property-title\">Uzl\u0101des spriegums:&nbsp;<\/span><span\n                                        class=\"property-desc line-limit-length\">7,4 V 1500 mAh<\/span>\n                            <\/li>\n<li class=\"product-prop line-limit-length\"><span\n                                        class=\"property-title\">T\u0101lvad\u012bbas pults:&nbsp;<\/span><span\n                                        class=\"property-desc line-limit-length\">J\u0101<\/span>\n                            <\/li>\n<li class=\"product-prop line-limit-length\"><span\n                                        class=\"property-title\">Materi\u0101ls:&nbsp;<\/span><span\n                                        class=\"property-desc line-limit-length\">Met\u0101ls, plastmasa<\/span>\n                            <\/li>\n<li class=\"product-prop line-limit-length\"><span\n                                        class=\"property-title\">Z\u012bmola nosaukums:&nbsp;<\/span><span\n                                        class=\"property-desc line-limit-length\">WDSZKMYF<\/span>\n                            <\/li>\n<li class=\"product-prop line-limit-length\"><span\n                                        class=\"property-title\">Ieteicamais vecums:&nbsp;<\/span><span\n                                        class=\"property-desc line-limit-length\">14+ gadi<\/span>\n                            <\/li>\n<li class=\"product-prop line-limit-length\"><span\n                                        class=\"property-title\">Izcelsme:&nbsp;<\/span><span\n                                        class=\"property-desc line-limit-length\">Kontinent\u0101l\u0101 \u0136\u012bna<\/span>\n                            <\/li>\n<li class=\"product-prop line-limit-length\"><span\n                                        class=\"property-title\">Dizains:&nbsp;<\/span><span\n                                        class=\"property-desc line-limit-length\">Dirtbike<\/span>\n                            <\/li>\n<li class=\"product-prop line-limit-length\"><span\n                                        class=\"property-title\">Tips:&nbsp;<\/span><span\n                                        class=\"property-desc line-limit-length\">Automa\u0161\u012bna<\/span>\n                            <\/li>\n<li class=\"product-prop line-limit-length\"><span\n                                        class=\"property-title\">Funkcijas:&nbsp;<\/span><span\n                                        class=\"property-desc line-limit-length\">T\u0100LVAD\u012aBAS PULTS<\/span>\n                            <\/li>\n<\/ul><\/div>\n<div class=\"detailmodule_html\">\n<div class=\"detail-desc-decorate-richtext\">\n<p><span style=\"background-color:rgb(252, 220, 0);color:rgb(244, 78, 59);font-size:18px\">Piez\u012bme:<\/span><\/p>\n<p><span style=\"color:rgb(244, 78, 59);font-size:18px\">1. \u0160\u012b t\u0101lvad\u012bbas automa\u0161\u012bna ir piem\u0113rota tikai brauk\u0161anai liel\u0101 \u0101trum\u0101. T\u0101 k\u0101 \u0123enerators, braucot ar mazu \u0101trumu, rad\u012bs d\u012bvainu troksni, t\u0101 ir norm\u0101la par\u0101d\u012bba, nevis k\u013c\u016bme.<\/span><\/p>\n<p><span style=\"color:rgb(244, 78, 59);font-size:18px\">2. T\u0101lvad\u012bbas automa\u0161\u012bnas korpuss ir p\u0101rkl\u0101ts ar aizsargpl\u0113vi; ja korpusam ir skr\u0101p\u0113jumi, pl\u0113vi var no\u0146emt.<\/span><\/p>\n<p><span style=\"color:rgb(244, 78, 59);font-size:18px\">3. M\u0113s pieg\u0101d\u0101jam ori\u0123in\u0101lo kr\u0101su kasti. Transport\u0113\u0161anas proces\u0101 past\u0101v zin\u0101ma varb\u016bt\u012bba, ka kr\u0101su kaste tiks saspiesta, t\u0101 ir norm\u0101la par\u0101d\u012bba. Ja nevarat pie\u0146emt, ka kr\u0101su kaste ir saspiesta, l\u016bdzu, \u013caujiet man ieteikt jums saiti, lai ieg\u0101d\u0101tos putuplasta kastes iepakojumu.<\/span><\/p>\n<p><span style=\"background-color:rgb(255, 255, 255);color:rgb(0, 0, 0);font-size:20px\"><strong>16101PRO RC AUTOMA\u0160\u012aNU JAUT\u0100JUMI UN ATBILDES<\/strong><\/span><\/p>\n<p style=\"font-family:&quot;Open Sans&quot;, Roboto, Arial, Helvetica, sans-serif, SimSun;font-size:14px;font-weight:400;letter-spacing:normal;line-height:inherit;text-align:start;white-space:normal;color:rgb(34, 34, 34);background-color:rgb(255, 255, 255);margin:0px;margin-bottom:0px;margin-top:0px;margin-left:0px;margin-right:0px;padding:0px;padding-bottom:0px;padding-top:0px;padding-left:0px;padding-right:0px;box-sizing:border-box\" align=\"start\"><span style=\"background-color:rgb(255, 255, 255);color:rgb(0, 0, 0);font-size:16px\">1.\u00a0jaut\u0101jums: K\u0101p\u0113c t\u0101lvad\u012bbas automa\u0161\u012bnas riepas ir atsegtas?<\/span><\/p>\n<p style=\"font-family:&quot;Open Sans&quot;, Roboto, Arial, Helvetica, sans-serif, SimSun;font-size:14px;font-weight:400;letter-spacing:normal;line-height:inherit;text-align:start;white-space:normal;color:rgb(34, 34, 34);background-color:rgb(255, 255, 255);margin:0px;margin-bottom:0px;margin-top:0px;margin-left:0px;margin-right:0px;padding:0px;padding-bottom:0px;padding-top:0px;padding-left:0px;padding-right:0px;box-sizing:border-box\" align=\"start\"><span style=\"background-color:rgb(255, 255, 255);color:rgb(0, 0, 0);font-size:16px\">A: [\u012apa\u0161s dizains] Pirkstu sa\u0137ere ir sp\u0113c\u012bga un nav viegli novirz\u0101ma, kas pal\u012bdz uzlabot virsb\u016bves stabilit\u0101ti un riepas sa\u0137eri, braucot l\u012bkumos.<\/span><\/p>\n<p style=\"font-family:&quot;Open Sans&quot;, Roboto, Arial, Helvetica, sans-serif, SimSun;font-size:14px;font-weight:400;letter-spacing:normal;line-height:inherit;text-align:start;white-space:normal;color:rgb(34, 34, 34);background-color:rgb(255, 255, 255);margin:0px;margin-bottom:0px;margin-top:0px;margin-left:0px;margin-right:0px;padding:0px;padding-bottom:0px;padding-top:0px;padding-left:0px;padding-right:0px;box-sizing:border-box\" align=\"start\"><span style=\"background-color:rgb(255, 255, 255);color:rgb(0, 0, 0);font-size:16px\">2. jaut\u0101jums: K\u0101 piel\u0101got t\u0101lvad\u012bbas automa\u0161\u012bnas riepu sl\u012bpumu?<\/span><\/p>\n<p style=\"font-family:&quot;Open Sans&quot;, Roboto, Arial, Helvetica, sans-serif, SimSun;font-size:14px;font-weight:400;letter-spacing:normal;line-height:inherit;text-align:start;white-space:normal;color:rgb(34, 34, 34);background-color:rgb(255, 255, 255);margin:0px;margin-bottom:0px;margin-top:0px;margin-left:0px;margin-right:0px;padding:0px;padding-bottom:0px;padding-top:0px;padding-left:0px;padding-right:0px;box-sizing:border-box\" align=\"start\"><span style=\"background-color:rgb(255, 255, 255);color:rgb(0, 0, 0);font-size:16px\">A: To var regul\u0113t ar t\u0101lvad\u012bbas pults prec\u012bz\u0101s regul\u0113\u0161anas un droseles prec\u012bz\u0101s regul\u0113\u0161anas pog\u0101m.<\/span><\/p>\n<p style=\"font-family:&quot;Open Sans&quot;, Roboto, Arial, Helvetica, sans-serif, SimSun;font-size:14px;font-weight:400;letter-spacing:normal;line-height:inherit;text-align:start;white-space:normal;color:rgb(34, 34, 34);background-color:rgb(255, 255, 255);margin:0px;margin-bottom:0px;margin-top:0px;margin-left:0px;margin-right:0px;padding:0px;padding-bottom:0px;padding-top:0px;padding-left:0px;padding-right:0px;box-sizing:border-box\" align=\"start\"><span style=\"background-color:rgb(255, 255, 255);color:rgb(0, 0, 0);font-size:16px\">3.\u00a0jaut\u0101jums: Ko dar\u012bt, ja nevaru atrast savus piederumus?<\/span><\/p>\n<p style=\"font-family:&quot;Open Sans&quot;, Roboto, Arial, Helvetica, sans-serif, SimSun;font-size:14px;font-weight:400;letter-spacing:normal;line-height:inherit;text-align:start;white-space:normal;color:rgb(34, 34, 34);background-color:rgb(255, 255, 255);margin:0px;margin-bottom:0px;margin-top:0px;margin-left:0px;margin-right:0px;padding:0px;padding-bottom:0px;padding-top:0px;padding-left:0px;padding-right:0px;box-sizing:border-box\" align=\"start\"><span style=\"background-color:rgb(255, 255, 255);color:rgb(0, 0, 0);font-size:16px\">A: L\u016bdzu, vispirms r\u016bp\u012bgi p\u0101rbaudiet iepakojumu; Ja to neatrodat, l\u016bdzu, pal\u012bdziet mums nofilm\u0113t pilnu izpako\u0161anas video, un m\u0113s sazin\u0101simies ar m\u016bsu noliktavu, lai p\u0101rbaud\u012btu \u0161o probl\u0113mu un sniegtu atbilsto\u0161u risin\u0101jumu.<\/span><\/p>\n<p style=\"font-family:&quot;Open Sans&quot;, Roboto, Arial, Helvetica, sans-serif, SimSun;font-size:14px;font-weight:400;letter-spacing:normal;line-height:inherit;text-align:start;white-space:normal;color:rgb(34, 34, 34);background-color:rgb(255, 255, 255);margin:0px;margin-bottom:0px;margin-top:0px;margin-left:0px;margin-right:0px;padding:0px;padding-bottom:0px;padding-top:0px;padding-left:0px;padding-right:0px;box-sizing:border-box\" align=\"start\"><span style=\"background-color:rgb(255, 255, 255);color:rgb(0, 0, 0);font-size:16px\">4.\u00a0jaut\u0101jums: Kas j\u0101dara, ja t\u0101lvad\u012bbas pulti nevar savienot ar t\u0101lvad\u012bbas pulti?<\/span><\/p>\n<p style=\"font-family:&quot;Open Sans&quot;, Roboto, Arial, Helvetica, sans-serif, SimSun;font-size:14px;font-weight:400;letter-spacing:normal;line-height:inherit;text-align:start;white-space:normal;color:rgb(34, 34, 34);background-color:rgb(255, 255, 255);margin:0px;margin-bottom:0px;margin-top:0px;margin-left:0px;margin-right:0px;padding:0px;padding-bottom:0px;padding-top:0px;padding-left:0px;padding-right:0px;box-sizing:border-box\" align=\"start\"><span style=\"background-color:rgb(255, 255, 255);color:rgb(0, 0, 0);font-size:16px\">A: L\u016bdzu, p\u0101rliecinieties, vai akumulators ir piln\u012bb\u0101 uzl\u0101d\u0113ts. P\u0113c tam manu\u0101li savienojiet p\u0101r\u012b rota\u013cu automa\u0161\u012bnu un t\u0101lvad\u012bbas pulti. S\u012bk\u0101ku inform\u0101ciju par rota\u013cu automa\u0161\u012bnas saska\u0146o\u0161anu varat skat\u012bt lietot\u0101ja rokasgr\u0101mat\u0101. Varat p\u0101rbaud\u012bt m\u0101tesplates spriegumu, lai analiz\u0113tu probl\u0113mas c\u0113loni.<\/span><\/p>\n<p style=\"font-family:&quot;Open Sans&quot;, Roboto, Arial, Helvetica, sans-serif, SimSun;font-size:14px;font-weight:400;letter-spacing:normal;line-height:inherit;text-align:start;white-space:normal;color:rgb(34, 34, 34);background-color:rgb(255, 255, 255);margin:0px;margin-bottom:0px;margin-top:0px;margin-left:0px;margin-right:0px;padding:0px;padding-bottom:0px;padding-top:0px;padding-left:0px;padding-right:0px;box-sizing:border-box\" align=\"start\"><span style=\"background-color:rgb(255, 255, 255);color:rgb(0, 0, 0);font-size:16px\">5.\u00a0jaut\u0101jums: Kas j\u0101dara, ja rota\u013cu automa\u0161\u012bna var pagriezties, bet nevar p\u0101rvietoties uz priek\u0161u vai atpaka\u013c p\u0113c tam, kad t\u0101lvad\u012bbas pults ir pievienota t\u0101lvad\u012bbas pultij?<\/span><\/p>\n<p style=\"font-family:&quot;Open Sans&quot;, Roboto, Arial, Helvetica, sans-serif, SimSun;font-size:14px;font-weight:400;letter-spacing:normal;line-height:inherit;text-align:start;white-space:normal;color:rgb(34, 34, 34);background-color:rgb(255, 255, 255);margin:0px;margin-bottom:0px;margin-top:0px;margin-left:0px;margin-right:0px;padding:0px;padding-bottom:0px;padding-top:0px;padding-left:0px;padding-right:0px;box-sizing:border-box\" align=\"start\"><span style=\"background-color:rgb(255, 255, 255);color:rgb(0, 0, 0);font-size:16px\">A: L\u016bdzu, vispirms p\u0101rbaudiet, vai akumulators ir piln\u012bb\u0101 uzl\u0101d\u0113ts, un p\u0113c tam p\u0101rbaudiet m\u0101tesplates un motora spriegumu, lai var\u0113tu analiz\u0113t, k\u0101da ir probl\u0113ma.<\/span><\/p>\n<div><span style=\"background-color:rgb(255, 255, 255);color:rgb(34, 34, 34);font-size:20px;font-family:&quot;Open Sans&quot;, Roboto, Arial, Helvetica, sans-serif, SimSun\"><strong>SCY 16101PRO 16102PRO 16103PRO 1:16 70KM\/H 4WD RC automa\u0161\u012bna ar LED lukturiem T\u0101lvad\u012bbas pults automa\u0161\u012bnas \u0100trgaitas drifta monstru kravas automa\u0161\u012bna b\u0113rniem vs Wltoys 144001 rota\u013clietas<\/strong><\/span><\/div>\n<p><strong>Lietojot akumulatoru, l\u016bdzu, \u0146emiet v\u0113r\u0101:<\/strong><\/p>\n<p>1. Kad akumulators ir izl\u0101d\u0113jies, tas ir j\u0101uzl\u0101d\u0113 savlaic\u012bgi, lai nodro\u0161in\u0101tu akumulatoram papildu jaudu. Ja akumulators ir piln\u012bb\u0101 izl\u0101d\u0113jies, to nevar\u0113s uzl\u0101d\u0113t.<\/p>\n<p>2. Uzl\u0101d\u0113jot akumulatoru, atvienojiet savienojumu no t\u0101lvad\u012bbas pults automa\u0161\u012bnas. Noteikti iz\u0146emiet akumulatoru, lai to uzl\u0101d\u0113tu atsevi\u0161\u0137i.<\/p>\n<p>3. Ja neizmantojat t\u0101lvad\u012bbas automa\u0161\u012bnu, l\u016bdzu, atvienojiet akumulatoru no t\u0101lvad\u012bbas automa\u0161\u012bnas vada, nek\u0101d\u0101 gad\u012bjum\u0101 nepievienojiet un piln\u012bb\u0101 uzl\u0101d\u0113jiet akumulatoru, pret\u0113j\u0101 gad\u012bjum\u0101 tas saboj\u0101s akumulatoru.<\/p>\n<p><strong>Funkcijas:<\/strong><\/p>\n<ol>\n<li>\n<p>Simul\u0101cijas strukt\u016bras dizaina izmanto\u0161ana ar re\u0101lu automa\u0161\u012bnas vad\u012bbas saj\u016btu, lai sasniegtu pilna m\u0113roga bezpak\u0101pju \u0101trumu, \u0101trgaitas brauk\u0161anu, strauju pa\u0101trin\u0101jumu, pal\u0113nin\u0101jumu, bremz\u0113\u0161anu, atpaka\u013cgaitu, pagriezienu pa kreisi, pagriezienu pa labi.<\/p>\n<\/li>\n<li>\n<p>Piem\u0113rojam\u0101s vietas: l\u012bdzenas zemes, smiltis, dub\u013ci, z\u0101le.<\/p>\n<\/li>\n<li>\n<p>Pilnpiedzi\u0146a: priek\u0161\u0113j\u0101 un aizmugur\u0113j\u0101 vertik\u0101l\u0101 atsperu amortiz\u0101cija, neatkar\u012bga piekare ar dubultsviru svir\u0101m.<\/p>\n<\/li>\n<li>\n<p>2.4G piln\u012bb\u0101 proporcion\u0101la sinhroniz\u0113ta t\u0101lvad\u012bbas pults sist\u0113ma. Piln\u012bb\u0101 proporcion\u0101la drosele\/st\u016br\u0113\u0161ana.<\/p>\n<\/li>\n<li>\n<p>Met\u0101la diferenci\u0101lis, met\u0101la diferenci\u0101\u013ca kauss, pulvera plan\u0113tu p\u0101rnesums, pulvera akt\u012bvais p\u0101rnesums, pulvera galvenais p\u0101rnesums.<\/p>\n<\/li>\n<li>\n<p>Met\u0101la CVD priek\u0161\u0113j\u0101 piedzi\u0146as v\u0101rpsta, met\u0101la aizmugur\u0113j\u0101 &quot;dog-bone&quot; v\u0101rpsta, met\u0101la rite\u0146u uzlikas.<\/p>\n<\/li>\n<li>\n<p>Tr\u012bsvadu 17G digit\u0101lais servo.<\/p>\n<\/li>\n<li>\n<p>7,4 V, 18650\u20131500 mAh litija jonu akumulators (T spraudnis), izl\u0101des reizin\u0101t\u0101js 15 C.<\/p>\n<\/li>\n<li>\n<p>Jauna t\u0101lvad\u012bbas pults funkcija: st\u016bres ska\u013cuma izm\u0113ra regul\u0113\u0161ana.<\/p>\n<\/li>\n<li>\n<p>16 lod\u012b\u0161u gult\u0146i visam transportl\u012bdzeklim.<\/p>\n<\/li>\n<li>\n<p>Met\u0101la otr\u0101s gr\u012bdas pl\u0101ksne, met\u0101la priek\u0161\u0113j\u0101s un aizmugur\u0113j\u0101s sviras kods, met\u0101la vid\u0113j\u0101 piedzi\u0146as v\u0101rpsta.<\/p>\n<\/li>\n<li>\n<p>Automa\u0161\u012bnas korpuss ir izgatavots no augstas iztur\u012bbas spr\u0101dziendro\u0161a PVC korpusa.<\/p>\n<\/li>\n<li>\n<p>Apr\u012bkots ar LED priek\u0161\u0113jiem lukturiem; (tr\u012bs re\u017e\u012bmi: past\u0101v\u012bga gaisma, l\u0113na mirgo\u0161ana, \u0101tra mirgo\u0161ana)<\/p>\n<\/li>\n<li>\n<p>Apr\u012bkots ar head-up st\u016bri.<\/p>\n<\/li>\n<li>\n<p>Lielk\u0101ja riepu simul\u0101cija, sp\u0113c\u012bga sa\u0137ere<\/p>\n<\/li>\n<\/ol>\n<p><strong>Apraksts:<\/strong><\/p>\n<p><span style=\"background-color:rgb(255, 255, 255);color:rgb(34, 34, 34);font-size:14px;font-family:&quot;Open Sans&quot;, Roboto, Arial, Helvetica, sans-serif, SimSun\">Ltem nosaukums:16101PRO,16102PRO,16103PRO<\/span><\/p>\n<p>100% piln\u012bgi jauns, augstas kvalit\u0101tes.<\/p>\n<p>1:16 Kravas automa\u0161\u012bnas izm\u0113rs: 30 * 23 * 11,5 cm<\/p>\n<p>Atska\u0146o\u0161anas laiks: 15\u201318 min\u016btes (nep\u0101rtraukta pilna \u0101truma darb\u012bba)<\/p>\n<p>Uzl\u0101des laiks: 3\u20133,5 stundas<\/p>\n<p>Vad\u012bbas diapazons: 120M<\/p>\n<p>Automa\u0161\u012bnas akumulators iek\u013cauts komplekt\u0101<\/p>\n<p>T\u0101lvad\u012bbas pults: 3 * AA baterijas (nav iek\u013cautas komplekt\u0101)<\/p>\n<p><span style=\"color:rgb(244, 78, 59)\"><strong>Piez\u012bme:<\/strong><\/span><\/p>\n<p><strong><span style=\"color:rgb(244, 78, 59)\">1: Uzl\u0101des aizsardz\u012bba: past\u0101v\u012bgas str\u0101vas un past\u0101v\u012bga sprieguma l\u012bdzsvarota uzl\u0101de, aizsardz\u012bbas funkcija pret akumulatora p\u0101rl\u0101d\u0113\u0161anu un p\u0101rslodzi.<\/span><\/strong><\/p>\n<p><strong><span style=\"color:rgb(244, 78, 59)\">2: Motora aizsardz\u012bba pret iestr\u0113g\u0161anu: p\u0101rslodzes gad\u012bjum\u0101 motors p\u0101rst\u0101j darboties.<\/span><\/strong><\/p>\n<p><strong><span style=\"color:rgb(244, 78, 59)\">3: Aizsardz\u012bba pret augstu temperat\u016bru: ja darba temperat\u016bra ir augst\u0101ka par iestat\u012bto situ\u0101ciju, piedzi\u0146as vad\u012bbas \u0137\u0113de p\u0101rst\u0101j darboties un p\u0113c tam ats\u0101k darbu, kad temperat\u016bra nokr\u012btas l\u012bdz dro\u0161ai v\u0113rt\u012bbai.<\/span><\/strong><\/p>\n<p><strong><span style=\"color:rgb(244, 78, 59)\">4: ESC zemsprieguma izsl\u0113g\u0161anas funkcija, ja akumulatora spriegums ir zem\u0101ks par 6,3\u20136,4 V, autom\u0101tiska izsl\u0113g\u0161an\u0101s, lai nov\u0113rstu akumulatora boj\u0101jumus p\u0101rl\u0101d\u0113\u0161an\u0101s gad\u012bjum\u0101<\/span><\/strong><span style=\"color:rgb(244, 78, 59)\">.<\/span><img decoding=\"async\" src=\"https:\/\/ae01.alicdn.com\/kf\/Sdd01a7240c584b16b1a8a122c3c835ae2.jpg?width=1000&amp;height=5215&amp;hash=6215\" slate-data-type=\"image\"\/><\/p>\n<p><img decoding=\"async\" src=\"https:\/\/ae01.alicdn.com\/kf\/Sdedb2089b3ea41abb30373347f69d567d.jpg?width=1000&amp;height=6204&amp;hash=7204\" slate-data-type=\"image\"\/><img decoding=\"async\" src=\"https:\/\/ae01.alicdn.com\/kf\/Sf42b7fff22fb4dfea370c9431c033a0ex.jpg?width=1000&amp;height=5161&amp;hash=6161\" slate-data-type=\"image\"\/><\/p>\n<div>\n<\/div>\n<div><\/div>\n<\/div>\n<\/div>\n<p><\/p>","protected":false},"excerpt":{"rendered":"<p>Hign-concerned Chemical:&nbsp;None Certificate Number:&nbsp;As Show CE:&nbsp;Certificate Is Electric:&nbsp;lithium battery Barcode:&nbsp;No Throttle servo:&nbsp;2840 Brushless motor Steering servo:&nbsp;Three-wire 17G digital servo Power:&nbsp;70 km\/h State of Assembly:&nbsp;Ready-to-Go Flight Time:&nbsp;15-18 min Tire Track:&nbsp;188mm Wheelbase:&nbsp;185<\/p>","protected":false},"featured_media":25655,"comment_status":"open","ping_status":"closed","template":"","meta":{"_acf_changed":false},"product_brand":[],"product_cat":[519],"product_tag":[],"class_list":{"0":"post-25654","1":"product","2":"type-product","3":"status-publish","4":"has-post-thumbnail","6":"product_cat-rc-cars","8":"first","9":"instock","10":"shipping-taxable","11":"purchasable","12":"product-type-variable"},"acf":[],"_links":{"self":[{"href":"https:\/\/www.electricstore.eu\/lv\/wp-json\/wp\/v2\/product\/25654","targetHints":{"allow":["GET"]}}],"collection":[{"href":"https:\/\/www.electricstore.eu\/lv\/wp-json\/wp\/v2\/product"}],"about":[{"href":"https:\/\/www.electricstore.eu\/lv\/wp-json\/wp\/v2\/types\/product"}],"replies":[{"embeddable":true,"href":"https:\/\/www.electricstore.eu\/lv\/wp-json\/wp\/v2\/comments?post=25654"}],"wp:featuredmedia":[{"embeddable":true,"href":"https:\/\/www.electricstore.eu\/lv\/wp-json\/wp\/v2\/media\/25655"}],"wp:attachment":[{"href":"https:\/\/www.electricstore.eu\/lv\/wp-json\/wp\/v2\/media?parent=25654"}],"wp:term":[{"taxonomy":"product_brand","embeddable":true,"href":"https:\/\/www.electricstore.eu\/lv\/wp-json\/wp\/v2\/product_brand?post=25654"},{"taxonomy":"product_cat","embeddable":true,"href":"https:\/\/www.electricstore.eu\/lv\/wp-json\/wp\/v2\/product_cat?post=25654"},{"taxonomy":"product_tag","embeddable":true,"href":"https:\/\/www.electricstore.eu\/lv\/wp-json\/wp\/v2\/product_tag?post=25654"}],"curies":[{"name":"wp","href":"https:\/\/api.w.org\/{rel}","templated":true}]}}