{"id":25631,"date":"2025-05-20T19:00:19","date_gmt":"2025-05-20T19:00:19","guid":{"rendered":"https:\/\/electricstore.eu\/p\/uncategorized\/wltoys-116-scale-large-rc-car-50km-h-high-speed-4wd-children-toy-for-boys-remote-control-car-2-4g-off-road-monster-truck-rc-toy\/"},"modified":"2025-05-20T19:05:28","modified_gmt":"2025-05-20T19:05:28","slug":"wltoys-116-scale-large-rc-car-50km-h-high-speed-4wd-children-toy-for-boys-remote-control-car-2-4g-off-road-monster-truck-rc-toy","status":"publish","type":"product","link":"https:\/\/www.electricstore.eu\/lv\/p\/rc\/rc-cars\/wltoys-116-scale-large-rc-car-50km-h-high-speed-4wd-children-toy-for-boys-remote-control-car-2-4g-off-road-monster-truck-rc-toy\/","title":{"rendered":"WLtoys 1:16 m\u0113roga liela RC automa\u0161\u012bna 50km\/h \u0101trgaitas 4WD b\u0113rnu rota\u013clieta z\u0113niem T\u0101lvad\u012bbas automa\u0161\u012bna 2.4G bezce\u013cu monster truck RC rota\u013clieta"},"content":{"rendered":"<div class=\"product-specs-list-container\">\n<ul class=\"product-specs-list util-clearfix\">\n<li class=\"product-prop line-limit-length\"><span\n                                        class=\"property-title\">Augstas ba\u017eas izraiso\u0161a \u0137\u012bmiska viela:&nbsp;<\/span><span\n                                        class=\"property-desc line-limit-length\">Neviens<\/span>\n                            <\/li>\n<li class=\"product-prop line-limit-length\"><span\n                                        class=\"property-title\">Sertifik\u0101ta numurs:&nbsp;<\/span><span\n                                        class=\"property-desc line-limit-length\">K\u0101 par\u0101d\u012bt<\/span>\n                            <\/li>\n<li class=\"product-prop line-limit-length\"><span\n                                        class=\"property-title\">CE:&nbsp;<\/span><span\n                                        class=\"property-desc line-limit-length\">Sertifik\u0101ts<\/span>\n                            <\/li>\n<li class=\"product-prop line-limit-length\"><span\n                                        class=\"property-title\">Ir elektrisks:&nbsp;<\/span><span\n                                        class=\"property-desc line-limit-length\">litija akumulators<\/span>\n                            <\/li>\n<li class=\"product-prop line-limit-length\"><span\n                                        class=\"property-title\">Sv\u012btrkods:&nbsp;<\/span><span\n                                        class=\"property-desc line-limit-length\">N\u0113<\/span>\n                            <\/li>\n<li class=\"product-prop line-limit-length\"><span\n                                        class=\"property-title\">Droseles servo:&nbsp;<\/span><span\n                                        class=\"property-desc line-limit-length\">K\u0101 par\u0101d\u012bt<\/span>\n                            <\/li>\n<li class=\"product-prop line-limit-length\"><span\n                                        class=\"property-title\">St\u016bres pastiprin\u0101t\u0101js:&nbsp;<\/span><span\n                                        class=\"property-desc line-limit-length\">K\u0101 par\u0101d\u012bt<\/span>\n                            <\/li>\n<li class=\"product-prop line-limit-length\"><span\n                                        class=\"property-title\">Jauda:&nbsp;<\/span><span\n                                        class=\"property-desc line-limit-length\">K\u0101 par\u0101d\u012bt<\/span>\n                            <\/li>\n<li class=\"product-prop line-limit-length\"><span\n                                        class=\"property-title\">Asamblejas \u0161tats:&nbsp;<\/span><span\n                                        class=\"property-desc line-limit-length\">Gatavs lieto\u0161anai<\/span>\n                            <\/li>\n<li class=\"product-prop line-limit-length\"><span\n                                        class=\"property-title\">Lidojuma laiks:&nbsp;<\/span><span\n                                        class=\"property-desc line-limit-length\">20 min\u016btes<\/span>\n                            <\/li>\n<li class=\"product-prop line-limit-length\"><span\n                                        class=\"property-title\">Riepu sliedes:&nbsp;<\/span><span\n                                        class=\"property-desc line-limit-length\">185 mm<\/span>\n                            <\/li>\n<li class=\"product-prop line-limit-length\"><span\n                                        class=\"property-title\">Rite\u0146u b\u0101ze:&nbsp;<\/span><span\n                                        class=\"property-desc line-limit-length\">188 mm<\/span>\n                            <\/li>\n<li class=\"product-prop line-limit-length\"><span\n                                        class=\"property-title\">Br\u012bdin\u0101jums:&nbsp;<\/span><span\n                                        class=\"property-desc line-limit-length\">Prom no uguns<\/span>\n                            <\/li>\n<li class=\"product-prop line-limit-length\"><span\n                                        class=\"property-title\">Att\u0101lais att\u0101lums:&nbsp;<\/span><span\n                                        class=\"property-desc line-limit-length\">50 m<\/span>\n                            <\/li>\n<li class=\"product-prop line-limit-length\"><span\n                                        class=\"property-title\">Garantija:&nbsp;<\/span><span\n                                        class=\"property-desc line-limit-length\">K\u0101 par\u0101d\u012bt<\/span>\n                            <\/li>\n<li class=\"product-prop line-limit-length\"><span\n                                        class=\"property-title\">M\u0113rogs:&nbsp;<\/span><span\n                                        class=\"property-desc line-limit-length\">1:16<\/span>\n                            <\/li>\n<li class=\"product-prop line-limit-length\"><span\n                                        class=\"property-title\">Izm\u0113ri:&nbsp;<\/span><span\n                                        class=\"property-desc line-limit-length\">30 * 23 * 11,5 cm<\/span>\n                            <\/li>\n<li class=\"product-prop line-limit-length\"><span\n                                        class=\"property-title\">Griezes moments:&nbsp;<\/span><span\n                                        class=\"property-desc line-limit-length\">K\u0101 par\u0101d\u012bt<\/span>\n                            <\/li>\n<li class=\"product-prop line-limit-length\"><span\n                                        class=\"property-title\">Mode\u013ca numurs:&nbsp;<\/span><span\n                                        class=\"property-desc line-limit-length\">S140<\/span>\n                            <\/li>\n<li class=\"product-prop line-limit-length\"><span\n                                        class=\"property-title\">Komplekt\u0101 ietilpst:&nbsp;<\/span><span\n                                        class=\"property-desc line-limit-length\">T\u0101lvad\u012bbas pults, USB kabelis<\/span>\n                            <\/li>\n<li class=\"product-prop line-limit-length\"><span\n                                        class=\"property-title\">Vad\u012bbas kan\u0101li:&nbsp;<\/span><span\n                                        class=\"property-desc line-limit-length\">4 kan\u0101li<\/span>\n                            <\/li>\n<li class=\"product-prop line-limit-length\"><span\n                                        class=\"property-title\">Kontroliera re\u017e\u012bms:&nbsp;<\/span><span\n                                        class=\"property-desc line-limit-length\">RE\u017d\u012aMS1<\/span>\n                            <\/li>\n<li class=\"product-prop line-limit-length\"><span\n                                        class=\"property-title\">Uzl\u0101des spriegums:&nbsp;<\/span><span\n                                        class=\"property-desc line-limit-length\">5 V<\/span>\n                            <\/li>\n<li class=\"product-prop line-limit-length\"><span\n                                        class=\"property-title\">T\u0101lvad\u012bbas pults:&nbsp;<\/span><span\n                                        class=\"property-desc line-limit-length\">J\u0101<\/span>\n                            <\/li>\n<li class=\"product-prop line-limit-length\"><span\n                                        class=\"property-title\">Materi\u0101ls:&nbsp;<\/span><span\n                                        class=\"property-desc line-limit-length\">Plastmasa, PVC<\/span>\n                            <\/li>\n<li class=\"product-prop line-limit-length\"><span\n                                        class=\"property-title\">Z\u012bmola nosaukums:&nbsp;<\/span><span\n                                        class=\"property-desc line-limit-length\">WDSZKMYF<\/span>\n                            <\/li>\n<li class=\"product-prop line-limit-length\"><span\n                                        class=\"property-title\">Ieteicamais vecums:&nbsp;<\/span><span\n                                        class=\"property-desc line-limit-length\">14+ gadi<\/span>\n                            <\/li>\n<li class=\"product-prop line-limit-length\"><span\n                                        class=\"property-title\">Izcelsme:&nbsp;<\/span><span\n                                        class=\"property-desc line-limit-length\">Kontinent\u0101l\u0101 \u0136\u012bna<\/span>\n                            <\/li>\n<li class=\"product-prop line-limit-length\"><span\n                                        class=\"property-title\">Dizains:&nbsp;<\/span><span\n                                        class=\"property-desc line-limit-length\">Dirtbike<\/span>\n                            <\/li>\n<li class=\"product-prop line-limit-length\"><span\n                                        class=\"property-title\">Tips:&nbsp;<\/span><span\n                                        class=\"property-desc line-limit-length\">Automa\u0161\u012bna<\/span>\n                            <\/li>\n<li class=\"product-prop line-limit-length\"><span\n                                        class=\"property-title\">Funkcijas:&nbsp;<\/span><span\n                                        class=\"property-desc line-limit-length\">T\u0100LVAD\u012aBAS PULTS<\/span>\n                            <\/li>\n<\/ul><\/div>\n<div class=\"detailmodule_html\">\n<div class=\"detail-desc-decorate-richtext\">\n<div>Par \u0161o preci:<\/div>\n<div>\u3010Ekstr\u0113ma riepu dedzino\u0161a darb\u012bba\u3011: Ar jaud\u012bgiem ieb\u016bv\u0113tiem motoriem m\u016bsu RC kravas automa\u0161\u012bnas 4\u00d74 bezce\u013cu \u016bdensiztur\u012bg\u0101s tiek pieg\u0101d\u0101tas piln\u012bb\u0101 saliktas, gatavas lieto\u0161anai uzreiz p\u0113c iz\u0146em\u0161anas no kastes. T\u0101s sasniedz \u0101trumu l\u012bdz 31 j\u016bdzei stund\u0101 (50 km\/h), kas padara automa\u0161\u012bnu \u0101tr\u0101ku par cit\u0101m.<\/div>\n<p class=\"paragraph___1C-HL\">\u3010Simul\u0101cijas strukt\u016bras dizains\u3011: Simul\u0101cijas strukt\u016bras dizaina izmanto\u0161ana ar re\u0101lu automa\u0161\u012bnas vad\u012bbas saj\u016btu, lai sasniegtu pilna m\u0113roga bezpak\u0101pju \u0101trumu, \u0101trgaitas brauk\u0161anu, strauju pa\u0101trin\u0101jumu, pal\u0113nin\u0101jumu, bremz\u0113\u0161anu, atpaka\u013cgaitu, pagriezienu pa kreisi, pagriezienu pa labi.<\/p>\n<p class=\"paragraph___1C-HL\">\u30102,4 GHz t\u0101lvad\u012bbas pults\u3011: 2,4 GHz frekvence nodro\u0161ina izcilu trauc\u0113jumu nov\u0113r\u0161anas sp\u0113ju un nodro\u0161ina pilna m\u0113roga prec\u012bzu vad\u012bbu. T\u0101lvad\u012bbas pults darb\u012bbas r\u0101diuss p\u0101rsniedz 80 m\/262 p\u0113das, padarot to par lielisku bezce\u013cu auto lieto\u0161anai gan iek\u0161telp\u0101s, gan \u0101rpus t\u0101m.<\/p>\n<p class=\"paragraph___1C-HL\">\u3010\u0100tra dreif\u0113\u0161ana\u3011: Darbina jaud\u012bgs RC390 motors un ir izstr\u0101d\u0101ta ar unik\u0101lu priek\u0161\u0113jo un aizmugur\u0113jo p\u0101rnesumu planet\u0101ro diferenci\u0101li, sac\u012bk\u0161u automa\u0161\u012bnas rota\u013clieta var dreif\u0113t un sasniegt \u0101trumu l\u012bdz 50 km\/h, sniedzot aizraujo\u0161u dreif\u0113\u0161anas pieredzi.<\/p>\n<p class=\"paragraph___1C-HL\">\u3010Visurg\u0101j\u0113js k\u0101pur\u0137\u0113\u017eu automobilis\u3011: Pilnpiedzi\u0146as sist\u0113ma un sp\u0113c\u012bg\u0101 sa\u0137ere nodro\u0161ina, ka t\u0101lvad\u012bbas automobilis var uzbraukt 45 gr\u0101du nog\u0101z\u0113s un iekarot visu reljefu, piem\u0113ram, z\u0101li, smiltis, dub\u013cus, akme\u0146us utt. T\u0101 ir lieliska d\u0101vana j\u016bsu b\u0113rniem vai draugiem.<\/p>\n<p class=\"paragraph___1C-HL\">\u3010Sadursmes pal\u012bgs\u3011: Izgatavots no augstas iztur\u012bbas spr\u0101dziendro\u0161a PVC korpusa, RC automa\u0161\u012bna ir apr\u012bkota ar priek\u0161\u0113j\u0101m un aizmugur\u0113j\u0101m vertik\u0101l\u0101m atsper\u0113m un 4 liel\u0101kiem neatkar\u012bgiem amortizatoriem, kam ir br\u012bni\u0161\u0137\u012bgs sadursmes pal\u012bga efekts un kas var efekt\u012bvi piel\u0101goties da\u017e\u0101d\u0101m nel\u012bdzen\u0101m un vibr\u0101cijas ain\u0101m.<\/p>\n<p class=\"paragraph___1C-HL\">\u3010Uzl\u0101d\u0113jamas lielas ietilp\u012bbas 1300 mAh baterijas\u3011 Bezce\u013cu automa\u0161\u012bna ir apr\u012bkota ar 7,4 V 1300 mAh uzl\u0101d\u0113jam\u0101m litija polim\u0113ru baterij\u0101m. RC automa\u0161\u012bna z\u0113niem un pieaugu\u0161ajiem darbosies l\u012bdz pat 10\u201315 min\u016bt\u0113m atkar\u012bb\u0101 no \u0101truma re\u017e\u012bma iestat\u012bjuma. Papla\u0161iniet savu prieku un ir rad\u012bta augstai RC sac\u012bk\u0161u veiktsp\u0113jai.<\/p>\n<p><span style=\"color:rgb(244, 78, 59)\">Lietojot akumulatoru, l\u016bdzu, \u0146emiet v\u0113r\u0101:<\/span><\/p>\n<p><span style=\"color:rgb(244, 78, 59)\">1. Kad akumulators ir izl\u0101d\u0113jies, tas ir j\u0101uzl\u0101d\u0113 savlaic\u012bgi, lai nodro\u0161in\u0101tu akumulatoram papildu jaudu. Ja akumulators ir piln\u012bb\u0101 izl\u0101d\u0113jies, to nevar\u0113s uzl\u0101d\u0113t.<\/span><\/p>\n<p><span style=\"color:rgb(244, 78, 59)\">2. Uzl\u0101d\u0113jot akumulatoru, atvienojiet savienojumu no t\u0101lvad\u012bbas pults automa\u0161\u012bnas. Noteikti iz\u0146emiet akumulatoru, lai to uzl\u0101d\u0113tu atsevi\u0161\u0137i.<\/span><\/p>\n<p><span style=\"color:rgb(244, 78, 59)\">3. Ja neizmantojat t\u0101lvad\u012bbas automa\u0161\u012bnu, l\u016bdzu, atvienojiet akumulatoru no t\u0101lvad\u012bbas automa\u0161\u012bnas vada, nek\u0101d\u0101 gad\u012bjum\u0101 nepievienojiet un piln\u012bb\u0101 uzl\u0101d\u0113jiet akumulatoru, pret\u0113j\u0101 gad\u012bjum\u0101 tas saboj\u0101s akumulatoru.<\/span><\/p>\n<p class=\"paragraph___1C-HL\"><img decoding=\"async\" src=\"https:\/\/ae01.alicdn.com\/kf\/Sc7d8f1752eeb429cbcb49c0aea5bccc5O.jpg?width=1000&amp;height=1000&amp;hash=2000\" slate-data-type=\"image\"\/><img decoding=\"async\" src=\"https:\/\/ae01.alicdn.com\/kf\/S0538d3087c1c46d98d8ea6d73921502df.jpg?width=1000&amp;height=500&amp;hash=1500\" slate-data-type=\"image\"\/><img decoding=\"async\" src=\"https:\/\/ae01.alicdn.com\/kf\/Sa38b7df136814a38aa944342d3e82ebcb.jpg?width=1000&amp;height=1000&amp;hash=2000\" slate-data-type=\"image\"\/><img decoding=\"async\" src=\"https:\/\/ae01.alicdn.com\/kf\/S0a7289c8211d4a129312975daca49c5eK.jpg?width=1000&amp;height=1000&amp;hash=2000\" slate-data-type=\"image\"\/><img decoding=\"async\" src=\"https:\/\/ae01.alicdn.com\/kf\/S178b80007ce24fc8bc570c945a26b53by.jpg?width=1000&amp;height=1000&amp;hash=2000\" slate-data-type=\"image\"\/><img decoding=\"async\" src=\"https:\/\/ae01.alicdn.com\/kf\/S702086c0a0674b44868383d9048b2437T.jpg?width=1000&amp;height=1000&amp;hash=2000\" slate-data-type=\"image\"\/><img decoding=\"async\" src=\"https:\/\/ae01.alicdn.com\/kf\/S2859ddd4afcc4cacb58ba7b460b7b0cf0.jpg?width=1000&amp;height=1000&amp;hash=2000\" slate-data-type=\"image\"\/><img decoding=\"async\" src=\"https:\/\/ae01.alicdn.com\/kf\/Sa2fe2065268c4296a88f554e0853f64dJ.jpg?width=1000&amp;height=1000&amp;hash=2000\" slate-data-type=\"image\"\/><img decoding=\"async\" src=\"https:\/\/ae01.alicdn.com\/kf\/S6c861508a6bf463fab7480a07df383e8t.jpg?width=1000&amp;height=1000&amp;hash=2000\" slate-data-type=\"image\"\/><img decoding=\"async\" src=\"https:\/\/ae01.alicdn.com\/kf\/S1d5616a1786f41898797dc1b9593c1ea9.jpg?width=1000&amp;height=1000&amp;hash=2000\" slate-data-type=\"image\"\/><img decoding=\"async\" src=\"https:\/\/ae01.alicdn.com\/kf\/Sd8b948712cbd4c119217cfee121ec4daN.jpg?width=1000&amp;height=1000&amp;hash=2000\" slate-data-type=\"image\"\/><img decoding=\"async\" src=\"https:\/\/ae01.alicdn.com\/kf\/Sb46b5b3b77ab4516863741f1a7f0c9bdc.jpg?width=1000&amp;height=1000&amp;hash=2000\" slate-data-type=\"image\"\/><img decoding=\"async\" src=\"https:\/\/ae01.alicdn.com\/kf\/S7d3b899c240d4f79bd3deea2cbfaa03dh.jpg?width=1000&amp;height=1000&amp;hash=2000\" slate-data-type=\"image\"\/><img decoding=\"async\" src=\"https:\/\/ae01.alicdn.com\/kf\/Sed481e62dcd641959690a6be31d77e661.jpg?width=1000&amp;height=1000&amp;hash=2000\" slate-data-type=\"image\"\/><img decoding=\"async\" src=\"https:\/\/ae01.alicdn.com\/kf\/S34f8680be4ab48efa3b34f7e2f0acfbdh.jpg?width=1000&amp;height=1000&amp;hash=2000\" slate-data-type=\"image\"\/><img decoding=\"async\" src=\"https:\/\/ae01.alicdn.com\/kf\/Sd94f8033ef494b0b999bd1dc5b60829es.jpg?width=1000&amp;height=1000&amp;hash=2000\" slate-data-type=\"image\"\/><\/p>\n<div>\n<\/div>\n<div><\/div>\n<\/div>\n<\/div>\n<p><\/p>","protected":false},"excerpt":{"rendered":"<p>Hign-concerned Chemical:&nbsp;None Certificate Number:&nbsp;As Show CE:&nbsp;Certificate Is Electric:&nbsp;lithium battery Barcode:&nbsp;No Throttle servo:&nbsp;As Show Steering servo:&nbsp;As Show Power:&nbsp;As Show State of Assembly:&nbsp;Ready-to-Go Flight Time:&nbsp;20min Tire Track:&nbsp;185mm Wheelbase:&nbsp;188mm Warning:&nbsp;Away from fire Remote<\/p>","protected":false},"featured_media":25632,"comment_status":"open","ping_status":"closed","template":"","meta":{"_acf_changed":false},"product_brand":[],"product_cat":[519],"product_tag":[],"class_list":{"0":"post-25631","1":"product","2":"type-product","3":"status-publish","4":"has-post-thumbnail","6":"product_cat-rc-cars","8":"first","9":"instock","10":"shipping-taxable","11":"purchasable","12":"product-type-variable"},"acf":[],"_links":{"self":[{"href":"https:\/\/www.electricstore.eu\/lv\/wp-json\/wp\/v2\/product\/25631","targetHints":{"allow":["GET"]}}],"collection":[{"href":"https:\/\/www.electricstore.eu\/lv\/wp-json\/wp\/v2\/product"}],"about":[{"href":"https:\/\/www.electricstore.eu\/lv\/wp-json\/wp\/v2\/types\/product"}],"replies":[{"embeddable":true,"href":"https:\/\/www.electricstore.eu\/lv\/wp-json\/wp\/v2\/comments?post=25631"}],"wp:featuredmedia":[{"embeddable":true,"href":"https:\/\/www.electricstore.eu\/lv\/wp-json\/wp\/v2\/media\/25632"}],"wp:attachment":[{"href":"https:\/\/www.electricstore.eu\/lv\/wp-json\/wp\/v2\/media?parent=25631"}],"wp:term":[{"taxonomy":"product_brand","embeddable":true,"href":"https:\/\/www.electricstore.eu\/lv\/wp-json\/wp\/v2\/product_brand?post=25631"},{"taxonomy":"product_cat","embeddable":true,"href":"https:\/\/www.electricstore.eu\/lv\/wp-json\/wp\/v2\/product_cat?post=25631"},{"taxonomy":"product_tag","embeddable":true,"href":"https:\/\/www.electricstore.eu\/lv\/wp-json\/wp\/v2\/product_tag?post=25631"}],"curies":[{"name":"wp","href":"https:\/\/api.w.org\/{rel}","templated":true}]}}