{"id":25602,"date":"2025-05-20T19:00:09","date_gmt":"2025-05-20T19:00:09","guid":{"rendered":"https:\/\/electricstore.eu\/p\/uncategorized\/vevor-amphibious-rc-car-boat-2-4ghz-12-km-h-electric-remote-control-360-rotating-stunt-car-water-beach-pool-toys-boys-gifts\/"},"modified":"2025-05-20T19:05:06","modified_gmt":"2025-05-20T19:05:06","slug":"vevor-amphibious-rc-car-boat-2-4ghz-12-km-h-electric-remote-control-360-rotating-stunt-car-water-beach-pool-toys-boys-gifts","status":"publish","type":"product","link":"https:\/\/www.electricstore.eu\/lv\/p\/rc\/rc-cars\/vevor-amphibious-rc-car-boat-2-4ghz-12-km-h-electric-remote-control-360-rotating-stunt-car-water-beach-pool-toys-boys-gifts\/","title":{"rendered":"VEVOR amf\u012bbijas RC automa\u0161\u012bnas laiva 2.4GHz 12 km\/h elektrisk\u0101 t\u0101lvad\u012bbas pults 360\u00b0 rot\u0113jo\u0161a triku automa\u0161\u012bna \u016bdens pludmale baseins rota\u013clieta z\u0113nu d\u0101vanas"},"content":{"rendered":"<div class=\"product-specs-list-container\">\n<ul class=\"product-specs-list util-clearfix\">\n<li class=\"product-prop line-limit-length\"><span\n                                        class=\"property-title\">Augstas ba\u017eas izraiso\u0161a \u0137\u012bmiska viela:&nbsp;<\/span><span\n                                        class=\"property-desc line-limit-length\">Neviens<\/span>\n                            <\/li>\n<li class=\"product-prop line-limit-length\"><span\n                                        class=\"property-title\">Ir elektrisks:&nbsp;<\/span><span\n                                        class=\"property-desc line-limit-length\">Nav akumulatora<\/span>\n                            <\/li>\n<li class=\"product-prop line-limit-length\"><span\n                                        class=\"property-title\">Sv\u012btrkods:&nbsp;<\/span><span\n                                        class=\"property-desc line-limit-length\">N\u0113<\/span>\n                            <\/li>\n<li class=\"product-prop line-limit-length\"><span\n                                        class=\"property-title\">Baro\u0161anas avots:&nbsp;<\/span><span\n                                        class=\"property-desc line-limit-length\">Elektrisks<\/span>\n                            <\/li>\n<li class=\"product-prop line-limit-length\"><span\n                                        class=\"property-title\">Mode\u013ca numurs:&nbsp;<\/span><span\n                                        class=\"property-desc line-limit-length\">666-802<\/span>\n                            <\/li>\n<li class=\"product-prop line-limit-length\"><span\n                                        class=\"property-title\">Lidojuma laiks:&nbsp;<\/span><span\n                                        class=\"property-desc line-limit-length\">20 min\u016btes<\/span>\n                            <\/li>\n<li class=\"product-prop line-limit-length\"><span\n                                        class=\"property-title\">Att\u0101lais att\u0101lums:&nbsp;<\/span><span\n                                        class=\"property-desc line-limit-length\">131 p\u0113das\/40 m<\/span>\n                            <\/li>\n<li class=\"product-prop line-limit-length\"><span\n                                        class=\"property-title\">Izm\u0113ri:&nbsp;<\/span><span\n                                        class=\"property-desc line-limit-length\">5,91 x 6,10 x 2,95 collas\/150 x 155 x 75 mm<\/span>\n                            <\/li>\n<li class=\"product-prop line-limit-length\"><span\n                                        class=\"property-title\">Maksim\u0101lais \u0101trums:&nbsp;<\/span><span\n                                        class=\"property-desc line-limit-length\">12 km\/h<\/span>\n                            <\/li>\n<li class=\"product-prop line-limit-length\"><span\n                                        class=\"property-title\">Asamblejas \u0161tats:&nbsp;<\/span><span\n                                        class=\"property-desc line-limit-length\">Gatavs lieto\u0161anai<\/span>\n                            <\/li>\n<li class=\"product-prop line-limit-length\"><span\n                                        class=\"property-title\">T\u0101lvad\u012bbas pults:&nbsp;<\/span><span\n                                        class=\"property-desc line-limit-length\">J\u0101<\/span>\n                            <\/li>\n<li class=\"product-prop line-limit-length\"><span\n                                        class=\"property-title\">Materi\u0101ls:&nbsp;<\/span><span\n                                        class=\"property-desc line-limit-length\">Plastmasa<\/span>\n                            <\/li>\n<li class=\"product-prop line-limit-length\"><span\n                                        class=\"property-title\">Ieteicamais vecums:&nbsp;<\/span><span\n                                        class=\"property-desc line-limit-length\">6\u201312\u00a0g.<\/span>\n                            <\/li>\n<li class=\"product-prop line-limit-length\"><span\n                                        class=\"property-title\">Izcelsme:&nbsp;<\/span><span\n                                        class=\"property-desc line-limit-length\">Kontinent\u0101l\u0101 \u0136\u012bna<\/span>\n                            <\/li>\n<li class=\"product-prop line-limit-length\"><span\n                                        class=\"property-title\">Tips:&nbsp;<\/span><span\n                                        class=\"property-desc line-limit-length\">Laiva un ku\u0123is<\/span>\n                            <\/li>\n<li class=\"product-prop line-limit-length\"><span\n                                        class=\"property-title\">Funkcijas:&nbsp;<\/span><span\n                                        class=\"property-desc line-limit-length\">T\u0100LVAD\u012aBAS PULTS<\/span>\n                            <\/li>\n<\/ul><\/div>\n<div class=\"detailmodule_html\">\n<div class=\"detail-desc-decorate-richtext\">\n<p><\/p>\n<div style=\"font-family:&quot;Open sans&quot;, Arial, Helvetica, sans-serif\">\n<div>\n  <img decoding=\"async\" style=\"width:100%\" width=\"100%\" src=\"https:\/\/d2qc09rl1gfuof.cloudfront.net\/vevor\/boutique-banner\/pc\/banner-en.jpg\" slate-data-type=\"image\" \/>\n <\/div>\n<div>\n<div style=\"font-size:16px;font-weight:bold;text-align:center;color:rgb(34, 34, 34);margin:24px 0px;margin-bottom:24px;margin-top:24px;margin-left:0px;margin-right:0px\" align=\"center\">\n   Brauciet pa vi\u013c\u0146iem, valdiet p\u0101r zemi \u2014 VEVOR RC laivas prieks\n  <\/div>\n<div>\n   <img decoding=\"async\" style=\"width:100%\" width=\"100%\" src=\"https:\/\/d2qc09rl1gfuof.cloudfront.net\/product\/SLLQYKCQC1JZAI7C8\/rc-boat-a100-1.4.jpg\" slate-data-type=\"image\" \/>\n  <\/div>\n<div style=\"font-size:14px;text-align:center;color:rgb(34, 34, 34);margin:16px 0px 24px;margin-bottom:24px;margin-top:16px;margin-left:0px;margin-right:0px\" align=\"center\">\n   Izbaudi jautrus pagriezienus, griezienus un vis\u0101dus trikus gan uz \u016bdens, gan uz sauszemes! \u0160\u012b amf\u012bbijas t\u0101lvad\u012bbas automa\u0161\u012bnas laiva ir apr\u012bkota ar aizraujo\u0161\u0101m funkcij\u0101m, kas padara katru mirkli piepild\u012btu ar darb\u012bbu.\n  <\/div><\/div>\n<div>\n<div style=\"margin:8px 0px;margin-bottom:8px;margin-top:8px;margin-left:0px;margin-right:0px\">\n   <img decoding=\"async\" style=\"width:100%\" width=\"100%\" src=\"https:\/\/d2qc09rl1gfuof.cloudfront.net\/product\/SLLQYKCQC1JZAI7C8\/rc-boat-a100-2.2.jpg\" slate-data-type=\"image\" \/>\n  <\/div>\n<div style=\"font-size:14px;text-align:center;color:rgb(34, 34, 34);margin:16px 0px 24px;margin-bottom:24px;margin-top:16px;margin-left:0px;margin-right:0px\" align=\"center\">\n   Pilnpiedzi\u0146a pie\u0161\u0137ir \u0161im amf\u012bbijas kaskadieru auto jaudu, stabilit\u0101ti un kontroli, kas nepiecie\u0161ama sac\u012bkst\u0113m un driftam. Ar \u0101trumu l\u012bdz 12 km\/h viss ir paredz\u0113ts, lai j\u016bsu rota\u013cu laikam pievienotu vair\u0101k jautr\u012bbas un aizraut\u012bbas.\n  <\/div><\/div>\n<div>\n<div style=\"margin:8px 0px;margin-bottom:8px;margin-top:8px;margin-left:0px;margin-right:0px\">\n   <img decoding=\"async\" style=\"width:100%\" width=\"100%\" src=\"https:\/\/d2qc09rl1gfuof.cloudfront.net\/product\/SLLQYKCQC1JZAI7C8\/rc-boat-a100-2.3.jpg\" slate-data-type=\"image\" \/>\n  <\/div>\n<div style=\"font-size:14px;text-align:center;color:rgb(34, 34, 34);margin:16px 0px 24px;margin-bottom:24px;margin-top:16px;margin-left:0px;margin-right:0px\" align=\"center\">\n   Izgatavots no iztur\u012bga ABS materi\u0101la un piln\u012bb\u0101 \u016bdensnecaurlaid\u012bgs, \u0161is amf\u012bbijas automobilis ir gatavs jebkuram izaicin\u0101jumam neatkar\u012bgi no t\u0101, vai sp\u0113l\u0113jat uz \u016bdens vai sauszemes. Tas ir rad\u012bts, lai turpin\u0101tu braukt neatkar\u012bgi no t\u0101, kas st\u0101jas t\u0101 ce\u013c\u0101.\n  <\/div><\/div>\n<div>\n<div style=\"margin:8px 0px;margin-bottom:8px;margin-top:8px;margin-left:0px;margin-right:0px\">\n   <img decoding=\"async\" style=\"width:100%\" width=\"100%\" src=\"https:\/\/d2qc09rl1gfuof.cloudfront.net\/product\/SLLQYKCQC1JZAI7C8\/rc-boat-a100-2.4.jpg\" slate-data-type=\"image\" \/>\n  <\/div>\n<div style=\"font-size:14px;text-align:center;color:rgb(34, 34, 34);margin:16px 0px 24px;margin-bottom:24px;margin-top:16px;margin-left:0px;margin-right:0px\" align=\"center\">\n   Izmantojot 2.4G tehnolo\u0123iju, j\u016bs varat vad\u012bt \u0161o kaskadieru auto l\u012bdz pat 40 m att\u0101lum\u0101. Sp\u0113c\u012bgais trauc\u0113jumu nov\u0113r\u0161anas sign\u0101ls noz\u012bm\u0113, ka varat sac\u012bkst\u0113s un drift\u0101 piedal\u012bties ar draugiem bez jebk\u0101d\u0101m probl\u0113m\u0101m, padarot jautr\u012bbu v\u0113l liel\u0101ku.\n  <\/div><\/div>\n<div>\n<div style=\"margin:8px 0px;margin-bottom:8px;margin-top:8px;margin-left:0px;margin-right:0px\">\n   <img decoding=\"async\" style=\"width:100%\" width=\"100%\" src=\"https:\/\/d2qc09rl1gfuof.cloudfront.net\/product\/SLLQYKCQC1JZAI7C8\/rc-boat-a100-2.5.jpg\" slate-data-type=\"image\" \/>\n  <\/div>\n<div style=\"font-size:14px;text-align:center;color:rgb(34, 34, 34);margin:16px 0px 24px;margin-bottom:24px;margin-top:16px;margin-left:0px;margin-right:0px\" align=\"center\">\n   Ar USB uzl\u0101di un divu akumulatoru sist\u0113mu \u0161\u012b RC automa\u0161\u012bnas laiva nodro\u0161ina vair\u0101k nek\u0101 40 min\u016b\u0161u atska\u0146o\u0161anas laiku. Pa\u0146emiet l\u012bdzi \u0101r\u0113jo akumulatoru, lai nebeidzami izbaud\u012btu jautr\u012bbu piedz\u012bvojumu laik\u0101 br\u012bv\u0101 dab\u0101.\n  <\/div><\/div>\n<div style=\"margin:16px 0px 24px;margin-bottom:24px;margin-top:16px;margin-left:0px;margin-right:0px\"><\/div>\n<div style=\"margin:24px 0px;margin-bottom:24px;margin-top:24px;margin-left:0px;margin-right:0px\">\n<div style=\"font-size:16px;font-weight:bold;color:rgb(34, 34, 34);margin:24px 0px 16px;margin-bottom:16px;margin-top:24px;margin-left:0px;margin-right:0px\">\n   Funkcijas un inform\u0101cija\n  <\/div>\n<ul style=\"margin:16px 0px 24px;margin-bottom:24px;margin-top:16px;margin-left:0px;margin-right:0px\">\n<li style=\"font-size:14px;color:rgb(34, 34, 34)\">\n<p>Lieliski triki: Gatavojieties darb\u012bbai ar neticamiem 180\u00b0 pagriezieniem un 360\u00b0 griezieniem! \u0160\u012b amf\u012bbijas RC automa\u0161\u012bnas laiva pied\u0101v\u0101 aizraujo\u0161us trikus un aizraujo\u0161u brauk\u0161anas pieredzi, gan braucot pa sauszemi, gan sl\u012bdot pa \u016bdeni.<\/p>\n<\/li>\n<li style=\"font-size:14px;color:rgb(34, 34, 34)\">\n<p>\u0100tri dreif\u0113jumi: Sasniedziet \u0101trumu l\u012bdz 12 km\/h ar jaud\u012bgu sniegumu. \u0160is amf\u012bbijas tipa kaskadieru automobilis tiek gal\u0101 ar vienm\u0113r\u012bgiem dreifiem visos virzienos, nodro\u0161inot b\u0113rniem jautru un aizraujo\u0161u veidu, k\u0101 izbaud\u012bt \u0101trumu, vienlaikus uzlabojot koordin\u0101ciju un dom\u0101\u0161anas prasmes.<\/p>\n<\/li>\n<li style=\"font-size:14px;color:rgb(34, 34, 34)\">\n<p>Piedz\u012bvojums visos apvidos: \u0161\u012b amf\u012bbijas automa\u0161\u012bna, kas ir izgatavota no iztur\u012bga ABS materi\u0101la, var tikt gal\u0101 ar nel\u012bdzenumiem un nel\u012bdzen\u0101m sp\u0113l\u0113m. T\u0101s \u016bdensnecaurlaid\u012bgais dizains \u013cauj tai viegli p\u0101rvietoties pa smilt\u012bm, ezeriem, baseiniem un z\u0101li, padarot katru piedz\u012bvojumu aizraujo\u0161u un bez \u0161\u0137\u0113r\u0161\u013ciem.<\/p>\n<\/li>\n<li style=\"font-size:14px;color:rgb(34, 34, 34)\">\n<p>2.4G t\u0101lvad\u012bbas pults: kontrol\u0113jiet darb\u012bbu l\u012bdz pat 40 m att\u0101lum\u0101 ar t\u0101lvad\u012bbas pulti, kas ir lieliski piem\u0113rota vair\u0101kiem sp\u0113l\u0113t\u0101jiem. Kaskadieru automa\u0161\u012bna ir lieliski piem\u0113rota gan solo izklaidei, gan draudz\u012bg\u0101m sac\u012bkst\u0113m, jo t\u0101 uztur aizraut\u012bbu bez trauc\u0113jumiem, padarot to par fantastisku d\u0101vanu nebeidzamai baudai un draudz\u012bbai.<\/p>\n<\/li>\n<li style=\"font-size:14px;color:rgb(34, 34, 34)\">\n<p>Pagarin\u0101ts sp\u0113les laiks: Izbaudiet l\u012bdz pat 40 min\u016b\u0161u ilgu sp\u0113les laiku ar 500 mAh divu akumulatoru sist\u0113mu un USB uzl\u0101di. RC automa\u0161\u012bnas laivas p\u0101rl\u0101d\u0113\u0161anas un izl\u0101des aizsardz\u012bba nodro\u0161ina dro\u0161u lieto\u0161anu. Lieliski piem\u0113rots izklaidei br\u012bv\u0101 dab\u0101 \u2014 vienk\u0101r\u0161i pa\u0146emiet l\u012bdzi p\u0101rn\u0113s\u0101jamo akumulatoru, lai piedz\u012bvojums turpin\u0101tos visu dienu!<\/p>\n<\/li>\n<\/ul><\/div>\n<div>\n<div>\n<div style=\"margin:16px 0px 24px;margin-bottom:24px;margin-top:16px;margin-left:0px;margin-right:0px\">\n    <img decoding=\"async\" style=\"width:100%\" width=\"100%\" src=\"https:\/\/d2qc09rl1gfuof.cloudfront.net\/product\/SLLQYKCQC1JZAI7C8\/rc-boat-a100-1.11.jpg\" slate-data-type=\"image\" \/>\n   <\/div><\/div><\/div>\n<\/div>\n<p><\/p>\n<\/div>\n<\/div>","protected":false},"excerpt":{"rendered":"<p>Hign-concerned Chemical:&nbsp;None Is Electric:&nbsp;No battery Barcode:&nbsp;No Power Source:&nbsp;Electric Model Number:&nbsp;666-802 Flight Time:&nbsp;20min Remote Distance:&nbsp;131 ft\/40 m Dimensions:&nbsp;5.91 x 6.10 x 2.95 in\/150 x 155 x 75 mm Max Speed:&nbsp;12 km\/h<\/p>","protected":false},"featured_media":25603,"comment_status":"open","ping_status":"closed","template":"","meta":{"_acf_changed":false},"product_brand":[],"product_cat":[519],"product_tag":[],"class_list":{"0":"post-25602","1":"product","2":"type-product","3":"status-publish","4":"has-post-thumbnail","6":"product_cat-rc-cars","8":"first","9":"instock","10":"shipping-taxable","11":"purchasable","12":"product-type-variable"},"acf":[],"_links":{"self":[{"href":"https:\/\/www.electricstore.eu\/lv\/wp-json\/wp\/v2\/product\/25602","targetHints":{"allow":["GET"]}}],"collection":[{"href":"https:\/\/www.electricstore.eu\/lv\/wp-json\/wp\/v2\/product"}],"about":[{"href":"https:\/\/www.electricstore.eu\/lv\/wp-json\/wp\/v2\/types\/product"}],"replies":[{"embeddable":true,"href":"https:\/\/www.electricstore.eu\/lv\/wp-json\/wp\/v2\/comments?post=25602"}],"wp:featuredmedia":[{"embeddable":true,"href":"https:\/\/www.electricstore.eu\/lv\/wp-json\/wp\/v2\/media\/25603"}],"wp:attachment":[{"href":"https:\/\/www.electricstore.eu\/lv\/wp-json\/wp\/v2\/media?parent=25602"}],"wp:term":[{"taxonomy":"product_brand","embeddable":true,"href":"https:\/\/www.electricstore.eu\/lv\/wp-json\/wp\/v2\/product_brand?post=25602"},{"taxonomy":"product_cat","embeddable":true,"href":"https:\/\/www.electricstore.eu\/lv\/wp-json\/wp\/v2\/product_cat?post=25602"},{"taxonomy":"product_tag","embeddable":true,"href":"https:\/\/www.electricstore.eu\/lv\/wp-json\/wp\/v2\/product_tag?post=25602"}],"curies":[{"name":"wp","href":"https:\/\/api.w.org\/{rel}","templated":true}]}}