{"id":25575,"date":"2025-05-20T19:00:04","date_gmt":"2025-05-20T19:00:04","guid":{"rendered":"https:\/\/electricstore.eu\/p\/uncategorized\/vevor-motorcycle-helmet-full-face-smart-street-abshigh-density-helmet-with-bluetooth-slotinterchangeable-lens-fit-for-adults\/"},"modified":"2025-05-20T19:04:45","modified_gmt":"2025-05-20T19:04:45","slug":"vevor-motorcycle-helmet-full-face-smart-street-abshigh-density-helmet-with-bluetooth-slotinterchangeable-lens-fit-for-adults","status":"publish","type":"product","link":"https:\/\/www.electricstore.eu\/lv\/p\/a\/helmets\/vevor-motorcycle-helmet-full-face-smart-street-abshigh-density-helmet-with-bluetooth-slotinterchangeable-lens-fit-for-adults\/","title":{"rendered":"VEVOR motocikla \u0137ivere, pilna seja, vieda ielas ABS un augsta bl\u012bvuma \u0137ivere ar Bluetooth slotu un main\u0101mu l\u0113cu, kas piem\u0113rota pieaugu\u0161ajiem"},"content":{"rendered":"<div class=\"product-specs-list-container\">\n<ul class=\"product-specs-list util-clearfix\">\n<li class=\"product-prop line-limit-length\"><span\n                                        class=\"property-title\">Augstas ba\u017eas izraiso\u0161a \u0137\u012bmiska viela:&nbsp;<\/span><span\n                                        class=\"property-desc line-limit-length\">Neviens<\/span>\n                            <\/li>\n<li class=\"product-prop line-limit-length\"><span\n                                        class=\"property-title\">Izcelsme:&nbsp;<\/span><span\n                                        class=\"property-desc line-limit-length\">Kontinent\u0101l\u0101 \u0136\u012bna<\/span>\n                            <\/li>\n<li class=\"product-prop line-limit-length\"><span\n                                        class=\"property-title\">Preces veids:&nbsp;<\/span><span\n                                        class=\"property-desc line-limit-length\">\u0136iveres<\/span>\n                            <\/li>\n<\/ul><\/div>\n<div class=\"detailmodule_html\">\n<div class=\"detail-desc-decorate-richtext\">\n<div style=\"font-family:&quot;Open sans&quot;, Arial, Helvetica, sans-serif\">\n<div><img decoding=\"async\" style=\"width:100%\" width=\"100%\" src=\"https:\/\/d2qc09rl1gfuof.cloudfront.net\/vevor\/boutique-banner\/pc\/banner-en.jpg\" slate-data-type=\"image\"\/><\/div>\n<div>\n<div style=\"font-size:16px;font-weight:bold;text-align:center;color:rgb(34, 34, 34);margin:24px 0px;margin-bottom:24px;margin-top:24px;margin-left:0px;margin-right:0px\" align=\"center\">VEVOR apsarg\u0101 j\u016bs katr\u0101 ce\u013cojum\u0101<\/div>\n<div><img decoding=\"async\" style=\"width:100%\" width=\"100%\" src=\"https:\/\/d2qc09rl1gfuof.cloudfront.net\/product\/MTCQKOZBSMHSVYL17\/motorcycle-helmets-a100-1.4-pt.jpg\" slate-data-type=\"image\"\/><\/div>\n<div style=\"font-size:14px;text-align:center;color:rgb(34, 34, 34);margin:16px 0px 24px;margin-bottom:24px;margin-top:16px;margin-left:0px;margin-right:0px\" align=\"center\">\u0160\u012b motocikla \u0137ivere ir apstiprin\u0101ta saska\u0146\u0101 ar ECE un nodro\u0161ina augstu dro\u0161\u012bbas l\u012bmeni j\u016bsu brauk\u0161anas braucienos. \u0136iverei ir t\u0101das priek\u0161roc\u012bbas k\u0101 triecieniztur\u012bba, caurdur\u0161anas iztur\u012bba un stiprin\u0101jumi, kas nen\u0101k viegli nost, nodro\u0161inot brauc\u0113jiem sirdsmieru katr\u0101 braucien\u0101.<\/div>\n<\/div>\n<div>\n<div style=\"font-size:16px;font-weight:bold;text-align:center;color:rgb(34, 34, 34);margin:24px 0px;margin-bottom:24px;margin-top:24px;margin-left:0px;margin-right:0px\" align=\"center\"><\/div>\n<div style=\"margin:8px 0px;margin-bottom:8px;margin-top:8px;margin-left:0px;margin-right:0px\"><img decoding=\"async\" style=\"width:100%\" width=\"100%\" src=\"https:\/\/d2qc09rl1gfuof.cloudfront.net\/product\/MTCQKOZBSMHSVYL17\/motorcycle-helmets-a100-2.2-pt.jpg\" slate-data-type=\"image\"\/><\/div>\n<div style=\"font-size:14px;text-align:center;color:rgb(34, 34, 34);margin:16px 0px 24px;margin-bottom:24px;margin-top:16px;margin-left:0px;margin-right:0px\" align=\"center\">Apr\u012bkotas ar liel\u0101m, caursp\u012bd\u012bg\u0101m l\u0113c\u0101m un ieb\u016bv\u0113tiem saules aizsargiem, caursp\u012bd\u012bg\u0101s l\u0113cas blo\u0137\u0113 v\u0113ju, smiltis un lidojo\u0161as rad\u012bbas, nodro\u0161inot augstu iz\u0161\u0137irtsp\u0113ju. Ieb\u016bv\u0113tie saules aizsargi autom\u0101tiski filtr\u0113 atsp\u012bdumu, kad saule ir sp\u0113c\u012bga, nov\u0113r\u0161ot acu aizseg\u0161anu un atvieglojot to p\u0101rsl\u0113g\u0161anu.<\/div>\n<\/div>\n<div>\n<div style=\"font-size:16px;font-weight:bold;text-align:center;color:rgb(34, 34, 34);margin:24px 0px;margin-bottom:24px;margin-top:24px;margin-left:0px;margin-right:0px\" align=\"center\"><\/div>\n<div style=\"margin:8px 0px;margin-bottom:8px;margin-top:8px;margin-left:0px;margin-right:0px\"><img decoding=\"async\" style=\"width:100%\" width=\"100%\" src=\"https:\/\/d2qc09rl1gfuof.cloudfront.net\/product\/MTCQKOZBSMHSVYL17\/motorcycle-helmets-a100-2.3-pt.jpg\" slate-data-type=\"image\"\/><\/div>\n<div style=\"font-size:14px;text-align:center;color:rgb(34, 34, 34);margin:16px 0px 24px;margin-bottom:24px;margin-top:16px;margin-left:0px;margin-right:0px\" align=\"center\">Aerodinamiskais dizains apvienojum\u0101 ar \u013coti efekt\u012bvu ventil\u0101cijas sist\u0113mu motocikla \u0137iver\u0113 nodro\u0161ina gaisa cirkul\u0101ciju \u0137iveres iek\u0161pus\u0113, uzturot galvu v\u0113su un pasarg\u0101jot to no svelmain\u0101 karstuma pat garos braucienos.<\/div>\n<\/div>\n<div>\n<div style=\"font-size:16px;font-weight:bold;text-align:center;color:rgb(34, 34, 34);margin:24px 0px;margin-bottom:24px;margin-top:24px;margin-left:0px;margin-right:0px\" align=\"center\"><\/div>\n<div style=\"margin:8px 0px;margin-bottom:8px;margin-top:8px;margin-left:0px;margin-right:0px\"><img decoding=\"async\" style=\"width:100%\" width=\"100%\" src=\"https:\/\/d2qc09rl1gfuof.cloudfront.net\/product\/MTCQKOZBSMHSVYL17\/motorcycle-helmets-a100-2.4-pt.jpg\" slate-data-type=\"image\"\/><\/div>\n<div style=\"font-size:14px;text-align:center;color:rgb(34, 34, 34);margin:16px 0px 24px;margin-bottom:24px;margin-top:16px;margin-left:0px;margin-right:0px\" align=\"center\">Motocikla \u0137iveres ieb\u016bv\u0113tais Bluetooth austi\u0146u slots viegli izveido savienojumu ar viedier\u012bc\u0113m, \u013caujot brauk\u0161anas laik\u0101 klaus\u012bties navig\u0101ciju, atbild\u0113t uz zvaniem un veikt citas darb\u012bbas, kas ir piem\u0113rotas lieto\u0161anai garos braucienos.<\/div>\n<\/div>\n<div>\n<div style=\"font-size:16px;font-weight:bold;text-align:center;color:rgb(34, 34, 34);margin:24px 0px;margin-bottom:24px;margin-top:24px;margin-left:0px;margin-right:0px\" align=\"center\"><\/div>\n<div style=\"margin:8px 0px;margin-bottom:8px;margin-top:8px;margin-left:0px;margin-right:0px\"><img decoding=\"async\" style=\"width:100%\" width=\"100%\" src=\"https:\/\/d2qc09rl1gfuof.cloudfront.net\/product\/MTCQKOZBSMHSVYL17\/motorcycle-helmets-a100-2.5-pt.jpg\" slate-data-type=\"image\"\/><\/div>\n<div style=\"font-size:14px;text-align:center;color:rgb(34, 34, 34);margin:16px 0px 24px;margin-bottom:24px;margin-top:16px;margin-left:0px;margin-right:0px\" align=\"center\">M\u016bsu motocikla \u0137ivere vienm\u0113r\u012bgi sadala \u0137iveres svaru, samazinot slodzi uz galvu un pleciem ilgsto\u0161as valk\u0101\u0161anas laik\u0101. T\u0101 rezult\u0101t\u0101 galva nej\u016btas saspiesta. Lai jums jauka pieredze ar m\u016bsu \u0113rto \u0137iveri!<\/div>\n<\/div>\n<div style=\"margin:24px 0px;margin-bottom:24px;margin-top:24px;margin-left:0px;margin-right:0px\">\n<div style=\"font-size:16px;font-weight:bold;color:rgb(34, 34, 34);margin:24px 0px 16px;margin-bottom:16px;margin-top:24px;margin-left:0px;margin-right:0px\">Funkcijas un inform\u0101cija<\/div>\n<ul style=\"margin:16px 0px 24px;margin-bottom:24px;margin-top:16px;margin-left:0px;margin-right:0px\">\n<li style=\"font-size:14px;color:rgb(34, 34, 34)\">\n<p>ECE apstiprin\u0101ta un iztur\u012bga: \u0160\u012b motocikla \u0137ivere ir sertific\u0113ta saska\u0146\u0101 ar ECE un atbilst ASV normat\u012bvaj\u0101m pras\u012bb\u0101m. T\u0101s iztur\u012bgais ABS apvalks apvienojum\u0101 ar m\u012bkst\u0101m EPS put\u0101m un \u0101dai draudz\u012bgu oderi nodro\u0161ina piln\u012bgu galvas aizsardz\u012bbu.<\/p>\n<\/li>\n<li style=\"font-size:14px;color:rgb(34, 34, 34)\">\n<p>Ieb\u016bv\u0113ta saules aizsarga l\u0113ca: motocikla \u0137ivere ir apr\u012bkota ar lielu, caursp\u012bd\u012bgu l\u0113cu, kas blo\u0137\u0113 v\u0113ju, vienlaikus saglab\u0101jot augstu iz\u0161\u0137irtsp\u0113ju un samazinot negad\u012bjuma iesp\u0113jam\u012bbu. Ieb\u016bv\u0113t\u0101 tum\u0161\u0101 t\u0113jas kr\u0101sas l\u0113ca blo\u0137\u0113 atsp\u012bdumu un ap\u017eilbin\u0101jumu, k\u0101 ar\u012b nov\u0113r\u0161 vizu\u0101lu fatigue.<\/p>\n<\/li>\n<li style=\"font-size:14px;color:rgb(34, 34, 34)\">\n<p>Liela aste: Motocikla \u0137iverei ir liela aste. To var viegli uzst\u0101d\u012bt uz motocikla \u0137iveres, lai uzlabotu aerodinamisko veiktsp\u0113ju. Tai ir ventil\u0101cijas atveres un pareizs svara sadal\u012bjums, kas nov\u0113r\u0161 spiediena saj\u016btu uz galvu.<\/p>\n<\/li>\n<li style=\"font-size:14px;color:rgb(34, 34, 34)\">\n<p>Bluetooth austi\u0146u slots: Motocikla \u0137iveres Bluetooth austi\u0146u slots atrodas iek\u0161pus\u0113. T\u0101lsatiksmes braucienu laik\u0101 ir \u0113rti atbild\u0113t uz telefona zvaniem, klaus\u012bties navig\u0101ciju utt. Tas padara braucienu gudr\u0101ku un \u0113rt\u0101ku.<\/p>\n<\/li>\n<li style=\"font-size:14px;color:rgb(34, 34, 34)\">\n<p>No\u0146emama un mazg\u0101jama odere: motocikla \u0137iveres oderi ir \u0113rti mazg\u0101t un nomain\u012bt jebkur\u0101 laik\u0101, saglab\u0101jot \u0137iveres iek\u0161pusi t\u012bru un higi\u0113nisku. \u0160is dizains pagarina izstr\u0101d\u0101juma kalpo\u0161anas laiku, vienlaikus nodro\u0161inot j\u016bsu vesel\u012bbu katra brauciena laik\u0101.<\/p>\n<\/li>\n<\/ul>\n<\/div>\n<div>\n<div>\n<div style=\"margin:16px 0px 24px;margin-bottom:24px;margin-top:16px;margin-left:0px;margin-right:0px\"><img decoding=\"async\" style=\"width:100%\" width=\"100%\" src=\"https:\/\/d2qc09rl1gfuof.cloudfront.net\/product\/MTCQKOZBSMHSVYL17\/motorcycle-helmets-a100-1.11-pt.jpg\" slate-data-type=\"image\"\/><\/div>\n<\/div>\n<\/div>\n<div>\n<div>\n<div style=\"margin:16px 0px 24px;margin-bottom:24px;margin-top:16px;margin-left:0px;margin-right:0px\"><img decoding=\"async\" style=\"width:100%\" width=\"100%\" src=\"https:\/\/d2qc09rl1gfuof.cloudfront.net\/product\/MTCQKOZBMMHSW9UIC\/motorcycle-helmets-a100-1.11-pt.jpg\" slate-data-type=\"image\"\/><\/div>\n<\/div>\n<\/div>\n<div>\n<div>\n<div style=\"margin:16px 0px 24px;margin-bottom:24px;margin-top:16px;margin-left:0px;margin-right:0px\"><img decoding=\"async\" style=\"width:100%\" width=\"100%\" src=\"https:\/\/d2qc09rl1gfuof.cloudfront.net\/product\/MTCQKOZBLMHSAXLYJ\/motorcycle-helmets-a100-1.11-pt.jpg\" slate-data-type=\"image\"\/><\/div>\n<\/div>\n<\/div>\n<div>\n<div>\n<div style=\"margin:16px 0px 24px;margin-bottom:24px;margin-top:16px;margin-left:0px;margin-right:0px\"><img decoding=\"async\" style=\"width:100%\" width=\"100%\" src=\"https:\/\/d2qc09rl1gfuof.cloudfront.net\/product\/MTCQKOZBXLMHIJTQE\/motorcycle-helmets-a100-1.11-pt.jpg\" slate-data-type=\"image\"\/><\/div>\n<\/div>\n<\/div>\n<\/div>\n<\/div>\n<\/div>\n<p><\/p>","protected":false},"excerpt":{"rendered":"<p>Hign-concerned Chemical:&nbsp;None Origin:&nbsp;Mainland China Item Type:&nbsp;Helmets VEVOR Guarding You on Every Trip This motorcycle helmet is ECE approved and provides high standard of safety for your riding trips. The helmet<\/p>","protected":false},"featured_media":25576,"comment_status":"open","ping_status":"closed","template":"","meta":{"_acf_changed":false},"product_brand":[],"product_cat":[526],"product_tag":[],"class_list":{"0":"post-25575","1":"product","2":"type-product","3":"status-publish","4":"has-post-thumbnail","6":"product_cat-helmets","8":"first","9":"instock","10":"shipping-taxable","11":"purchasable","12":"product-type-variable"},"acf":[],"_links":{"self":[{"href":"https:\/\/www.electricstore.eu\/lv\/wp-json\/wp\/v2\/product\/25575","targetHints":{"allow":["GET"]}}],"collection":[{"href":"https:\/\/www.electricstore.eu\/lv\/wp-json\/wp\/v2\/product"}],"about":[{"href":"https:\/\/www.electricstore.eu\/lv\/wp-json\/wp\/v2\/types\/product"}],"replies":[{"embeddable":true,"href":"https:\/\/www.electricstore.eu\/lv\/wp-json\/wp\/v2\/comments?post=25575"}],"wp:featuredmedia":[{"embeddable":true,"href":"https:\/\/www.electricstore.eu\/lv\/wp-json\/wp\/v2\/media\/25576"}],"wp:attachment":[{"href":"https:\/\/www.electricstore.eu\/lv\/wp-json\/wp\/v2\/media?parent=25575"}],"wp:term":[{"taxonomy":"product_brand","embeddable":true,"href":"https:\/\/www.electricstore.eu\/lv\/wp-json\/wp\/v2\/product_brand?post=25575"},{"taxonomy":"product_cat","embeddable":true,"href":"https:\/\/www.electricstore.eu\/lv\/wp-json\/wp\/v2\/product_cat?post=25575"},{"taxonomy":"product_tag","embeddable":true,"href":"https:\/\/www.electricstore.eu\/lv\/wp-json\/wp\/v2\/product_tag?post=25575"}],"curies":[{"name":"wp","href":"https:\/\/api.w.org\/{rel}","templated":true}]}}