{"id":25497,"date":"2025-05-20T18:59:38","date_gmt":"2025-05-20T18:59:38","guid":{"rendered":"https:\/\/electricstore.eu\/p\/uncategorized\/vevor-z50-rc-plane-2-4g-2ch-remote-control-fighter-fixed-wingspan-glider-with-6-axis-outdoor-rc-warbird-airplane-toys-gifts\/"},"modified":"2025-05-20T19:03:19","modified_gmt":"2025-05-20T19:03:19","slug":"vevor-z50-rc-plane-2-4g-2ch-remote-control-fighter-fixed-wingspan-glider-with-6-axis-outdoor-rc-warbird-airplane-toys-gifts","status":"publish","type":"product","link":"https:\/\/www.electricstore.eu\/lv\/p\/rc\/rc-cars\/vevor-z50-rc-plane-2-4g-2ch-remote-control-fighter-fixed-wingspan-glider-with-6-axis-outdoor-rc-warbird-airplane-toys-gifts\/","title":{"rendered":"VEVOR Z50 RC lidma\u0161\u012bna 2.4G 2CH t\u0101lvad\u012bbas pults izn\u012bcin\u0101t\u0101js fiks\u0113ts sp\u0101rnu platums planieris ar 6 asu \u0101ra RC Warbird lidma\u0161\u012bna rota\u013clietas d\u0101vanas"},"content":{"rendered":"<div class=\"product-specs-list-container\">\n<ul class=\"product-specs-list util-clearfix\">\n<li class=\"product-prop line-limit-length\"><span\n                                        class=\"property-title\">Augstas ba\u017eas izraiso\u0161a \u0137\u012bmiska viela:&nbsp;<\/span><span\n                                        class=\"property-desc line-limit-length\">Neviens<\/span>\n                            <\/li>\n<li class=\"product-prop line-limit-length\"><span\n                                        class=\"property-title\">Ir elektrisks:&nbsp;<\/span><span\n                                        class=\"property-desc line-limit-length\">AAA baterija<\/span>\n                            <\/li>\n<li class=\"product-prop line-limit-length\"><span\n                                        class=\"property-title\">Pretv\u0113ja sp\u0113ja:&nbsp;<\/span><span\n                                        class=\"property-desc line-limit-length\">J\u0101<\/span>\n                            <\/li>\n<li class=\"product-prop line-limit-length\"><span\n                                        class=\"property-title\">Drona svars:&nbsp;<\/span><span\n                                        class=\"property-desc line-limit-length\">\/<\/span>\n                            <\/li>\n<li class=\"product-prop line-limit-length\"><span\n                                        class=\"property-title\">Pacel\u0161an\u0101s svars:&nbsp;<\/span><span\n                                        class=\"property-desc line-limit-length\">\/<\/span>\n                            <\/li>\n<li class=\"product-prop line-limit-length\"><span\n                                        class=\"property-title\">Tranz\u012bta laiks (dienas):&nbsp;<\/span><span\n                                        class=\"property-desc line-limit-length\">\/<\/span>\n                            <\/li>\n<li class=\"product-prop line-limit-length\"><span\n                                        class=\"property-title\">Videoieraksta iz\u0161\u0137irtsp\u0113ja:&nbsp;<\/span><span\n                                        class=\"property-desc line-limit-length\">cits<\/span>\n                            <\/li>\n<li class=\"product-prop line-limit-length\"><span\n                                        class=\"property-title\">Operatora prasmju l\u012bmenis:&nbsp;<\/span><span\n                                        class=\"property-desc line-limit-length\">Ies\u0101c\u0113js<\/span>\n                            <\/li>\n<li class=\"product-prop line-limit-length\"><span\n                                        class=\"property-title\">Lieto\u0161anai iek\u0161telp\u0101s\/\u0101r\u0101:&nbsp;<\/span><span\n                                        class=\"property-desc line-limit-length\">\u0100r\u0101<\/span>\n                            <\/li>\n<li class=\"product-prop line-limit-length\"><span\n                                        class=\"property-title\">Kameras stiprin\u0101juma veids:&nbsp;<\/span><span\n                                        class=\"property-desc line-limit-length\">cits<\/span>\n                            <\/li>\n<li class=\"product-prop line-limit-length\"><span\n                                        class=\"property-title\">Sv\u012btrkods:&nbsp;<\/span><span\n                                        class=\"property-desc line-limit-length\">N\u0113<\/span>\n                            <\/li>\n<li class=\"product-prop line-limit-length\"><span\n                                        class=\"property-title\">Mode\u013ca numurs:&nbsp;<\/span><span\n                                        class=\"property-desc line-limit-length\">Z50<\/span>\n                            <\/li>\n<li class=\"product-prop line-limit-length\"><span\n                                        class=\"property-title\">Kontroliera re\u017e\u012bms:&nbsp;<\/span><span\n                                        class=\"property-desc line-limit-length\">RE\u017d\u012aMS1<\/span>\n                            <\/li>\n<li class=\"product-prop line-limit-length\"><span\n                                        class=\"property-title\">Lidojuma laiks:&nbsp;<\/span><span\n                                        class=\"property-desc line-limit-length\">10~20<\/span>\n                            <\/li>\n<li class=\"product-prop line-limit-length\"><span\n                                        class=\"property-title\">Vad\u012bbas kan\u0101li:&nbsp;<\/span><span\n                                        class=\"property-desc line-limit-length\">2 kan\u0101li<\/span>\n                            <\/li>\n<li class=\"product-prop line-limit-length\"><span\n                                        class=\"property-title\">Kontroliera akumulators:&nbsp;<\/span><span\n                                        class=\"property-desc line-limit-length\">3*AAA (nav iek\u013cauts)<\/span>\n                            <\/li>\n<li class=\"product-prop line-limit-length\"><span\n                                        class=\"property-title\">Att\u0101lais att\u0101lums:&nbsp;<\/span><span\n                                        class=\"property-desc line-limit-length\">150 m<\/span>\n                            <\/li>\n<li class=\"product-prop line-limit-length\"><span\n                                        class=\"property-title\">Uzl\u0101des laiks:&nbsp;<\/span><span\n                                        class=\"property-desc line-limit-length\">60 min\u016btes<\/span>\n                            <\/li>\n<li class=\"product-prop line-limit-length\"><span\n                                        class=\"property-title\">Uzl\u0101des spriegums:&nbsp;<\/span><span\n                                        class=\"property-desc line-limit-length\">5 V<\/span>\n                            <\/li>\n<li class=\"product-prop line-limit-length\"><span\n                                        class=\"property-title\">T\u0101lvad\u012bbas pults:&nbsp;<\/span><span\n                                        class=\"property-desc line-limit-length\">J\u0101<\/span>\n                            <\/li>\n<li class=\"product-prop line-limit-length\"><span\n                                        class=\"property-title\">Komplekt\u0101 ietilpst:&nbsp;<\/span><span\n                                        class=\"property-desc line-limit-length\">T\u0101lvad\u012bbas pults<\/span>\n                            <\/li>\n<li class=\"product-prop line-limit-length\"><span\n                                        class=\"property-title\">Materi\u0101ls:&nbsp;<\/span><span\n                                        class=\"property-desc line-limit-length\">Plastmasa<\/span>\n                            <\/li>\n<li class=\"product-prop line-limit-length\"><span\n                                        class=\"property-title\">Funkcijas:&nbsp;<\/span><span\n                                        class=\"property-desc line-limit-length\">cits<\/span>\n                            <\/li>\n<li class=\"product-prop line-limit-length\"><span\n                                        class=\"property-title\">Ieteicamais vecums:&nbsp;<\/span><span\n                                        class=\"property-desc line-limit-length\">14+ gadi<\/span>\n                            <\/li>\n<li class=\"product-prop line-limit-length\"><span\n                                        class=\"property-title\">Izcelsme:&nbsp;<\/span><span\n                                        class=\"property-desc line-limit-length\">Kontinent\u0101l\u0101 \u0136\u012bna<\/span>\n                            <\/li>\n<li class=\"product-prop line-limit-length\"><span\n                                        class=\"property-title\">Aerofotogr\u0101fija:&nbsp;<\/span><span\n                                        class=\"property-desc line-limit-length\">N\u0113<\/span>\n                            <\/li>\n<li class=\"product-prop line-limit-length\"><span\n                                        class=\"property-title\">Tips:&nbsp;<\/span><span\n                                        class=\"property-desc line-limit-length\">Lidma\u0161\u012bna<\/span>\n                            <\/li>\n<\/ul><\/div>\n<div class=\"detailmodule_html\">\n<div class=\"detail-desc-decorate-richtext\">\n<div><\/div>\n<div style=\"font-family:&quot;Open sans&quot;, Arial, Helvetica, sans-serif\">\n<div><img decoding=\"async\" style=\"width:100%\" width=\"100%\" src=\"https:\/\/d2qc09rl1gfuof.cloudfront.net\/vevor\/boutique-banner\/pc\/banner-en.jpg\" slate-data-type=\"image\"\/><\/div>\n<div>\n<div style=\"font-size:16px;font-weight:bold;text-align:center;color:rgb(34, 34, 34);margin:24px 0px;margin-bottom:24px;margin-top:24px;margin-left:0px;margin-right:0px\" align=\"center\">VEVOR RC lidma\u0161\u012bna \u2013 p\u0101rvariet debesis ar prieku<\/div>\n<div><img decoding=\"async\" style=\"width:100%\" width=\"100%\" src=\"https:\/\/d2qc09rl1gfuof.cloudfront.net\/product\/YKFJFJLTD40C2T0WO\/rc-airplane-a100-1.4-pt.jpg\" slate-data-type=\"image\"\/><\/div>\n<div style=\"font-size:14px;text-align:center;color:rgb(34, 34, 34);margin:16px 0px 24px;margin-bottom:24px;margin-top:16px;margin-left:0px;margin-right:0px\" align=\"center\">Iepaz\u012bstin\u0101m ar t\u0101lvad\u012bbas lidma\u0161\u012bnu, kas paredz\u0113ta interakt\u012bvai izklaidei starp pieaugu\u0161ajiem un b\u0113rniem. To ir \u013coti viegli vad\u012bt \u2014 b\u0113rni to p\u0101rliecino\u0161i vad\u012bs jau p\u0113c da\u017e\u0101m stund\u0101m prakses. Re\u0101listiskais dizains pie\u0161\u0137ir lido\u0161anas piedz\u012bvojumiem papildu jautr\u012bbas elementu.<\/div>\n<\/div>\n<div>\n<div>\u00a0<\/div>\n<div style=\"margin:8px 0px;margin-bottom:8px;margin-top:8px;margin-left:0px;margin-right:0px\"><img decoding=\"async\" style=\"width:100%\" width=\"100%\" src=\"https:\/\/d2qc09rl1gfuof.cloudfront.net\/product\/YKFJFJLTD40C2T0WO\/rc-airplane-a100-2.2-pt.jpg\" slate-data-type=\"image\"\/><\/div>\n<div style=\"font-size:14px;text-align:center;color:rgb(34, 34, 34);margin:16px 0px 24px;margin-bottom:24px;margin-top:16px;margin-left:0px;margin-right:0px\" align=\"center\">P\u0101r\u0146emiet vad\u012bbu ar t\u0101lvad\u012bbas lidma\u0161\u012bnas bezvadu kontrolieri \u2014 viegli p\u0101rvietojieties pa kreisi, pa labi, uz aug\u0161u un uz leju. Izbaudiet uzticamu savienojumu l\u012bdz 150 m att\u0101lum\u0101 ar 2,4 GHz frekvenci, nodro\u0161inot vienm\u0113r\u012bgus lidojumus bez trauc\u0113jumiem, kas ir ide\u0101li piem\u0113rots visu vecumu pilotiem.<\/div>\n<\/div>\n<div>\n<div>\u00a0<\/div>\n<div style=\"margin:8px 0px;margin-bottom:8px;margin-top:8px;margin-left:0px;margin-right:0px\"><img decoding=\"async\" style=\"width:100%\" width=\"100%\" src=\"https:\/\/d2qc09rl1gfuof.cloudfront.net\/product\/YKFJFJLTD40C2T0WO\/rc-airplane-a100-2.3-pt.jpg\" slate-data-type=\"image\"\/><\/div>\n<div style=\"font-size:14px;text-align:center;color:rgb(34, 34, 34);margin:16px 0px 24px;margin-bottom:24px;margin-top:16px;margin-left:0px;margin-right:0px\" align=\"center\">M\u016bsu t\u0101lvad\u012bbas lidma\u0161\u012bna lido ilg\u0101k, pateicoties diviem komplekt\u0101 iek\u013cautajiem bateriju komplektiem. Nomainiet t\u0101s, lai ieg\u016btu nep\u0101rtrauktu lidojuma pieredzi bez bie\u017eas uzl\u0101des vai ilga d\u012bkst\u0101ves.<\/div>\n<\/div>\n<div>\n<div>\u00a0<\/div>\n<div style=\"margin:8px 0px;margin-bottom:8px;margin-top:8px;margin-left:0px;margin-right:0px\"><img decoding=\"async\" style=\"width:100%\" width=\"100%\" src=\"https:\/\/d2qc09rl1gfuof.cloudfront.net\/product\/YKFJFJLTD40C2T0WO\/rc-airplane-a100-2.4-pt.jpg\" slate-data-type=\"image\"\/><\/div>\n<div style=\"font-size:14px;text-align:center;color:rgb(34, 34, 34);margin:16px 0px 24px;margin-bottom:24px;margin-top:16px;margin-left:0px;margin-right:0px\" align=\"center\">Viegli apg\u016bstiet pacel\u0161anos. Vienk\u0101r\u0161i satveriet t\u0101lvad\u012bbas pulti ar vienu roku, uzspiediet g\u0101zes ped\u0101li un palaidiet t\u0101lvad\u012bbas lidma\u0161\u012bnu taisni uz priek\u0161u. Vai ar\u012b novietojiet to uz gludas virsmas, uzspiediet g\u0101zes ped\u0101li 10 metru plan\u0113\u0161anai un v\u0113rojiet, k\u0101 t\u0101 pace\u013cas gais\u0101.<\/div>\n<\/div>\n<div>\n<div>\u00a0<\/div>\n<div style=\"margin:8px 0px;margin-bottom:8px;margin-top:8px;margin-left:0px;margin-right:0px\"><img decoding=\"async\" style=\"width:100%\" width=\"100%\" src=\"https:\/\/d2qc09rl1gfuof.cloudfront.net\/product\/YKFJFJLTD40C2T0WO\/rc-airplane-a100-2.5-pt.jpg\" slate-data-type=\"image\"\/><\/div>\n<div style=\"font-size:14px;text-align:center;color:rgb(34, 34, 34);margin:16px 0px 24px;margin-bottom:24px;margin-top:16px;margin-left:0px;margin-right:0px\" align=\"center\">\u0160ai ies\u0101c\u0113ju t\u0101lvad\u012bbas lidma\u0161\u012bnai ir rezerves baterijas un propelleri nep\u0101rtrauktai izklaidei. Pazaud\u0113ji k\u0101du deta\u013cu? Neuztraucies \u2014 nomaini to nekav\u0113joties, nezaud\u0113jot laiku.<\/div>\n<\/div>\n<div style=\"margin:16px 0px 24px;margin-bottom:24px;margin-top:16px;margin-left:0px;margin-right:0px\"><\/div>\n<div style=\"margin:24px 0px;margin-bottom:24px;margin-top:24px;margin-left:0px;margin-right:0px\">\n<div style=\"font-size:16px;font-weight:bold;color:rgb(34, 34, 34);margin:24px 0px 16px;margin-bottom:16px;margin-top:24px;margin-left:0px;margin-right:0px\">Funkcijas un inform\u0101cija<\/div>\n<ul style=\"margin:16px 0px 24px;margin-bottom:24px;margin-top:16px;margin-left:0px;margin-right:0px\">\n<li style=\"font-size:14px;color:rgb(34, 34, 34)\">\n<p>Vienk\u0101r\u0161a lido\u0161anas jautr\u012bba: Iepaz\u012bstieties ar savu jauno iecien\u012bt\u0101ko t\u0101lvad\u012bbas lidma\u0161\u012bnu! T\u0101 ir izstr\u0101d\u0101ta interakt\u012bvai izklaidei starp b\u0113rniem un pieaugu\u0161ajiem, un to ir \u013coti viegli vad\u012bt. Iek\u013cauts ieb\u016bv\u0113ts 6 asu \u017eiroskopiskais stabilizators stabiliem lidojumiem \u2014 ide\u0101li piem\u0113rots ies\u0101c\u0113jiem. B\u0113rni dro\u0161i lidos jau p\u0113c da\u017e\u0101m treni\u0146a sesij\u0101m.<\/p>\n<\/li>\n<li style=\"font-size:14px;color:rgb(34, 34, 34)\">\n<p>Viegls un iztur\u012bgs: Izgatavots no augstas kvalit\u0101tes EPP materi\u0101la, m\u016bsu RC lidma\u0161\u012bna ir viegla, tom\u0113r pietiekami iztur\u012bga, lai iztur\u0113tu triecienus un av\u0101rijas. Ieb\u016bv\u0113tais v\u0113ja sp\u0101rnu pastiprin\u0101jums palielina iztur\u012bbu, nodro\u0161inot, ka t\u0101 iztur \u0101ra apst\u0101k\u013cus bez nepiecie\u0161am\u012bbas p\u0113c past\u0101v\u012bga remonta.<\/p>\n<\/li>\n<li style=\"font-size:14px;color:rgb(34, 34, 34)\">\n<p>2,4 GHz bezvadu vad\u012bbas sist\u0113ma: P\u0101r\u0146emiet piln\u012bgu kontroli ar \u0113rti lietojamo t\u0101lvad\u012bbas pulti. Lidojiet aug\u0161up, lejup, pa kreisi un pa labi ar diapazonu l\u012bdz 150 m. 2,4 GHz frekvence nodro\u0161ina uzticamu savienojumu, \u013caujot vair\u0101k\u0101m t\u0101lvad\u012bbas lidma\u0161\u012bn\u0101m bez probl\u0113m\u0101m lidot kop\u0101 \u2014 ide\u0101li piem\u0113rots draudz\u012bg\u0101m sacens\u012bb\u0101m!<\/p>\n<\/li>\n<li style=\"font-size:14px;color:rgb(34, 34, 34)\">\n<p>Pagarin\u0101ts lidojuma laiks: \u0161ai t\u0101lvad\u012bbas lidma\u0161\u012bnai ir divi 350 mAh akumulatoru komplekti, kas nodro\u0161ina l\u012bdz pat 40 min\u016b\u0161u lidojuma laiku. Vienk\u0101r\u0161i nomainiet izl\u0101d\u0113to akumulatoru ar otro komplektu, lai baud\u012btu nep\u0101rtrauktu lido\u0161anas prieku \u2014 vairs nav j\u0101gaida uzl\u0101de.<\/p>\n<\/li>\n<li style=\"font-size:14px;color:rgb(34, 34, 34)\">\n<p>Unik\u0101ls izskata dizains: Izcelieties ar \u0161o sarkano Cessna lidma\u0161\u012bnas simul\u0101cijas dizainu, pie\u0161\u0137irot lido\u0161anas pieredzei izt\u0113li un aizraut\u012bbu. M\u016bsu t\u0101lvad\u012bbas lidma\u0161\u012bna ir ide\u0101li piem\u0113rota pieaugu\u0161ajiem, b\u0113rniem, ies\u0101c\u0113jiem un ikvienam, kam pat\u012bk avi\u0101cijas prieki. Rezerves da\u013cas, piem\u0113ram, akumulatori un propelleri, nodro\u0161ina nep\u0101rtrauktu jautr\u012bbu.<\/p>\n<\/li>\n<\/ul>\n<\/div>\n<div>\n<div>\u00a0<\/div>\n<div>\n<div>\u00a0<\/div>\n<div style=\"margin:16px 0px 24px;margin-bottom:24px;margin-top:16px;margin-left:0px;margin-right:0px\"><img decoding=\"async\" style=\"width:100%\" width=\"100%\" src=\"https:\/\/d2qc09rl1gfuof.cloudfront.net\/product\/YKFJFJLTD40C2T0WO\/rc-airplane-a100-1.11-pt.jpg\" slate-data-type=\"image\"\/><\/div>\n<\/div>\n<\/div>\n<\/div>\n<\/div>\n<\/div>\n<p><\/p>","protected":false},"excerpt":{"rendered":"<p>Hign-concerned Chemical:&nbsp;None Is Electric:&nbsp;AAA Battery Anti-wind Ability:&nbsp;Yes Drone Weight:&nbsp;\/ Takeoff Weight:&nbsp;\/ Transit Time (Days):&nbsp;\/ Video Capture Resolution:&nbsp;other Operator Skill Level:&nbsp;Beginner Indoor\/Outdoor Use:&nbsp;Outdoor Camera Mount Type:&nbsp;other Barcode:&nbsp;No Model Number:&nbsp;Z50 Controller Mode:&nbsp;MODE1<\/p>","protected":false},"featured_media":25498,"comment_status":"open","ping_status":"closed","template":"","meta":{"_acf_changed":false},"product_brand":[],"product_cat":[519],"product_tag":[],"class_list":{"0":"post-25497","1":"product","2":"type-product","3":"status-publish","4":"has-post-thumbnail","6":"product_cat-rc-cars","8":"first","9":"instock","10":"shipping-taxable","11":"purchasable","12":"product-type-variable"},"acf":[],"_links":{"self":[{"href":"https:\/\/www.electricstore.eu\/lv\/wp-json\/wp\/v2\/product\/25497","targetHints":{"allow":["GET"]}}],"collection":[{"href":"https:\/\/www.electricstore.eu\/lv\/wp-json\/wp\/v2\/product"}],"about":[{"href":"https:\/\/www.electricstore.eu\/lv\/wp-json\/wp\/v2\/types\/product"}],"replies":[{"embeddable":true,"href":"https:\/\/www.electricstore.eu\/lv\/wp-json\/wp\/v2\/comments?post=25497"}],"wp:featuredmedia":[{"embeddable":true,"href":"https:\/\/www.electricstore.eu\/lv\/wp-json\/wp\/v2\/media\/25498"}],"wp:attachment":[{"href":"https:\/\/www.electricstore.eu\/lv\/wp-json\/wp\/v2\/media?parent=25497"}],"wp:term":[{"taxonomy":"product_brand","embeddable":true,"href":"https:\/\/www.electricstore.eu\/lv\/wp-json\/wp\/v2\/product_brand?post=25497"},{"taxonomy":"product_cat","embeddable":true,"href":"https:\/\/www.electricstore.eu\/lv\/wp-json\/wp\/v2\/product_cat?post=25497"},{"taxonomy":"product_tag","embeddable":true,"href":"https:\/\/www.electricstore.eu\/lv\/wp-json\/wp\/v2\/product_tag?post=25497"}],"curies":[{"name":"wp","href":"https:\/\/api.w.org\/{rel}","templated":true}]}}