{"id":25434,"date":"2025-05-20T18:59:19","date_gmt":"2025-05-20T18:59:19","guid":{"rendered":"https:\/\/electricstore.eu\/p\/uncategorized\/vevor-2-4g-remote-control-excavator-dump-truck-3-in-1-rc-model-car-digger-toy-with-light-sound-construction-vehicle-for-kid\/"},"modified":"2025-05-20T19:02:13","modified_gmt":"2025-05-20T19:02:13","slug":"vevor-2-4g-remote-control-excavator-dump-truck-3-in-1-rc-model-car-digger-toy-with-light-sound-construction-vehicle-for-kid","status":"publish","type":"product","link":"https:\/\/www.electricstore.eu\/lv\/p\/rc\/rc-cars\/vevor-2-4g-remote-control-excavator-dump-truck-3-in-1-rc-model-car-digger-toy-with-light-sound-construction-vehicle-for-kid\/","title":{"rendered":"VEVOR 2.4G t\u0101lvad\u012bbas ekskavatora pa\u0161izg\u0101z\u0113ja 3 vien\u0101 RC mode\u013ca automa\u0161\u012bnas ekskavatora rota\u013clieta ar gaismu un ska\u0146u celtniec\u012bbas transportl\u012bdzeklis b\u0113rnam"},"content":{"rendered":"<div class=\"product-specs-list-container\">\n<ul class=\"product-specs-list util-clearfix\">\n<li class=\"product-prop line-limit-length\"><span\n                                        class=\"property-title\">Augstas ba\u017eas izraiso\u0161a \u0137\u012bmiska viela:&nbsp;<\/span><span\n                                        class=\"property-desc line-limit-length\">Neviens<\/span>\n                            <\/li>\n<li class=\"product-prop line-limit-length\"><span\n                                        class=\"property-title\">Ir elektrisks:&nbsp;<\/span><span\n                                        class=\"property-desc line-limit-length\">Nav akumulatora<\/span>\n                            <\/li>\n<li class=\"product-prop line-limit-length\"><span\n                                        class=\"property-title\">Sv\u012btrkods:&nbsp;<\/span><span\n                                        class=\"property-desc line-limit-length\">N\u0113<\/span>\n                            <\/li>\n<li class=\"product-prop line-limit-length\"><span\n                                        class=\"property-title\">Asamblejas \u0161tats:&nbsp;<\/span><span\n                                        class=\"property-desc line-limit-length\">Gatavs lieto\u0161anai<\/span>\n                            <\/li>\n<li class=\"product-prop line-limit-length\"><span\n                                        class=\"property-title\">Lidojuma laiks:&nbsp;<\/span><span\n                                        class=\"property-desc line-limit-length\">40 min\u016btes<\/span>\n                            <\/li>\n<li class=\"product-prop line-limit-length\"><span\n                                        class=\"property-title\">Att\u0101lais att\u0101lums:&nbsp;<\/span><span\n                                        class=\"property-desc line-limit-length\">Vair\u0101k nek\u0101 25 m<\/span>\n                            <\/li>\n<li class=\"product-prop line-limit-length\"><span\n                                        class=\"property-title\">M\u0113rogs:&nbsp;<\/span><span\n                                        class=\"property-desc line-limit-length\">1:14<\/span>\n                            <\/li>\n<li class=\"product-prop line-limit-length\"><span\n                                        class=\"property-title\">Izm\u0113ri:&nbsp;<\/span><span\n                                        class=\"property-desc line-limit-length\">23 x 6,7 x 8 collas \/ 585 x 170 x 200 mm<\/span>\n                            <\/li>\n<li class=\"product-prop line-limit-length\"><span\n                                        class=\"property-title\">Mode\u013ca numurs:&nbsp;<\/span><span\n                                        class=\"property-desc line-limit-length\">1535-1<\/span>\n                            <\/li>\n<li class=\"product-prop line-limit-length\"><span\n                                        class=\"property-title\">Komplekt\u0101 ietilpst:&nbsp;<\/span><span\n                                        class=\"property-desc line-limit-length\">T\u0101lvad\u012bbas pults<\/span>\n                            <\/li>\n<li class=\"product-prop line-limit-length\"><span\n                                        class=\"property-title\">Vad\u012bbas kan\u0101li:&nbsp;<\/span><span\n                                        class=\"property-desc line-limit-length\">12 kan\u0101li un vair\u0101k<\/span>\n                            <\/li>\n<li class=\"product-prop line-limit-length\"><span\n                                        class=\"property-title\">Uzl\u0101des spriegums:&nbsp;<\/span><span\n                                        class=\"property-desc line-limit-length\">5V2A<\/span>\n                            <\/li>\n<li class=\"product-prop line-limit-length\"><span\n                                        class=\"property-title\">T\u0101lvad\u012bbas pults:&nbsp;<\/span><span\n                                        class=\"property-desc line-limit-length\">J\u0101<\/span>\n                            <\/li>\n<li class=\"product-prop line-limit-length\"><span\n                                        class=\"property-title\">Materi\u0101ls:&nbsp;<\/span><span\n                                        class=\"property-desc line-limit-length\">Plastmasa<\/span>\n                            <\/li>\n<li class=\"product-prop line-limit-length\"><span\n                                        class=\"property-title\">Ieteicamais vecums:&nbsp;<\/span><span\n                                        class=\"property-desc line-limit-length\">6\u201312\u00a0g.<\/span>\n                            <\/li>\n<li class=\"product-prop line-limit-length\"><span\n                                        class=\"property-title\">Izcelsme:&nbsp;<\/span><span\n                                        class=\"property-desc line-limit-length\">Kontinent\u0101l\u0101 \u0136\u012bna<\/span>\n                            <\/li>\n<li class=\"product-prop line-limit-length\"><span\n                                        class=\"property-title\">Tips:&nbsp;<\/span><span\n                                        class=\"property-desc line-limit-length\">Automa\u0161\u012bna<\/span>\n                            <\/li>\n<li class=\"product-prop line-limit-length\"><span\n                                        class=\"property-title\">Funkcijas:&nbsp;<\/span><span\n                                        class=\"property-desc line-limit-length\">T\u0100LVAD\u012aBAS PULTS<\/span>\n                            <\/li>\n<\/ul><\/div>\n<div class=\"detailmodule_html\">\n<div class=\"detail-desc-decorate-richtext\">\n<div style=\"font-family:&quot;Open sans&quot;, Arial, Helvetica, sans-serif\">\n<div><img decoding=\"async\" style=\"width:100%\" width=\"100%\" src=\"https:\/\/d2qc09rl1gfuof.cloudfront.net\/vevor\/boutique-banner\/pc\/banner-en.jpg\" slate-data-type=\"image\"\/><\/div>\n<div>\n<div style=\"font-size:16px;font-weight:bold;text-align:center;color:rgb(34, 34, 34);margin:24px 0px;margin-bottom:24px;margin-top:24px;margin-left:0px;margin-right:0px\" align=\"center\">Re\u0101listisks t\u0101lvad\u012bbas ekskavators<\/div>\n<div><img decoding=\"async\" style=\"width:100%\" width=\"100%\" src=\"https:\/\/d2qc09rl1gfuof.cloudfront.net\/product\/PTKWJJ3HYGN1OF8VS\/remote-control-excavator-a100-1.4-pt.jpg\" slate-data-type=\"image\"\/><\/div>\n<div style=\"font-size:14px;text-align:center;color:rgb(34, 34, 34);margin:16px 0px 24px;margin-bottom:24px;margin-top:16px;margin-left:0px;margin-right:0px\" align=\"center\">1:14 m\u0113roga t\u0101lvad\u012bbas ekskavatoram ir alum\u012bnija kauss un cirtnis, kas rada \u013coti re\u0101listisku met\u0101la saj\u016btu ieskaujo\u0161ai b\u016bvniec\u012bbas pieredzei.<\/div>\n<\/div>\n<div>\n<div style=\"margin:8px 0px;margin-bottom:8px;margin-top:8px;margin-left:0px;margin-right:0px\"><img decoding=\"async\" style=\"width:100%\" width=\"100%\" src=\"https:\/\/d2qc09rl1gfuof.cloudfront.net\/product\/PTKWJJ3HYGN1OF8VS\/remote-control-excavator-a100-2.2-pt.jpg\" slate-data-type=\"image\"\/><\/div>\n<div style=\"font-size:14px;text-align:center;color:rgb(34, 34, 34);margin:16px 0px 24px;margin-bottom:24px;margin-top:16px;margin-left:0px;margin-right:0px\" align=\"center\">M\u016bsu RC ekskavators ir apr\u012bkots ar kausu, cirtni un satv\u0113r\u0113ju, katram no tiem ir neatkar\u012bga vad\u012bba. Tas imit\u0113 t\u0101das kust\u012bbas k\u0101 rak\u0161ana, p\u0101rvieto\u0161ana un stum\u0161ana, nodro\u0161inot \u012bstu ekskavatora pieredzi, vienlaikus iesaistot b\u0113rnus un veicinot vi\u0146u rado\u0161umu.<\/div>\n<\/div>\n<div>\n<div style=\"margin:8px 0px;margin-bottom:8px;margin-top:8px;margin-left:0px;margin-right:0px\"><img decoding=\"async\" style=\"width:100%\" width=\"100%\" src=\"https:\/\/d2qc09rl1gfuof.cloudfront.net\/product\/PTKWJJ3HYGN1OF8VS\/remote-control-excavator-a100-2.3-pt.jpg\" slate-data-type=\"image\"\/><\/div>\n<div style=\"font-size:14px;text-align:center;color:rgb(34, 34, 34);margin:16px 0px 24px;margin-bottom:24px;margin-top:16px;margin-left:0px;margin-right:0px\" align=\"center\">T\u0101lvad\u012bbas ekskavators ir apr\u012bkots ar 2,4 GHz raid\u012bt\u0101ju, kas nodro\u0161ina vienm\u0113r\u012bgu navig\u0101ciju l\u012bdz 82 p\u0113du att\u0101lum\u0101 ar trauc\u0113jumu nov\u0113r\u0161anu, lai vair\u0101ki sp\u0113l\u0113t\u0101ji var\u0113tu baud\u012bt sp\u0113li bez trauc\u0113jumiem.<\/div>\n<\/div>\n<div>\n<div style=\"margin:8px 0px;margin-bottom:8px;margin-top:8px;margin-left:0px;margin-right:0px\"><img decoding=\"async\" style=\"width:100%\" width=\"100%\" src=\"https:\/\/d2qc09rl1gfuof.cloudfront.net\/product\/PTKWJJ3HYGN1OF8VS\/remote-control-excavator-a100-2.4-pt.jpg\" slate-data-type=\"image\"\/><\/div>\n<div style=\"font-size:14px;text-align:center;color:rgb(34, 34, 34);margin:16px 0px 24px;margin-bottom:24px;margin-top:16px;margin-left:0px;margin-right:0px\" align=\"center\">Biez\u0101 gumijas k\u0101pur\u0137\u0113\u017eu konstrukcija nodro\u0161ina iztur\u012bbu, padarot to iztur\u012bgu pret nodilumu. B\u0113rniem paredz\u0113tais RC ekskavators tiek gal\u0101 ar nel\u012bdzenu reljefu, piem\u0113ram, z\u0101li, smilt\u012bm un granti, veicinot rota\u013cas un izp\u0113ti br\u012bv\u0101 dab\u0101.<\/div>\n<\/div>\n<div>\n<div style=\"margin:8px 0px;margin-bottom:8px;margin-top:8px;margin-left:0px;margin-right:0px\"><img decoding=\"async\" style=\"width:100%\" width=\"100%\" src=\"https:\/\/d2qc09rl1gfuof.cloudfront.net\/product\/PTKWJJ3HYGN1OF8VS\/remote-control-excavator-a100-2.5-pt.jpg\" slate-data-type=\"image\"\/><\/div>\n<div style=\"font-size:14px;text-align:center;color:rgb(34, 34, 34);margin:16px 0px 24px;margin-bottom:24px;margin-top:16px;margin-left:0px;margin-right:0px\" align=\"center\">Divas 500 mAh baterijas nodro\u0161ina 80 min\u016b\u0161u sp\u0113les laiku, un t\u0101s ir viegli nomain\u012bt ilgsto\u0161ai izklaidei br\u012bv\u0101 dab\u0101. Tas \u013cauj t\u0101lvad\u012bbas ekskavatora rota\u013clietai paveikt v\u0113l vair\u0101k, sniedzot jums liel\u0101ku prieku. Baterijas ir dro\u0161as, iztur\u012bgas un uzl\u0101d\u0113jamas ilgsto\u0161ai lieto\u0161anai.<\/div>\n<\/div>\n<div style=\"margin:16px 0px 24px;margin-bottom:24px;margin-top:16px;margin-left:0px;margin-right:0px\"><\/div>\n<div style=\"margin:24px 0px;margin-bottom:24px;margin-top:24px;margin-left:0px;margin-right:0px\">\n<div style=\"font-size:16px;font-weight:bold;color:rgb(34, 34, 34);margin:24px 0px 16px;margin-bottom:16px;margin-top:24px;margin-left:0px;margin-right:0px\">Funkcijas un inform\u0101cija<\/div>\n<ul style=\"margin:16px 0px 24px;margin-bottom:24px;margin-top:16px;margin-left:0px;margin-right:0px\">\n<li style=\"font-size:14px;color:rgb(34, 34, 34)\">\n<p>Re\u0101listisks dizains: Izstr\u0101d\u0101ts, balstoties uz \u012bstu ekskavatoru, t\u0101lvad\u012bbas ekskavators ir izgatavots m\u0113rog\u0101 1:14, un tam ir met\u0101la kauss, met\u0101la cirvis un sp\u012ble \u2014 neticami re\u0101listisks izskats ar piln\u012bga met\u0101la saj\u016btu.<\/p>\n<\/li>\n<li style=\"font-size:14px;color:rgb(34, 34, 34)\">\n<p>Ieskaujo\u0161a pieredze: T\u0101lvad\u012bbas ekskavatora roka ir apr\u012bkota ar 3 neatkar\u012bgiem motoriem prec\u012bzai liel\u0101s rokas, maz\u0101s rokas un kausa vad\u012bbai smil\u0161u, grants un citu materi\u0101lu rak\u0161anai, nodro\u0161inot re\u0101listisku rak\u0161anas pieredzi.<\/p>\n<\/li>\n<li style=\"font-size:14px;color:rgb(34, 34, 34)\">\n<p>T\u0101lvad\u012bbas pults: Apr\u012bkota ar 2,4 GHz augstfrekvences t\u0101lvad\u012bbas pulti pret trauc\u0113jumiem, t\u0101lvad\u012bbas ekskavatora rota\u013clietu var vad\u012bt l\u012bdz pat 82 p\u0113du att\u0101lum\u0101, un vair\u0101ki sp\u0113l\u0113t\u0101ji var baud\u012bt sp\u0113li bez trauc\u0113jumiem.<\/p>\n<\/li>\n<li style=\"font-size:14px;color:rgb(34, 34, 34)\">\n<p>Gumijas k\u0101pur\u0137\u0113des: RC ekskavators ir iztur\u012bgs un nodilumiztur\u012bgs. T\u0101 k\u0101pur\u0137\u0113des nodro\u0161ina lielisku sa\u0137eri un var braukt pa da\u017e\u0101diem nel\u012bdzeniem reljefiem, tostarp pakl\u0101jiem, pludmal\u0113m, z\u0101li un sniegu, mudinot b\u0113rnus izp\u0113t\u012bt dabu un sazin\u0101ties ar dabu.<\/p>\n<\/li>\n<li style=\"font-size:14px;color:rgb(34, 34, 34)\">\n<p>Ilgs akumulatora darb\u012bbas laiks: M\u016bsu b\u0113rniem paredz\u0113tajam RC ekskavatoram ir divi 500 mAh uzl\u0101d\u0113jami akumulatori, kas nodro\u0161ina l\u012bdz pat 80 min\u016b\u0161u ilgu sp\u0113les laiku. Pateicoties \u0101trai akumulatora nomai\u0146ai, b\u0113rni var turpin\u0101t izklaid\u0113ties br\u012bv\u0101 dab\u0101.<\/p>\n<\/li>\n<\/ul>\n<\/div>\n<div>\n<div>\n<div style=\"margin:16px 0px 24px;margin-bottom:24px;margin-top:16px;margin-left:0px;margin-right:0px\"><img decoding=\"async\" style=\"width:100%\" width=\"100%\" src=\"https:\/\/d2qc09rl1gfuof.cloudfront.net\/product\/PTKWJJ3HYGN1OF8VS\/remote-control-excavator-a100-1.11-pt.jpg\" slate-data-type=\"image\"\/><\/div>\n<\/div>\n<\/div>\n<\/div>\n<\/div>\n<\/div>\n<p><\/p>","protected":false},"excerpt":{"rendered":"<p>Hign-concerned Chemical:&nbsp;None Is Electric:&nbsp;No battery Barcode:&nbsp;No State of Assembly:&nbsp;Ready-to-Go Flight Time:&nbsp;40min Remote Distance:&nbsp;Greater than 25m Scale:&nbsp;1:14 Dimensions:&nbsp;23 x 6.7 x 8 in \/ 585 x 170 x 200 mm Model<\/p>","protected":false},"featured_media":25435,"comment_status":"open","ping_status":"closed","template":"","meta":{"_acf_changed":false},"product_brand":[],"product_cat":[519],"product_tag":[],"class_list":{"0":"post-25434","1":"product","2":"type-product","3":"status-publish","4":"has-post-thumbnail","6":"product_cat-rc-cars","8":"first","9":"instock","10":"shipping-taxable","11":"purchasable","12":"product-type-variable"},"acf":[],"_links":{"self":[{"href":"https:\/\/www.electricstore.eu\/lv\/wp-json\/wp\/v2\/product\/25434","targetHints":{"allow":["GET"]}}],"collection":[{"href":"https:\/\/www.electricstore.eu\/lv\/wp-json\/wp\/v2\/product"}],"about":[{"href":"https:\/\/www.electricstore.eu\/lv\/wp-json\/wp\/v2\/types\/product"}],"replies":[{"embeddable":true,"href":"https:\/\/www.electricstore.eu\/lv\/wp-json\/wp\/v2\/comments?post=25434"}],"wp:featuredmedia":[{"embeddable":true,"href":"https:\/\/www.electricstore.eu\/lv\/wp-json\/wp\/v2\/media\/25435"}],"wp:attachment":[{"href":"https:\/\/www.electricstore.eu\/lv\/wp-json\/wp\/v2\/media?parent=25434"}],"wp:term":[{"taxonomy":"product_brand","embeddable":true,"href":"https:\/\/www.electricstore.eu\/lv\/wp-json\/wp\/v2\/product_brand?post=25434"},{"taxonomy":"product_cat","embeddable":true,"href":"https:\/\/www.electricstore.eu\/lv\/wp-json\/wp\/v2\/product_cat?post=25434"},{"taxonomy":"product_tag","embeddable":true,"href":"https:\/\/www.electricstore.eu\/lv\/wp-json\/wp\/v2\/product_tag?post=25434"}],"curies":[{"name":"wp","href":"https:\/\/api.w.org\/{rel}","templated":true}]}}