{"id":25396,"date":"2025-05-20T18:59:04","date_gmt":"2025-05-20T18:59:04","guid":{"rendered":"https:\/\/electricstore.eu\/p\/uncategorized\/vevor-rc-excavator-dumper-car-remote-control-engineering-vehicle-crawler-truck-bulldozer-toys-for-boys-kids-christmas-gifts\/"},"modified":"2025-05-20T19:01:10","modified_gmt":"2025-05-20T19:01:10","slug":"vevor-rc-excavator-dumper-car-remote-control-engineering-vehicle-crawler-truck-bulldozer-toys-for-boys-kids-christmas-gifts","status":"publish","type":"product","link":"https:\/\/www.electricstore.eu\/lv\/p\/rc\/rc-cars\/vevor-rc-excavator-dumper-car-remote-control-engineering-vehicle-crawler-truck-bulldozer-toys-for-boys-kids-christmas-gifts\/","title":{"rendered":"VEVOR RC ekskavators pa\u0161izg\u0101z\u0113js automa\u0161\u012bna t\u0101lvad\u012bbas pults in\u017eeniertehniskais transportl\u012bdzeklis k\u0101pur\u0137\u0113\u017eu kravas automa\u0161\u012bna buldozers rota\u013clietas z\u0113niem b\u0113rniem Ziemassv\u0113tku d\u0101vanas"},"content":{"rendered":"<div class=\"product-specs-list-container\">\n<ul class=\"product-specs-list util-clearfix\">\n<li class=\"product-prop line-limit-length\"><span\n                                        class=\"property-title\">Augstas ba\u017eas izraiso\u0161a \u0137\u012bmiska viela:&nbsp;<\/span><span\n                                        class=\"property-desc line-limit-length\">Neviens<\/span>\n                            <\/li>\n<li class=\"product-prop line-limit-length\"><span\n                                        class=\"property-title\">Ir elektrisks:&nbsp;<\/span><span\n                                        class=\"property-desc line-limit-length\">Nav akumulatora<\/span>\n                            <\/li>\n<li class=\"product-prop line-limit-length\"><span\n                                        class=\"property-title\">Sv\u012btrkods:&nbsp;<\/span><span\n                                        class=\"property-desc line-limit-length\">N\u0113<\/span>\n                            <\/li>\n<li class=\"product-prop line-limit-length\"><span\n                                        class=\"property-title\">Lidojuma laiks:&nbsp;<\/span><span\n                                        class=\"property-desc line-limit-length\">45-50 minutes<\/span>\n                            <\/li>\n<li class=\"product-prop line-limit-length\"><span\n                                        class=\"property-title\">M\u0113rogs:&nbsp;<\/span><span\n                                        class=\"property-desc line-limit-length\">1:14<\/span>\n                            <\/li>\n<li class=\"product-prop line-limit-length\"><span\n                                        class=\"property-title\">Izm\u0113ri:&nbsp;<\/span><span\n                                        class=\"property-desc line-limit-length\">17.7 x 5.9 x 7.3 in\/45 x 15 x 18.5 cm<\/span>\n                            <\/li>\n<li class=\"product-prop line-limit-length\"><span\n                                        class=\"property-title\">Mode\u013ca numurs:&nbsp;<\/span><span\n                                        class=\"property-desc line-limit-length\">1573<\/span>\n                            <\/li>\n<li class=\"product-prop line-limit-length\"><span\n                                        class=\"property-title\">Komplekt\u0101 ietilpst:&nbsp;<\/span><span\n                                        class=\"property-desc line-limit-length\">T\u0101lvad\u012bbas pults<\/span>\n                            <\/li>\n<li class=\"product-prop line-limit-length\"><span\n                                        class=\"property-title\">Vad\u012bbas kan\u0101li:&nbsp;<\/span><span\n                                        class=\"property-desc line-limit-length\">10 CHANNELS<\/span>\n                            <\/li>\n<li class=\"product-prop line-limit-length\"><span\n                                        class=\"property-title\">T\u0101lvad\u012bbas pults:&nbsp;<\/span><span\n                                        class=\"property-desc line-limit-length\">J\u0101<\/span>\n                            <\/li>\n<li class=\"product-prop line-limit-length\"><span\n                                        class=\"property-title\">Materi\u0101ls:&nbsp;<\/span><span\n                                        class=\"property-desc line-limit-length\">Plastmasa<\/span>\n                            <\/li>\n<li class=\"product-prop line-limit-length\"><span\n                                        class=\"property-title\">Ieteicamais vecums:&nbsp;<\/span><span\n                                        class=\"property-desc line-limit-length\">6\u201312\u00a0g.<\/span>\n                            <\/li>\n<li class=\"product-prop line-limit-length\"><span\n                                        class=\"property-title\">Izcelsme:&nbsp;<\/span><span\n                                        class=\"property-desc line-limit-length\">Kontinent\u0101l\u0101 \u0136\u012bna<\/span>\n                            <\/li>\n<li class=\"product-prop line-limit-length\"><span\n                                        class=\"property-title\">Dizains:&nbsp;<\/span><span\n                                        class=\"property-desc line-limit-length\">Automa\u0161\u012bnas<\/span>\n                            <\/li>\n<li class=\"product-prop line-limit-length\"><span\n                                        class=\"property-title\">Tips:&nbsp;<\/span><span\n                                        class=\"property-desc line-limit-length\">Automa\u0161\u012bna<\/span>\n                            <\/li>\n<li class=\"product-prop line-limit-length\"><span\n                                        class=\"property-title\">Funkcijas:&nbsp;<\/span><span\n                                        class=\"property-desc line-limit-length\">T\u0100LVAD\u012aBAS PULTS<\/span>\n                            <\/li>\n<\/ul><\/div>\n<div class=\"detailmodule_html\">\n<div class=\"detail-desc-decorate-richtext\">\n<div style=\"font-family:&quot;Open sans&quot;, Arial, Helvetica, sans-serif\">\n<div><img decoding=\"async\" style=\"width:100%\" width=\"100%\" src=\"https:\/\/d2qc09rl1gfuof.cloudfront.net\/vevor\/boutique-banner\/pc\/banner-en.jpg\" slate-data-type=\"image\"\/><\/div>\n<div>\n<div style=\"font-size:16px;font-weight:bold;text-align:center;color:rgb(34, 34, 34);margin:24px 0px;margin-bottom:24px;margin-top:24px;margin-left:0px;margin-right:0px\" align=\"center\">B\u016bv\u0113, brauc, izt\u0113lojies: Gal\u012bgais RC pa\u0161izg\u0101z\u0113ja piedz\u012bvojums!<\/div>\n<div><img decoding=\"async\" style=\"width:100%\" width=\"100%\" src=\"https:\/\/d2qc09rl1gfuof.cloudfront.net\/product\/JZXSLCZDCC10JHZKV\/rc-dump-truck-a100-1.4-pt.jpg\" slate-data-type=\"image\"\/><\/div>\n<div style=\"font-size:14px;text-align:center;color:rgb(34, 34, 34);margin:16px 0px 24px;margin-bottom:24px;margin-top:16px;margin-left:0px;margin-right:0px\" align=\"center\">Izbaudi \u012bstas brauk\u0161anas aizraut\u012bbu ar \u0161o RC pa\u0161izg\u0101z\u0113ju! Ar viena piesk\u0101riena displeju, kur\u0101 redzamas t\u0101das funkcijas k\u0101 kravas kaste, akumulatora nodal\u012bjums un simul\u0113ts hidrauliskais stienis, saj\u016bta ir tie\u0161i t\u0101da, it k\u0101 tas b\u016btu \u012bsts. Ska\u0146as efekti un nesl\u012bdo\u0161ie gumijas rite\u0146i v\u0113l vair\u0101k papildina jautr\u012bbu!<\/div>\n<\/div>\n<div>\n<div style=\"margin:8px 0px;margin-bottom:8px;margin-top:8px;margin-left:0px;margin-right:0px\"><img decoding=\"async\" style=\"width:100%\" width=\"100%\" src=\"https:\/\/d2qc09rl1gfuof.cloudfront.net\/product\/JZXSLCZDCC10JHZKV\/rc-dump-truck-a100-2.2-pt.jpg\" slate-data-type=\"image\"\/><\/div>\n<div style=\"font-size:14px;text-align:center;color:rgb(34, 34, 34);margin:16px 0px 24px;margin-bottom:24px;margin-top:16px;margin-left:0px;margin-right:0px\" align=\"center\">Viegli p\u0101rvariet jebkuru reljefu! \u0160is t\u0101lvad\u012bbas pa\u0161izg\u0101z\u0113js bez piep\u016bles tiek gal\u0101 ar nel\u012bdzeniem ce\u013ciem un gludiem ce\u013ciem, radot aizraujo\u0161u braucienu. Izbaudiet da\u017e\u0101dus brauk\u0161anas re\u017e\u012bmus un izp\u0113tiet da\u017e\u0101das vides.<\/div>\n<\/div>\n<div>\n<div style=\"margin:8px 0px;margin-bottom:8px;margin-top:8px;margin-left:0px;margin-right:0px\"><img decoding=\"async\" style=\"width:100%\" width=\"100%\" src=\"https:\/\/d2qc09rl1gfuof.cloudfront.net\/product\/JZXSLCZDCC10JHZKV\/rc-dump-truck-a100-2.3-pt.jpg\" slate-data-type=\"image\"\/><\/div>\n<div style=\"font-size:14px;text-align:center;color:rgb(34, 34, 34);margin:16px 0px 24px;margin-bottom:24px;margin-top:16px;margin-left:0px;margin-right:0px\" align=\"center\">Ar \u0161o RC pa\u0161izg\u0101z\u0113ja rota\u013clietu, kas izgatavota no augstas kvalit\u0101tes materi\u0101liem, b\u0113rni var ienirt b\u016bvlaukuma simul\u0101cij\u0101. Ska\u0146as un gaismas efekti rada re\u0101listisku pieredzi, par\u0101dot, ko dara \u012bsts pa\u0161izg\u0101z\u0113js, un papildinot interakt\u012bvo jautr\u012bbu.<\/div>\n<\/div>\n<div>\n<div style=\"margin:8px 0px;margin-bottom:8px;margin-top:8px;margin-left:0px;margin-right:0px\"><img decoding=\"async\" style=\"width:100%\" width=\"100%\" src=\"https:\/\/d2qc09rl1gfuof.cloudfront.net\/product\/JZXSLCZDCC10JHZKV\/rc-dump-truck-a100-2.4-pt.jpg\" slate-data-type=\"image\"\/><\/div>\n<div style=\"font-size:14px;text-align:center;color:rgb(34, 34, 34);margin:16px 0px 24px;margin-bottom:24px;margin-top:16px;margin-left:0px;margin-right:0px\" align=\"center\">Vadi savu t\u0101lvad\u012bbas pa\u0161izg\u0101z\u0113ju l\u012bdz pat 30 metru att\u0101lum\u0101 un atdz\u012bvini savas smil\u0161u kastes ainas! Tas \u0101tri uzl\u0101d\u0113jas un darbojas ilgi, t\u0101p\u0113c vari baud\u012bt nebeidzamas sp\u0113les, neuztraucoties par akumulatoru.<\/div>\n<\/div>\n<div>\n<div style=\"margin:8px 0px;margin-bottom:8px;margin-top:8px;margin-left:0px;margin-right:0px\"><img decoding=\"async\" style=\"width:100%\" width=\"100%\" src=\"https:\/\/d2qc09rl1gfuof.cloudfront.net\/product\/JZXSLCZDCC10JHZKV\/rc-dump-truck-a100-2.5-pt.jpg\" slate-data-type=\"image\"\/><\/div>\n<div style=\"font-size:14px;text-align:center;color:rgb(34, 34, 34);margin:16px 0px 24px;margin-bottom:24px;margin-top:16px;margin-left:0px;margin-right:0px\" align=\"center\">\u0160\u012b pa\u0161izg\u0101z\u0113ja rota\u013clieta veicina rado\u0161umu un pal\u012bdz b\u0113rniem att\u012bst\u012bt praktisk\u0101s prasmes un telpisko izpratni. Neatkar\u012bgi no t\u0101, vai b\u016bv\u0113jat mini pils\u0113tu vai sap\u0146u m\u0101ju, b\u0113rni var \u013caut va\u013cu savai izt\u0113lei ar \u0161o jautro d\u0101vanu.<\/div>\n<\/div>\n<div style=\"margin:16px 0px 24px;margin-bottom:24px;margin-top:16px;margin-left:0px;margin-right:0px\"><\/div>\n<div style=\"margin:24px 0px;margin-bottom:24px;margin-top:24px;margin-left:0px;margin-right:0px\">\n<div style=\"font-size:16px;font-weight:bold;color:rgb(34, 34, 34);margin:24px 0px 16px;margin-bottom:16px;margin-top:24px;margin-left:0px;margin-right:0px\">Funkcijas un inform\u0101cija<\/div>\n<ul style=\"margin:16px 0px 24px;margin-bottom:24px;margin-top:16px;margin-left:0px;margin-right:0px\">\n<li style=\"font-size:14px;color:rgb(34, 34, 34)\">\n<p>10-Channel Fun: This RC dump truck is packed with 10 channels of control for realistic play. Features like a truck bed, battery compartment, and simulated hydraulic rod make it feel just like the real thing. Plus, with simulated sounds and non-slip rubber wheels, it&#x27;s loads of fun!<\/p>\n<\/li>\n<li style=\"font-size:14px;color:rgb(34, 34, 34)\">\n<p>Built to Last: Made from durable materials, including a sturdy bed, battery compartment, and simulated hydraulic rod, this remote control dump truck handles over 7 pounds of load with ease. It&#x27;s tough enough to keep up with all the adventures your kids can dream up.<\/p>\n<\/li>\n<li style=\"font-size:14px;color:rgb(34, 34, 34)\">\n<p>Powerful 4WD Performance: The RC dump truck toy&#x27;s strong 4-wheel drive lets it tackle grass, roads, and sand without breaking a sweat. On smooth surfaces, it can zoom along at speeds up to 78.7 ft\/min (24 m\/min), making every ride thrilling.<\/p>\n<\/li>\n<li style=\"font-size:14px;color:rgb(34, 34, 34)\">\n<p>100 ft Remote Range: With a remote control range of up to 100 feet, kids can steer and operate the remote dump truck from a distance, improving their coordination and time management skills. Enjoy easy, long-distance control and quick recharging\u2014just 3-4 hours to charge for up to 45-50 minutes of playtime.<\/p>\n<\/li>\n<li style=\"font-size:14px;color:rgb(34, 34, 34)\">\n<p>Izklaide visai \u0123imenei: \u0161\u012b pa\u0161izg\u0101z\u0113ja rota\u013clieta ir ide\u0101li piem\u0113rota gan vienatn\u0113 sp\u0113l\u0113\u0161anai, gan \u0123imenes izklaidei. Vec\u0101ki un b\u0113rni var apvienoties, lai kop\u012bgi izp\u0113t\u012btu, projekt\u0113tu un b\u016bv\u0113tu, padarot to par lielisku veidu, k\u0101 stiprin\u0101t saikni un rosin\u0101t rado\u0161umu. Ir pien\u0101cis laiks sagatavot kravas automa\u0161\u012bnu un doties aizraujo\u0161\u0101 piedz\u012bvojum\u0101!<\/p>\n<\/li>\n<\/ul>\n<\/div>\n<div>\n<div>\n<div style=\"margin:16px 0px 24px;margin-bottom:24px;margin-top:16px;margin-left:0px;margin-right:0px\"><img decoding=\"async\" style=\"width:100%\" width=\"100%\" src=\"https:\/\/d2qc09rl1gfuof.cloudfront.net\/product\/JZXSLCZDCC10JHZKV\/rc-dump-truck-a100-1.11-pt.jpg\" slate-data-type=\"image\"\/><\/div>\n<\/div>\n<\/div>\n<\/div>\n<div><\/div>\n<\/div>\n<\/div>\n<p><\/p>","protected":false},"excerpt":{"rendered":"<p>Hign-concerned Chemical:&nbsp;None Is Electric:&nbsp;No battery Barcode:&nbsp;No Flight Time:&nbsp;45-50 minutes Scale:&nbsp;1:14 Dimensions:&nbsp;17.7 x 5.9 x 7.3 in\/45 x 15 x 18.5 cm Model Number:&nbsp;1573 Package Includes:&nbsp;Remote Controller Control Channels:&nbsp;10 CHANNELS Remote<\/p>","protected":false},"featured_media":25397,"comment_status":"open","ping_status":"closed","template":"","meta":{"_acf_changed":false},"product_brand":[],"product_cat":[519],"product_tag":[],"class_list":{"0":"post-25396","1":"product","2":"type-product","3":"status-publish","4":"has-post-thumbnail","6":"product_cat-rc-cars","8":"first","9":"outofstock","10":"shipping-taxable","11":"purchasable","12":"product-type-simple"},"acf":[],"_links":{"self":[{"href":"https:\/\/www.electricstore.eu\/lv\/wp-json\/wp\/v2\/product\/25396","targetHints":{"allow":["GET"]}}],"collection":[{"href":"https:\/\/www.electricstore.eu\/lv\/wp-json\/wp\/v2\/product"}],"about":[{"href":"https:\/\/www.electricstore.eu\/lv\/wp-json\/wp\/v2\/types\/product"}],"replies":[{"embeddable":true,"href":"https:\/\/www.electricstore.eu\/lv\/wp-json\/wp\/v2\/comments?post=25396"}],"wp:featuredmedia":[{"embeddable":true,"href":"https:\/\/www.electricstore.eu\/lv\/wp-json\/wp\/v2\/media\/25397"}],"wp:attachment":[{"href":"https:\/\/www.electricstore.eu\/lv\/wp-json\/wp\/v2\/media?parent=25396"}],"wp:term":[{"taxonomy":"product_brand","embeddable":true,"href":"https:\/\/www.electricstore.eu\/lv\/wp-json\/wp\/v2\/product_brand?post=25396"},{"taxonomy":"product_cat","embeddable":true,"href":"https:\/\/www.electricstore.eu\/lv\/wp-json\/wp\/v2\/product_cat?post=25396"},{"taxonomy":"product_tag","embeddable":true,"href":"https:\/\/www.electricstore.eu\/lv\/wp-json\/wp\/v2\/product_tag?post=25396"}],"curies":[{"name":"wp","href":"https:\/\/api.w.org\/{rel}","templated":true}]}}