{"id":25391,"date":"2025-05-20T18:59:01","date_gmt":"2025-05-20T18:59:01","guid":{"rendered":"https:\/\/electricstore.eu\/p\/uncategorized\/vevor-500lbs-beach-fishing-cart-marine-cart-with-four-13-big-wheels-6-rod-holders-aluminum-pier-wagon-trolley-for-sand-picnic\/"},"modified":"2025-05-20T19:00:58","modified_gmt":"2025-05-20T19:00:58","slug":"vevor-500lbs-beach-fishing-cart-marine-cart-with-four-13-big-wheels-6-rod-holders-aluminum-pier-wagon-trolley-for-sand-picnic","status":"publish","type":"product","link":"https:\/\/www.electricstore.eu\/lv\/p\/o\/bike-trailers-and-wagons\/vevor-500lbs-beach-fishing-cart-marine-cart-with-four-13-big-wheels-6-rod-holders-aluminum-pier-wagon-trolley-for-sand-picnic\/","title":{"rendered":"VEVOR 500 m\u0101rci\u0146u pludmales mak\u0161\u0137er\u0113\u0161anas rati\u0146i ar \u010detriem 13 collu lieliem rite\u0146iem, 6 mak\u0161\u0137eres tur\u0113t\u0101jiem, alum\u012bnija piest\u0101tnes rati\u0146i smil\u0161u piknikam"},"content":{"rendered":"<div class=\"product-specs-list-container\">\n<ul class=\"product-specs-list util-clearfix\">\n<li class=\"product-prop line-limit-length\"><span\n                                        class=\"property-title\">Augstas ba\u017eas izraiso\u0161a \u0137\u012bmiska viela:&nbsp;<\/span><span\n                                        class=\"property-desc line-limit-length\">Neviens<\/span>\n                            <\/li>\n<li class=\"product-prop line-limit-length\"><span\n                                        class=\"property-title\">Izcelsme:&nbsp;<\/span><span\n                                        class=\"property-desc line-limit-length\">Kontinent\u0101l\u0101 \u0136\u012bna<\/span>\n                            <\/li>\n<li class=\"product-prop line-limit-length\"><span\n                                        class=\"property-title\">Mode\u013ca numurs:&nbsp;<\/span><span\n                                        class=\"property-desc line-limit-length\">YK-500<\/span>\n                            <\/li>\n<li class=\"product-prop line-limit-length\"><span\n                                        class=\"property-title\">Kravnes\u012bba:&nbsp;<\/span><span\n                                        class=\"property-desc line-limit-length\">500 m\u0101rci\u0146as\/226,79 kg<\/span>\n                            <\/li>\n<li class=\"product-prop line-limit-length\"><span\n                                        class=\"property-title\">Z\u012bmola nosaukums:&nbsp;<\/span><span\n                                        class=\"property-desc line-limit-length\">VEVOR<\/span>\n                            <\/li>\n<li class=\"product-prop line-limit-length\"><span\n                                        class=\"property-title\">Z\u012bmols:&nbsp;<\/span><span\n                                        class=\"property-desc line-limit-length\">VEVOR<\/span>\n                            <\/li>\n<li class=\"product-prop line-limit-length\"><span\n                                        class=\"property-title\">Preces svars:&nbsp;<\/span><span\n                                        class=\"property-desc line-limit-length\">44,53 m\u0101rci\u0146as\/20,2 kg<\/span>\n                            <\/li>\n<li class=\"product-prop line-limit-length\"><span\n                                        class=\"property-title\">Maksim\u0101l\u0101 svara iztur\u012bba:&nbsp;<\/span><span\n                                        class=\"property-desc line-limit-length\">500 m\u0101rci\u0146as\/226,79 kg<\/span>\n                            <\/li>\n<li class=\"product-prop line-limit-length\"><span\n                                        class=\"property-title\">Rite\u0146a izm\u0113rs:&nbsp;<\/span><span\n                                        class=\"property-desc line-limit-length\">12 collas\/305 mm (13 collas\/330 mm p\u0113c piep\u016b\u0161anas)<\/span>\n                            <\/li>\n<li class=\"product-prop line-limit-length\"><span\n                                        class=\"property-title\">Iek\u0161\u0113j\u0101 r\u0101mja izm\u0113rs:&nbsp;<\/span><span\n                                        class=\"property-desc line-limit-length\">45,9 x 27 x 7,9 collas\/1165 x 685 x 200 mm<\/span>\n                            <\/li>\n<li class=\"product-prop line-limit-length\"><span\n                                        class=\"property-title\">Produkta izm\u0113rs:&nbsp;<\/span><span\n                                        class=\"property-desc line-limit-length\">53,14 x 31,1 x 38,58 collas\/1350 x 790 x 980 mm<\/span>\n                            <\/li>\n<li class=\"product-prop line-limit-length\"><span\n                                        class=\"property-title\">Tips:&nbsp;<\/span><span\n                                        class=\"property-desc line-limit-length\">Pludmales mak\u0161\u0137er\u0113\u0161anas rati\u0146i<\/span>\n                            <\/li>\n<\/ul><\/div>\n<div class=\"detailmodule_dynamic\"><kse:widget data-widget-type=\"customText\" id=\"1005000000821364\" type=\"relation\"><\/kse:widget><\/div>\n<div class=\"detailmodule_html\">\n<div class=\"detail-desc-decorate-richtext\">\n<div style=\"font-family:&quot;Open sans&quot;, Arial, Helvetica, sans-serif\">\n<div><img decoding=\"async\" style=\"width:100%\" width=\"100%\" src=\"https:\/\/d2qc09rl1gfuof.cloudfront.net\/vevor\/boutique-banner\/pc\/banner-en.jpg\" slate-data-type=\"image\"\/><\/div>\n<div>\n<div style=\"font-size:16px;font-weight:bold;text-align:center;color:rgb(34, 34, 34);margin:24px 0px;margin-bottom:24px;margin-top:24px;margin-left:0px;margin-right:0px\" align=\"center\">VEVOR pludmales mak\u0161\u0137er\u0113\u0161anas rati\u0146i: j\u016bsu uzticamais biedrs br\u012bv\u0101 dab\u0101<\/div>\n<div><img decoding=\"async\" style=\"width:100%\" width=\"100%\" src=\"https:\/\/d2qc09rl1gfuof.cloudfront.net\/product\/SLKYJCBKZD00X0T74\/fishing-cart-a100-1.4.jpg\" slate-data-type=\"image\"\/><\/div>\n<div style=\"font-size:14px;text-align:center;color:rgb(34, 34, 34);margin:16px 0px 24px;margin-bottom:24px;margin-top:16px;margin-left:0px;margin-right:0px\" align=\"center\">Izt\u0113lojieties: mak\u0161\u0137er\u0113\u0161anas rati\u0146i ar iztur\u012bgu alum\u012bnija r\u0101mi, kas gludi ripo uz 13 collu PU piep\u016b\u0161amajiem rite\u0146iem. Izm\u0113ri ir 45,9 x 27 x 7,9 collas un gatavi p\u0101rvad\u0101t l\u012bdz 500 m\u0101rci\u0146\u0101m ar 6 mak\u0161\u0137eru tur\u0113t\u0101jiem, tie ir j\u016bsu ide\u0101ls partneris mak\u0161\u0137er\u0113\u0161anas piedz\u012bvojumos.<\/div>\n<\/div>\n<div>\n<div style=\"margin:8px 0px;margin-bottom:8px;margin-top:8px;margin-left:0px;margin-right:0px\"><img decoding=\"async\" style=\"width:100%\" width=\"100%\" src=\"https:\/\/d2qc09rl1gfuof.cloudfront.net\/product\/SLKYJCBKZD00X0T74\/fishing-cart-a100-2.2.jpg\" slate-data-type=\"image\"\/><\/div>\n<div style=\"font-size:14px;text-align:center;color:rgb(34, 34, 34);margin:16px 0px 24px;margin-bottom:24px;margin-top:16px;margin-left:0px;margin-right:0px\" align=\"center\">M\u016bsu pludmales mak\u0161\u0137er\u0113\u0161anas rati\u0146iem ir rite\u0146i, kas m\u012bl izaicin\u0101jumus \u2013 neatkar\u012bgi no t\u0101, vai t\u0101s ir smil\u0161ainas pludmales, akme\u0146ainas takas vai z\u0101\u013caini lauki, tie padara katru braucienu gludu un bez piep\u016bles.<\/div>\n<\/div>\n<div>\n<div style=\"margin:8px 0px;margin-bottom:8px;margin-top:8px;margin-left:0px;margin-right:0px\"><img decoding=\"async\" style=\"width:100%\" width=\"100%\" src=\"https:\/\/d2qc09rl1gfuof.cloudfront.net\/product\/SLKYJCBKZD00X0T74\/fishing-cart-a100-2.3.jpg\" slate-data-type=\"image\"\/><\/div>\n<div style=\"font-size:14px;text-align:center;color:rgb(34, 34, 34);margin:16px 0px 24px;margin-bottom:24px;margin-top:16px;margin-left:0px;margin-right:0px\" align=\"center\">Esam uzlaboju\u0161i savu izv\u0113li, izmantojot ner\u016bs\u0113jo\u0161\u0101 t\u0113rauda skr\u016bves, kas ir iztur\u012bgas pret atsl\u0101b\u0161anu, r\u016bs\u0113\u0161anu un nodilumu, t\u0101d\u0113j\u0101di nodro\u0161inot iztur\u012bgus un uzticamus pludmales mak\u0161\u0137er\u0113\u0161anas rati\u0146us, kas saglab\u0101 savu formu ar\u012b p\u0113c ilgsto\u0161as lieto\u0161anas.<\/div>\n<\/div>\n<div>\n<div style=\"margin:8px 0px;margin-bottom:8px;margin-top:8px;margin-left:0px;margin-right:0px\"><img decoding=\"async\" style=\"width:100%\" width=\"100%\" src=\"https:\/\/d2qc09rl1gfuof.cloudfront.net\/product\/SLKYJCBKZD00X0T74\/fishing-cart-a100-2.4.jpg\" slate-data-type=\"image\"\/><\/div>\n<div style=\"font-size:14px;text-align:center;color:rgb(34, 34, 34);margin:16px 0px 24px;margin-bottom:24px;margin-top:16px;margin-left:0px;margin-right:0px\" align=\"center\">Atvadieties no sare\u017e\u0123\u012bt\u0101s rite\u0146u uzst\u0101d\u012b\u0161anas. M\u016bsu piest\u0101tnes rati\u0146iem ir vienk\u0101r\u0161s tapu meh\u0101nisms \u0101trai un vienk\u0101r\u0161ai rite\u0146u piestiprin\u0101\u0161anai un no\u0146em\u0161anai, k\u0101 ar\u012b O veida gredzena tapa papildu sirdsmieram.<\/div>\n<\/div>\n<div>\n<div style=\"margin:8px 0px;margin-bottom:8px;margin-top:8px;margin-left:0px;margin-right:0px\"><img decoding=\"async\" style=\"width:100%\" width=\"100%\" src=\"https:\/\/d2qc09rl1gfuof.cloudfront.net\/product\/SLKYJCBKZD00X0T74\/fishing-cart-a100-2.5.jpg\" slate-data-type=\"image\"\/><\/div>\n<div style=\"font-size:14px;text-align:center;color:rgb(34, 34, 34);margin:16px 0px 24px;margin-bottom:24px;margin-top:16px;margin-left:0px;margin-right:0px\" align=\"center\">Vair\u0101k nek\u0101 tikai mak\u0161\u0137er\u0113\u0161anas biedrs! Neatkar\u012bgi no t\u0101, vai fotograf\u0113jat br\u012bv\u0101 dab\u0101, piknikojat vai dodaties kemping\u0101, \u0161ie mak\u0161\u0137er\u0113\u0161anas rati\u0146i pie mola viegli tiks gal\u0101 ar visu j\u016bsu apr\u012bkojumu, ietaupot jums laiku un laiku.<\/div>\n<\/div>\n<div style=\"margin:16px 0px 24px;margin-bottom:24px;margin-top:16px;margin-left:0px;margin-right:0px\"><\/div>\n<div style=\"margin:24px 0px;margin-bottom:24px;margin-top:24px;margin-left:0px;margin-right:0px\">\n<div style=\"font-size:16px;font-weight:bold;color:rgb(34, 34, 34);margin:24px 0px 16px;margin-bottom:16px;margin-top:24px;margin-left:0px;margin-right:0px\">Funkcijas un inform\u0101cija<\/div>\n<ul style=\"margin:16px 0px 24px;margin-bottom:24px;margin-top:16px;margin-left:0px;margin-right:0px\">\n<li style=\"font-size:14px;color:rgb(34, 34, 34)\">\n<p>Iztur\u012bgs r\u0101mis: Iepaz\u012bstieties ar VEVOR pludmales mak\u0161\u0137er\u0113\u0161anas rati\u0146iem, kas izgatavoti no augstas kvalit\u0101tes alum\u012bnija, nodro\u0161inot ne tikai iztur\u012bgu, bet ar\u012b ner\u016bs\u0113jo\u0161u r\u0101mi. Tas ir k\u0101 uzticams mak\u0161\u0137er\u0113\u0161anas biedrs, kas j\u016bs nekad nepievils. Turkl\u0101t tie ir viegli \u2013 lai j\u016bs var\u0113tu koncentr\u0113ties uz lomu, nevis uz ne\u0161anu!<\/p>\n<\/li>\n<li style=\"font-size:14px;color:rgb(34, 34, 34)\">\n<p>Praktiski PU rite\u0146i: \u0160ie pludmales mak\u0161\u0137er\u0113\u0161anas rati\u0146i ir apr\u012bkoti ar 13 collu PU piep\u016b\u0161amiem rite\u0146iem, kas sl\u012bd pa smilt\u012bm, dub\u013ciem, granti un z\u0101li k\u0101 sapnis. \u0160ie rite\u0146i ne tikai nes j\u016bsu kravu, bet ar\u012b padara j\u016bsu ce\u013cojumu uz perfekto mak\u0161\u0137er\u0113\u0161anas vietu tikpat gludu k\u0101 j\u016bsu iecien\u012bt\u0101k\u0101 mak\u0161\u0137eraukla.<\/p>\n<\/li>\n<li style=\"font-size:14px;color:rgb(34, 34, 34)\">\n<p>Pla\u0161a uzglab\u0101\u0161anas vieta: Ar r\u0101mi, kas ir 114 cm gar\u0161, 69 cm plats un 19 cm augsts, k\u0101 ar\u012b iztur\u012bgiem 33 cm rite\u0146iem, \u0161ie mak\u0161\u0137er\u0113\u0161anas rati\u0146i var iztur\u0113t svaru l\u012bdz 227 kg. S\u0113rfo\u0161anas apr\u012bkojums, pludmales piederumi \u2013 visu, ko vien v\u0113laties, \u2013 sapakojiet to un dodieties ce\u013c\u0101 bez raiz\u0113m!<\/p>\n<\/li>\n<li style=\"font-size:14px;color:rgb(34, 34, 34)\">\n<p>Nosl\u0113gts, herm\u0113tisks dizains: Atvadieties no pazaud\u0113tu priek\u0161metu rad\u012btaj\u0101m raiz\u0113m! M\u016bsu mak\u0161\u0137er\u0113\u0161anas rati\u0146iem no mola ir p\u0101rdom\u0101ti izstr\u0101d\u0101ts nosl\u0113gts dibens, kas dro\u0161i notur visu, s\u0101kot no maziem piederumiem l\u012bdz pat liel\u0101kiem ekip\u0113jumam. Svar\u012bgi ir k\u0101rt\u012bgi un organiz\u0113ti braucieni katru reizi.<\/p>\n<\/li>\n<li style=\"font-size:14px;color:rgb(34, 34, 34)\">\n<p>Daudzfunkcion\u0101ls un p\u0101rn\u0113s\u0101jams: \u0160is piest\u0101tnes rati\u0146i ir apr\u012bkoti ar 6 mak\u0161\u0137eru tur\u0113t\u0101jiem un p\u0101rn\u0113s\u0101jamu dizainu, kas maina sp\u0113les noteikumus mak\u0161\u0137erniekiem. 2 collu diametra tur\u0113t\u0101ji ir piem\u0113roti da\u017e\u0101d\u0101m mak\u0161\u0137er\u0113m. Viss ir \u0113rt\u012bbas jaut\u0101jums: pa\u0146emiet mak\u0161\u0137eri, iemetiet to, un j\u016bs varat mak\u0161\u0137er\u0113t acumirkl\u012b.<\/p>\n<\/li>\n<\/ul>\n<\/div>\n<div>\n<div>\n<div style=\"margin:16px 0px 24px;margin-bottom:24px;margin-top:16px;margin-left:0px;margin-right:0px\"><img decoding=\"async\" style=\"width:100%\" width=\"100%\" src=\"https:\/\/d2qc09rl1gfuof.cloudfront.net\/product\/SLKYJCBKZD00X0T74\/fishing-cart-a100-1.11.jpg\" slate-data-type=\"image\"\/><\/div>\n<\/div>\n<\/div>\n<\/div>\n<\/div>\n<\/div>\n<div class=\"detailmodule_dynamic\"><kse:widget data-widget-type=\"customText\" id=\"1005000000397265\" type=\"custom\"><\/kse:widget><\/div>\n<p><\/p>","protected":false},"excerpt":{"rendered":"<p>Hign-concerned Chemical:&nbsp;None Origin:&nbsp;Mainland China Model Number:&nbsp;YK-500 Load Capacity:&nbsp;500 lbs\/226.79 kg Brand Name:&nbsp;VEVOR Brand:&nbsp;VEVOR Item Weight:&nbsp;44.53 lbs\/20.2 kg Maximum Weight Capacity:&nbsp;500 lbs\/226.79 kg Wheel Size:&nbsp;12 in\/305 mm (13 in\/330 mm after<\/p>","protected":false},"featured_media":25393,"comment_status":"open","ping_status":"closed","template":"","meta":{"_acf_changed":false},"product_brand":[],"product_cat":[523],"product_tag":[],"class_list":{"0":"post-25391","1":"product","2":"type-product","3":"status-publish","4":"has-post-thumbnail","6":"product_cat-bike-trailers-and-wagons","8":"first","9":"instock","10":"shipping-taxable","11":"purchasable","12":"product-type-simple"},"acf":[],"_links":{"self":[{"href":"https:\/\/www.electricstore.eu\/lv\/wp-json\/wp\/v2\/product\/25391","targetHints":{"allow":["GET"]}}],"collection":[{"href":"https:\/\/www.electricstore.eu\/lv\/wp-json\/wp\/v2\/product"}],"about":[{"href":"https:\/\/www.electricstore.eu\/lv\/wp-json\/wp\/v2\/types\/product"}],"replies":[{"embeddable":true,"href":"https:\/\/www.electricstore.eu\/lv\/wp-json\/wp\/v2\/comments?post=25391"}],"wp:featuredmedia":[{"embeddable":true,"href":"https:\/\/www.electricstore.eu\/lv\/wp-json\/wp\/v2\/media\/25393"}],"wp:attachment":[{"href":"https:\/\/www.electricstore.eu\/lv\/wp-json\/wp\/v2\/media?parent=25391"}],"wp:term":[{"taxonomy":"product_brand","embeddable":true,"href":"https:\/\/www.electricstore.eu\/lv\/wp-json\/wp\/v2\/product_brand?post=25391"},{"taxonomy":"product_cat","embeddable":true,"href":"https:\/\/www.electricstore.eu\/lv\/wp-json\/wp\/v2\/product_cat?post=25391"},{"taxonomy":"product_tag","embeddable":true,"href":"https:\/\/www.electricstore.eu\/lv\/wp-json\/wp\/v2\/product_tag?post=25391"}],"curies":[{"name":"wp","href":"https:\/\/api.w.org\/{rel}","templated":true}]}}