{"id":25347,"date":"2025-05-20T18:58:45","date_gmt":"2025-05-20T18:58:45","guid":{"rendered":"https:\/\/electricstore.eu\/p\/uncategorized\/vevor-18000lbs-electric-winch-car-truck-steel-cable-winch-with-85ft-wire-rope-wireless-remote-control-for-towing-off-road-suv\/"},"modified":"2025-05-20T19:00:25","modified_gmt":"2025-05-20T19:00:25","slug":"vevor-18000lbs-electric-winch-car-truck-steel-cable-winch-with-85ft-wire-rope-wireless-remote-control-for-towing-off-road-suv","status":"publish","type":"product","link":"https:\/\/www.electricstore.eu\/lv\/p\/o\/electric-winches\/vevor-18000lbs-electric-winch-car-truck-steel-cable-winch-with-85ft-wire-rope-wireless-remote-control-for-towing-off-road-suv\/","title":{"rendered":"VEVOR 18000 m\u0101rci\u0146u elektrisk\u0101 vin\u010da auto kravas automa\u0161\u012bnai ar t\u0113rauda tro\u0161u vin\u010du un 85 p\u0113du stiep\u013cu tro\u0161u bezvadu t\u0101lvad\u012bbas pulti bezce\u013cu SUV vilk\u0161anai"},"content":{"rendered":"<div class=\"product-specs-list-container\">\n<ul class=\"product-specs-list util-clearfix\">\n<li class=\"product-prop line-limit-length\"><span\n                                        class=\"property-title\">Augstas ba\u017eas izraiso\u0161a \u0137\u012bmiska viela:&nbsp;<\/span><span\n                                        class=\"property-desc line-limit-length\">Neviens<\/span>\n                            <\/li>\n<li class=\"product-prop line-limit-length\"><span\n                                        class=\"property-title\">Mode\u013ca numurs:&nbsp;<\/span><span\n                                        class=\"property-desc line-limit-length\">SEC16800T<\/span>\n                            <\/li>\n<li class=\"product-prop line-limit-length\"><span\n                                        class=\"property-title\">Izcelsme:&nbsp;<\/span><span\n                                        class=\"property-desc line-limit-length\">Kontinent\u0101l\u0101 \u0136\u012bna<\/span>\n                            <\/li>\n<li class=\"product-prop line-limit-length\"><span\n                                        class=\"property-title\">Z\u012bmola nosaukums:&nbsp;<\/span><span\n                                        class=\"property-desc line-limit-length\">VEVOR<\/span>\n                            <\/li>\n<li class=\"product-prop line-limit-length\"><span\n                                        class=\"property-title\">Tips:&nbsp;<\/span><span\n                                        class=\"property-desc line-limit-length\">Jauda<\/span>\n                            <\/li>\n<li class=\"product-prop line-limit-length\"><span\n                                        class=\"property-title\">Z\u012bmols:&nbsp;<\/span><span\n                                        class=\"property-desc line-limit-length\">VEVOR<\/span>\n                            <\/li>\n<li class=\"product-prop line-limit-length\"><span\n                                        class=\"property-title\">Materi\u0101ls:&nbsp;<\/span><span\n                                        class=\"property-desc line-limit-length\">Alum\u012bnija, t\u0113rauda, vara, plastmasas (PPS un PA u.c.) sakaus\u0113jums<\/span>\n                            <\/li>\n<li class=\"product-prop line-limit-length\"><span\n                                        class=\"property-title\">Nomin\u0101l\u0101 l\u012bnijas vilk\u0161anas jauda:&nbsp;<\/span><span\n                                        class=\"property-desc line-limit-length\">18\u00a0000 m\u0101rci\u0146u<\/span>\n                            <\/li>\n<li class=\"product-prop line-limit-length\"><span\n                                        class=\"property-title\">Kabe\u013ca materi\u0101ls:&nbsp;<\/span><span\n                                        class=\"property-desc line-limit-length\">T\u0113rauds, 19 dz\u012bslas<\/span>\n                            <\/li>\n<li class=\"product-prop line-limit-length\"><span\n                                        class=\"property-title\">Spriegums\/Zirgsp\u0113ki:&nbsp;<\/span><span\n                                        class=\"property-desc line-limit-length\">12 V l\u012bdzstr\u0101va\/5,7 ZS<\/span>\n                            <\/li>\n<li class=\"product-prop line-limit-length\"><span\n                                        class=\"property-title\">Neto svars:&nbsp;<\/span><span\n                                        class=\"property-desc line-limit-length\">96,8 m\u0101rci\u0146as\/43,9 kg<\/span>\n                            <\/li>\n<li class=\"product-prop line-limit-length\"><span\n                                        class=\"property-title\">Tips:&nbsp;<\/span><span\n                                        class=\"property-desc line-limit-length\">Elektrisk\u0101 vin\u010da<\/span>\n                            <\/li>\n<li class=\"product-prop line-limit-length\"><span\n                                        class=\"property-title\">T\u0101lvad\u012bbas pults:&nbsp;<\/span><span\n                                        class=\"property-desc line-limit-length\">Bezvadu + vadu t\u0101lvad\u012bbas pults<\/span>\n                            <\/li>\n<li class=\"product-prop line-limit-length\"><span\n                                        class=\"property-title\">Bezvadu t\u0101lvad\u012bbas pults att\u0101lums:&nbsp;<\/span><span\n                                        class=\"property-desc line-limit-length\">65,61 p\u0113das\/20 m<\/span>\n                            <\/li>\n<li class=\"product-prop line-limit-length\"><span\n                                        class=\"property-title\">Kabe\u013ca specifik\u0101cijas:&nbsp;<\/span><span\n                                        class=\"property-desc line-limit-length\">7\/16 collas x 85 p\u0113das\/1,1 x 2590,8 cm<\/span>\n                            <\/li>\n<\/ul><\/div>\n<div class=\"detailmodule_html\">\n<div class=\"detail-desc-decorate-richtext\">\n<div style=\"font-family:&quot;Open sans&quot;, Arial, Helvetica, sans-serif\">\n<div><img decoding=\"async\" style=\"width:100%\" width=\"100%\" src=\"https:\/\/d2qc09rl1gfuof.cloudfront.net\/vevor\/boutique-banner\/pc\/banner-en.jpg\" slate-data-type=\"image\"\/><\/div>\n<div>\n<div style=\"font-size:16px;font-weight:bold;text-align:center;color:rgb(34, 34, 34);margin:24px 0px;margin-bottom:24px;margin-top:24px;margin-left:0px;margin-right:0px\" align=\"center\">18\u00a0000 m\u0101rci\u0146u elektrisk\u0101 vin\u010da, p\u0101rvariet bezce\u013cu piedz\u012bvojumus ar p\u0101rliec\u012bbu<\/div>\n<div><img decoding=\"async\" style=\"width:100%\" width=\"100%\" src=\"https:\/\/d2qc09rl1gfuof.cloudfront.net\/product\/DDGSSJPYXWXYMXBC5\/electric-winch-a100-1.4-pt.jpg\" slate-data-type=\"image\"\/><\/div>\n<div style=\"font-size:14px;text-align:center;color:rgb(34, 34, 34);margin:16px 0px 24px;margin-bottom:24px;margin-top:16px;margin-left:0px;margin-right:0px\" align=\"center\">M\u016bsu \u012bpa\u0161i iztur\u012bgajai kravas automa\u0161\u012bnas vin\u010dai ir 18\u00a0000 m\u0101rci\u0146u (8\u00a0000 kg) vilk\u0161anas jauda un IP55 \u016bdensnecaurlaid\u012bbas klase, kas ir ide\u0101li piem\u0113rota j\u016bsu bezce\u013cu transportl\u012bdzek\u013cu vai SUV atbr\u012bvo\u0161anai no lip\u012bgiem dub\u013ciem vai stipra lietus. Ar 12\u00a0V l\u012bdzstr\u0101vas\/5,7\u00a0ZS vara motoru, 312,4:1 p\u0101rnesumu attiec\u012bbu un t\u0113rauda trosi j\u016bs vienm\u0113r esat gatavs.<\/div>\n<\/div>\n<div>\n<div style=\"margin:8px 0px;margin-bottom:8px;margin-top:8px;margin-left:0px;margin-right:0px\"><img decoding=\"async\" style=\"width:100%\" width=\"100%\" src=\"https:\/\/d2qc09rl1gfuof.cloudfront.net\/product\/DDGSSJPYXWXYMXBC5\/electric-winch-a100-2.2-pt.jpg\" slate-data-type=\"image\"\/><\/div>\n<div style=\"font-size:14px;text-align:center;color:rgb(34, 34, 34);margin:16px 0px 24px;margin-bottom:24px;margin-top:16px;margin-left:0px;margin-right:0px\" align=\"center\">M\u016bsu elektrisko vin\u010du darbina jaud\u012bgs 12\u00a0V l\u012bdzstr\u0101vas\/5,7\u00a0ZS vara motors, kas vienm\u0113r nodro\u0161ina past\u0101v\u012bgu un efekt\u012bvu jaudu. Pateicoties uzlabotajai plan\u0113tu p\u0101rnesumu sist\u0113mai un 312,4:1 p\u0101rnesumskaitlim, j\u016bs baud\u012bsiet vienm\u0113r\u012bgu un uzticamu troses vilk\u0161anas sp\u0113ju pat skarbos laika apst\u0101k\u013cos vai dzi\u013cos dub\u013cos.<\/div>\n<\/div>\n<div>\n<div style=\"margin:8px 0px;margin-bottom:8px;margin-top:8px;margin-left:0px;margin-right:0px\"><img decoding=\"async\" style=\"width:100%\" width=\"100%\" src=\"https:\/\/d2qc09rl1gfuof.cloudfront.net\/product\/DDGSSJPYXWXYMXBC5\/electric-winch-a100-2.3-pt.jpg\" slate-data-type=\"image\"\/><\/div>\n<div style=\"font-size:14px;text-align:center;color:rgb(34, 34, 34);margin:16px 0px 24px;margin-bottom:24px;margin-top:16px;margin-left:0px;margin-right:0px\" align=\"center\">M\u016bsu elektrisk\u0101 vin\u010da kravas automa\u0161\u012bnai ir izstr\u0101d\u0101ta ar augstas kvalit\u0101tes trosi, kurai uz p\u0113d\u0113jiem 5 ru\u013c\u013ciem ir sarkanas atz\u012bmes papildu dro\u0161\u012bbai. Tai ir IP55 \u016bdensnecaurlaid\u012bbas klase un iztur\u012bga melna mat\u0113ta apdare, t\u0101p\u0113c t\u0101 bez aiz\u0137er\u0161an\u0101s iztur sp\u0113c\u012bgu lietu un skarbus apst\u0101k\u013cus.<\/div>\n<\/div>\n<div>\n<div style=\"margin:8px 0px;margin-bottom:8px;margin-top:8px;margin-left:0px;margin-right:0px\"><img decoding=\"async\" style=\"width:100%\" width=\"100%\" src=\"https:\/\/d2qc09rl1gfuof.cloudfront.net\/product\/DDGSSJPYXWXYMXBC5\/electric-winch-a100-2.4-pt.jpg\" slate-data-type=\"image\"\/><\/div>\n<div style=\"font-size:14px;text-align:center;color:rgb(34, 34, 34);margin:16px 0px 24px;margin-bottom:24px;margin-top:16px;margin-left:0px;margin-right:0px\" align=\"center\">M\u016bsu kravas automa\u0161\u012bnas vin\u010das trose ir rad\u012bta, lai tiktu gal\u0101 ar sare\u017e\u0123\u012btiem izaicin\u0101jumiem, un t\u0101 ir iztur\u012bga pret skarbajiem elementiem un ekstrem\u0101l\u0101m temperat\u016br\u0101m, \u013caujot veikt da\u017e\u0101dus vilk\u0161anas uzdevumus ar nomin\u0101lo vilk\u0161anas jaudu, nepl\u012bstot. Turkl\u0101t, pateicoties skaidriem slodzes mar\u0137\u0113jumiem uz katra sl\u0101\u0146a, j\u016bs ieg\u016bstat gan izcilu materi\u0101la integrit\u0101ti, gan vilk\u0161anas dro\u0161\u012bbu.<\/div>\n<\/div>\n<div>\n<div style=\"margin:8px 0px;margin-bottom:8px;margin-top:8px;margin-left:0px;margin-right:0px\"><img decoding=\"async\" style=\"width:100%\" width=\"100%\" src=\"https:\/\/d2qc09rl1gfuof.cloudfront.net\/product\/DDGSSJPYXWXYMXBC5\/electric-winch-a100-2.5-pt.jpg\" slate-data-type=\"image\"\/><\/div>\n<div style=\"font-size:14px;text-align:center;color:rgb(34, 34, 34);margin:16px 0px 24px;margin-bottom:24px;margin-top:16px;margin-left:0px;margin-right:0px\" align=\"center\">M\u016bsu 12 voltu vin\u010dai ir kr\u0101su kod\u0113ti str\u0101vas kabe\u013ci \u0101trai un bez k\u013c\u016bd\u0101m uzst\u0101d\u012b\u0161anai. Bezvadu t\u0101lvad\u012bbas pults pal\u012bdz vad\u012bt transportl\u012bdzek\u013ca pa\u0161izgl\u0101b\u0161anas sist\u0113mu bez \u0161\u0137\u0113r\u0161\u013ciem 20 m r\u0101dius\u0101. M\u0113s pied\u0101v\u0101jam ar\u012b vadu t\u0101lvad\u012bbas pulti, kas sniedz jums visu nepiecie\u0161amo kontroli.<\/div>\n<\/div>\n<div style=\"margin:16px 0px 24px;margin-bottom:24px;margin-top:16px;margin-left:0px;margin-right:0px\"><\/div>\n<div style=\"margin:24px 0px;margin-bottom:24px;margin-top:24px;margin-left:0px;margin-right:0px\">\n<div style=\"font-size:16px;font-weight:bold;color:rgb(34, 34, 34);margin:24px 0px 16px;margin-bottom:16px;margin-top:24px;margin-left:0px;margin-right:0px\">Funkcijas un inform\u0101cija<\/div>\n<ul style=\"margin:16px 0px 24px;margin-bottom:24px;margin-top:16px;margin-left:0px;margin-right:0px\">\n<li style=\"font-size:14px;color:rgb(34, 34, 34)\">\n<p>J\u016bsu transportl\u012bdzek\u013ca rezerves jauda: M\u016bsu jaud\u012bg\u0101 elektrisk\u0101 vin\u010da, kas \u012bpa\u0161i izstr\u0101d\u0101ta evaku\u0101cijai bezce\u013cos, palielina troses vilk\u0161anas jaudu l\u012bdz 18\u00a0000 m\u0101rci\u0146\u0101m. Kad j\u016bsu transportl\u012bdzeklis iestr\u0113gst dub\u013cos vai non\u0101k lietusg\u0101z\u0113, \u0161\u012b vin\u010da nodro\u0161ina papildu piedzi\u0146u, kas nepiecie\u0161ama, lai \u0101tri atgrieztos uz pareiz\u0101 ce\u013ca. T\u0101 ir paredz\u0113ta ne tikai bezce\u013cu transportl\u012bdzek\u013ciem un SUV, bet ar\u012b lieliski piem\u0113rota smagu kravu, piem\u0113ram, kokmateri\u0101lu, p\u0101rvad\u0101\u0161anai. P\u0101rvariet jebkuru \u0161\u0137\u0113rsli ar p\u0101rliec\u012bbu un jaudu!<\/p>\n<\/li>\n<li style=\"font-size:14px;color:rgb(34, 34, 34)\">\n<p>Jauda, kas izved\u012bs j\u016bs no jebkura sastr\u0113guma: M\u016bsu kravas automa\u0161\u012bnas vin\u010du darbina 12 V l\u012bdzstr\u0101vas\/5,7 ZS vara motors, kas nodro\u0161ina past\u0101v\u012bgu jaudu, kad t\u0101 visvair\u0101k nepiecie\u0161ama. Apr\u012bkota ar modernu 3 pak\u0101pju plan\u0113tu p\u0101rnesumu sist\u0113mu un 312,4:1 p\u0101rnesumskaitli, \u0161\u012b vin\u010da nodro\u0161ina jaud\u012bgu vilk\u0161anas jaudu pat skarbos laikapst\u0101k\u013cos un dzi\u013cos dub\u013cos. Esiet gatavi p\u0101rvar\u0113t jebkuru izaicin\u0101jumu ar p\u0101rliec\u012bbu!<\/p>\n<\/li>\n<li style=\"font-size:14px;color:rgb(34, 34, 34)\">\n<p>Iztur\u012bga t\u0113rauda trose: Izbaudiet iztur\u012bgu veiktsp\u0113ju ar m\u016bsu 19 pavedienu iztur\u012bgo t\u0113rauda trosi. \u0160\u012b t\u0113rauda trose ir izstr\u0101d\u0101ta, lai iztur\u0113tu skarbus laikapst\u0101k\u013cus un bargu temperat\u016bru, un t\u0101 ir iztur\u012bga, lai p\u0101rvar\u0113tu jebkuru izaicin\u0101jumu. Turkl\u0101t spilgti sarkanie mar\u0137\u0113jumi uz p\u0113d\u0113jiem 5 ru\u013c\u013ciem nodro\u0161ina \u0113rtu redzam\u012bbu, nodro\u0161inot dro\u0161\u012bbu un iztur\u012bbu neatkar\u012bgi no darba sare\u017e\u0123\u012bt\u012bbas.<\/p>\n<\/li>\n<li style=\"font-size:14px;color:rgb(34, 34, 34)\">\n<p>Lieto\u0161anas vienk\u0101r\u0161\u012bba, bezprobl\u0113mu darb\u012bba: m\u016bsu 12 voltu vin\u010da pied\u0101v\u0101 gan bezvadu, gan vadu t\u0101lvad\u012bbas pults iesp\u0113jas atbilsto\u0161i j\u016bsu vajadz\u012bb\u0101m. Viegli lietojam\u0101 bezvadu t\u0101lvad\u012bbas pults \u013cauj bez piep\u016bles vad\u012bt transportl\u012bdzek\u013ca evaku\u0101ciju 20 m r\u0101dius\u0101, savuk\u0101rt vadu t\u0101lvad\u012bbas pults nodro\u0161ina uzticamu alternat\u012bvu prec\u012bzai, manu\u0101lai vad\u012bbai. Izbaudiet elast\u012bbu un \u0113rt\u012bbas ar abiem vad\u012bbas re\u017e\u012bmiem, lai transportl\u012bdzek\u013ca evaku\u0101cija b\u016btu p\u0113c iesp\u0113jas vienm\u0113r\u012bg\u0101ka.<\/p>\n<\/li>\n<li style=\"font-size:14px;color:rgb(34, 34, 34)\">\n<p>Mier\u012bgs pr\u0101ts. Vilk\u0161anas veiktsp\u0113ja: Skarbi laikapst\u0101k\u013ci? Nav probl\u0113mu! M\u016bsu elektrisk\u0101 vin\u010da ir izgatavota ar IP55 \u016bdensnecaurlaid\u012bbas pak\u0101pi un gludu melnu mat\u0113tu apdari, kas uzlabo iztur\u012bbu pret r\u016bsu un izol\u0101ciju. T\u0101 ir gatava tikt gal\u0101 ar sp\u0113c\u012bgu lietu, dub\u013ciem vai citiem skarbiem apst\u0101k\u013ciem. Kr\u0101su kod\u0113ti str\u0101vas kabe\u013ci un viegli izpild\u0101mas instrukcijas noz\u012bm\u0113, ka j\u016bs var\u0113siet to uzst\u0101d\u012bt bez aiz\u0137er\u0161an\u0101s, lai j\u016bs var\u0113tu atgriezties pie brauciena baud\u012b\u0161anas.<\/p>\n<\/li>\n<\/ul>\n<\/div>\n<div>\n<div>\n<div style=\"margin:16px 0px 24px;margin-bottom:24px;margin-top:16px;margin-left:0px;margin-right:0px\"><img decoding=\"async\" style=\"width:100%\" width=\"100%\" src=\"https:\/\/d2qc09rl1gfuof.cloudfront.net\/product\/DDGSSJPYXWXYMXBC5\/electric-winch-a100-1.11-pt.jpg\" slate-data-type=\"image\"\/><\/div>\n<\/div>\n<\/div>\n<\/div>\n<\/div>\n<\/div>\n<p><\/p>","protected":false},"excerpt":{"rendered":"<p>Hign-concerned Chemical:&nbsp;None Model Number:&nbsp;SEC16800T Origin:&nbsp;Mainland China Brand Name:&nbsp;VEVOR Type:&nbsp;Power Brand:&nbsp;VEVOR Material:&nbsp;Alloy Aluminum, Steel, Copper, Plastic (PPS and PA, etc.) Rated Line Pull Capacity:&nbsp;18000 lbs Cable Material:&nbsp;Steel, 19 Strands Voltage\/Horsepower:&nbsp;12V DC\/5.7<\/p>","protected":false},"featured_media":25348,"comment_status":"open","ping_status":"closed","template":"","meta":{"_acf_changed":false},"product_brand":[],"product_cat":[522],"product_tag":[],"class_list":{"0":"post-25347","1":"product","2":"type-product","3":"status-publish","4":"has-post-thumbnail","6":"product_cat-electric-winches","8":"first","9":"instock","10":"shipping-taxable","11":"purchasable","12":"product-type-variable"},"acf":[],"_links":{"self":[{"href":"https:\/\/www.electricstore.eu\/lv\/wp-json\/wp\/v2\/product\/25347","targetHints":{"allow":["GET"]}}],"collection":[{"href":"https:\/\/www.electricstore.eu\/lv\/wp-json\/wp\/v2\/product"}],"about":[{"href":"https:\/\/www.electricstore.eu\/lv\/wp-json\/wp\/v2\/types\/product"}],"replies":[{"embeddable":true,"href":"https:\/\/www.electricstore.eu\/lv\/wp-json\/wp\/v2\/comments?post=25347"}],"wp:featuredmedia":[{"embeddable":true,"href":"https:\/\/www.electricstore.eu\/lv\/wp-json\/wp\/v2\/media\/25348"}],"wp:attachment":[{"href":"https:\/\/www.electricstore.eu\/lv\/wp-json\/wp\/v2\/media?parent=25347"}],"wp:term":[{"taxonomy":"product_brand","embeddable":true,"href":"https:\/\/www.electricstore.eu\/lv\/wp-json\/wp\/v2\/product_brand?post=25347"},{"taxonomy":"product_cat","embeddable":true,"href":"https:\/\/www.electricstore.eu\/lv\/wp-json\/wp\/v2\/product_cat?post=25347"},{"taxonomy":"product_tag","embeddable":true,"href":"https:\/\/www.electricstore.eu\/lv\/wp-json\/wp\/v2\/product_tag?post=25347"}],"curies":[{"name":"wp","href":"https:\/\/api.w.org\/{rel}","templated":true}]}}