{"id":25293,"date":"2025-05-20T18:58:30","date_gmt":"2025-05-20T18:58:30","guid":{"rendered":"https:\/\/electricstore.eu\/p\/uncategorized\/vevor-1100lbs-1500w-electric-hoist-winch-3-in-1-portable-power-winch-crane-with-wireless-remote-control-for-overload-protection\/"},"modified":"2025-05-20T18:59:22","modified_gmt":"2025-05-20T18:59:22","slug":"vevor-1100lbs-1500w-electric-hoist-winch-3-in-1-portable-power-winch-crane-with-wireless-remote-control-for-overload-protection","status":"publish","type":"product","link":"https:\/\/www.electricstore.eu\/lv\/p\/o\/electric-lifting-hoists\/vevor-1100lbs-1500w-electric-hoist-winch-3-in-1-portable-power-winch-crane-with-wireless-remote-control-for-overload-protection\/","title":{"rendered":"VEVOR 1100 m\u0101rci\u0146u 1500 W elektrisk\u0101 pac\u0113l\u0101ja vin\u010da 3-in-1 p\u0101rn\u0113s\u0101jama jaudas vin\u010das celtnis ar bezvadu t\u0101lvad\u012bbas pulti p\u0101rslodzes aizsardz\u012bbai"},"content":{"rendered":"<div class=\"product-specs-list-container\">\n<ul class=\"product-specs-list util-clearfix\">\n<li class=\"product-prop line-limit-length\"><span\n                                        class=\"property-title\">Augstas ba\u017eas izraiso\u0161a \u0137\u012bmiska viela:&nbsp;<\/span><span\n                                        class=\"property-desc line-limit-length\">Neviens<\/span>\n                            <\/li>\n<li class=\"product-prop line-limit-length\"><span\n                                        class=\"property-title\">Izcelsme:&nbsp;<\/span><span\n                                        class=\"property-desc line-limit-length\">Kontinent\u0101l\u0101 \u0136\u012bna<\/span>\n                            <\/li>\n<li class=\"product-prop line-limit-length\"><span\n                                        class=\"property-title\">Z\u012bmola nosaukums:&nbsp;<\/span><span\n                                        class=\"property-desc line-limit-length\">VEVOR<\/span>\n                            <\/li>\n<\/ul><\/div>\n<p><\/p>\n<div class=\"detailmodule_html\">\n<div class=\"detail-desc-decorate-richtext\">\n<div style=\"font-family:&quot;Open sans&quot;, Arial, Helvetica, sans-serif\">\n<div style=\"font-family:&quot;Open sans&quot;, Arial, Helvetica, sans-serif\"><img decoding=\"async\" style=\"width:100%\" width=\"100%\" src=\"https:\/\/d2qc09rl1gfuof.cloudfront.net\/vevor\/boutique-banner\/pc\/banner-en.jpg\" slate-data-type=\"image\"\/><\/div>\n<div style=\"font-family:&quot;Open sans&quot;, Arial, Helvetica, sans-serif\">\n<div style=\"font-size:16px;font-weight:bold;text-align:center;color:rgb(34, 34, 34);margin:24px 0px;margin-bottom:24px;margin-top:24px;margin-left:0px;margin-right:0px\" align=\"center\">VEVOR p\u0101rn\u0113s\u0101jam\u0101 elektrisk\u0101 pac\u0113l\u0101ja vin\u010da<\/div>\n<div><img decoding=\"async\" style=\"width:100%\" width=\"100%\" src=\"https:\/\/d2qc09rl1gfuof.cloudfront.net\/product\/BXSDDHL1100BE27PC\/electric-hoist-a100-1.4.jpg\" slate-data-type=\"image\"\/><\/div>\n<div style=\"font-size:14px;text-align:center;color:rgb(34, 34, 34);margin:16px 0px 24px;margin-bottom:24px;margin-top:16px;margin-left:0px;margin-right:0px\" align=\"center\">M\u016bsu elektrisk\u0101 pac\u0113l\u0101ja vin\u010da ir \u0113rta. Satveriet to, pievienojiet, un j\u016bs varat pacelt! Neatkar\u012bgi no t\u0101, vai atrodaties telp\u0101s vai \u0101r\u0101, t\u0101 viegli tiek gal\u0101 ar krav\u0101m l\u012bdz 530 kg.<\/div>\n<\/div>\n<div style=\"font-family:&quot;Open sans&quot;, Arial, Helvetica, sans-serif\">\n<div>\u00a0<\/div>\n<div style=\"margin:8px 0px;margin-bottom:8px;margin-top:8px;margin-left:0px;margin-right:0px\"><img decoding=\"async\" style=\"width:100%\" width=\"100%\" src=\"https:\/\/d2qc09rl1gfuof.cloudfront.net\/product\/BXSDDHL1100BE27PC\/electric-hoist-a100-2.2.jpg\" slate-data-type=\"image\"\/><\/div>\n<div style=\"font-size:14px;text-align:center;color:rgb(34, 34, 34);margin:16px 0px 24px;margin-bottom:24px;margin-top:16px;margin-left:0px;margin-right:0px\" align=\"center\">Izv\u0113lieties vienu no 3 vad\u012bbas iesp\u0113j\u0101m ar m\u016bsu p\u0101rn\u0113s\u0101jamo elektrisko vin\u010du. P\u0101rejiet uz manu\u0101lo re\u017e\u012bmu \u0101tru uzdevumu veik\u0161anai tuvum\u0101, p\u0101rsl\u0113dzieties uz 19 p\u0113du vadu t\u0101lvad\u012bbas pulti vid\u0113ja att\u0101luma darbiem vai izmantojiet m\u016bsu 200 p\u0113du bezvadu vad\u012bbas ier\u012bces sniegto br\u012bv\u012bbu.<\/div>\n<\/div>\n<div style=\"font-family:&quot;Open sans&quot;, Arial, Helvetica, sans-serif\">\n<div>\u00a0<\/div>\n<div style=\"margin:8px 0px;margin-bottom:8px;margin-top:8px;margin-left:0px;margin-right:0px\"><img decoding=\"async\" style=\"width:100%\" width=\"100%\" src=\"https:\/\/d2qc09rl1gfuof.cloudfront.net\/product\/BXSDDHL1100BE27PC\/electric-hoist-a100-2.3.jpg\" slate-data-type=\"image\"\/><\/div>\n<div style=\"font-size:14px;text-align:center;color:rgb(34, 34, 34);margin:16px 0px 24px;margin-bottom:24px;margin-top:16px;margin-left:0px;margin-right:0px\" align=\"center\">Uzlabojiet efektivit\u0101ti ar m\u016bsu jaudas vin\u010das celt\u0146a augst\u0101k\u0101s kvalit\u0101tes vara motoru un alum\u012bnija p\u0101rnesumk\u0101rbu. Runa nav tikai par jaudu \u2014 t\u0101 ir aptuveni 1500 W vienm\u0113r\u012bga, v\u0113sas darb\u012bbas jauda, kas ir ide\u0101li piem\u0113rota ilg\u0101m cel\u0161anas sesij\u0101m.<\/div>\n<\/div>\n<div style=\"font-family:&quot;Open sans&quot;, Arial, Helvetica, sans-serif\">\n<div>\u00a0<\/div>\n<div style=\"margin:8px 0px;margin-bottom:8px;margin-top:8px;margin-left:0px;margin-right:0px\"><img decoding=\"async\" style=\"width:100%\" width=\"100%\" src=\"https:\/\/d2qc09rl1gfuof.cloudfront.net\/product\/BXSDDHL1100BE27PC\/electric-hoist-a100-2.4.jpg\" slate-data-type=\"image\"\/><\/div>\n<div style=\"font-size:14px;text-align:center;color:rgb(34, 34, 34);margin:16px 0px 24px;margin-bottom:24px;margin-top:16px;margin-left:0px;margin-right:0px\" align=\"center\">Ar m\u016bsu elektrisk\u0101s pac\u0113l\u0101ja trosi esam paveiku\u0161i v\u0113l vair\u0101k. \u0160eit nav nek\u0101du parastu vijumu \u2014 m\u016bsu biez\u0101, cinkot\u0101 t\u0113rauda stiep\u013cu trose ir paredz\u0113ta stabilit\u0101tei un dro\u0161\u012bbai, nodro\u0161inot, ka j\u016bsu kravas tiek paceltas bez aiz\u0137er\u0161an\u0101s.<\/div>\n<\/div>\n<div style=\"font-family:&quot;Open sans&quot;, Arial, Helvetica, sans-serif\">\n<div>\u00a0<\/div>\n<div style=\"margin:8px 0px;margin-bottom:8px;margin-top:8px;margin-left:0px;margin-right:0px\"><img decoding=\"async\" style=\"width:100%\" width=\"100%\" src=\"https:\/\/d2qc09rl1gfuof.cloudfront.net\/product\/BXSDDHL1100BE27PC\/electric-hoist-a100-2.5.jpg\" slate-data-type=\"image\"\/><\/div>\n<div style=\"font-size:14px;text-align:center;color:rgb(34, 34, 34);margin:16px 0px 24px;margin-bottom:24px;margin-top:16px;margin-left:0px;margin-right:0px\" align=\"center\">Iek\u0161telp\u0101s, \u0101r\u0101, augstum\u0101 vai p\u0101ri \u2014 m\u016bsu p\u0101rn\u0113s\u0101jam\u0101 vin\u010da ir j\u016bsu izv\u0113le, lai bez piep\u016bles p\u0101rvietotu jebko un jebkur. Atvadieties no apgr\u016btino\u0161\u0101 darba un sveiciniet vieglu cel\u0161anu.<\/div>\n<\/div>\n<div style=\"margin:16px 0px 24px;margin-bottom:24px;margin-top:16px;margin-left:0px;margin-right:0px\"><\/div>\n<div style=\"margin:24px 0px;margin-bottom:24px;margin-top:24px;margin-left:0px;margin-right:0px\">\n<div style=\"font-size:16px;font-weight:bold;color:rgb(34, 34, 34);margin:24px 0px 16px;margin-bottom:16px;margin-top:24px;margin-left:0px;margin-right:0px\">Funkcijas un inform\u0101cija<\/div>\n<ul style=\"margin:16px 0px 24px;margin-bottom:24px;margin-top:16px;margin-left:0px;margin-right:0px\">\n<li style=\"font-size:14px;color:rgb(34, 34, 34)\">\n<p>3\u00a0vien\u0101 vad\u012bbas metodes: Iepaz\u012bstieties ar m\u016bsu daudzpus\u012bgo elektrisko pac\u0113l\u0101ju ar 3\u00a0vad\u012bbas re\u017e\u012bmiem. Praktiski izm\u0113\u0123iniet manu\u0101lo vad\u012bbu \u0101trai vilk\u0161anai neliel\u0101 att\u0101lum\u0101. 19\u00a0p\u0113du (5,8\u00a0m) vadu t\u0101lvad\u012bbas pults ir j\u016bsu uzticamais pal\u012bgs smagu kravu cel\u0161anai tuvum\u0101. Vai ar\u012b paceliet kravu t\u0101l\u0101k ar m\u016bsu 200\u00a0p\u0113du (61,8\u00a0m) bezvadu t\u0101lvad\u012bbas pulti\u00a0\u2014 ide\u0101li piem\u0113rota augstcelt\u0146u darbiem. PIEZ\u012aME: Pirmaj\u0101 lieto\u0161anas reiz\u0113 nedarbiniet pac\u0113l\u0101ju bez slodzes!<\/p>\n<\/li>\n<li style=\"font-size:14px;color:rgb(34, 34, 34)\">\n<p>200 p\u0113du bezvadu t\u0101lvad\u012bbas pults: M\u016bsu elektrisk\u0101s pac\u0113l\u0101ja vin\u010das bezvadu t\u0101lvad\u012bbas pults sasniedz iespaid\u012bgu 200 p\u0113du att\u0101lumu. Ar diviem iek\u013cautiem kontrolieriem (un iesp\u0113ju pievienot v\u0113l tr\u012bs) komandas cel\u0161ana nekad nav bijusi tik vienk\u0101r\u0161a. Neatkar\u012bgi no t\u0101, vai t\u0101 ir dzin\u0113ju cel\u0161ana vai pre\u010du cel\u0161ana noliktav\u0101s, m\u0113s par\u016bp\u0113simies par jums augstiem un t\u0101liem uzdevumiem.<\/p>\n<\/li>\n<li style=\"font-size:14px;color:rgb(34, 34, 34)\">\n<p>1500 W liela jauda: iesl\u0113dziet m\u016bsu p\u0101rn\u0113s\u0101jam\u0101s elektrisk\u0101s vin\u010das 1500 W motoru \u2014 sp\u0113ka un \u0101truma l\u012bdzsvars. Pace\u013cot ar \u0101trumu l\u012bdz 13 p\u0113d\u0101m min\u016bt\u0113 un sasniedzot 22,9 p\u0113du augstumu, \u0161\u012b vin\u010da ir apr\u012bkota ar efekt\u012bvu jaudu. Turkl\u0101t m\u016bsu v\u0113s\u0101 darba p\u0101rnesumk\u0101rba noz\u012bm\u0113, ka esat gatavs ilgam un iztur\u012bgam p\u0101rvad\u0101jumam.<\/p>\n<\/li>\n<li style=\"font-size:14px;color:rgb(34, 34, 34)\">\n<p>Avi\u0101cijas un kosmosa kvalit\u0101tes materi\u0101ls: Iztur\u012bba apvienojas ar izsmalcin\u0101t\u012bbu, pateicoties m\u016bsu jaudas vin\u010das celt\u0146a kosmosa kvalit\u0101tes cinkotajam t\u0113rauda stiep\u013cu trosei. Atvadieties no samezglojumiem un mud\u017eek\u013ciem un sveiciniet iztur\u012bbu, kas var iztur\u0113t stiepes iztur\u012bbu l\u012bdz 1520 MPa. Svar\u012bg\u0101kais ir cel\u0161ana ar p\u0101rliec\u012bbu un sirdsmieru.<\/p>\n<\/li>\n<li style=\"font-size:14px;color:rgb(34, 34, 34)\">\n<p>Augstas iztur\u012bbas pacel\u0161anas \u0101\u0137is: M\u016bsu p\u0101rn\u0113s\u0101jam\u0101s vin\u010das augstas iztur\u012bbas pacel\u0161anas \u0101\u0137is maina sp\u0113les noteikumus. Tas sp\u0113j pacelt l\u012bdz 500 kg, t\u0101p\u0113c ir \u013coti iztur\u012bgs. Ar 360\u00b0 rot\u0101ciju un iztur\u012bgu dro\u0161\u012bbas fiksatoru j\u016bsu kravas ir dro\u0161as un manevr\u0113jamas. T\u0101p\u0113c uz priek\u0161u, paceliet govi (vai jebko citu) ar vieglumu!<\/p>\n<\/li>\n<\/ul>\n<\/div>\n<div>\n<div>\u00a0<\/div>\n<div>\n<div>\u00a0<\/div>\n<div style=\"margin:16px 0px 24px;margin-bottom:24px;margin-top:16px;margin-left:0px;margin-right:0px\"><strong>500-A manu\u0101lais\/vadu\/bezvadu<\/strong><\/div>\n<div style=\"margin:16px 0px 24px;margin-bottom:24px;margin-top:16px;margin-left:0px;margin-right:0px\"><img decoding=\"async\" style=\"width:100%\" width=\"100%\" src=\"https:\/\/d2qc09rl1gfuof.cloudfront.net\/product\/BXSDDHL1100BE27PC\/electric-hoist-a100-1.11.jpg\" slate-data-type=\"image\"\/><\/div>\n<\/div>\n<\/div>\n<div style=\"font-family:&quot;Open sans&quot;, Arial, Helvetica, sans-serif\">\n<div>\u00a0<\/div>\n<div>\n<div style=\"margin:16px 0px 24px;margin-bottom:24px;margin-top:16px;margin-left:0px;margin-right:0px\"><span style=\"font-family:&quot;Microsoft YaHei&quot;\"><span style=\"font-family:&quot;Open sans&quot;, Arial, Helvetica, sans-serif\"><strong>500-B <\/strong><\/span><\/span><span style=\"font-family:&quot;Microsoft YaHei&quot;\"><strong>Manu\u0101li\/Bezvadu<\/strong><\/span><\/div>\n<div style=\"margin:16px 0px 24px;margin-bottom:24px;margin-top:16px;margin-left:0px;margin-right:0px\"><img decoding=\"async\" style=\"width:100%\" width=\"100%\" src=\"https:\/\/d2qc09rl1gfuof.cloudfront.net\/product\/BXSDDHL1100BF7XB2\/electric-hoist-a100-1.11.jpg\" slate-data-type=\"image\"\/><\/div>\n<\/div>\n<\/div>\n<div style=\"font-family:&quot;Open sans&quot;, Arial, Helvetica, sans-serif\">\n<div>\u00a0<\/div>\n<div>\n<div style=\"margin:16px 0px 24px;margin-bottom:24px;margin-top:16px;margin-left:0px;margin-right:0px\"><span style=\"font-family:&quot;Microsoft YaHei&quot;\"><span style=\"font-family:&quot;Open sans&quot;, Arial, Helvetica, sans-serif\"><strong>500-C <\/strong><\/span><\/span><span style=\"font-family:&quot;Microsoft YaHei&quot;\"><strong>Manu\u0101ls\/vadu<\/strong><\/span><\/div>\n<div style=\"margin:16px 0px 24px;margin-bottom:24px;margin-top:16px;margin-left:0px;margin-right:0px\"><img decoding=\"async\" style=\"width:100%\" width=\"100%\" src=\"https:\/\/d2qc09rl1gfuof.cloudfront.net\/product\/BXSDDHL1100BSJQDB\/electric-hoist-a100-1.11.jpg\" slate-data-type=\"image\"\/><\/div>\n<\/div>\n<\/div>\n<\/div>\n<p><\/div>\n<\/div>\n<p><\/p>","protected":false},"excerpt":{"rendered":"<p>Hign-concerned Chemical:&nbsp;None Origin:&nbsp;Mainland China Brand Name:&nbsp;VEVOR VEVOR Portable Electric Hoist Winch Our electric hoist winch is all about convenience. Grab it, plug it, and you&#x27;re set to lift! Whether you&#x27;re<\/p>","protected":false},"featured_media":25294,"comment_status":"open","ping_status":"closed","template":"","meta":{"_acf_changed":false},"product_brand":[],"product_cat":[517],"product_tag":[],"class_list":{"0":"post-25293","1":"product","2":"type-product","3":"status-publish","4":"has-post-thumbnail","6":"product_cat-electric-lifting-hoists","8":"first","9":"instock","10":"shipping-taxable","11":"purchasable","12":"product-type-variable"},"acf":[],"_links":{"self":[{"href":"https:\/\/www.electricstore.eu\/lv\/wp-json\/wp\/v2\/product\/25293","targetHints":{"allow":["GET"]}}],"collection":[{"href":"https:\/\/www.electricstore.eu\/lv\/wp-json\/wp\/v2\/product"}],"about":[{"href":"https:\/\/www.electricstore.eu\/lv\/wp-json\/wp\/v2\/types\/product"}],"replies":[{"embeddable":true,"href":"https:\/\/www.electricstore.eu\/lv\/wp-json\/wp\/v2\/comments?post=25293"}],"wp:featuredmedia":[{"embeddable":true,"href":"https:\/\/www.electricstore.eu\/lv\/wp-json\/wp\/v2\/media\/25294"}],"wp:attachment":[{"href":"https:\/\/www.electricstore.eu\/lv\/wp-json\/wp\/v2\/media?parent=25293"}],"wp:term":[{"taxonomy":"product_brand","embeddable":true,"href":"https:\/\/www.electricstore.eu\/lv\/wp-json\/wp\/v2\/product_brand?post=25293"},{"taxonomy":"product_cat","embeddable":true,"href":"https:\/\/www.electricstore.eu\/lv\/wp-json\/wp\/v2\/product_cat?post=25293"},{"taxonomy":"product_tag","embeddable":true,"href":"https:\/\/www.electricstore.eu\/lv\/wp-json\/wp\/v2\/product_tag?post=25293"}],"curies":[{"name":"wp","href":"https:\/\/api.w.org\/{rel}","templated":true}]}}